{"id":9455,"date":"2025-07-01T13:25:33","date_gmt":"2025-07-01T11:25:33","guid":{"rendered":"https:\/\/www.alpha-gefahrgut-consulting.de\/?page_id=9455"},"modified":"2025-07-01T15:45:07","modified_gmt":"2025-07-01T13:45:07","slug":"iata-refresher","status":"publish","type":"page","link":"https:\/\/www.alpha-gefahrgut-consulting.de\/index.php\/iata-refresher\/","title":{"rendered":"IATA Refresher"},"content":{"rendered":"<h1><span style=\"font-family: Arial, sans-serif;\"><span style=\"color: #000080;\"><b>IATA Refresher<\/b><\/span><\/span><\/h1>\n<p><span style=\"font-family: Arial, sans-serif;\"><span style=\"color: #000080;\"><b>GEFAHRGUT REFRESHER SCHULUNGEN F\u00dcR DEN LUFTVERKEHR<br \/>\nLBA-anerkannt, nach CBTA, ICAO-TI, IATA-DGR<\/b><\/span><br \/>\n<\/span><span style=\"font-family: Arial, sans-serif;\"><em>(&#8222;IATA REFRESHER&#8220;)<\/em><\/span><\/p>\n<hr \/>\n<h2><span style=\"color: #000080;\"><strong>Schnell\u00fcbersicht IATA Refresher<\/strong><\/span><\/h2>\n<p>Eine <span style=\"color: #ff0000;\"><a style=\"color: #ff0000;\" href=\"https:\/\/www.alpha-gefahrgut-consulting.de\/index.php\/iata-gefahrgutschulungen-schnelluebersicht\/\"><strong>Schnell\u00fcbersicht<\/strong><\/a><\/span>\u00a0 \u00fcber \u00f6ffentlich buchbare Refresher-Schulungen.<br \/>\n<span style=\"color: #000000;\"><strong>\u00dcber den obigen Link kommen Sie schnell zu den gesuchten Kursen.<\/strong><\/span><\/p>\n<hr \/>\n<figure id=\"attachment_9481\" aria-describedby=\"caption-attachment-9481\" style=\"width: 748px\" class=\"wp-caption alignnone\"><img loading=\"lazy\" decoding=\"async\" class=\"size-full wp-image-9481\" src=\"https:\/\/www.alpha-gefahrgut-consulting.de\/wp-content\/uploads\/2025\/07\/IATA-Refresher-Gefahrgut-Alpha-Gefahrgut-Consulting.jpg\" alt=\"\" width=\"748\" height=\"466\" srcset=\"https:\/\/www.alpha-gefahrgut-consulting.de\/wp-content\/uploads\/2025\/07\/IATA-Refresher-Gefahrgut-Alpha-Gefahrgut-Consulting.jpg 748w, https:\/\/www.alpha-gefahrgut-consulting.de\/wp-content\/uploads\/2025\/07\/IATA-Refresher-Gefahrgut-Alpha-Gefahrgut-Consulting-300x187.jpg 300w\" sizes=\"auto, (max-width: 706px) 89vw, (max-width: 767px) 82vw, 740px\" \/><figcaption id=\"caption-attachment-9481\" class=\"wp-caption-text\">Refresher Bar: IATA Refresher Gefahrgut bei Alpha Gefahrgut Consulting<\/figcaption><\/figure>\n<hr \/>\n<h2><span style=\"color: #000080;\"><strong>Ein &#8222;IATA Refresher&#8220; ist&#8230;<\/strong><\/span><\/h2>\n<p>eine <strong>Auffrischungs-Schulung<\/strong> f\u00fcr solches Personal, das einer expliziten <span style=\"color: #000080;\"><a style=\"color: #000080;\" href=\"https:\/\/www.alpha-gefahrgut-consulting.de\/index.php\/gefahrgut\/\">Gefahrgut<\/a><\/span>-Schulungsverpflichtung f\u00fcr den Luftverkehr nach CBTA, ICAO-TI \/ IATA-DGR unterliegt und bereits ein entsprechendes <strong>Zertifikat<\/strong> (Schulungsbescheinigung) h\u00e4lt.<br \/>\nEs ist also eine Wiederholungs-Schulung, die der Auffrischung und Aktualisierung der Kenntnisse dient. Die Auffrischungen sind im 2-Jahres-Tournus vorgeschrieben. Ein erworbenes Zertifikat hat also eine G\u00fcltigkeit von 2 Jahren.<br \/>\nDie Inhalte der Gefahrgut-Schulungen selbst richten sich dabei nach den Inhalten der beh\u00f6rdlichen ICAO-TI bzw. privatwirtschaftlichen<a href=\"https:\/\/www.alpha-gefahrgut-consulting.de\/index.php\/iata-dgr\/\"><span style=\"color: #000080;\"> IATA-DGR<\/span><\/a>. In Deutschland m\u00fcssen die Schulungen und Ausbilder vom <span style=\"color: #000080;\"><a style=\"color: #000080;\" href=\"https:\/\/www.lba.de\/DE\/Home\/home_node.html\">Luftfahrt-Bundesamt<\/a><\/span> anerkannt sein. Die hier angebotenen Schulungen der Alpha Gefahrgut Consulting erf\u00fcllen diese Bestimmungen. Alpha Gefahrgut Consulting ist seit \u00fcber 20 Jahren erfolgreich am Markt. Buchen Sie Ihren n\u00e4chsten Refresher doch bei uns!<\/p>\n<hr \/>\n<h2 style=\"text-align: left;\"><span style=\"color: #000080;\"><strong>Bereits seit 2020 als Online Schulung<\/strong><\/span><\/h2>\n<p>Bereits seit dem Jahr 2020 h\u00e4lt<strong> Alpha Gefahrgut Consulting<\/strong> die LBA-Anerkennung zur Durchf\u00fchrung von Online-Trainings (Videokonferenz im &#8218;virtual classroom&#8216;).<br \/>\nF\u00fcr unsere <span style=\"color: #000080;\"><a style=\"color: #000080;\" href=\"https:\/\/www.alpha-gefahrgut-consulting.de\/index.php\/iata-online-schulung\/\">Online-Schulungen<\/a><\/span> im virtuellen Schulungsraum k\u00f6nnen wir auf sehr gute Praxiserfahrungen verweisen.<br \/>\nAuch die praktischen \u00dcbungen und die amtlich anerkannte Abschlusspr\u00fcfung erfolgen im Virtual Classroom.<br \/>\n\u00dcber den vorgenannten Link k\u00f6nnen Sie mehr Details \u00fcber unsere Online-Refresher Schulungen (Web-Seminare) und unsere &#8217;smart-tools&#8216; erfahren. Auch ein Video (mit HiFi Sound) zur Technik unserer Online-Schulungen k\u00f6nnen Sie dort aufrufen.<br \/>\nUnd hier erfahren Sie etwas \u00fcber Ihren <span style=\"color: #000080;\"><a style=\"color: #000080;\" href=\"https:\/\/www.alpha-gefahrgut-consulting.de\/index.php\/iata-ausbilder\/\">Refresher-Ausbilder<\/a>.<\/span><\/p>\n<hr \/>\n<h2><strong><span style=\"color: #000080;\">Vorzertifikate anderer Anbieter<\/span><\/strong><\/h2>\n<p>Vorzertifikate (CBTA-Schulungsbescheinigungen) anderer Anbieter sind <strong>kein Problem<\/strong>.<br \/>\nSofern die aufzufrischende\u00a0Schulungsbescheinigung (eines anderen Anbieters) vom <strong>Luftfahrt-Bundesamt anerkannt<\/strong> ist (und das steht auf dem Zertifikat selbst), kann diese auch durch Alpha Gefahrgut Consulting aufgefrischt werden.<\/p>\n<p><strong>Sie m\u00fcssen also nicht bei einem Anbieter bleiben, Sie d\u00fcrfen wechseln!<\/strong><br \/>\nUnd es gibt auch keine Probleme mit einer TNA: Bei den Anmeldeformularen finden Sie jeweils eine fertig ausgearbeitete TNA zum Download. Diese k\u00f6nnen Sie betriebsintern schnell und schlank in Kraft setzen.<\/p>\n<p><em>\u00dcbrigens:<\/em><br \/>\n<em>Ein <strong>CBTA-Kenntnisstand<\/strong> (1 bis 4 Sterne) muss derzeit nach LBA-Vorgaben <strong>nicht zwingend<\/strong> auf dem Zertifikat ausgewiesen sein. Es macht also gar nichts, wenn ihr Vorzertifikat keinen solchen Kenntnisstand ausweist, sie k\u00f6nnen sich trotzdem zu einem unserer Refresher anmelden. Welchen Kenntnisstand wir in einem Refresher-Zertifikat ausweisen, das sehen Sie bei den Details zur jeweiligen Schulung.<\/em><\/p>\n<hr \/>\n<h2><span style=\"color: #000080;\"><strong>Zielgruppen<\/strong><\/span><\/h2>\n<p><strong>Alle T\u00e4tigkeiten bzw T\u00e4tigkeitsprofile nach CBTA bzw. LBA-NfL:<\/strong><br \/>\n<strong>A<\/strong>\u00a0\u00a0 Versender<br \/>\n<strong>B<\/strong> \u00a0 Verpacker<br \/>\n<strong>C<\/strong>\u00a0\u00a0 Mitarbeiter Spedition, Luftfracht-Spediteur (Gefahrgut)<br \/>\n<strong>D<\/strong>\u00a0\u00a0 Mitarbeiter Spedition, Luftfracht-Spediteur (kein Gefahrgut)<br \/>\n<strong>E<\/strong>\u00a0\u00a0 Mitarbeiter Spedition, Speditions-Umschlag (Luftfracht, Post)<br \/>\n<strong>F<\/strong>\u00a0\u00a0 Annahmekontrolleur, Annahmepr\u00fcfer (&#8222;Checker&#8220;)<br \/>\n<strong>G<\/strong>\u00a0\u00a0 Mitarbeiter Luftfahrtunternehmen oder Frachtabfertiger (kein Gefahrgut)<br \/>\n<strong>H<\/strong>\u00a0\u00a0 Mitarbeiter Luftfahrtunternehmen oder Frachtabfertiger (Gefahrgut)<br \/>\n<strong>I<\/strong>\u00a0\u00a0 Mitarbeiter Passagierabfertigung<br \/>\n<strong>J<\/strong>\u00a0\u00a0\u00a0 Luftfahrzeugf\u00fchrer, Piloten (Flight Crew)<br \/>\n<strong>K\u00a0<\/strong>\u00a0 Flugdienstberater<br \/>\n<strong>L<\/strong>\u00a0\u00a0 Ladeplaner<br \/>\n<strong>M<\/strong>\u00a0 Mitarbeiter Ladeplanung \/ Ramp Agent<br \/>\n<strong>N<\/strong>\u00a0\u00a0 Flugbegleiter \/ Kabinenbesatzung (Cabin Crew)<br \/>\n<strong>O<\/strong>\u00a0\u00a0 Sicherheitspersonal<br \/>\n<em><br \/>\nT\u00e4tigkeiten \/ T\u00e4tigkeitsprofile P, Q, R, S, T\u00a0 der sogenannten \u201cNo Carry\u201d- Luftverkehrsgesellschaften werden von uns b.a.w. entsprechend den Lehrgangspl\u00e4nen f\u00fcr die o.g. T\u00e4tigkeitsprofile ausgebildet.<\/em><\/p>\n<hr \/>\n<h2><span style=\"color: #000080;\"><strong>\u00d6ffentlich buchbare Refresher:<\/strong><\/span><\/h2>\n<p><span style=\"color: #000000;\">F\u00fcr die unten genannten T\u00e4tigkeiten sind Refresher-Schulungen \u00f6ffentlich buchbar.<br \/>\nD<\/span><span style=\"color: #000000;\">ie jeweiligen Links f\u00fchren zu unseren Kursen und Anmeldeformularen:<\/span><\/p>\n<p><strong>Versender, Verpacker<\/strong><br \/>\nRefresher\u00a0<span style=\"color: #0000ff;\"><strong>\u00a0<a href=\"https:\/\/www.alpha-gefahrgut-consulting.de\/index.php\/cbta-versender\/\"><span style=\"color: #0000ff;\">CBTA A<\/span><\/a><span style=\"color: #0000ff;\"> \u00a0<\/span><\/strong><\/span><br \/>\nRefresher \u00a0CBTA B<br \/>\nRefresher <em><strong>A.B kombiniert<\/strong> \u00a0<a href=\"https:\/\/www.alpha-gefahrgut-consulting.de\/index.php\/cbta-versender\/\"><strong><span style=\"color: #0000ff;\">CBTA A, B<\/span><\/strong><\/a><\/em><\/p>\n<p><strong><br \/>\nLuftfracht-Spediteure<\/strong><br \/>\nRefresher <a href=\"https:\/\/www.alpha-gefahrgut-consulting.de\/index.php\/cbta-gefahrgutschulung-spediteure\/\"><strong><span style=\"color: #0000ff;\">CBTA C<\/span><\/strong><\/a><span style=\"color: #000000;\"><strong>\u00a0<\/strong><\/span><br \/>\nRefresher CBTA D<br \/>\nRefresher CBTA E<\/p>\n<p><strong><br \/>\nLuftfracht-Spediteure<br \/>\n<\/strong>und \/ oder<strong><br \/>\nAnnahmekontrolleure<\/strong><br \/>\n<strong><a href=\"https:\/\/www.alpha-gefahrgut-consulting.de\/index.php\/cbta-annahmekontrolle\/\"><span style=\"color: #0000ff;\">CBTA F<\/span><\/a><span style=\"color: #0000ff;\">\u00a0<\/span><\/strong><span style=\"color: #0000ff;\"><span style=\"color: #000000;\"><br \/>\n<em><strong>oder<\/strong><\/em><br \/>\n<em> Refresher <strong>kombiniert\u00a0<\/strong> <strong><span style=\"color: #ff0000;\"><span style=\"color: #0000ff;\"><a href=\"https:\/\/www.alpha-gefahrgut-consulting.de\/index.php\/cbta-annahmekontrolle\/\"><span style=\"color: #0000ff;\">CBTA C, F<\/span><\/a><\/span><\/span><\/strong><\/em><br \/>\n<\/span><\/span><\/p>\n<hr \/>\n<h2><span style=\"color: #000080;\"><strong>&#8222;Inhouse&#8220; Refresher:<\/strong><\/span><\/h2>\n<p><span style=\"color: #000000;\">F\u00fcr die unten genannten T\u00e4tigkeiten sind Refresher-Schulungen &#8222;inhouse&#8220; buchbar.<br \/>\n<\/span><span style=\"color: #000000;\">F\u00fcr eine Durchf\u00fchrung fragen Sie uns bitte einfach an:<\/span><\/p>\n<p><strong>Ground Handling<\/strong><br \/>\nRefresher CBTA G<br \/>\nRefresher CBTA H<br \/>\nRefresher CBTA I<\/p>\n<p><strong>Flight Crew, Load Planning, Flight Dispatch, Ramp Agents<\/strong><br \/>\nRefresher CBTA J, K, L, M (wie zutreffend)<\/p>\n<p><strong>Cabin Crew<\/strong><br \/>\nRefresher CBTA N<\/p>\n<p><strong>Security<\/strong><br \/>\nRefresher CBTA O<\/p>\n<p><em><strong>&#8222;No carry&#8220;<\/strong><\/em><br \/>\nRefresher CBTA P<br \/>\nRefresher CBTA Q<br \/>\nRefresher CBTA R<br \/>\nRefresher CBTA S<br \/>\nRefresher CBTA T<\/p>\n<hr \/>\n","protected":false},"excerpt":{"rendered":"<p>IATA Refresher GEFAHRGUT REFRESHER SCHULUNGEN F\u00dcR DEN LUFTVERKEHR LBA-anerkannt, nach CBTA, ICAO-TI, IATA-DGR (&#8222;IATA REFRESHER&#8220;) Schnell\u00fcbersicht IATA Refresher Eine Schnell\u00fcbersicht\u00a0 \u00fcber \u00f6ffentlich buchbare Refresher-Schulungen. \u00dcber den obigen Link kommen Sie schnell zu den gesuchten Kursen. Ein &#8222;IATA Refresher&#8220; ist&#8230; eine Auffrischungs-Schulung f\u00fcr solches Personal, das einer expliziten Gefahrgut-Schulungsverpflichtung f\u00fcr den Luftverkehr nach CBTA, ICAO-TI \/ &hellip; <\/p>\n<p class=\"link-more\"><a href=\"https:\/\/www.alpha-gefahrgut-consulting.de\/index.php\/iata-refresher\/\" class=\"more-link\"><span class=\"screen-reader-text\">\u201eIATA Refresher\u201c<\/span> weiterlesen<\/a><\/p>\n","protected":false},"author":1,"featured_media":0,"parent":0,"menu_order":0,"comment_status":"closed","ping_status":"closed","template":"","meta":{"episode_type":"","audio_file":"","podmotor_file_id":"","podmotor_episode_id":"","cover_image":"","cover_image_id":"","duration":"","filesize":"","filesize_raw":"","date_recorded":"","explicit":"","block":"","footnotes":""},"class_list":["post-9455","page","type-page","status-publish","hentry"],"yoast_head":"<!-- This site is optimized with the Yoast SEO plugin v27.4 - https:\/\/yoast.com\/product\/yoast-seo-wordpress\/ -->\n<title>IATA Refresher Gefahrgut, LBA-anerkannt<\/title>\n<meta name=\"description\" content=\"IATA Refresher Gefahrgut: Frischen Sie Ihr LBA-anerkanntes Zertifikat professionell auf. Vorzertifikate anderer Anbieter kein Hindernis!\" \/>\n<meta name=\"robots\" content=\"index, follow, max-snippet:-1, max-image-preview:large, max-video-preview:-1\" \/>\n<link rel=\"canonical\" href=\"https:\/\/www.alpha-gefahrgut-consulting.de\/index.php\/iata-refresher\/\" \/>\n<meta property=\"og:locale\" content=\"de_DE\" \/>\n<meta property=\"og:type\" content=\"article\" \/>\n<meta property=\"og:title\" content=\"IATA Refresher Gefahrgut, LBA-anerkannt\" \/>\n<meta property=\"og:description\" content=\"IATA Refresher Gefahrgut: Frischen Sie Ihr LBA-anerkanntes Zertifikat professionell auf. Vorzertifikate anderer Anbieter kein Hindernis!\" \/>\n<meta property=\"og:url\" content=\"https:\/\/www.alpha-gefahrgut-consulting.de\/index.php\/iata-refresher\/\" \/>\n<meta property=\"og:site_name\" content=\"ALPHA GEFAHRGUT CONSULTING\" \/>\n<meta property=\"article:modified_time\" content=\"2025-07-01T13:45:07+00:00\" \/>\n<meta property=\"og:image\" content=\"https:\/\/www.alpha-gefahrgut-consulting.de\/wp-content\/uploads\/2025\/07\/IATA-Refresher-Gefahrgut-Alpha-Gefahrgut-Consulting.jpg\" \/>\n\t<meta property=\"og:image:width\" content=\"748\" \/>\n\t<meta property=\"og:image:height\" content=\"466\" \/>\n\t<meta property=\"og:image:type\" content=\"image\/jpeg\" \/>\n<meta name=\"twitter:card\" content=\"summary_large_image\" \/>\n<meta name=\"twitter:site\" content=\"@Alpha_Gefahrgut\" \/>\n<meta name=\"twitter:label1\" content=\"Gesch\u00e4tzte Lesezeit\" \/>\n\t<meta name=\"twitter:data1\" content=\"4\u00a0Minuten\" \/>\n<script type=\"application\/ld+json\" class=\"yoast-schema-graph\">{\"@context\":\"https:\\\/\\\/schema.org\",\"@graph\":[{\"@type\":\"WebPage\",\"@id\":\"https:\\\/\\\/www.alpha-gefahrgut-consulting.de\\\/index.php\\\/iata-refresher\\\/\",\"url\":\"https:\\\/\\\/www.alpha-gefahrgut-consulting.de\\\/index.php\\\/iata-refresher\\\/\",\"name\":\"IATA Refresher Gefahrgut, LBA-anerkannt\",\"isPartOf\":{\"@id\":\"https:\\\/\\\/www.alpha-gefahrgut-consulting.de\\\/#website\"},\"primaryImageOfPage\":{\"@id\":\"https:\\\/\\\/www.alpha-gefahrgut-consulting.de\\\/index.php\\\/iata-refresher\\\/#primaryimage\"},\"image\":{\"@id\":\"https:\\\/\\\/www.alpha-gefahrgut-consulting.de\\\/index.php\\\/iata-refresher\\\/#primaryimage\"},\"thumbnailUrl\":\"https:\\\/\\\/www.alpha-gefahrgut-consulting.de\\\/wp-content\\\/uploads\\\/2025\\\/07\\\/IATA-Refresher-Gefahrgut-Alpha-Gefahrgut-Consulting.jpg\",\"datePublished\":\"2025-07-01T11:25:33+00:00\",\"dateModified\":\"2025-07-01T13:45:07+00:00\",\"description\":\"IATA Refresher Gefahrgut: Frischen Sie Ihr LBA-anerkanntes Zertifikat professionell auf. Vorzertifikate anderer Anbieter kein Hindernis!\",\"breadcrumb\":{\"@id\":\"https:\\\/\\\/www.alpha-gefahrgut-consulting.de\\\/index.php\\\/iata-refresher\\\/#breadcrumb\"},\"inLanguage\":\"de\",\"potentialAction\":[{\"@type\":\"ReadAction\",\"target\":[\"https:\\\/\\\/www.alpha-gefahrgut-consulting.de\\\/index.php\\\/iata-refresher\\\/\"]}]},{\"@type\":\"ImageObject\",\"inLanguage\":\"de\",\"@id\":\"https:\\\/\\\/www.alpha-gefahrgut-consulting.de\\\/index.php\\\/iata-refresher\\\/#primaryimage\",\"url\":\"https:\\\/\\\/www.alpha-gefahrgut-consulting.de\\\/wp-content\\\/uploads\\\/2025\\\/07\\\/IATA-Refresher-Gefahrgut-Alpha-Gefahrgut-Consulting.jpg\",\"contentUrl\":\"https:\\\/\\\/www.alpha-gefahrgut-consulting.de\\\/wp-content\\\/uploads\\\/2025\\\/07\\\/IATA-Refresher-Gefahrgut-Alpha-Gefahrgut-Consulting.jpg\",\"width\":748,\"height\":466,\"caption\":\"Refresher Bar: IATA Refresher Gefahrgut bei Alpha Gefahrgut Consulting\"},{\"@type\":\"BreadcrumbList\",\"@id\":\"https:\\\/\\\/www.alpha-gefahrgut-consulting.de\\\/index.php\\\/iata-refresher\\\/#breadcrumb\",\"itemListElement\":[{\"@type\":\"ListItem\",\"position\":1,\"name\":\"Startseite\",\"item\":\"https:\\\/\\\/www.alpha-gefahrgut-consulting.de\\\/\"},{\"@type\":\"ListItem\",\"position\":2,\"name\":\"IATA Refresher\"}]},{\"@type\":\"WebSite\",\"@id\":\"https:\\\/\\\/www.alpha-gefahrgut-consulting.de\\\/#website\",\"url\":\"https:\\\/\\\/www.alpha-gefahrgut-consulting.de\\\/\",\"name\":\"ALPHA GEFAHRGUT CONSULTING\",\"description\":\"First Class Dangerous Goods Consulting, Management, Training.\",\"publisher\":{\"@id\":\"https:\\\/\\\/www.alpha-gefahrgut-consulting.de\\\/#organization\"},\"potentialAction\":[{\"@type\":\"SearchAction\",\"target\":{\"@type\":\"EntryPoint\",\"urlTemplate\":\"https:\\\/\\\/www.alpha-gefahrgut-consulting.de\\\/?s={search_term_string}\"},\"query-input\":{\"@type\":\"PropertyValueSpecification\",\"valueRequired\":true,\"valueName\":\"search_term_string\"}}],\"inLanguage\":\"de\"},{\"@type\":\"Organization\",\"@id\":\"https:\\\/\\\/www.alpha-gefahrgut-consulting.de\\\/#organization\",\"name\":\"ALPHA GEFAHRGUT CONSULTING\",\"url\":\"https:\\\/\\\/www.alpha-gefahrgut-consulting.de\\\/\",\"logo\":{\"@type\":\"ImageObject\",\"inLanguage\":\"de\",\"@id\":\"https:\\\/\\\/www.alpha-gefahrgut-consulting.de\\\/#\\\/schema\\\/logo\\\/image\\\/\",\"url\":\"https:\\\/\\\/www.alpha-gefahrgut-consulting.de\\\/wp-content\\\/uploads\\\/2020\\\/04\\\/cropped-AGCLogoBlech-c.jpg\",\"contentUrl\":\"https:\\\/\\\/www.alpha-gefahrgut-consulting.de\\\/wp-content\\\/uploads\\\/2020\\\/04\\\/cropped-AGCLogoBlech-c.jpg\",\"width\":250,\"height\":250,\"caption\":\"ALPHA GEFAHRGUT CONSULTING\"},\"image\":{\"@id\":\"https:\\\/\\\/www.alpha-gefahrgut-consulting.de\\\/#\\\/schema\\\/logo\\\/image\\\/\"},\"sameAs\":[\"https:\\\/\\\/x.com\\\/Alpha_Gefahrgut\",\"https:\\\/\\\/www.youtube.com\\\/@AlphaDGConsulting\",\"https:\\\/\\\/buymeacoffee.com\\\/AlphaDGConsulting\",\"https:\\\/\\\/bsky.app\\\/profile\\\/alpha-gefahrgut.bsky.social\",\"https:\\\/\\\/www.reddit.com\\\/user\\\/United_Ad5357\\\/\",\"https:\\\/\\\/semasocial.com\\\/profile\\\/247322\",\"https:\\\/\\\/truthsocial.com\\\/@AlphaDangerousGoodsConsulting\",\"https:\\\/\\\/www.linkedin.com\\\/in\\\/michael-miska-mm\\\/\",\"https:\\\/\\\/www.xing.com\\\/profile\\\/Michael_Miska088516\\\/web_profiles\",\"https:\\\/\\\/rumble.com\\\/user\\\/AlphaDangerousGoodsConsulting\",\"https:\\\/\\\/de.pinterest.com\\\/AlphaGefahrgutConsulting\\\/\"]}]}<\/script>\n<!-- \/ Yoast SEO plugin. -->","yoast_head_json":{"title":"IATA Refresher Gefahrgut, LBA-anerkannt","description":"IATA Refresher Gefahrgut: Frischen Sie Ihr LBA-anerkanntes Zertifikat professionell auf. Vorzertifikate anderer Anbieter kein Hindernis!","robots":{"index":"index","follow":"follow","max-snippet":"max-snippet:-1","max-image-preview":"max-image-preview:large","max-video-preview":"max-video-preview:-1"},"canonical":"https:\/\/www.alpha-gefahrgut-consulting.de\/index.php\/iata-refresher\/","og_locale":"de_DE","og_type":"article","og_title":"IATA Refresher Gefahrgut, LBA-anerkannt","og_description":"IATA Refresher Gefahrgut: Frischen Sie Ihr LBA-anerkanntes Zertifikat professionell auf. Vorzertifikate anderer Anbieter kein Hindernis!","og_url":"https:\/\/www.alpha-gefahrgut-consulting.de\/index.php\/iata-refresher\/","og_site_name":"ALPHA GEFAHRGUT CONSULTING","article_modified_time":"2025-07-01T13:45:07+00:00","og_image":[{"width":748,"height":466,"url":"https:\/\/www.alpha-gefahrgut-consulting.de\/wp-content\/uploads\/2025\/07\/IATA-Refresher-Gefahrgut-Alpha-Gefahrgut-Consulting.jpg","type":"image\/jpeg"}],"twitter_card":"summary_large_image","twitter_site":"@Alpha_Gefahrgut","twitter_misc":{"Gesch\u00e4tzte Lesezeit":"4\u00a0Minuten"},"schema":{"@context":"https:\/\/schema.org","@graph":[{"@type":"WebPage","@id":"https:\/\/www.alpha-gefahrgut-consulting.de\/index.php\/iata-refresher\/","url":"https:\/\/www.alpha-gefahrgut-consulting.de\/index.php\/iata-refresher\/","name":"IATA Refresher Gefahrgut, LBA-anerkannt","isPartOf":{"@id":"https:\/\/www.alpha-gefahrgut-consulting.de\/#website"},"primaryImageOfPage":{"@id":"https:\/\/www.alpha-gefahrgut-consulting.de\/index.php\/iata-refresher\/#primaryimage"},"image":{"@id":"https:\/\/www.alpha-gefahrgut-consulting.de\/index.php\/iata-refresher\/#primaryimage"},"thumbnailUrl":"https:\/\/www.alpha-gefahrgut-consulting.de\/wp-content\/uploads\/2025\/07\/IATA-Refresher-Gefahrgut-Alpha-Gefahrgut-Consulting.jpg","datePublished":"2025-07-01T11:25:33+00:00","dateModified":"2025-07-01T13:45:07+00:00","description":"IATA Refresher Gefahrgut: Frischen Sie Ihr LBA-anerkanntes Zertifikat professionell auf. Vorzertifikate anderer Anbieter kein Hindernis!","breadcrumb":{"@id":"https:\/\/www.alpha-gefahrgut-consulting.de\/index.php\/iata-refresher\/#breadcrumb"},"inLanguage":"de","potentialAction":[{"@type":"ReadAction","target":["https:\/\/www.alpha-gefahrgut-consulting.de\/index.php\/iata-refresher\/"]}]},{"@type":"ImageObject","inLanguage":"de","@id":"https:\/\/www.alpha-gefahrgut-consulting.de\/index.php\/iata-refresher\/#primaryimage","url":"https:\/\/www.alpha-gefahrgut-consulting.de\/wp-content\/uploads\/2025\/07\/IATA-Refresher-Gefahrgut-Alpha-Gefahrgut-Consulting.jpg","contentUrl":"https:\/\/www.alpha-gefahrgut-consulting.de\/wp-content\/uploads\/2025\/07\/IATA-Refresher-Gefahrgut-Alpha-Gefahrgut-Consulting.jpg","width":748,"height":466,"caption":"Refresher Bar: IATA Refresher Gefahrgut bei Alpha Gefahrgut Consulting"},{"@type":"BreadcrumbList","@id":"https:\/\/www.alpha-gefahrgut-consulting.de\/index.php\/iata-refresher\/#breadcrumb","itemListElement":[{"@type":"ListItem","position":1,"name":"Startseite","item":"https:\/\/www.alpha-gefahrgut-consulting.de\/"},{"@type":"ListItem","position":2,"name":"IATA Refresher"}]},{"@type":"WebSite","@id":"https:\/\/www.alpha-gefahrgut-consulting.de\/#website","url":"https:\/\/www.alpha-gefahrgut-consulting.de\/","name":"ALPHA GEFAHRGUT CONSULTING","description":"First Class Dangerous Goods Consulting, Management, Training.","publisher":{"@id":"https:\/\/www.alpha-gefahrgut-consulting.de\/#organization"},"potentialAction":[{"@type":"SearchAction","target":{"@type":"EntryPoint","urlTemplate":"https:\/\/www.alpha-gefahrgut-consulting.de\/?s={search_term_string}"},"query-input":{"@type":"PropertyValueSpecification","valueRequired":true,"valueName":"search_term_string"}}],"inLanguage":"de"},{"@type":"Organization","@id":"https:\/\/www.alpha-gefahrgut-consulting.de\/#organization","name":"ALPHA GEFAHRGUT CONSULTING","url":"https:\/\/www.alpha-gefahrgut-consulting.de\/","logo":{"@type":"ImageObject","inLanguage":"de","@id":"https:\/\/www.alpha-gefahrgut-consulting.de\/#\/schema\/logo\/image\/","url":"https:\/\/www.alpha-gefahrgut-consulting.de\/wp-content\/uploads\/2020\/04\/cropped-AGCLogoBlech-c.jpg","contentUrl":"https:\/\/www.alpha-gefahrgut-consulting.de\/wp-content\/uploads\/2020\/04\/cropped-AGCLogoBlech-c.jpg","width":250,"height":250,"caption":"ALPHA GEFAHRGUT CONSULTING"},"image":{"@id":"https:\/\/www.alpha-gefahrgut-consulting.de\/#\/schema\/logo\/image\/"},"sameAs":["https:\/\/x.com\/Alpha_Gefahrgut","https:\/\/www.youtube.com\/@AlphaDGConsulting","https:\/\/buymeacoffee.com\/AlphaDGConsulting","https:\/\/bsky.app\/profile\/alpha-gefahrgut.bsky.social","https:\/\/www.reddit.com\/user\/United_Ad5357\/","https:\/\/semasocial.com\/profile\/247322","https:\/\/truthsocial.com\/@AlphaDangerousGoodsConsulting","https:\/\/www.linkedin.com\/in\/michael-miska-mm\/","https:\/\/www.xing.com\/profile\/Michael_Miska088516\/web_profiles","https:\/\/rumble.com\/user\/AlphaDangerousGoodsConsulting","https:\/\/de.pinterest.com\/AlphaGefahrgutConsulting\/"]}]}},"_links":{"self":[{"href":"https:\/\/www.alpha-gefahrgut-consulting.de\/index.php\/wp-json\/wp\/v2\/pages\/9455","targetHints":{"allow":["GET"]}}],"collection":[{"href":"https:\/\/www.alpha-gefahrgut-consulting.de\/index.php\/wp-json\/wp\/v2\/pages"}],"about":[{"href":"https:\/\/www.alpha-gefahrgut-consulting.de\/index.php\/wp-json\/wp\/v2\/types\/page"}],"author":[{"embeddable":true,"href":"https:\/\/www.alpha-gefahrgut-consulting.de\/index.php\/wp-json\/wp\/v2\/users\/1"}],"replies":[{"embeddable":true,"href":"https:\/\/www.alpha-gefahrgut-consulting.de\/index.php\/wp-json\/wp\/v2\/comments?post=9455"}],"version-history":[{"count":17,"href":"https:\/\/www.alpha-gefahrgut-consulting.de\/index.php\/wp-json\/wp\/v2\/pages\/9455\/revisions"}],"predecessor-version":[{"id":9484,"href":"https:\/\/www.alpha-gefahrgut-consulting.de\/index.php\/wp-json\/wp\/v2\/pages\/9455\/revisions\/9484"}],"wp:attachment":[{"href":"https:\/\/www.alpha-gefahrgut-consulting.de\/index.php\/wp-json\/wp\/v2\/media?parent=9455"}],"curies":[{"name":"wp","href":"https:\/\/api.w.org\/{rel}","templated":true}]}}