{"id":9419,"date":"2025-06-29T16:03:08","date_gmt":"2025-06-29T14:03:08","guid":{"rendered":"https:\/\/www.alpha-gefahrgut-consulting.de\/?page_id=9419"},"modified":"2025-09-22T15:45:38","modified_gmt":"2025-09-22T13:45:38","slug":"iata-online-schulung","status":"publish","type":"page","link":"https:\/\/www.alpha-gefahrgut-consulting.de\/index.php\/iata-online-schulung\/","title":{"rendered":"IATA Online Schulung"},"content":{"rendered":"<h1><span style=\"color: #000080;\"><strong>IATA Schulung Online<\/strong><\/span><\/h1>\n<p><span style=\"font-family: Arial, sans-serif;\"><span style=\"color: #000080;\"><b>GEFAHRGUT SCHULUNGEN LUFTVERKEHR<br \/>\nNACH CBTA IATA ICAO (ICAO-TI\/IATA-DGR)<br \/>\n<\/b><strong>ALS WEB-BASED TRAINING ODER IM VIRTUAL CLASSROOM.<\/strong><\/span><br \/>\n<\/span><span style=\"font-family: Arial, sans-serif;\"><em>(&#8222;IATA Schulung Online&#8220;)<\/em><br \/>\nAlle CBTA \/ ICAO \/ IATA Schulungen sind vom Luftfahrt-Bundesamt (LBA) anerkannt.<\/span><\/p>\n<hr \/>\n<h2><strong><span style=\"color: #000080;\">IATA Schulung Online: Was ist das?<\/span><br \/>\n<\/strong><\/h2>\n<p>Eine IATA Schulung Online (oder IATA Online Schulung) ist eine Gefahrgut-Schulung nach den Regeln der <span style=\"color: #0000ff;\"><a style=\"color: #0000ff;\" href=\"https:\/\/www.alpha-gefahrgut-consulting.de\/index.php\/iata-dgr\/\">IATA-DGR<\/a><\/span>, die online durchgef\u00fchrt wird, also entweder als WBT (Web-Based Training) oder als Seminar im Virtual Classroom (virtuellen Klassenzimmer).<br \/>\nDie IATA-DGR sind privatwirtschaftliche Regelungen, die auf den beh\u00f6rdlichen ICAO-TI beruhen. Bestimmte &#8222;IATA&#8220; Gefahrgut-Schulungen bed\u00fcrfen darum der beh\u00f6rdlichen Anerkennung. In Deutschland m\u00fcssen diese Schulungen &#8211; sofern sie <strong>CBTA<\/strong>-Schulungen\u00a0 nach <strong>NfL<\/strong> sind &#8211; vom Luftfahrt-Bundesamt (LBA) anerkannt sein. F\u00fcr die von Alpha Gefahrgut Consulting angebotenen Schulungen ist das der Fall.\u00a0 Das deutsche <a href=\"https:\/\/www.lba.de\/DE\/Home\/home_node.html\">Luftfahrt-Bundesamt<\/a> (LBA) hat unsere Gefahrgut-Schulungen Luftverkehr f\u00f6rmlich (mit schriftlichem, amtlichen Bescheid) auch als &#8222;<strong>Webinar<\/strong>&#8220; (Genehmigungs-Wortlaut des LBA) genehmigt. Bestimmte Schulungen, insbesondere Unterweisungen nach IATA-DGR 1.6, werden von uns auch als <strong>WBT<\/strong> veranstaltet.<\/p>\n<hr \/>\n<h2><span style=\"color: #000080;\"><strong>Schnell\u00fcbersicht Schulungen<\/strong><\/span><\/h2>\n<p>Eine <span style=\"color: #000080;\"><a style=\"color: #000080;\" href=\"https:\/\/www.alpha-gefahrgut-consulting.de\/index.php\/iata-gefahrgutschulungen-schnelluebersicht\/\"><strong>Schnell\u00fcbersicht<\/strong><\/a><\/span>\u00a0 \u00fcber die von Alpha Gefahrgut Consulting als \u00f6ffentlich buchbare Schulungen angebotenen diversen Online-Schulungen im Virtual Classroom oder als WBT.<br \/>\n\u00dcber den Link kommen Sie mit wenigen Klicks zur passenden Schulung.<\/p>\n<figure id=\"attachment_9434\" aria-describedby=\"caption-attachment-9434\" style=\"width: 748px\" class=\"wp-caption alignnone\"><img loading=\"lazy\" decoding=\"async\" class=\"size-full wp-image-9434\" src=\"https:\/\/www.alpha-gefahrgut-consulting.de\/wp-content\/uploads\/2025\/06\/IATA-Schulung-Online-Alpha-Gefahrgut-Consulting.jpg\" alt=\"\" width=\"748\" height=\"748\" srcset=\"https:\/\/www.alpha-gefahrgut-consulting.de\/wp-content\/uploads\/2025\/06\/IATA-Schulung-Online-Alpha-Gefahrgut-Consulting.jpg 748w, https:\/\/www.alpha-gefahrgut-consulting.de\/wp-content\/uploads\/2025\/06\/IATA-Schulung-Online-Alpha-Gefahrgut-Consulting-300x300.jpg 300w, https:\/\/www.alpha-gefahrgut-consulting.de\/wp-content\/uploads\/2025\/06\/IATA-Schulung-Online-Alpha-Gefahrgut-Consulting-150x150.jpg 150w, https:\/\/www.alpha-gefahrgut-consulting.de\/wp-content\/uploads\/2025\/06\/IATA-Schulung-Online-Alpha-Gefahrgut-Consulting-100x100.jpg 100w\" sizes=\"auto, (max-width: 706px) 89vw, (max-width: 767px) 82vw, 740px\" \/><figcaption id=\"caption-attachment-9434\" class=\"wp-caption-text\">Gefahrgut Schulung im Virtual Classroom.<br \/>Office with PC-Equipment at Airport.<\/figcaption><\/figure>\n<hr \/>\n<h2 style=\"text-align: left;\"><span style=\"color: #000080;\"><strong>Bereits seit 2020<\/strong><\/span><\/h2>\n<p>Bereits seit der Corona-Pandemie (seit 2020) veranstalten wir Luftfahrt-Bundesamt anerkannte Gefahrgut-Schulungen als Videokonferenz im Internet. Damals wurden diese Online-Schulungen erstmals (!) beh\u00f6rdlich zugelassen. Aber &#8222;Corona&#8220; ist schon lange vorbei, und die damaligen Gr\u00fcnde f\u00fcr eine Veranstaltung im Virtual Classroom sind nicht mehr die heutigen.<\/p>\n<p>Wir sind &#8218;online&#8216; und im &#8218;Virtual Classroom&#8216; geblieben, weil wir von den vielf\u00e4ltigen Vorteilen und den sehr guten Praxiserfahrungen \u00fcberzeugt sind.<br \/>\nViel Entwicklungs-, Organisations- und Programmieraufwand ist in unsere 100% digitalen Schulungen geflossen, wir veranstalten schon seit Jahren 100% digital und werden dabei immer noch immer besser!<\/p>\n<p>Sehen Sie selbst und lernen Sie dabei auch den Gr\u00fcnder, Inhaber und LBA-anerkannten Ausbilder von Alpha Gefahrgut Consulting kennen:<br \/>\nMichael Miska erz\u00e4hlt \u00fcber seine CBTA- Schulungen im Virtual Classroom.<br \/>\nSehen Sie ein Pl\u00e4doyer Pro Online, Pro Virtual Classroom.<br \/>\nDie Filmsequenzen entstanden &#8218;ad-hoc&#8216; und &#8218;on the fly&#8216;:<br \/>\nOhne Vorbereitungen und ohne gro\u00dfe Technik (nur mit Handy-Cam!) am Airport Paderborn (sowie eine Sequenz am Landeplatz Soest\/Bad Sassendorf).<br \/>\nHier wurde nichts ge\u00fcbt, hier wurde alles &#8218;live&#8216;, ohne Skript und ohne Filter produziert:<\/p>\n<p><iframe loading=\"lazy\" title=\"CBTA LBA AGC VirtualClassroom\" width=\"525\" height=\"295\" src=\"https:\/\/www.youtube.com\/embed\/gD46bFuRYwo?feature=oembed\" frameborder=\"0\" allow=\"accelerometer; autoplay; clipboard-write; encrypted-media; gyroscope; picture-in-picture; web-share\" referrerpolicy=\"strict-origin-when-cross-origin\" allowfullscreen><\/iframe><\/p>\n<hr \/>\n<h2><span style=\"color: #000080;\"><strong>Vorteile: Frei von&#8230;<\/strong><\/span><\/h2>\n<p>Diese Gefahrgut-Lehrg\u00e4nge sind v\u00f6llig\u00a0 <strong>\u201c<em>frei von<\/em>\u201c<\/strong>:<br \/>\nFrei von Reise- und \u00dcbernachtungs-Kosten und Aufwand.<br \/>\nFrei von Anreisestress, frei von Stau und Parkplatzsuche.<br \/>\nFrei von Druck und Papier.<br \/>\nWir schulen 100% digital. Die daf\u00fcr eingesetzten smart tools sind praxisbew\u00e4hrt.<strong><br \/>\n<\/strong>Ein Video zur VirtualClassroom Technik finden Sie weiter unten.<br \/>\n<em>Die \u00a0IATA-DGR als Buch darf selbstverst\u00e4ndlich benutzt werden, sofern der Teilnehmer lieber mit der Buchausgabe als mit der digitalen PDF-Version arbeiten m\u00f6chte.<\/em><br \/>\nUnd als Online-Schulung in komfortabler <strong>Teilzeit<\/strong>: Oft frei von Vertretungsaufwand!<\/p>\n<hr \/>\n<h2><strong><span style=\"color: #000080;\">Inhalte einer IATA Online Schulung<\/span><\/strong><\/h2>\n<p>Die Inhalte einer solchen IATA Online Schulung beruhen auf den Inhalten der <span style=\"color: #0000ff;\"><a style=\"color: #0000ff;\" href=\"https:\/\/www.alpha-gefahrgut-consulting.de\/index.php\/iata-dgr\/\">IATA-DGR<\/a><\/span> bzw. auf den vorrangig geltenden beh\u00f6rdlichen ICAO-TI. Diese Schulungen sind also im Kern <strong>Gefahrgut-Schulungen f\u00fcr den Luftverkehr<\/strong>.<br \/>\nF\u00fcr den inhaltlichen Zuschnitt der Schulungen sind auch das ICAO-CBTA sowie die nationalen Durchf\u00fchrungsbestimmungen des Luftfahrt-Bundesamtes, wie in den deutschen NfL (Nachrichten f\u00fcr Luftfahrer) verk\u00fcndet, zu beachten.<br \/>\nDarum variieren auch die Inhalte: Insbesondere je nach T\u00e4tigkeit im Luftverkehr und je nach bef\u00f6rderten Gefahrenklassen k\u00f6nnen Inhalte auf die tats\u00e4chlichen Erfordernisse der Besch\u00e4ftigten ausgerichtet sein. Insofern gibt es neben &#8222;<strong>Allround<\/strong>&#8222;-Schulungen auch <strong>Spezialschulungen<\/strong>, die z.B. nur die Beteiligung an der Bef\u00f6rderung kleiner <a href=\"https:\/\/www.alpha-gefahrgut-consulting.de\/index.php\/gefahrgutschulung-lithiumbatterie\/\">Lithiumbatterien<\/a> oder nur von infekti\u00f6sen Substanzen (z.B. im Bereich Klinik, Human- oder Veterin\u00e4rmedizin) behandeln.<\/p>\n<hr \/>\n<h2><span style=\"color: #000080;\"><strong>Voraussetzungen<\/strong><\/span><\/h2>\n<p>Um an einer\u00a0 Online- Schulung teilnehmen zu d\u00fcrfen, m\u00fcssen vom Trainee einige Bedingungen und Anforderungen erf\u00fcllt werden, wie z.B.:<br \/>\nInternetzugang und PC mit WebCam, Mikro, Lautsprecher.<br \/>\nRuhige Arbeitsumgebung bzw. ruhiger Arbeitsplatz.<br \/>\nTeilnahme aus dem Home Office ist m\u00f6glich!<br \/>\nDie f\u00fcr eine spezifische Online-Schulung geltenden Voraussetzungen sind den jeweils geltenden Teilnahmebedingungen zu entnehmen. Sie finden diese Teilnahmebedingungen jeweils bei den Anmeldeformularen (verlinkt).<\/p>\n<hr \/>\n<h2><span style=\"color: #000080;\"><strong>Virtual Classroom Technik<\/strong><\/span><\/h2>\n<p>Wir schulen 100% digital. Die daf\u00fcr eingesetzten smart tools sind praxisbew\u00e4hrt.<strong><br \/>\n<\/strong>Hier finden Sie ein <strong>Video zur VirtualClassroom Technik<\/strong> und einigen unserer <strong>&#8217;smart tools&#8216;<\/strong>.<br \/>\n<em>\u00dcbrigens:<br \/>\nDie \u00a0IATA-DGR\u00a0 d\u00fcrfen Sie w\u00e4hrend der Schulung auch als Buchausgabe benutzen, sofern Ihnen das lieber ist, als mit einer PDF-Fassung zu arbeiten&#8230;<\/em><\/p>\n<p><iframe loading=\"lazy\" title=\"Alpha CBTA VCR Technics A,B,C,F\" width=\"525\" height=\"295\" src=\"https:\/\/www.youtube.com\/embed\/Y-n4WrBhozY?feature=oembed\" frameborder=\"0\" allow=\"accelerometer; autoplay; clipboard-write; encrypted-media; gyroscope; picture-in-picture; web-share\" referrerpolicy=\"strict-origin-when-cross-origin\" allowfullscreen><\/iframe><\/p>\n<hr \/>\n<h2><span style=\"color: #000080;\"><strong>Besondere Ausbilderanforderungen<\/strong><\/span><\/h2>\n<p>Ein Web-Seminar im Virtual Classroom stellt neben den \u00fcblichen fachlichen, sozialen und p\u00e4dagogischen\u00a0 Anforderungen auch besondere technische Anforderungen an den Ausbilder: Der IATA Online Ausbilder muss nicht nur Gefahrgut k\u00f6nnen, sondern auch IT. Da trifft es sich gut, dass Ihr LBA- Ausbilder bzw.<span style=\"color: #000080;\"><a style=\"color: #000080;\" href=\"https:\/\/www.alpha-gefahrgut-consulting.de\/index.php\/iata-ausbilder\/\"> IATA-Ausbilder<\/a> <\/span>zugleich auch Webmaster ist, \u00fcber\u00a0 einschl\u00e4gige Programmierkenntnisse verf\u00fcgt und die Alpha Webseite im Seminar &#8222;live&#8220; bedienen kann. Wenn Sie mehr \u00fcber Ihren Ausbilder bei unseren Online-Schulungen wissen wollen, folgen Sie dem obigen Link.<\/p>\n<hr \/>\n<h2><em><span style=\"color: #000080;\"><strong>Sprachgebrauch<\/strong><\/span><\/em><\/h2>\n<p><i><em>Das deutsche Luftfahrt-Bundesamt hat unsere Gefahrgut-Schulungen Luftverkehr f\u00f6rmlich (mit schriftlichem, amtlichen Bescheid) auch als &#8222;<strong>Webinar<\/strong>&#8220; genehmigt. Das Luftfahrt-Bundesamt benutzt den Begriff\u00a0 &#8222;Webinar&#8220; in diesem Zusammenhang durchg\u00e4ngig. Weil der Begriff &#8222;Webinar&#8220; jedoch als Marke gesch\u00fctzt sein soll (angeblich durch Eintragung beim deutschen Patent- und Markenamt als Wortmarke gesch\u00fctzt) verwenden wir in allen Marketing- und Werbeaussagen bis auf weiteres vorsorglich nicht den Begriff &#8222;Webinar&#8220;, sondern sprechen stattdessen von &#8222;Online Schulungen&#8220; &#8222;Web-Seminaren&#8220; oder &#8222;Virtual Classroom Schulungen&#8220; u.s.w.<\/em><br \/>\n<em>Inhaltlich gemeint ist dasselbe.<\/em><br \/>\n<\/i><\/p>\n<hr \/>\n<p><img loading=\"lazy\" decoding=\"async\" class=\"alignnone size-full wp-image-523 aligncenter\" src=\"https:\/\/www.alpha-gefahrgut-consulting.de\/wp-content\/uploads\/2021\/01\/LBA-Gefahrgutschulungen-Online-.jpg\" alt=\"\" width=\"492\" height=\"316\" srcset=\"https:\/\/www.alpha-gefahrgut-consulting.de\/wp-content\/uploads\/2021\/01\/LBA-Gefahrgutschulungen-Online-.jpg 492w, https:\/\/www.alpha-gefahrgut-consulting.de\/wp-content\/uploads\/2021\/01\/LBA-Gefahrgutschulungen-Online--300x193.jpg 300w\" sizes=\"auto, (max-width: 492px) 100vw, 492px\" \/><\/p>\n<hr \/>\n","protected":false},"excerpt":{"rendered":"<p>IATA Schulung Online GEFAHRGUT SCHULUNGEN LUFTVERKEHR NACH CBTA IATA ICAO (ICAO-TI\/IATA-DGR) ALS WEB-BASED TRAINING ODER IM VIRTUAL CLASSROOM. (&#8222;IATA Schulung Online&#8220;) Alle CBTA \/ ICAO \/ IATA Schulungen sind vom Luftfahrt-Bundesamt (LBA) anerkannt. IATA Schulung Online: Was ist das? Eine IATA Schulung Online (oder IATA Online Schulung) ist eine Gefahrgut-Schulung nach den Regeln der IATA-DGR, &hellip; <\/p>\n<p class=\"link-more\"><a href=\"https:\/\/www.alpha-gefahrgut-consulting.de\/index.php\/iata-online-schulung\/\" class=\"more-link\"><span class=\"screen-reader-text\">\u201eIATA Online Schulung\u201c<\/span> weiterlesen<\/a><\/p>\n","protected":false},"author":1,"featured_media":0,"parent":0,"menu_order":0,"comment_status":"closed","ping_status":"closed","template":"","meta":{"episode_type":"","audio_file":"","podmotor_file_id":"","podmotor_episode_id":"","cover_image":"","cover_image_id":"","duration":"","filesize":"","filesize_raw":"","date_recorded":"","explicit":"","block":"","footnotes":""},"class_list":["post-9419","page","type-page","status-publish","hentry"],"yoast_head":"<!-- This site is optimized with the Yoast SEO plugin v27.4 - https:\/\/yoast.com\/product\/yoast-seo-wordpress\/ -->\n<title>IATA Schulung Online seit 2020<\/title>\n<meta name=\"description\" content=\"IATA Schulung Online: Absolvieren Sie Ihren Gefahrgut-Schulung nach ICAO-TI\/IATA-DGR, LBA-anerkannt, ONLINE bei uns\" \/>\n<meta name=\"robots\" content=\"index, follow, max-snippet:-1, max-image-preview:large, max-video-preview:-1\" \/>\n<link rel=\"canonical\" href=\"https:\/\/www.alpha-gefahrgut-consulting.de\/index.php\/iata-online-schulung\/\" \/>\n<meta property=\"og:locale\" content=\"de_DE\" \/>\n<meta property=\"og:type\" content=\"article\" \/>\n<meta property=\"og:title\" content=\"IATA Schulung Online seit 2020\" \/>\n<meta property=\"og:description\" content=\"IATA Schulung Online: Absolvieren Sie Ihren Gefahrgut-Schulung nach ICAO-TI\/IATA-DGR, LBA-anerkannt, ONLINE bei uns\" \/>\n<meta property=\"og:url\" content=\"https:\/\/www.alpha-gefahrgut-consulting.de\/index.php\/iata-online-schulung\/\" \/>\n<meta property=\"og:site_name\" content=\"ALPHA GEFAHRGUT CONSULTING\" \/>\n<meta property=\"article:modified_time\" content=\"2025-09-22T13:45:38+00:00\" \/>\n<meta property=\"og:image\" content=\"https:\/\/www.alpha-gefahrgut-consulting.de\/wp-content\/uploads\/2025\/06\/IATA-Schulung-Online-Alpha-Gefahrgut-Consulting.jpg\" \/>\n\t<meta property=\"og:image:width\" content=\"748\" \/>\n\t<meta property=\"og:image:height\" content=\"748\" \/>\n\t<meta property=\"og:image:type\" content=\"image\/jpeg\" \/>\n<meta name=\"twitter:card\" content=\"summary_large_image\" \/>\n<meta name=\"twitter:site\" content=\"@Alpha_Gefahrgut\" \/>\n<meta name=\"twitter:label1\" content=\"Gesch\u00e4tzte Lesezeit\" \/>\n\t<meta name=\"twitter:data1\" content=\"6\u00a0Minuten\" \/>\n<script type=\"application\/ld+json\" class=\"yoast-schema-graph\">{\"@context\":\"https:\\\/\\\/schema.org\",\"@graph\":[{\"@type\":\"WebPage\",\"@id\":\"https:\\\/\\\/www.alpha-gefahrgut-consulting.de\\\/index.php\\\/iata-online-schulung\\\/\",\"url\":\"https:\\\/\\\/www.alpha-gefahrgut-consulting.de\\\/index.php\\\/iata-online-schulung\\\/\",\"name\":\"IATA Schulung Online seit 2020\",\"isPartOf\":{\"@id\":\"https:\\\/\\\/www.alpha-gefahrgut-consulting.de\\\/#website\"},\"primaryImageOfPage\":{\"@id\":\"https:\\\/\\\/www.alpha-gefahrgut-consulting.de\\\/index.php\\\/iata-online-schulung\\\/#primaryimage\"},\"image\":{\"@id\":\"https:\\\/\\\/www.alpha-gefahrgut-consulting.de\\\/index.php\\\/iata-online-schulung\\\/#primaryimage\"},\"thumbnailUrl\":\"https:\\\/\\\/www.alpha-gefahrgut-consulting.de\\\/wp-content\\\/uploads\\\/2025\\\/06\\\/IATA-Schulung-Online-Alpha-Gefahrgut-Consulting.jpg\",\"datePublished\":\"2025-06-29T14:03:08+00:00\",\"dateModified\":\"2025-09-22T13:45:38+00:00\",\"description\":\"IATA Schulung Online: Absolvieren Sie Ihren Gefahrgut-Schulung nach ICAO-TI\\\/IATA-DGR, LBA-anerkannt, ONLINE bei uns\",\"breadcrumb\":{\"@id\":\"https:\\\/\\\/www.alpha-gefahrgut-consulting.de\\\/index.php\\\/iata-online-schulung\\\/#breadcrumb\"},\"inLanguage\":\"de\",\"potentialAction\":[{\"@type\":\"ReadAction\",\"target\":[\"https:\\\/\\\/www.alpha-gefahrgut-consulting.de\\\/index.php\\\/iata-online-schulung\\\/\"]}]},{\"@type\":\"ImageObject\",\"inLanguage\":\"de\",\"@id\":\"https:\\\/\\\/www.alpha-gefahrgut-consulting.de\\\/index.php\\\/iata-online-schulung\\\/#primaryimage\",\"url\":\"https:\\\/\\\/www.alpha-gefahrgut-consulting.de\\\/wp-content\\\/uploads\\\/2025\\\/06\\\/IATA-Schulung-Online-Alpha-Gefahrgut-Consulting.jpg\",\"contentUrl\":\"https:\\\/\\\/www.alpha-gefahrgut-consulting.de\\\/wp-content\\\/uploads\\\/2025\\\/06\\\/IATA-Schulung-Online-Alpha-Gefahrgut-Consulting.jpg\",\"width\":748,\"height\":748,\"caption\":\"Gefahrgut Schulung im Virtual Classroom. Office with PC-Equipment at Airport.\"},{\"@type\":\"BreadcrumbList\",\"@id\":\"https:\\\/\\\/www.alpha-gefahrgut-consulting.de\\\/index.php\\\/iata-online-schulung\\\/#breadcrumb\",\"itemListElement\":[{\"@type\":\"ListItem\",\"position\":1,\"name\":\"Startseite\",\"item\":\"https:\\\/\\\/www.alpha-gefahrgut-consulting.de\\\/\"},{\"@type\":\"ListItem\",\"position\":2,\"name\":\"IATA Online Schulung\"}]},{\"@type\":\"WebSite\",\"@id\":\"https:\\\/\\\/www.alpha-gefahrgut-consulting.de\\\/#website\",\"url\":\"https:\\\/\\\/www.alpha-gefahrgut-consulting.de\\\/\",\"name\":\"ALPHA GEFAHRGUT CONSULTING\",\"description\":\"First Class Dangerous Goods Consulting, Management, Training.\",\"publisher\":{\"@id\":\"https:\\\/\\\/www.alpha-gefahrgut-consulting.de\\\/#organization\"},\"potentialAction\":[{\"@type\":\"SearchAction\",\"target\":{\"@type\":\"EntryPoint\",\"urlTemplate\":\"https:\\\/\\\/www.alpha-gefahrgut-consulting.de\\\/?s={search_term_string}\"},\"query-input\":{\"@type\":\"PropertyValueSpecification\",\"valueRequired\":true,\"valueName\":\"search_term_string\"}}],\"inLanguage\":\"de\"},{\"@type\":\"Organization\",\"@id\":\"https:\\\/\\\/www.alpha-gefahrgut-consulting.de\\\/#organization\",\"name\":\"ALPHA GEFAHRGUT CONSULTING\",\"url\":\"https:\\\/\\\/www.alpha-gefahrgut-consulting.de\\\/\",\"logo\":{\"@type\":\"ImageObject\",\"inLanguage\":\"de\",\"@id\":\"https:\\\/\\\/www.alpha-gefahrgut-consulting.de\\\/#\\\/schema\\\/logo\\\/image\\\/\",\"url\":\"https:\\\/\\\/www.alpha-gefahrgut-consulting.de\\\/wp-content\\\/uploads\\\/2020\\\/04\\\/cropped-AGCLogoBlech-c.jpg\",\"contentUrl\":\"https:\\\/\\\/www.alpha-gefahrgut-consulting.de\\\/wp-content\\\/uploads\\\/2020\\\/04\\\/cropped-AGCLogoBlech-c.jpg\",\"width\":250,\"height\":250,\"caption\":\"ALPHA GEFAHRGUT CONSULTING\"},\"image\":{\"@id\":\"https:\\\/\\\/www.alpha-gefahrgut-consulting.de\\\/#\\\/schema\\\/logo\\\/image\\\/\"},\"sameAs\":[\"https:\\\/\\\/x.com\\\/Alpha_Gefahrgut\",\"https:\\\/\\\/www.youtube.com\\\/@AlphaDGConsulting\",\"https:\\\/\\\/buymeacoffee.com\\\/AlphaDGConsulting\",\"https:\\\/\\\/bsky.app\\\/profile\\\/alpha-gefahrgut.bsky.social\",\"https:\\\/\\\/www.reddit.com\\\/user\\\/United_Ad5357\\\/\",\"https:\\\/\\\/semasocial.com\\\/profile\\\/247322\",\"https:\\\/\\\/truthsocial.com\\\/@AlphaDangerousGoodsConsulting\",\"https:\\\/\\\/www.linkedin.com\\\/in\\\/michael-miska-mm\\\/\",\"https:\\\/\\\/www.xing.com\\\/profile\\\/Michael_Miska088516\\\/web_profiles\",\"https:\\\/\\\/rumble.com\\\/user\\\/AlphaDangerousGoodsConsulting\",\"https:\\\/\\\/de.pinterest.com\\\/AlphaGefahrgutConsulting\\\/\"]}]}<\/script>\n<!-- \/ Yoast SEO plugin. -->","yoast_head_json":{"title":"IATA Schulung Online seit 2020","description":"IATA Schulung Online: Absolvieren Sie Ihren Gefahrgut-Schulung nach ICAO-TI\/IATA-DGR, LBA-anerkannt, ONLINE bei uns","robots":{"index":"index","follow":"follow","max-snippet":"max-snippet:-1","max-image-preview":"max-image-preview:large","max-video-preview":"max-video-preview:-1"},"canonical":"https:\/\/www.alpha-gefahrgut-consulting.de\/index.php\/iata-online-schulung\/","og_locale":"de_DE","og_type":"article","og_title":"IATA Schulung Online seit 2020","og_description":"IATA Schulung Online: Absolvieren Sie Ihren Gefahrgut-Schulung nach ICAO-TI\/IATA-DGR, LBA-anerkannt, ONLINE bei uns","og_url":"https:\/\/www.alpha-gefahrgut-consulting.de\/index.php\/iata-online-schulung\/","og_site_name":"ALPHA GEFAHRGUT CONSULTING","article_modified_time":"2025-09-22T13:45:38+00:00","og_image":[{"width":748,"height":748,"url":"https:\/\/www.alpha-gefahrgut-consulting.de\/wp-content\/uploads\/2025\/06\/IATA-Schulung-Online-Alpha-Gefahrgut-Consulting.jpg","type":"image\/jpeg"}],"twitter_card":"summary_large_image","twitter_site":"@Alpha_Gefahrgut","twitter_misc":{"Gesch\u00e4tzte Lesezeit":"6\u00a0Minuten"},"schema":{"@context":"https:\/\/schema.org","@graph":[{"@type":"WebPage","@id":"https:\/\/www.alpha-gefahrgut-consulting.de\/index.php\/iata-online-schulung\/","url":"https:\/\/www.alpha-gefahrgut-consulting.de\/index.php\/iata-online-schulung\/","name":"IATA Schulung Online seit 2020","isPartOf":{"@id":"https:\/\/www.alpha-gefahrgut-consulting.de\/#website"},"primaryImageOfPage":{"@id":"https:\/\/www.alpha-gefahrgut-consulting.de\/index.php\/iata-online-schulung\/#primaryimage"},"image":{"@id":"https:\/\/www.alpha-gefahrgut-consulting.de\/index.php\/iata-online-schulung\/#primaryimage"},"thumbnailUrl":"https:\/\/www.alpha-gefahrgut-consulting.de\/wp-content\/uploads\/2025\/06\/IATA-Schulung-Online-Alpha-Gefahrgut-Consulting.jpg","datePublished":"2025-06-29T14:03:08+00:00","dateModified":"2025-09-22T13:45:38+00:00","description":"IATA Schulung Online: Absolvieren Sie Ihren Gefahrgut-Schulung nach ICAO-TI\/IATA-DGR, LBA-anerkannt, ONLINE bei uns","breadcrumb":{"@id":"https:\/\/www.alpha-gefahrgut-consulting.de\/index.php\/iata-online-schulung\/#breadcrumb"},"inLanguage":"de","potentialAction":[{"@type":"ReadAction","target":["https:\/\/www.alpha-gefahrgut-consulting.de\/index.php\/iata-online-schulung\/"]}]},{"@type":"ImageObject","inLanguage":"de","@id":"https:\/\/www.alpha-gefahrgut-consulting.de\/index.php\/iata-online-schulung\/#primaryimage","url":"https:\/\/www.alpha-gefahrgut-consulting.de\/wp-content\/uploads\/2025\/06\/IATA-Schulung-Online-Alpha-Gefahrgut-Consulting.jpg","contentUrl":"https:\/\/www.alpha-gefahrgut-consulting.de\/wp-content\/uploads\/2025\/06\/IATA-Schulung-Online-Alpha-Gefahrgut-Consulting.jpg","width":748,"height":748,"caption":"Gefahrgut Schulung im Virtual Classroom. Office with PC-Equipment at Airport."},{"@type":"BreadcrumbList","@id":"https:\/\/www.alpha-gefahrgut-consulting.de\/index.php\/iata-online-schulung\/#breadcrumb","itemListElement":[{"@type":"ListItem","position":1,"name":"Startseite","item":"https:\/\/www.alpha-gefahrgut-consulting.de\/"},{"@type":"ListItem","position":2,"name":"IATA Online Schulung"}]},{"@type":"WebSite","@id":"https:\/\/www.alpha-gefahrgut-consulting.de\/#website","url":"https:\/\/www.alpha-gefahrgut-consulting.de\/","name":"ALPHA GEFAHRGUT CONSULTING","description":"First Class Dangerous Goods Consulting, Management, Training.","publisher":{"@id":"https:\/\/www.alpha-gefahrgut-consulting.de\/#organization"},"potentialAction":[{"@type":"SearchAction","target":{"@type":"EntryPoint","urlTemplate":"https:\/\/www.alpha-gefahrgut-consulting.de\/?s={search_term_string}"},"query-input":{"@type":"PropertyValueSpecification","valueRequired":true,"valueName":"search_term_string"}}],"inLanguage":"de"},{"@type":"Organization","@id":"https:\/\/www.alpha-gefahrgut-consulting.de\/#organization","name":"ALPHA GEFAHRGUT CONSULTING","url":"https:\/\/www.alpha-gefahrgut-consulting.de\/","logo":{"@type":"ImageObject","inLanguage":"de","@id":"https:\/\/www.alpha-gefahrgut-consulting.de\/#\/schema\/logo\/image\/","url":"https:\/\/www.alpha-gefahrgut-consulting.de\/wp-content\/uploads\/2020\/04\/cropped-AGCLogoBlech-c.jpg","contentUrl":"https:\/\/www.alpha-gefahrgut-consulting.de\/wp-content\/uploads\/2020\/04\/cropped-AGCLogoBlech-c.jpg","width":250,"height":250,"caption":"ALPHA GEFAHRGUT CONSULTING"},"image":{"@id":"https:\/\/www.alpha-gefahrgut-consulting.de\/#\/schema\/logo\/image\/"},"sameAs":["https:\/\/x.com\/Alpha_Gefahrgut","https:\/\/www.youtube.com\/@AlphaDGConsulting","https:\/\/buymeacoffee.com\/AlphaDGConsulting","https:\/\/bsky.app\/profile\/alpha-gefahrgut.bsky.social","https:\/\/www.reddit.com\/user\/United_Ad5357\/","https:\/\/semasocial.com\/profile\/247322","https:\/\/truthsocial.com\/@AlphaDangerousGoodsConsulting","https:\/\/www.linkedin.com\/in\/michael-miska-mm\/","https:\/\/www.xing.com\/profile\/Michael_Miska088516\/web_profiles","https:\/\/rumble.com\/user\/AlphaDangerousGoodsConsulting","https:\/\/de.pinterest.com\/AlphaGefahrgutConsulting\/"]}]}},"_links":{"self":[{"href":"https:\/\/www.alpha-gefahrgut-consulting.de\/index.php\/wp-json\/wp\/v2\/pages\/9419","targetHints":{"allow":["GET"]}}],"collection":[{"href":"https:\/\/www.alpha-gefahrgut-consulting.de\/index.php\/wp-json\/wp\/v2\/pages"}],"about":[{"href":"https:\/\/www.alpha-gefahrgut-consulting.de\/index.php\/wp-json\/wp\/v2\/types\/page"}],"author":[{"embeddable":true,"href":"https:\/\/www.alpha-gefahrgut-consulting.de\/index.php\/wp-json\/wp\/v2\/users\/1"}],"replies":[{"embeddable":true,"href":"https:\/\/www.alpha-gefahrgut-consulting.de\/index.php\/wp-json\/wp\/v2\/comments?post=9419"}],"version-history":[{"count":26,"href":"https:\/\/www.alpha-gefahrgut-consulting.de\/index.php\/wp-json\/wp\/v2\/pages\/9419\/revisions"}],"predecessor-version":[{"id":10757,"href":"https:\/\/www.alpha-gefahrgut-consulting.de\/index.php\/wp-json\/wp\/v2\/pages\/9419\/revisions\/10757"}],"wp:attachment":[{"href":"https:\/\/www.alpha-gefahrgut-consulting.de\/index.php\/wp-json\/wp\/v2\/media?parent=9419"}],"curies":[{"name":"wp","href":"https:\/\/api.w.org\/{rel}","templated":true}]}}