{"id":8880,"date":"2025-05-13T11:09:25","date_gmt":"2025-05-13T09:09:25","guid":{"rendered":"https:\/\/www.alpha-gefahrgut-consulting.de\/?page_id=8880"},"modified":"2026-03-27T12:30:58","modified_gmt":"2026-03-27T11:30:58","slug":"reiseportal-gefahrgut","status":"publish","type":"page","link":"https:\/\/www.alpha-gefahrgut-consulting.de\/index.php\/reiseportal-gefahrgut\/","title":{"rendered":"Reiseportal Gefahrgut"},"content":{"rendered":"<p>Willkommen im <strong>Reiseportal Gefahrgut<\/strong>.<br \/>\nDie wertvollste Zeit des Jahres steht an: Der Urlaub. Und damit verbunden die Urlaubsreise. Der eine oder andere Reisende m\u00f6chte dann pers\u00f6nliche Sachen mit auf die Reise nehmen, die m\u00f6glicherweise Gefahrgut sind.<br \/>\nSie finden hier Dateien und Informationen f\u00fcr die private Gefahrgut-Bef\u00f6rderung.<br \/>\nAlle Daten werden seitens Alpha Gefahrgut Consulting unverbindlich und ohne Gew\u00e4hr f\u00fcr den Anwender zur Verf\u00fcgung gestellt. Verbindlich sind allein die seitens der Luftfahrtbeh\u00f6rden und der Luftverkehrsgesellschaften sowie der ICAO und IATA jeweils aktuell ver\u00f6ffentlichten Daten.<\/p>\n<hr \/>\n<p><span style=\"color: #ff0000;\"><em>Sie haben beruflich mit der Bef\u00f6rderung gef\u00e4hrlicher G\u00fcter zu tun?<\/em><\/span><br \/>\n<span style=\"color: #ff0000;\"><em>Empfehlen Sie unsere Services und Schulungen!<\/em><\/span><\/p>\n<hr \/>\n<p><span style=\"color: #000000;\">Die <strong>Tabelle 2.3A der IATA-DGR<\/strong> regelt allgemein die G\u00fcltigkeit der Mitnahme von Gefahrgut im Passagier-Gep\u00e4ck, unterteilt in Handgep\u00e4ck, aufgegebenes Gep\u00e4ck (tlw. am K\u00f6rper getragen. Tab. 2.3.A IATA-DGR zum Download:\u00a0<\/span><\/p>\n<p><span style=\"color: #0000ff;\"><strong><a style=\"color: #0000ff;\" href=\"https:\/\/www.alpha-gefahrgut-consulting.de\/wp-content\/uploads\/2025\/12\/20260101_67_IATA-DGR_Tab_23A_EN.pdf\">67_IATA-DGR_Tab_2,3,A_EN<\/a><\/strong><\/span><\/p>\n<hr \/>\n<p>Links zu Passagierinformationen ausgew\u00e4hlter Airlines:<\/p>\n<p><strong><span style=\"color: #000000;\">Freebird:<\/span><\/strong><br \/>\n<span style=\"color: #0000ff;\"><a style=\"color: #0000ff;\" href=\"https:\/\/www.freebirdairlines.com\/de\/gefahrliche-stoffe-im-gepack\">https:\/\/www.freebirdairlines.com\/de\/gefahrliche-stoffe-im-gepack<\/a><\/span><\/p>\n<p><span style=\"color: #0000ff;\"><a style=\"color: #0000ff;\" href=\"https:\/\/www.freebirdairlines.com\/de\/reisen-sie-mit-lithiumbatterien\">https:\/\/www.freebirdairlines.com\/de\/reisen-sie-mit-lithiumbatterien<\/a><\/span><\/p>\n<p><strong><br \/>\nLufthansa<\/strong>:<br \/>\n<span style=\"color: #0000ff;\"><a style=\"color: #0000ff;\" href=\"https:\/\/www.lufthansa.com\/de\/de\/informationen-zur-mitnahme-von-gefaehrlichen-gegenstaenden\">https:\/\/www.lufthansa.com\/de\/de\/informationen-zur-mitnahme-von-gefaehrlichen-gegenstaenden<\/a><\/span><\/p>\n<p><strong>KLM:<\/strong><br \/>\n<span style=\"color: #0000ff;\"><a style=\"color: #0000ff;\" href=\"https:\/\/www.klm.de\/information\/baggage\">https:\/\/www.klm.de\/information\/baggage<\/a><\/span><\/p>\n<p><strong>Air France:<\/strong><br \/>\n<span style=\"color: #0000ff;\"><a style=\"color: #0000ff;\" href=\"https:\/\/wwws.airfrance.de\/information\/bagages\/produits-interdits-et-reglementes\">https:\/\/wwws.airfrance.de\/information\/bagages\/produits-interdits-et-reglementes<\/a><\/span><\/p>\n<p><strong>Brussels Airlines:<\/strong><br \/>\n<span style=\"color: #0000ff;\"><a style=\"color: #0000ff;\" href=\"https:\/\/www.brusselsairlines.com\/de\/de\/extra-services\/baggage\/prohibited-items.html\">https:\/\/www.brusselsairlines.com\/de\/de\/extra-services\/baggage\/prohibited-items.html<\/a><\/span><\/p>\n<p><strong>Iberia:<\/strong><br \/>\n<span style=\"color: #0000ff;\"><a style=\"color: #0000ff;\" href=\"https:\/\/www.iberia.com\/de\/gepack\/gefahrliche-gegenstande\/?_gl=1*1h55ued*_up*MQ..*_gs*MQ..&amp;gclid=EAIaIQobChMIvpTkhMOljQMVEoFQBh1qrQAMEAAYASAAEgJDZ_D_BwE&amp;gbraid=0AAAAADnSFDHLeT8LpTB55THFPA5vR9O0m\">https:\/\/www.iberia.com\/de\/gepack\/gefahrliche-gegenstande\/?_gl=1*1h55ued*_up*MQ..*_gs*MQ..&amp;gclid=EAIaIQobChMIvpTkhMOljQMVEoFQBh1qrQAMEAAYASAAEgJDZ_D_BwE&amp;gbraid=0AAAAADnSFDHLeT8LpTB55THFPA5vR9O0m<\/a><\/span><\/p>\n<p><strong>TAP Air Portugal:<\/strong><br \/>\n<span style=\"color: #0000ff;\"><a style=\"color: #0000ff;\" href=\"https:\/\/www.flytap.com\/de-de\/informationen\/gepack\/gefahrliche-gegenstande\">https:\/\/www.flytap.com\/de-de\/informationen\/gepack\/gefahrliche-gegenstande<\/a><\/span><\/p>\n<p><strong>Aer Lingus:<\/strong><br \/>\n<span style=\"color: #0000ff;\"><a style=\"color: #0000ff;\" href=\"https:\/\/www.aerlingus.com\/prepare\/bags\/restricted-items\/?_gl=1*1icxbzy*_up*MQ..*_gs*MQ..&amp;gclid=EAIaIQobChMI5MOTp4WljQMVWzkGAB358jcrEAAYASAAEgI8nfD_BwE&amp;gclsrc=aw.ds&amp;gbraid=0AAAAAD6H-oIxFbtR6FeEYRWwYbxX2elo0\">https:\/\/www.aerlingus.com\/prepare\/bags\/restricted-items\/?_gl=1*1icxbzy*_up*MQ..*_gs*MQ..&amp;gclid=EAIaIQobChMI5MOTp4WljQMVWzkGAB358jcrEAAYASAAEgI8nfD_BwE&amp;gclsrc=aw.ds&amp;gbraid=0AAAAAD6H-oIxFbtR6FeEYRWwYbxX2elo0<\/a><\/span><\/p>\n<p><strong>Air Corsica:<\/strong><br \/>\n<span style=\"color: #0000ff;\"><a style=\"color: #0000ff;\" href=\"https:\/\/www.aircorsica.com\/fluge\/gepack\/?_gl=1*s4ulwh*_up*MQ..*_gs*MQ..*_ga*MjA4OTA1OTgyMC4xNzQ3MzEzODU3*_ga_GF3RCV5YFQ*czE3NDczMTM4NTYkbzEkZzEkdDE3NDczMTM4NjckajAkbDAkaDI5Mjc2NzgxMA..&amp;gclid=EAIaIQobChMIisfOq8OljQMV6j0GAB0rwwX_EAAYASAAEgL9gfD_BwE&amp;gbraid=0AAAAAD0VMHd_ZkD-zvw2PU8a_8o4mFHC-\">https:\/\/www.aircorsica.com\/fluge\/gepack\/?_gl=1*s4ulwh*_up*MQ..*_gs*MQ..*_ga*MjA4OTA1OTgyMC4xNzQ3MzEzODU3*_ga_GF3RCV5YFQ*czE3NDczMTM4NTYkbzEkZzEkdDE3NDczMTM4NjckajAkbDAkaDI5Mjc2NzgxMA..&amp;gclid=EAIaIQobChMIisfOq8OljQMV6j0GAB0rwwX_EAAYASAAEgL9gfD_BwE&amp;gbraid=0AAAAAD0VMHd_ZkD-zvw2PU8a_8o4mFHC-<\/a><\/span><\/p>\n<p><strong>SAS (Scandinavian):<\/strong><br \/>\n<span style=\"color: #0000ff;\"><a style=\"color: #0000ff;\" href=\"https:\/\/www.flysas.com\/de-de\/reiseinformationen\/gepack\/beschrankte-verbotene-artikel\/\">https:\/\/www.flysas.com\/de-de\/reiseinformationen\/gepack\/beschrankte-verbotene-artikel\/<\/a><\/span><\/p>\n<p><strong>Eurowings:<\/strong><br \/>\n<span style=\"color: #0000ff;\"><a style=\"color: #0000ff;\" href=\"https:\/\/www.eurowings.com\/de\/informieren\/gepaeck\/verbotene-gefaehrliche-gueter.html\">https:\/\/www.eurowings.com\/de\/informieren\/gepaeck\/verbotene-gefaehrliche-gueter.html<\/a><\/span><\/p>\n<p><strong>Easyjet:<\/strong><br \/>\n<span style=\"color: #0000ff;\"><a style=\"color: #0000ff;\" href=\"https:\/\/www.easyjet.com\/de\/hilfe\/gepack\/nicht-allgemein-zugelassene-und-weniger-gebrauchliche-gegenstande\">https:\/\/www.easyjet.com\/de\/hilfe\/gepack\/nicht-allgemein-zugelassene-und-weniger-gebrauchliche-gegenstande<\/a><\/span><\/p>\n<p><strong>Condor:<\/strong><br \/>\n<span style=\"color: #0000ff;\"><a style=\"color: #0000ff;\" href=\"https:\/\/www.condor.com\/de\/hilfe-kontakt\/hilfe.jsp\">https:\/\/www.condor.com\/de\/hilfe-kontakt\/hilfe.jsp<\/a><\/span><\/p>\n<p><strong>Swiss:<\/strong><br \/>\n<span style=\"color: #0000ff;\"><a style=\"color: #0000ff;\" href=\"https:\/\/www.swiss.com\/ch\/de\/customer-support\/contact-us\">https:\/\/www.swiss.com\/ch\/de\/customer-support\/contact-us<\/a><\/span><\/p>\n<p><strong>Ryanair:<\/strong><br \/>\n<span style=\"color: #0000ff;\"><a style=\"color: #0000ff;\" href=\"https:\/\/help.ryanair.com\/hc\/de-at\/categories\/12502999419409-Erlaubte-Gegenst%C3%A4nde-an-Bord#Welche%20Gegenst%C3%A4nde%20sind%20an%20Bord%20und%20im%20Aufgabegep%C3%A4ck%20verboten?\">https:\/\/help.ryanair.com\/hc\/de-at\/categories\/12502999419409-Erlaubte-Gegenst%C3%A4nde-an-Bord#Welche%20Gegenst%C3%A4nde%20sind%20an%20Bord%20und%20im%20Aufgabegep%C3%A4ck%20verboten?<\/a><\/span><\/p>\n<p><strong>LOT<\/strong> &#8211; Polish Airlines:<br \/>\n<span style=\"color: #0000ff;\"><a style=\"color: #0000ff;\" href=\"https:\/\/www.lot.com\/de\/de\/help-center\/baggage\">https:\/\/www.lot.com\/de\/de\/help-center\/baggage<\/a><\/span><\/p>\n<p><strong>Avanti<\/strong> Air:<br \/>\n<span style=\"color: #0000ff;\"><a style=\"color: #0000ff;\" href=\"https:\/\/www.avantiair.com\/files\/downloads\/GefaehrlicheGegeEnglisch.pdf\">https:\/\/www.avantiair.com\/files\/downloads\/GefaehrlicheGegeEnglisch.pdf<\/a><\/span><\/p>\n<p><strong>Wizz:<\/strong><br \/>\n<span style=\"color: #800080;\"><a style=\"color: #800080;\" href=\"https:\/\/www.wizzair.com\/de-de\/legal\/allgemeine-beforderungsbedingungen-fur-passagiere-und-gepack\">https:\/\/www.wizzair.com\/de-de\/legal\/allgemeine-beforderungsbedingungen-fur-passagiere-und-gepack<\/a><\/span><\/p>\n","protected":false},"excerpt":{"rendered":"<p>Willkommen im Reiseportal Gefahrgut. Die wertvollste Zeit des Jahres steht an: Der Urlaub. Und damit verbunden die Urlaubsreise. Der eine oder andere Reisende m\u00f6chte dann pers\u00f6nliche Sachen mit auf die Reise nehmen, die m\u00f6glicherweise Gefahrgut sind. Sie finden hier Dateien und Informationen f\u00fcr die private Gefahrgut-Bef\u00f6rderung. Alle Daten werden seitens Alpha Gefahrgut Consulting unverbindlich und &hellip; <\/p>\n<p class=\"link-more\"><a href=\"https:\/\/www.alpha-gefahrgut-consulting.de\/index.php\/reiseportal-gefahrgut\/\" class=\"more-link\"><span class=\"screen-reader-text\">\u201eReiseportal Gefahrgut\u201c<\/span> weiterlesen<\/a><\/p>\n","protected":false},"author":1,"featured_media":8892,"parent":0,"menu_order":0,"comment_status":"closed","ping_status":"closed","template":"","meta":{"episode_type":"","audio_file":"","podmotor_file_id":"","podmotor_episode_id":"","cover_image":"","cover_image_id":"","duration":"","filesize":"","filesize_raw":"","date_recorded":"","explicit":"","block":"","footnotes":""},"class_list":["post-8880","page","type-page","status-publish","has-post-thumbnail","hentry"],"yoast_head":"<!-- This site is optimized with the Yoast SEO plugin v27.5 - https:\/\/yoast.com\/product\/yoast-seo-wordpress\/ -->\n<title>Gefahrgut auf Reisen - Das Reiseportal<\/title>\n<meta name=\"description\" content=\"Die beste Zeit des Jahres steht an und Sie m\u00f6chten verreisen? Spannend kann es werden, wenn Sie Gefahrgut mit auf die Reise nehmen m\u00f6chten.\" \/>\n<meta name=\"robots\" content=\"index, follow, max-snippet:-1, max-image-preview:large, max-video-preview:-1\" \/>\n<link rel=\"canonical\" href=\"https:\/\/www.alpha-gefahrgut-consulting.de\/index.php\/reiseportal-gefahrgut\/\" \/>\n<meta property=\"og:locale\" content=\"de_DE\" \/>\n<meta property=\"og:type\" content=\"article\" \/>\n<meta property=\"og:title\" content=\"Gefahrgut auf Reisen - Das Reiseportal\" \/>\n<meta property=\"og:description\" content=\"Die beste Zeit des Jahres steht an und Sie m\u00f6chten verreisen? Spannend kann es werden, wenn Sie Gefahrgut mit auf die Reise nehmen m\u00f6chten.\" \/>\n<meta property=\"og:url\" content=\"https:\/\/www.alpha-gefahrgut-consulting.de\/index.php\/reiseportal-gefahrgut\/\" \/>\n<meta property=\"og:site_name\" content=\"ALPHA GEFAHRGUT CONSULTING\" \/>\n<meta property=\"article:modified_time\" content=\"2026-03-27T11:30:58+00:00\" \/>\n<meta property=\"og:image\" content=\"https:\/\/www.alpha-gefahrgut-consulting.de\/wp-content\/uploads\/2025\/05\/AGC-Reiseportal-1892x838pxdk.jpg\" \/>\n\t<meta property=\"og:image:width\" content=\"1892\" \/>\n\t<meta property=\"og:image:height\" content=\"856\" \/>\n\t<meta property=\"og:image:type\" content=\"image\/jpeg\" \/>\n<meta name=\"twitter:card\" content=\"summary_large_image\" \/>\n<meta name=\"twitter:site\" content=\"@Alpha_Gefahrgut\" \/>\n<meta name=\"twitter:label1\" content=\"Gesch\u00e4tzte Lesezeit\" \/>\n\t<meta name=\"twitter:data1\" content=\"2\u00a0Minuten\" \/>\n<script type=\"application\/ld+json\" class=\"yoast-schema-graph\">{\"@context\":\"https:\\\/\\\/schema.org\",\"@graph\":[{\"@type\":\"WebPage\",\"@id\":\"https:\\\/\\\/www.alpha-gefahrgut-consulting.de\\\/index.php\\\/reiseportal-gefahrgut\\\/\",\"url\":\"https:\\\/\\\/www.alpha-gefahrgut-consulting.de\\\/index.php\\\/reiseportal-gefahrgut\\\/\",\"name\":\"Gefahrgut auf Reisen - Das Reiseportal\",\"isPartOf\":{\"@id\":\"https:\\\/\\\/www.alpha-gefahrgut-consulting.de\\\/#website\"},\"primaryImageOfPage\":{\"@id\":\"https:\\\/\\\/www.alpha-gefahrgut-consulting.de\\\/index.php\\\/reiseportal-gefahrgut\\\/#primaryimage\"},\"image\":{\"@id\":\"https:\\\/\\\/www.alpha-gefahrgut-consulting.de\\\/index.php\\\/reiseportal-gefahrgut\\\/#primaryimage\"},\"thumbnailUrl\":\"https:\\\/\\\/www.alpha-gefahrgut-consulting.de\\\/wp-content\\\/uploads\\\/2025\\\/05\\\/AGC-Reiseportal-1892x838pxdk.jpg\",\"datePublished\":\"2025-05-13T09:09:25+00:00\",\"dateModified\":\"2026-03-27T11:30:58+00:00\",\"description\":\"Die beste Zeit des Jahres steht an und Sie m\u00f6chten verreisen? Spannend kann es werden, wenn Sie Gefahrgut mit auf die Reise nehmen m\u00f6chten.\",\"breadcrumb\":{\"@id\":\"https:\\\/\\\/www.alpha-gefahrgut-consulting.de\\\/index.php\\\/reiseportal-gefahrgut\\\/#breadcrumb\"},\"inLanguage\":\"de\",\"potentialAction\":[{\"@type\":\"ReadAction\",\"target\":[\"https:\\\/\\\/www.alpha-gefahrgut-consulting.de\\\/index.php\\\/reiseportal-gefahrgut\\\/\"]}]},{\"@type\":\"ImageObject\",\"inLanguage\":\"de\",\"@id\":\"https:\\\/\\\/www.alpha-gefahrgut-consulting.de\\\/index.php\\\/reiseportal-gefahrgut\\\/#primaryimage\",\"url\":\"https:\\\/\\\/www.alpha-gefahrgut-consulting.de\\\/wp-content\\\/uploads\\\/2025\\\/05\\\/AGC-Reiseportal-1892x838pxdk.jpg\",\"contentUrl\":\"https:\\\/\\\/www.alpha-gefahrgut-consulting.de\\\/wp-content\\\/uploads\\\/2025\\\/05\\\/AGC-Reiseportal-1892x838pxdk.jpg\",\"width\":1892,\"height\":856},{\"@type\":\"BreadcrumbList\",\"@id\":\"https:\\\/\\\/www.alpha-gefahrgut-consulting.de\\\/index.php\\\/reiseportal-gefahrgut\\\/#breadcrumb\",\"itemListElement\":[{\"@type\":\"ListItem\",\"position\":1,\"name\":\"Startseite\",\"item\":\"https:\\\/\\\/www.alpha-gefahrgut-consulting.de\\\/\"},{\"@type\":\"ListItem\",\"position\":2,\"name\":\"Reiseportal Gefahrgut\"}]},{\"@type\":\"WebSite\",\"@id\":\"https:\\\/\\\/www.alpha-gefahrgut-consulting.de\\\/#website\",\"url\":\"https:\\\/\\\/www.alpha-gefahrgut-consulting.de\\\/\",\"name\":\"ALPHA GEFAHRGUT CONSULTING\",\"description\":\"First Class Dangerous Goods Consulting, Management, Training.\",\"publisher\":{\"@id\":\"https:\\\/\\\/www.alpha-gefahrgut-consulting.de\\\/#organization\"},\"potentialAction\":[{\"@type\":\"SearchAction\",\"target\":{\"@type\":\"EntryPoint\",\"urlTemplate\":\"https:\\\/\\\/www.alpha-gefahrgut-consulting.de\\\/?s={search_term_string}\"},\"query-input\":{\"@type\":\"PropertyValueSpecification\",\"valueRequired\":true,\"valueName\":\"search_term_string\"}}],\"inLanguage\":\"de\"},{\"@type\":\"Organization\",\"@id\":\"https:\\\/\\\/www.alpha-gefahrgut-consulting.de\\\/#organization\",\"name\":\"ALPHA GEFAHRGUT CONSULTING\",\"url\":\"https:\\\/\\\/www.alpha-gefahrgut-consulting.de\\\/\",\"logo\":{\"@type\":\"ImageObject\",\"inLanguage\":\"de\",\"@id\":\"https:\\\/\\\/www.alpha-gefahrgut-consulting.de\\\/#\\\/schema\\\/logo\\\/image\\\/\",\"url\":\"https:\\\/\\\/www.alpha-gefahrgut-consulting.de\\\/wp-content\\\/uploads\\\/2020\\\/04\\\/cropped-AGCLogoBlech-c.jpg\",\"contentUrl\":\"https:\\\/\\\/www.alpha-gefahrgut-consulting.de\\\/wp-content\\\/uploads\\\/2020\\\/04\\\/cropped-AGCLogoBlech-c.jpg\",\"width\":250,\"height\":250,\"caption\":\"ALPHA GEFAHRGUT CONSULTING\"},\"image\":{\"@id\":\"https:\\\/\\\/www.alpha-gefahrgut-consulting.de\\\/#\\\/schema\\\/logo\\\/image\\\/\"},\"sameAs\":[\"https:\\\/\\\/x.com\\\/Alpha_Gefahrgut\",\"https:\\\/\\\/www.youtube.com\\\/@AlphaDGConsulting\",\"https:\\\/\\\/buymeacoffee.com\\\/AlphaDGConsulting\",\"https:\\\/\\\/bsky.app\\\/profile\\\/alpha-gefahrgut.bsky.social\",\"https:\\\/\\\/www.reddit.com\\\/user\\\/United_Ad5357\\\/\",\"https:\\\/\\\/semasocial.com\\\/profile\\\/247322\",\"https:\\\/\\\/truthsocial.com\\\/@AlphaDangerousGoodsConsulting\",\"https:\\\/\\\/www.linkedin.com\\\/in\\\/michael-miska-mm\\\/\",\"https:\\\/\\\/www.xing.com\\\/profile\\\/Michael_Miska088516\\\/web_profiles\",\"https:\\\/\\\/rumble.com\\\/user\\\/AlphaDangerousGoodsConsulting\",\"https:\\\/\\\/de.pinterest.com\\\/AlphaGefahrgutConsulting\\\/\"]}]}<\/script>\n<!-- \/ Yoast SEO plugin. -->","yoast_head_json":{"title":"Gefahrgut auf Reisen - Das Reiseportal","description":"Die beste Zeit des Jahres steht an und Sie m\u00f6chten verreisen? Spannend kann es werden, wenn Sie Gefahrgut mit auf die Reise nehmen m\u00f6chten.","robots":{"index":"index","follow":"follow","max-snippet":"max-snippet:-1","max-image-preview":"max-image-preview:large","max-video-preview":"max-video-preview:-1"},"canonical":"https:\/\/www.alpha-gefahrgut-consulting.de\/index.php\/reiseportal-gefahrgut\/","og_locale":"de_DE","og_type":"article","og_title":"Gefahrgut auf Reisen - Das Reiseportal","og_description":"Die beste Zeit des Jahres steht an und Sie m\u00f6chten verreisen? Spannend kann es werden, wenn Sie Gefahrgut mit auf die Reise nehmen m\u00f6chten.","og_url":"https:\/\/www.alpha-gefahrgut-consulting.de\/index.php\/reiseportal-gefahrgut\/","og_site_name":"ALPHA GEFAHRGUT CONSULTING","article_modified_time":"2026-03-27T11:30:58+00:00","og_image":[{"width":1892,"height":856,"url":"https:\/\/www.alpha-gefahrgut-consulting.de\/wp-content\/uploads\/2025\/05\/AGC-Reiseportal-1892x838pxdk.jpg","type":"image\/jpeg"}],"twitter_card":"summary_large_image","twitter_site":"@Alpha_Gefahrgut","twitter_misc":{"Gesch\u00e4tzte Lesezeit":"2\u00a0Minuten"},"schema":{"@context":"https:\/\/schema.org","@graph":[{"@type":"WebPage","@id":"https:\/\/www.alpha-gefahrgut-consulting.de\/index.php\/reiseportal-gefahrgut\/","url":"https:\/\/www.alpha-gefahrgut-consulting.de\/index.php\/reiseportal-gefahrgut\/","name":"Gefahrgut auf Reisen - Das Reiseportal","isPartOf":{"@id":"https:\/\/www.alpha-gefahrgut-consulting.de\/#website"},"primaryImageOfPage":{"@id":"https:\/\/www.alpha-gefahrgut-consulting.de\/index.php\/reiseportal-gefahrgut\/#primaryimage"},"image":{"@id":"https:\/\/www.alpha-gefahrgut-consulting.de\/index.php\/reiseportal-gefahrgut\/#primaryimage"},"thumbnailUrl":"https:\/\/www.alpha-gefahrgut-consulting.de\/wp-content\/uploads\/2025\/05\/AGC-Reiseportal-1892x838pxdk.jpg","datePublished":"2025-05-13T09:09:25+00:00","dateModified":"2026-03-27T11:30:58+00:00","description":"Die beste Zeit des Jahres steht an und Sie m\u00f6chten verreisen? Spannend kann es werden, wenn Sie Gefahrgut mit auf die Reise nehmen m\u00f6chten.","breadcrumb":{"@id":"https:\/\/www.alpha-gefahrgut-consulting.de\/index.php\/reiseportal-gefahrgut\/#breadcrumb"},"inLanguage":"de","potentialAction":[{"@type":"ReadAction","target":["https:\/\/www.alpha-gefahrgut-consulting.de\/index.php\/reiseportal-gefahrgut\/"]}]},{"@type":"ImageObject","inLanguage":"de","@id":"https:\/\/www.alpha-gefahrgut-consulting.de\/index.php\/reiseportal-gefahrgut\/#primaryimage","url":"https:\/\/www.alpha-gefahrgut-consulting.de\/wp-content\/uploads\/2025\/05\/AGC-Reiseportal-1892x838pxdk.jpg","contentUrl":"https:\/\/www.alpha-gefahrgut-consulting.de\/wp-content\/uploads\/2025\/05\/AGC-Reiseportal-1892x838pxdk.jpg","width":1892,"height":856},{"@type":"BreadcrumbList","@id":"https:\/\/www.alpha-gefahrgut-consulting.de\/index.php\/reiseportal-gefahrgut\/#breadcrumb","itemListElement":[{"@type":"ListItem","position":1,"name":"Startseite","item":"https:\/\/www.alpha-gefahrgut-consulting.de\/"},{"@type":"ListItem","position":2,"name":"Reiseportal Gefahrgut"}]},{"@type":"WebSite","@id":"https:\/\/www.alpha-gefahrgut-consulting.de\/#website","url":"https:\/\/www.alpha-gefahrgut-consulting.de\/","name":"ALPHA GEFAHRGUT CONSULTING","description":"First Class Dangerous Goods Consulting, Management, Training.","publisher":{"@id":"https:\/\/www.alpha-gefahrgut-consulting.de\/#organization"},"potentialAction":[{"@type":"SearchAction","target":{"@type":"EntryPoint","urlTemplate":"https:\/\/www.alpha-gefahrgut-consulting.de\/?s={search_term_string}"},"query-input":{"@type":"PropertyValueSpecification","valueRequired":true,"valueName":"search_term_string"}}],"inLanguage":"de"},{"@type":"Organization","@id":"https:\/\/www.alpha-gefahrgut-consulting.de\/#organization","name":"ALPHA GEFAHRGUT CONSULTING","url":"https:\/\/www.alpha-gefahrgut-consulting.de\/","logo":{"@type":"ImageObject","inLanguage":"de","@id":"https:\/\/www.alpha-gefahrgut-consulting.de\/#\/schema\/logo\/image\/","url":"https:\/\/www.alpha-gefahrgut-consulting.de\/wp-content\/uploads\/2020\/04\/cropped-AGCLogoBlech-c.jpg","contentUrl":"https:\/\/www.alpha-gefahrgut-consulting.de\/wp-content\/uploads\/2020\/04\/cropped-AGCLogoBlech-c.jpg","width":250,"height":250,"caption":"ALPHA GEFAHRGUT CONSULTING"},"image":{"@id":"https:\/\/www.alpha-gefahrgut-consulting.de\/#\/schema\/logo\/image\/"},"sameAs":["https:\/\/x.com\/Alpha_Gefahrgut","https:\/\/www.youtube.com\/@AlphaDGConsulting","https:\/\/buymeacoffee.com\/AlphaDGConsulting","https:\/\/bsky.app\/profile\/alpha-gefahrgut.bsky.social","https:\/\/www.reddit.com\/user\/United_Ad5357\/","https:\/\/semasocial.com\/profile\/247322","https:\/\/truthsocial.com\/@AlphaDangerousGoodsConsulting","https:\/\/www.linkedin.com\/in\/michael-miska-mm\/","https:\/\/www.xing.com\/profile\/Michael_Miska088516\/web_profiles","https:\/\/rumble.com\/user\/AlphaDangerousGoodsConsulting","https:\/\/de.pinterest.com\/AlphaGefahrgutConsulting\/"]}]}},"_links":{"self":[{"href":"https:\/\/www.alpha-gefahrgut-consulting.de\/index.php\/wp-json\/wp\/v2\/pages\/8880","targetHints":{"allow":["GET"]}}],"collection":[{"href":"https:\/\/www.alpha-gefahrgut-consulting.de\/index.php\/wp-json\/wp\/v2\/pages"}],"about":[{"href":"https:\/\/www.alpha-gefahrgut-consulting.de\/index.php\/wp-json\/wp\/v2\/types\/page"}],"author":[{"embeddable":true,"href":"https:\/\/www.alpha-gefahrgut-consulting.de\/index.php\/wp-json\/wp\/v2\/users\/1"}],"replies":[{"embeddable":true,"href":"https:\/\/www.alpha-gefahrgut-consulting.de\/index.php\/wp-json\/wp\/v2\/comments?post=8880"}],"version-history":[{"count":22,"href":"https:\/\/www.alpha-gefahrgut-consulting.de\/index.php\/wp-json\/wp\/v2\/pages\/8880\/revisions"}],"predecessor-version":[{"id":11496,"href":"https:\/\/www.alpha-gefahrgut-consulting.de\/index.php\/wp-json\/wp\/v2\/pages\/8880\/revisions\/11496"}],"wp:featuredmedia":[{"embeddable":true,"href":"https:\/\/www.alpha-gefahrgut-consulting.de\/index.php\/wp-json\/wp\/v2\/media\/8892"}],"wp:attachment":[{"href":"https:\/\/www.alpha-gefahrgut-consulting.de\/index.php\/wp-json\/wp\/v2\/media?parent=8880"}],"curies":[{"name":"wp","href":"https:\/\/api.w.org\/{rel}","templated":true}]}}