{"id":8290,"date":"2025-03-04T11:13:02","date_gmt":"2025-03-04T10:13:02","guid":{"rendered":"https:\/\/www.alpha-gefahrgut-consulting.de\/?page_id=8290"},"modified":"2026-02-12T10:29:08","modified_gmt":"2026-02-12T09:29:08","slug":"cbta-ground","status":"publish","type":"page","link":"https:\/\/www.alpha-gefahrgut-consulting.de\/index.php\/cbta-ground\/","title":{"rendered":"CBTA GROUND"},"content":{"rendered":"\n<p><strong><span style=\"color: #000000;\">Das CBTA-&#8218;Grundstudium&#8216;.<\/span><br><\/strong>Geeignet f\u00fcr Personal, das nicht direkt an der Gefahrgut-Bef\u00f6rderung beteiligt ist und f\u00fcr das kein CBTA-Schulungsumfang explizit vorgeschrieben ist.<br><br><span style=\"color: #ff6600;\"><strong>Hier als &#8222;Solo&#8220;-Schulung &#8211;<br><span style=\"color: #000000;\">ansonsten in jeder CBTA-Schulung automatisch (als Tag A) im Stundenplan enthalten und im Preis inbegriffen!<\/span><\/strong><\/span><\/p>\n\n\n\n<hr class=\"wp-block-separator has-alpha-channel-opacity is-style-wide\"\/>\n\n\n\n<figure class=\"wp-block-image\"><img loading=\"lazy\" decoding=\"async\" width=\"748\" height=\"371\" src=\"https:\/\/www.alpha-gefahrgut-consulting.de\/wp-content\/uploads\/2025\/03\/AGC-CBTA-GROUND-748px.jpg\" alt=\"\" class=\"wp-image-8279\" srcset=\"https:\/\/www.alpha-gefahrgut-consulting.de\/wp-content\/uploads\/2025\/03\/AGC-CBTA-GROUND-748px.jpg 748w, https:\/\/www.alpha-gefahrgut-consulting.de\/wp-content\/uploads\/2025\/03\/AGC-CBTA-GROUND-748px-300x149.jpg 300w\" sizes=\"auto, (max-width: 706px) 89vw, (max-width: 767px) 82vw, 740px\" \/><\/figure>\n\n\n\n<p>Virtual Classroom Session.<br><strong>Schulungsinhalt ist das Grundwissen f\u00fcr die Bef\u00f6rderung gef\u00e4hrlicher G\u00fcter im Luftverkehr nach ICAO-TI\/IATA-DGR und CBTA.<\/strong><\/p>\n\n\n\n<p>Auch geeignet zur Flexibilisierung der Schulungszeiten:<br>Inhaber der Teilnahmebescheinigung &#8222;GROUND&#8220; k\u00f6nnen bei Alpha Gefahrgut Consulting den Schulungstag A in \u00f6ffentlich buchbaren CBTA-Einweisungs-Schulungen einsparen (Tag A gilt als absolviert), sofern die Teilnahmebescheinigung nicht \u00e4lter als 3 Monate ist.<br>F\u00fcr die Anerkennung f\u00fcr Refresher-Schulungen muss die Teilnahmebescheinigung GROUND innerhalb von 3 Monaten vor Ablauf des Vorzertifikates erworben worden sein, um den Tag A einsparen zu k\u00f6nnen.<\/p>\n\n\n\n<p>Das\u00a0 <span style=\"color: #000000;\">Anmeldeformular <\/span>enth\u00e4lt auch Durchf\u00fchrungstermine und Preise:<br><strong>Anmeldeformular:<\/strong><\/p>\n\n\n\n<div data-wp-interactive=\"core\/file\" class=\"wp-block-file\"><object data-wp-bind--hidden=\"!state.hasPdfPreview\" hidden class=\"wp-block-file__embed\" data=\"https:\/\/www.alpha-gefahrgut-consulting.de\/wp-content\/uploads\/2026\/02\/ALPHA-CBTA-Anmeldeformular-GROUND.pdf\" type=\"application\/pdf\" style=\"width:100%;height:600px\" aria-label=\"Einbettung von ALPHA-CBTA-Anmeldeformular-GROUND.\"><\/object><a id=\"wp-block-file--media-3869b53a-a950-4ec0-94f6-9ff994c2bb0f\" href=\"https:\/\/www.alpha-gefahrgut-consulting.de\/wp-content\/uploads\/2026\/02\/ALPHA-CBTA-Anmeldeformular-GROUND.pdf\">ALPHA-CBTA-Anmeldeformular-GROUND<\/a><a href=\"https:\/\/www.alpha-gefahrgut-consulting.de\/wp-content\/uploads\/2026\/02\/ALPHA-CBTA-Anmeldeformular-GROUND.pdf\" class=\"wp-block-file__button wp-element-button\" download aria-describedby=\"wp-block-file--media-3869b53a-a950-4ec0-94f6-9ff994c2bb0f\">Herunterladen<\/a><\/div>\n\n\n\n<hr class=\"wp-block-separator has-alpha-channel-opacity is-style-wide\"\/>\n\n\n\n<p>Die&nbsp; &nbsp;<a href=\"https:\/\/www.alpha-gefahrgut-consulting.de\/wp-content\/uploads\/2025\/03\/ALPHA-CBTA-Teilnahmebedingungen-GROUND.pdf\"><span style=\"color: #0000ff;\"><strong>Teilnahmebedingungen<\/strong><\/span><\/a>&nbsp; &nbsp;(Download) finden Sie hier.&nbsp; Die zugeh\u00f6rigen, in den Teilnahmebedingungen genannten AGB und Datenschutzbestimmungen finden Sie auf der Alpha Gefahrgut Consulting &#8222;MainPage&#8220; (einfach auf der Startseite nach unten scrollen).<\/p>\n\n\n\n<hr class=\"wp-block-separator has-alpha-channel-opacity is-style-wide\"\/>\n","protected":false},"excerpt":{"rendered":"<p>Das CBTA-&#8218;Grundstudium&#8216;.Geeignet f\u00fcr Personal, das nicht direkt an der Gefahrgut-Bef\u00f6rderung beteiligt ist und f\u00fcr das kein CBTA-Schulungsumfang explizit vorgeschrieben ist. Hier als &#8222;Solo&#8220;-Schulung &#8211;ansonsten in jeder CBTA-Schulung automatisch (als Tag A) im Stundenplan enthalten und im Preis inbegriffen! Virtual Classroom Session.Schulungsinhalt ist das Grundwissen f\u00fcr die Bef\u00f6rderung gef\u00e4hrlicher G\u00fcter im Luftverkehr nach ICAO-TI\/IATA-DGR und CBTA. &hellip; <\/p>\n<p class=\"link-more\"><a href=\"https:\/\/www.alpha-gefahrgut-consulting.de\/index.php\/cbta-ground\/\" class=\"more-link\"><span class=\"screen-reader-text\">\u201eCBTA GROUND\u201c<\/span> weiterlesen<\/a><\/p>\n","protected":false},"author":1,"featured_media":0,"parent":0,"menu_order":0,"comment_status":"closed","ping_status":"closed","template":"","meta":{"episode_type":"","audio_file":"","podmotor_file_id":"","podmotor_episode_id":"","cover_image":"","cover_image_id":"","duration":"","filesize":"","filesize_raw":"","date_recorded":"","explicit":"","block":"","footnotes":""},"class_list":["post-8290","page","type-page","status-publish","hentry"],"yoast_head":"<!-- This site is optimized with the Yoast SEO plugin v27.4 - https:\/\/yoast.com\/product\/yoast-seo-wordpress\/ -->\n<title>CBTA-GROUND: Das &#039;Grundstudium&#039; Gefahrgut Luftverkehr<\/title>\n<meta name=\"description\" content=\"CBTA GROUND: Dieses Schulungsmodul vermittelt das Grundwissen \u00fcber die Gefahrgutbef\u00f6rderung im Luftverkehr.\" \/>\n<meta name=\"robots\" content=\"index, follow, max-snippet:-1, max-image-preview:large, max-video-preview:-1\" \/>\n<link rel=\"canonical\" href=\"https:\/\/www.alpha-gefahrgut-consulting.de\/index.php\/cbta-ground\/\" \/>\n<meta property=\"og:locale\" content=\"de_DE\" \/>\n<meta property=\"og:type\" content=\"article\" \/>\n<meta property=\"og:title\" content=\"CBTA-GROUND: Das &#039;Grundstudium&#039; Gefahrgut Luftverkehr\" \/>\n<meta property=\"og:description\" content=\"CBTA GROUND: Dieses Schulungsmodul vermittelt das Grundwissen \u00fcber die Gefahrgutbef\u00f6rderung im Luftverkehr.\" \/>\n<meta property=\"og:url\" content=\"https:\/\/www.alpha-gefahrgut-consulting.de\/index.php\/cbta-ground\/\" \/>\n<meta property=\"og:site_name\" content=\"ALPHA GEFAHRGUT CONSULTING\" \/>\n<meta property=\"article:modified_time\" content=\"2026-02-12T09:29:08+00:00\" \/>\n<meta property=\"og:image\" content=\"https:\/\/www.alpha-gefahrgut-consulting.de\/wp-content\/uploads\/2025\/03\/AGC-CBTA-GROUND-748px.jpg\" \/>\n\t<meta property=\"og:image:width\" content=\"748\" \/>\n\t<meta property=\"og:image:height\" content=\"371\" \/>\n\t<meta property=\"og:image:type\" content=\"image\/jpeg\" \/>\n<meta name=\"twitter:card\" content=\"summary_large_image\" \/>\n<meta name=\"twitter:site\" content=\"@Alpha_Gefahrgut\" \/>\n<meta name=\"twitter:label1\" content=\"Gesch\u00e4tzte Lesezeit\" \/>\n\t<meta name=\"twitter:data1\" content=\"2\u00a0Minuten\" \/>\n<script type=\"application\/ld+json\" class=\"yoast-schema-graph\">{\"@context\":\"https:\\\/\\\/schema.org\",\"@graph\":[{\"@type\":\"WebPage\",\"@id\":\"https:\\\/\\\/www.alpha-gefahrgut-consulting.de\\\/index.php\\\/cbta-ground\\\/\",\"url\":\"https:\\\/\\\/www.alpha-gefahrgut-consulting.de\\\/index.php\\\/cbta-ground\\\/\",\"name\":\"CBTA-GROUND: Das 'Grundstudium' Gefahrgut Luftverkehr\",\"isPartOf\":{\"@id\":\"https:\\\/\\\/www.alpha-gefahrgut-consulting.de\\\/#website\"},\"primaryImageOfPage\":{\"@id\":\"https:\\\/\\\/www.alpha-gefahrgut-consulting.de\\\/index.php\\\/cbta-ground\\\/#primaryimage\"},\"image\":{\"@id\":\"https:\\\/\\\/www.alpha-gefahrgut-consulting.de\\\/index.php\\\/cbta-ground\\\/#primaryimage\"},\"thumbnailUrl\":\"https:\\\/\\\/www.alpha-gefahrgut-consulting.de\\\/wp-content\\\/uploads\\\/2025\\\/03\\\/AGC-CBTA-GROUND-748px.jpg\",\"datePublished\":\"2025-03-04T10:13:02+00:00\",\"dateModified\":\"2026-02-12T09:29:08+00:00\",\"description\":\"CBTA GROUND: Dieses Schulungsmodul vermittelt das Grundwissen \u00fcber die Gefahrgutbef\u00f6rderung im Luftverkehr.\",\"breadcrumb\":{\"@id\":\"https:\\\/\\\/www.alpha-gefahrgut-consulting.de\\\/index.php\\\/cbta-ground\\\/#breadcrumb\"},\"inLanguage\":\"de\",\"potentialAction\":[{\"@type\":\"ReadAction\",\"target\":[\"https:\\\/\\\/www.alpha-gefahrgut-consulting.de\\\/index.php\\\/cbta-ground\\\/\"]}]},{\"@type\":\"ImageObject\",\"inLanguage\":\"de\",\"@id\":\"https:\\\/\\\/www.alpha-gefahrgut-consulting.de\\\/index.php\\\/cbta-ground\\\/#primaryimage\",\"url\":\"https:\\\/\\\/www.alpha-gefahrgut-consulting.de\\\/wp-content\\\/uploads\\\/2025\\\/03\\\/AGC-CBTA-GROUND-748px.jpg\",\"contentUrl\":\"https:\\\/\\\/www.alpha-gefahrgut-consulting.de\\\/wp-content\\\/uploads\\\/2025\\\/03\\\/AGC-CBTA-GROUND-748px.jpg\",\"width\":748,\"height\":371},{\"@type\":\"BreadcrumbList\",\"@id\":\"https:\\\/\\\/www.alpha-gefahrgut-consulting.de\\\/index.php\\\/cbta-ground\\\/#breadcrumb\",\"itemListElement\":[{\"@type\":\"ListItem\",\"position\":1,\"name\":\"Startseite\",\"item\":\"https:\\\/\\\/www.alpha-gefahrgut-consulting.de\\\/\"},{\"@type\":\"ListItem\",\"position\":2,\"name\":\"CBTA GROUND\"}]},{\"@type\":\"WebSite\",\"@id\":\"https:\\\/\\\/www.alpha-gefahrgut-consulting.de\\\/#website\",\"url\":\"https:\\\/\\\/www.alpha-gefahrgut-consulting.de\\\/\",\"name\":\"ALPHA GEFAHRGUT CONSULTING\",\"description\":\"First Class Dangerous Goods Consulting, Management, Training.\",\"publisher\":{\"@id\":\"https:\\\/\\\/www.alpha-gefahrgut-consulting.de\\\/#organization\"},\"potentialAction\":[{\"@type\":\"SearchAction\",\"target\":{\"@type\":\"EntryPoint\",\"urlTemplate\":\"https:\\\/\\\/www.alpha-gefahrgut-consulting.de\\\/?s={search_term_string}\"},\"query-input\":{\"@type\":\"PropertyValueSpecification\",\"valueRequired\":true,\"valueName\":\"search_term_string\"}}],\"inLanguage\":\"de\"},{\"@type\":\"Organization\",\"@id\":\"https:\\\/\\\/www.alpha-gefahrgut-consulting.de\\\/#organization\",\"name\":\"ALPHA GEFAHRGUT CONSULTING\",\"url\":\"https:\\\/\\\/www.alpha-gefahrgut-consulting.de\\\/\",\"logo\":{\"@type\":\"ImageObject\",\"inLanguage\":\"de\",\"@id\":\"https:\\\/\\\/www.alpha-gefahrgut-consulting.de\\\/#\\\/schema\\\/logo\\\/image\\\/\",\"url\":\"https:\\\/\\\/www.alpha-gefahrgut-consulting.de\\\/wp-content\\\/uploads\\\/2020\\\/04\\\/cropped-AGCLogoBlech-c.jpg\",\"contentUrl\":\"https:\\\/\\\/www.alpha-gefahrgut-consulting.de\\\/wp-content\\\/uploads\\\/2020\\\/04\\\/cropped-AGCLogoBlech-c.jpg\",\"width\":250,\"height\":250,\"caption\":\"ALPHA GEFAHRGUT CONSULTING\"},\"image\":{\"@id\":\"https:\\\/\\\/www.alpha-gefahrgut-consulting.de\\\/#\\\/schema\\\/logo\\\/image\\\/\"},\"sameAs\":[\"https:\\\/\\\/x.com\\\/Alpha_Gefahrgut\",\"https:\\\/\\\/www.youtube.com\\\/@AlphaDGConsulting\",\"https:\\\/\\\/buymeacoffee.com\\\/AlphaDGConsulting\",\"https:\\\/\\\/bsky.app\\\/profile\\\/alpha-gefahrgut.bsky.social\",\"https:\\\/\\\/www.reddit.com\\\/user\\\/United_Ad5357\\\/\",\"https:\\\/\\\/semasocial.com\\\/profile\\\/247322\",\"https:\\\/\\\/truthsocial.com\\\/@AlphaDangerousGoodsConsulting\",\"https:\\\/\\\/www.linkedin.com\\\/in\\\/michael-miska-mm\\\/\",\"https:\\\/\\\/www.xing.com\\\/profile\\\/Michael_Miska088516\\\/web_profiles\",\"https:\\\/\\\/rumble.com\\\/user\\\/AlphaDangerousGoodsConsulting\",\"https:\\\/\\\/de.pinterest.com\\\/AlphaGefahrgutConsulting\\\/\"]}]}<\/script>\n<!-- \/ Yoast SEO plugin. -->","yoast_head_json":{"title":"CBTA-GROUND: Das 'Grundstudium' Gefahrgut Luftverkehr","description":"CBTA GROUND: Dieses Schulungsmodul vermittelt das Grundwissen \u00fcber die Gefahrgutbef\u00f6rderung im Luftverkehr.","robots":{"index":"index","follow":"follow","max-snippet":"max-snippet:-1","max-image-preview":"max-image-preview:large","max-video-preview":"max-video-preview:-1"},"canonical":"https:\/\/www.alpha-gefahrgut-consulting.de\/index.php\/cbta-ground\/","og_locale":"de_DE","og_type":"article","og_title":"CBTA-GROUND: Das 'Grundstudium' Gefahrgut Luftverkehr","og_description":"CBTA GROUND: Dieses Schulungsmodul vermittelt das Grundwissen \u00fcber die Gefahrgutbef\u00f6rderung im Luftverkehr.","og_url":"https:\/\/www.alpha-gefahrgut-consulting.de\/index.php\/cbta-ground\/","og_site_name":"ALPHA GEFAHRGUT CONSULTING","article_modified_time":"2026-02-12T09:29:08+00:00","og_image":[{"width":748,"height":371,"url":"https:\/\/www.alpha-gefahrgut-consulting.de\/wp-content\/uploads\/2025\/03\/AGC-CBTA-GROUND-748px.jpg","type":"image\/jpeg"}],"twitter_card":"summary_large_image","twitter_site":"@Alpha_Gefahrgut","twitter_misc":{"Gesch\u00e4tzte Lesezeit":"2\u00a0Minuten"},"schema":{"@context":"https:\/\/schema.org","@graph":[{"@type":"WebPage","@id":"https:\/\/www.alpha-gefahrgut-consulting.de\/index.php\/cbta-ground\/","url":"https:\/\/www.alpha-gefahrgut-consulting.de\/index.php\/cbta-ground\/","name":"CBTA-GROUND: Das 'Grundstudium' Gefahrgut Luftverkehr","isPartOf":{"@id":"https:\/\/www.alpha-gefahrgut-consulting.de\/#website"},"primaryImageOfPage":{"@id":"https:\/\/www.alpha-gefahrgut-consulting.de\/index.php\/cbta-ground\/#primaryimage"},"image":{"@id":"https:\/\/www.alpha-gefahrgut-consulting.de\/index.php\/cbta-ground\/#primaryimage"},"thumbnailUrl":"https:\/\/www.alpha-gefahrgut-consulting.de\/wp-content\/uploads\/2025\/03\/AGC-CBTA-GROUND-748px.jpg","datePublished":"2025-03-04T10:13:02+00:00","dateModified":"2026-02-12T09:29:08+00:00","description":"CBTA GROUND: Dieses Schulungsmodul vermittelt das Grundwissen \u00fcber die Gefahrgutbef\u00f6rderung im Luftverkehr.","breadcrumb":{"@id":"https:\/\/www.alpha-gefahrgut-consulting.de\/index.php\/cbta-ground\/#breadcrumb"},"inLanguage":"de","potentialAction":[{"@type":"ReadAction","target":["https:\/\/www.alpha-gefahrgut-consulting.de\/index.php\/cbta-ground\/"]}]},{"@type":"ImageObject","inLanguage":"de","@id":"https:\/\/www.alpha-gefahrgut-consulting.de\/index.php\/cbta-ground\/#primaryimage","url":"https:\/\/www.alpha-gefahrgut-consulting.de\/wp-content\/uploads\/2025\/03\/AGC-CBTA-GROUND-748px.jpg","contentUrl":"https:\/\/www.alpha-gefahrgut-consulting.de\/wp-content\/uploads\/2025\/03\/AGC-CBTA-GROUND-748px.jpg","width":748,"height":371},{"@type":"BreadcrumbList","@id":"https:\/\/www.alpha-gefahrgut-consulting.de\/index.php\/cbta-ground\/#breadcrumb","itemListElement":[{"@type":"ListItem","position":1,"name":"Startseite","item":"https:\/\/www.alpha-gefahrgut-consulting.de\/"},{"@type":"ListItem","position":2,"name":"CBTA GROUND"}]},{"@type":"WebSite","@id":"https:\/\/www.alpha-gefahrgut-consulting.de\/#website","url":"https:\/\/www.alpha-gefahrgut-consulting.de\/","name":"ALPHA GEFAHRGUT CONSULTING","description":"First Class Dangerous Goods Consulting, Management, Training.","publisher":{"@id":"https:\/\/www.alpha-gefahrgut-consulting.de\/#organization"},"potentialAction":[{"@type":"SearchAction","target":{"@type":"EntryPoint","urlTemplate":"https:\/\/www.alpha-gefahrgut-consulting.de\/?s={search_term_string}"},"query-input":{"@type":"PropertyValueSpecification","valueRequired":true,"valueName":"search_term_string"}}],"inLanguage":"de"},{"@type":"Organization","@id":"https:\/\/www.alpha-gefahrgut-consulting.de\/#organization","name":"ALPHA GEFAHRGUT CONSULTING","url":"https:\/\/www.alpha-gefahrgut-consulting.de\/","logo":{"@type":"ImageObject","inLanguage":"de","@id":"https:\/\/www.alpha-gefahrgut-consulting.de\/#\/schema\/logo\/image\/","url":"https:\/\/www.alpha-gefahrgut-consulting.de\/wp-content\/uploads\/2020\/04\/cropped-AGCLogoBlech-c.jpg","contentUrl":"https:\/\/www.alpha-gefahrgut-consulting.de\/wp-content\/uploads\/2020\/04\/cropped-AGCLogoBlech-c.jpg","width":250,"height":250,"caption":"ALPHA GEFAHRGUT CONSULTING"},"image":{"@id":"https:\/\/www.alpha-gefahrgut-consulting.de\/#\/schema\/logo\/image\/"},"sameAs":["https:\/\/x.com\/Alpha_Gefahrgut","https:\/\/www.youtube.com\/@AlphaDGConsulting","https:\/\/buymeacoffee.com\/AlphaDGConsulting","https:\/\/bsky.app\/profile\/alpha-gefahrgut.bsky.social","https:\/\/www.reddit.com\/user\/United_Ad5357\/","https:\/\/semasocial.com\/profile\/247322","https:\/\/truthsocial.com\/@AlphaDangerousGoodsConsulting","https:\/\/www.linkedin.com\/in\/michael-miska-mm\/","https:\/\/www.xing.com\/profile\/Michael_Miska088516\/web_profiles","https:\/\/rumble.com\/user\/AlphaDangerousGoodsConsulting","https:\/\/de.pinterest.com\/AlphaGefahrgutConsulting\/"]}]}},"_links":{"self":[{"href":"https:\/\/www.alpha-gefahrgut-consulting.de\/index.php\/wp-json\/wp\/v2\/pages\/8290","targetHints":{"allow":["GET"]}}],"collection":[{"href":"https:\/\/www.alpha-gefahrgut-consulting.de\/index.php\/wp-json\/wp\/v2\/pages"}],"about":[{"href":"https:\/\/www.alpha-gefahrgut-consulting.de\/index.php\/wp-json\/wp\/v2\/types\/page"}],"author":[{"embeddable":true,"href":"https:\/\/www.alpha-gefahrgut-consulting.de\/index.php\/wp-json\/wp\/v2\/users\/1"}],"replies":[{"embeddable":true,"href":"https:\/\/www.alpha-gefahrgut-consulting.de\/index.php\/wp-json\/wp\/v2\/comments?post=8290"}],"version-history":[{"count":18,"href":"https:\/\/www.alpha-gefahrgut-consulting.de\/index.php\/wp-json\/wp\/v2\/pages\/8290\/revisions"}],"predecessor-version":[{"id":11328,"href":"https:\/\/www.alpha-gefahrgut-consulting.de\/index.php\/wp-json\/wp\/v2\/pages\/8290\/revisions\/11328"}],"wp:attachment":[{"href":"https:\/\/www.alpha-gefahrgut-consulting.de\/index.php\/wp-json\/wp\/v2\/media?parent=8290"}],"curies":[{"name":"wp","href":"https:\/\/api.w.org\/{rel}","templated":true}]}}