{"id":8,"date":"2020-04-17T13:54:04","date_gmt":"2020-04-17T11:54:04","guid":{"rendered":"https:\/\/www.alpha-gefahrgut-consulting.de\/?page_id=8"},"modified":"2026-03-27T08:41:48","modified_gmt":"2026-03-27T07:41:48","slug":"ueber-uns","status":"publish","type":"page","link":"https:\/\/www.alpha-gefahrgut-consulting.de\/index.php\/ueber-uns\/","title":{"rendered":"\u00dcber uns"},"content":{"rendered":"<p style=\"text-align: left;\"><strong>ALPHA GEFAHRGUT CONSULTING<\/strong><\/p>\n<p style=\"text-align: left;\"><span style=\"font-family: Arial, sans-serif;\">Alpha Gefahrgut Consulting ist ein konzern- und herstellerunabh\u00e4ngiges Consulting-Business, insbesondere f\u00fcr die sichere Bef\u00f6rderung gef\u00e4hrlicher G\u00fcter und f\u00fcr Ladungssicherung, Ladungssicherheit.<br \/>\n<strong>Alpha Gefahrgut Consulting. Management. Training.<\/strong><\/span><\/p>\n<p>Als inhabergef\u00fchrtes Unternehmen sind wir nah genug am Kunden f\u00fcr pers\u00f6nlichen Service. Und smart genug f\u00fcr erstklassigen Service.<\/p>\n<p><a href=\"https:\/\/www.alpha-gefahrgut-consulting.de\/index.php\/aboutagc\/\"><strong>Mehr<\/strong><\/a>\u00a0\u00a0 \u00fcber Alpha Gefahrgut Consulting<\/p>\n<figure id=\"attachment_553\" aria-describedby=\"caption-attachment-553\" style=\"width: 225px\" class=\"wp-caption alignnone\"><img loading=\"lazy\" decoding=\"async\" class=\"wp-image-553 size-medium\" src=\"https:\/\/www.alpha-gefahrgut-consulting.de\/wp-content\/uploads\/2020\/04\/Michael-Miska-225x300.jpg\" alt=\"Michael Miska\" width=\"225\" height=\"300\" srcset=\"https:\/\/www.alpha-gefahrgut-consulting.de\/wp-content\/uploads\/2020\/04\/Michael-Miska-225x300.jpg 225w, https:\/\/www.alpha-gefahrgut-consulting.de\/wp-content\/uploads\/2020\/04\/Michael-Miska.jpg 709w\" sizes=\"auto, (max-width: 225px) 100vw, 225px\" \/><figcaption id=\"caption-attachment-553\" class=\"wp-caption-text\">Alpha Gefahrgut Consulting, Inhaber: Michael Miska.<\/figcaption><\/figure>\n<hr \/>\n<p><strong>Sonderdienste:<\/strong><\/p>\n<p><a href=\"https:\/\/www.alpha-gefahrgut-consulting.de\/index.php\/services_gefahrgutpublikationen_gefahrgut\/\"><strong>Mediendienst<\/strong><\/a>,<br \/>\nPublikationen, B\u00fccher, Fachartikel f\u00fcr Fachzeitschriften, Bilderdienst,<br \/>\ninsbesondere mit Gefahrgut-, Ladungssicherungs-Bezug etc.<\/p>\n<p><a href=\"https:\/\/www.alpha-gefahrgut-consulting.de\/index.php\/alpha-gefahrgut-podcastpage\/\"><span style=\"color: #000000;\"><strong>Podcast<\/strong><\/span><\/a><br \/>\nDer Gefahrgut-Podcast der Alpha Gefahrgut Consulting.<\/p>\n<p><a href=\"https:\/\/www.alpha-gefahrgut-consulting.de\/index.php\/logistik-projekte\/\"><strong>Logistik-Projekte<\/strong><\/a>,<br \/>\ninsbesondere mit Gefahrgut-, Ladungssicherungs-Bezug etc.<\/p>\n<p><strong><a href=\"https:\/\/www.alpha-gefahrgut-consulting.de\/index.php\/verpackungs-service\/\">Verpackung, Dokumentation<\/a><br \/>\n<\/strong>Consulting, insbesondere f\u00fcr Gefahrgut, f\u00fcr alle Verkehrstr\u00e4ger.<\/p>\n<p><strong><a href=\"https:\/\/www.alpha-gefahrgut-consulting.de\/index.php\/reiseportal-gefahrgut\/\">Reiseportal<\/a><\/strong><br \/>\nGefahrgut-Reiseportal f\u00fcr Flugreisen<\/p>\n<p><a href=\"https:\/\/www.alpha-gefahrgut-consulting.de\/index.php\/beta-modellbau-modellbahn\/\"><strong>Kleinkunstwerkstatt<\/strong><\/a><br \/>\nBeta Modellbau &amp; Modellbahn<br \/>\n&#8222;Richtiges&#8220; Gefahrgut f\u00fcr die Modellbahn u.v.m.<\/p>\n<hr \/>\n<p><strong>Information:<\/strong><\/p>\n<p>Auf den nachfolgenden Webseiten finden Sie Informationen zu bestimmten Themen rund um die Themen Logistik, Gefahrgut, Ladungssicherheit etc.<\/p>\n<p><a href=\"https:\/\/www.alpha-gefahrgut-consulting.de\/index.php\/gefahrgut\/\"><strong>Gefahrgut<\/strong><\/a><\/p>\n<p><a href=\"https:\/\/www.alpha-gefahrgut-consulting.de\/index.php\/gefahrgut-luft\/\"><strong>Luftverkehr<\/strong><\/a><\/p>\n<p><a href=\"https:\/\/www.alpha-gefahrgut-consulting.de\/index.php\/gefahrgut-see\/\"><strong>Seeverkehr<\/strong><\/a><\/p>\n<p><a href=\"https:\/\/www.alpha-gefahrgut-consulting.de\/index.php\/gefahrgut-strasse\/\"><strong>Stra\u00dfenverkehr<\/strong><\/a><\/p>\n<p><a href=\"https:\/\/www.alpha-gefahrgut-consulting.de\/index.php\/gefahrgut-schiene\/\"><strong>Schienenverkehr<\/strong><\/a><\/p>\n<p><a href=\"https:\/\/www.alpha-gefahrgut-consulting.de\/index.php\/gefahrgut-binnenschiffahrt\/\"><strong>Binnenschiffahr<\/strong><strong>t<\/strong><\/a><\/p>\n<p><a href=\"https:\/\/www.alpha-gefahrgut-consulting.de\/index.php\/gefahrgut-post\/\"><strong>KEP Kurier, Express, Paket<\/strong> (und Brief)<\/a><\/p>\n<hr \/>\n<p><em>(Newsletter)<\/em><\/p>\n<p><em>Unsere news finden Sie <a href=\"https:\/\/www.alpha-gefahrgut-consulting.de\/index.php\/gefahrgut-news\/\">hier<\/a>.<\/em><\/p>\n","protected":false},"excerpt":{"rendered":"<p>ALPHA GEFAHRGUT CONSULTING Alpha Gefahrgut Consulting ist ein konzern- und herstellerunabh\u00e4ngiges Consulting-Business, insbesondere f\u00fcr die sichere Bef\u00f6rderung gef\u00e4hrlicher G\u00fcter und f\u00fcr Ladungssicherung, Ladungssicherheit. Alpha Gefahrgut Consulting. Management. Training. Als inhabergef\u00fchrtes Unternehmen sind wir nah genug am Kunden f\u00fcr pers\u00f6nlichen Service. Und smart genug f\u00fcr erstklassigen Service. Mehr\u00a0\u00a0 \u00fcber Alpha Gefahrgut Consulting Sonderdienste: Mediendienst, Publikationen, B\u00fccher, &hellip; <\/p>\n<p class=\"link-more\"><a href=\"https:\/\/www.alpha-gefahrgut-consulting.de\/index.php\/ueber-uns\/\" class=\"more-link\"><span class=\"screen-reader-text\">\u201e\u00dcber uns\u201c<\/span> weiterlesen<\/a><\/p>\n","protected":false},"author":1,"featured_media":11476,"parent":0,"menu_order":0,"comment_status":"closed","ping_status":"closed","template":"","meta":{"episode_type":"","audio_file":"","podmotor_file_id":"","podmotor_episode_id":"","cover_image":"","cover_image_id":"","duration":"","filesize":"","filesize_raw":"","date_recorded":"","explicit":"","block":"","footnotes":""},"class_list":["post-8","page","type-page","status-publish","has-post-thumbnail","hentry"],"yoast_head":"<!-- This site is optimized with the Yoast SEO plugin v27.4 - https:\/\/yoast.com\/product\/yoast-seo-wordpress\/ -->\n<title>Alpha Gefahrgut Consulting: Wer wir sind und was wir tun.<\/title>\n<meta name=\"description\" content=\"Alpha Gefahrgut Consulting: Infos \u00fcber das Unternehmen, den Unternehmer, das Gesch\u00e4ft und wie wir zusammen arbeiten.\" \/>\n<meta name=\"robots\" content=\"index, follow, max-snippet:-1, max-image-preview:large, max-video-preview:-1\" \/>\n<link rel=\"canonical\" href=\"https:\/\/www.alpha-gefahrgut-consulting.de\/index.php\/ueber-uns\/\" \/>\n<meta property=\"og:locale\" content=\"de_DE\" \/>\n<meta property=\"og:type\" content=\"article\" \/>\n<meta property=\"og:title\" content=\"Alpha Gefahrgut Consulting: Wer wir sind und was wir tun.\" \/>\n<meta property=\"og:description\" content=\"Alpha Gefahrgut Consulting: Infos \u00fcber das Unternehmen, den Unternehmer, das Gesch\u00e4ft und wie wir zusammen arbeiten.\" \/>\n<meta property=\"og:url\" content=\"https:\/\/www.alpha-gefahrgut-consulting.de\/index.php\/ueber-uns\/\" \/>\n<meta property=\"og:site_name\" content=\"ALPHA GEFAHRGUT CONSULTING\" \/>\n<meta property=\"article:modified_time\" content=\"2026-03-27T07:41:48+00:00\" \/>\n<meta property=\"og:image\" content=\"https:\/\/www.alpha-gefahrgut-consulting.de\/wp-content\/uploads\/2026\/03\/AGC-Header-25-MPFS-m-707-1500-x-675.jpg\" \/>\n\t<meta property=\"og:image:width\" content=\"1500\" \/>\n\t<meta property=\"og:image:height\" content=\"677\" \/>\n\t<meta property=\"og:image:type\" content=\"image\/jpeg\" \/>\n<meta name=\"twitter:card\" content=\"summary_large_image\" \/>\n<meta name=\"twitter:site\" content=\"@Alpha_Gefahrgut\" \/>\n<meta name=\"twitter:label1\" content=\"Gesch\u00e4tzte Lesezeit\" \/>\n\t<meta name=\"twitter:data1\" content=\"2\u00a0Minuten\" \/>\n<script type=\"application\/ld+json\" class=\"yoast-schema-graph\">{\"@context\":\"https:\\\/\\\/schema.org\",\"@graph\":[{\"@type\":\"WebPage\",\"@id\":\"https:\\\/\\\/www.alpha-gefahrgut-consulting.de\\\/index.php\\\/ueber-uns\\\/\",\"url\":\"https:\\\/\\\/www.alpha-gefahrgut-consulting.de\\\/index.php\\\/ueber-uns\\\/\",\"name\":\"Alpha Gefahrgut Consulting: Wer wir sind und was wir tun.\",\"isPartOf\":{\"@id\":\"https:\\\/\\\/www.alpha-gefahrgut-consulting.de\\\/#website\"},\"primaryImageOfPage\":{\"@id\":\"https:\\\/\\\/www.alpha-gefahrgut-consulting.de\\\/index.php\\\/ueber-uns\\\/#primaryimage\"},\"image\":{\"@id\":\"https:\\\/\\\/www.alpha-gefahrgut-consulting.de\\\/index.php\\\/ueber-uns\\\/#primaryimage\"},\"thumbnailUrl\":\"https:\\\/\\\/www.alpha-gefahrgut-consulting.de\\\/wp-content\\\/uploads\\\/2026\\\/03\\\/AGC-Header-25-MPFS-m-707-1500-x-675.jpg\",\"datePublished\":\"2020-04-17T11:54:04+00:00\",\"dateModified\":\"2026-03-27T07:41:48+00:00\",\"description\":\"Alpha Gefahrgut Consulting: Infos \u00fcber das Unternehmen, den Unternehmer, das Gesch\u00e4ft und wie wir zusammen arbeiten.\",\"breadcrumb\":{\"@id\":\"https:\\\/\\\/www.alpha-gefahrgut-consulting.de\\\/index.php\\\/ueber-uns\\\/#breadcrumb\"},\"inLanguage\":\"de\",\"potentialAction\":[{\"@type\":\"ReadAction\",\"target\":[\"https:\\\/\\\/www.alpha-gefahrgut-consulting.de\\\/index.php\\\/ueber-uns\\\/\"]}]},{\"@type\":\"ImageObject\",\"inLanguage\":\"de\",\"@id\":\"https:\\\/\\\/www.alpha-gefahrgut-consulting.de\\\/index.php\\\/ueber-uns\\\/#primaryimage\",\"url\":\"https:\\\/\\\/www.alpha-gefahrgut-consulting.de\\\/wp-content\\\/uploads\\\/2026\\\/03\\\/AGC-Header-25-MPFS-m-707-1500-x-675.jpg\",\"contentUrl\":\"https:\\\/\\\/www.alpha-gefahrgut-consulting.de\\\/wp-content\\\/uploads\\\/2026\\\/03\\\/AGC-Header-25-MPFS-m-707-1500-x-675.jpg\",\"width\":1500,\"height\":677},{\"@type\":\"BreadcrumbList\",\"@id\":\"https:\\\/\\\/www.alpha-gefahrgut-consulting.de\\\/index.php\\\/ueber-uns\\\/#breadcrumb\",\"itemListElement\":[{\"@type\":\"ListItem\",\"position\":1,\"name\":\"Startseite\",\"item\":\"https:\\\/\\\/www.alpha-gefahrgut-consulting.de\\\/\"},{\"@type\":\"ListItem\",\"position\":2,\"name\":\"\u00dcber uns\"}]},{\"@type\":\"WebSite\",\"@id\":\"https:\\\/\\\/www.alpha-gefahrgut-consulting.de\\\/#website\",\"url\":\"https:\\\/\\\/www.alpha-gefahrgut-consulting.de\\\/\",\"name\":\"ALPHA GEFAHRGUT CONSULTING\",\"description\":\"First Class Dangerous Goods Consulting, Management, Training.\",\"publisher\":{\"@id\":\"https:\\\/\\\/www.alpha-gefahrgut-consulting.de\\\/#organization\"},\"potentialAction\":[{\"@type\":\"SearchAction\",\"target\":{\"@type\":\"EntryPoint\",\"urlTemplate\":\"https:\\\/\\\/www.alpha-gefahrgut-consulting.de\\\/?s={search_term_string}\"},\"query-input\":{\"@type\":\"PropertyValueSpecification\",\"valueRequired\":true,\"valueName\":\"search_term_string\"}}],\"inLanguage\":\"de\"},{\"@type\":\"Organization\",\"@id\":\"https:\\\/\\\/www.alpha-gefahrgut-consulting.de\\\/#organization\",\"name\":\"ALPHA GEFAHRGUT CONSULTING\",\"url\":\"https:\\\/\\\/www.alpha-gefahrgut-consulting.de\\\/\",\"logo\":{\"@type\":\"ImageObject\",\"inLanguage\":\"de\",\"@id\":\"https:\\\/\\\/www.alpha-gefahrgut-consulting.de\\\/#\\\/schema\\\/logo\\\/image\\\/\",\"url\":\"https:\\\/\\\/www.alpha-gefahrgut-consulting.de\\\/wp-content\\\/uploads\\\/2020\\\/04\\\/cropped-AGCLogoBlech-c.jpg\",\"contentUrl\":\"https:\\\/\\\/www.alpha-gefahrgut-consulting.de\\\/wp-content\\\/uploads\\\/2020\\\/04\\\/cropped-AGCLogoBlech-c.jpg\",\"width\":250,\"height\":250,\"caption\":\"ALPHA GEFAHRGUT CONSULTING\"},\"image\":{\"@id\":\"https:\\\/\\\/www.alpha-gefahrgut-consulting.de\\\/#\\\/schema\\\/logo\\\/image\\\/\"},\"sameAs\":[\"https:\\\/\\\/x.com\\\/Alpha_Gefahrgut\",\"https:\\\/\\\/www.youtube.com\\\/@AlphaDGConsulting\",\"https:\\\/\\\/buymeacoffee.com\\\/AlphaDGConsulting\",\"https:\\\/\\\/bsky.app\\\/profile\\\/alpha-gefahrgut.bsky.social\",\"https:\\\/\\\/www.reddit.com\\\/user\\\/United_Ad5357\\\/\",\"https:\\\/\\\/semasocial.com\\\/profile\\\/247322\",\"https:\\\/\\\/truthsocial.com\\\/@AlphaDangerousGoodsConsulting\",\"https:\\\/\\\/www.linkedin.com\\\/in\\\/michael-miska-mm\\\/\",\"https:\\\/\\\/www.xing.com\\\/profile\\\/Michael_Miska088516\\\/web_profiles\",\"https:\\\/\\\/rumble.com\\\/user\\\/AlphaDangerousGoodsConsulting\",\"https:\\\/\\\/de.pinterest.com\\\/AlphaGefahrgutConsulting\\\/\"]}]}<\/script>\n<!-- \/ Yoast SEO plugin. -->","yoast_head_json":{"title":"Alpha Gefahrgut Consulting: Wer wir sind und was wir tun.","description":"Alpha Gefahrgut Consulting: Infos \u00fcber das Unternehmen, den Unternehmer, das Gesch\u00e4ft und wie wir zusammen arbeiten.","robots":{"index":"index","follow":"follow","max-snippet":"max-snippet:-1","max-image-preview":"max-image-preview:large","max-video-preview":"max-video-preview:-1"},"canonical":"https:\/\/www.alpha-gefahrgut-consulting.de\/index.php\/ueber-uns\/","og_locale":"de_DE","og_type":"article","og_title":"Alpha Gefahrgut Consulting: Wer wir sind und was wir tun.","og_description":"Alpha Gefahrgut Consulting: Infos \u00fcber das Unternehmen, den Unternehmer, das Gesch\u00e4ft und wie wir zusammen arbeiten.","og_url":"https:\/\/www.alpha-gefahrgut-consulting.de\/index.php\/ueber-uns\/","og_site_name":"ALPHA GEFAHRGUT CONSULTING","article_modified_time":"2026-03-27T07:41:48+00:00","og_image":[{"width":1500,"height":677,"url":"https:\/\/www.alpha-gefahrgut-consulting.de\/wp-content\/uploads\/2026\/03\/AGC-Header-25-MPFS-m-707-1500-x-675.jpg","type":"image\/jpeg"}],"twitter_card":"summary_large_image","twitter_site":"@Alpha_Gefahrgut","twitter_misc":{"Gesch\u00e4tzte Lesezeit":"2\u00a0Minuten"},"schema":{"@context":"https:\/\/schema.org","@graph":[{"@type":"WebPage","@id":"https:\/\/www.alpha-gefahrgut-consulting.de\/index.php\/ueber-uns\/","url":"https:\/\/www.alpha-gefahrgut-consulting.de\/index.php\/ueber-uns\/","name":"Alpha Gefahrgut Consulting: Wer wir sind und was wir tun.","isPartOf":{"@id":"https:\/\/www.alpha-gefahrgut-consulting.de\/#website"},"primaryImageOfPage":{"@id":"https:\/\/www.alpha-gefahrgut-consulting.de\/index.php\/ueber-uns\/#primaryimage"},"image":{"@id":"https:\/\/www.alpha-gefahrgut-consulting.de\/index.php\/ueber-uns\/#primaryimage"},"thumbnailUrl":"https:\/\/www.alpha-gefahrgut-consulting.de\/wp-content\/uploads\/2026\/03\/AGC-Header-25-MPFS-m-707-1500-x-675.jpg","datePublished":"2020-04-17T11:54:04+00:00","dateModified":"2026-03-27T07:41:48+00:00","description":"Alpha Gefahrgut Consulting: Infos \u00fcber das Unternehmen, den Unternehmer, das Gesch\u00e4ft und wie wir zusammen arbeiten.","breadcrumb":{"@id":"https:\/\/www.alpha-gefahrgut-consulting.de\/index.php\/ueber-uns\/#breadcrumb"},"inLanguage":"de","potentialAction":[{"@type":"ReadAction","target":["https:\/\/www.alpha-gefahrgut-consulting.de\/index.php\/ueber-uns\/"]}]},{"@type":"ImageObject","inLanguage":"de","@id":"https:\/\/www.alpha-gefahrgut-consulting.de\/index.php\/ueber-uns\/#primaryimage","url":"https:\/\/www.alpha-gefahrgut-consulting.de\/wp-content\/uploads\/2026\/03\/AGC-Header-25-MPFS-m-707-1500-x-675.jpg","contentUrl":"https:\/\/www.alpha-gefahrgut-consulting.de\/wp-content\/uploads\/2026\/03\/AGC-Header-25-MPFS-m-707-1500-x-675.jpg","width":1500,"height":677},{"@type":"BreadcrumbList","@id":"https:\/\/www.alpha-gefahrgut-consulting.de\/index.php\/ueber-uns\/#breadcrumb","itemListElement":[{"@type":"ListItem","position":1,"name":"Startseite","item":"https:\/\/www.alpha-gefahrgut-consulting.de\/"},{"@type":"ListItem","position":2,"name":"\u00dcber uns"}]},{"@type":"WebSite","@id":"https:\/\/www.alpha-gefahrgut-consulting.de\/#website","url":"https:\/\/www.alpha-gefahrgut-consulting.de\/","name":"ALPHA GEFAHRGUT CONSULTING","description":"First Class Dangerous Goods Consulting, Management, Training.","publisher":{"@id":"https:\/\/www.alpha-gefahrgut-consulting.de\/#organization"},"potentialAction":[{"@type":"SearchAction","target":{"@type":"EntryPoint","urlTemplate":"https:\/\/www.alpha-gefahrgut-consulting.de\/?s={search_term_string}"},"query-input":{"@type":"PropertyValueSpecification","valueRequired":true,"valueName":"search_term_string"}}],"inLanguage":"de"},{"@type":"Organization","@id":"https:\/\/www.alpha-gefahrgut-consulting.de\/#organization","name":"ALPHA GEFAHRGUT CONSULTING","url":"https:\/\/www.alpha-gefahrgut-consulting.de\/","logo":{"@type":"ImageObject","inLanguage":"de","@id":"https:\/\/www.alpha-gefahrgut-consulting.de\/#\/schema\/logo\/image\/","url":"https:\/\/www.alpha-gefahrgut-consulting.de\/wp-content\/uploads\/2020\/04\/cropped-AGCLogoBlech-c.jpg","contentUrl":"https:\/\/www.alpha-gefahrgut-consulting.de\/wp-content\/uploads\/2020\/04\/cropped-AGCLogoBlech-c.jpg","width":250,"height":250,"caption":"ALPHA GEFAHRGUT CONSULTING"},"image":{"@id":"https:\/\/www.alpha-gefahrgut-consulting.de\/#\/schema\/logo\/image\/"},"sameAs":["https:\/\/x.com\/Alpha_Gefahrgut","https:\/\/www.youtube.com\/@AlphaDGConsulting","https:\/\/buymeacoffee.com\/AlphaDGConsulting","https:\/\/bsky.app\/profile\/alpha-gefahrgut.bsky.social","https:\/\/www.reddit.com\/user\/United_Ad5357\/","https:\/\/semasocial.com\/profile\/247322","https:\/\/truthsocial.com\/@AlphaDangerousGoodsConsulting","https:\/\/www.linkedin.com\/in\/michael-miska-mm\/","https:\/\/www.xing.com\/profile\/Michael_Miska088516\/web_profiles","https:\/\/rumble.com\/user\/AlphaDangerousGoodsConsulting","https:\/\/de.pinterest.com\/AlphaGefahrgutConsulting\/"]}]}},"_links":{"self":[{"href":"https:\/\/www.alpha-gefahrgut-consulting.de\/index.php\/wp-json\/wp\/v2\/pages\/8","targetHints":{"allow":["GET"]}}],"collection":[{"href":"https:\/\/www.alpha-gefahrgut-consulting.de\/index.php\/wp-json\/wp\/v2\/pages"}],"about":[{"href":"https:\/\/www.alpha-gefahrgut-consulting.de\/index.php\/wp-json\/wp\/v2\/types\/page"}],"author":[{"embeddable":true,"href":"https:\/\/www.alpha-gefahrgut-consulting.de\/index.php\/wp-json\/wp\/v2\/users\/1"}],"replies":[{"embeddable":true,"href":"https:\/\/www.alpha-gefahrgut-consulting.de\/index.php\/wp-json\/wp\/v2\/comments?post=8"}],"version-history":[{"count":42,"href":"https:\/\/www.alpha-gefahrgut-consulting.de\/index.php\/wp-json\/wp\/v2\/pages\/8\/revisions"}],"predecessor-version":[{"id":9936,"href":"https:\/\/www.alpha-gefahrgut-consulting.de\/index.php\/wp-json\/wp\/v2\/pages\/8\/revisions\/9936"}],"wp:featuredmedia":[{"embeddable":true,"href":"https:\/\/www.alpha-gefahrgut-consulting.de\/index.php\/wp-json\/wp\/v2\/media\/11476"}],"wp:attachment":[{"href":"https:\/\/www.alpha-gefahrgut-consulting.de\/index.php\/wp-json\/wp\/v2\/media?parent=8"}],"curies":[{"name":"wp","href":"https:\/\/api.w.org\/{rel}","templated":true}]}}