{"id":7940,"date":"2025-01-24T09:47:09","date_gmt":"2025-01-24T08:47:09","guid":{"rendered":"https:\/\/www.alpha-gefahrgut-consulting.de\/?page_id=7940"},"modified":"2026-04-04T13:18:28","modified_gmt":"2026-04-04T11:18:28","slug":"real-mccoy-nachtraege","status":"publish","type":"page","link":"https:\/\/www.alpha-gefahrgut-consulting.de\/index.php\/real-mccoy-nachtraege\/","title":{"rendered":"Real McCoy &#8211; Nachtraege zum Buch"},"content":{"rendered":"<p><strong><span style=\"color: #000000;\"><span style=\"color: #ff6600;\">Nachtr\u00e4ge zum Buch:<br \/>\n<\/span><\/span><\/strong><strong>Der Gefahrgutbeauftragte: Real McCoy oder falscher Fuffziger?<\/strong><\/p>\n<p><strong><img loading=\"lazy\" decoding=\"async\" class=\"alignnone  wp-image-4265\" src=\"https:\/\/www.alpha-gefahrgut-consulting.de\/wp-content\/uploads\/2023\/10\/Coverbild-Gb-1989-McCoy-500px.jpg\" alt=\"\" width=\"399\" height=\"638\" srcset=\"https:\/\/www.alpha-gefahrgut-consulting.de\/wp-content\/uploads\/2023\/10\/Coverbild-Gb-1989-McCoy-500px.jpg 500w, https:\/\/www.alpha-gefahrgut-consulting.de\/wp-content\/uploads\/2023\/10\/Coverbild-Gb-1989-McCoy-500px-188x300.jpg 188w\" sizes=\"auto, (max-width: 399px) 100vw, 399px\" \/><\/strong><\/p>\n<p><span style=\"color: #000000;\">Warum der Gefahrgutbeauftragte nicht &#8222;richtig&#8220; leisten kann.<br \/>\nEine kritisch-analytische Auseinandersetzung mit der tats\u00e4chlichen Rolle von Gefahrgutbeauftragten in Unternehmen und Betrieben.<br \/>\nL\u00f6sungsvorschlag inklusiv.<\/span><\/p>\n<p><span style=\"color: #000000;\">Hier fanden Sie bisher Nachtr\u00e4ge zum e-book.<br \/>\nInzwischen sind diese aufgrund des Umfanges f\u00fcr eine sp\u00e4tere 2. Auflage vorgesehen.<\/span><\/p>\n<hr \/>\n<p><strong><span style=\"color: #000000;\">Hier geht es zur<\/span> <a href=\"https:\/\/www.alpha-gefahrgut-consulting.de\/index.php\/real-mccoy-oder-falscher-fuffziger\/\"><span style=\"color: #0000ff;\">Webseite f\u00fcr das ebook<\/span>.<\/a><\/strong><br \/>\n<span style=\"color: #000000;\"><strong>Bezugsquellen inklusive.<\/strong><\/span><\/p>\n<hr \/>\n<p><span style=\"color: #0000ff;\"><span style=\"color: #000000;\"><br \/>\nLink zu<\/span><\/span> <a href=\"https:\/\/www.alpha-gefahrgut-consulting.de\/index.php\/services_gefahrgutpublikationen_gefahrgut\/\"><strong><span style=\"color: #0000ff;\">Ver\u00f6ffentlichungen<\/span><\/strong><\/a> der Alpha Gefahrgut Consulting<\/p>\n","protected":false},"excerpt":{"rendered":"<p>Nachtr\u00e4ge zum Buch: Der Gefahrgutbeauftragte: Real McCoy oder falscher Fuffziger? Warum der Gefahrgutbeauftragte nicht &#8222;richtig&#8220; leisten kann. Eine kritisch-analytische Auseinandersetzung mit der tats\u00e4chlichen Rolle von Gefahrgutbeauftragten in Unternehmen und Betrieben. L\u00f6sungsvorschlag inklusiv. Hier fanden Sie bisher Nachtr\u00e4ge zum e-book. Inzwischen sind diese aufgrund des Umfanges f\u00fcr eine sp\u00e4tere 2. Auflage vorgesehen. Hier geht es zur &hellip; <\/p>\n<p class=\"link-more\"><a href=\"https:\/\/www.alpha-gefahrgut-consulting.de\/index.php\/real-mccoy-nachtraege\/\" class=\"more-link\"><span class=\"screen-reader-text\">\u201eReal McCoy &#8211; Nachtraege zum Buch\u201c<\/span> weiterlesen<\/a><\/p>\n","protected":false},"author":1,"featured_media":0,"parent":0,"menu_order":0,"comment_status":"closed","ping_status":"closed","template":"","meta":{"episode_type":"","audio_file":"","podmotor_file_id":"","podmotor_episode_id":"","cover_image":"","cover_image_id":"","duration":"","filesize":"","filesize_raw":"","date_recorded":"","explicit":"","block":"","footnotes":""},"class_list":["post-7940","page","type-page","status-publish","hentry"],"yoast_head":"<!-- This site is optimized with the Yoast SEO plugin v27.4 - https:\/\/yoast.com\/product\/yoast-seo-wordpress\/ -->\n<title>Real McCoy oder falscher Fuffziger? Nachtr\u00e4ge zum E-Book<\/title>\n<meta name=\"description\" content=\"&quot;Real McCoy&quot; erschien als E-Book. Die Nachtr\u00e4ge zur zuletzt erschienenen Ausgabe k\u00f6nnen Sie auf dieser Website einsehen.\" \/>\n<meta name=\"robots\" content=\"index, follow, max-snippet:-1, max-image-preview:large, max-video-preview:-1\" \/>\n<link rel=\"canonical\" href=\"https:\/\/www.alpha-gefahrgut-consulting.de\/index.php\/real-mccoy-nachtraege\/\" \/>\n<meta property=\"og:locale\" content=\"de_DE\" \/>\n<meta property=\"og:type\" content=\"article\" \/>\n<meta property=\"og:title\" content=\"Real McCoy oder falscher Fuffziger? Nachtr\u00e4ge zum E-Book\" \/>\n<meta property=\"og:description\" content=\"&quot;Real McCoy&quot; erschien als E-Book. Die Nachtr\u00e4ge zur zuletzt erschienenen Ausgabe k\u00f6nnen Sie auf dieser Website einsehen.\" \/>\n<meta property=\"og:url\" content=\"https:\/\/www.alpha-gefahrgut-consulting.de\/index.php\/real-mccoy-nachtraege\/\" \/>\n<meta property=\"og:site_name\" content=\"ALPHA GEFAHRGUT CONSULTING\" \/>\n<meta property=\"article:modified_time\" content=\"2026-04-04T11:18:28+00:00\" \/>\n<meta property=\"og:image\" content=\"https:\/\/www.alpha-gefahrgut-consulting.de\/wp-content\/uploads\/2023\/10\/Coverbild-Gb-1989-McCoy-500px.jpg\" \/>\n\t<meta property=\"og:image:width\" content=\"500\" \/>\n\t<meta property=\"og:image:height\" content=\"800\" \/>\n\t<meta property=\"og:image:type\" content=\"image\/jpeg\" \/>\n<meta name=\"twitter:card\" content=\"summary_large_image\" \/>\n<meta name=\"twitter:site\" content=\"@Alpha_Gefahrgut\" \/>\n<meta name=\"twitter:label1\" content=\"Gesch\u00e4tzte Lesezeit\" \/>\n\t<meta name=\"twitter:data1\" content=\"1\u00a0Minute\" \/>\n<script type=\"application\/ld+json\" class=\"yoast-schema-graph\">{\"@context\":\"https:\\\/\\\/schema.org\",\"@graph\":[{\"@type\":\"WebPage\",\"@id\":\"https:\\\/\\\/www.alpha-gefahrgut-consulting.de\\\/index.php\\\/real-mccoy-nachtraege\\\/\",\"url\":\"https:\\\/\\\/www.alpha-gefahrgut-consulting.de\\\/index.php\\\/real-mccoy-nachtraege\\\/\",\"name\":\"Real McCoy oder falscher Fuffziger? Nachtr\u00e4ge zum E-Book\",\"isPartOf\":{\"@id\":\"https:\\\/\\\/www.alpha-gefahrgut-consulting.de\\\/#website\"},\"primaryImageOfPage\":{\"@id\":\"https:\\\/\\\/www.alpha-gefahrgut-consulting.de\\\/index.php\\\/real-mccoy-nachtraege\\\/#primaryimage\"},\"image\":{\"@id\":\"https:\\\/\\\/www.alpha-gefahrgut-consulting.de\\\/index.php\\\/real-mccoy-nachtraege\\\/#primaryimage\"},\"thumbnailUrl\":\"https:\\\/\\\/www.alpha-gefahrgut-consulting.de\\\/wp-content\\\/uploads\\\/2023\\\/10\\\/Coverbild-Gb-1989-McCoy-500px.jpg\",\"datePublished\":\"2025-01-24T08:47:09+00:00\",\"dateModified\":\"2026-04-04T11:18:28+00:00\",\"description\":\"\\\"Real McCoy\\\" erschien als E-Book. Die Nachtr\u00e4ge zur zuletzt erschienenen Ausgabe k\u00f6nnen Sie auf dieser Website einsehen.\",\"breadcrumb\":{\"@id\":\"https:\\\/\\\/www.alpha-gefahrgut-consulting.de\\\/index.php\\\/real-mccoy-nachtraege\\\/#breadcrumb\"},\"inLanguage\":\"de\",\"potentialAction\":[{\"@type\":\"ReadAction\",\"target\":[\"https:\\\/\\\/www.alpha-gefahrgut-consulting.de\\\/index.php\\\/real-mccoy-nachtraege\\\/\"]}]},{\"@type\":\"ImageObject\",\"inLanguage\":\"de\",\"@id\":\"https:\\\/\\\/www.alpha-gefahrgut-consulting.de\\\/index.php\\\/real-mccoy-nachtraege\\\/#primaryimage\",\"url\":\"https:\\\/\\\/www.alpha-gefahrgut-consulting.de\\\/wp-content\\\/uploads\\\/2023\\\/10\\\/Coverbild-Gb-1989-McCoy-500px.jpg\",\"contentUrl\":\"https:\\\/\\\/www.alpha-gefahrgut-consulting.de\\\/wp-content\\\/uploads\\\/2023\\\/10\\\/Coverbild-Gb-1989-McCoy-500px.jpg\",\"width\":500,\"height\":800},{\"@type\":\"BreadcrumbList\",\"@id\":\"https:\\\/\\\/www.alpha-gefahrgut-consulting.de\\\/index.php\\\/real-mccoy-nachtraege\\\/#breadcrumb\",\"itemListElement\":[{\"@type\":\"ListItem\",\"position\":1,\"name\":\"Startseite\",\"item\":\"https:\\\/\\\/www.alpha-gefahrgut-consulting.de\\\/\"},{\"@type\":\"ListItem\",\"position\":2,\"name\":\"Real McCoy &#8211; Nachtraege zum Buch\"}]},{\"@type\":\"WebSite\",\"@id\":\"https:\\\/\\\/www.alpha-gefahrgut-consulting.de\\\/#website\",\"url\":\"https:\\\/\\\/www.alpha-gefahrgut-consulting.de\\\/\",\"name\":\"ALPHA GEFAHRGUT CONSULTING\",\"description\":\"First Class Dangerous Goods Consulting, Management, Training.\",\"publisher\":{\"@id\":\"https:\\\/\\\/www.alpha-gefahrgut-consulting.de\\\/#organization\"},\"potentialAction\":[{\"@type\":\"SearchAction\",\"target\":{\"@type\":\"EntryPoint\",\"urlTemplate\":\"https:\\\/\\\/www.alpha-gefahrgut-consulting.de\\\/?s={search_term_string}\"},\"query-input\":{\"@type\":\"PropertyValueSpecification\",\"valueRequired\":true,\"valueName\":\"search_term_string\"}}],\"inLanguage\":\"de\"},{\"@type\":\"Organization\",\"@id\":\"https:\\\/\\\/www.alpha-gefahrgut-consulting.de\\\/#organization\",\"name\":\"ALPHA GEFAHRGUT CONSULTING\",\"url\":\"https:\\\/\\\/www.alpha-gefahrgut-consulting.de\\\/\",\"logo\":{\"@type\":\"ImageObject\",\"inLanguage\":\"de\",\"@id\":\"https:\\\/\\\/www.alpha-gefahrgut-consulting.de\\\/#\\\/schema\\\/logo\\\/image\\\/\",\"url\":\"https:\\\/\\\/www.alpha-gefahrgut-consulting.de\\\/wp-content\\\/uploads\\\/2020\\\/04\\\/cropped-AGCLogoBlech-c.jpg\",\"contentUrl\":\"https:\\\/\\\/www.alpha-gefahrgut-consulting.de\\\/wp-content\\\/uploads\\\/2020\\\/04\\\/cropped-AGCLogoBlech-c.jpg\",\"width\":250,\"height\":250,\"caption\":\"ALPHA GEFAHRGUT CONSULTING\"},\"image\":{\"@id\":\"https:\\\/\\\/www.alpha-gefahrgut-consulting.de\\\/#\\\/schema\\\/logo\\\/image\\\/\"},\"sameAs\":[\"https:\\\/\\\/x.com\\\/Alpha_Gefahrgut\",\"https:\\\/\\\/www.youtube.com\\\/@AlphaDGConsulting\",\"https:\\\/\\\/buymeacoffee.com\\\/AlphaDGConsulting\",\"https:\\\/\\\/bsky.app\\\/profile\\\/alpha-gefahrgut.bsky.social\",\"https:\\\/\\\/www.reddit.com\\\/user\\\/United_Ad5357\\\/\",\"https:\\\/\\\/semasocial.com\\\/profile\\\/247322\",\"https:\\\/\\\/truthsocial.com\\\/@AlphaDangerousGoodsConsulting\",\"https:\\\/\\\/www.linkedin.com\\\/in\\\/michael-miska-mm\\\/\",\"https:\\\/\\\/www.xing.com\\\/profile\\\/Michael_Miska088516\\\/web_profiles\",\"https:\\\/\\\/rumble.com\\\/user\\\/AlphaDangerousGoodsConsulting\",\"https:\\\/\\\/de.pinterest.com\\\/AlphaGefahrgutConsulting\\\/\"]}]}<\/script>\n<!-- \/ Yoast SEO plugin. -->","yoast_head_json":{"title":"Real McCoy oder falscher Fuffziger? Nachtr\u00e4ge zum E-Book","description":"\"Real McCoy\" erschien als E-Book. Die Nachtr\u00e4ge zur zuletzt erschienenen Ausgabe k\u00f6nnen Sie auf dieser Website einsehen.","robots":{"index":"index","follow":"follow","max-snippet":"max-snippet:-1","max-image-preview":"max-image-preview:large","max-video-preview":"max-video-preview:-1"},"canonical":"https:\/\/www.alpha-gefahrgut-consulting.de\/index.php\/real-mccoy-nachtraege\/","og_locale":"de_DE","og_type":"article","og_title":"Real McCoy oder falscher Fuffziger? Nachtr\u00e4ge zum E-Book","og_description":"\"Real McCoy\" erschien als E-Book. Die Nachtr\u00e4ge zur zuletzt erschienenen Ausgabe k\u00f6nnen Sie auf dieser Website einsehen.","og_url":"https:\/\/www.alpha-gefahrgut-consulting.de\/index.php\/real-mccoy-nachtraege\/","og_site_name":"ALPHA GEFAHRGUT CONSULTING","article_modified_time":"2026-04-04T11:18:28+00:00","og_image":[{"width":500,"height":800,"url":"https:\/\/www.alpha-gefahrgut-consulting.de\/wp-content\/uploads\/2023\/10\/Coverbild-Gb-1989-McCoy-500px.jpg","type":"image\/jpeg"}],"twitter_card":"summary_large_image","twitter_site":"@Alpha_Gefahrgut","twitter_misc":{"Gesch\u00e4tzte Lesezeit":"1\u00a0Minute"},"schema":{"@context":"https:\/\/schema.org","@graph":[{"@type":"WebPage","@id":"https:\/\/www.alpha-gefahrgut-consulting.de\/index.php\/real-mccoy-nachtraege\/","url":"https:\/\/www.alpha-gefahrgut-consulting.de\/index.php\/real-mccoy-nachtraege\/","name":"Real McCoy oder falscher Fuffziger? Nachtr\u00e4ge zum E-Book","isPartOf":{"@id":"https:\/\/www.alpha-gefahrgut-consulting.de\/#website"},"primaryImageOfPage":{"@id":"https:\/\/www.alpha-gefahrgut-consulting.de\/index.php\/real-mccoy-nachtraege\/#primaryimage"},"image":{"@id":"https:\/\/www.alpha-gefahrgut-consulting.de\/index.php\/real-mccoy-nachtraege\/#primaryimage"},"thumbnailUrl":"https:\/\/www.alpha-gefahrgut-consulting.de\/wp-content\/uploads\/2023\/10\/Coverbild-Gb-1989-McCoy-500px.jpg","datePublished":"2025-01-24T08:47:09+00:00","dateModified":"2026-04-04T11:18:28+00:00","description":"\"Real McCoy\" erschien als E-Book. Die Nachtr\u00e4ge zur zuletzt erschienenen Ausgabe k\u00f6nnen Sie auf dieser Website einsehen.","breadcrumb":{"@id":"https:\/\/www.alpha-gefahrgut-consulting.de\/index.php\/real-mccoy-nachtraege\/#breadcrumb"},"inLanguage":"de","potentialAction":[{"@type":"ReadAction","target":["https:\/\/www.alpha-gefahrgut-consulting.de\/index.php\/real-mccoy-nachtraege\/"]}]},{"@type":"ImageObject","inLanguage":"de","@id":"https:\/\/www.alpha-gefahrgut-consulting.de\/index.php\/real-mccoy-nachtraege\/#primaryimage","url":"https:\/\/www.alpha-gefahrgut-consulting.de\/wp-content\/uploads\/2023\/10\/Coverbild-Gb-1989-McCoy-500px.jpg","contentUrl":"https:\/\/www.alpha-gefahrgut-consulting.de\/wp-content\/uploads\/2023\/10\/Coverbild-Gb-1989-McCoy-500px.jpg","width":500,"height":800},{"@type":"BreadcrumbList","@id":"https:\/\/www.alpha-gefahrgut-consulting.de\/index.php\/real-mccoy-nachtraege\/#breadcrumb","itemListElement":[{"@type":"ListItem","position":1,"name":"Startseite","item":"https:\/\/www.alpha-gefahrgut-consulting.de\/"},{"@type":"ListItem","position":2,"name":"Real McCoy &#8211; Nachtraege zum Buch"}]},{"@type":"WebSite","@id":"https:\/\/www.alpha-gefahrgut-consulting.de\/#website","url":"https:\/\/www.alpha-gefahrgut-consulting.de\/","name":"ALPHA GEFAHRGUT CONSULTING","description":"First Class Dangerous Goods Consulting, Management, Training.","publisher":{"@id":"https:\/\/www.alpha-gefahrgut-consulting.de\/#organization"},"potentialAction":[{"@type":"SearchAction","target":{"@type":"EntryPoint","urlTemplate":"https:\/\/www.alpha-gefahrgut-consulting.de\/?s={search_term_string}"},"query-input":{"@type":"PropertyValueSpecification","valueRequired":true,"valueName":"search_term_string"}}],"inLanguage":"de"},{"@type":"Organization","@id":"https:\/\/www.alpha-gefahrgut-consulting.de\/#organization","name":"ALPHA GEFAHRGUT CONSULTING","url":"https:\/\/www.alpha-gefahrgut-consulting.de\/","logo":{"@type":"ImageObject","inLanguage":"de","@id":"https:\/\/www.alpha-gefahrgut-consulting.de\/#\/schema\/logo\/image\/","url":"https:\/\/www.alpha-gefahrgut-consulting.de\/wp-content\/uploads\/2020\/04\/cropped-AGCLogoBlech-c.jpg","contentUrl":"https:\/\/www.alpha-gefahrgut-consulting.de\/wp-content\/uploads\/2020\/04\/cropped-AGCLogoBlech-c.jpg","width":250,"height":250,"caption":"ALPHA GEFAHRGUT CONSULTING"},"image":{"@id":"https:\/\/www.alpha-gefahrgut-consulting.de\/#\/schema\/logo\/image\/"},"sameAs":["https:\/\/x.com\/Alpha_Gefahrgut","https:\/\/www.youtube.com\/@AlphaDGConsulting","https:\/\/buymeacoffee.com\/AlphaDGConsulting","https:\/\/bsky.app\/profile\/alpha-gefahrgut.bsky.social","https:\/\/www.reddit.com\/user\/United_Ad5357\/","https:\/\/semasocial.com\/profile\/247322","https:\/\/truthsocial.com\/@AlphaDangerousGoodsConsulting","https:\/\/www.linkedin.com\/in\/michael-miska-mm\/","https:\/\/www.xing.com\/profile\/Michael_Miska088516\/web_profiles","https:\/\/rumble.com\/user\/AlphaDangerousGoodsConsulting","https:\/\/de.pinterest.com\/AlphaGefahrgutConsulting\/"]}]}},"_links":{"self":[{"href":"https:\/\/www.alpha-gefahrgut-consulting.de\/index.php\/wp-json\/wp\/v2\/pages\/7940","targetHints":{"allow":["GET"]}}],"collection":[{"href":"https:\/\/www.alpha-gefahrgut-consulting.de\/index.php\/wp-json\/wp\/v2\/pages"}],"about":[{"href":"https:\/\/www.alpha-gefahrgut-consulting.de\/index.php\/wp-json\/wp\/v2\/types\/page"}],"author":[{"embeddable":true,"href":"https:\/\/www.alpha-gefahrgut-consulting.de\/index.php\/wp-json\/wp\/v2\/users\/1"}],"replies":[{"embeddable":true,"href":"https:\/\/www.alpha-gefahrgut-consulting.de\/index.php\/wp-json\/wp\/v2\/comments?post=7940"}],"version-history":[{"count":29,"href":"https:\/\/www.alpha-gefahrgut-consulting.de\/index.php\/wp-json\/wp\/v2\/pages\/7940\/revisions"}],"predecessor-version":[{"id":11522,"href":"https:\/\/www.alpha-gefahrgut-consulting.de\/index.php\/wp-json\/wp\/v2\/pages\/7940\/revisions\/11522"}],"wp:attachment":[{"href":"https:\/\/www.alpha-gefahrgut-consulting.de\/index.php\/wp-json\/wp\/v2\/media?parent=7940"}],"curies":[{"name":"wp","href":"https:\/\/api.w.org\/{rel}","templated":true}]}}