{"id":6669,"date":"2024-10-07T14:32:25","date_gmt":"2024-10-07T12:32:25","guid":{"rendered":"https:\/\/www.alpha-gefahrgut-consulting.de\/?page_id=6669"},"modified":"2025-05-29T04:47:39","modified_gmt":"2025-05-29T02:47:39","slug":"cbta-tna-ab-inf","status":"publish","type":"page","link":"https:\/\/www.alpha-gefahrgut-consulting.de\/index.php\/cbta-tna-ab-inf\/","title":{"rendered":"CBTA TNA A,B INF"},"content":{"rendered":"<p><span style=\"color: #000000;\"><strong>CBTA- TNA A,B INF im Dialog erstellt<\/strong><\/span><\/p>\n<hr \/>\n<p><strong>TNA f\u00fcr: Versender, Verpacker,<br \/>\nGefahrenklasse 6.2<\/strong> (infekti\u00f6se Stoffe)<\/p>\n<hr \/>\n<p><strong>Sie finden unten die fertig erstellte TNA<br \/>\n<\/strong> f\u00fcr einen <strong>Versender, Verpacker<\/strong>,<br \/>\nder an der Bef\u00f6rderung von Luftfracht-Sendungen von <strong>Gefahrenklasse 6.2<\/strong> (infekti\u00f6se Stoffe) beteiligt ist.<br \/>\nDiese TNA basiert auf ihren Dialog-Eingaben.<\/p>\n<p>Im Rahmen seiner T\u00e4tigkeiten ist dieser Versender, Verpacker insbesondere f\u00fcr Verpackung, Markierung, Kennzeichnung zust\u00e4ndig und seine versandbereite Luftfrachtsendung wird an den Luftfrachtspediteur oder ggf. auch die Luftverkehrsgesellschaft weitergegeben.\u00a0 Der Versender kann\u00a0 insbesondere die Versendererkl\u00e4rung erstellen und unterzeichnen.\u00a0 Dar\u00fcber hinaus k\u00f6nnen Versender, Verpacker undeklarierte gef\u00e4hrliche G\u00fcter bemerken bzw. erkennen. Der Versender, Verpacker kann auch (muss nicht zwingend) an der Klassifizierung beteiligt sein.<\/p>\n<p><span style=\"color: #000000;\">Dieser Versender, Verpacker ist ausgebildete Fach- oder F\u00fchrungskraft in der Gefahrgut-Logistik, erledigt seine Aufgaben teilweise selbst\u00e4ndiger, f\u00fchrt ggf. auch Prozesse und Personal (Teamaufsicht).<br \/>\nDieser Verpacker, Versender <\/span><span style=\"color: #000000;\">ben\u00f6tigt f\u00fcr die erfolgreiche Wahrnehmung seiner Aufgaben einen <strong>p<\/strong><\/span><span style=\"color: #000000;\"><strong>rofessionellen Kenntnisstand <\/strong>im Sinne des CBTA (<strong>***<\/strong>).<br \/>\n<\/span><em>Der Kenntnisstand im Sinne des CBTA (1 bis 4 Sterne) muss gem\u00e4\u00df LBA-Auffassung nicht im Zertifikat (bzw. bei Refresher-Training im Vorzertifikat) ausgewiesen sein.<\/em><\/p>\n<p><em>Hinweise:<br \/>\nDie Beteiligung an der Klassifizierung kann \u00fcber das Anmeldeformular ausgeschlossen werden.\u00a0<\/em><\/p>\n<p><span style=\"color: #0000ff;\"><strong><span style=\"color: #0000ff;\"><a href=\"https:\/\/www.alpha-gefahrgut-consulting.de\/wp-content\/uploads\/2024\/12\/ALPHA-CBTA-Kompetenzprofil-Zusatz-VersenderVerpackerINF.pdf\"><span style=\"color: #0000ff;\">ALPHA-CBTA-Kompetenzprofil (TNA) Zusatz-Versender,Verpacker,INF<\/span><\/a><\/span><br \/>\n<\/strong><span style=\"color: #000000;\">Bitte beachten:<br \/>\n<\/span><span style=\"color: #000000;\">Es ist ein <strong>Zusatz<\/strong> zum Kompetenzprofil BASIC, PLUS.<\/span><\/span><\/p>\n<hr \/>\n<p><em><span style=\"color: #ff0000;\"><span style=\"color: #000000;\">Immer noch nicht speziell genug?<\/span><strong><br \/>\n<\/strong><span style=\"color: #000000;\">Sofern diese TNA aufgrund betrieblicher Besonderheiten ausnahmsweise noch nicht hinreichend ihren betrieblichen Bed\u00fcrfnissen entsprechen sollte, haben Sie auch die M\u00f6glichkeit, eine entsprechend modifizierte, noch speziellere, TNA zu erstellen.<br \/>\n<\/span><span style=\"color: #000000;\">Diese modifizierte TNA k\u00f6nnen Sie dann zu Anfrage von Schulungsleistungen <\/span><span style=\"color: #000000;\">nach ICAO-TI\/IATA-DGR\/CBTA bei Alpha Gefahrgut Consulting verwenden bzw. zur Angebotserstellung an uns einsenden.<br \/>\nHier das Blanko-Formular f\u00fcr eine ganz spezielle TNA:<\/span><\/span><\/em><\/p>\n<p><span style=\"color: #0000ff;\"><a style=\"color: #0000ff;\" href=\"https:\/\/www.alpha-gefahrgut-consulting.de\/wp-content\/uploads\/2024\/03\/AGC-CBTA-DG-Task-List-TNA-DE-Fillable-PDF.pdf\">AGC CBTA DG Task List &#8211; TNA &#8211; DE &#8211; Fillable PDF<\/a><\/span><\/p>\n<hr \/>\n","protected":false},"excerpt":{"rendered":"<p>CBTA- TNA A,B INF im Dialog erstellt TNA f\u00fcr: Versender, Verpacker, Gefahrenklasse 6.2 (infekti\u00f6se Stoffe) Sie finden unten die fertig erstellte TNA f\u00fcr einen Versender, Verpacker, der an der Bef\u00f6rderung von Luftfracht-Sendungen von Gefahrenklasse 6.2 (infekti\u00f6se Stoffe) beteiligt ist. Diese TNA basiert auf ihren Dialog-Eingaben. Im Rahmen seiner T\u00e4tigkeiten ist dieser Versender, Verpacker insbesondere f\u00fcr &hellip; <\/p>\n<p class=\"link-more\"><a href=\"https:\/\/www.alpha-gefahrgut-consulting.de\/index.php\/cbta-tna-ab-inf\/\" class=\"more-link\"><span class=\"screen-reader-text\">\u201eCBTA TNA A,B INF\u201c<\/span> weiterlesen<\/a><\/p>\n","protected":false},"author":1,"featured_media":0,"parent":0,"menu_order":0,"comment_status":"closed","ping_status":"closed","template":"","meta":{"episode_type":"","audio_file":"","podmotor_file_id":"","podmotor_episode_id":"","cover_image":"","cover_image_id":"","duration":"","filesize":"","filesize_raw":"","date_recorded":"","explicit":"","block":"","footnotes":""},"class_list":["post-6669","page","type-page","status-publish","hentry"],"yoast_head":"<!-- This site is optimized with the Yoast SEO plugin v27.4 - https:\/\/yoast.com\/product\/yoast-seo-wordpress\/ -->\n<title>CBTA TNA A,B INF - ALPHA GEFAHRGUT CONSULTING<\/title>\n<meta name=\"description\" content=\"ALPHA GEFAHRGUT CONSULTING\" \/>\n<meta name=\"robots\" content=\"noindex, nofollow\" \/>\n<meta property=\"og:locale\" content=\"de_DE\" \/>\n<meta property=\"og:type\" content=\"article\" \/>\n<meta property=\"og:title\" content=\"CBTA TNA A,B INF - ALPHA GEFAHRGUT CONSULTING\" \/>\n<meta property=\"og:description\" content=\"ALPHA GEFAHRGUT CONSULTING\" \/>\n<meta property=\"og:url\" content=\"https:\/\/www.alpha-gefahrgut-consulting.de\/index.php\/cbta-tna-ab-inf\/\" \/>\n<meta property=\"og:site_name\" content=\"ALPHA GEFAHRGUT CONSULTING\" \/>\n<meta property=\"article:modified_time\" content=\"2025-05-29T02:47:39+00:00\" \/>\n<meta property=\"og:image\" content=\"https:\/\/www.alpha-gefahrgut-consulting.de\/wp-content\/uploads\/2025\/05\/AGC-website-img-seo.jpg\" \/>\n\t<meta property=\"og:image:width\" content=\"1200\" \/>\n\t<meta property=\"og:image:height\" content=\"675\" \/>\n\t<meta property=\"og:image:type\" content=\"image\/jpeg\" \/>\n<meta name=\"twitter:card\" content=\"summary_large_image\" \/>\n<meta name=\"twitter:site\" content=\"@Alpha_Gefahrgut\" \/>\n<meta name=\"twitter:label1\" content=\"Gesch\u00e4tzte Lesezeit\" \/>\n\t<meta name=\"twitter:data1\" content=\"2\u00a0Minuten\" \/>\n<script type=\"application\/ld+json\" class=\"yoast-schema-graph\">{\"@context\":\"https:\\\/\\\/schema.org\",\"@graph\":[{\"@type\":\"WebPage\",\"@id\":\"https:\\\/\\\/www.alpha-gefahrgut-consulting.de\\\/index.php\\\/cbta-tna-ab-inf\\\/\",\"url\":\"https:\\\/\\\/www.alpha-gefahrgut-consulting.de\\\/index.php\\\/cbta-tna-ab-inf\\\/\",\"name\":\"CBTA TNA A,B INF - ALPHA GEFAHRGUT CONSULTING\",\"isPartOf\":{\"@id\":\"https:\\\/\\\/www.alpha-gefahrgut-consulting.de\\\/#website\"},\"datePublished\":\"2024-10-07T12:32:25+00:00\",\"dateModified\":\"2025-05-29T02:47:39+00:00\",\"description\":\"ALPHA GEFAHRGUT CONSULTING\",\"breadcrumb\":{\"@id\":\"https:\\\/\\\/www.alpha-gefahrgut-consulting.de\\\/index.php\\\/cbta-tna-ab-inf\\\/#breadcrumb\"},\"inLanguage\":\"de\",\"potentialAction\":[{\"@type\":\"ReadAction\",\"target\":[\"https:\\\/\\\/www.alpha-gefahrgut-consulting.de\\\/index.php\\\/cbta-tna-ab-inf\\\/\"]}]},{\"@type\":\"BreadcrumbList\",\"@id\":\"https:\\\/\\\/www.alpha-gefahrgut-consulting.de\\\/index.php\\\/cbta-tna-ab-inf\\\/#breadcrumb\",\"itemListElement\":[{\"@type\":\"ListItem\",\"position\":1,\"name\":\"Startseite\",\"item\":\"https:\\\/\\\/www.alpha-gefahrgut-consulting.de\\\/\"},{\"@type\":\"ListItem\",\"position\":2,\"name\":\"CBTA TNA A,B INF\"}]},{\"@type\":\"WebSite\",\"@id\":\"https:\\\/\\\/www.alpha-gefahrgut-consulting.de\\\/#website\",\"url\":\"https:\\\/\\\/www.alpha-gefahrgut-consulting.de\\\/\",\"name\":\"ALPHA GEFAHRGUT CONSULTING\",\"description\":\"First Class Dangerous Goods Consulting, Management, Training.\",\"publisher\":{\"@id\":\"https:\\\/\\\/www.alpha-gefahrgut-consulting.de\\\/#organization\"},\"potentialAction\":[{\"@type\":\"SearchAction\",\"target\":{\"@type\":\"EntryPoint\",\"urlTemplate\":\"https:\\\/\\\/www.alpha-gefahrgut-consulting.de\\\/?s={search_term_string}\"},\"query-input\":{\"@type\":\"PropertyValueSpecification\",\"valueRequired\":true,\"valueName\":\"search_term_string\"}}],\"inLanguage\":\"de\"},{\"@type\":\"Organization\",\"@id\":\"https:\\\/\\\/www.alpha-gefahrgut-consulting.de\\\/#organization\",\"name\":\"ALPHA GEFAHRGUT CONSULTING\",\"url\":\"https:\\\/\\\/www.alpha-gefahrgut-consulting.de\\\/\",\"logo\":{\"@type\":\"ImageObject\",\"inLanguage\":\"de\",\"@id\":\"https:\\\/\\\/www.alpha-gefahrgut-consulting.de\\\/#\\\/schema\\\/logo\\\/image\\\/\",\"url\":\"https:\\\/\\\/www.alpha-gefahrgut-consulting.de\\\/wp-content\\\/uploads\\\/2020\\\/04\\\/cropped-AGCLogoBlech-c.jpg\",\"contentUrl\":\"https:\\\/\\\/www.alpha-gefahrgut-consulting.de\\\/wp-content\\\/uploads\\\/2020\\\/04\\\/cropped-AGCLogoBlech-c.jpg\",\"width\":250,\"height\":250,\"caption\":\"ALPHA GEFAHRGUT CONSULTING\"},\"image\":{\"@id\":\"https:\\\/\\\/www.alpha-gefahrgut-consulting.de\\\/#\\\/schema\\\/logo\\\/image\\\/\"},\"sameAs\":[\"https:\\\/\\\/x.com\\\/Alpha_Gefahrgut\",\"https:\\\/\\\/www.youtube.com\\\/@AlphaDGConsulting\",\"https:\\\/\\\/buymeacoffee.com\\\/AlphaDGConsulting\",\"https:\\\/\\\/bsky.app\\\/profile\\\/alpha-gefahrgut.bsky.social\",\"https:\\\/\\\/www.reddit.com\\\/user\\\/United_Ad5357\\\/\",\"https:\\\/\\\/semasocial.com\\\/profile\\\/247322\",\"https:\\\/\\\/truthsocial.com\\\/@AlphaDangerousGoodsConsulting\",\"https:\\\/\\\/www.linkedin.com\\\/in\\\/michael-miska-mm\\\/\",\"https:\\\/\\\/www.xing.com\\\/profile\\\/Michael_Miska088516\\\/web_profiles\",\"https:\\\/\\\/rumble.com\\\/user\\\/AlphaDangerousGoodsConsulting\",\"https:\\\/\\\/de.pinterest.com\\\/AlphaGefahrgutConsulting\\\/\"]}]}<\/script>\n<!-- \/ Yoast SEO plugin. -->","yoast_head_json":{"title":"CBTA TNA A,B INF - ALPHA GEFAHRGUT CONSULTING","description":"ALPHA GEFAHRGUT CONSULTING","robots":{"index":"noindex","follow":"nofollow"},"og_locale":"de_DE","og_type":"article","og_title":"CBTA TNA A,B INF - ALPHA GEFAHRGUT CONSULTING","og_description":"ALPHA GEFAHRGUT CONSULTING","og_url":"https:\/\/www.alpha-gefahrgut-consulting.de\/index.php\/cbta-tna-ab-inf\/","og_site_name":"ALPHA GEFAHRGUT CONSULTING","article_modified_time":"2025-05-29T02:47:39+00:00","og_image":[{"width":1200,"height":675,"url":"https:\/\/www.alpha-gefahrgut-consulting.de\/wp-content\/uploads\/2025\/05\/AGC-website-img-seo.jpg","type":"image\/jpeg"}],"twitter_card":"summary_large_image","twitter_site":"@Alpha_Gefahrgut","twitter_misc":{"Gesch\u00e4tzte Lesezeit":"2\u00a0Minuten"},"schema":{"@context":"https:\/\/schema.org","@graph":[{"@type":"WebPage","@id":"https:\/\/www.alpha-gefahrgut-consulting.de\/index.php\/cbta-tna-ab-inf\/","url":"https:\/\/www.alpha-gefahrgut-consulting.de\/index.php\/cbta-tna-ab-inf\/","name":"CBTA TNA A,B INF - ALPHA GEFAHRGUT CONSULTING","isPartOf":{"@id":"https:\/\/www.alpha-gefahrgut-consulting.de\/#website"},"datePublished":"2024-10-07T12:32:25+00:00","dateModified":"2025-05-29T02:47:39+00:00","description":"ALPHA GEFAHRGUT CONSULTING","breadcrumb":{"@id":"https:\/\/www.alpha-gefahrgut-consulting.de\/index.php\/cbta-tna-ab-inf\/#breadcrumb"},"inLanguage":"de","potentialAction":[{"@type":"ReadAction","target":["https:\/\/www.alpha-gefahrgut-consulting.de\/index.php\/cbta-tna-ab-inf\/"]}]},{"@type":"BreadcrumbList","@id":"https:\/\/www.alpha-gefahrgut-consulting.de\/index.php\/cbta-tna-ab-inf\/#breadcrumb","itemListElement":[{"@type":"ListItem","position":1,"name":"Startseite","item":"https:\/\/www.alpha-gefahrgut-consulting.de\/"},{"@type":"ListItem","position":2,"name":"CBTA TNA A,B INF"}]},{"@type":"WebSite","@id":"https:\/\/www.alpha-gefahrgut-consulting.de\/#website","url":"https:\/\/www.alpha-gefahrgut-consulting.de\/","name":"ALPHA GEFAHRGUT CONSULTING","description":"First Class Dangerous Goods Consulting, Management, Training.","publisher":{"@id":"https:\/\/www.alpha-gefahrgut-consulting.de\/#organization"},"potentialAction":[{"@type":"SearchAction","target":{"@type":"EntryPoint","urlTemplate":"https:\/\/www.alpha-gefahrgut-consulting.de\/?s={search_term_string}"},"query-input":{"@type":"PropertyValueSpecification","valueRequired":true,"valueName":"search_term_string"}}],"inLanguage":"de"},{"@type":"Organization","@id":"https:\/\/www.alpha-gefahrgut-consulting.de\/#organization","name":"ALPHA GEFAHRGUT CONSULTING","url":"https:\/\/www.alpha-gefahrgut-consulting.de\/","logo":{"@type":"ImageObject","inLanguage":"de","@id":"https:\/\/www.alpha-gefahrgut-consulting.de\/#\/schema\/logo\/image\/","url":"https:\/\/www.alpha-gefahrgut-consulting.de\/wp-content\/uploads\/2020\/04\/cropped-AGCLogoBlech-c.jpg","contentUrl":"https:\/\/www.alpha-gefahrgut-consulting.de\/wp-content\/uploads\/2020\/04\/cropped-AGCLogoBlech-c.jpg","width":250,"height":250,"caption":"ALPHA GEFAHRGUT CONSULTING"},"image":{"@id":"https:\/\/www.alpha-gefahrgut-consulting.de\/#\/schema\/logo\/image\/"},"sameAs":["https:\/\/x.com\/Alpha_Gefahrgut","https:\/\/www.youtube.com\/@AlphaDGConsulting","https:\/\/buymeacoffee.com\/AlphaDGConsulting","https:\/\/bsky.app\/profile\/alpha-gefahrgut.bsky.social","https:\/\/www.reddit.com\/user\/United_Ad5357\/","https:\/\/semasocial.com\/profile\/247322","https:\/\/truthsocial.com\/@AlphaDangerousGoodsConsulting","https:\/\/www.linkedin.com\/in\/michael-miska-mm\/","https:\/\/www.xing.com\/profile\/Michael_Miska088516\/web_profiles","https:\/\/rumble.com\/user\/AlphaDangerousGoodsConsulting","https:\/\/de.pinterest.com\/AlphaGefahrgutConsulting\/"]}]}},"_links":{"self":[{"href":"https:\/\/www.alpha-gefahrgut-consulting.de\/index.php\/wp-json\/wp\/v2\/pages\/6669","targetHints":{"allow":["GET"]}}],"collection":[{"href":"https:\/\/www.alpha-gefahrgut-consulting.de\/index.php\/wp-json\/wp\/v2\/pages"}],"about":[{"href":"https:\/\/www.alpha-gefahrgut-consulting.de\/index.php\/wp-json\/wp\/v2\/types\/page"}],"author":[{"embeddable":true,"href":"https:\/\/www.alpha-gefahrgut-consulting.de\/index.php\/wp-json\/wp\/v2\/users\/1"}],"replies":[{"embeddable":true,"href":"https:\/\/www.alpha-gefahrgut-consulting.de\/index.php\/wp-json\/wp\/v2\/comments?post=6669"}],"version-history":[{"count":3,"href":"https:\/\/www.alpha-gefahrgut-consulting.de\/index.php\/wp-json\/wp\/v2\/pages\/6669\/revisions"}],"predecessor-version":[{"id":8693,"href":"https:\/\/www.alpha-gefahrgut-consulting.de\/index.php\/wp-json\/wp\/v2\/pages\/6669\/revisions\/8693"}],"wp:attachment":[{"href":"https:\/\/www.alpha-gefahrgut-consulting.de\/index.php\/wp-json\/wp\/v2\/media?parent=6669"}],"curies":[{"name":"wp","href":"https:\/\/api.w.org\/{rel}","templated":true}]}}