{"id":6581,"date":"2024-10-04T17:24:07","date_gmt":"2024-10-04T15:24:07","guid":{"rendered":"https:\/\/www.alpha-gefahrgut-consulting.de\/?page_id=6581"},"modified":"2025-05-29T04:43:27","modified_gmt":"2025-05-29T02:43:27","slug":"cbta-tna-ab","status":"publish","type":"page","link":"https:\/\/www.alpha-gefahrgut-consulting.de\/index.php\/cbta-tna-ab\/","title":{"rendered":"CBTA TNA A,B"},"content":{"rendered":"<p><span style=\"color: #000000;\"><strong><span style=\"color: #000000;\">CBTA-<\/span> TNA A,B im Dialog erstellen<\/strong><\/span><\/p>\n<p>Folgen Sie weiter den Anweisungen. Nach wenigen Dialog-Eingaben erhalten Sie eine kostenlos verwertbare TNA.<\/p>\n<hr \/>\n<p><span style=\"color: #000000;\"><strong>TNA-Erarbeitung im Dialog f\u00fcr: Versender, Verpacker.<\/strong><\/span><\/p>\n<p><img loading=\"lazy\" decoding=\"async\" class=\"alignnone size-full wp-image-6583\" src=\"https:\/\/www.alpha-gefahrgut-consulting.de\/wp-content\/uploads\/2024\/10\/AGC-TNA-Shipper-374px.jpg\" alt=\"\" width=\"374\" height=\"186\" srcset=\"https:\/\/www.alpha-gefahrgut-consulting.de\/wp-content\/uploads\/2024\/10\/AGC-TNA-Shipper-374px.jpg 374w, https:\/\/www.alpha-gefahrgut-consulting.de\/wp-content\/uploads\/2024\/10\/AGC-TNA-Shipper-374px-300x149.jpg 300w\" sizes=\"auto, (max-width: 374px) 100vw, 374px\" \/><\/p>\n<p>Wir f\u00fchren die professionellen Fach-und F\u00fchrungskr\u00e4fte aus Verpackung und Versand der Gefahrgut-Logistik zusammen:<br \/>\nIn Kombi-Kursen A,B f\u00fcr Versender, Verpacker.<br \/>\n<strong>Die geeignete TNA ermitteln Sie gem\u00e4\u00df betrieblich relevanter\u00a0Gefahrenklassen<\/strong>.<\/p>\n<hr \/>\n<p>Wenn eine <strong>Option zutreffend<\/strong> ist<strong>:<br \/>\nKlicken Sie auf den Link<\/strong> und folgen den weiteren Anweisungen.<\/p>\n<p>Wenn die <strong>Option unzutreffend ist:<br \/>\n<\/strong> <strong>Machen Sie unten weiter<\/strong> mit der n\u00e4chsten Option.<\/p>\n<hr \/>\n<p><strong><br \/>\n<\/strong><span style=\"color: #000000;\"><strong>Option 1:<\/strong><\/span><br \/>\n<span style=\"color: #000000;\">Versender, Verpacker ist <strong>ausschlie\u00dflich<\/strong> an der <strong>Klassifizierung<\/strong> gef\u00e4hrlicher G\u00fcter <strong>aller Klassen<\/strong> beteiligt (reiner &#8222;Klassifizierer&#8220;, z.B. ein Chemiker im Labor).<\/span><span style=\"color: #000000;\">\u00a0<\/span><br \/>\n<a href=\"https:\/\/www.alpha-gefahrgut-consulting.de\/index.php\/cbta-tna-ab-classific\/\"><span style=\"color: #0000ff;\"><strong>Nur Klassifizierung<\/strong><\/span><\/a><\/p>\n<hr \/>\n<p><span style=\"color: #000000;\"><strong>Option 2:<br \/>\n<\/strong>Versender, Verpacker ist an Bef\u00f6rderung<strong> aller Gefahrenklassen<\/strong> (1 bis 9) beteiligt.<br \/>\n<a href=\"https:\/\/www.alpha-gefahrgut-consulting.de\/index.php\/cbta-tna-ab-classic\/\"><strong><span style=\"color: #0000ff;\">Alle Klassen<\/span><\/strong><\/a><\/span><\/p>\n<hr \/>\n<p><span style=\"color: #000000;\"><strong>Option 3:<br \/>\n<\/strong>Versender, Verpacker ist an Bef\u00f6rderung <strong>aller Gefahrenklassen ausser 7 <\/strong>(radioaktiv) beteiligt.<br \/>\n<strong><span style=\"color: #0000ff;\"><a style=\"color: #0000ff;\" href=\"https:\/\/www.alpha-gefahrgut-consulting.de\/index.php\/cbta-tna-ab-classic-o-7\/\">Alle Klassen ausser radioaktiv<\/a><br \/>\n<\/span><\/strong><\/span><\/p>\n<hr \/>\n<p><span style=\"color: #000000;\"><strong>Option 4:<br \/>\n<\/strong>Versender, Verpacker ist <strong>nur<\/strong> an Bef\u00f6rderung von <strong>Lithiumbatterien <\/strong>beteiligt.<br \/>\n(Bemerkung: Inklusive Ausr\u00fcstung und Ger\u00e4t mit Lithiumbatterien)<br \/>\n<a href=\"https:\/\/www.alpha-gefahrgut-consulting.de\/index.php\/cbta-tna-ab-li-batt\/\"><strong><span style=\"color: #0000ff;\">Li-Batt<\/span><\/strong><\/a><\/span><\/p>\n<hr \/>\n<p><span style=\"color: #000000;\"><strong>Option 5:<br \/>\n<\/strong>Versender, Verpacker ist <strong>nur<\/strong> an Bef\u00f6rderung von <strong>Parf\u00fcms &amp; Kosmetik <\/strong>beteiligt.<br \/>\n(Bemerkung: Parf\u00fcm u. Kosmetik aus Gefahrenklassen 2.1, 3, 4.1, 9)<br \/>\nDie Option f\u00fcr Versender und Verpacker in der Logistik von Beauty &amp; Cosmetics.<br \/>\n<a href=\"https:\/\/www.alpha-gefahrgut-consulting.de\/index.php\/cbta-tna-ab-cosmetics\/\"><strong><span style=\"color: #0000ff;\">Perfumes &amp; Cosmetics<\/span><\/strong><\/a><\/span><\/p>\n<hr \/>\n<p><span style=\"color: #000000;\"><strong>Option 6:<br \/>\n<\/strong>Versender, Verpacker ist <strong>nur<\/strong> an der Bef\u00f6rderung von <strong>Gefahrenklassen 3 und 9<br \/>\n<\/strong> (Klasse 9 ohne Lithiumbatterien) beteiligt.<br \/>\n<\/span><a href=\"https:\/\/www.alpha-gefahrgut-consulting.de\/index.php\/cbta-tna-ab-basic\/\"><span style=\"color: #000000;\"><strong><span style=\"color: #0000ff;\">BASIC<\/span><\/strong><\/span><\/a><\/p>\n<hr \/>\n<p><span style=\"color: #000000;\"><strong>Option 7:<br \/>\n<\/strong>Versender, Verpacker ist bef\u00e4higt zur Beteiligung an der Bef\u00f6rderung von allen gef\u00e4hrlichen G\u00fctern <strong>ausser gro\u00dfen Gasflaschen, Explosivstoffen, infekti\u00f6sen G\u00fctern, radioaktiven G\u00fctern<\/strong>.<br \/>\nDie Option f\u00fcr die vermutlich weitaus meisten Versender und Verpacker in der Gefahrgut-Logistik von Industrie, Handel und Verkehr\/Logistik.<br \/>\n<\/span><a href=\"https:\/\/www.alpha-gefahrgut-consulting.de\/index.php\/cbta-tna-ab-plus\/\"><span style=\"color: #000000;\"><strong><span style=\"color: #0000ff;\">BASIC, PLUS<\/span><\/strong><\/span><\/a><\/p>\n<hr \/>\n<p><em><span style=\"color: #000000;\"><strong>Option 8:<br \/>\n<\/strong><\/span><span style=\"color: #000000;\"><span style=\"color: #0000ff;\"><span style=\"color: #000000;\">Versender, Verpacker ist an Bef\u00f6rderung <strong>infekti\u00f6ser G\u00fcter<\/strong> (Klasse 6.2) beteiligt:<\/span><\/span><\/span><\/em><\/p>\n<p><strong>Option 8a:<\/strong><br \/>\nVersender, Verpacker ist ausschlie\u00dflich beteiligt an der Bef\u00f6rderung der folgenden UN-Nummern: UN 1845, UN 3245, UN 3373.<br \/>\n<span style=\"color: #0000ff;\"><a style=\"color: #0000ff;\" href=\"https:\/\/www.alpha-gefahrgut-consulting.de\/index.php\/cbta-tna-ab-med-light\/\"><strong>MED-light<\/strong><\/a><\/span><span style=\"color: #000000;\"><strong><br \/>\n<\/strong><\/span><\/p>\n<p><span style=\"color: #000000;\">&#8211; &#8211; &#8211;<strong><br \/>\nOption 8b:<span style=\"color: #0000ff;\"><br \/>\n<\/span><\/strong><span style=\"color: #0000ff;\"><span style=\"color: #000000;\">Versender, Verpacker ist auch an Bef\u00f6rderung anderer infekti\u00f6ser G\u00fcter (Klasse 6.2) als der unter Option 10a genannten, beteiligt:<br \/>\n<strong><a style=\"color: #0000ff;\" href=\"https:\/\/www.alpha-gefahrgut-consulting.de\/index.php\/cbta-tna-ab-inf\/\">INF<\/a><\/strong><\/span><\/span><strong><span style=\"color: #0000ff;\"><br \/>\n<\/span><\/strong><\/span><\/p>\n<hr \/>\n<p><span style=\"color: #000000;\"><strong>Option 9:<br \/>\n<\/strong>Versender, Verpacker ist an Bef\u00f6rderung von <strong>gro\u00dfen Gasflaschen<\/strong> (Klasse 2) beteiligt.<br \/>\n<a href=\"https:\/\/www.alpha-gefahrgut-consulting.de\/index.php\/cbta-tna-ab-gas\/\"><strong><span style=\"color: #0000ff;\">GAS<\/span><\/strong><\/a><\/span><\/p>\n<hr \/>\n<p><span style=\"color: #000000;\"><strong>Option 10:<br \/>\n<\/strong>Versender, Verpacker ist an Bef\u00f6rderung von <strong>explosiven G\u00fctern<\/strong> (Klasse 1) beteiligt.<br \/>\n<a href=\"https:\/\/www.alpha-gefahrgut-consulting.de\/index.php\/cbta-tna-ab-ex\/\"><strong><span style=\"color: #0000ff;\">EX<\/span><\/strong><\/a><\/span><\/p>\n<hr \/>\n<p><span style=\"color: #000000;\"><strong>Option 11:<br \/>\n<\/strong>Versender, Verpacker ist an Bef\u00f6rderung von <strong>radioaktiven G\u00fctern<\/strong> (Klasse 7) beteiligt.<br \/>\n<\/span><a href=\"https:\/\/www.alpha-gefahrgut-consulting.de\/index.php\/cbta-tna-ab-rad\/\"><span style=\"color: #000000;\"><strong><span style=\"color: #0000ff;\">RAD<\/span><\/strong><\/span><\/a><\/p>\n<hr \/>\n<p><span style=\"color: #000000;\">Grunds\u00e4tzlich gilt bei allen o.g. Optionen:<br \/>\nDer Versender, Verpacker:<\/span><\/p>\n<ul>\n<li><span style=\"color: #000000;\">ist ausgebildete Fach- oder F\u00fchrungskraft<\/span><\/li>\n<li><span style=\"color: #000000;\">handelt <strong>nicht (!)<\/strong> ausschlie\u00dflich auf Anweisung<\/span><\/li>\n<li><span style=\"color: #000000;\">erledigt seine Aufgaben teilweise selbst\u00e4ndiger, f\u00fchrt ggf. auch Prozesse und Personal (Teamaufsicht) oder leitet Personal an und <\/span><span style=\"color: #000000;\">ben\u00f6tigt f\u00fcr die erfolgreiche Wahrnehmung seiner Aufgaben einen <strong>p<\/strong><\/span><span style=\"color: #000000;\"><strong>rofessionellen Kenntnisstand <\/strong>im Sinne des CBTA (<strong>***<\/strong>).<br \/>\n<\/span><em>Hinweis: Der Kenntnisstand im Sinne des CBTA (1 bis 4 Sterne) muss gem\u00e4\u00df aktueller LBA-Auffassung nicht im Zertifikat (bzw. bei Refresher-Training im Vorzertifikat) ausgewiesen sein. Alpha Gefahrgut Consulting weist den Kenntnisstand in Schulungsbescheinigungen aus.<\/em><\/li>\n<\/ul>\n<hr \/>\n","protected":false},"excerpt":{"rendered":"<p>CBTA- TNA A,B im Dialog erstellen Folgen Sie weiter den Anweisungen. Nach wenigen Dialog-Eingaben erhalten Sie eine kostenlos verwertbare TNA. TNA-Erarbeitung im Dialog f\u00fcr: Versender, Verpacker. Wir f\u00fchren die professionellen Fach-und F\u00fchrungskr\u00e4fte aus Verpackung und Versand der Gefahrgut-Logistik zusammen: In Kombi-Kursen A,B f\u00fcr Versender, Verpacker. Die geeignete TNA ermitteln Sie gem\u00e4\u00df betrieblich relevanter\u00a0Gefahrenklassen. Wenn eine &hellip; <\/p>\n<p class=\"link-more\"><a href=\"https:\/\/www.alpha-gefahrgut-consulting.de\/index.php\/cbta-tna-ab\/\" class=\"more-link\"><span class=\"screen-reader-text\">\u201eCBTA TNA A,B\u201c<\/span> weiterlesen<\/a><\/p>\n","protected":false},"author":1,"featured_media":0,"parent":0,"menu_order":0,"comment_status":"closed","ping_status":"closed","template":"","meta":{"episode_type":"","audio_file":"","podmotor_file_id":"","podmotor_episode_id":"","cover_image":"","cover_image_id":"","duration":"","filesize":"","filesize_raw":"","date_recorded":"","explicit":"","block":"","footnotes":""},"class_list":["post-6581","page","type-page","status-publish","hentry"],"yoast_head":"<!-- This site is optimized with the Yoast SEO plugin v27.4 - https:\/\/yoast.com\/product\/yoast-seo-wordpress\/ -->\n<title>CBTA TNA A,B - ALPHA GEFAHRGUT CONSULTING<\/title>\n<meta name=\"description\" content=\"ALPHA GEFAHRGUT CONSULTING\" \/>\n<meta name=\"robots\" content=\"noindex, nofollow\" \/>\n<meta property=\"og:locale\" content=\"de_DE\" \/>\n<meta property=\"og:type\" content=\"article\" \/>\n<meta property=\"og:title\" content=\"CBTA TNA A,B - ALPHA GEFAHRGUT CONSULTING\" \/>\n<meta property=\"og:description\" content=\"ALPHA GEFAHRGUT CONSULTING\" \/>\n<meta property=\"og:url\" content=\"https:\/\/www.alpha-gefahrgut-consulting.de\/index.php\/cbta-tna-ab\/\" \/>\n<meta property=\"og:site_name\" content=\"ALPHA GEFAHRGUT CONSULTING\" \/>\n<meta property=\"article:modified_time\" content=\"2025-05-29T02:43:27+00:00\" \/>\n<meta property=\"og:image\" content=\"https:\/\/www.alpha-gefahrgut-consulting.de\/wp-content\/uploads\/2024\/10\/AGC-TNA-Shipper-374px.jpg\" \/>\n\t<meta property=\"og:image:width\" content=\"374\" \/>\n\t<meta property=\"og:image:height\" content=\"186\" \/>\n\t<meta property=\"og:image:type\" content=\"image\/jpeg\" \/>\n<meta name=\"twitter:card\" content=\"summary_large_image\" \/>\n<meta name=\"twitter:site\" content=\"@Alpha_Gefahrgut\" \/>\n<meta name=\"twitter:label1\" content=\"Gesch\u00e4tzte Lesezeit\" \/>\n\t<meta name=\"twitter:data1\" content=\"3\u00a0Minuten\" \/>\n<script type=\"application\/ld+json\" class=\"yoast-schema-graph\">{\"@context\":\"https:\\\/\\\/schema.org\",\"@graph\":[{\"@type\":\"WebPage\",\"@id\":\"https:\\\/\\\/www.alpha-gefahrgut-consulting.de\\\/index.php\\\/cbta-tna-ab\\\/\",\"url\":\"https:\\\/\\\/www.alpha-gefahrgut-consulting.de\\\/index.php\\\/cbta-tna-ab\\\/\",\"name\":\"CBTA TNA A,B - ALPHA GEFAHRGUT CONSULTING\",\"isPartOf\":{\"@id\":\"https:\\\/\\\/www.alpha-gefahrgut-consulting.de\\\/#website\"},\"primaryImageOfPage\":{\"@id\":\"https:\\\/\\\/www.alpha-gefahrgut-consulting.de\\\/index.php\\\/cbta-tna-ab\\\/#primaryimage\"},\"image\":{\"@id\":\"https:\\\/\\\/www.alpha-gefahrgut-consulting.de\\\/index.php\\\/cbta-tna-ab\\\/#primaryimage\"},\"thumbnailUrl\":\"https:\\\/\\\/www.alpha-gefahrgut-consulting.de\\\/wp-content\\\/uploads\\\/2024\\\/10\\\/AGC-TNA-Shipper-374px.jpg\",\"datePublished\":\"2024-10-04T15:24:07+00:00\",\"dateModified\":\"2025-05-29T02:43:27+00:00\",\"description\":\"ALPHA GEFAHRGUT CONSULTING\",\"breadcrumb\":{\"@id\":\"https:\\\/\\\/www.alpha-gefahrgut-consulting.de\\\/index.php\\\/cbta-tna-ab\\\/#breadcrumb\"},\"inLanguage\":\"de\",\"potentialAction\":[{\"@type\":\"ReadAction\",\"target\":[\"https:\\\/\\\/www.alpha-gefahrgut-consulting.de\\\/index.php\\\/cbta-tna-ab\\\/\"]}]},{\"@type\":\"ImageObject\",\"inLanguage\":\"de\",\"@id\":\"https:\\\/\\\/www.alpha-gefahrgut-consulting.de\\\/index.php\\\/cbta-tna-ab\\\/#primaryimage\",\"url\":\"https:\\\/\\\/www.alpha-gefahrgut-consulting.de\\\/wp-content\\\/uploads\\\/2024\\\/10\\\/AGC-TNA-Shipper-374px.jpg\",\"contentUrl\":\"https:\\\/\\\/www.alpha-gefahrgut-consulting.de\\\/wp-content\\\/uploads\\\/2024\\\/10\\\/AGC-TNA-Shipper-374px.jpg\",\"width\":374,\"height\":186},{\"@type\":\"BreadcrumbList\",\"@id\":\"https:\\\/\\\/www.alpha-gefahrgut-consulting.de\\\/index.php\\\/cbta-tna-ab\\\/#breadcrumb\",\"itemListElement\":[{\"@type\":\"ListItem\",\"position\":1,\"name\":\"Startseite\",\"item\":\"https:\\\/\\\/www.alpha-gefahrgut-consulting.de\\\/\"},{\"@type\":\"ListItem\",\"position\":2,\"name\":\"CBTA TNA A,B\"}]},{\"@type\":\"WebSite\",\"@id\":\"https:\\\/\\\/www.alpha-gefahrgut-consulting.de\\\/#website\",\"url\":\"https:\\\/\\\/www.alpha-gefahrgut-consulting.de\\\/\",\"name\":\"ALPHA GEFAHRGUT CONSULTING\",\"description\":\"First Class Dangerous Goods Consulting, Management, Training.\",\"publisher\":{\"@id\":\"https:\\\/\\\/www.alpha-gefahrgut-consulting.de\\\/#organization\"},\"potentialAction\":[{\"@type\":\"SearchAction\",\"target\":{\"@type\":\"EntryPoint\",\"urlTemplate\":\"https:\\\/\\\/www.alpha-gefahrgut-consulting.de\\\/?s={search_term_string}\"},\"query-input\":{\"@type\":\"PropertyValueSpecification\",\"valueRequired\":true,\"valueName\":\"search_term_string\"}}],\"inLanguage\":\"de\"},{\"@type\":\"Organization\",\"@id\":\"https:\\\/\\\/www.alpha-gefahrgut-consulting.de\\\/#organization\",\"name\":\"ALPHA GEFAHRGUT CONSULTING\",\"url\":\"https:\\\/\\\/www.alpha-gefahrgut-consulting.de\\\/\",\"logo\":{\"@type\":\"ImageObject\",\"inLanguage\":\"de\",\"@id\":\"https:\\\/\\\/www.alpha-gefahrgut-consulting.de\\\/#\\\/schema\\\/logo\\\/image\\\/\",\"url\":\"https:\\\/\\\/www.alpha-gefahrgut-consulting.de\\\/wp-content\\\/uploads\\\/2020\\\/04\\\/cropped-AGCLogoBlech-c.jpg\",\"contentUrl\":\"https:\\\/\\\/www.alpha-gefahrgut-consulting.de\\\/wp-content\\\/uploads\\\/2020\\\/04\\\/cropped-AGCLogoBlech-c.jpg\",\"width\":250,\"height\":250,\"caption\":\"ALPHA GEFAHRGUT CONSULTING\"},\"image\":{\"@id\":\"https:\\\/\\\/www.alpha-gefahrgut-consulting.de\\\/#\\\/schema\\\/logo\\\/image\\\/\"},\"sameAs\":[\"https:\\\/\\\/x.com\\\/Alpha_Gefahrgut\",\"https:\\\/\\\/www.youtube.com\\\/@AlphaDGConsulting\",\"https:\\\/\\\/buymeacoffee.com\\\/AlphaDGConsulting\",\"https:\\\/\\\/bsky.app\\\/profile\\\/alpha-gefahrgut.bsky.social\",\"https:\\\/\\\/www.reddit.com\\\/user\\\/United_Ad5357\\\/\",\"https:\\\/\\\/semasocial.com\\\/profile\\\/247322\",\"https:\\\/\\\/truthsocial.com\\\/@AlphaDangerousGoodsConsulting\",\"https:\\\/\\\/www.linkedin.com\\\/in\\\/michael-miska-mm\\\/\",\"https:\\\/\\\/www.xing.com\\\/profile\\\/Michael_Miska088516\\\/web_profiles\",\"https:\\\/\\\/rumble.com\\\/user\\\/AlphaDangerousGoodsConsulting\",\"https:\\\/\\\/de.pinterest.com\\\/AlphaGefahrgutConsulting\\\/\"]}]}<\/script>\n<!-- \/ Yoast SEO plugin. -->","yoast_head_json":{"title":"CBTA TNA A,B - ALPHA GEFAHRGUT CONSULTING","description":"ALPHA GEFAHRGUT CONSULTING","robots":{"index":"noindex","follow":"nofollow"},"og_locale":"de_DE","og_type":"article","og_title":"CBTA TNA A,B - ALPHA GEFAHRGUT CONSULTING","og_description":"ALPHA GEFAHRGUT CONSULTING","og_url":"https:\/\/www.alpha-gefahrgut-consulting.de\/index.php\/cbta-tna-ab\/","og_site_name":"ALPHA GEFAHRGUT CONSULTING","article_modified_time":"2025-05-29T02:43:27+00:00","og_image":[{"width":374,"height":186,"url":"https:\/\/www.alpha-gefahrgut-consulting.de\/wp-content\/uploads\/2024\/10\/AGC-TNA-Shipper-374px.jpg","type":"image\/jpeg"}],"twitter_card":"summary_large_image","twitter_site":"@Alpha_Gefahrgut","twitter_misc":{"Gesch\u00e4tzte Lesezeit":"3\u00a0Minuten"},"schema":{"@context":"https:\/\/schema.org","@graph":[{"@type":"WebPage","@id":"https:\/\/www.alpha-gefahrgut-consulting.de\/index.php\/cbta-tna-ab\/","url":"https:\/\/www.alpha-gefahrgut-consulting.de\/index.php\/cbta-tna-ab\/","name":"CBTA TNA A,B - ALPHA GEFAHRGUT CONSULTING","isPartOf":{"@id":"https:\/\/www.alpha-gefahrgut-consulting.de\/#website"},"primaryImageOfPage":{"@id":"https:\/\/www.alpha-gefahrgut-consulting.de\/index.php\/cbta-tna-ab\/#primaryimage"},"image":{"@id":"https:\/\/www.alpha-gefahrgut-consulting.de\/index.php\/cbta-tna-ab\/#primaryimage"},"thumbnailUrl":"https:\/\/www.alpha-gefahrgut-consulting.de\/wp-content\/uploads\/2024\/10\/AGC-TNA-Shipper-374px.jpg","datePublished":"2024-10-04T15:24:07+00:00","dateModified":"2025-05-29T02:43:27+00:00","description":"ALPHA GEFAHRGUT CONSULTING","breadcrumb":{"@id":"https:\/\/www.alpha-gefahrgut-consulting.de\/index.php\/cbta-tna-ab\/#breadcrumb"},"inLanguage":"de","potentialAction":[{"@type":"ReadAction","target":["https:\/\/www.alpha-gefahrgut-consulting.de\/index.php\/cbta-tna-ab\/"]}]},{"@type":"ImageObject","inLanguage":"de","@id":"https:\/\/www.alpha-gefahrgut-consulting.de\/index.php\/cbta-tna-ab\/#primaryimage","url":"https:\/\/www.alpha-gefahrgut-consulting.de\/wp-content\/uploads\/2024\/10\/AGC-TNA-Shipper-374px.jpg","contentUrl":"https:\/\/www.alpha-gefahrgut-consulting.de\/wp-content\/uploads\/2024\/10\/AGC-TNA-Shipper-374px.jpg","width":374,"height":186},{"@type":"BreadcrumbList","@id":"https:\/\/www.alpha-gefahrgut-consulting.de\/index.php\/cbta-tna-ab\/#breadcrumb","itemListElement":[{"@type":"ListItem","position":1,"name":"Startseite","item":"https:\/\/www.alpha-gefahrgut-consulting.de\/"},{"@type":"ListItem","position":2,"name":"CBTA TNA A,B"}]},{"@type":"WebSite","@id":"https:\/\/www.alpha-gefahrgut-consulting.de\/#website","url":"https:\/\/www.alpha-gefahrgut-consulting.de\/","name":"ALPHA GEFAHRGUT CONSULTING","description":"First Class Dangerous Goods Consulting, Management, Training.","publisher":{"@id":"https:\/\/www.alpha-gefahrgut-consulting.de\/#organization"},"potentialAction":[{"@type":"SearchAction","target":{"@type":"EntryPoint","urlTemplate":"https:\/\/www.alpha-gefahrgut-consulting.de\/?s={search_term_string}"},"query-input":{"@type":"PropertyValueSpecification","valueRequired":true,"valueName":"search_term_string"}}],"inLanguage":"de"},{"@type":"Organization","@id":"https:\/\/www.alpha-gefahrgut-consulting.de\/#organization","name":"ALPHA GEFAHRGUT CONSULTING","url":"https:\/\/www.alpha-gefahrgut-consulting.de\/","logo":{"@type":"ImageObject","inLanguage":"de","@id":"https:\/\/www.alpha-gefahrgut-consulting.de\/#\/schema\/logo\/image\/","url":"https:\/\/www.alpha-gefahrgut-consulting.de\/wp-content\/uploads\/2020\/04\/cropped-AGCLogoBlech-c.jpg","contentUrl":"https:\/\/www.alpha-gefahrgut-consulting.de\/wp-content\/uploads\/2020\/04\/cropped-AGCLogoBlech-c.jpg","width":250,"height":250,"caption":"ALPHA GEFAHRGUT CONSULTING"},"image":{"@id":"https:\/\/www.alpha-gefahrgut-consulting.de\/#\/schema\/logo\/image\/"},"sameAs":["https:\/\/x.com\/Alpha_Gefahrgut","https:\/\/www.youtube.com\/@AlphaDGConsulting","https:\/\/buymeacoffee.com\/AlphaDGConsulting","https:\/\/bsky.app\/profile\/alpha-gefahrgut.bsky.social","https:\/\/www.reddit.com\/user\/United_Ad5357\/","https:\/\/semasocial.com\/profile\/247322","https:\/\/truthsocial.com\/@AlphaDangerousGoodsConsulting","https:\/\/www.linkedin.com\/in\/michael-miska-mm\/","https:\/\/www.xing.com\/profile\/Michael_Miska088516\/web_profiles","https:\/\/rumble.com\/user\/AlphaDangerousGoodsConsulting","https:\/\/de.pinterest.com\/AlphaGefahrgutConsulting\/"]}]}},"_links":{"self":[{"href":"https:\/\/www.alpha-gefahrgut-consulting.de\/index.php\/wp-json\/wp\/v2\/pages\/6581","targetHints":{"allow":["GET"]}}],"collection":[{"href":"https:\/\/www.alpha-gefahrgut-consulting.de\/index.php\/wp-json\/wp\/v2\/pages"}],"about":[{"href":"https:\/\/www.alpha-gefahrgut-consulting.de\/index.php\/wp-json\/wp\/v2\/types\/page"}],"author":[{"embeddable":true,"href":"https:\/\/www.alpha-gefahrgut-consulting.de\/index.php\/wp-json\/wp\/v2\/users\/1"}],"replies":[{"embeddable":true,"href":"https:\/\/www.alpha-gefahrgut-consulting.de\/index.php\/wp-json\/wp\/v2\/comments?post=6581"}],"version-history":[{"count":39,"href":"https:\/\/www.alpha-gefahrgut-consulting.de\/index.php\/wp-json\/wp\/v2\/pages\/6581\/revisions"}],"predecessor-version":[{"id":7887,"href":"https:\/\/www.alpha-gefahrgut-consulting.de\/index.php\/wp-json\/wp\/v2\/pages\/6581\/revisions\/7887"}],"wp:attachment":[{"href":"https:\/\/www.alpha-gefahrgut-consulting.de\/index.php\/wp-json\/wp\/v2\/media?parent=6581"}],"curies":[{"name":"wp","href":"https:\/\/api.w.org\/{rel}","templated":true}]}}