{"id":6465,"date":"2024-10-04T12:03:07","date_gmt":"2024-10-04T10:03:07","guid":{"rendered":"https:\/\/www.alpha-gefahrgut-consulting.de\/?page_id=6465"},"modified":"2025-05-29T04:52:34","modified_gmt":"2025-05-29T02:52:34","slug":"cbta-tna-c-o7","status":"publish","type":"page","link":"https:\/\/www.alpha-gefahrgut-consulting.de\/index.php\/cbta-tna-c-o7\/","title":{"rendered":"CBTA TNA C ohne <7>"},"content":{"rendered":"<p><span style=\"color: #000000;\"><strong>CBTA- TNA C im Dialog erstellt<\/strong><\/span><\/p>\n<hr>\n<p><strong>TNA f\u00fcr: Luftfrachtspediteur, alle Klassen ausser &lt;7&gt;<\/strong><\/p>\n<hr>\n<p><strong>Sie finden unten die fertig erstellte TNA<\/strong> f\u00fcr einen Luftfrachtspediteur, der mit der speditionellen Abwicklung von Luftfracht-Sendungen <strong>aller Gefahrenklassen, ausser der Gefahrenklasse 7 (radioaktiv) <\/strong>besch\u00e4ftigt ist und insbesondere AWB (Luftfrachtbriefe) erstellt.<\/p>\n<p>Diese TNA basiert auf ihren Dialog-Eingaben.<\/p>\n<p>Im Rahmen seiner T\u00e4tigkeiten h\u00e4lt der Luftfrachtspediteur den Kontakt sowohl zu Versendern\/Verpackern, als auch zu Luftverkehrsgesellschaften, kann mit beiden an der Bef\u00f6rderung beteiligten Parteien interagieren, die Bef\u00f6rderungsdokumente pr\u00fcfen und die von ihm zu spedierenden Sendungen auf Einhaltung der Gefahrgutvorschriften, insbesondere hinsichtlich der Abweichungen von Staaten und Airlines, pr\u00fcfen. Dar\u00fcber hinaus kann der Luftfrachtspediteur ihm avisierte Luftfrachtsendungen auf undeklarierte gef\u00e4hrliche G\u00fcter pr\u00fcfen sowie Gefahrgut-Unf\u00e4lle, Zwischenf\u00e4lle, Vorkommnisse an die zust\u00e4ndige, nationale Beh\u00f6rde melden.<\/p>\n<p>Der Luftfrachtspediteur ben\u00f6tigt professionelle Kenntnisse nach CBTA (***).<\/p>\n<p><em>Hinweis: <\/em><br \/>\n<em>Beachten Sie, dass aufgrund dieser TNA in der Anmeldung zur Schulung die Gefahrenklasse 7 (radioaktiv) ausgeschlossen werden sollte.<\/em><\/p>\n<p><span style=\"color: #0000ff;\"><strong><a style=\"color: #0000ff;\" href=\"https:\/\/www.alpha-gefahrgut-consulting.de\/wp-content\/uploads\/2023\/04\/ALPHA-CBTA-Kompetenzprofil-Spediteure.pdf\">ALPHA-CBTA-Kompetenzprofil-Spediteure<\/a><\/strong><\/span><\/p>\n<hr>\n<p><em><span style=\"color: #ff0000;\"><span style=\"color: #000000;\">Ausnahmsweise nicht der richtige Spediteur?<\/span><strong><br \/>\n<\/strong><span style=\"color: #000000;\">Die oben eingestellte TNA sollte f\u00fcr die weitaus meisten Luftfrachtspediteure, die an der Bef\u00f6rderung gef\u00e4hrlicher G\u00fcter beteiligt sind, zutreffend sein. Sofern jedoch diese TNA aufgrund betrieblicher Besonderheiten ausnahmsweise noch nicht hinreichend ihren betrieblichen Bed\u00fcrfnissen entsprechen sollte, haben Sie auch die M\u00f6glichkeit, eine entsprechend modifizierte, noch speziellere, TNA zu erstellen.<br \/>\n<\/span><span style=\"color: #000000;\">Diese modifizierte TNA k\u00f6nnen Sie dann zu Anfrage von Schulungsleistungen <\/span><span style=\"color: #000000;\">nach ICAO-TI\/IATA-DGR\/CBTA bei Alpha Gefahrgut Consulting verwenden bzw. zur Angebotserstellung an uns einsenden.<br \/>\nHier das Blanko-Formular f\u00fcr eine ganz spezielle TNA:<\/span><\/span><\/em><\/p>\n<p><span style=\"color: #0000ff;\"><a style=\"color: #0000ff;\" href=\"https:\/\/www.alpha-gefahrgut-consulting.de\/wp-content\/uploads\/2024\/03\/AGC-CBTA-DG-Task-List-TNA-DE-Fillable-PDF.pdf\">AGC CBTA DG Task List &#8211; TNA &#8211; DE &#8211; Fillable PDF<\/a><\/span><\/p>\n<hr>\n","protected":false},"excerpt":{"rendered":"<p>CBTA- TNA C im Dialog erstellt TNA f\u00fcr: Luftfrachtspediteur, alle Klassen ausser &lt;7&gt; Sie finden unten die fertig erstellte TNA f\u00fcr einen Luftfrachtspediteur, der mit der speditionellen Abwicklung von Luftfracht-Sendungen aller Gefahrenklassen, ausser der Gefahrenklasse 7 (radioaktiv) besch\u00e4ftigt ist und insbesondere AWB (Luftfrachtbriefe) erstellt. Diese TNA basiert auf ihren Dialog-Eingaben. Im Rahmen seiner T\u00e4tigkeiten h\u00e4lt &hellip; <\/p>\n<p class=\"link-more\"><a href=\"https:\/\/www.alpha-gefahrgut-consulting.de\/index.php\/cbta-tna-c-o7\/\" class=\"more-link\"><span class=\"screen-reader-text\">\u201eCBTA TNA C ohne <7>\u201c<\/span> weiterlesen<\/a><\/p>\n","protected":false},"author":1,"featured_media":0,"parent":0,"menu_order":0,"comment_status":"closed","ping_status":"closed","template":"","meta":{"episode_type":"","audio_file":"","podmotor_file_id":"","podmotor_episode_id":"","cover_image":"","cover_image_id":"","duration":"","filesize":"","filesize_raw":"","date_recorded":"","explicit":"","block":"","footnotes":""},"class_list":["post-6465","page","type-page","status-publish","hentry"],"yoast_head":"<!-- This site is optimized with the Yoast SEO plugin v27.4 - https:\/\/yoast.com\/product\/yoast-seo-wordpress\/ -->\n<title>CBTA TNA C ohne  - ALPHA GEFAHRGUT CONSULTING<\/title>\n<meta name=\"description\" content=\"ALPHA GEFAHRGUT CONSULTING\" \/>\n<meta name=\"robots\" content=\"noindex, nofollow\" \/>\n<meta property=\"og:locale\" content=\"de_DE\" \/>\n<meta property=\"og:type\" content=\"article\" \/>\n<meta property=\"og:title\" content=\"CBTA TNA C ohne  - ALPHA GEFAHRGUT CONSULTING\" \/>\n<meta property=\"og:description\" content=\"ALPHA GEFAHRGUT CONSULTING\" \/>\n<meta property=\"og:url\" content=\"https:\/\/www.alpha-gefahrgut-consulting.de\/index.php\/cbta-tna-c-o7\/\" \/>\n<meta property=\"og:site_name\" content=\"ALPHA GEFAHRGUT CONSULTING\" \/>\n<meta property=\"article:modified_time\" content=\"2025-05-29T02:52:34+00:00\" \/>\n<meta property=\"og:image\" content=\"https:\/\/www.alpha-gefahrgut-consulting.de\/wp-content\/uploads\/2025\/05\/AGC-website-img-seo.jpg\" \/>\n\t<meta property=\"og:image:width\" content=\"1200\" \/>\n\t<meta property=\"og:image:height\" content=\"675\" \/>\n\t<meta property=\"og:image:type\" content=\"image\/jpeg\" \/>\n<meta name=\"twitter:card\" content=\"summary_large_image\" \/>\n<meta name=\"twitter:site\" content=\"@Alpha_Gefahrgut\" \/>\n<meta name=\"twitter:label1\" content=\"Gesch\u00e4tzte Lesezeit\" \/>\n\t<meta name=\"twitter:data1\" content=\"2\u00a0Minuten\" \/>\n<script type=\"application\/ld+json\" class=\"yoast-schema-graph\">{\"@context\":\"https:\\\/\\\/schema.org\",\"@graph\":[{\"@type\":\"WebPage\",\"@id\":\"https:\\\/\\\/www.alpha-gefahrgut-consulting.de\\\/index.php\\\/cbta-tna-c-o7\\\/\",\"url\":\"https:\\\/\\\/www.alpha-gefahrgut-consulting.de\\\/index.php\\\/cbta-tna-c-o7\\\/\",\"name\":\"CBTA TNA C ohne - ALPHA GEFAHRGUT CONSULTING\",\"isPartOf\":{\"@id\":\"https:\\\/\\\/www.alpha-gefahrgut-consulting.de\\\/#website\"},\"datePublished\":\"2024-10-04T10:03:07+00:00\",\"dateModified\":\"2025-05-29T02:52:34+00:00\",\"description\":\"ALPHA GEFAHRGUT CONSULTING\",\"breadcrumb\":{\"@id\":\"https:\\\/\\\/www.alpha-gefahrgut-consulting.de\\\/index.php\\\/cbta-tna-c-o7\\\/#breadcrumb\"},\"inLanguage\":\"de\",\"potentialAction\":[{\"@type\":\"ReadAction\",\"target\":[\"https:\\\/\\\/www.alpha-gefahrgut-consulting.de\\\/index.php\\\/cbta-tna-c-o7\\\/\"]}]},{\"@type\":\"BreadcrumbList\",\"@id\":\"https:\\\/\\\/www.alpha-gefahrgut-consulting.de\\\/index.php\\\/cbta-tna-c-o7\\\/#breadcrumb\",\"itemListElement\":[{\"@type\":\"ListItem\",\"position\":1,\"name\":\"Startseite\",\"item\":\"https:\\\/\\\/www.alpha-gefahrgut-consulting.de\\\/\"},{\"@type\":\"ListItem\",\"position\":2,\"name\":\"CBTA TNA C ohne\"}]},{\"@type\":\"WebSite\",\"@id\":\"https:\\\/\\\/www.alpha-gefahrgut-consulting.de\\\/#website\",\"url\":\"https:\\\/\\\/www.alpha-gefahrgut-consulting.de\\\/\",\"name\":\"ALPHA GEFAHRGUT CONSULTING\",\"description\":\"First Class Dangerous Goods Consulting, Management, Training.\",\"publisher\":{\"@id\":\"https:\\\/\\\/www.alpha-gefahrgut-consulting.de\\\/#organization\"},\"potentialAction\":[{\"@type\":\"SearchAction\",\"target\":{\"@type\":\"EntryPoint\",\"urlTemplate\":\"https:\\\/\\\/www.alpha-gefahrgut-consulting.de\\\/?s={search_term_string}\"},\"query-input\":{\"@type\":\"PropertyValueSpecification\",\"valueRequired\":true,\"valueName\":\"search_term_string\"}}],\"inLanguage\":\"de\"},{\"@type\":\"Organization\",\"@id\":\"https:\\\/\\\/www.alpha-gefahrgut-consulting.de\\\/#organization\",\"name\":\"ALPHA GEFAHRGUT CONSULTING\",\"url\":\"https:\\\/\\\/www.alpha-gefahrgut-consulting.de\\\/\",\"logo\":{\"@type\":\"ImageObject\",\"inLanguage\":\"de\",\"@id\":\"https:\\\/\\\/www.alpha-gefahrgut-consulting.de\\\/#\\\/schema\\\/logo\\\/image\\\/\",\"url\":\"https:\\\/\\\/www.alpha-gefahrgut-consulting.de\\\/wp-content\\\/uploads\\\/2020\\\/04\\\/cropped-AGCLogoBlech-c.jpg\",\"contentUrl\":\"https:\\\/\\\/www.alpha-gefahrgut-consulting.de\\\/wp-content\\\/uploads\\\/2020\\\/04\\\/cropped-AGCLogoBlech-c.jpg\",\"width\":250,\"height\":250,\"caption\":\"ALPHA GEFAHRGUT CONSULTING\"},\"image\":{\"@id\":\"https:\\\/\\\/www.alpha-gefahrgut-consulting.de\\\/#\\\/schema\\\/logo\\\/image\\\/\"},\"sameAs\":[\"https:\\\/\\\/x.com\\\/Alpha_Gefahrgut\",\"https:\\\/\\\/www.youtube.com\\\/@AlphaDGConsulting\",\"https:\\\/\\\/buymeacoffee.com\\\/AlphaDGConsulting\",\"https:\\\/\\\/bsky.app\\\/profile\\\/alpha-gefahrgut.bsky.social\",\"https:\\\/\\\/www.reddit.com\\\/user\\\/United_Ad5357\\\/\",\"https:\\\/\\\/semasocial.com\\\/profile\\\/247322\",\"https:\\\/\\\/truthsocial.com\\\/@AlphaDangerousGoodsConsulting\",\"https:\\\/\\\/www.linkedin.com\\\/in\\\/michael-miska-mm\\\/\",\"https:\\\/\\\/www.xing.com\\\/profile\\\/Michael_Miska088516\\\/web_profiles\",\"https:\\\/\\\/rumble.com\\\/user\\\/AlphaDangerousGoodsConsulting\",\"https:\\\/\\\/de.pinterest.com\\\/AlphaGefahrgutConsulting\\\/\"]}]}<\/script>\n<!-- \/ Yoast SEO plugin. -->","yoast_head_json":{"title":"CBTA TNA C ohne  - ALPHA GEFAHRGUT CONSULTING","description":"ALPHA GEFAHRGUT CONSULTING","robots":{"index":"noindex","follow":"nofollow"},"og_locale":"de_DE","og_type":"article","og_title":"CBTA TNA C ohne  - ALPHA GEFAHRGUT CONSULTING","og_description":"ALPHA GEFAHRGUT CONSULTING","og_url":"https:\/\/www.alpha-gefahrgut-consulting.de\/index.php\/cbta-tna-c-o7\/","og_site_name":"ALPHA GEFAHRGUT CONSULTING","article_modified_time":"2025-05-29T02:52:34+00:00","og_image":[{"width":1200,"height":675,"url":"https:\/\/www.alpha-gefahrgut-consulting.de\/wp-content\/uploads\/2025\/05\/AGC-website-img-seo.jpg","type":"image\/jpeg"}],"twitter_card":"summary_large_image","twitter_site":"@Alpha_Gefahrgut","twitter_misc":{"Gesch\u00e4tzte Lesezeit":"2\u00a0Minuten"},"schema":{"@context":"https:\/\/schema.org","@graph":[{"@type":"WebPage","@id":"https:\/\/www.alpha-gefahrgut-consulting.de\/index.php\/cbta-tna-c-o7\/","url":"https:\/\/www.alpha-gefahrgut-consulting.de\/index.php\/cbta-tna-c-o7\/","name":"CBTA TNA C ohne - ALPHA GEFAHRGUT CONSULTING","isPartOf":{"@id":"https:\/\/www.alpha-gefahrgut-consulting.de\/#website"},"datePublished":"2024-10-04T10:03:07+00:00","dateModified":"2025-05-29T02:52:34+00:00","description":"ALPHA GEFAHRGUT CONSULTING","breadcrumb":{"@id":"https:\/\/www.alpha-gefahrgut-consulting.de\/index.php\/cbta-tna-c-o7\/#breadcrumb"},"inLanguage":"de","potentialAction":[{"@type":"ReadAction","target":["https:\/\/www.alpha-gefahrgut-consulting.de\/index.php\/cbta-tna-c-o7\/"]}]},{"@type":"BreadcrumbList","@id":"https:\/\/www.alpha-gefahrgut-consulting.de\/index.php\/cbta-tna-c-o7\/#breadcrumb","itemListElement":[{"@type":"ListItem","position":1,"name":"Startseite","item":"https:\/\/www.alpha-gefahrgut-consulting.de\/"},{"@type":"ListItem","position":2,"name":"CBTA TNA C ohne"}]},{"@type":"WebSite","@id":"https:\/\/www.alpha-gefahrgut-consulting.de\/#website","url":"https:\/\/www.alpha-gefahrgut-consulting.de\/","name":"ALPHA GEFAHRGUT CONSULTING","description":"First Class Dangerous Goods Consulting, Management, Training.","publisher":{"@id":"https:\/\/www.alpha-gefahrgut-consulting.de\/#organization"},"potentialAction":[{"@type":"SearchAction","target":{"@type":"EntryPoint","urlTemplate":"https:\/\/www.alpha-gefahrgut-consulting.de\/?s={search_term_string}"},"query-input":{"@type":"PropertyValueSpecification","valueRequired":true,"valueName":"search_term_string"}}],"inLanguage":"de"},{"@type":"Organization","@id":"https:\/\/www.alpha-gefahrgut-consulting.de\/#organization","name":"ALPHA GEFAHRGUT CONSULTING","url":"https:\/\/www.alpha-gefahrgut-consulting.de\/","logo":{"@type":"ImageObject","inLanguage":"de","@id":"https:\/\/www.alpha-gefahrgut-consulting.de\/#\/schema\/logo\/image\/","url":"https:\/\/www.alpha-gefahrgut-consulting.de\/wp-content\/uploads\/2020\/04\/cropped-AGCLogoBlech-c.jpg","contentUrl":"https:\/\/www.alpha-gefahrgut-consulting.de\/wp-content\/uploads\/2020\/04\/cropped-AGCLogoBlech-c.jpg","width":250,"height":250,"caption":"ALPHA GEFAHRGUT CONSULTING"},"image":{"@id":"https:\/\/www.alpha-gefahrgut-consulting.de\/#\/schema\/logo\/image\/"},"sameAs":["https:\/\/x.com\/Alpha_Gefahrgut","https:\/\/www.youtube.com\/@AlphaDGConsulting","https:\/\/buymeacoffee.com\/AlphaDGConsulting","https:\/\/bsky.app\/profile\/alpha-gefahrgut.bsky.social","https:\/\/www.reddit.com\/user\/United_Ad5357\/","https:\/\/semasocial.com\/profile\/247322","https:\/\/truthsocial.com\/@AlphaDangerousGoodsConsulting","https:\/\/www.linkedin.com\/in\/michael-miska-mm\/","https:\/\/www.xing.com\/profile\/Michael_Miska088516\/web_profiles","https:\/\/rumble.com\/user\/AlphaDangerousGoodsConsulting","https:\/\/de.pinterest.com\/AlphaGefahrgutConsulting\/"]}]}},"_links":{"self":[{"href":"https:\/\/www.alpha-gefahrgut-consulting.de\/index.php\/wp-json\/wp\/v2\/pages\/6465","targetHints":{"allow":["GET"]}}],"collection":[{"href":"https:\/\/www.alpha-gefahrgut-consulting.de\/index.php\/wp-json\/wp\/v2\/pages"}],"about":[{"href":"https:\/\/www.alpha-gefahrgut-consulting.de\/index.php\/wp-json\/wp\/v2\/types\/page"}],"author":[{"embeddable":true,"href":"https:\/\/www.alpha-gefahrgut-consulting.de\/index.php\/wp-json\/wp\/v2\/users\/1"}],"replies":[{"embeddable":true,"href":"https:\/\/www.alpha-gefahrgut-consulting.de\/index.php\/wp-json\/wp\/v2\/comments?post=6465"}],"version-history":[{"count":4,"href":"https:\/\/www.alpha-gefahrgut-consulting.de\/index.php\/wp-json\/wp\/v2\/pages\/6465\/revisions"}],"predecessor-version":[{"id":6470,"href":"https:\/\/www.alpha-gefahrgut-consulting.de\/index.php\/wp-json\/wp\/v2\/pages\/6465\/revisions\/6470"}],"wp:attachment":[{"href":"https:\/\/www.alpha-gefahrgut-consulting.de\/index.php\/wp-json\/wp\/v2\/media?parent=6465"}],"curies":[{"name":"wp","href":"https:\/\/api.w.org\/{rel}","templated":true}]}}