{"id":6414,"date":"2024-10-04T10:26:13","date_gmt":"2024-10-04T08:26:13","guid":{"rendered":"https:\/\/www.alpha-gefahrgut-consulting.de\/?page_id=6414"},"modified":"2025-05-29T04:54:33","modified_gmt":"2025-05-29T02:54:33","slug":"cbta-tna-im-dialog","status":"publish","type":"page","link":"https:\/\/www.alpha-gefahrgut-consulting.de\/index.php\/cbta-tna-im-dialog\/","title":{"rendered":"CBTA TNA im Dialog"},"content":{"rendered":"<p><span style=\"color: #000000;\"><strong>CBTA- TNA im Dialog erstellen<\/strong><\/span><\/p>\n<p><strong>Folgen Sie einfach den Anweisungen. Nach wenigen Dialog-Eingaben erhalten Sie eine kostenlos <\/strong>(in eigener Verantwortung)<strong> verwertbare TNA.<\/strong><br \/>\nDiese TNA ist zugleich die TNA f\u00fcr die Teilnahme an einer \u00f6ffentlich ausgelobten (\u00f6ffentlich buchbaren) CBTA-Schulung der Alpha Gefahrgut Consulting.<\/p>\n<p><img loading=\"lazy\" decoding=\"async\" class=\"alignnone size-full wp-image-6417\" src=\"https:\/\/www.alpha-gefahrgut-consulting.de\/wp-content\/uploads\/2024\/10\/AGC-TNA-748px.jpg\" alt=\"\" width=\"748\" height=\"380\" srcset=\"https:\/\/www.alpha-gefahrgut-consulting.de\/wp-content\/uploads\/2024\/10\/AGC-TNA-748px.jpg 748w, https:\/\/www.alpha-gefahrgut-consulting.de\/wp-content\/uploads\/2024\/10\/AGC-TNA-748px-300x152.jpg 300w\" sizes=\"auto, (max-width: 706px) 89vw, (max-width: 767px) 82vw, 740px\" \/><\/p>\n<hr \/>\n<p><strong>Ich m\u00f6chte eine TNA erstellen f\u00fcr einen:<\/strong><\/p>\n<p><strong><span style=\"color: #0000ff;\"><a style=\"color: #0000ff;\" href=\"https:\/\/www.alpha-gefahrgut-consulting.de\/index.php\/cbta-tna-b\/\">Verpacker<\/a><\/span><\/strong><\/p>\n<p><span style=\"color: #0000ff;\"><a style=\"color: #0000ff;\" href=\"https:\/\/www.alpha-gefahrgut-consulting.de\/index.php\/cbta-tna-ab\/\"><strong>Versender \/ Verpacker<\/strong><\/a><\/span><\/p>\n<p><span style=\"color: #0000ff;\"><strong><a style=\"color: #0000ff;\" href=\"https:\/\/www.alpha-gefahrgut-consulting.de\/index.php\/cbta-tna-c\/\">Luftfrachtspediteur<\/a><\/strong><\/span><\/p>\n<p><span style=\"color: #0000ff;\"><strong><a style=\"color: #0000ff;\" href=\"https:\/\/www.alpha-gefahrgut-consulting.de\/index.php\/cbta-tna-f\/\">Annahmekontrolleur<\/a><\/strong><\/span><\/p>\n<p><strong>Mitarbeiter mit anderen Aufgaben<\/strong><br \/>\n(z.B. Piloten, Flugbegleiter, Flugdienstberater, Ladeplaner, Frachtabfertiger, Security)<br \/>\nSiehe Bemerkungen zur Anfrage von Inhouse-Schulungsleistungen.<\/p>\n<hr \/>\n<hr \/>\n<p><strong>F\u00fcr die Anfrage von Inhouse- Schulungsleistungen <\/strong>nach ICAO-TI\/IATA-DGR\/CBTA bei Alpha Gefahrgut Consulting k\u00f6nnen Kunden und solche, die es wom\u00f6glich werden wollen, den auf dieser Webseite eingestellten<strong> Formvorschlag <\/strong>in eigener Verantwortung kostenlos benutzen und zur Angebotserstellung an Alpha Gefahrgut Consulting einsenden:<\/p>\n<p><span style=\"color: #0000ff;\"><a style=\"color: #0000ff;\" href=\"https:\/\/www.alpha-gefahrgut-consulting.de\/wp-content\/uploads\/2024\/03\/AGC-CBTA-DG-Task-List-TNA-DE-Fillable-PDF.pdf\">AGC CBTA DG Task List &#8211; TNA &#8211; DE &#8211; Fillable PDF<\/a><\/span><\/p>\n<hr \/>\n","protected":false},"excerpt":{"rendered":"<p>CBTA- TNA im Dialog erstellen Folgen Sie einfach den Anweisungen. Nach wenigen Dialog-Eingaben erhalten Sie eine kostenlos (in eigener Verantwortung) verwertbare TNA. Diese TNA ist zugleich die TNA f\u00fcr die Teilnahme an einer \u00f6ffentlich ausgelobten (\u00f6ffentlich buchbaren) CBTA-Schulung der Alpha Gefahrgut Consulting. Ich m\u00f6chte eine TNA erstellen f\u00fcr einen: Verpacker Versender \/ Verpacker Luftfrachtspediteur Annahmekontrolleur &hellip; <\/p>\n<p class=\"link-more\"><a href=\"https:\/\/www.alpha-gefahrgut-consulting.de\/index.php\/cbta-tna-im-dialog\/\" class=\"more-link\"><span class=\"screen-reader-text\">\u201eCBTA TNA im Dialog\u201c<\/span> weiterlesen<\/a><\/p>\n","protected":false},"author":1,"featured_media":0,"parent":0,"menu_order":0,"comment_status":"closed","ping_status":"closed","template":"","meta":{"episode_type":"","audio_file":"","podmotor_file_id":"","podmotor_episode_id":"","cover_image":"","cover_image_id":"","duration":"","filesize":"","filesize_raw":"","date_recorded":"","explicit":"","block":"","footnotes":""},"class_list":["post-6414","page","type-page","status-publish","hentry"],"yoast_head":"<!-- This site is optimized with the Yoast SEO plugin v27.4 - https:\/\/yoast.com\/product\/yoast-seo-wordpress\/ -->\n<title>CBTA TNA im Dialog - ALPHA GEFAHRGUT CONSULTING<\/title>\n<meta name=\"description\" content=\"ALPHA GEFAHRGUT CONSULTING\" \/>\n<meta name=\"robots\" content=\"noindex, nofollow\" \/>\n<meta property=\"og:locale\" content=\"de_DE\" \/>\n<meta property=\"og:type\" content=\"article\" \/>\n<meta property=\"og:title\" content=\"CBTA TNA im Dialog - ALPHA GEFAHRGUT CONSULTING\" \/>\n<meta property=\"og:description\" content=\"ALPHA GEFAHRGUT CONSULTING\" \/>\n<meta property=\"og:url\" content=\"https:\/\/www.alpha-gefahrgut-consulting.de\/index.php\/cbta-tna-im-dialog\/\" \/>\n<meta property=\"og:site_name\" content=\"ALPHA GEFAHRGUT CONSULTING\" \/>\n<meta property=\"article:modified_time\" content=\"2025-05-29T02:54:33+00:00\" \/>\n<meta property=\"og:image\" content=\"https:\/\/www.alpha-gefahrgut-consulting.de\/wp-content\/uploads\/2024\/10\/AGC-TNA-748px.jpg\" \/>\n\t<meta property=\"og:image:width\" content=\"748\" \/>\n\t<meta property=\"og:image:height\" content=\"380\" \/>\n\t<meta property=\"og:image:type\" content=\"image\/jpeg\" \/>\n<meta name=\"twitter:card\" content=\"summary_large_image\" \/>\n<meta name=\"twitter:site\" content=\"@Alpha_Gefahrgut\" \/>\n<meta name=\"twitter:label1\" content=\"Gesch\u00e4tzte Lesezeit\" \/>\n\t<meta name=\"twitter:data1\" content=\"1\u00a0Minute\" \/>\n<script type=\"application\/ld+json\" class=\"yoast-schema-graph\">{\"@context\":\"https:\\\/\\\/schema.org\",\"@graph\":[{\"@type\":\"WebPage\",\"@id\":\"https:\\\/\\\/www.alpha-gefahrgut-consulting.de\\\/index.php\\\/cbta-tna-im-dialog\\\/\",\"url\":\"https:\\\/\\\/www.alpha-gefahrgut-consulting.de\\\/index.php\\\/cbta-tna-im-dialog\\\/\",\"name\":\"CBTA TNA im Dialog - ALPHA GEFAHRGUT CONSULTING\",\"isPartOf\":{\"@id\":\"https:\\\/\\\/www.alpha-gefahrgut-consulting.de\\\/#website\"},\"primaryImageOfPage\":{\"@id\":\"https:\\\/\\\/www.alpha-gefahrgut-consulting.de\\\/index.php\\\/cbta-tna-im-dialog\\\/#primaryimage\"},\"image\":{\"@id\":\"https:\\\/\\\/www.alpha-gefahrgut-consulting.de\\\/index.php\\\/cbta-tna-im-dialog\\\/#primaryimage\"},\"thumbnailUrl\":\"https:\\\/\\\/www.alpha-gefahrgut-consulting.de\\\/wp-content\\\/uploads\\\/2024\\\/10\\\/AGC-TNA-748px.jpg\",\"datePublished\":\"2024-10-04T08:26:13+00:00\",\"dateModified\":\"2025-05-29T02:54:33+00:00\",\"description\":\"ALPHA GEFAHRGUT CONSULTING\",\"breadcrumb\":{\"@id\":\"https:\\\/\\\/www.alpha-gefahrgut-consulting.de\\\/index.php\\\/cbta-tna-im-dialog\\\/#breadcrumb\"},\"inLanguage\":\"de\",\"potentialAction\":[{\"@type\":\"ReadAction\",\"target\":[\"https:\\\/\\\/www.alpha-gefahrgut-consulting.de\\\/index.php\\\/cbta-tna-im-dialog\\\/\"]}]},{\"@type\":\"ImageObject\",\"inLanguage\":\"de\",\"@id\":\"https:\\\/\\\/www.alpha-gefahrgut-consulting.de\\\/index.php\\\/cbta-tna-im-dialog\\\/#primaryimage\",\"url\":\"https:\\\/\\\/www.alpha-gefahrgut-consulting.de\\\/wp-content\\\/uploads\\\/2024\\\/10\\\/AGC-TNA-748px.jpg\",\"contentUrl\":\"https:\\\/\\\/www.alpha-gefahrgut-consulting.de\\\/wp-content\\\/uploads\\\/2024\\\/10\\\/AGC-TNA-748px.jpg\",\"width\":748,\"height\":380},{\"@type\":\"BreadcrumbList\",\"@id\":\"https:\\\/\\\/www.alpha-gefahrgut-consulting.de\\\/index.php\\\/cbta-tna-im-dialog\\\/#breadcrumb\",\"itemListElement\":[{\"@type\":\"ListItem\",\"position\":1,\"name\":\"Startseite\",\"item\":\"https:\\\/\\\/www.alpha-gefahrgut-consulting.de\\\/\"},{\"@type\":\"ListItem\",\"position\":2,\"name\":\"CBTA TNA im Dialog\"}]},{\"@type\":\"WebSite\",\"@id\":\"https:\\\/\\\/www.alpha-gefahrgut-consulting.de\\\/#website\",\"url\":\"https:\\\/\\\/www.alpha-gefahrgut-consulting.de\\\/\",\"name\":\"ALPHA GEFAHRGUT CONSULTING\",\"description\":\"First Class Dangerous Goods Consulting, Management, Training.\",\"publisher\":{\"@id\":\"https:\\\/\\\/www.alpha-gefahrgut-consulting.de\\\/#organization\"},\"potentialAction\":[{\"@type\":\"SearchAction\",\"target\":{\"@type\":\"EntryPoint\",\"urlTemplate\":\"https:\\\/\\\/www.alpha-gefahrgut-consulting.de\\\/?s={search_term_string}\"},\"query-input\":{\"@type\":\"PropertyValueSpecification\",\"valueRequired\":true,\"valueName\":\"search_term_string\"}}],\"inLanguage\":\"de\"},{\"@type\":\"Organization\",\"@id\":\"https:\\\/\\\/www.alpha-gefahrgut-consulting.de\\\/#organization\",\"name\":\"ALPHA GEFAHRGUT CONSULTING\",\"url\":\"https:\\\/\\\/www.alpha-gefahrgut-consulting.de\\\/\",\"logo\":{\"@type\":\"ImageObject\",\"inLanguage\":\"de\",\"@id\":\"https:\\\/\\\/www.alpha-gefahrgut-consulting.de\\\/#\\\/schema\\\/logo\\\/image\\\/\",\"url\":\"https:\\\/\\\/www.alpha-gefahrgut-consulting.de\\\/wp-content\\\/uploads\\\/2020\\\/04\\\/cropped-AGCLogoBlech-c.jpg\",\"contentUrl\":\"https:\\\/\\\/www.alpha-gefahrgut-consulting.de\\\/wp-content\\\/uploads\\\/2020\\\/04\\\/cropped-AGCLogoBlech-c.jpg\",\"width\":250,\"height\":250,\"caption\":\"ALPHA GEFAHRGUT CONSULTING\"},\"image\":{\"@id\":\"https:\\\/\\\/www.alpha-gefahrgut-consulting.de\\\/#\\\/schema\\\/logo\\\/image\\\/\"},\"sameAs\":[\"https:\\\/\\\/x.com\\\/Alpha_Gefahrgut\",\"https:\\\/\\\/www.youtube.com\\\/@AlphaDGConsulting\",\"https:\\\/\\\/buymeacoffee.com\\\/AlphaDGConsulting\",\"https:\\\/\\\/bsky.app\\\/profile\\\/alpha-gefahrgut.bsky.social\",\"https:\\\/\\\/www.reddit.com\\\/user\\\/United_Ad5357\\\/\",\"https:\\\/\\\/semasocial.com\\\/profile\\\/247322\",\"https:\\\/\\\/truthsocial.com\\\/@AlphaDangerousGoodsConsulting\",\"https:\\\/\\\/www.linkedin.com\\\/in\\\/michael-miska-mm\\\/\",\"https:\\\/\\\/www.xing.com\\\/profile\\\/Michael_Miska088516\\\/web_profiles\",\"https:\\\/\\\/rumble.com\\\/user\\\/AlphaDangerousGoodsConsulting\",\"https:\\\/\\\/de.pinterest.com\\\/AlphaGefahrgutConsulting\\\/\"]}]}<\/script>\n<!-- \/ Yoast SEO plugin. -->","yoast_head_json":{"title":"CBTA TNA im Dialog - ALPHA GEFAHRGUT CONSULTING","description":"ALPHA GEFAHRGUT CONSULTING","robots":{"index":"noindex","follow":"nofollow"},"og_locale":"de_DE","og_type":"article","og_title":"CBTA TNA im Dialog - ALPHA GEFAHRGUT CONSULTING","og_description":"ALPHA GEFAHRGUT CONSULTING","og_url":"https:\/\/www.alpha-gefahrgut-consulting.de\/index.php\/cbta-tna-im-dialog\/","og_site_name":"ALPHA GEFAHRGUT CONSULTING","article_modified_time":"2025-05-29T02:54:33+00:00","og_image":[{"width":748,"height":380,"url":"https:\/\/www.alpha-gefahrgut-consulting.de\/wp-content\/uploads\/2024\/10\/AGC-TNA-748px.jpg","type":"image\/jpeg"}],"twitter_card":"summary_large_image","twitter_site":"@Alpha_Gefahrgut","twitter_misc":{"Gesch\u00e4tzte Lesezeit":"1\u00a0Minute"},"schema":{"@context":"https:\/\/schema.org","@graph":[{"@type":"WebPage","@id":"https:\/\/www.alpha-gefahrgut-consulting.de\/index.php\/cbta-tna-im-dialog\/","url":"https:\/\/www.alpha-gefahrgut-consulting.de\/index.php\/cbta-tna-im-dialog\/","name":"CBTA TNA im Dialog - ALPHA GEFAHRGUT CONSULTING","isPartOf":{"@id":"https:\/\/www.alpha-gefahrgut-consulting.de\/#website"},"primaryImageOfPage":{"@id":"https:\/\/www.alpha-gefahrgut-consulting.de\/index.php\/cbta-tna-im-dialog\/#primaryimage"},"image":{"@id":"https:\/\/www.alpha-gefahrgut-consulting.de\/index.php\/cbta-tna-im-dialog\/#primaryimage"},"thumbnailUrl":"https:\/\/www.alpha-gefahrgut-consulting.de\/wp-content\/uploads\/2024\/10\/AGC-TNA-748px.jpg","datePublished":"2024-10-04T08:26:13+00:00","dateModified":"2025-05-29T02:54:33+00:00","description":"ALPHA GEFAHRGUT CONSULTING","breadcrumb":{"@id":"https:\/\/www.alpha-gefahrgut-consulting.de\/index.php\/cbta-tna-im-dialog\/#breadcrumb"},"inLanguage":"de","potentialAction":[{"@type":"ReadAction","target":["https:\/\/www.alpha-gefahrgut-consulting.de\/index.php\/cbta-tna-im-dialog\/"]}]},{"@type":"ImageObject","inLanguage":"de","@id":"https:\/\/www.alpha-gefahrgut-consulting.de\/index.php\/cbta-tna-im-dialog\/#primaryimage","url":"https:\/\/www.alpha-gefahrgut-consulting.de\/wp-content\/uploads\/2024\/10\/AGC-TNA-748px.jpg","contentUrl":"https:\/\/www.alpha-gefahrgut-consulting.de\/wp-content\/uploads\/2024\/10\/AGC-TNA-748px.jpg","width":748,"height":380},{"@type":"BreadcrumbList","@id":"https:\/\/www.alpha-gefahrgut-consulting.de\/index.php\/cbta-tna-im-dialog\/#breadcrumb","itemListElement":[{"@type":"ListItem","position":1,"name":"Startseite","item":"https:\/\/www.alpha-gefahrgut-consulting.de\/"},{"@type":"ListItem","position":2,"name":"CBTA TNA im Dialog"}]},{"@type":"WebSite","@id":"https:\/\/www.alpha-gefahrgut-consulting.de\/#website","url":"https:\/\/www.alpha-gefahrgut-consulting.de\/","name":"ALPHA GEFAHRGUT CONSULTING","description":"First Class Dangerous Goods Consulting, Management, Training.","publisher":{"@id":"https:\/\/www.alpha-gefahrgut-consulting.de\/#organization"},"potentialAction":[{"@type":"SearchAction","target":{"@type":"EntryPoint","urlTemplate":"https:\/\/www.alpha-gefahrgut-consulting.de\/?s={search_term_string}"},"query-input":{"@type":"PropertyValueSpecification","valueRequired":true,"valueName":"search_term_string"}}],"inLanguage":"de"},{"@type":"Organization","@id":"https:\/\/www.alpha-gefahrgut-consulting.de\/#organization","name":"ALPHA GEFAHRGUT CONSULTING","url":"https:\/\/www.alpha-gefahrgut-consulting.de\/","logo":{"@type":"ImageObject","inLanguage":"de","@id":"https:\/\/www.alpha-gefahrgut-consulting.de\/#\/schema\/logo\/image\/","url":"https:\/\/www.alpha-gefahrgut-consulting.de\/wp-content\/uploads\/2020\/04\/cropped-AGCLogoBlech-c.jpg","contentUrl":"https:\/\/www.alpha-gefahrgut-consulting.de\/wp-content\/uploads\/2020\/04\/cropped-AGCLogoBlech-c.jpg","width":250,"height":250,"caption":"ALPHA GEFAHRGUT CONSULTING"},"image":{"@id":"https:\/\/www.alpha-gefahrgut-consulting.de\/#\/schema\/logo\/image\/"},"sameAs":["https:\/\/x.com\/Alpha_Gefahrgut","https:\/\/www.youtube.com\/@AlphaDGConsulting","https:\/\/buymeacoffee.com\/AlphaDGConsulting","https:\/\/bsky.app\/profile\/alpha-gefahrgut.bsky.social","https:\/\/www.reddit.com\/user\/United_Ad5357\/","https:\/\/semasocial.com\/profile\/247322","https:\/\/truthsocial.com\/@AlphaDangerousGoodsConsulting","https:\/\/www.linkedin.com\/in\/michael-miska-mm\/","https:\/\/www.xing.com\/profile\/Michael_Miska088516\/web_profiles","https:\/\/rumble.com\/user\/AlphaDangerousGoodsConsulting","https:\/\/de.pinterest.com\/AlphaGefahrgutConsulting\/"]}]}},"_links":{"self":[{"href":"https:\/\/www.alpha-gefahrgut-consulting.de\/index.php\/wp-json\/wp\/v2\/pages\/6414","targetHints":{"allow":["GET"]}}],"collection":[{"href":"https:\/\/www.alpha-gefahrgut-consulting.de\/index.php\/wp-json\/wp\/v2\/pages"}],"about":[{"href":"https:\/\/www.alpha-gefahrgut-consulting.de\/index.php\/wp-json\/wp\/v2\/types\/page"}],"author":[{"embeddable":true,"href":"https:\/\/www.alpha-gefahrgut-consulting.de\/index.php\/wp-json\/wp\/v2\/users\/1"}],"replies":[{"embeddable":true,"href":"https:\/\/www.alpha-gefahrgut-consulting.de\/index.php\/wp-json\/wp\/v2\/comments?post=6414"}],"version-history":[{"count":15,"href":"https:\/\/www.alpha-gefahrgut-consulting.de\/index.php\/wp-json\/wp\/v2\/pages\/6414\/revisions"}],"predecessor-version":[{"id":6600,"href":"https:\/\/www.alpha-gefahrgut-consulting.de\/index.php\/wp-json\/wp\/v2\/pages\/6414\/revisions\/6600"}],"wp:attachment":[{"href":"https:\/\/www.alpha-gefahrgut-consulting.de\/index.php\/wp-json\/wp\/v2\/media?parent=6414"}],"curies":[{"name":"wp","href":"https:\/\/api.w.org\/{rel}","templated":true}]}}