{"id":6161,"date":"2024-09-19T14:14:03","date_gmt":"2024-09-19T12:14:03","guid":{"rendered":"https:\/\/www.alpha-gefahrgut-consulting.de\/?page_id=6161"},"modified":"2025-05-30T09:31:24","modified_gmt":"2025-05-30T07:31:24","slug":"beta-artikel-hinweis-allgem","status":"publish","type":"page","link":"https:\/\/www.alpha-gefahrgut-consulting.de\/index.php\/beta-artikel-hinweis-allgem\/","title":{"rendered":"Beta Artikel Hinweis allgemein"},"content":{"rendered":"<p>\u00a0<\/p>\n<p><i><\/i>Powered by Alpha Gefahrgut Consulting:<br \/><strong>Beta Modellbau &amp; Modellbahn<\/strong> Kleinkunstwerkstatt<\/p>\n<hr \/>\n<p><strong>Allgemeine Hinweise f\u00fcr Ausschneideb\u00f6gen <\/strong><strong>im Ma\u00dfstab 1:87.<\/strong><\/p>\n<p>Nicht f\u00fcr Kinder unter 14 Jahren geeignet.<br \/>Benutzung unter unmittelbarer Aufsicht von Erwachsenen.\u00a0<\/p>\n<p>Das Ausschneiden kann mit einem scharfen Messer oder einer Schere erfolgen.<\/p>\n<p>Aufgrund der Kleinheit der Details kann das Arbeiten unter einer Lupe sinnvoll sein und zu besseren Modellbau-Ergebnissen f\u00fchren.<\/p>\n<p>Ggf. zu hell wirkende Schnittkanten von Warntafeln, Schildern etc. kann man zur besseren Optik nach dem Ausschneiden mit einem schwarzen oder dunkelgrauen Kollimarker farblich nachbehandeln. Schnittkanten von hellen, insbesondere wei\u00dfen, Kennzeichen (oder solchen mit wei\u00dfer Aufschrift) sollten nicht mehr farblich nachbehandelt werden. In diesem Fall wirken helle Schnittkanten i.d.R. besser.\u00a0<\/p>\n<p>F\u00fcr das Aufbringen der ausgeschnittenen Kennzeichen auf Modell-Fahrzeugen sollte ein fl\u00fcssiger Klebstoff verwendet werden, der keine F\u00e4den zieht. Nur wenig (einen ganz kleinen Tropfen) Klebstoff auf die R\u00fcckseite der Kennzeichen aufbringen (z.B. mittels einer Nadel) und die Kennzeichen sofort an die richtige Position versetzen (z.B. mittels einer feinen Pinzette). Nicht mehr verschieben! (Verschieben kann ggf. den Klebstoff verschmieren und ggf. die Farbe der Modelle anl\u00f6sen).<\/p>\n<p>Alternativ k\u00f6nnen die Kennzeichen auch mit einem kleinen Tropfen Modellbaufarbe angebracht werden. Vorgehen ansonsten wie oben beschrieben. Sofern Kennzeichen an Anschriftentafeln von Waggons etc. angebracht werden, ist oft schwarze oder dunkelgraue Farbe gut geeignet. Die benutzte Farbe sollte dem Hintergrund entsprechen.<br \/><br \/><\/p>\n<hr \/>\n<p>Powered by Alpha Gefahrgut Consulting:<strong><br \/>Beta Modellbau &amp; Modellbahn<\/strong> Kleinkunstwerkstatt<\/p>\n<hr \/>\n\n\n<p><\/p>\n","protected":false},"excerpt":{"rendered":"<p>\u00a0 Powered by Alpha Gefahrgut Consulting:Beta Modellbau &amp; Modellbahn Kleinkunstwerkstatt Allgemeine Hinweise f\u00fcr Ausschneideb\u00f6gen im Ma\u00dfstab 1:87. Nicht f\u00fcr Kinder unter 14 Jahren geeignet.Benutzung unter unmittelbarer Aufsicht von Erwachsenen.\u00a0 Das Ausschneiden kann mit einem scharfen Messer oder einer Schere erfolgen. Aufgrund der Kleinheit der Details kann das Arbeiten unter einer Lupe sinnvoll sein und zu &hellip; <\/p>\n<p class=\"link-more\"><a href=\"https:\/\/www.alpha-gefahrgut-consulting.de\/index.php\/beta-artikel-hinweis-allgem\/\" class=\"more-link\"><span class=\"screen-reader-text\">\u201eBeta Artikel Hinweis allgemein\u201c<\/span> weiterlesen<\/a><\/p>\n","protected":false},"author":1,"featured_media":0,"parent":0,"menu_order":0,"comment_status":"closed","ping_status":"closed","template":"","meta":{"episode_type":"","audio_file":"","podmotor_file_id":"","podmotor_episode_id":"","cover_image":"","cover_image_id":"","duration":"","filesize":"","filesize_raw":"","date_recorded":"","explicit":"","block":"","footnotes":""},"class_list":["post-6161","page","type-page","status-publish","hentry"],"yoast_head":"<!-- This site is optimized with the Yoast SEO plugin v27.5 - https:\/\/yoast.com\/product\/yoast-seo-wordpress\/ -->\n<title>Beta: Allgemeiner Artikelhinweis<\/title>\n<meta name=\"description\" content=\"Beta Modellbau - powered by Alpha Gefahrgut Consulting\" \/>\n<meta name=\"robots\" content=\"noindex, nofollow\" \/>\n<meta property=\"og:locale\" content=\"de_DE\" \/>\n<meta property=\"og:type\" content=\"article\" \/>\n<meta property=\"og:title\" content=\"Beta: Allgemeiner Artikelhinweis\" \/>\n<meta property=\"og:description\" content=\"Beta Modellbau - powered by Alpha Gefahrgut Consulting\" \/>\n<meta property=\"og:url\" content=\"https:\/\/www.alpha-gefahrgut-consulting.de\/index.php\/beta-artikel-hinweis-allgem\/\" \/>\n<meta property=\"og:site_name\" content=\"ALPHA GEFAHRGUT CONSULTING\" \/>\n<meta property=\"article:modified_time\" content=\"2025-05-30T07:31:24+00:00\" \/>\n<meta property=\"og:image\" content=\"https:\/\/www.alpha-gefahrgut-consulting.de\/wp-content\/uploads\/2025\/05\/AGC-website-img-seo.jpg\" \/>\n\t<meta property=\"og:image:width\" content=\"1200\" \/>\n\t<meta property=\"og:image:height\" content=\"675\" \/>\n\t<meta property=\"og:image:type\" content=\"image\/jpeg\" \/>\n<meta name=\"twitter:card\" content=\"summary_large_image\" \/>\n<meta name=\"twitter:site\" content=\"@Alpha_Gefahrgut\" \/>\n<meta name=\"twitter:label1\" content=\"Gesch\u00e4tzte Lesezeit\" \/>\n\t<meta name=\"twitter:data1\" content=\"2\u00a0Minuten\" \/>\n<script type=\"application\/ld+json\" class=\"yoast-schema-graph\">{\"@context\":\"https:\\\/\\\/schema.org\",\"@graph\":[{\"@type\":\"WebPage\",\"@id\":\"https:\\\/\\\/www.alpha-gefahrgut-consulting.de\\\/index.php\\\/beta-artikel-hinweis-allgem\\\/\",\"url\":\"https:\\\/\\\/www.alpha-gefahrgut-consulting.de\\\/index.php\\\/beta-artikel-hinweis-allgem\\\/\",\"name\":\"Beta: Allgemeiner Artikelhinweis\",\"isPartOf\":{\"@id\":\"https:\\\/\\\/www.alpha-gefahrgut-consulting.de\\\/#website\"},\"datePublished\":\"2024-09-19T12:14:03+00:00\",\"dateModified\":\"2025-05-30T07:31:24+00:00\",\"description\":\"Beta Modellbau - powered by Alpha Gefahrgut Consulting\",\"breadcrumb\":{\"@id\":\"https:\\\/\\\/www.alpha-gefahrgut-consulting.de\\\/index.php\\\/beta-artikel-hinweis-allgem\\\/#breadcrumb\"},\"inLanguage\":\"de\",\"potentialAction\":[{\"@type\":\"ReadAction\",\"target\":[\"https:\\\/\\\/www.alpha-gefahrgut-consulting.de\\\/index.php\\\/beta-artikel-hinweis-allgem\\\/\"]}]},{\"@type\":\"BreadcrumbList\",\"@id\":\"https:\\\/\\\/www.alpha-gefahrgut-consulting.de\\\/index.php\\\/beta-artikel-hinweis-allgem\\\/#breadcrumb\",\"itemListElement\":[{\"@type\":\"ListItem\",\"position\":1,\"name\":\"Startseite\",\"item\":\"https:\\\/\\\/www.alpha-gefahrgut-consulting.de\\\/\"},{\"@type\":\"ListItem\",\"position\":2,\"name\":\"Beta Artikel Hinweis allgemein\"}]},{\"@type\":\"WebSite\",\"@id\":\"https:\\\/\\\/www.alpha-gefahrgut-consulting.de\\\/#website\",\"url\":\"https:\\\/\\\/www.alpha-gefahrgut-consulting.de\\\/\",\"name\":\"ALPHA GEFAHRGUT CONSULTING\",\"description\":\"First Class Dangerous Goods Consulting, Management, Training.\",\"publisher\":{\"@id\":\"https:\\\/\\\/www.alpha-gefahrgut-consulting.de\\\/#organization\"},\"potentialAction\":[{\"@type\":\"SearchAction\",\"target\":{\"@type\":\"EntryPoint\",\"urlTemplate\":\"https:\\\/\\\/www.alpha-gefahrgut-consulting.de\\\/?s={search_term_string}\"},\"query-input\":{\"@type\":\"PropertyValueSpecification\",\"valueRequired\":true,\"valueName\":\"search_term_string\"}}],\"inLanguage\":\"de\"},{\"@type\":\"Organization\",\"@id\":\"https:\\\/\\\/www.alpha-gefahrgut-consulting.de\\\/#organization\",\"name\":\"ALPHA GEFAHRGUT CONSULTING\",\"url\":\"https:\\\/\\\/www.alpha-gefahrgut-consulting.de\\\/\",\"logo\":{\"@type\":\"ImageObject\",\"inLanguage\":\"de\",\"@id\":\"https:\\\/\\\/www.alpha-gefahrgut-consulting.de\\\/#\\\/schema\\\/logo\\\/image\\\/\",\"url\":\"https:\\\/\\\/www.alpha-gefahrgut-consulting.de\\\/wp-content\\\/uploads\\\/2020\\\/04\\\/cropped-AGCLogoBlech-c.jpg\",\"contentUrl\":\"https:\\\/\\\/www.alpha-gefahrgut-consulting.de\\\/wp-content\\\/uploads\\\/2020\\\/04\\\/cropped-AGCLogoBlech-c.jpg\",\"width\":250,\"height\":250,\"caption\":\"ALPHA GEFAHRGUT CONSULTING\"},\"image\":{\"@id\":\"https:\\\/\\\/www.alpha-gefahrgut-consulting.de\\\/#\\\/schema\\\/logo\\\/image\\\/\"},\"sameAs\":[\"https:\\\/\\\/x.com\\\/Alpha_Gefahrgut\",\"https:\\\/\\\/www.youtube.com\\\/@AlphaDGConsulting\",\"https:\\\/\\\/buymeacoffee.com\\\/AlphaDGConsulting\",\"https:\\\/\\\/bsky.app\\\/profile\\\/alpha-gefahrgut.bsky.social\",\"https:\\\/\\\/www.reddit.com\\\/user\\\/United_Ad5357\\\/\",\"https:\\\/\\\/semasocial.com\\\/profile\\\/247322\",\"https:\\\/\\\/truthsocial.com\\\/@AlphaDangerousGoodsConsulting\",\"https:\\\/\\\/www.linkedin.com\\\/in\\\/michael-miska-mm\\\/\",\"https:\\\/\\\/www.xing.com\\\/profile\\\/Michael_Miska088516\\\/web_profiles\",\"https:\\\/\\\/rumble.com\\\/user\\\/AlphaDangerousGoodsConsulting\",\"https:\\\/\\\/de.pinterest.com\\\/AlphaGefahrgutConsulting\\\/\"]}]}<\/script>\n<!-- \/ Yoast SEO plugin. -->","yoast_head_json":{"title":"Beta: Allgemeiner Artikelhinweis","description":"Beta Modellbau - powered by Alpha Gefahrgut Consulting","robots":{"index":"noindex","follow":"nofollow"},"og_locale":"de_DE","og_type":"article","og_title":"Beta: Allgemeiner Artikelhinweis","og_description":"Beta Modellbau - powered by Alpha Gefahrgut Consulting","og_url":"https:\/\/www.alpha-gefahrgut-consulting.de\/index.php\/beta-artikel-hinweis-allgem\/","og_site_name":"ALPHA GEFAHRGUT CONSULTING","article_modified_time":"2025-05-30T07:31:24+00:00","og_image":[{"width":1200,"height":675,"url":"https:\/\/www.alpha-gefahrgut-consulting.de\/wp-content\/uploads\/2025\/05\/AGC-website-img-seo.jpg","type":"image\/jpeg"}],"twitter_card":"summary_large_image","twitter_site":"@Alpha_Gefahrgut","twitter_misc":{"Gesch\u00e4tzte Lesezeit":"2\u00a0Minuten"},"schema":{"@context":"https:\/\/schema.org","@graph":[{"@type":"WebPage","@id":"https:\/\/www.alpha-gefahrgut-consulting.de\/index.php\/beta-artikel-hinweis-allgem\/","url":"https:\/\/www.alpha-gefahrgut-consulting.de\/index.php\/beta-artikel-hinweis-allgem\/","name":"Beta: Allgemeiner Artikelhinweis","isPartOf":{"@id":"https:\/\/www.alpha-gefahrgut-consulting.de\/#website"},"datePublished":"2024-09-19T12:14:03+00:00","dateModified":"2025-05-30T07:31:24+00:00","description":"Beta Modellbau - powered by Alpha Gefahrgut Consulting","breadcrumb":{"@id":"https:\/\/www.alpha-gefahrgut-consulting.de\/index.php\/beta-artikel-hinweis-allgem\/#breadcrumb"},"inLanguage":"de","potentialAction":[{"@type":"ReadAction","target":["https:\/\/www.alpha-gefahrgut-consulting.de\/index.php\/beta-artikel-hinweis-allgem\/"]}]},{"@type":"BreadcrumbList","@id":"https:\/\/www.alpha-gefahrgut-consulting.de\/index.php\/beta-artikel-hinweis-allgem\/#breadcrumb","itemListElement":[{"@type":"ListItem","position":1,"name":"Startseite","item":"https:\/\/www.alpha-gefahrgut-consulting.de\/"},{"@type":"ListItem","position":2,"name":"Beta Artikel Hinweis allgemein"}]},{"@type":"WebSite","@id":"https:\/\/www.alpha-gefahrgut-consulting.de\/#website","url":"https:\/\/www.alpha-gefahrgut-consulting.de\/","name":"ALPHA GEFAHRGUT CONSULTING","description":"First Class Dangerous Goods Consulting, Management, Training.","publisher":{"@id":"https:\/\/www.alpha-gefahrgut-consulting.de\/#organization"},"potentialAction":[{"@type":"SearchAction","target":{"@type":"EntryPoint","urlTemplate":"https:\/\/www.alpha-gefahrgut-consulting.de\/?s={search_term_string}"},"query-input":{"@type":"PropertyValueSpecification","valueRequired":true,"valueName":"search_term_string"}}],"inLanguage":"de"},{"@type":"Organization","@id":"https:\/\/www.alpha-gefahrgut-consulting.de\/#organization","name":"ALPHA GEFAHRGUT CONSULTING","url":"https:\/\/www.alpha-gefahrgut-consulting.de\/","logo":{"@type":"ImageObject","inLanguage":"de","@id":"https:\/\/www.alpha-gefahrgut-consulting.de\/#\/schema\/logo\/image\/","url":"https:\/\/www.alpha-gefahrgut-consulting.de\/wp-content\/uploads\/2020\/04\/cropped-AGCLogoBlech-c.jpg","contentUrl":"https:\/\/www.alpha-gefahrgut-consulting.de\/wp-content\/uploads\/2020\/04\/cropped-AGCLogoBlech-c.jpg","width":250,"height":250,"caption":"ALPHA GEFAHRGUT CONSULTING"},"image":{"@id":"https:\/\/www.alpha-gefahrgut-consulting.de\/#\/schema\/logo\/image\/"},"sameAs":["https:\/\/x.com\/Alpha_Gefahrgut","https:\/\/www.youtube.com\/@AlphaDGConsulting","https:\/\/buymeacoffee.com\/AlphaDGConsulting","https:\/\/bsky.app\/profile\/alpha-gefahrgut.bsky.social","https:\/\/www.reddit.com\/user\/United_Ad5357\/","https:\/\/semasocial.com\/profile\/247322","https:\/\/truthsocial.com\/@AlphaDangerousGoodsConsulting","https:\/\/www.linkedin.com\/in\/michael-miska-mm\/","https:\/\/www.xing.com\/profile\/Michael_Miska088516\/web_profiles","https:\/\/rumble.com\/user\/AlphaDangerousGoodsConsulting","https:\/\/de.pinterest.com\/AlphaGefahrgutConsulting\/"]}]}},"_links":{"self":[{"href":"https:\/\/www.alpha-gefahrgut-consulting.de\/index.php\/wp-json\/wp\/v2\/pages\/6161","targetHints":{"allow":["GET"]}}],"collection":[{"href":"https:\/\/www.alpha-gefahrgut-consulting.de\/index.php\/wp-json\/wp\/v2\/pages"}],"about":[{"href":"https:\/\/www.alpha-gefahrgut-consulting.de\/index.php\/wp-json\/wp\/v2\/types\/page"}],"author":[{"embeddable":true,"href":"https:\/\/www.alpha-gefahrgut-consulting.de\/index.php\/wp-json\/wp\/v2\/users\/1"}],"replies":[{"embeddable":true,"href":"https:\/\/www.alpha-gefahrgut-consulting.de\/index.php\/wp-json\/wp\/v2\/comments?post=6161"}],"version-history":[{"count":4,"href":"https:\/\/www.alpha-gefahrgut-consulting.de\/index.php\/wp-json\/wp\/v2\/pages\/6161\/revisions"}],"predecessor-version":[{"id":6168,"href":"https:\/\/www.alpha-gefahrgut-consulting.de\/index.php\/wp-json\/wp\/v2\/pages\/6161\/revisions\/6168"}],"wp:attachment":[{"href":"https:\/\/www.alpha-gefahrgut-consulting.de\/index.php\/wp-json\/wp\/v2\/media?parent=6161"}],"curies":[{"name":"wp","href":"https:\/\/api.w.org\/{rel}","templated":true}]}}