{"id":5986,"date":"2024-09-05T14:42:36","date_gmt":"2024-09-05T12:42:36","guid":{"rendered":"https:\/\/www.alpha-gefahrgut-consulting.de\/?page_id=5986"},"modified":"2025-05-30T09:37:27","modified_gmt":"2025-05-30T07:37:27","slug":"beta-artikelinfo-87-s-g-02","status":"publish","type":"page","link":"https:\/\/www.alpha-gefahrgut-consulting.de\/index.php\/beta-artikelinfo-87-s-g-02\/","title":{"rendered":"Beta Artikelinfo 87-S-G-02"},"content":{"rendered":"<p>\u00a0<\/p>\n<p><i><\/i>Powered by Alpha Gefahrgut Consulting:<br \/><strong>Beta Modellbau &amp; Modellbahn<\/strong> Kleinkunstwerkstatt<\/p>\n<hr \/>\n<p><strong>Artikel Nr. 87-S-G-02<br \/><\/strong>Gefahrgut RID <strong>Eisenbahn<\/strong>\u00a0HO 1:87\u00a0<br \/>Diverse Markierungen und Kennzeichnungen f\u00fcr die vorbildgerechte Gefahrgutbef\u00f6rderung im Ma\u00dfstab 1:87 (Eisenbahnverkehr nach RID).\u00a0<\/p>\n<p>(<strong>Hier Abbildung nur zur \u00dcbersicht und mit verminderter Aufl\u00f6sung<\/strong>)<\/p>\n<p><img loading=\"lazy\" decoding=\"async\" class=\"size-full wp-image-5987\" src=\"https:\/\/www.alpha-gefahrgut-consulting.de\/wp-content\/uploads\/2024\/09\/Beta-Art-Info-87-S-G-02.jpg\" alt=\"\" width=\"598\" height=\"391\" srcset=\"https:\/\/www.alpha-gefahrgut-consulting.de\/wp-content\/uploads\/2024\/09\/Beta-Art-Info-87-S-G-02.jpg 598w, https:\/\/www.alpha-gefahrgut-consulting.de\/wp-content\/uploads\/2024\/09\/Beta-Art-Info-87-S-G-02-300x196.jpg 300w\" sizes=\"auto, (max-width: 598px) 100vw, 598px\" \/><\/p>\n<p><strong><br \/>Warntafeln, Placards, Markierungen, Kennzeichnungen, Schilder f\u00fcr die Gefahrgutbef\u00f6rderung nach RID im Ma\u00dfstab 1:87.<\/strong><\/p>\n<p><strong>Der Bogen zum Ausschneiden und Aufkleben enth\u00e4lt:<\/strong><br \/>8 Warntafeln orange ohne Gefahrnummer u. UN Nr. (ungeteilt)<br \/>8 Warntafeln orange ohne Gefahrnummer u. UN Nr. (geteilt)<br \/>2 Warntafeln orange [30,1202] (Heiz\u00f6l, Diesel etc.)<br \/>4 Warntafeln orange [33,1203] (Benzin)<br \/>2 Warntafeln orange [23,1011] (Butan)<br \/>2 Warntafeln orange [263,1016] (Kohlenmonoxid)<br \/>2 Warntafeln orange [X338,1162] (Dimethyldichlorsilan)<br \/>2 Warntafeln orange [33,1219] (Isopropanol)<br \/>2 Warntafeln orange [30,1263] (Farbe)<br \/>2 Warntafeln orange [33,1266] (Parf\u00fcm)<br \/>2 Warntafeln orange [30,1266] (Parf\u00fcm)<br \/>2 Warntafeln orange [40,1345] (Kautschuk-Gummi-Abfall)<br \/>2 Warntafeln orange [40,1361] (Kohle oder Russ)<br \/>2 Warntafeln orange [333,1380] (Pentaboran)<br \/>2 Warntafeln orange [X423,1402] (Calciumcarbid)<br \/>2 Warntafeln orange [423,1402] (Calciumcarbid)<br \/>2 Warntafeln orange [80,1760] (\u00c4tzender fl\u00fcssiger Stoff)<br \/>2 Warntafeln orange [888,1798] (&#8222;K\u00f6nigswasser&#8220;)<strong><em> (!Verboten!)<\/em><\/strong><br \/>2 Warntafeln orange [X886,1831] (Schwefels\u00e4ure)<br \/>2 Warntafeln orange [33,1863] (D\u00fcsenkraftstoff)<br \/>2 Warntafeln orange [23,1962] (Ethylen)<br \/>2 Warntafeln orange [23,1978] (Propan)<br \/>2 Warntafeln orange [30,1987] (Alkohole, n.a.g.)<br \/>2 Warntafeln orange [30,1993] (Entz\u00fcndbarer, fl\u00fcssiger Stoff)<br \/>2 Warntafeln orange [30,1999] (Teere, fl\u00fcssig)<br \/>2 Warntafeln orange [50,2067] (D\u00fcngemittel, ammoniumnitrathalt.)<br \/>2 Warntafeln orange [30,2313] (Picoline)<br \/>2 Warntafeln orange [80,2511] (alpha-Chlorpropions\u00e4ure)<br \/>2 Warntafeln orange [70,2912] (Radioaktiv, LSA-I)<br \/>2 Warntafeln orange [30,3065] (Alkohol. Getr\u00e4nke)<br \/>2 Warntafeln orange [80,3066] (Farbe)(\u00e4tzend)<br \/>2 Warntafeln orange [70,3321] (Radioaktiv, LSA-II)<br \/>2 Warntafeln orange [663,3483] (Antiklopf-, Motor)<br \/>2 Warntafeln orange [40,3497] (Krillmehl)<br \/>2 Warntafeln orange [90,3509] (Altverpackung, leer, ungerein.)<br \/>2 Warntafeln orange [50,2023] (&#8218;Real McCoy o. falscher Fuffziger?&#8216;)<br \/>4 Nummerns\u00e4tze (1 bis 0) f\u00fcr Warntafeln<br \/>4 Kennzeichen &#8222;Elektronisches Bef\u00f6rderungspapier&#8220;<br \/>50 Placards (Gefahrenklassen 1 bis 9)<br \/>6 Placards (LQ)<br \/>2 Placards (LQ ehemals)<br \/>15 Placards (Umweltgefahr)<br \/>4 Placards (Dangerous Goods)<br \/>80 Gefahrzettel (Gefahrenklassen 1 bis 9)<br \/>3 Kennzeichen Asbest<br \/>3 Schilder &#8218;Gefahrgutplatz&#8216;<br \/>2 Schilder &#8218;Sammelgut Feuergut-Kurswagen&#8216;<br \/>4 Schilder &#8218;Rauchen polizeilich verboten&#8216; (neu)<br \/>4 Schilder &#8218;Rauchen verboten&#8216; (alt)<br \/>2 Schilder &#8218;Explosionsgefahr&#8216;<br \/>5 Schilder &#8218;Gaspendeln-Peilrohr&#8216;<br \/>4 Schilder Arbeitsschutz (blau)<br \/>7 Label &#8218;Versandst\u00fcckorientierung&#8216;<br \/>12 Label f\u00fcr IBC o.\u00e4. (Klasse 4.2)<br \/>12 Label &#8222;keep away from heat&#8220;<br \/>10 Kennzeichen &#8218;Pulverflagge&#8216; (Signal Fz 3)<br \/>7 Kennzeichen &#8218;Giftflagge&#8216; (Signal Fz 4)<br \/>8 Kennzeichen &#8218;Gelbes Dreieck&#8216;<br \/>8 Kennzeichen &#8218;Vorsichtswagen&#8216;<br \/>4 Rotring-Zettel (gro\u00df)<br \/>8 Rotring-Zettel (mittel)<br \/>12 Rotring-Zettel (klein)<br \/>1 Schild Parkverbot Verladeplatz Gefahrgut<br \/>2 Schilder Bundesadler (SiBtl 11)<br \/>8 Zeichen Funkenschutzbleche (gro\u00df)<br \/>8 Zeichen Funkenschutzbleche (klein)<br \/>8 Rangierzettel Muster 13 &#8218;Vorsicht&#8216; (gro\u00df)<br \/>8 Rangierzettel Muster 15 &#8218;Ablaufverbot&#8216; (gro\u00df)<br \/>10 Rangierzettel Muster 13 &#8218;Vorsicht&#8216; (klein)<br \/>12 Rangierzettel Muster 15 &#8218;Ablaufverbot&#8216; (klein)<br \/>. . .<br \/>\u00c4nderung vorbehalten.<br \/>F\u00fcr epochebewusste Modellbahner (z.B. Epoche III) sind auch Kennzeichen enthalten, die inzwischen nicht mehr in der aktuellen Fassung des heutigen RID zu finden sind.\u00a0<br \/><em>Hinweis: <\/em><em>Die o.g. offiziellen Benennungen f\u00fcr die Bef\u00f6rderung nach RID sind hier zu Modellbauzwecken lediglich vereinfacht wiedergegeben.\u00a0<br \/><\/em><br \/><a href=\"https:\/\/www.alpha-gefahrgut-consulting.de\/index.php\/beta-artikel-hinweis-allgem\/\">Allgemeine Hinweise bitte beachten.<\/a><\/p>\n<hr \/>\n<p>Powered by Alpha Gefahrgut Consulting:<strong><br \/>Beta Modellbau &amp; Modellbahn<\/strong> Kleinkunstwerkstatt<\/p>\n<hr \/>\n<p><strong><a href=\"https:\/\/www.alpha-gefahrgut-consulting.de\/index.php\/beta-modellbau-modellbahn\/\"><span style=\"color: #0000ff;\">Zur Artikel-\u00dcbersicht<\/span><\/a><\/strong><\/p>\n<hr \/>\n<p><br \/><a href=\"https:\/\/www.alpha-gefahrgut-consulting.de\/index.php\/gefahrgut-schiene-rid\/\">Hintergrundwissen<\/a> zur Gefahrgutbef\u00f6rderung mit der Eisenbahn<\/p>\n<p>\u00a0<\/p>\n<hr \/>\n<p>\u00a0<\/p>\n<p>\u00a0<\/p>\n<p>\u00a0<\/p>\n\n\n<p><\/p>\n","protected":false},"excerpt":{"rendered":"<p>\u00a0 Powered by Alpha Gefahrgut Consulting:Beta Modellbau &amp; Modellbahn Kleinkunstwerkstatt Artikel Nr. 87-S-G-02Gefahrgut RID Eisenbahn\u00a0HO 1:87\u00a0Diverse Markierungen und Kennzeichnungen f\u00fcr die vorbildgerechte Gefahrgutbef\u00f6rderung im Ma\u00dfstab 1:87 (Eisenbahnverkehr nach RID).\u00a0 (Hier Abbildung nur zur \u00dcbersicht und mit verminderter Aufl\u00f6sung) Warntafeln, Placards, Markierungen, Kennzeichnungen, Schilder f\u00fcr die Gefahrgutbef\u00f6rderung nach RID im Ma\u00dfstab 1:87. Der Bogen zum Ausschneiden &hellip; <\/p>\n<p class=\"link-more\"><a href=\"https:\/\/www.alpha-gefahrgut-consulting.de\/index.php\/beta-artikelinfo-87-s-g-02\/\" class=\"more-link\"><span class=\"screen-reader-text\">\u201eBeta Artikelinfo 87-S-G-02\u201c<\/span> weiterlesen<\/a><\/p>\n","protected":false},"author":1,"featured_media":0,"parent":0,"menu_order":0,"comment_status":"closed","ping_status":"closed","template":"","meta":{"episode_type":"","audio_file":"","podmotor_file_id":"","podmotor_episode_id":"","cover_image":"","cover_image_id":"","duration":"","filesize":"","filesize_raw":"","date_recorded":"","explicit":"","block":"","footnotes":""},"class_list":["post-5986","page","type-page","status-publish","hentry"],"yoast_head":"<!-- This site is optimized with the Yoast SEO plugin v27.5 - https:\/\/yoast.com\/product\/yoast-seo-wordpress\/ -->\n<title>Beta Artikelinfo 87-S-G-02 - ALPHA GEFAHRGUT CONSULTING<\/title>\n<meta name=\"description\" content=\"ALPHA GEFAHRGUT CONSULTING\" \/>\n<meta name=\"robots\" content=\"index, follow, max-snippet:-1, max-image-preview:large, max-video-preview:-1\" \/>\n<link rel=\"canonical\" href=\"https:\/\/www.alpha-gefahrgut-consulting.de\/index.php\/beta-artikelinfo-87-s-g-02\/\" \/>\n<meta property=\"og:locale\" content=\"de_DE\" \/>\n<meta property=\"og:type\" content=\"article\" \/>\n<meta property=\"og:title\" content=\"Beta Artikelinfo 87-S-G-02 - ALPHA GEFAHRGUT CONSULTING\" \/>\n<meta property=\"og:description\" content=\"ALPHA GEFAHRGUT CONSULTING\" \/>\n<meta property=\"og:url\" content=\"https:\/\/www.alpha-gefahrgut-consulting.de\/index.php\/beta-artikelinfo-87-s-g-02\/\" \/>\n<meta property=\"og:site_name\" content=\"ALPHA GEFAHRGUT CONSULTING\" \/>\n<meta property=\"article:modified_time\" content=\"2025-05-30T07:37:27+00:00\" \/>\n<meta property=\"og:image\" content=\"https:\/\/www.alpha-gefahrgut-consulting.de\/wp-content\/uploads\/2024\/09\/Beta-Art-Info-87-S-G-02.jpg\" \/>\n\t<meta property=\"og:image:width\" content=\"598\" \/>\n\t<meta property=\"og:image:height\" content=\"391\" \/>\n\t<meta property=\"og:image:type\" content=\"image\/jpeg\" \/>\n<meta name=\"twitter:card\" content=\"summary_large_image\" \/>\n<meta name=\"twitter:site\" content=\"@Alpha_Gefahrgut\" \/>\n<meta name=\"twitter:label1\" content=\"Gesch\u00e4tzte Lesezeit\" \/>\n\t<meta name=\"twitter:data1\" content=\"3\u00a0Minuten\" \/>\n<script type=\"application\/ld+json\" class=\"yoast-schema-graph\">{\"@context\":\"https:\\\/\\\/schema.org\",\"@graph\":[{\"@type\":\"WebPage\",\"@id\":\"https:\\\/\\\/www.alpha-gefahrgut-consulting.de\\\/index.php\\\/beta-artikelinfo-87-s-g-02\\\/\",\"url\":\"https:\\\/\\\/www.alpha-gefahrgut-consulting.de\\\/index.php\\\/beta-artikelinfo-87-s-g-02\\\/\",\"name\":\"Beta Artikelinfo 87-S-G-02 - ALPHA GEFAHRGUT CONSULTING\",\"isPartOf\":{\"@id\":\"https:\\\/\\\/www.alpha-gefahrgut-consulting.de\\\/#website\"},\"primaryImageOfPage\":{\"@id\":\"https:\\\/\\\/www.alpha-gefahrgut-consulting.de\\\/index.php\\\/beta-artikelinfo-87-s-g-02\\\/#primaryimage\"},\"image\":{\"@id\":\"https:\\\/\\\/www.alpha-gefahrgut-consulting.de\\\/index.php\\\/beta-artikelinfo-87-s-g-02\\\/#primaryimage\"},\"thumbnailUrl\":\"https:\\\/\\\/www.alpha-gefahrgut-consulting.de\\\/wp-content\\\/uploads\\\/2024\\\/09\\\/Beta-Art-Info-87-S-G-02.jpg\",\"datePublished\":\"2024-09-05T12:42:36+00:00\",\"dateModified\":\"2025-05-30T07:37:27+00:00\",\"description\":\"ALPHA GEFAHRGUT CONSULTING\",\"breadcrumb\":{\"@id\":\"https:\\\/\\\/www.alpha-gefahrgut-consulting.de\\\/index.php\\\/beta-artikelinfo-87-s-g-02\\\/#breadcrumb\"},\"inLanguage\":\"de\",\"potentialAction\":[{\"@type\":\"ReadAction\",\"target\":[\"https:\\\/\\\/www.alpha-gefahrgut-consulting.de\\\/index.php\\\/beta-artikelinfo-87-s-g-02\\\/\"]}]},{\"@type\":\"ImageObject\",\"inLanguage\":\"de\",\"@id\":\"https:\\\/\\\/www.alpha-gefahrgut-consulting.de\\\/index.php\\\/beta-artikelinfo-87-s-g-02\\\/#primaryimage\",\"url\":\"https:\\\/\\\/www.alpha-gefahrgut-consulting.de\\\/wp-content\\\/uploads\\\/2024\\\/09\\\/Beta-Art-Info-87-S-G-02.jpg\",\"contentUrl\":\"https:\\\/\\\/www.alpha-gefahrgut-consulting.de\\\/wp-content\\\/uploads\\\/2024\\\/09\\\/Beta-Art-Info-87-S-G-02.jpg\",\"width\":598,\"height\":391,\"caption\":\"LEAD Technologies Inc. V1.01\"},{\"@type\":\"BreadcrumbList\",\"@id\":\"https:\\\/\\\/www.alpha-gefahrgut-consulting.de\\\/index.php\\\/beta-artikelinfo-87-s-g-02\\\/#breadcrumb\",\"itemListElement\":[{\"@type\":\"ListItem\",\"position\":1,\"name\":\"Startseite\",\"item\":\"https:\\\/\\\/www.alpha-gefahrgut-consulting.de\\\/\"},{\"@type\":\"ListItem\",\"position\":2,\"name\":\"Beta Artikelinfo 87-S-G-02\"}]},{\"@type\":\"WebSite\",\"@id\":\"https:\\\/\\\/www.alpha-gefahrgut-consulting.de\\\/#website\",\"url\":\"https:\\\/\\\/www.alpha-gefahrgut-consulting.de\\\/\",\"name\":\"ALPHA GEFAHRGUT CONSULTING\",\"description\":\"First Class Dangerous Goods Consulting, Management, Training.\",\"publisher\":{\"@id\":\"https:\\\/\\\/www.alpha-gefahrgut-consulting.de\\\/#organization\"},\"potentialAction\":[{\"@type\":\"SearchAction\",\"target\":{\"@type\":\"EntryPoint\",\"urlTemplate\":\"https:\\\/\\\/www.alpha-gefahrgut-consulting.de\\\/?s={search_term_string}\"},\"query-input\":{\"@type\":\"PropertyValueSpecification\",\"valueRequired\":true,\"valueName\":\"search_term_string\"}}],\"inLanguage\":\"de\"},{\"@type\":\"Organization\",\"@id\":\"https:\\\/\\\/www.alpha-gefahrgut-consulting.de\\\/#organization\",\"name\":\"ALPHA GEFAHRGUT CONSULTING\",\"url\":\"https:\\\/\\\/www.alpha-gefahrgut-consulting.de\\\/\",\"logo\":{\"@type\":\"ImageObject\",\"inLanguage\":\"de\",\"@id\":\"https:\\\/\\\/www.alpha-gefahrgut-consulting.de\\\/#\\\/schema\\\/logo\\\/image\\\/\",\"url\":\"https:\\\/\\\/www.alpha-gefahrgut-consulting.de\\\/wp-content\\\/uploads\\\/2020\\\/04\\\/cropped-AGCLogoBlech-c.jpg\",\"contentUrl\":\"https:\\\/\\\/www.alpha-gefahrgut-consulting.de\\\/wp-content\\\/uploads\\\/2020\\\/04\\\/cropped-AGCLogoBlech-c.jpg\",\"width\":250,\"height\":250,\"caption\":\"ALPHA GEFAHRGUT CONSULTING\"},\"image\":{\"@id\":\"https:\\\/\\\/www.alpha-gefahrgut-consulting.de\\\/#\\\/schema\\\/logo\\\/image\\\/\"},\"sameAs\":[\"https:\\\/\\\/x.com\\\/Alpha_Gefahrgut\",\"https:\\\/\\\/www.youtube.com\\\/@AlphaDGConsulting\",\"https:\\\/\\\/buymeacoffee.com\\\/AlphaDGConsulting\",\"https:\\\/\\\/bsky.app\\\/profile\\\/alpha-gefahrgut.bsky.social\",\"https:\\\/\\\/www.reddit.com\\\/user\\\/United_Ad5357\\\/\",\"https:\\\/\\\/semasocial.com\\\/profile\\\/247322\",\"https:\\\/\\\/truthsocial.com\\\/@AlphaDangerousGoodsConsulting\",\"https:\\\/\\\/www.linkedin.com\\\/in\\\/michael-miska-mm\\\/\",\"https:\\\/\\\/www.xing.com\\\/profile\\\/Michael_Miska088516\\\/web_profiles\",\"https:\\\/\\\/rumble.com\\\/user\\\/AlphaDangerousGoodsConsulting\",\"https:\\\/\\\/de.pinterest.com\\\/AlphaGefahrgutConsulting\\\/\"]}]}<\/script>\n<!-- \/ Yoast SEO plugin. -->","yoast_head_json":{"title":"Beta Artikelinfo 87-S-G-02 - ALPHA GEFAHRGUT CONSULTING","description":"ALPHA GEFAHRGUT CONSULTING","robots":{"index":"index","follow":"follow","max-snippet":"max-snippet:-1","max-image-preview":"max-image-preview:large","max-video-preview":"max-video-preview:-1"},"canonical":"https:\/\/www.alpha-gefahrgut-consulting.de\/index.php\/beta-artikelinfo-87-s-g-02\/","og_locale":"de_DE","og_type":"article","og_title":"Beta Artikelinfo 87-S-G-02 - ALPHA GEFAHRGUT CONSULTING","og_description":"ALPHA GEFAHRGUT CONSULTING","og_url":"https:\/\/www.alpha-gefahrgut-consulting.de\/index.php\/beta-artikelinfo-87-s-g-02\/","og_site_name":"ALPHA GEFAHRGUT CONSULTING","article_modified_time":"2025-05-30T07:37:27+00:00","og_image":[{"width":598,"height":391,"url":"https:\/\/www.alpha-gefahrgut-consulting.de\/wp-content\/uploads\/2024\/09\/Beta-Art-Info-87-S-G-02.jpg","type":"image\/jpeg"}],"twitter_card":"summary_large_image","twitter_site":"@Alpha_Gefahrgut","twitter_misc":{"Gesch\u00e4tzte Lesezeit":"3\u00a0Minuten"},"schema":{"@context":"https:\/\/schema.org","@graph":[{"@type":"WebPage","@id":"https:\/\/www.alpha-gefahrgut-consulting.de\/index.php\/beta-artikelinfo-87-s-g-02\/","url":"https:\/\/www.alpha-gefahrgut-consulting.de\/index.php\/beta-artikelinfo-87-s-g-02\/","name":"Beta Artikelinfo 87-S-G-02 - ALPHA GEFAHRGUT CONSULTING","isPartOf":{"@id":"https:\/\/www.alpha-gefahrgut-consulting.de\/#website"},"primaryImageOfPage":{"@id":"https:\/\/www.alpha-gefahrgut-consulting.de\/index.php\/beta-artikelinfo-87-s-g-02\/#primaryimage"},"image":{"@id":"https:\/\/www.alpha-gefahrgut-consulting.de\/index.php\/beta-artikelinfo-87-s-g-02\/#primaryimage"},"thumbnailUrl":"https:\/\/www.alpha-gefahrgut-consulting.de\/wp-content\/uploads\/2024\/09\/Beta-Art-Info-87-S-G-02.jpg","datePublished":"2024-09-05T12:42:36+00:00","dateModified":"2025-05-30T07:37:27+00:00","description":"ALPHA GEFAHRGUT CONSULTING","breadcrumb":{"@id":"https:\/\/www.alpha-gefahrgut-consulting.de\/index.php\/beta-artikelinfo-87-s-g-02\/#breadcrumb"},"inLanguage":"de","potentialAction":[{"@type":"ReadAction","target":["https:\/\/www.alpha-gefahrgut-consulting.de\/index.php\/beta-artikelinfo-87-s-g-02\/"]}]},{"@type":"ImageObject","inLanguage":"de","@id":"https:\/\/www.alpha-gefahrgut-consulting.de\/index.php\/beta-artikelinfo-87-s-g-02\/#primaryimage","url":"https:\/\/www.alpha-gefahrgut-consulting.de\/wp-content\/uploads\/2024\/09\/Beta-Art-Info-87-S-G-02.jpg","contentUrl":"https:\/\/www.alpha-gefahrgut-consulting.de\/wp-content\/uploads\/2024\/09\/Beta-Art-Info-87-S-G-02.jpg","width":598,"height":391,"caption":"LEAD Technologies Inc. V1.01"},{"@type":"BreadcrumbList","@id":"https:\/\/www.alpha-gefahrgut-consulting.de\/index.php\/beta-artikelinfo-87-s-g-02\/#breadcrumb","itemListElement":[{"@type":"ListItem","position":1,"name":"Startseite","item":"https:\/\/www.alpha-gefahrgut-consulting.de\/"},{"@type":"ListItem","position":2,"name":"Beta Artikelinfo 87-S-G-02"}]},{"@type":"WebSite","@id":"https:\/\/www.alpha-gefahrgut-consulting.de\/#website","url":"https:\/\/www.alpha-gefahrgut-consulting.de\/","name":"ALPHA GEFAHRGUT CONSULTING","description":"First Class Dangerous Goods Consulting, Management, Training.","publisher":{"@id":"https:\/\/www.alpha-gefahrgut-consulting.de\/#organization"},"potentialAction":[{"@type":"SearchAction","target":{"@type":"EntryPoint","urlTemplate":"https:\/\/www.alpha-gefahrgut-consulting.de\/?s={search_term_string}"},"query-input":{"@type":"PropertyValueSpecification","valueRequired":true,"valueName":"search_term_string"}}],"inLanguage":"de"},{"@type":"Organization","@id":"https:\/\/www.alpha-gefahrgut-consulting.de\/#organization","name":"ALPHA GEFAHRGUT CONSULTING","url":"https:\/\/www.alpha-gefahrgut-consulting.de\/","logo":{"@type":"ImageObject","inLanguage":"de","@id":"https:\/\/www.alpha-gefahrgut-consulting.de\/#\/schema\/logo\/image\/","url":"https:\/\/www.alpha-gefahrgut-consulting.de\/wp-content\/uploads\/2020\/04\/cropped-AGCLogoBlech-c.jpg","contentUrl":"https:\/\/www.alpha-gefahrgut-consulting.de\/wp-content\/uploads\/2020\/04\/cropped-AGCLogoBlech-c.jpg","width":250,"height":250,"caption":"ALPHA GEFAHRGUT CONSULTING"},"image":{"@id":"https:\/\/www.alpha-gefahrgut-consulting.de\/#\/schema\/logo\/image\/"},"sameAs":["https:\/\/x.com\/Alpha_Gefahrgut","https:\/\/www.youtube.com\/@AlphaDGConsulting","https:\/\/buymeacoffee.com\/AlphaDGConsulting","https:\/\/bsky.app\/profile\/alpha-gefahrgut.bsky.social","https:\/\/www.reddit.com\/user\/United_Ad5357\/","https:\/\/semasocial.com\/profile\/247322","https:\/\/truthsocial.com\/@AlphaDangerousGoodsConsulting","https:\/\/www.linkedin.com\/in\/michael-miska-mm\/","https:\/\/www.xing.com\/profile\/Michael_Miska088516\/web_profiles","https:\/\/rumble.com\/user\/AlphaDangerousGoodsConsulting","https:\/\/de.pinterest.com\/AlphaGefahrgutConsulting\/"]}]}},"_links":{"self":[{"href":"https:\/\/www.alpha-gefahrgut-consulting.de\/index.php\/wp-json\/wp\/v2\/pages\/5986","targetHints":{"allow":["GET"]}}],"collection":[{"href":"https:\/\/www.alpha-gefahrgut-consulting.de\/index.php\/wp-json\/wp\/v2\/pages"}],"about":[{"href":"https:\/\/www.alpha-gefahrgut-consulting.de\/index.php\/wp-json\/wp\/v2\/types\/page"}],"author":[{"embeddable":true,"href":"https:\/\/www.alpha-gefahrgut-consulting.de\/index.php\/wp-json\/wp\/v2\/users\/1"}],"replies":[{"embeddable":true,"href":"https:\/\/www.alpha-gefahrgut-consulting.de\/index.php\/wp-json\/wp\/v2\/comments?post=5986"}],"version-history":[{"count":17,"href":"https:\/\/www.alpha-gefahrgut-consulting.de\/index.php\/wp-json\/wp\/v2\/pages\/5986\/revisions"}],"predecessor-version":[{"id":6372,"href":"https:\/\/www.alpha-gefahrgut-consulting.de\/index.php\/wp-json\/wp\/v2\/pages\/5986\/revisions\/6372"}],"wp:attachment":[{"href":"https:\/\/www.alpha-gefahrgut-consulting.de\/index.php\/wp-json\/wp\/v2\/media?parent=5986"}],"curies":[{"name":"wp","href":"https:\/\/api.w.org\/{rel}","templated":true}]}}