{"id":5962,"date":"2024-09-05T13:26:10","date_gmt":"2024-09-05T11:26:10","guid":{"rendered":"https:\/\/www.alpha-gefahrgut-consulting.de\/?page_id=5962"},"modified":"2025-05-30T09:36:35","modified_gmt":"2025-05-30T07:36:35","slug":"beta-artikelinfo-87-s-g-01","status":"publish","type":"page","link":"https:\/\/www.alpha-gefahrgut-consulting.de\/index.php\/beta-artikelinfo-87-s-g-01\/","title":{"rendered":"Beta Artikelinfo 87-S-G-01"},"content":{"rendered":"<p>\u00a0<\/p>\n<p><i><\/i>Powered by Alpha Gefahrgut Consulting:<br \/><strong>Beta Modellbau &amp; Modellbahn<\/strong> Kleinkunstwerkstatt<\/p>\n<hr \/>\n<p><strong>Artikel Nr. 87-S-G-01<br \/><\/strong>Gefahrgut ADR <strong>Stra\u00dfe<\/strong> HO 1:87\u00a0<br \/>Diverse Markierungen und Kennzeichnungen f\u00fcr die vorbildgerechte Gefahrgutbef\u00f6rderung im Ma\u00dfstab 1:87 (Stra\u00dfenverkehr nach ADR).\u00a0<\/p>\n<p>(<strong>Hier Abbildung nur zur \u00dcbersicht und mit verminderter Aufl\u00f6sung<\/strong>)<\/p>\n<p><img loading=\"lazy\" decoding=\"async\" class=\"size-full wp-image-5968\" style=\"font-weight: bold; color: #666666; font-size: 0.8125rem; font-style: italic;\" src=\"https:\/\/www.alpha-gefahrgut-consulting.de\/wp-content\/uploads\/2024\/09\/Beta-Art-Info-87-S-G-01.jpg\" alt=\"\" width=\"600\" height=\"392\" srcset=\"https:\/\/www.alpha-gefahrgut-consulting.de\/wp-content\/uploads\/2024\/09\/Beta-Art-Info-87-S-G-01.jpg 600w, https:\/\/www.alpha-gefahrgut-consulting.de\/wp-content\/uploads\/2024\/09\/Beta-Art-Info-87-S-G-01-300x196.jpg 300w\" sizes=\"auto, (max-width: 600px) 100vw, 600px\" \/><\/p>\n<p><strong>Warntafeln, Placards, Markierungen, Kennzeichnungen, Schilder f\u00fcr die Gefahrgutbef\u00f6rderung nach ADR im Ma\u00dfstab 1:87.<\/strong><\/p>\n<p><strong>Der Bogen zum Ausschneiden und Aufkleben enth\u00e4lt:<\/strong><br \/>14 Warntafeln orange ohne Gefahrnummer u. UN-Nr. (ungeteilt)<br \/>8 Warntafeln orange ohne Gefahrnummer u. UN-Nr. (geteilt)<br \/>8 Warntafeln orange (verkleinerte Version, z.B. f\u00fcr Pkw)<br \/>12 Warntafeln orange [30,1202] (Heiz\u00f6l, Diesel etc.)<br \/>8 Warntafeln orange [33,1203] (Benzin)<br \/>2 Warntafeln orange [20,1002] (Druckluft)<br \/>2 Warntafeln orange [20,1013] (Kohlendioxid)<br \/>2 Warntafeln orange [263,1023] (Stadtgas)<br \/>2 Warntafeln orange [25,1072] (Sauerstoff)<br \/>2 Warntafeln orange [20,1002] (Druckluft)<br \/>2 Warntafeln orange [30,1133] (Klebstoffe)<br \/>2 Warntafeln orange [30,1223] (Kerosin)<br \/>2 Warntafeln orange [30,1267] (Roherd\u00f6l)<br \/>2 Warntafeln orange [40,1350] (Schwefel)<br \/>2 Warntafeln orange [50,1474] (Magnesiumnitrat)<br \/>2 Warntafeln orange [60,1654] (Nicotin)<br \/>2 Warntafeln orange [70,2912] (Radioaktiv, LSA-I)<br \/>2 Warntafeln orange [80,1830] (Schwefels\u00e4ure)<br \/>2 Warntafeln orange [90,2212] (Asbest)<br \/>2 Warntafeln orange [90,3509] (Altverpackungen, leer, ungerein.)<br \/>2 Warntafeln orange [40,1361] (Kohle)(<em>&#8217;selbstgemalt&#8216;, <\/em><em>Achtung, Kontrolle!)<\/em><br \/>2 Warntafeln orange [50,2023]<em> (&#8218;Real McCoy o. falscher Fuffziger?&#8216;)<\/em><br \/>4 Nummerns\u00e4tze (1 bis 0) f\u00fcr Warntafeln<br \/>8 Kennzeichen &#8222;Elektronisches Bef\u00f6rderungspapier&#8220;<br \/>50 Placards (Gefahrenklassen 1 bis 9)<br \/>2 Placards (Klasse 4.2) (Kohle)(<em>&#8217;selbstgemalt&#8216;, <\/em><em>Achtung, Kontrolle!)<\/em><br \/>10 Placards (LQ)<br \/>10 Placards (LQ ehemals)<br \/>15 Placards (Umweltgefahr)<br \/>4 Placards (Dangerous Goods)<br \/>80 Gefahrzettel (Gefahrenklassen 1 bis 9)<br \/>3 Kennzeichen Asbest<br \/>6 Warndreiecke StVO<br \/>3 Schilder &#8218;Gefahrgutplatz&#8216; (gro\u00df)<br \/>3 Schilder &#8218;Gefahrgutplatz&#8216; (klein)<br \/>2 Schilder &#8218;Gefahrgutplatz&#8216; (mini)<br \/>1 Warnweste (2-teilig), orange<br \/>1 Warnweste (2-teilig), orange &#8222;Versand&#8220;<br \/>3 Schilder &#8218;Rauchen polizeilich verboten&#8216; (neu)<br \/>4 Schilder &#8218;Rauchen verboten&#8216; (alt)<br \/>6 Schilder &#8218;Rauchverbot&#8216; (vergilbt)<br \/>4 Schilder &#8218;Bei Feuergefahr nicht&#8230;&#8216;<br \/>2 Schilder &#8218;Explosionsgefahr&#8216;<br \/>4 Schilder &#8218;Parkverbot Verladeplatz Gefahrgut&#8216;<br \/>5 Schilder &#8218;Gaspendeln-Peilrohr&#8216;<br \/>4 Schilder Arbeitsschutz (blau)<br \/>12 Label f\u00fcr IBC o.\u00e4. (Klasse 4.2)<br \/>12 Label &#8222;keep away from heat&#8220;<br \/>3 Placards &#8218;CAO&#8216; (ehemals)<br \/>10 Label &#8218;CAO&#8216; (ehemals)<br \/>1 Placard &#8218;CRYO&#8216;<br \/>8 Label &#8218;CRYO&#8216;<br \/>2 Ortseingangsschilder &#8218;Benzin&#8216; (Ldkrs. \u00d6l-Quellen)<br \/>2 Schilder &#8218;Alpha Gefahrgut Consulting&#8216; (Logo)<br \/>. . .<br \/>\u00c4nderung vorbehalten.<br \/><em>Hinweis: <\/em><em>Die offiziellen Benennungen f\u00fcr die Bef\u00f6rderung nach ADR sind hier zu Modellbauzwecken lediglich vereinfacht wiedergegeben.\u00a0<\/em><\/p>\n<p><a href=\"https:\/\/www.alpha-gefahrgut-consulting.de\/index.php\/beta-artikel-hinweis-allgem\/\">Allgemeine Hinweise<\/a> bitte beachten.<\/p>\n<hr \/>\n<p>Powered by Alpha Gefahrgut Consulting:<strong><br \/>Beta Modellbau &amp; Modellbahn<\/strong> Kleinkunstwerkstatt<\/p>\n<hr \/>\n<p><strong><a href=\"https:\/\/www.alpha-gefahrgut-consulting.de\/index.php\/beta-modellbau-modellbahn\/\"><span style=\"color: #0000ff;\">Zur Artikel-\u00dcbersicht<\/span><\/a><\/strong><\/p>\n<p>\u00a0<\/p>\n<hr \/>\n<p><a href=\"https:\/\/www.alpha-gefahrgut-consulting.de\/index.php\/gefahrgut-strasse-adr\/\">Hintergrundwissen<\/a> zur Gefahrgutbef\u00f6rderung auf der Stra\u00dfe<\/p>\n<hr \/>\n\n\n<p><\/p>\n","protected":false},"excerpt":{"rendered":"<p>\u00a0 Powered by Alpha Gefahrgut Consulting:Beta Modellbau &amp; Modellbahn Kleinkunstwerkstatt Artikel Nr. 87-S-G-01Gefahrgut ADR Stra\u00dfe HO 1:87\u00a0Diverse Markierungen und Kennzeichnungen f\u00fcr die vorbildgerechte Gefahrgutbef\u00f6rderung im Ma\u00dfstab 1:87 (Stra\u00dfenverkehr nach ADR).\u00a0 (Hier Abbildung nur zur \u00dcbersicht und mit verminderter Aufl\u00f6sung) Warntafeln, Placards, Markierungen, Kennzeichnungen, Schilder f\u00fcr die Gefahrgutbef\u00f6rderung nach ADR im Ma\u00dfstab 1:87. Der Bogen zum &hellip; <\/p>\n<p class=\"link-more\"><a href=\"https:\/\/www.alpha-gefahrgut-consulting.de\/index.php\/beta-artikelinfo-87-s-g-01\/\" class=\"more-link\"><span class=\"screen-reader-text\">\u201eBeta Artikelinfo 87-S-G-01\u201c<\/span> weiterlesen<\/a><\/p>\n","protected":false},"author":1,"featured_media":0,"parent":0,"menu_order":0,"comment_status":"closed","ping_status":"closed","template":"","meta":{"episode_type":"","audio_file":"","podmotor_file_id":"","podmotor_episode_id":"","cover_image":"","cover_image_id":"","duration":"","filesize":"","filesize_raw":"","date_recorded":"","explicit":"","block":"","footnotes":""},"class_list":["post-5962","page","type-page","status-publish","hentry"],"yoast_head":"<!-- This site is optimized with the Yoast SEO plugin v27.5 - https:\/\/yoast.com\/product\/yoast-seo-wordpress\/ -->\n<title>Beta Artikelinfo 87-S-G-01 - ALPHA GEFAHRGUT CONSULTING<\/title>\n<meta name=\"description\" content=\"ALPHA GEFAHRGUT CONSULTING\" \/>\n<meta name=\"robots\" content=\"index, follow, max-snippet:-1, max-image-preview:large, max-video-preview:-1\" \/>\n<link rel=\"canonical\" href=\"https:\/\/www.alpha-gefahrgut-consulting.de\/index.php\/beta-artikelinfo-87-s-g-01\/\" \/>\n<meta property=\"og:locale\" content=\"de_DE\" \/>\n<meta property=\"og:type\" content=\"article\" \/>\n<meta property=\"og:title\" content=\"Beta Artikelinfo 87-S-G-01 - ALPHA GEFAHRGUT CONSULTING\" \/>\n<meta property=\"og:description\" content=\"ALPHA GEFAHRGUT CONSULTING\" \/>\n<meta property=\"og:url\" content=\"https:\/\/www.alpha-gefahrgut-consulting.de\/index.php\/beta-artikelinfo-87-s-g-01\/\" \/>\n<meta property=\"og:site_name\" content=\"ALPHA GEFAHRGUT CONSULTING\" \/>\n<meta property=\"article:modified_time\" content=\"2025-05-30T07:36:35+00:00\" \/>\n<meta property=\"og:image\" content=\"https:\/\/www.alpha-gefahrgut-consulting.de\/wp-content\/uploads\/2024\/09\/Beta-Art-Info-87-S-G-01.jpg\" \/>\n\t<meta property=\"og:image:width\" content=\"600\" \/>\n\t<meta property=\"og:image:height\" content=\"392\" \/>\n\t<meta property=\"og:image:type\" content=\"image\/jpeg\" \/>\n<meta name=\"twitter:card\" content=\"summary_large_image\" \/>\n<meta name=\"twitter:site\" content=\"@Alpha_Gefahrgut\" \/>\n<meta name=\"twitter:label1\" content=\"Gesch\u00e4tzte Lesezeit\" \/>\n\t<meta name=\"twitter:data1\" content=\"3\u00a0Minuten\" \/>\n<script type=\"application\/ld+json\" class=\"yoast-schema-graph\">{\"@context\":\"https:\\\/\\\/schema.org\",\"@graph\":[{\"@type\":\"WebPage\",\"@id\":\"https:\\\/\\\/www.alpha-gefahrgut-consulting.de\\\/index.php\\\/beta-artikelinfo-87-s-g-01\\\/\",\"url\":\"https:\\\/\\\/www.alpha-gefahrgut-consulting.de\\\/index.php\\\/beta-artikelinfo-87-s-g-01\\\/\",\"name\":\"Beta Artikelinfo 87-S-G-01 - ALPHA GEFAHRGUT CONSULTING\",\"isPartOf\":{\"@id\":\"https:\\\/\\\/www.alpha-gefahrgut-consulting.de\\\/#website\"},\"primaryImageOfPage\":{\"@id\":\"https:\\\/\\\/www.alpha-gefahrgut-consulting.de\\\/index.php\\\/beta-artikelinfo-87-s-g-01\\\/#primaryimage\"},\"image\":{\"@id\":\"https:\\\/\\\/www.alpha-gefahrgut-consulting.de\\\/index.php\\\/beta-artikelinfo-87-s-g-01\\\/#primaryimage\"},\"thumbnailUrl\":\"https:\\\/\\\/www.alpha-gefahrgut-consulting.de\\\/wp-content\\\/uploads\\\/2024\\\/09\\\/Beta-Art-Info-87-S-G-01.jpg\",\"datePublished\":\"2024-09-05T11:26:10+00:00\",\"dateModified\":\"2025-05-30T07:36:35+00:00\",\"description\":\"ALPHA GEFAHRGUT CONSULTING\",\"breadcrumb\":{\"@id\":\"https:\\\/\\\/www.alpha-gefahrgut-consulting.de\\\/index.php\\\/beta-artikelinfo-87-s-g-01\\\/#breadcrumb\"},\"inLanguage\":\"de\",\"potentialAction\":[{\"@type\":\"ReadAction\",\"target\":[\"https:\\\/\\\/www.alpha-gefahrgut-consulting.de\\\/index.php\\\/beta-artikelinfo-87-s-g-01\\\/\"]}]},{\"@type\":\"ImageObject\",\"inLanguage\":\"de\",\"@id\":\"https:\\\/\\\/www.alpha-gefahrgut-consulting.de\\\/index.php\\\/beta-artikelinfo-87-s-g-01\\\/#primaryimage\",\"url\":\"https:\\\/\\\/www.alpha-gefahrgut-consulting.de\\\/wp-content\\\/uploads\\\/2024\\\/09\\\/Beta-Art-Info-87-S-G-01.jpg\",\"contentUrl\":\"https:\\\/\\\/www.alpha-gefahrgut-consulting.de\\\/wp-content\\\/uploads\\\/2024\\\/09\\\/Beta-Art-Info-87-S-G-01.jpg\",\"width\":600,\"height\":392,\"caption\":\"LEAD Technologies Inc. V1.01\"},{\"@type\":\"BreadcrumbList\",\"@id\":\"https:\\\/\\\/www.alpha-gefahrgut-consulting.de\\\/index.php\\\/beta-artikelinfo-87-s-g-01\\\/#breadcrumb\",\"itemListElement\":[{\"@type\":\"ListItem\",\"position\":1,\"name\":\"Startseite\",\"item\":\"https:\\\/\\\/www.alpha-gefahrgut-consulting.de\\\/\"},{\"@type\":\"ListItem\",\"position\":2,\"name\":\"Beta Artikelinfo 87-S-G-01\"}]},{\"@type\":\"WebSite\",\"@id\":\"https:\\\/\\\/www.alpha-gefahrgut-consulting.de\\\/#website\",\"url\":\"https:\\\/\\\/www.alpha-gefahrgut-consulting.de\\\/\",\"name\":\"ALPHA GEFAHRGUT CONSULTING\",\"description\":\"First Class Dangerous Goods Consulting, Management, Training.\",\"publisher\":{\"@id\":\"https:\\\/\\\/www.alpha-gefahrgut-consulting.de\\\/#organization\"},\"potentialAction\":[{\"@type\":\"SearchAction\",\"target\":{\"@type\":\"EntryPoint\",\"urlTemplate\":\"https:\\\/\\\/www.alpha-gefahrgut-consulting.de\\\/?s={search_term_string}\"},\"query-input\":{\"@type\":\"PropertyValueSpecification\",\"valueRequired\":true,\"valueName\":\"search_term_string\"}}],\"inLanguage\":\"de\"},{\"@type\":\"Organization\",\"@id\":\"https:\\\/\\\/www.alpha-gefahrgut-consulting.de\\\/#organization\",\"name\":\"ALPHA GEFAHRGUT CONSULTING\",\"url\":\"https:\\\/\\\/www.alpha-gefahrgut-consulting.de\\\/\",\"logo\":{\"@type\":\"ImageObject\",\"inLanguage\":\"de\",\"@id\":\"https:\\\/\\\/www.alpha-gefahrgut-consulting.de\\\/#\\\/schema\\\/logo\\\/image\\\/\",\"url\":\"https:\\\/\\\/www.alpha-gefahrgut-consulting.de\\\/wp-content\\\/uploads\\\/2020\\\/04\\\/cropped-AGCLogoBlech-c.jpg\",\"contentUrl\":\"https:\\\/\\\/www.alpha-gefahrgut-consulting.de\\\/wp-content\\\/uploads\\\/2020\\\/04\\\/cropped-AGCLogoBlech-c.jpg\",\"width\":250,\"height\":250,\"caption\":\"ALPHA GEFAHRGUT CONSULTING\"},\"image\":{\"@id\":\"https:\\\/\\\/www.alpha-gefahrgut-consulting.de\\\/#\\\/schema\\\/logo\\\/image\\\/\"},\"sameAs\":[\"https:\\\/\\\/x.com\\\/Alpha_Gefahrgut\",\"https:\\\/\\\/www.youtube.com\\\/@AlphaDGConsulting\",\"https:\\\/\\\/buymeacoffee.com\\\/AlphaDGConsulting\",\"https:\\\/\\\/bsky.app\\\/profile\\\/alpha-gefahrgut.bsky.social\",\"https:\\\/\\\/www.reddit.com\\\/user\\\/United_Ad5357\\\/\",\"https:\\\/\\\/semasocial.com\\\/profile\\\/247322\",\"https:\\\/\\\/truthsocial.com\\\/@AlphaDangerousGoodsConsulting\",\"https:\\\/\\\/www.linkedin.com\\\/in\\\/michael-miska-mm\\\/\",\"https:\\\/\\\/www.xing.com\\\/profile\\\/Michael_Miska088516\\\/web_profiles\",\"https:\\\/\\\/rumble.com\\\/user\\\/AlphaDangerousGoodsConsulting\",\"https:\\\/\\\/de.pinterest.com\\\/AlphaGefahrgutConsulting\\\/\"]}]}<\/script>\n<!-- \/ Yoast SEO plugin. -->","yoast_head_json":{"title":"Beta Artikelinfo 87-S-G-01 - ALPHA GEFAHRGUT CONSULTING","description":"ALPHA GEFAHRGUT CONSULTING","robots":{"index":"index","follow":"follow","max-snippet":"max-snippet:-1","max-image-preview":"max-image-preview:large","max-video-preview":"max-video-preview:-1"},"canonical":"https:\/\/www.alpha-gefahrgut-consulting.de\/index.php\/beta-artikelinfo-87-s-g-01\/","og_locale":"de_DE","og_type":"article","og_title":"Beta Artikelinfo 87-S-G-01 - ALPHA GEFAHRGUT CONSULTING","og_description":"ALPHA GEFAHRGUT CONSULTING","og_url":"https:\/\/www.alpha-gefahrgut-consulting.de\/index.php\/beta-artikelinfo-87-s-g-01\/","og_site_name":"ALPHA GEFAHRGUT CONSULTING","article_modified_time":"2025-05-30T07:36:35+00:00","og_image":[{"width":600,"height":392,"url":"https:\/\/www.alpha-gefahrgut-consulting.de\/wp-content\/uploads\/2024\/09\/Beta-Art-Info-87-S-G-01.jpg","type":"image\/jpeg"}],"twitter_card":"summary_large_image","twitter_site":"@Alpha_Gefahrgut","twitter_misc":{"Gesch\u00e4tzte Lesezeit":"3\u00a0Minuten"},"schema":{"@context":"https:\/\/schema.org","@graph":[{"@type":"WebPage","@id":"https:\/\/www.alpha-gefahrgut-consulting.de\/index.php\/beta-artikelinfo-87-s-g-01\/","url":"https:\/\/www.alpha-gefahrgut-consulting.de\/index.php\/beta-artikelinfo-87-s-g-01\/","name":"Beta Artikelinfo 87-S-G-01 - ALPHA GEFAHRGUT CONSULTING","isPartOf":{"@id":"https:\/\/www.alpha-gefahrgut-consulting.de\/#website"},"primaryImageOfPage":{"@id":"https:\/\/www.alpha-gefahrgut-consulting.de\/index.php\/beta-artikelinfo-87-s-g-01\/#primaryimage"},"image":{"@id":"https:\/\/www.alpha-gefahrgut-consulting.de\/index.php\/beta-artikelinfo-87-s-g-01\/#primaryimage"},"thumbnailUrl":"https:\/\/www.alpha-gefahrgut-consulting.de\/wp-content\/uploads\/2024\/09\/Beta-Art-Info-87-S-G-01.jpg","datePublished":"2024-09-05T11:26:10+00:00","dateModified":"2025-05-30T07:36:35+00:00","description":"ALPHA GEFAHRGUT CONSULTING","breadcrumb":{"@id":"https:\/\/www.alpha-gefahrgut-consulting.de\/index.php\/beta-artikelinfo-87-s-g-01\/#breadcrumb"},"inLanguage":"de","potentialAction":[{"@type":"ReadAction","target":["https:\/\/www.alpha-gefahrgut-consulting.de\/index.php\/beta-artikelinfo-87-s-g-01\/"]}]},{"@type":"ImageObject","inLanguage":"de","@id":"https:\/\/www.alpha-gefahrgut-consulting.de\/index.php\/beta-artikelinfo-87-s-g-01\/#primaryimage","url":"https:\/\/www.alpha-gefahrgut-consulting.de\/wp-content\/uploads\/2024\/09\/Beta-Art-Info-87-S-G-01.jpg","contentUrl":"https:\/\/www.alpha-gefahrgut-consulting.de\/wp-content\/uploads\/2024\/09\/Beta-Art-Info-87-S-G-01.jpg","width":600,"height":392,"caption":"LEAD Technologies Inc. V1.01"},{"@type":"BreadcrumbList","@id":"https:\/\/www.alpha-gefahrgut-consulting.de\/index.php\/beta-artikelinfo-87-s-g-01\/#breadcrumb","itemListElement":[{"@type":"ListItem","position":1,"name":"Startseite","item":"https:\/\/www.alpha-gefahrgut-consulting.de\/"},{"@type":"ListItem","position":2,"name":"Beta Artikelinfo 87-S-G-01"}]},{"@type":"WebSite","@id":"https:\/\/www.alpha-gefahrgut-consulting.de\/#website","url":"https:\/\/www.alpha-gefahrgut-consulting.de\/","name":"ALPHA GEFAHRGUT CONSULTING","description":"First Class Dangerous Goods Consulting, Management, Training.","publisher":{"@id":"https:\/\/www.alpha-gefahrgut-consulting.de\/#organization"},"potentialAction":[{"@type":"SearchAction","target":{"@type":"EntryPoint","urlTemplate":"https:\/\/www.alpha-gefahrgut-consulting.de\/?s={search_term_string}"},"query-input":{"@type":"PropertyValueSpecification","valueRequired":true,"valueName":"search_term_string"}}],"inLanguage":"de"},{"@type":"Organization","@id":"https:\/\/www.alpha-gefahrgut-consulting.de\/#organization","name":"ALPHA GEFAHRGUT CONSULTING","url":"https:\/\/www.alpha-gefahrgut-consulting.de\/","logo":{"@type":"ImageObject","inLanguage":"de","@id":"https:\/\/www.alpha-gefahrgut-consulting.de\/#\/schema\/logo\/image\/","url":"https:\/\/www.alpha-gefahrgut-consulting.de\/wp-content\/uploads\/2020\/04\/cropped-AGCLogoBlech-c.jpg","contentUrl":"https:\/\/www.alpha-gefahrgut-consulting.de\/wp-content\/uploads\/2020\/04\/cropped-AGCLogoBlech-c.jpg","width":250,"height":250,"caption":"ALPHA GEFAHRGUT CONSULTING"},"image":{"@id":"https:\/\/www.alpha-gefahrgut-consulting.de\/#\/schema\/logo\/image\/"},"sameAs":["https:\/\/x.com\/Alpha_Gefahrgut","https:\/\/www.youtube.com\/@AlphaDGConsulting","https:\/\/buymeacoffee.com\/AlphaDGConsulting","https:\/\/bsky.app\/profile\/alpha-gefahrgut.bsky.social","https:\/\/www.reddit.com\/user\/United_Ad5357\/","https:\/\/semasocial.com\/profile\/247322","https:\/\/truthsocial.com\/@AlphaDangerousGoodsConsulting","https:\/\/www.linkedin.com\/in\/michael-miska-mm\/","https:\/\/www.xing.com\/profile\/Michael_Miska088516\/web_profiles","https:\/\/rumble.com\/user\/AlphaDangerousGoodsConsulting","https:\/\/de.pinterest.com\/AlphaGefahrgutConsulting\/"]}]}},"_links":{"self":[{"href":"https:\/\/www.alpha-gefahrgut-consulting.de\/index.php\/wp-json\/wp\/v2\/pages\/5962","targetHints":{"allow":["GET"]}}],"collection":[{"href":"https:\/\/www.alpha-gefahrgut-consulting.de\/index.php\/wp-json\/wp\/v2\/pages"}],"about":[{"href":"https:\/\/www.alpha-gefahrgut-consulting.de\/index.php\/wp-json\/wp\/v2\/types\/page"}],"author":[{"embeddable":true,"href":"https:\/\/www.alpha-gefahrgut-consulting.de\/index.php\/wp-json\/wp\/v2\/users\/1"}],"replies":[{"embeddable":true,"href":"https:\/\/www.alpha-gefahrgut-consulting.de\/index.php\/wp-json\/wp\/v2\/comments?post=5962"}],"version-history":[{"count":26,"href":"https:\/\/www.alpha-gefahrgut-consulting.de\/index.php\/wp-json\/wp\/v2\/pages\/5962\/revisions"}],"predecessor-version":[{"id":6369,"href":"https:\/\/www.alpha-gefahrgut-consulting.de\/index.php\/wp-json\/wp\/v2\/pages\/5962\/revisions\/6369"}],"wp:attachment":[{"href":"https:\/\/www.alpha-gefahrgut-consulting.de\/index.php\/wp-json\/wp\/v2\/media?parent=5962"}],"curies":[{"name":"wp","href":"https:\/\/api.w.org\/{rel}","templated":true}]}}