{"id":589,"date":"2021-02-18T18:21:06","date_gmt":"2021-02-18T17:21:06","guid":{"rendered":"https:\/\/www.alpha-gefahrgut-consulting.de\/?page_id=589"},"modified":"2025-05-30T10:58:18","modified_gmt":"2025-05-30T08:58:18","slug":"gefahrgut-schiene-rid","status":"publish","type":"page","link":"https:\/\/www.alpha-gefahrgut-consulting.de\/index.php\/gefahrgut-schiene-rid\/","title":{"rendered":"Gefahrgut-Schiene-RID"},"content":{"rendered":"<p><span style=\"font-family: Verdana, sans-serif;\"><span style=\"font-family: Arial, sans-serif;\">Im <\/span><span style=\"color: #000000;\"><span style=\"font-family: Arial, sans-serif;\"><b>Eisenbahnverkehr<\/b><\/span><span style=\"font-family: Arial, sans-serif;\"> d\u00fcrfen gef\u00e4hrliche G\u00fcter sowohl im St\u00fcckgut- als auch im Wagenladungs- oder Ganzzugverkehr bef\u00f6rdert werden.<\/span><\/span><\/span><\/p>\n<p><span style=\"font-family: Arial, sans-serif;\"><b>Wagenladungen, Ganzz\u00fcge<\/b><\/span><span style=\"font-family: Arial, sans-serif;\">:<br \/>\nIm Wagenladungsverkehr werden Frachtsendungen, die mindestens einen beladenen G\u00fcterwagen ausmachen, durch die Eisenbahngesellschaften bef\u00f6rdert. Ein solcher Waggon kann sowohl ein Kesselwagen (f\u00fcr gef\u00e4hrliche Fl\u00fcssigkeiten oder Gase) oder ein offener Waggon (ggf. mit Plane abgedeckt) f\u00fcr feste gef\u00e4hrliche Stoffe oder auch ein gedeckter Wagen (f\u00fcr St\u00fcckg\u00fcter wie F\u00e4sser, Kannen, Kisten, Kartons etc.) sein.<br \/>\n<\/span><\/p>\n<p style=\"text-align: center;\"><img loading=\"lazy\" decoding=\"async\" class=\"alignnone size-full wp-image-703\" src=\"https:\/\/www.alpha-gefahrgut-consulting.de\/wp-content\/uploads\/2021\/02\/Kesselwagen-Bf-Mengede.jpg\" alt=\"Kesselwagen, Bf Mengede\" width=\"745\" height=\"340\" srcset=\"https:\/\/www.alpha-gefahrgut-consulting.de\/wp-content\/uploads\/2021\/02\/Kesselwagen-Bf-Mengede.jpg 745w, https:\/\/www.alpha-gefahrgut-consulting.de\/wp-content\/uploads\/2021\/02\/Kesselwagen-Bf-Mengede-300x137.jpg 300w\" sizes=\"auto, (max-width: 706px) 89vw, (max-width: 767px) 82vw, 740px\" \/><\/p>\n<p><span style=\"font-family: Arial, sans-serif;\">Unter einem Ganzzug versteht man die Bef\u00f6rderung einer Frachtsendung in Form eines kompletten Zuges, zum Beispiel bestehend aus einer gro\u00dfen Anzahl von Kesselwagen.<\/span><\/p>\n<p><b>Eisenbahn- St\u00fcckgutverkehr<\/b>:<br \/>\nIn Deutschland d\u00fcrfen gem\u00e4\u00df aktueller Vorschriftenlage prinzipiell bei allen Eisenbahngesellschaften &#8211; auch den sogenannten NE-Bahnen oder Privatbahnen &#8211; gef\u00e4hrliche G\u00fcter als St\u00fcckgut bef\u00f6rdert werden.<br \/>\nWie umfangreich der Eisenbahn-St\u00fcckgutverkehr fr\u00fcher einmal gewesen ist, kann man daran ablesen, dass in der St\u00fcckgut-Umladehalle des Bahnhofes Wanne-Eickel einstmals 352 G\u00fcterwaggons gleichzeitig be- und entladen werden konnten. Heute ist die dortige Umschlaghalle l\u00e4ngst stillgelegt und der Eisenbahn-St\u00fcckgutverkehr spielt sp\u00e4testens seit der Ausgliederung des einst umfangreichen St\u00fcckgutgesch\u00e4fts aus dem damaligen staatseigenen Unternehmen (Deutsche Bundesbahn, sp\u00e4ter Deutsche Bahn AG) praktisch keine Rolle mehr. Das St\u00fcckgut-Frachtaufkommen der fr\u00fcheren Bundesbahn wurde im Laufe der Jahre vollkommen auf die Stra\u00dfe verlagert.<\/p>\n<p><img loading=\"lazy\" decoding=\"async\" class=\"alignnone size-full wp-image-4329\" src=\"https:\/\/www.alpha-gefahrgut-consulting.de\/wp-content\/uploads\/2023\/11\/GA-LUN-SUD-2023-800px.jpg\" alt=\"\" width=\"813\" height=\"153\" srcset=\"https:\/\/www.alpha-gefahrgut-consulting.de\/wp-content\/uploads\/2023\/11\/GA-LUN-SUD-2023-800px.jpg 813w, https:\/\/www.alpha-gefahrgut-consulting.de\/wp-content\/uploads\/2023\/11\/GA-LUN-SUD-2023-800px-300x56.jpg 300w, https:\/\/www.alpha-gefahrgut-consulting.de\/wp-content\/uploads\/2023\/11\/GA-LUN-SUD-2023-800px-768x145.jpg 768w\" sizes=\"auto, (max-width: 767px) 89vw, (max-width: 1000px) 54vw, (max-width: 1071px) 543px, 580px\" \/><\/p>\n<p><strong>&#8222;Au\u00dfer Rost &amp; Moos nix los&#8230;&#8220;<\/strong><br \/>\n<strong>Folge verfehlter Verkehrspolitik: Citynahe G\u00fcterabfertigung a.D.<\/strong><br \/>\nFoto: (c) copyright Michael Miska, Oktober 2023, L\u00fcnen-S\u00fcd.<\/p>\n<p><i>Bemerkungen dazu:<br \/>\nZun\u00e4chst gelangte das St\u00fcckgutgesch\u00e4ft in die H\u00e4nde der damaligen \u00bbBahntrans\u00ab-Spedition (zun\u00e4chst Thyssen, sp\u00e4ter \u00bbABX\u00ab-Konzern, Teil der belgischen Staatsbahn SNCB). Nachdem ABX Logistics Deutschland im April 2006 das konzerneigene St\u00fcckgutnetz aufl\u00f6ste, gingen gro\u00dfe Teile des Sendungsvolumens an die St\u00fcckgut-Kooperation \u00bbCargoline\u00ab, andere Teile wurden in das Netz der Spedition Gefco (Gefco CargoConcept) integriert. Wie sich jedoch wiederholt zeigte, ist die Verlagerung des St\u00fcckgutvolumens auf die Stra\u00dfe allein noch lange kein Garant f\u00fcr wirtschaftlichen Erfolg: Auch Gefco zog sich gegen Ende 2007 aus dem Netzbetrieb eines deutschen St\u00fcckgut- Systemverkehres zur\u00fcck.<br \/>\n<\/i><\/p>\n<p><span style=\"font-family: Arial, sans-serif;\"><i><b>\u00a0<\/b><\/i><\/span><\/p>\n<p style=\"text-align: center;\"><img loading=\"lazy\" decoding=\"async\" class=\"alignnone size-full wp-image-692\" src=\"https:\/\/www.alpha-gefahrgut-consulting.de\/wp-content\/uploads\/2021\/02\/Gefahrgut-Eisenbahn-V100-RID-Kesselwagen.jpg\" alt=\"Gefahrgut Eisenbahn, V100, RID, Kesselwagen\" width=\"639\" height=\"197\" srcset=\"https:\/\/www.alpha-gefahrgut-consulting.de\/wp-content\/uploads\/2021\/02\/Gefahrgut-Eisenbahn-V100-RID-Kesselwagen.jpg 639w, https:\/\/www.alpha-gefahrgut-consulting.de\/wp-content\/uploads\/2021\/02\/Gefahrgut-Eisenbahn-V100-RID-Kesselwagen-300x92.jpg 300w\" sizes=\"auto, (max-width: 639px) 100vw, 639px\" \/><\/p>\n<p><span style=\"font-family: Arial, sans-serif;\"><b>Eisenbahn-Expressgutverkehr<\/b>:<br \/>\nAuch der einstmals bedeutende Expressgutverkehr ist heutzutage in Deutschland auf die Stra\u00dfe abgewandert. Mitte der 1980er Jahre konnten noch bei ca 1.800 Bahnh\u00f6fen der Deutschen Bundesbahn Expre\u00dfgutsendungen aufgegeben werden. Diese wurden mit dem n\u00e4chsten abfahrenden Personenzug oder Expre\u00dfgutzug weiterbef\u00f6rdert und erreichten am n\u00e4chsten Tag die Empf\u00e4nger. Expre\u00dfgutsendungen konnten auch ins Ausland bef\u00f6rdert werden. Prominentester Vertreter eines Expre\u00dfdienstes im Eisenbahnverkehr war vermutlich der damalige superschnelle&#8220;IC-Kurierdienst&#8220; der Deutschen Bundesbahn. Alle diese Expressdienste sind l\u00e4ngst eingestellt. Insofern besteht nur noch nach RID- Vorschriftenlage die Option, bestimmte Kleinmengen gef\u00e4hrlicher G\u00fcter als Expressgut im Eisenbahnverkehr bef\u00f6rdern zu lassen.<\/span><\/p>\n<p><b>Kombinierter Verkehr<\/b>:<br \/>\nEine Besonderheit im Eisenbahn-Frachtverkehr ist der kombinierte Verkehr, in welchem auch mit gef\u00e4hrlichen G\u00fctern beladene Stra\u00dfenfahrzeuge, Container oder Wechselbeh\u00e4lter per Kranumschlag auf Bahnwaggons verladen und anschlie\u00dfend per Eisenbahn bef\u00f6rdert werden.<\/p>\n<p><b>Vorschriften<\/b>:<br \/>\nDie Bef\u00f6rderung gef\u00e4hrlicher G\u00fcter im Eisenbahnverkehr unterliegt dem \u00dcbereinkommen \u00fcber den internationalen Eisenbahnverkehr (Convention relative aux transports internationaux ferroviaire, COTIF). Die erste Fassung des COTIF stammt aus dem Jahre 1890. Nach der letzten \u00c4nderung (COTIF 1999) regelt der Anhang C die internationale Eisenbahnbef\u00f6rderung gef\u00e4hrlicher G\u00fcter (RID, Reglement concernant le transport international ferroviaire des marchandises dangereuses).<\/p>\n<p><img loading=\"lazy\" decoding=\"async\" class=\"alignnone size-full wp-image-697\" src=\"https:\/\/www.alpha-gefahrgut-consulting.de\/wp-content\/uploads\/2021\/02\/AGC-DB-Radsatz.jpg\" alt=\"AGC DB Radsatz\" width=\"728\" height=\"381\" srcset=\"https:\/\/www.alpha-gefahrgut-consulting.de\/wp-content\/uploads\/2021\/02\/AGC-DB-Radsatz.jpg 728w, https:\/\/www.alpha-gefahrgut-consulting.de\/wp-content\/uploads\/2021\/02\/AGC-DB-Radsatz-300x157.jpg 300w\" sizes=\"auto, (max-width: 728px) 100vw, 728px\" \/><\/p>\n<p><span style=\"font-family: Arial, sans-serif;\">In Deutschland gelten dar\u00fcber hinaus das Gefahrgutbef\u00f6rderungsgesetz und die Gefahrgutverordnung GGVSEB. Erg\u00e4nzend sind die jeweiligen Allgemeinen Gesch\u00e4ftsbedingungen (AGB) der Eisenbahngesellschaften (neben der Deutschen Bahn AG auch die der jeweiligen ausl\u00e4ndischen und inl\u00e4ndischen Eisenbahngesellschaften (z.B. SNCF, OHE etc.) sowie die Richtlinien der Eisenbahnen zur Ladungssicherung (nicht Tank) zu beachten.<\/span><\/p>\n<p>In Osteuropa wurden von der OSShD (Organisation f\u00fcr die Zusammenarbeit der Eisenbahnen (Bemerkung: der fr\u00fcheren RGW-Staaten bzw. Ostblock-L\u00e4nder)) eigene Vorschriften f\u00fcr die Bef\u00f6rderung gef\u00e4hrlicher G\u00fcter per Eisenbahn ver\u00f6ffentlicht, insbesondere die Anlage II zum SMGS (\u00dcbereinkommen \u00fcber den internationalen Eisenbahnverkehr &#8211; Soglaschenje Meshdunarodnoje Grusowoje Ssoobschtschenije). Arbeitssprachen der OSShd sind russisch und chinesisch. Einige Staaten wie z.B. Polen, Tschechien, Slowakei, Lettland, Litauen, Ungarn, Rum\u00e4nien, Bulgarien und Iran haben sowohl das COTIF-\u00dcbereinkommen (mit RID), als auch das SMGS gezeichnet. In solchen Staaten sind beide Vorschriften zur Bef\u00f6rderung gef\u00e4hrlicher G\u00fcter per Eisenbahn anwendbar.<\/p>\n<p><a href=\"https:\/\/www.alpha-gefahrgut-consulting.de\/index.php\/gefahrgutschulung\/\"><strong><span style=\"color: #993300;\">Gefahrgutschulungen GGVSEB\/RID<\/span><\/strong><\/a><\/p>\n<p><img loading=\"lazy\" decoding=\"async\" class=\"alignnone size-full wp-image-693\" src=\"https:\/\/www.alpha-gefahrgut-consulting.de\/wp-content\/uploads\/2021\/02\/AGC-Kesselwagenzug.jpg\" alt=\"AGC, Kesselwagenzug\" width=\"748\" height=\"250\" srcset=\"https:\/\/www.alpha-gefahrgut-consulting.de\/wp-content\/uploads\/2021\/02\/AGC-Kesselwagenzug.jpg 748w, https:\/\/www.alpha-gefahrgut-consulting.de\/wp-content\/uploads\/2021\/02\/AGC-Kesselwagenzug-300x100.jpg 300w\" sizes=\"auto, (max-width: 706px) 89vw, (max-width: 767px) 82vw, 740px\" \/><\/p>\n","protected":false},"excerpt":{"rendered":"<p>Im Eisenbahnverkehr d\u00fcrfen gef\u00e4hrliche G\u00fcter sowohl im St\u00fcckgut- als auch im Wagenladungs- oder Ganzzugverkehr bef\u00f6rdert werden. Wagenladungen, Ganzz\u00fcge: Im Wagenladungsverkehr werden Frachtsendungen, die mindestens einen beladenen G\u00fcterwagen ausmachen, durch die Eisenbahngesellschaften bef\u00f6rdert. Ein solcher Waggon kann sowohl ein Kesselwagen (f\u00fcr gef\u00e4hrliche Fl\u00fcssigkeiten oder Gase) oder ein offener Waggon (ggf. mit Plane abgedeckt) f\u00fcr feste gef\u00e4hrliche &hellip; <\/p>\n<p class=\"link-more\"><a href=\"https:\/\/www.alpha-gefahrgut-consulting.de\/index.php\/gefahrgut-schiene-rid\/\" class=\"more-link\"><span class=\"screen-reader-text\">\u201eGefahrgut-Schiene-RID\u201c<\/span> weiterlesen<\/a><\/p>\n","protected":false},"author":1,"featured_media":0,"parent":0,"menu_order":0,"comment_status":"closed","ping_status":"closed","template":"","meta":{"episode_type":"","audio_file":"","podmotor_file_id":"","podmotor_episode_id":"","cover_image":"","cover_image_id":"","duration":"","filesize":"","filesize_raw":"","date_recorded":"","explicit":"","block":"","footnotes":""},"class_list":["post-589","page","type-page","status-publish","hentry"],"yoast_head":"<!-- This site is optimized with the Yoast SEO plugin v27.5 - https:\/\/yoast.com\/product\/yoast-seo-wordpress\/ -->\n<title>Gefahrgut per Eisenbahn<\/title>\n<meta name=\"description\" content=\"Gefahrgut wird per Eisenbahn bef\u00f6rdert. Grundwissen und Hintergrund-Informationen f\u00fcr Beteiligte und Interessierte. Lesen Sie sich ein!\" \/>\n<meta name=\"robots\" content=\"index, follow, max-snippet:-1, max-image-preview:large, max-video-preview:-1\" \/>\n<link rel=\"canonical\" href=\"https:\/\/www.alpha-gefahrgut-consulting.de\/index.php\/gefahrgut-schiene-rid\/\" \/>\n<meta property=\"og:locale\" content=\"de_DE\" \/>\n<meta property=\"og:type\" content=\"article\" \/>\n<meta property=\"og:title\" content=\"Gefahrgut per Eisenbahn\" \/>\n<meta property=\"og:description\" content=\"Gefahrgut wird per Eisenbahn bef\u00f6rdert. Grundwissen und Hintergrund-Informationen f\u00fcr Beteiligte und Interessierte. Lesen Sie sich ein!\" \/>\n<meta property=\"og:url\" content=\"https:\/\/www.alpha-gefahrgut-consulting.de\/index.php\/gefahrgut-schiene-rid\/\" \/>\n<meta property=\"og:site_name\" content=\"ALPHA GEFAHRGUT CONSULTING\" \/>\n<meta property=\"article:modified_time\" content=\"2025-05-30T08:58:18+00:00\" \/>\n<meta property=\"og:image\" content=\"https:\/\/www.alpha-gefahrgut-consulting.de\/wp-content\/uploads\/2021\/02\/Kesselwagen-Bf-Mengede.jpg\" \/>\n\t<meta property=\"og:image:width\" content=\"745\" \/>\n\t<meta property=\"og:image:height\" content=\"340\" \/>\n\t<meta property=\"og:image:type\" content=\"image\/jpeg\" \/>\n<meta name=\"twitter:card\" content=\"summary_large_image\" \/>\n<meta name=\"twitter:site\" content=\"@Alpha_Gefahrgut\" \/>\n<meta name=\"twitter:label1\" content=\"Gesch\u00e4tzte Lesezeit\" \/>\n\t<meta name=\"twitter:data1\" content=\"5\u00a0Minuten\" \/>\n<script type=\"application\/ld+json\" class=\"yoast-schema-graph\">{\"@context\":\"https:\\\/\\\/schema.org\",\"@graph\":[{\"@type\":\"WebPage\",\"@id\":\"https:\\\/\\\/www.alpha-gefahrgut-consulting.de\\\/index.php\\\/gefahrgut-schiene-rid\\\/\",\"url\":\"https:\\\/\\\/www.alpha-gefahrgut-consulting.de\\\/index.php\\\/gefahrgut-schiene-rid\\\/\",\"name\":\"Gefahrgut per Eisenbahn\",\"isPartOf\":{\"@id\":\"https:\\\/\\\/www.alpha-gefahrgut-consulting.de\\\/#website\"},\"primaryImageOfPage\":{\"@id\":\"https:\\\/\\\/www.alpha-gefahrgut-consulting.de\\\/index.php\\\/gefahrgut-schiene-rid\\\/#primaryimage\"},\"image\":{\"@id\":\"https:\\\/\\\/www.alpha-gefahrgut-consulting.de\\\/index.php\\\/gefahrgut-schiene-rid\\\/#primaryimage\"},\"thumbnailUrl\":\"https:\\\/\\\/www.alpha-gefahrgut-consulting.de\\\/wp-content\\\/uploads\\\/2021\\\/02\\\/Kesselwagen-Bf-Mengede.jpg\",\"datePublished\":\"2021-02-18T17:21:06+00:00\",\"dateModified\":\"2025-05-30T08:58:18+00:00\",\"description\":\"Gefahrgut wird per Eisenbahn bef\u00f6rdert. Grundwissen und Hintergrund-Informationen f\u00fcr Beteiligte und Interessierte. Lesen Sie sich ein!\",\"breadcrumb\":{\"@id\":\"https:\\\/\\\/www.alpha-gefahrgut-consulting.de\\\/index.php\\\/gefahrgut-schiene-rid\\\/#breadcrumb\"},\"inLanguage\":\"de\",\"potentialAction\":[{\"@type\":\"ReadAction\",\"target\":[\"https:\\\/\\\/www.alpha-gefahrgut-consulting.de\\\/index.php\\\/gefahrgut-schiene-rid\\\/\"]}]},{\"@type\":\"ImageObject\",\"inLanguage\":\"de\",\"@id\":\"https:\\\/\\\/www.alpha-gefahrgut-consulting.de\\\/index.php\\\/gefahrgut-schiene-rid\\\/#primaryimage\",\"url\":\"https:\\\/\\\/www.alpha-gefahrgut-consulting.de\\\/wp-content\\\/uploads\\\/2021\\\/02\\\/Kesselwagen-Bf-Mengede.jpg\",\"contentUrl\":\"https:\\\/\\\/www.alpha-gefahrgut-consulting.de\\\/wp-content\\\/uploads\\\/2021\\\/02\\\/Kesselwagen-Bf-Mengede.jpg\",\"width\":745,\"height\":340},{\"@type\":\"BreadcrumbList\",\"@id\":\"https:\\\/\\\/www.alpha-gefahrgut-consulting.de\\\/index.php\\\/gefahrgut-schiene-rid\\\/#breadcrumb\",\"itemListElement\":[{\"@type\":\"ListItem\",\"position\":1,\"name\":\"Startseite\",\"item\":\"https:\\\/\\\/www.alpha-gefahrgut-consulting.de\\\/\"},{\"@type\":\"ListItem\",\"position\":2,\"name\":\"Gefahrgut-Schiene-RID\"}]},{\"@type\":\"WebSite\",\"@id\":\"https:\\\/\\\/www.alpha-gefahrgut-consulting.de\\\/#website\",\"url\":\"https:\\\/\\\/www.alpha-gefahrgut-consulting.de\\\/\",\"name\":\"ALPHA GEFAHRGUT CONSULTING\",\"description\":\"First Class Dangerous Goods Consulting, Management, Training.\",\"publisher\":{\"@id\":\"https:\\\/\\\/www.alpha-gefahrgut-consulting.de\\\/#organization\"},\"potentialAction\":[{\"@type\":\"SearchAction\",\"target\":{\"@type\":\"EntryPoint\",\"urlTemplate\":\"https:\\\/\\\/www.alpha-gefahrgut-consulting.de\\\/?s={search_term_string}\"},\"query-input\":{\"@type\":\"PropertyValueSpecification\",\"valueRequired\":true,\"valueName\":\"search_term_string\"}}],\"inLanguage\":\"de\"},{\"@type\":\"Organization\",\"@id\":\"https:\\\/\\\/www.alpha-gefahrgut-consulting.de\\\/#organization\",\"name\":\"ALPHA GEFAHRGUT CONSULTING\",\"url\":\"https:\\\/\\\/www.alpha-gefahrgut-consulting.de\\\/\",\"logo\":{\"@type\":\"ImageObject\",\"inLanguage\":\"de\",\"@id\":\"https:\\\/\\\/www.alpha-gefahrgut-consulting.de\\\/#\\\/schema\\\/logo\\\/image\\\/\",\"url\":\"https:\\\/\\\/www.alpha-gefahrgut-consulting.de\\\/wp-content\\\/uploads\\\/2020\\\/04\\\/cropped-AGCLogoBlech-c.jpg\",\"contentUrl\":\"https:\\\/\\\/www.alpha-gefahrgut-consulting.de\\\/wp-content\\\/uploads\\\/2020\\\/04\\\/cropped-AGCLogoBlech-c.jpg\",\"width\":250,\"height\":250,\"caption\":\"ALPHA GEFAHRGUT CONSULTING\"},\"image\":{\"@id\":\"https:\\\/\\\/www.alpha-gefahrgut-consulting.de\\\/#\\\/schema\\\/logo\\\/image\\\/\"},\"sameAs\":[\"https:\\\/\\\/x.com\\\/Alpha_Gefahrgut\",\"https:\\\/\\\/www.youtube.com\\\/@AlphaDGConsulting\",\"https:\\\/\\\/buymeacoffee.com\\\/AlphaDGConsulting\",\"https:\\\/\\\/bsky.app\\\/profile\\\/alpha-gefahrgut.bsky.social\",\"https:\\\/\\\/www.reddit.com\\\/user\\\/United_Ad5357\\\/\",\"https:\\\/\\\/semasocial.com\\\/profile\\\/247322\",\"https:\\\/\\\/truthsocial.com\\\/@AlphaDangerousGoodsConsulting\",\"https:\\\/\\\/www.linkedin.com\\\/in\\\/michael-miska-mm\\\/\",\"https:\\\/\\\/www.xing.com\\\/profile\\\/Michael_Miska088516\\\/web_profiles\",\"https:\\\/\\\/rumble.com\\\/user\\\/AlphaDangerousGoodsConsulting\",\"https:\\\/\\\/de.pinterest.com\\\/AlphaGefahrgutConsulting\\\/\"]}]}<\/script>\n<!-- \/ Yoast SEO plugin. -->","yoast_head_json":{"title":"Gefahrgut per Eisenbahn","description":"Gefahrgut wird per Eisenbahn bef\u00f6rdert. Grundwissen und Hintergrund-Informationen f\u00fcr Beteiligte und Interessierte. Lesen Sie sich ein!","robots":{"index":"index","follow":"follow","max-snippet":"max-snippet:-1","max-image-preview":"max-image-preview:large","max-video-preview":"max-video-preview:-1"},"canonical":"https:\/\/www.alpha-gefahrgut-consulting.de\/index.php\/gefahrgut-schiene-rid\/","og_locale":"de_DE","og_type":"article","og_title":"Gefahrgut per Eisenbahn","og_description":"Gefahrgut wird per Eisenbahn bef\u00f6rdert. Grundwissen und Hintergrund-Informationen f\u00fcr Beteiligte und Interessierte. Lesen Sie sich ein!","og_url":"https:\/\/www.alpha-gefahrgut-consulting.de\/index.php\/gefahrgut-schiene-rid\/","og_site_name":"ALPHA GEFAHRGUT CONSULTING","article_modified_time":"2025-05-30T08:58:18+00:00","og_image":[{"width":745,"height":340,"url":"https:\/\/www.alpha-gefahrgut-consulting.de\/wp-content\/uploads\/2021\/02\/Kesselwagen-Bf-Mengede.jpg","type":"image\/jpeg"}],"twitter_card":"summary_large_image","twitter_site":"@Alpha_Gefahrgut","twitter_misc":{"Gesch\u00e4tzte Lesezeit":"5\u00a0Minuten"},"schema":{"@context":"https:\/\/schema.org","@graph":[{"@type":"WebPage","@id":"https:\/\/www.alpha-gefahrgut-consulting.de\/index.php\/gefahrgut-schiene-rid\/","url":"https:\/\/www.alpha-gefahrgut-consulting.de\/index.php\/gefahrgut-schiene-rid\/","name":"Gefahrgut per Eisenbahn","isPartOf":{"@id":"https:\/\/www.alpha-gefahrgut-consulting.de\/#website"},"primaryImageOfPage":{"@id":"https:\/\/www.alpha-gefahrgut-consulting.de\/index.php\/gefahrgut-schiene-rid\/#primaryimage"},"image":{"@id":"https:\/\/www.alpha-gefahrgut-consulting.de\/index.php\/gefahrgut-schiene-rid\/#primaryimage"},"thumbnailUrl":"https:\/\/www.alpha-gefahrgut-consulting.de\/wp-content\/uploads\/2021\/02\/Kesselwagen-Bf-Mengede.jpg","datePublished":"2021-02-18T17:21:06+00:00","dateModified":"2025-05-30T08:58:18+00:00","description":"Gefahrgut wird per Eisenbahn bef\u00f6rdert. Grundwissen und Hintergrund-Informationen f\u00fcr Beteiligte und Interessierte. Lesen Sie sich ein!","breadcrumb":{"@id":"https:\/\/www.alpha-gefahrgut-consulting.de\/index.php\/gefahrgut-schiene-rid\/#breadcrumb"},"inLanguage":"de","potentialAction":[{"@type":"ReadAction","target":["https:\/\/www.alpha-gefahrgut-consulting.de\/index.php\/gefahrgut-schiene-rid\/"]}]},{"@type":"ImageObject","inLanguage":"de","@id":"https:\/\/www.alpha-gefahrgut-consulting.de\/index.php\/gefahrgut-schiene-rid\/#primaryimage","url":"https:\/\/www.alpha-gefahrgut-consulting.de\/wp-content\/uploads\/2021\/02\/Kesselwagen-Bf-Mengede.jpg","contentUrl":"https:\/\/www.alpha-gefahrgut-consulting.de\/wp-content\/uploads\/2021\/02\/Kesselwagen-Bf-Mengede.jpg","width":745,"height":340},{"@type":"BreadcrumbList","@id":"https:\/\/www.alpha-gefahrgut-consulting.de\/index.php\/gefahrgut-schiene-rid\/#breadcrumb","itemListElement":[{"@type":"ListItem","position":1,"name":"Startseite","item":"https:\/\/www.alpha-gefahrgut-consulting.de\/"},{"@type":"ListItem","position":2,"name":"Gefahrgut-Schiene-RID"}]},{"@type":"WebSite","@id":"https:\/\/www.alpha-gefahrgut-consulting.de\/#website","url":"https:\/\/www.alpha-gefahrgut-consulting.de\/","name":"ALPHA GEFAHRGUT CONSULTING","description":"First Class Dangerous Goods Consulting, Management, Training.","publisher":{"@id":"https:\/\/www.alpha-gefahrgut-consulting.de\/#organization"},"potentialAction":[{"@type":"SearchAction","target":{"@type":"EntryPoint","urlTemplate":"https:\/\/www.alpha-gefahrgut-consulting.de\/?s={search_term_string}"},"query-input":{"@type":"PropertyValueSpecification","valueRequired":true,"valueName":"search_term_string"}}],"inLanguage":"de"},{"@type":"Organization","@id":"https:\/\/www.alpha-gefahrgut-consulting.de\/#organization","name":"ALPHA GEFAHRGUT CONSULTING","url":"https:\/\/www.alpha-gefahrgut-consulting.de\/","logo":{"@type":"ImageObject","inLanguage":"de","@id":"https:\/\/www.alpha-gefahrgut-consulting.de\/#\/schema\/logo\/image\/","url":"https:\/\/www.alpha-gefahrgut-consulting.de\/wp-content\/uploads\/2020\/04\/cropped-AGCLogoBlech-c.jpg","contentUrl":"https:\/\/www.alpha-gefahrgut-consulting.de\/wp-content\/uploads\/2020\/04\/cropped-AGCLogoBlech-c.jpg","width":250,"height":250,"caption":"ALPHA GEFAHRGUT CONSULTING"},"image":{"@id":"https:\/\/www.alpha-gefahrgut-consulting.de\/#\/schema\/logo\/image\/"},"sameAs":["https:\/\/x.com\/Alpha_Gefahrgut","https:\/\/www.youtube.com\/@AlphaDGConsulting","https:\/\/buymeacoffee.com\/AlphaDGConsulting","https:\/\/bsky.app\/profile\/alpha-gefahrgut.bsky.social","https:\/\/www.reddit.com\/user\/United_Ad5357\/","https:\/\/semasocial.com\/profile\/247322","https:\/\/truthsocial.com\/@AlphaDangerousGoodsConsulting","https:\/\/www.linkedin.com\/in\/michael-miska-mm\/","https:\/\/www.xing.com\/profile\/Michael_Miska088516\/web_profiles","https:\/\/rumble.com\/user\/AlphaDangerousGoodsConsulting","https:\/\/de.pinterest.com\/AlphaGefahrgutConsulting\/"]}]}},"_links":{"self":[{"href":"https:\/\/www.alpha-gefahrgut-consulting.de\/index.php\/wp-json\/wp\/v2\/pages\/589","targetHints":{"allow":["GET"]}}],"collection":[{"href":"https:\/\/www.alpha-gefahrgut-consulting.de\/index.php\/wp-json\/wp\/v2\/pages"}],"about":[{"href":"https:\/\/www.alpha-gefahrgut-consulting.de\/index.php\/wp-json\/wp\/v2\/types\/page"}],"author":[{"embeddable":true,"href":"https:\/\/www.alpha-gefahrgut-consulting.de\/index.php\/wp-json\/wp\/v2\/users\/1"}],"replies":[{"embeddable":true,"href":"https:\/\/www.alpha-gefahrgut-consulting.de\/index.php\/wp-json\/wp\/v2\/comments?post=589"}],"version-history":[{"count":16,"href":"https:\/\/www.alpha-gefahrgut-consulting.de\/index.php\/wp-json\/wp\/v2\/pages\/589\/revisions"}],"predecessor-version":[{"id":11607,"href":"https:\/\/www.alpha-gefahrgut-consulting.de\/index.php\/wp-json\/wp\/v2\/pages\/589\/revisions\/11607"}],"wp:attachment":[{"href":"https:\/\/www.alpha-gefahrgut-consulting.de\/index.php\/wp-json\/wp\/v2\/media?parent=589"}],"curies":[{"name":"wp","href":"https:\/\/api.w.org\/{rel}","templated":true}]}}