{"id":585,"date":"2021-02-18T18:09:54","date_gmt":"2021-02-18T17:09:54","guid":{"rendered":"https:\/\/www.alpha-gefahrgut-consulting.de\/?page_id=585"},"modified":"2025-05-30T11:09:45","modified_gmt":"2025-05-30T09:09:45","slug":"gefahrgut-binnenschiffahrt-adn","status":"publish","type":"page","link":"https:\/\/www.alpha-gefahrgut-consulting.de\/index.php\/gefahrgut-binnenschiffahrt-adn\/","title":{"rendered":"Gefahrgut-Binnenschiffahrt-ADN"},"content":{"rendered":"<p><span style=\"font-family: Arial, sans-serif;\">Gefahrgut wird per <b>Binnenschiff<\/b> auf Fl\u00fcssen, Kan\u00e4len und Seen transportiert. Dabei k\u00f6nnen gef\u00e4hrliche G\u00fcter sowohl als Bulkladung in der Tankschiffahrt, als auch als St\u00fcckgut in der Trockenfahrt bef\u00f6rdert werden. Daneben werden auch gro\u00dfe Mengen von containerisierter Fracht auf den Binnenwasserstra\u00dfen, insbesondere dem Rhein, bef\u00f6rdert.<br \/>\n<\/span><\/p>\n<p><i><b><img loading=\"lazy\" decoding=\"async\" class=\"alignnone size-full wp-image-701\" src=\"https:\/\/www.alpha-gefahrgut-consulting.de\/wp-content\/uploads\/2021\/02\/AGC-BiSchi-DEK.jpg\" alt=\"AGC, BiSchi, DEK\" width=\"745\" height=\"313\" srcset=\"https:\/\/www.alpha-gefahrgut-consulting.de\/wp-content\/uploads\/2021\/02\/AGC-BiSchi-DEK.jpg 745w, https:\/\/www.alpha-gefahrgut-consulting.de\/wp-content\/uploads\/2021\/02\/AGC-BiSchi-DEK-300x126.jpg 300w\" sizes=\"auto, (max-width: 706px) 89vw, (max-width: 767px) 82vw, 740px\" \/><\/b><\/i><\/p>\n<p><span style=\"font-family: Arial, sans-serif;\">Auf deutschen Binnenwasserstra\u00dfen gilt dabei unter anderem das Gefahrgutbef\u00f6rderungsgesetz der Bundesrepublik Deutschland und die Gefahrgutverordnung GGVSEB, welche neben anderen Landverkehrstr\u00e4gern auch f\u00fcr die Binnenschiffahrt gilt.<\/span><\/p>\n<p>In der Binnenschiffahrt wird Gefahrgut nach den Regeln des aktuellen ADN, (fr\u00fcher ADNR) (Accord europeen relatif au transport international de marchandises dangerouses par voie de navigation interieure (Rhin)), transportiert.<\/p>\n<p style=\"text-align: center;\"><span style=\"font-family: Arial, sans-serif;\">\u00a0<\/span><\/p>\n<p><i><b><img loading=\"lazy\" decoding=\"async\" class=\"size-full wp-image-705 aligncenter\" src=\"https:\/\/www.alpha-gefahrgut-consulting.de\/wp-content\/uploads\/2021\/02\/Gefahrgut-BiSchi-Anker-AGC.jpg\" alt=\"Gefahrgut BiSchi Anker AGC\" width=\"745\" height=\"370\" srcset=\"https:\/\/www.alpha-gefahrgut-consulting.de\/wp-content\/uploads\/2021\/02\/Gefahrgut-BiSchi-Anker-AGC.jpg 745w, https:\/\/www.alpha-gefahrgut-consulting.de\/wp-content\/uploads\/2021\/02\/Gefahrgut-BiSchi-Anker-AGC-300x149.jpg 300w\" sizes=\"auto, (max-width: 706px) 89vw, (max-width: 767px) 82vw, 740px\" \/><\/b><\/i><\/p>\n<p><span style=\"font-family: Arial, sans-serif;\">Daneben gelten die einzelnen Verkehrsvorschriften wie die Binnenschifffahrts- Stra\u00dfenordnung (BinSchStrO), die Rheinschiffahrtspolizeiverodnung (RheinSchPVO), die Moselschifffahrtspolizeiverordnung (MoselSchPVO) und die Donauschiffahrtspolizeiverordnung (DonauSchPVO).<\/span><\/p>\n<p>Und schlie\u00dflich kennen wir auch in der Binnenschiffahrt Hafenverordnungen, die z.B. von den einzelnen deutschen Bundesl\u00e4ndern, den St\u00e4dten oder Gemeinden aufgestellt werden. Auch diese sind zu beachten.<\/p>\n<p>Ein Binnenschiff mit gef\u00e4hrlicher Ladung &#8211; dazu geh\u00f6ren auch leere, nicht entgaste Tankschiffe &#8211; f\u00fchrt zur Kennzeichnung ein, zwei oder drei blaue Kegel mit der Spitze nach unten. Nachts ist es an einem, zwei oder drei blauen Rundumlichtern zu erkennen.<\/p>\n<p><img loading=\"lazy\" decoding=\"async\" class=\"alignnone size-full wp-image-700\" src=\"https:\/\/www.alpha-gefahrgut-consulting.de\/wp-content\/uploads\/2021\/02\/AGC-BiSchi-See-Cont.jpg\" alt=\"AGC, BiSchi, See-Cont\" width=\"748\" height=\"295\" srcset=\"https:\/\/www.alpha-gefahrgut-consulting.de\/wp-content\/uploads\/2021\/02\/AGC-BiSchi-See-Cont.jpg 748w, https:\/\/www.alpha-gefahrgut-consulting.de\/wp-content\/uploads\/2021\/02\/AGC-BiSchi-See-Cont-300x118.jpg 300w\" sizes=\"auto, (max-width: 706px) 89vw, (max-width: 767px) 82vw, 740px\" \/><\/p>\n<p>Binnenschiffe k\u00f6nnen auch in Seeschiffahrtsstra\u00dfen einfahren (z.B. auf den gro\u00dfen deutschen und niederl\u00e4ndischen Str\u00f6men Elbe, Weser und Rhein) oder sich mit betrieblichen Einschr\u00e4nkungen in der K\u00fcstenfahrt bewegen.<\/p>\n<p>F\u00fcr die Bef\u00f6rderung gef\u00e4hrlicher G\u00fcter auf Binnenf\u00e4hren (zum \u00dcbersetzen von mit gef\u00e4hrlichen G\u00fctern beladenen Stra\u00dfenfahrzeugen \u00fcber Fl\u00fcsse) gelten erg\u00e4nzend zus\u00e4tzliche Vorschriften.<\/p>\n<p><strong>Schulungen<\/strong> <strong>und<\/strong> <strong>Unterweisungen<\/strong><br \/>\n\u00dcber den unten genannten Link kommen Sie zu unserem Schulungsangebot betreffend die Bef\u00f6rderung gef\u00e4hrlicher G\u00fcter in der Binnenschiffahrt.<\/p>\n<p><a href=\"https:\/\/www.alpha-gefahrgut-consulting.de\/index.php\/gefahrgutschulung\/\"><strong><span style=\"color: #000080;\">Gefahrgutschulungen GGVSEB\/ADN<\/span><\/strong><\/a><\/p>\n<p><img loading=\"lazy\" decoding=\"async\" class=\"alignnone size-full wp-image-743\" src=\"https:\/\/www.alpha-gefahrgut-consulting.de\/wp-content\/uploads\/2021\/02\/Gefahrgut-Binnenschiffahrt.jpg\" alt=\"Gefahrgut Binnenschiffahrt\" width=\"748\" height=\"236\" srcset=\"https:\/\/www.alpha-gefahrgut-consulting.de\/wp-content\/uploads\/2021\/02\/Gefahrgut-Binnenschiffahrt.jpg 748w, https:\/\/www.alpha-gefahrgut-consulting.de\/wp-content\/uploads\/2021\/02\/Gefahrgut-Binnenschiffahrt-300x95.jpg 300w\" sizes=\"auto, (max-width: 706px) 89vw, (max-width: 767px) 82vw, 740px\" \/><\/p>\n<hr \/>\n<p><img loading=\"lazy\" decoding=\"async\" class=\"alignnone size-full wp-image-2108\" src=\"https:\/\/www.alpha-gefahrgut-consulting.de\/wp-content\/uploads\/2023\/02\/AGC-BiSchi-Pioniere-FSB.jpg\" alt=\"\" width=\"748\" height=\"328\" srcset=\"https:\/\/www.alpha-gefahrgut-consulting.de\/wp-content\/uploads\/2023\/02\/AGC-BiSchi-Pioniere-FSB.jpg 748w, https:\/\/www.alpha-gefahrgut-consulting.de\/wp-content\/uploads\/2023\/02\/AGC-BiSchi-Pioniere-FSB-300x132.jpg 300w\" sizes=\"auto, (max-width: 706px) 89vw, (max-width: 767px) 82vw, 740px\" \/><\/p>\n<hr \/>\n<p>Alle Fotos: (c) Copyright Alpha Gefahrgut Consulting, Michael Miska<\/p>\n","protected":false},"excerpt":{"rendered":"<p>Gefahrgut wird per Binnenschiff auf Fl\u00fcssen, Kan\u00e4len und Seen transportiert. Dabei k\u00f6nnen gef\u00e4hrliche G\u00fcter sowohl als Bulkladung in der Tankschiffahrt, als auch als St\u00fcckgut in der Trockenfahrt bef\u00f6rdert werden. Daneben werden auch gro\u00dfe Mengen von containerisierter Fracht auf den Binnenwasserstra\u00dfen, insbesondere dem Rhein, bef\u00f6rdert. Auf deutschen Binnenwasserstra\u00dfen gilt dabei unter anderem das Gefahrgutbef\u00f6rderungsgesetz der Bundesrepublik &hellip; <\/p>\n<p class=\"link-more\"><a href=\"https:\/\/www.alpha-gefahrgut-consulting.de\/index.php\/gefahrgut-binnenschiffahrt-adn\/\" class=\"more-link\"><span class=\"screen-reader-text\">\u201eGefahrgut-Binnenschiffahrt-ADN\u201c<\/span> weiterlesen<\/a><\/p>\n","protected":false},"author":1,"featured_media":0,"parent":0,"menu_order":0,"comment_status":"closed","ping_status":"closed","template":"","meta":{"episode_type":"","audio_file":"","podmotor_file_id":"","podmotor_episode_id":"","cover_image":"","cover_image_id":"","duration":"","filesize":"","filesize_raw":"","date_recorded":"","explicit":"","block":"","footnotes":""},"class_list":["post-585","page","type-page","status-publish","hentry"],"yoast_head":"<!-- This site is optimized with the Yoast SEO plugin v27.5 - https:\/\/yoast.com\/product\/yoast-seo-wordpress\/ -->\n<title>Gefahrgut per Binnenschiff<\/title>\n<meta name=\"description\" content=\"Gefahrgut per Binnenschiff: Grundwissen und Hintergrund-Informationen f\u00fcr Beteiligte und Interessierte. Lesen Sie sich ein!\" \/>\n<meta name=\"robots\" content=\"index, follow, max-snippet:-1, max-image-preview:large, max-video-preview:-1\" \/>\n<link rel=\"canonical\" href=\"https:\/\/www.alpha-gefahrgut-consulting.de\/index.php\/gefahrgut-binnenschiffahrt-adn\/\" \/>\n<meta property=\"og:locale\" content=\"de_DE\" \/>\n<meta property=\"og:type\" content=\"article\" \/>\n<meta property=\"og:title\" content=\"Gefahrgut per Binnenschiff\" \/>\n<meta property=\"og:description\" content=\"Gefahrgut per Binnenschiff: Grundwissen und Hintergrund-Informationen f\u00fcr Beteiligte und Interessierte. Lesen Sie sich ein!\" \/>\n<meta property=\"og:url\" content=\"https:\/\/www.alpha-gefahrgut-consulting.de\/index.php\/gefahrgut-binnenschiffahrt-adn\/\" \/>\n<meta property=\"og:site_name\" content=\"ALPHA GEFAHRGUT CONSULTING\" \/>\n<meta property=\"article:modified_time\" content=\"2025-05-30T09:09:45+00:00\" \/>\n<meta property=\"og:image\" content=\"https:\/\/www.alpha-gefahrgut-consulting.de\/wp-content\/uploads\/2021\/02\/AGC-BiSchi-DEK.jpg\" \/>\n\t<meta property=\"og:image:width\" content=\"745\" \/>\n\t<meta property=\"og:image:height\" content=\"313\" \/>\n\t<meta property=\"og:image:type\" content=\"image\/jpeg\" \/>\n<meta name=\"twitter:card\" content=\"summary_large_image\" \/>\n<meta name=\"twitter:site\" content=\"@Alpha_Gefahrgut\" \/>\n<meta name=\"twitter:label1\" content=\"Gesch\u00e4tzte Lesezeit\" \/>\n\t<meta name=\"twitter:data1\" content=\"3\u00a0Minuten\" \/>\n<script type=\"application\/ld+json\" class=\"yoast-schema-graph\">{\"@context\":\"https:\\\/\\\/schema.org\",\"@graph\":[{\"@type\":\"WebPage\",\"@id\":\"https:\\\/\\\/www.alpha-gefahrgut-consulting.de\\\/index.php\\\/gefahrgut-binnenschiffahrt-adn\\\/\",\"url\":\"https:\\\/\\\/www.alpha-gefahrgut-consulting.de\\\/index.php\\\/gefahrgut-binnenschiffahrt-adn\\\/\",\"name\":\"Gefahrgut per Binnenschiff\",\"isPartOf\":{\"@id\":\"https:\\\/\\\/www.alpha-gefahrgut-consulting.de\\\/#website\"},\"primaryImageOfPage\":{\"@id\":\"https:\\\/\\\/www.alpha-gefahrgut-consulting.de\\\/index.php\\\/gefahrgut-binnenschiffahrt-adn\\\/#primaryimage\"},\"image\":{\"@id\":\"https:\\\/\\\/www.alpha-gefahrgut-consulting.de\\\/index.php\\\/gefahrgut-binnenschiffahrt-adn\\\/#primaryimage\"},\"thumbnailUrl\":\"https:\\\/\\\/www.alpha-gefahrgut-consulting.de\\\/wp-content\\\/uploads\\\/2021\\\/02\\\/AGC-BiSchi-DEK.jpg\",\"datePublished\":\"2021-02-18T17:09:54+00:00\",\"dateModified\":\"2025-05-30T09:09:45+00:00\",\"description\":\"Gefahrgut per Binnenschiff: Grundwissen und Hintergrund-Informationen f\u00fcr Beteiligte und Interessierte. Lesen Sie sich ein!\",\"breadcrumb\":{\"@id\":\"https:\\\/\\\/www.alpha-gefahrgut-consulting.de\\\/index.php\\\/gefahrgut-binnenschiffahrt-adn\\\/#breadcrumb\"},\"inLanguage\":\"de\",\"potentialAction\":[{\"@type\":\"ReadAction\",\"target\":[\"https:\\\/\\\/www.alpha-gefahrgut-consulting.de\\\/index.php\\\/gefahrgut-binnenschiffahrt-adn\\\/\"]}]},{\"@type\":\"ImageObject\",\"inLanguage\":\"de\",\"@id\":\"https:\\\/\\\/www.alpha-gefahrgut-consulting.de\\\/index.php\\\/gefahrgut-binnenschiffahrt-adn\\\/#primaryimage\",\"url\":\"https:\\\/\\\/www.alpha-gefahrgut-consulting.de\\\/wp-content\\\/uploads\\\/2021\\\/02\\\/AGC-BiSchi-DEK.jpg\",\"contentUrl\":\"https:\\\/\\\/www.alpha-gefahrgut-consulting.de\\\/wp-content\\\/uploads\\\/2021\\\/02\\\/AGC-BiSchi-DEK.jpg\",\"width\":745,\"height\":313},{\"@type\":\"BreadcrumbList\",\"@id\":\"https:\\\/\\\/www.alpha-gefahrgut-consulting.de\\\/index.php\\\/gefahrgut-binnenschiffahrt-adn\\\/#breadcrumb\",\"itemListElement\":[{\"@type\":\"ListItem\",\"position\":1,\"name\":\"Startseite\",\"item\":\"https:\\\/\\\/www.alpha-gefahrgut-consulting.de\\\/\"},{\"@type\":\"ListItem\",\"position\":2,\"name\":\"Gefahrgut-Binnenschiffahrt-ADN\"}]},{\"@type\":\"WebSite\",\"@id\":\"https:\\\/\\\/www.alpha-gefahrgut-consulting.de\\\/#website\",\"url\":\"https:\\\/\\\/www.alpha-gefahrgut-consulting.de\\\/\",\"name\":\"ALPHA GEFAHRGUT CONSULTING\",\"description\":\"First Class Dangerous Goods Consulting, Management, Training.\",\"publisher\":{\"@id\":\"https:\\\/\\\/www.alpha-gefahrgut-consulting.de\\\/#organization\"},\"potentialAction\":[{\"@type\":\"SearchAction\",\"target\":{\"@type\":\"EntryPoint\",\"urlTemplate\":\"https:\\\/\\\/www.alpha-gefahrgut-consulting.de\\\/?s={search_term_string}\"},\"query-input\":{\"@type\":\"PropertyValueSpecification\",\"valueRequired\":true,\"valueName\":\"search_term_string\"}}],\"inLanguage\":\"de\"},{\"@type\":\"Organization\",\"@id\":\"https:\\\/\\\/www.alpha-gefahrgut-consulting.de\\\/#organization\",\"name\":\"ALPHA GEFAHRGUT CONSULTING\",\"url\":\"https:\\\/\\\/www.alpha-gefahrgut-consulting.de\\\/\",\"logo\":{\"@type\":\"ImageObject\",\"inLanguage\":\"de\",\"@id\":\"https:\\\/\\\/www.alpha-gefahrgut-consulting.de\\\/#\\\/schema\\\/logo\\\/image\\\/\",\"url\":\"https:\\\/\\\/www.alpha-gefahrgut-consulting.de\\\/wp-content\\\/uploads\\\/2020\\\/04\\\/cropped-AGCLogoBlech-c.jpg\",\"contentUrl\":\"https:\\\/\\\/www.alpha-gefahrgut-consulting.de\\\/wp-content\\\/uploads\\\/2020\\\/04\\\/cropped-AGCLogoBlech-c.jpg\",\"width\":250,\"height\":250,\"caption\":\"ALPHA GEFAHRGUT CONSULTING\"},\"image\":{\"@id\":\"https:\\\/\\\/www.alpha-gefahrgut-consulting.de\\\/#\\\/schema\\\/logo\\\/image\\\/\"},\"sameAs\":[\"https:\\\/\\\/x.com\\\/Alpha_Gefahrgut\",\"https:\\\/\\\/www.youtube.com\\\/@AlphaDGConsulting\",\"https:\\\/\\\/buymeacoffee.com\\\/AlphaDGConsulting\",\"https:\\\/\\\/bsky.app\\\/profile\\\/alpha-gefahrgut.bsky.social\",\"https:\\\/\\\/www.reddit.com\\\/user\\\/United_Ad5357\\\/\",\"https:\\\/\\\/semasocial.com\\\/profile\\\/247322\",\"https:\\\/\\\/truthsocial.com\\\/@AlphaDangerousGoodsConsulting\",\"https:\\\/\\\/www.linkedin.com\\\/in\\\/michael-miska-mm\\\/\",\"https:\\\/\\\/www.xing.com\\\/profile\\\/Michael_Miska088516\\\/web_profiles\",\"https:\\\/\\\/rumble.com\\\/user\\\/AlphaDangerousGoodsConsulting\",\"https:\\\/\\\/de.pinterest.com\\\/AlphaGefahrgutConsulting\\\/\"]}]}<\/script>\n<!-- \/ Yoast SEO plugin. -->","yoast_head_json":{"title":"Gefahrgut per Binnenschiff","description":"Gefahrgut per Binnenschiff: Grundwissen und Hintergrund-Informationen f\u00fcr Beteiligte und Interessierte. Lesen Sie sich ein!","robots":{"index":"index","follow":"follow","max-snippet":"max-snippet:-1","max-image-preview":"max-image-preview:large","max-video-preview":"max-video-preview:-1"},"canonical":"https:\/\/www.alpha-gefahrgut-consulting.de\/index.php\/gefahrgut-binnenschiffahrt-adn\/","og_locale":"de_DE","og_type":"article","og_title":"Gefahrgut per Binnenschiff","og_description":"Gefahrgut per Binnenschiff: Grundwissen und Hintergrund-Informationen f\u00fcr Beteiligte und Interessierte. Lesen Sie sich ein!","og_url":"https:\/\/www.alpha-gefahrgut-consulting.de\/index.php\/gefahrgut-binnenschiffahrt-adn\/","og_site_name":"ALPHA GEFAHRGUT CONSULTING","article_modified_time":"2025-05-30T09:09:45+00:00","og_image":[{"width":745,"height":313,"url":"https:\/\/www.alpha-gefahrgut-consulting.de\/wp-content\/uploads\/2021\/02\/AGC-BiSchi-DEK.jpg","type":"image\/jpeg"}],"twitter_card":"summary_large_image","twitter_site":"@Alpha_Gefahrgut","twitter_misc":{"Gesch\u00e4tzte Lesezeit":"3\u00a0Minuten"},"schema":{"@context":"https:\/\/schema.org","@graph":[{"@type":"WebPage","@id":"https:\/\/www.alpha-gefahrgut-consulting.de\/index.php\/gefahrgut-binnenschiffahrt-adn\/","url":"https:\/\/www.alpha-gefahrgut-consulting.de\/index.php\/gefahrgut-binnenschiffahrt-adn\/","name":"Gefahrgut per Binnenschiff","isPartOf":{"@id":"https:\/\/www.alpha-gefahrgut-consulting.de\/#website"},"primaryImageOfPage":{"@id":"https:\/\/www.alpha-gefahrgut-consulting.de\/index.php\/gefahrgut-binnenschiffahrt-adn\/#primaryimage"},"image":{"@id":"https:\/\/www.alpha-gefahrgut-consulting.de\/index.php\/gefahrgut-binnenschiffahrt-adn\/#primaryimage"},"thumbnailUrl":"https:\/\/www.alpha-gefahrgut-consulting.de\/wp-content\/uploads\/2021\/02\/AGC-BiSchi-DEK.jpg","datePublished":"2021-02-18T17:09:54+00:00","dateModified":"2025-05-30T09:09:45+00:00","description":"Gefahrgut per Binnenschiff: Grundwissen und Hintergrund-Informationen f\u00fcr Beteiligte und Interessierte. Lesen Sie sich ein!","breadcrumb":{"@id":"https:\/\/www.alpha-gefahrgut-consulting.de\/index.php\/gefahrgut-binnenschiffahrt-adn\/#breadcrumb"},"inLanguage":"de","potentialAction":[{"@type":"ReadAction","target":["https:\/\/www.alpha-gefahrgut-consulting.de\/index.php\/gefahrgut-binnenschiffahrt-adn\/"]}]},{"@type":"ImageObject","inLanguage":"de","@id":"https:\/\/www.alpha-gefahrgut-consulting.de\/index.php\/gefahrgut-binnenschiffahrt-adn\/#primaryimage","url":"https:\/\/www.alpha-gefahrgut-consulting.de\/wp-content\/uploads\/2021\/02\/AGC-BiSchi-DEK.jpg","contentUrl":"https:\/\/www.alpha-gefahrgut-consulting.de\/wp-content\/uploads\/2021\/02\/AGC-BiSchi-DEK.jpg","width":745,"height":313},{"@type":"BreadcrumbList","@id":"https:\/\/www.alpha-gefahrgut-consulting.de\/index.php\/gefahrgut-binnenschiffahrt-adn\/#breadcrumb","itemListElement":[{"@type":"ListItem","position":1,"name":"Startseite","item":"https:\/\/www.alpha-gefahrgut-consulting.de\/"},{"@type":"ListItem","position":2,"name":"Gefahrgut-Binnenschiffahrt-ADN"}]},{"@type":"WebSite","@id":"https:\/\/www.alpha-gefahrgut-consulting.de\/#website","url":"https:\/\/www.alpha-gefahrgut-consulting.de\/","name":"ALPHA GEFAHRGUT CONSULTING","description":"First Class Dangerous Goods Consulting, Management, Training.","publisher":{"@id":"https:\/\/www.alpha-gefahrgut-consulting.de\/#organization"},"potentialAction":[{"@type":"SearchAction","target":{"@type":"EntryPoint","urlTemplate":"https:\/\/www.alpha-gefahrgut-consulting.de\/?s={search_term_string}"},"query-input":{"@type":"PropertyValueSpecification","valueRequired":true,"valueName":"search_term_string"}}],"inLanguage":"de"},{"@type":"Organization","@id":"https:\/\/www.alpha-gefahrgut-consulting.de\/#organization","name":"ALPHA GEFAHRGUT CONSULTING","url":"https:\/\/www.alpha-gefahrgut-consulting.de\/","logo":{"@type":"ImageObject","inLanguage":"de","@id":"https:\/\/www.alpha-gefahrgut-consulting.de\/#\/schema\/logo\/image\/","url":"https:\/\/www.alpha-gefahrgut-consulting.de\/wp-content\/uploads\/2020\/04\/cropped-AGCLogoBlech-c.jpg","contentUrl":"https:\/\/www.alpha-gefahrgut-consulting.de\/wp-content\/uploads\/2020\/04\/cropped-AGCLogoBlech-c.jpg","width":250,"height":250,"caption":"ALPHA GEFAHRGUT CONSULTING"},"image":{"@id":"https:\/\/www.alpha-gefahrgut-consulting.de\/#\/schema\/logo\/image\/"},"sameAs":["https:\/\/x.com\/Alpha_Gefahrgut","https:\/\/www.youtube.com\/@AlphaDGConsulting","https:\/\/buymeacoffee.com\/AlphaDGConsulting","https:\/\/bsky.app\/profile\/alpha-gefahrgut.bsky.social","https:\/\/www.reddit.com\/user\/United_Ad5357\/","https:\/\/semasocial.com\/profile\/247322","https:\/\/truthsocial.com\/@AlphaDangerousGoodsConsulting","https:\/\/www.linkedin.com\/in\/michael-miska-mm\/","https:\/\/www.xing.com\/profile\/Michael_Miska088516\/web_profiles","https:\/\/rumble.com\/user\/AlphaDangerousGoodsConsulting","https:\/\/de.pinterest.com\/AlphaGefahrgutConsulting\/"]}]}},"_links":{"self":[{"href":"https:\/\/www.alpha-gefahrgut-consulting.de\/index.php\/wp-json\/wp\/v2\/pages\/585","targetHints":{"allow":["GET"]}}],"collection":[{"href":"https:\/\/www.alpha-gefahrgut-consulting.de\/index.php\/wp-json\/wp\/v2\/pages"}],"about":[{"href":"https:\/\/www.alpha-gefahrgut-consulting.de\/index.php\/wp-json\/wp\/v2\/types\/page"}],"author":[{"embeddable":true,"href":"https:\/\/www.alpha-gefahrgut-consulting.de\/index.php\/wp-json\/wp\/v2\/users\/1"}],"replies":[{"embeddable":true,"href":"https:\/\/www.alpha-gefahrgut-consulting.de\/index.php\/wp-json\/wp\/v2\/comments?post=585"}],"version-history":[{"count":14,"href":"https:\/\/www.alpha-gefahrgut-consulting.de\/index.php\/wp-json\/wp\/v2\/pages\/585\/revisions"}],"predecessor-version":[{"id":9052,"href":"https:\/\/www.alpha-gefahrgut-consulting.de\/index.php\/wp-json\/wp\/v2\/pages\/585\/revisions\/9052"}],"wp:attachment":[{"href":"https:\/\/www.alpha-gefahrgut-consulting.de\/index.php\/wp-json\/wp\/v2\/media?parent=585"}],"curies":[{"name":"wp","href":"https:\/\/api.w.org\/{rel}","templated":true}]}}