{"id":584,"date":"2021-02-18T18:32:29","date_gmt":"2021-02-18T17:32:29","guid":{"rendered":"https:\/\/www.alpha-gefahrgut-consulting.de\/?page_id=584"},"modified":"2025-05-30T11:16:56","modified_gmt":"2025-05-30T09:16:56","slug":"gefahrgut-strasse-adr","status":"publish","type":"page","link":"https:\/\/www.alpha-gefahrgut-consulting.de\/index.php\/gefahrgut-strasse-adr\/","title":{"rendered":"Gefahrgut-Strasse-ADR"},"content":{"rendered":"<p><span style=\"font-family: Verdana, sans-serif;\"><span style=\"font-family: Arial, sans-serif;\"><strong>Gefahrgut auf der Stra\u00dfe<\/strong><br \/>\nIm Stra\u00dfenverkehr kann Gefahrgut als St\u00fcckgut oder geschlossene Ladung mit offenen, bedeckten oder gedeckten Fahrzeugen, als Sch\u00fcttgut oder fl\u00fcssiges Gut auch in Tanks und Tankfahrzeugen oder ggf auch mit anderen besonderen Fahrzeugen bef\u00f6rdert werden.<\/span><\/span><\/p>\n<p><img loading=\"lazy\" decoding=\"async\" class=\"alignnone size-full wp-image-740\" src=\"https:\/\/www.alpha-gefahrgut-consulting.de\/wp-content\/uploads\/2021\/02\/Gefahrgut-3-MAN-UN-1202.jpg\" alt=\"Gefahrgut 3 MAN, UN 1202\" width=\"748\" height=\"257\" srcset=\"https:\/\/www.alpha-gefahrgut-consulting.de\/wp-content\/uploads\/2021\/02\/Gefahrgut-3-MAN-UN-1202.jpg 748w, https:\/\/www.alpha-gefahrgut-consulting.de\/wp-content\/uploads\/2021\/02\/Gefahrgut-3-MAN-UN-1202-300x103.jpg 300w\" sizes=\"auto, (max-width: 706px) 89vw, (max-width: 767px) 82vw, 740px\" \/><\/p>\n<p><strong>Recht und Ordnung<\/strong><br \/>\nBei der Bef\u00f6rderung von Gefahrgut im Stra\u00dfenverkehr gelten neben dem Gefahrgutbef\u00f6rderungsgesetz (GGBefG) der Bundesrepublik Deutschland insbesondere die Gefahrgutverordnung GGVSEB sowie das Europ\u00e4ische \u00dcbereinkommen \u00fcber die internationale Bef\u00f6rderung gef\u00e4hrlicher G\u00fcter auf der Stra\u00dfe (ADR, Accord europeen relatif au transport international des marchandises dangereuses par route). Dar\u00fcber hinaus sind ggf weitere beh\u00f6rdliche Vorschriften und Bestimmungen zu beachten. Zivilrechtlich sind bei Bef\u00f6rderungen, die \u00fcber Speditionen (bzw \u00fcber Spediteure) besorgt werden, die ADSp von Relevanz.<\/p>\n<p><strong>Fahrzeugtypen<\/strong><br \/>\nBei der Bef\u00f6rderung von Gefahrg\u00fctern auf der Stra\u00dfe kommen die unterschiedlichsten Fahrzeuge zum Einsatz. Gefahrgut kann in Pkw, Kleinlastwagen und Lastkraftwagen bef\u00f6rdert werden. Abh\u00e4ngig vom bef\u00f6rderten Gefahrgut kommen offene Fahrzeuge (z.B. Mulden), bedeckte Fahrzeuge (z.B. sogenanntes Hamburger Verdeck bzw. Plane und Spriegel), gedeckte Fahrzeuge (z.B. sogenannte \u00bbKoffer-Fahrzeuge\u00ab) oder spezielle Tankfahrzeuge (z.B. f\u00fcr Fl\u00fcssigkeiten und Gase) zum Einsatz.<\/p>\n<p><strong>Container und Tanks<\/strong><br \/>\nDie Bef\u00f6rderung von gef\u00e4hrlichen G\u00fctern in Containern oder ortsbeweglichen Tanks ist ebenso m\u00f6glich, wie der wahlweise Einsatz von speziellen Gefahrgutfahrzeugen, wie z.B. den sogenannten Batteriefahrzeugen (MEGC, Multi Element Gas Container) f\u00fcr den Transport von gef\u00e4hrlichen Gasen.<\/p>\n<p><img loading=\"lazy\" decoding=\"async\" class=\"alignnone size-full wp-image-742\" src=\"https:\/\/www.alpha-gefahrgut-consulting.de\/wp-content\/uploads\/2021\/02\/Gefahrgut-UN-1202-Lkw-MAN.jpg\" alt=\"Gefahrgut UN 1202 Lkw MAN\" width=\"748\" height=\"389\" srcset=\"https:\/\/www.alpha-gefahrgut-consulting.de\/wp-content\/uploads\/2021\/02\/Gefahrgut-UN-1202-Lkw-MAN.jpg 748w, https:\/\/www.alpha-gefahrgut-consulting.de\/wp-content\/uploads\/2021\/02\/Gefahrgut-UN-1202-Lkw-MAN-300x156.jpg 300w\" sizes=\"auto, (max-width: 706px) 89vw, (max-width: 767px) 82vw, 740px\" \/><\/p>\n<p><strong>St\u00fcckgutverkehr<\/strong><br \/>\nDer Speditions- Sammelgutverkehr bzw St\u00fcckgut- Systemverkehr auf der Stra\u00dfe ist insbesondere dadurch gekennzeichnet, dass die bef\u00f6rderten G\u00fcter ein- oder mehrmals in besonderen Umschlaghallen umgeladen werden. F\u00fcr die Bef\u00f6rderung einer G\u00fctersendung kommen also mehrere Fahrzeuge nacheinander zum Einsatz, nicht selten kooperieren bei der Bef\u00f6rderung auch mehrere Speditionsunternehmen miteinander. Insbesondere im Speditions- Sammelgutverkehr spielt die Einhaltung von Zusammenladeverboten f\u00fcr bestimmte gef\u00e4hrliche G\u00fcter eine wichtige Rolle.<\/p>\n<p>Unsere <a href=\"https:\/\/www.alpha-gefahrgut-consulting.de\/index.php\/gefahrgutschulung\/\"><b>Unterweisungen<\/b><\/a> nach GGVSEB \/ ADR sind modular aufgebaut und geben Ihnen die M\u00f6glichkeit, zielgerichtet und zeitsparend das vorgeschriebene Bef\u00f6rderungs-Know-how zu erwerben.<\/p>\n<p><img loading=\"lazy\" decoding=\"async\" class=\"size-full wp-image-699 aligncenter\" src=\"https:\/\/www.alpha-gefahrgut-consulting.de\/wp-content\/uploads\/2021\/02\/AGC-BAB-42-ADR-GGVSEB-Werbebild.jpg\" alt=\"AGC, BAB 42, ADR GGVSEB Werbebild\" width=\"525\" height=\"264\" srcset=\"https:\/\/www.alpha-gefahrgut-consulting.de\/wp-content\/uploads\/2021\/02\/AGC-BAB-42-ADR-GGVSEB-Werbebild.jpg 525w, https:\/\/www.alpha-gefahrgut-consulting.de\/wp-content\/uploads\/2021\/02\/AGC-BAB-42-ADR-GGVSEB-Werbebild-300x151.jpg 300w\" sizes=\"auto, (max-width: 525px) 100vw, 525px\" \/><\/p>\n<p><strong>Kombinierter Verkehr<\/strong><br \/>\nWerden mit gef\u00e4hrlichen G\u00fctern beladene Stra\u00dfenfahrzeuge per Eisenbahn bef\u00f6rdert, z.B. im Hauptlauf im Kombiverkehr oder auf der \u00bbrollenden Landstra\u00dfe\u00ab gelten zus\u00e4tzliche Bestimmungen des RID f\u00fcr die Bef\u00f6rderung gef\u00e4hrlicher G\u00fcter im Eisenbahnverkehr.<\/p>\n<p><strong>Kleingut<\/strong><br \/>\nSpezielle Informationen \u00fcber Bef\u00f6rderungen von Kleingut im KEP-Dienst<br \/>\n(Kurier, Paket, Express (inkl Paketpost)) finden Sie <a href=\"https:\/\/www.alpha-gefahrgut-consulting.de\/index.php\/gefahrgut-post\/\"><b>hier<\/b><\/a>.<\/p>\n<p><img loading=\"lazy\" decoding=\"async\" class=\"alignnone size-full wp-image-696\" src=\"https:\/\/www.alpha-gefahrgut-consulting.de\/wp-content\/uploads\/2021\/02\/AGC-MAN-UN-1361-Lkw-Front.jpg\" alt=\"AGC MAN UN 1361 Lkw Front\" width=\"749\" height=\"247\" srcset=\"https:\/\/www.alpha-gefahrgut-consulting.de\/wp-content\/uploads\/2021\/02\/AGC-MAN-UN-1361-Lkw-Front.jpg 749w, https:\/\/www.alpha-gefahrgut-consulting.de\/wp-content\/uploads\/2021\/02\/AGC-MAN-UN-1361-Lkw-Front-300x99.jpg 300w\" sizes=\"auto, (max-width: 706px) 89vw, (max-width: 767px) 82vw, 740px\" \/><\/p>\n","protected":false},"excerpt":{"rendered":"<p>Gefahrgut auf der Stra\u00dfe Im Stra\u00dfenverkehr kann Gefahrgut als St\u00fcckgut oder geschlossene Ladung mit offenen, bedeckten oder gedeckten Fahrzeugen, als Sch\u00fcttgut oder fl\u00fcssiges Gut auch in Tanks und Tankfahrzeugen oder ggf auch mit anderen besonderen Fahrzeugen bef\u00f6rdert werden. Recht und Ordnung Bei der Bef\u00f6rderung von Gefahrgut im Stra\u00dfenverkehr gelten neben dem Gefahrgutbef\u00f6rderungsgesetz (GGBefG) der Bundesrepublik &hellip; <\/p>\n<p class=\"link-more\"><a href=\"https:\/\/www.alpha-gefahrgut-consulting.de\/index.php\/gefahrgut-strasse-adr\/\" class=\"more-link\"><span class=\"screen-reader-text\">\u201eGefahrgut-Strasse-ADR\u201c<\/span> weiterlesen<\/a><\/p>\n","protected":false},"author":1,"featured_media":0,"parent":0,"menu_order":0,"comment_status":"closed","ping_status":"closed","template":"","meta":{"episode_type":"","audio_file":"","podmotor_file_id":"","podmotor_episode_id":"","cover_image":"","cover_image_id":"","duration":"","filesize":"","filesize_raw":"","date_recorded":"","explicit":"","block":"","footnotes":""},"class_list":["post-584","page","type-page","status-publish","hentry"],"yoast_head":"<!-- This site is optimized with the Yoast SEO plugin v27.5 - https:\/\/yoast.com\/product\/yoast-seo-wordpress\/ -->\n<title>Gefahrgut auf der Stra\u00dfe nach ADR<\/title>\n<meta name=\"description\" content=\"Gefahrgut wird auf der Stra\u00dfe nach ADR bef\u00f6rdert. Erfahren Sie hier mehr dar\u00fcber. Grundwissen f\u00fcr Beteiligte und Interessierte.\" \/>\n<meta name=\"robots\" content=\"index, follow, max-snippet:-1, max-image-preview:large, max-video-preview:-1\" \/>\n<link rel=\"canonical\" href=\"https:\/\/www.alpha-gefahrgut-consulting.de\/index.php\/gefahrgut-strasse-adr\/\" \/>\n<meta property=\"og:locale\" content=\"de_DE\" \/>\n<meta property=\"og:type\" content=\"article\" \/>\n<meta property=\"og:title\" content=\"Gefahrgut auf der Stra\u00dfe nach ADR\" \/>\n<meta property=\"og:description\" content=\"Gefahrgut wird auf der Stra\u00dfe nach ADR bef\u00f6rdert. Erfahren Sie hier mehr dar\u00fcber. Grundwissen f\u00fcr Beteiligte und Interessierte.\" \/>\n<meta property=\"og:url\" content=\"https:\/\/www.alpha-gefahrgut-consulting.de\/index.php\/gefahrgut-strasse-adr\/\" \/>\n<meta property=\"og:site_name\" content=\"ALPHA GEFAHRGUT CONSULTING\" \/>\n<meta property=\"article:modified_time\" content=\"2025-05-30T09:16:56+00:00\" \/>\n<meta property=\"og:image\" content=\"https:\/\/www.alpha-gefahrgut-consulting.de\/wp-content\/uploads\/2021\/02\/Gefahrgut-3-MAN-UN-1202.jpg\" \/>\n\t<meta property=\"og:image:width\" content=\"748\" \/>\n\t<meta property=\"og:image:height\" content=\"257\" \/>\n\t<meta property=\"og:image:type\" content=\"image\/jpeg\" \/>\n<meta name=\"twitter:card\" content=\"summary_large_image\" \/>\n<meta name=\"twitter:site\" content=\"@Alpha_Gefahrgut\" \/>\n<meta name=\"twitter:label1\" content=\"Gesch\u00e4tzte Lesezeit\" \/>\n\t<meta name=\"twitter:data1\" content=\"3\u00a0Minuten\" \/>\n<script type=\"application\/ld+json\" class=\"yoast-schema-graph\">{\"@context\":\"https:\\\/\\\/schema.org\",\"@graph\":[{\"@type\":\"WebPage\",\"@id\":\"https:\\\/\\\/www.alpha-gefahrgut-consulting.de\\\/index.php\\\/gefahrgut-strasse-adr\\\/\",\"url\":\"https:\\\/\\\/www.alpha-gefahrgut-consulting.de\\\/index.php\\\/gefahrgut-strasse-adr\\\/\",\"name\":\"Gefahrgut auf der Stra\u00dfe nach ADR\",\"isPartOf\":{\"@id\":\"https:\\\/\\\/www.alpha-gefahrgut-consulting.de\\\/#website\"},\"primaryImageOfPage\":{\"@id\":\"https:\\\/\\\/www.alpha-gefahrgut-consulting.de\\\/index.php\\\/gefahrgut-strasse-adr\\\/#primaryimage\"},\"image\":{\"@id\":\"https:\\\/\\\/www.alpha-gefahrgut-consulting.de\\\/index.php\\\/gefahrgut-strasse-adr\\\/#primaryimage\"},\"thumbnailUrl\":\"https:\\\/\\\/www.alpha-gefahrgut-consulting.de\\\/wp-content\\\/uploads\\\/2021\\\/02\\\/Gefahrgut-3-MAN-UN-1202.jpg\",\"datePublished\":\"2021-02-18T17:32:29+00:00\",\"dateModified\":\"2025-05-30T09:16:56+00:00\",\"description\":\"Gefahrgut wird auf der Stra\u00dfe nach ADR bef\u00f6rdert. Erfahren Sie hier mehr dar\u00fcber. Grundwissen f\u00fcr Beteiligte und Interessierte.\",\"breadcrumb\":{\"@id\":\"https:\\\/\\\/www.alpha-gefahrgut-consulting.de\\\/index.php\\\/gefahrgut-strasse-adr\\\/#breadcrumb\"},\"inLanguage\":\"de\",\"potentialAction\":[{\"@type\":\"ReadAction\",\"target\":[\"https:\\\/\\\/www.alpha-gefahrgut-consulting.de\\\/index.php\\\/gefahrgut-strasse-adr\\\/\"]}]},{\"@type\":\"ImageObject\",\"inLanguage\":\"de\",\"@id\":\"https:\\\/\\\/www.alpha-gefahrgut-consulting.de\\\/index.php\\\/gefahrgut-strasse-adr\\\/#primaryimage\",\"url\":\"https:\\\/\\\/www.alpha-gefahrgut-consulting.de\\\/wp-content\\\/uploads\\\/2021\\\/02\\\/Gefahrgut-3-MAN-UN-1202.jpg\",\"contentUrl\":\"https:\\\/\\\/www.alpha-gefahrgut-consulting.de\\\/wp-content\\\/uploads\\\/2021\\\/02\\\/Gefahrgut-3-MAN-UN-1202.jpg\",\"width\":748,\"height\":257},{\"@type\":\"BreadcrumbList\",\"@id\":\"https:\\\/\\\/www.alpha-gefahrgut-consulting.de\\\/index.php\\\/gefahrgut-strasse-adr\\\/#breadcrumb\",\"itemListElement\":[{\"@type\":\"ListItem\",\"position\":1,\"name\":\"Startseite\",\"item\":\"https:\\\/\\\/www.alpha-gefahrgut-consulting.de\\\/\"},{\"@type\":\"ListItem\",\"position\":2,\"name\":\"Gefahrgut-Strasse-ADR\"}]},{\"@type\":\"WebSite\",\"@id\":\"https:\\\/\\\/www.alpha-gefahrgut-consulting.de\\\/#website\",\"url\":\"https:\\\/\\\/www.alpha-gefahrgut-consulting.de\\\/\",\"name\":\"ALPHA GEFAHRGUT CONSULTING\",\"description\":\"First Class Dangerous Goods Consulting, Management, Training.\",\"publisher\":{\"@id\":\"https:\\\/\\\/www.alpha-gefahrgut-consulting.de\\\/#organization\"},\"potentialAction\":[{\"@type\":\"SearchAction\",\"target\":{\"@type\":\"EntryPoint\",\"urlTemplate\":\"https:\\\/\\\/www.alpha-gefahrgut-consulting.de\\\/?s={search_term_string}\"},\"query-input\":{\"@type\":\"PropertyValueSpecification\",\"valueRequired\":true,\"valueName\":\"search_term_string\"}}],\"inLanguage\":\"de\"},{\"@type\":\"Organization\",\"@id\":\"https:\\\/\\\/www.alpha-gefahrgut-consulting.de\\\/#organization\",\"name\":\"ALPHA GEFAHRGUT CONSULTING\",\"url\":\"https:\\\/\\\/www.alpha-gefahrgut-consulting.de\\\/\",\"logo\":{\"@type\":\"ImageObject\",\"inLanguage\":\"de\",\"@id\":\"https:\\\/\\\/www.alpha-gefahrgut-consulting.de\\\/#\\\/schema\\\/logo\\\/image\\\/\",\"url\":\"https:\\\/\\\/www.alpha-gefahrgut-consulting.de\\\/wp-content\\\/uploads\\\/2020\\\/04\\\/cropped-AGCLogoBlech-c.jpg\",\"contentUrl\":\"https:\\\/\\\/www.alpha-gefahrgut-consulting.de\\\/wp-content\\\/uploads\\\/2020\\\/04\\\/cropped-AGCLogoBlech-c.jpg\",\"width\":250,\"height\":250,\"caption\":\"ALPHA GEFAHRGUT CONSULTING\"},\"image\":{\"@id\":\"https:\\\/\\\/www.alpha-gefahrgut-consulting.de\\\/#\\\/schema\\\/logo\\\/image\\\/\"},\"sameAs\":[\"https:\\\/\\\/x.com\\\/Alpha_Gefahrgut\",\"https:\\\/\\\/www.youtube.com\\\/@AlphaDGConsulting\",\"https:\\\/\\\/buymeacoffee.com\\\/AlphaDGConsulting\",\"https:\\\/\\\/bsky.app\\\/profile\\\/alpha-gefahrgut.bsky.social\",\"https:\\\/\\\/www.reddit.com\\\/user\\\/United_Ad5357\\\/\",\"https:\\\/\\\/semasocial.com\\\/profile\\\/247322\",\"https:\\\/\\\/truthsocial.com\\\/@AlphaDangerousGoodsConsulting\",\"https:\\\/\\\/www.linkedin.com\\\/in\\\/michael-miska-mm\\\/\",\"https:\\\/\\\/www.xing.com\\\/profile\\\/Michael_Miska088516\\\/web_profiles\",\"https:\\\/\\\/rumble.com\\\/user\\\/AlphaDangerousGoodsConsulting\",\"https:\\\/\\\/de.pinterest.com\\\/AlphaGefahrgutConsulting\\\/\"]}]}<\/script>\n<!-- \/ Yoast SEO plugin. -->","yoast_head_json":{"title":"Gefahrgut auf der Stra\u00dfe nach ADR","description":"Gefahrgut wird auf der Stra\u00dfe nach ADR bef\u00f6rdert. Erfahren Sie hier mehr dar\u00fcber. Grundwissen f\u00fcr Beteiligte und Interessierte.","robots":{"index":"index","follow":"follow","max-snippet":"max-snippet:-1","max-image-preview":"max-image-preview:large","max-video-preview":"max-video-preview:-1"},"canonical":"https:\/\/www.alpha-gefahrgut-consulting.de\/index.php\/gefahrgut-strasse-adr\/","og_locale":"de_DE","og_type":"article","og_title":"Gefahrgut auf der Stra\u00dfe nach ADR","og_description":"Gefahrgut wird auf der Stra\u00dfe nach ADR bef\u00f6rdert. Erfahren Sie hier mehr dar\u00fcber. Grundwissen f\u00fcr Beteiligte und Interessierte.","og_url":"https:\/\/www.alpha-gefahrgut-consulting.de\/index.php\/gefahrgut-strasse-adr\/","og_site_name":"ALPHA GEFAHRGUT CONSULTING","article_modified_time":"2025-05-30T09:16:56+00:00","og_image":[{"width":748,"height":257,"url":"https:\/\/www.alpha-gefahrgut-consulting.de\/wp-content\/uploads\/2021\/02\/Gefahrgut-3-MAN-UN-1202.jpg","type":"image\/jpeg"}],"twitter_card":"summary_large_image","twitter_site":"@Alpha_Gefahrgut","twitter_misc":{"Gesch\u00e4tzte Lesezeit":"3\u00a0Minuten"},"schema":{"@context":"https:\/\/schema.org","@graph":[{"@type":"WebPage","@id":"https:\/\/www.alpha-gefahrgut-consulting.de\/index.php\/gefahrgut-strasse-adr\/","url":"https:\/\/www.alpha-gefahrgut-consulting.de\/index.php\/gefahrgut-strasse-adr\/","name":"Gefahrgut auf der Stra\u00dfe nach ADR","isPartOf":{"@id":"https:\/\/www.alpha-gefahrgut-consulting.de\/#website"},"primaryImageOfPage":{"@id":"https:\/\/www.alpha-gefahrgut-consulting.de\/index.php\/gefahrgut-strasse-adr\/#primaryimage"},"image":{"@id":"https:\/\/www.alpha-gefahrgut-consulting.de\/index.php\/gefahrgut-strasse-adr\/#primaryimage"},"thumbnailUrl":"https:\/\/www.alpha-gefahrgut-consulting.de\/wp-content\/uploads\/2021\/02\/Gefahrgut-3-MAN-UN-1202.jpg","datePublished":"2021-02-18T17:32:29+00:00","dateModified":"2025-05-30T09:16:56+00:00","description":"Gefahrgut wird auf der Stra\u00dfe nach ADR bef\u00f6rdert. Erfahren Sie hier mehr dar\u00fcber. Grundwissen f\u00fcr Beteiligte und Interessierte.","breadcrumb":{"@id":"https:\/\/www.alpha-gefahrgut-consulting.de\/index.php\/gefahrgut-strasse-adr\/#breadcrumb"},"inLanguage":"de","potentialAction":[{"@type":"ReadAction","target":["https:\/\/www.alpha-gefahrgut-consulting.de\/index.php\/gefahrgut-strasse-adr\/"]}]},{"@type":"ImageObject","inLanguage":"de","@id":"https:\/\/www.alpha-gefahrgut-consulting.de\/index.php\/gefahrgut-strasse-adr\/#primaryimage","url":"https:\/\/www.alpha-gefahrgut-consulting.de\/wp-content\/uploads\/2021\/02\/Gefahrgut-3-MAN-UN-1202.jpg","contentUrl":"https:\/\/www.alpha-gefahrgut-consulting.de\/wp-content\/uploads\/2021\/02\/Gefahrgut-3-MAN-UN-1202.jpg","width":748,"height":257},{"@type":"BreadcrumbList","@id":"https:\/\/www.alpha-gefahrgut-consulting.de\/index.php\/gefahrgut-strasse-adr\/#breadcrumb","itemListElement":[{"@type":"ListItem","position":1,"name":"Startseite","item":"https:\/\/www.alpha-gefahrgut-consulting.de\/"},{"@type":"ListItem","position":2,"name":"Gefahrgut-Strasse-ADR"}]},{"@type":"WebSite","@id":"https:\/\/www.alpha-gefahrgut-consulting.de\/#website","url":"https:\/\/www.alpha-gefahrgut-consulting.de\/","name":"ALPHA GEFAHRGUT CONSULTING","description":"First Class Dangerous Goods Consulting, Management, Training.","publisher":{"@id":"https:\/\/www.alpha-gefahrgut-consulting.de\/#organization"},"potentialAction":[{"@type":"SearchAction","target":{"@type":"EntryPoint","urlTemplate":"https:\/\/www.alpha-gefahrgut-consulting.de\/?s={search_term_string}"},"query-input":{"@type":"PropertyValueSpecification","valueRequired":true,"valueName":"search_term_string"}}],"inLanguage":"de"},{"@type":"Organization","@id":"https:\/\/www.alpha-gefahrgut-consulting.de\/#organization","name":"ALPHA GEFAHRGUT CONSULTING","url":"https:\/\/www.alpha-gefahrgut-consulting.de\/","logo":{"@type":"ImageObject","inLanguage":"de","@id":"https:\/\/www.alpha-gefahrgut-consulting.de\/#\/schema\/logo\/image\/","url":"https:\/\/www.alpha-gefahrgut-consulting.de\/wp-content\/uploads\/2020\/04\/cropped-AGCLogoBlech-c.jpg","contentUrl":"https:\/\/www.alpha-gefahrgut-consulting.de\/wp-content\/uploads\/2020\/04\/cropped-AGCLogoBlech-c.jpg","width":250,"height":250,"caption":"ALPHA GEFAHRGUT CONSULTING"},"image":{"@id":"https:\/\/www.alpha-gefahrgut-consulting.de\/#\/schema\/logo\/image\/"},"sameAs":["https:\/\/x.com\/Alpha_Gefahrgut","https:\/\/www.youtube.com\/@AlphaDGConsulting","https:\/\/buymeacoffee.com\/AlphaDGConsulting","https:\/\/bsky.app\/profile\/alpha-gefahrgut.bsky.social","https:\/\/www.reddit.com\/user\/United_Ad5357\/","https:\/\/semasocial.com\/profile\/247322","https:\/\/truthsocial.com\/@AlphaDangerousGoodsConsulting","https:\/\/www.linkedin.com\/in\/michael-miska-mm\/","https:\/\/www.xing.com\/profile\/Michael_Miska088516\/web_profiles","https:\/\/rumble.com\/user\/AlphaDangerousGoodsConsulting","https:\/\/de.pinterest.com\/AlphaGefahrgutConsulting\/"]}]}},"_links":{"self":[{"href":"https:\/\/www.alpha-gefahrgut-consulting.de\/index.php\/wp-json\/wp\/v2\/pages\/584","targetHints":{"allow":["GET"]}}],"collection":[{"href":"https:\/\/www.alpha-gefahrgut-consulting.de\/index.php\/wp-json\/wp\/v2\/pages"}],"about":[{"href":"https:\/\/www.alpha-gefahrgut-consulting.de\/index.php\/wp-json\/wp\/v2\/types\/page"}],"author":[{"embeddable":true,"href":"https:\/\/www.alpha-gefahrgut-consulting.de\/index.php\/wp-json\/wp\/v2\/users\/1"}],"replies":[{"embeddable":true,"href":"https:\/\/www.alpha-gefahrgut-consulting.de\/index.php\/wp-json\/wp\/v2\/comments?post=584"}],"version-history":[{"count":10,"href":"https:\/\/www.alpha-gefahrgut-consulting.de\/index.php\/wp-json\/wp\/v2\/pages\/584\/revisions"}],"predecessor-version":[{"id":9055,"href":"https:\/\/www.alpha-gefahrgut-consulting.de\/index.php\/wp-json\/wp\/v2\/pages\/584\/revisions\/9055"}],"wp:attachment":[{"href":"https:\/\/www.alpha-gefahrgut-consulting.de\/index.php\/wp-json\/wp\/v2\/media?parent=584"}],"curies":[{"name":"wp","href":"https:\/\/api.w.org\/{rel}","templated":true}]}}