{"id":583,"date":"2021-02-18T18:29:01","date_gmt":"2021-02-18T17:29:01","guid":{"rendered":"https:\/\/www.alpha-gefahrgut-consulting.de\/?page_id=583"},"modified":"2025-05-30T11:02:18","modified_gmt":"2025-05-30T09:02:18","slug":"gefahrgut-see-imdg","status":"publish","type":"page","link":"https:\/\/www.alpha-gefahrgut-consulting.de\/index.php\/gefahrgut-see-imdg\/","title":{"rendered":"Gefahrgut-See-IMDG"},"content":{"rendered":"<p><span style=\"font-family: Arial, sans-serif;\">Gefahrgut wird per <b>Seeschiff<\/b> auf allen Weltmeeren in der Trocken- und Tankschiffahrt transportiert. Dabei kommen die unterschiedlichsten Schiffstypen zum Einsatz:<\/span><\/p>\n<p>Konventionelle St\u00fcckgutfrachter, Vollcontainerschiffe, Lash-Schiffe, Bulk-Carrier, Tankschiffe, F\u00e4hrschiffe bzw. Ro\/Ro-Schiffe, Gastanker etc.<\/p>\n<p>Unsere Unterweisungs- <a href=\"https:\/\/www.alpha-gefahrgut-consulting.de\/index.php\/gefahrgutschulung\/\"><span style=\"color: #000080;\"><b>Lehrg\u00e4nge<\/b><\/span><\/a> nach GGVSee \/ IMDG-Code sind modular aufgebaut und geben Ihnen die M\u00f6glichkeit, zielgerichtet und zeitsparend das vorgeschriebene Bef\u00f6rderungs-Know-how zu erwerben.<\/p>\n<p><span style=\"font-family: Arial, sans-serif;\"><i><b>\u00a0<\/b><\/i><\/span><\/p>\n<p style=\"text-align: center;\"><img loading=\"lazy\" decoding=\"async\" class=\"alignnone size-full wp-image-686\" src=\"https:\/\/www.alpha-gefahrgut-consulting.de\/wp-content\/uploads\/2021\/02\/Gefahrgut-Seeverkehr-RoRo-Kagoro.jpg\" alt=\"Gefahrgut Seeverkehr, RoRo, Kagoro\" width=\"728\" height=\"367\" srcset=\"https:\/\/www.alpha-gefahrgut-consulting.de\/wp-content\/uploads\/2021\/02\/Gefahrgut-Seeverkehr-RoRo-Kagoro.jpg 728w, https:\/\/www.alpha-gefahrgut-consulting.de\/wp-content\/uploads\/2021\/02\/Gefahrgut-Seeverkehr-RoRo-Kagoro-300x151.jpg 300w\" sizes=\"auto, (max-width: 728px) 100vw, 728px\" \/><\/p>\n<p><span style=\"font-family: Arial, sans-serif;\">Auf deutschen Seeschiffahrtsstra\u00dfen gilt dabei unter anderem das Gefahrgutbef\u00f6rderungsgesetz (GGBefG) der Bundesrepublik Deutschland und die Gefahrgutverordnung Seeschiffahrt (GGVSee).<\/span><\/p>\n<p>Die Bef\u00f6rderung von gef\u00e4hrlichen St\u00fcckg\u00fctern &#8211; einschlie\u00dflich containerisiertem Gefahrgut und der Bef\u00f6rderung von Gefahrgut auf F\u00e4hrschiffen &#8211; unterliegt den Regeln des International Maritime Dangerous Goods Code (IMDG-Code). Das Memorandum of Understandig (MoU) regelt die Bef\u00f6rderung von gef\u00e4hrlichen G\u00fctern insbesondere im Kurzstrecken- Seeverkehr auf der Ostsee. F\u00fcr die Bef\u00f6rderung gef\u00e4hrlicher G\u00fcter auf den deutschen K\u00fcstengew\u00e4ssern (z.B. nach Norderney, Juist etc.) gelten wiederum eigene Vorschriften.<\/p>\n<p>Daneben gelten die Verkehrsvorschriften der Seeschifffahrtsstra\u00dfenordnung (SeeSchStrO). Fahren Seeschiffe in Binnenreviere ein, z.B. auf dem Rhein oder der Weser, so unterliegen sie den Regelungen des ADN (siehe Binnenschiffahrt). Erg\u00e4nzend sind die \u00f6rtlichen Hafensicherheitsvorschriften ebenso zu beachten wie Lade-, L\u00f6sch,- Stau- und Ladungssicherungs- Vorschriften.<\/p>\n<p><span style=\"font-family: Arial, sans-serif;\"><i><b>\u00a0<\/b><\/i><\/span><\/p>\n<p style=\"text-align: center;\"><img loading=\"lazy\" decoding=\"async\" class=\"alignnone size-full wp-image-685\" src=\"https:\/\/www.alpha-gefahrgut-consulting.de\/wp-content\/uploads\/2021\/02\/Gefahrgut-See-St\u00fcckgut-Konventionell.jpg\" alt=\"Gefahrgut See, St\u00fcckgut, Konventionell\" width=\"727\" height=\"293\" srcset=\"https:\/\/www.alpha-gefahrgut-consulting.de\/wp-content\/uploads\/2021\/02\/Gefahrgut-See-St\u00fcckgut-Konventionell.jpg 727w, https:\/\/www.alpha-gefahrgut-consulting.de\/wp-content\/uploads\/2021\/02\/Gefahrgut-See-St\u00fcckgut-Konventionell-300x121.jpg 300w\" sizes=\"auto, (max-width: 727px) 100vw, 727px\" \/><\/p>\n<p><span style=\"font-family: Arial, sans-serif;\">Die sogenannte konventionelle St\u00fcckgut-Linienschiffahrt ist weitgehend Geschichte. Verpackte St\u00fcckg\u00fcter werden heutzutage \u00fcberwiegend im Seecontainer bef\u00f6rdert. Modernste Gro\u00dfcontainerschiffe (Ultra Large Container Vessel (ULCV)) tragen \u00fcber zehntausend TEU (twenty foot equivalent units (20 ft Cont)) oder mehr. Die Schiffe der A-Class der taiwanesischen Evergreen-Reederei k\u00f6nnen ca 24000 TEU bef\u00f6rdern. Die seegehenden Containerschiffe haben damit eine bemerkenswerte Gr\u00f6\u00dfe erreicht, die inzwischen die Seeh\u00e4fen vor Probleme stellt. Lief noch vor Jahren bis zu t\u00e4glich ein (nach heutigen Begriffen) mittelgro\u00dfes Seeschiff in den Hafen ein, so legt heute ggf nur noch ein Mega-Containerschiff pro Woche an. Eine solche Schiffsabfertigung muss dann unter hohem Zeitdruck enorme Auftragsspitzen bew\u00e4ltigen.<\/p>\n<p><strong>ULCV<\/strong><br \/>\nDie Ladung eines ULCV kann man rechnerisch auf ca 12 kleinere Feederschiffe (Zubringerschiffe, K\u00fcstenfahrer) plus ca 60 Eisenbahnz\u00fcge und ca 3000 Lastkraftwagen verteilen. Anders geschildert: W\u00e4hrend einer Schiffsliegezeit von Samstagmorgen bis Sonntagnachmittag k\u00f6nnen von und zu einem Gro\u00dfcontainerschiff ca 60.000 to. Ladung umgeschlagen werden (z.B. Hyundai Together (13.000 TEU)(Umschlagszahlen Hamburger Hafen (Altenwerder(CTA) bereits aus April 2012). Der Trend zu Gro\u00dfschiffen h\u00e4lt aus wirtschaftlichen Gr\u00fcnden an. Schon in 2014 z\u00e4hlte man ca 230 \u201cULCV\u201d in Fahrt, schwerpunktm\u00e4\u00dfig zwischen asiatischen und europ\u00e4ischen H\u00e4fen. Weitere 120 \u201cULCV\u201d waren bestellt. Wo solche ULCV-Megafrachter auf den Plan treten, verdr\u00e4ngen sie in der Regel die bisherigen, kleineren Containerfrachter in andere Fahrtgebiete (\u201cKaskadeneffekt\u201d).<\/span><\/p>\n<p>Erg\u00e4nzend zu den oben genannten Schulungen nach GGVSee, IMDG- Code bieten wir auch <a href=\"https:\/\/www.alpha-gefahrgut-consulting.de\/index.php\/ctu-schulung\/\"><b>CTU-Schulung<\/b><\/a> f\u00fcr die sichere Verladung von (nicht nur gef\u00e4hrlichen St\u00fcck-) G\u00fctern in Bef\u00f6rderungseinheiten f\u00fcr den Seeverkehr.<\/p>\n<p>. . .<\/p>\n<p><img loading=\"lazy\" decoding=\"async\" class=\"alignnone size-full wp-image-760\" src=\"https:\/\/www.alpha-gefahrgut-consulting.de\/wp-content\/uploads\/2021\/02\/Gefahrgut-Seeschiff-Tankschiff.jpg\" alt=\"Gefahrgut Seeschiff, Tankschiff\" width=\"748\" height=\"366\" srcset=\"https:\/\/www.alpha-gefahrgut-consulting.de\/wp-content\/uploads\/2021\/02\/Gefahrgut-Seeschiff-Tankschiff.jpg 748w, https:\/\/www.alpha-gefahrgut-consulting.de\/wp-content\/uploads\/2021\/02\/Gefahrgut-Seeschiff-Tankschiff-300x147.jpg 300w\" sizes=\"auto, (max-width: 706px) 89vw, (max-width: 767px) 82vw, 740px\" \/><\/p>\n<p>F\u00fcr die seegehende Tankschiffahrt gelten separate Regelwerke wie insbesondere der Chemikalien-Tanker-Code (BC-Code), der Internationale Code f\u00fcr den Bau und die Ausr\u00fcstung von Schiffen zur Bef\u00f6rderung gef\u00e4hrlicher Chemikalien als Massengut (IBC-Code), der Internationale Code f\u00fcr den Bau und die Ausr\u00fcstung von Schiffen zur Bef\u00f6rderung verfl\u00fcssigter Gase als Massengut (IGC-Code).<\/p>\n<p><span style=\"font-family: Arial, sans-serif;\">F\u00fcr seegehende \u00d6ltanker gibt es keinen Bau- und Ausr\u00fcstungscode, doch die International Chamber of Shipping (ICS) hat einen Saftey Guide herausgegeben, den International Safety Guide for Oil Tankers and Terminals, (ISGOTT). F\u00fcr \u00d6ltanker gelten Vorschriften aus dem Internationalen \u00dcbereinkommen von 1974 zum Schutze des menschlichen Lebens auf See (International Convention for the Safety of Life at Sea, SOLAS 74) und Bestimmungen des Internationalen \u00dcbereinkommens von 1973 zur Verhinderung der Meeresverschmutzung durch Schiffe und das Protokoll von 1978 zu diesem \u00dcbereinkommen (Maritime Pollution, MARPOL).<\/span><\/p>\n<p>F\u00fcr gef\u00e4hrliches, festes Massengut im Seeverkehr gilt der IMSBC-Code (International Maritime Solid Bulk Code).<\/p>\n<p>In der F\u00e4hrschiffahrt werden auch gemischte Personen- und Frachtf\u00e4hren betrieben. Diese Schiffe k\u00f6nnen auch gef\u00e4hrliche G\u00fcter bef\u00f6rdern, allerdings sind die einschl\u00e4gigen Verladerestriktionen dann strenger als bei reinen Frachtf\u00e4hren.<\/p>\n<p>Kleinere Seeschiffe k\u00f6nnen auch in Binnenwasserstra\u00dfen einfahren und zum Beispiel auf dem Rhein regelm\u00e4\u00dfig bis Duisburg fahren. In einem solchen Fall m\u00fcssen die Seeschiffe dann auch die Bestimmungen von GGVSEB und ADN beachten, siehe &#8222;Binnenschiffahrt&#8220;.<\/p>\n","protected":false},"excerpt":{"rendered":"<p>Gefahrgut wird per Seeschiff auf allen Weltmeeren in der Trocken- und Tankschiffahrt transportiert. Dabei kommen die unterschiedlichsten Schiffstypen zum Einsatz: Konventionelle St\u00fcckgutfrachter, Vollcontainerschiffe, Lash-Schiffe, Bulk-Carrier, Tankschiffe, F\u00e4hrschiffe bzw. Ro\/Ro-Schiffe, Gastanker etc. Unsere Unterweisungs- Lehrg\u00e4nge nach GGVSee \/ IMDG-Code sind modular aufgebaut und geben Ihnen die M\u00f6glichkeit, zielgerichtet und zeitsparend das vorgeschriebene Bef\u00f6rderungs-Know-how zu erwerben. \u00a0 &hellip; <\/p>\n<p class=\"link-more\"><a href=\"https:\/\/www.alpha-gefahrgut-consulting.de\/index.php\/gefahrgut-see-imdg\/\" class=\"more-link\"><span class=\"screen-reader-text\">\u201eGefahrgut-See-IMDG\u201c<\/span> weiterlesen<\/a><\/p>\n","protected":false},"author":1,"featured_media":0,"parent":0,"menu_order":0,"comment_status":"closed","ping_status":"closed","template":"","meta":{"episode_type":"","audio_file":"","podmotor_file_id":"","podmotor_episode_id":"","cover_image":"","cover_image_id":"","duration":"","filesize":"","filesize_raw":"","date_recorded":"","explicit":"","block":"","footnotes":""},"class_list":["post-583","page","type-page","status-publish","hentry"],"yoast_head":"<!-- This site is optimized with the Yoast SEO plugin v27.5 - https:\/\/yoast.com\/product\/yoast-seo-wordpress\/ -->\n<title>Gefahrgut per Seeschiff (IMDG-Code)<\/title>\n<meta name=\"description\" content=\"Gefahrgut wird per Seeschiff bef\u00f6rdert. Grundwissen und Hintergrund-Informationen f\u00fcr Beteiligte und Interessierte. Lesen Sie sich ein!\" \/>\n<meta name=\"robots\" content=\"index, follow, max-snippet:-1, max-image-preview:large, max-video-preview:-1\" \/>\n<link rel=\"canonical\" href=\"https:\/\/www.alpha-gefahrgut-consulting.de\/index.php\/gefahrgut-see-imdg\/\" \/>\n<meta property=\"og:locale\" content=\"de_DE\" \/>\n<meta property=\"og:type\" content=\"article\" \/>\n<meta property=\"og:title\" content=\"Gefahrgut per Seeschiff (IMDG-Code)\" \/>\n<meta property=\"og:description\" content=\"Gefahrgut wird per Seeschiff bef\u00f6rdert. Grundwissen und Hintergrund-Informationen f\u00fcr Beteiligte und Interessierte. Lesen Sie sich ein!\" \/>\n<meta property=\"og:url\" content=\"https:\/\/www.alpha-gefahrgut-consulting.de\/index.php\/gefahrgut-see-imdg\/\" \/>\n<meta property=\"og:site_name\" content=\"ALPHA GEFAHRGUT CONSULTING\" \/>\n<meta property=\"article:modified_time\" content=\"2025-05-30T09:02:18+00:00\" \/>\n<meta property=\"og:image\" content=\"https:\/\/www.alpha-gefahrgut-consulting.de\/wp-content\/uploads\/2021\/02\/Gefahrgut-Seeverkehr-RoRo-Kagoro.jpg\" \/>\n\t<meta property=\"og:image:width\" content=\"728\" \/>\n\t<meta property=\"og:image:height\" content=\"367\" \/>\n\t<meta property=\"og:image:type\" content=\"image\/jpeg\" \/>\n<meta name=\"twitter:card\" content=\"summary_large_image\" \/>\n<meta name=\"twitter:site\" content=\"@Alpha_Gefahrgut\" \/>\n<meta name=\"twitter:label1\" content=\"Gesch\u00e4tzte Lesezeit\" \/>\n\t<meta name=\"twitter:data1\" content=\"5\u00a0Minuten\" \/>\n<script type=\"application\/ld+json\" class=\"yoast-schema-graph\">{\"@context\":\"https:\\\/\\\/schema.org\",\"@graph\":[{\"@type\":\"WebPage\",\"@id\":\"https:\\\/\\\/www.alpha-gefahrgut-consulting.de\\\/index.php\\\/gefahrgut-see-imdg\\\/\",\"url\":\"https:\\\/\\\/www.alpha-gefahrgut-consulting.de\\\/index.php\\\/gefahrgut-see-imdg\\\/\",\"name\":\"Gefahrgut per Seeschiff (IMDG-Code)\",\"isPartOf\":{\"@id\":\"https:\\\/\\\/www.alpha-gefahrgut-consulting.de\\\/#website\"},\"primaryImageOfPage\":{\"@id\":\"https:\\\/\\\/www.alpha-gefahrgut-consulting.de\\\/index.php\\\/gefahrgut-see-imdg\\\/#primaryimage\"},\"image\":{\"@id\":\"https:\\\/\\\/www.alpha-gefahrgut-consulting.de\\\/index.php\\\/gefahrgut-see-imdg\\\/#primaryimage\"},\"thumbnailUrl\":\"https:\\\/\\\/www.alpha-gefahrgut-consulting.de\\\/wp-content\\\/uploads\\\/2021\\\/02\\\/Gefahrgut-Seeverkehr-RoRo-Kagoro.jpg\",\"datePublished\":\"2021-02-18T17:29:01+00:00\",\"dateModified\":\"2025-05-30T09:02:18+00:00\",\"description\":\"Gefahrgut wird per Seeschiff bef\u00f6rdert. Grundwissen und Hintergrund-Informationen f\u00fcr Beteiligte und Interessierte. Lesen Sie sich ein!\",\"breadcrumb\":{\"@id\":\"https:\\\/\\\/www.alpha-gefahrgut-consulting.de\\\/index.php\\\/gefahrgut-see-imdg\\\/#breadcrumb\"},\"inLanguage\":\"de\",\"potentialAction\":[{\"@type\":\"ReadAction\",\"target\":[\"https:\\\/\\\/www.alpha-gefahrgut-consulting.de\\\/index.php\\\/gefahrgut-see-imdg\\\/\"]}]},{\"@type\":\"ImageObject\",\"inLanguage\":\"de\",\"@id\":\"https:\\\/\\\/www.alpha-gefahrgut-consulting.de\\\/index.php\\\/gefahrgut-see-imdg\\\/#primaryimage\",\"url\":\"https:\\\/\\\/www.alpha-gefahrgut-consulting.de\\\/wp-content\\\/uploads\\\/2021\\\/02\\\/Gefahrgut-Seeverkehr-RoRo-Kagoro.jpg\",\"contentUrl\":\"https:\\\/\\\/www.alpha-gefahrgut-consulting.de\\\/wp-content\\\/uploads\\\/2021\\\/02\\\/Gefahrgut-Seeverkehr-RoRo-Kagoro.jpg\",\"width\":728,\"height\":367},{\"@type\":\"BreadcrumbList\",\"@id\":\"https:\\\/\\\/www.alpha-gefahrgut-consulting.de\\\/index.php\\\/gefahrgut-see-imdg\\\/#breadcrumb\",\"itemListElement\":[{\"@type\":\"ListItem\",\"position\":1,\"name\":\"Startseite\",\"item\":\"https:\\\/\\\/www.alpha-gefahrgut-consulting.de\\\/\"},{\"@type\":\"ListItem\",\"position\":2,\"name\":\"Gefahrgut-See-IMDG\"}]},{\"@type\":\"WebSite\",\"@id\":\"https:\\\/\\\/www.alpha-gefahrgut-consulting.de\\\/#website\",\"url\":\"https:\\\/\\\/www.alpha-gefahrgut-consulting.de\\\/\",\"name\":\"ALPHA GEFAHRGUT CONSULTING\",\"description\":\"First Class Dangerous Goods Consulting, Management, Training.\",\"publisher\":{\"@id\":\"https:\\\/\\\/www.alpha-gefahrgut-consulting.de\\\/#organization\"},\"potentialAction\":[{\"@type\":\"SearchAction\",\"target\":{\"@type\":\"EntryPoint\",\"urlTemplate\":\"https:\\\/\\\/www.alpha-gefahrgut-consulting.de\\\/?s={search_term_string}\"},\"query-input\":{\"@type\":\"PropertyValueSpecification\",\"valueRequired\":true,\"valueName\":\"search_term_string\"}}],\"inLanguage\":\"de\"},{\"@type\":\"Organization\",\"@id\":\"https:\\\/\\\/www.alpha-gefahrgut-consulting.de\\\/#organization\",\"name\":\"ALPHA GEFAHRGUT CONSULTING\",\"url\":\"https:\\\/\\\/www.alpha-gefahrgut-consulting.de\\\/\",\"logo\":{\"@type\":\"ImageObject\",\"inLanguage\":\"de\",\"@id\":\"https:\\\/\\\/www.alpha-gefahrgut-consulting.de\\\/#\\\/schema\\\/logo\\\/image\\\/\",\"url\":\"https:\\\/\\\/www.alpha-gefahrgut-consulting.de\\\/wp-content\\\/uploads\\\/2020\\\/04\\\/cropped-AGCLogoBlech-c.jpg\",\"contentUrl\":\"https:\\\/\\\/www.alpha-gefahrgut-consulting.de\\\/wp-content\\\/uploads\\\/2020\\\/04\\\/cropped-AGCLogoBlech-c.jpg\",\"width\":250,\"height\":250,\"caption\":\"ALPHA GEFAHRGUT CONSULTING\"},\"image\":{\"@id\":\"https:\\\/\\\/www.alpha-gefahrgut-consulting.de\\\/#\\\/schema\\\/logo\\\/image\\\/\"},\"sameAs\":[\"https:\\\/\\\/x.com\\\/Alpha_Gefahrgut\",\"https:\\\/\\\/www.youtube.com\\\/@AlphaDGConsulting\",\"https:\\\/\\\/buymeacoffee.com\\\/AlphaDGConsulting\",\"https:\\\/\\\/bsky.app\\\/profile\\\/alpha-gefahrgut.bsky.social\",\"https:\\\/\\\/www.reddit.com\\\/user\\\/United_Ad5357\\\/\",\"https:\\\/\\\/semasocial.com\\\/profile\\\/247322\",\"https:\\\/\\\/truthsocial.com\\\/@AlphaDangerousGoodsConsulting\",\"https:\\\/\\\/www.linkedin.com\\\/in\\\/michael-miska-mm\\\/\",\"https:\\\/\\\/www.xing.com\\\/profile\\\/Michael_Miska088516\\\/web_profiles\",\"https:\\\/\\\/rumble.com\\\/user\\\/AlphaDangerousGoodsConsulting\",\"https:\\\/\\\/de.pinterest.com\\\/AlphaGefahrgutConsulting\\\/\"]}]}<\/script>\n<!-- \/ Yoast SEO plugin. -->","yoast_head_json":{"title":"Gefahrgut per Seeschiff (IMDG-Code)","description":"Gefahrgut wird per Seeschiff bef\u00f6rdert. Grundwissen und Hintergrund-Informationen f\u00fcr Beteiligte und Interessierte. Lesen Sie sich ein!","robots":{"index":"index","follow":"follow","max-snippet":"max-snippet:-1","max-image-preview":"max-image-preview:large","max-video-preview":"max-video-preview:-1"},"canonical":"https:\/\/www.alpha-gefahrgut-consulting.de\/index.php\/gefahrgut-see-imdg\/","og_locale":"de_DE","og_type":"article","og_title":"Gefahrgut per Seeschiff (IMDG-Code)","og_description":"Gefahrgut wird per Seeschiff bef\u00f6rdert. Grundwissen und Hintergrund-Informationen f\u00fcr Beteiligte und Interessierte. Lesen Sie sich ein!","og_url":"https:\/\/www.alpha-gefahrgut-consulting.de\/index.php\/gefahrgut-see-imdg\/","og_site_name":"ALPHA GEFAHRGUT CONSULTING","article_modified_time":"2025-05-30T09:02:18+00:00","og_image":[{"width":728,"height":367,"url":"https:\/\/www.alpha-gefahrgut-consulting.de\/wp-content\/uploads\/2021\/02\/Gefahrgut-Seeverkehr-RoRo-Kagoro.jpg","type":"image\/jpeg"}],"twitter_card":"summary_large_image","twitter_site":"@Alpha_Gefahrgut","twitter_misc":{"Gesch\u00e4tzte Lesezeit":"5\u00a0Minuten"},"schema":{"@context":"https:\/\/schema.org","@graph":[{"@type":"WebPage","@id":"https:\/\/www.alpha-gefahrgut-consulting.de\/index.php\/gefahrgut-see-imdg\/","url":"https:\/\/www.alpha-gefahrgut-consulting.de\/index.php\/gefahrgut-see-imdg\/","name":"Gefahrgut per Seeschiff (IMDG-Code)","isPartOf":{"@id":"https:\/\/www.alpha-gefahrgut-consulting.de\/#website"},"primaryImageOfPage":{"@id":"https:\/\/www.alpha-gefahrgut-consulting.de\/index.php\/gefahrgut-see-imdg\/#primaryimage"},"image":{"@id":"https:\/\/www.alpha-gefahrgut-consulting.de\/index.php\/gefahrgut-see-imdg\/#primaryimage"},"thumbnailUrl":"https:\/\/www.alpha-gefahrgut-consulting.de\/wp-content\/uploads\/2021\/02\/Gefahrgut-Seeverkehr-RoRo-Kagoro.jpg","datePublished":"2021-02-18T17:29:01+00:00","dateModified":"2025-05-30T09:02:18+00:00","description":"Gefahrgut wird per Seeschiff bef\u00f6rdert. Grundwissen und Hintergrund-Informationen f\u00fcr Beteiligte und Interessierte. Lesen Sie sich ein!","breadcrumb":{"@id":"https:\/\/www.alpha-gefahrgut-consulting.de\/index.php\/gefahrgut-see-imdg\/#breadcrumb"},"inLanguage":"de","potentialAction":[{"@type":"ReadAction","target":["https:\/\/www.alpha-gefahrgut-consulting.de\/index.php\/gefahrgut-see-imdg\/"]}]},{"@type":"ImageObject","inLanguage":"de","@id":"https:\/\/www.alpha-gefahrgut-consulting.de\/index.php\/gefahrgut-see-imdg\/#primaryimage","url":"https:\/\/www.alpha-gefahrgut-consulting.de\/wp-content\/uploads\/2021\/02\/Gefahrgut-Seeverkehr-RoRo-Kagoro.jpg","contentUrl":"https:\/\/www.alpha-gefahrgut-consulting.de\/wp-content\/uploads\/2021\/02\/Gefahrgut-Seeverkehr-RoRo-Kagoro.jpg","width":728,"height":367},{"@type":"BreadcrumbList","@id":"https:\/\/www.alpha-gefahrgut-consulting.de\/index.php\/gefahrgut-see-imdg\/#breadcrumb","itemListElement":[{"@type":"ListItem","position":1,"name":"Startseite","item":"https:\/\/www.alpha-gefahrgut-consulting.de\/"},{"@type":"ListItem","position":2,"name":"Gefahrgut-See-IMDG"}]},{"@type":"WebSite","@id":"https:\/\/www.alpha-gefahrgut-consulting.de\/#website","url":"https:\/\/www.alpha-gefahrgut-consulting.de\/","name":"ALPHA GEFAHRGUT CONSULTING","description":"First Class Dangerous Goods Consulting, Management, Training.","publisher":{"@id":"https:\/\/www.alpha-gefahrgut-consulting.de\/#organization"},"potentialAction":[{"@type":"SearchAction","target":{"@type":"EntryPoint","urlTemplate":"https:\/\/www.alpha-gefahrgut-consulting.de\/?s={search_term_string}"},"query-input":{"@type":"PropertyValueSpecification","valueRequired":true,"valueName":"search_term_string"}}],"inLanguage":"de"},{"@type":"Organization","@id":"https:\/\/www.alpha-gefahrgut-consulting.de\/#organization","name":"ALPHA GEFAHRGUT CONSULTING","url":"https:\/\/www.alpha-gefahrgut-consulting.de\/","logo":{"@type":"ImageObject","inLanguage":"de","@id":"https:\/\/www.alpha-gefahrgut-consulting.de\/#\/schema\/logo\/image\/","url":"https:\/\/www.alpha-gefahrgut-consulting.de\/wp-content\/uploads\/2020\/04\/cropped-AGCLogoBlech-c.jpg","contentUrl":"https:\/\/www.alpha-gefahrgut-consulting.de\/wp-content\/uploads\/2020\/04\/cropped-AGCLogoBlech-c.jpg","width":250,"height":250,"caption":"ALPHA GEFAHRGUT CONSULTING"},"image":{"@id":"https:\/\/www.alpha-gefahrgut-consulting.de\/#\/schema\/logo\/image\/"},"sameAs":["https:\/\/x.com\/Alpha_Gefahrgut","https:\/\/www.youtube.com\/@AlphaDGConsulting","https:\/\/buymeacoffee.com\/AlphaDGConsulting","https:\/\/bsky.app\/profile\/alpha-gefahrgut.bsky.social","https:\/\/www.reddit.com\/user\/United_Ad5357\/","https:\/\/semasocial.com\/profile\/247322","https:\/\/truthsocial.com\/@AlphaDangerousGoodsConsulting","https:\/\/www.linkedin.com\/in\/michael-miska-mm\/","https:\/\/www.xing.com\/profile\/Michael_Miska088516\/web_profiles","https:\/\/rumble.com\/user\/AlphaDangerousGoodsConsulting","https:\/\/de.pinterest.com\/AlphaGefahrgutConsulting\/"]}]}},"_links":{"self":[{"href":"https:\/\/www.alpha-gefahrgut-consulting.de\/index.php\/wp-json\/wp\/v2\/pages\/583","targetHints":{"allow":["GET"]}}],"collection":[{"href":"https:\/\/www.alpha-gefahrgut-consulting.de\/index.php\/wp-json\/wp\/v2\/pages"}],"about":[{"href":"https:\/\/www.alpha-gefahrgut-consulting.de\/index.php\/wp-json\/wp\/v2\/types\/page"}],"author":[{"embeddable":true,"href":"https:\/\/www.alpha-gefahrgut-consulting.de\/index.php\/wp-json\/wp\/v2\/users\/1"}],"replies":[{"embeddable":true,"href":"https:\/\/www.alpha-gefahrgut-consulting.de\/index.php\/wp-json\/wp\/v2\/comments?post=583"}],"version-history":[{"count":13,"href":"https:\/\/www.alpha-gefahrgut-consulting.de\/index.php\/wp-json\/wp\/v2\/pages\/583\/revisions"}],"predecessor-version":[{"id":9049,"href":"https:\/\/www.alpha-gefahrgut-consulting.de\/index.php\/wp-json\/wp\/v2\/pages\/583\/revisions\/9049"}],"wp:attachment":[{"href":"https:\/\/www.alpha-gefahrgut-consulting.de\/index.php\/wp-json\/wp\/v2\/media?parent=583"}],"curies":[{"name":"wp","href":"https:\/\/api.w.org\/{rel}","templated":true}]}}