{"id":580,"date":"2021-02-18T17:33:20","date_gmt":"2021-02-18T16:33:20","guid":{"rendered":"https:\/\/www.alpha-gefahrgut-consulting.de\/?page_id=580"},"modified":"2025-05-29T04:08:51","modified_gmt":"2025-05-29T02:08:51","slug":"gefahrgut","status":"publish","type":"page","link":"https:\/\/www.alpha-gefahrgut-consulting.de\/index.php\/gefahrgut\/","title":{"rendered":"Gefahrgut"},"content":{"rendered":"<p><strong><img loading=\"lazy\" decoding=\"async\" class=\"size-full wp-image-680 aligncenter\" src=\"https:\/\/www.alpha-gefahrgut-consulting.de\/wp-content\/uploads\/2021\/02\/alfa_rt.jpg\" alt=\"alfa_rt\" width=\"122\" height=\"121\" srcset=\"https:\/\/www.alpha-gefahrgut-consulting.de\/wp-content\/uploads\/2021\/02\/alfa_rt.jpg 122w, https:\/\/www.alpha-gefahrgut-consulting.de\/wp-content\/uploads\/2021\/02\/alfa_rt-100x100.jpg 100w\" sizes=\"auto, (max-width: 122px) 100vw, 122px\" \/><\/strong><\/p>\n<p><span style=\"font-family: Arial, sans-serif;\"><strong>Was ist Gefahrgut?<\/strong><br \/>Wie ist das definiert?<br \/>Wer bestimmt eigentlich, was Gefahrgut ist?<br \/>Und wo steht das alles?<br \/>Was ist zu tun?<br \/>Die Antworten auf diese Fragen finden Sie auf dieser Webseite.<br \/>Und in unserem <strong>Alpha Gefahrgut<\/strong> <span style=\"color: #0000ff;\"><a style=\"color: #0000ff;\" href=\"https:\/\/www.alpha-gefahrgut-consulting.de\/index.php\/alpha-gefahrgut-podcastpage\/\"><strong>Podcast Nr.1 &#8222;Gefahrgut<\/strong>&#8222;<\/a><\/span>.<br \/><br \/><em>(<span style=\"color: #000000;\">Der o.g. <\/span><span style=\"color: #000000;\">Podcast ist auch auf <\/span><span style=\"color: #ff0000;\"><strong>youtube<\/strong><\/span> und <strong>Spotify<\/strong> zu h\u00f6ren)<\/em><br \/><\/span><\/p>\n<hr \/>\n<p>&#8222;<em><strong>Gef\u00e4hrliche G\u00fcter<\/strong> s<\/em><em><span style=\"font-family: Arial, sans-serif;\">ind Stoffe und Gegenst\u00e4nde, v<\/span><span style=\"font-family: Arial, sans-serif;\">on denen auf Grund ihrer Natur, ihrer Eigenschaften oder ihres Zustandes <\/span><span style=\"font-family: Arial, sans-serif;\">im Zusammenhang mit der Bef\u00f6rderung <\/span><\/em><span style=\"font-family: Arial, sans-serif;\"><em>Gefahren f\u00fcr die \u00f6ffentliche Sicherheit oder Ordnung, insbesondere f\u00fcr die Allgemeinheit, f\u00fcr wichtige Gemeing\u00fcter, f\u00fcr Leben und Gesundheit von Menschen sowie f\u00fcr Tiere und Sachen ausgehen k\u00f6nnen<\/em>.&#8220;<\/span><\/p>\n<p><span style=\"font-family: Arial, sans-serif;\">[Definition von Gefahrgut <\/span><span style=\"font-family: Arial, sans-serif;\">im Sinne des Gefahrgutbef\u00f6rderungsgesetzes [GGBefG] <\/span><span style=\"font-family: Arial, sans-serif;\">der Bundesrepublik Deutschland]<\/span><\/p>\n<p>. . .<strong><br \/><\/strong><\/p>\n<p><strong>Gef\u00e4hrliche G\u00fcter:<\/strong><\/p>\n<p>sind die Stoffe und Gegenst\u00e4nde, deren Bef\u00f6rderung nach Teil 2 Kapitel 3.2 Tabelle A und Kapitel 3.3 ADR\/RID\/ADN verboten oder nach den vorgesehen Bedingungen des ADR\/RID\/ADN gestattet ist, sowie zus\u00e4tzlich f\u00fcr innerstaatliche Bef\u00f6rderungen die in der Anlage 2 Gliederungsnummer 1.1 und 1.2 genannten G\u00fcter.<\/p>\n<p>[Definition von Gef\u00e4hrlichen G\u00fctern im Sinne der GGVSEB<br \/>[Gefahrgutverordnung Stra\u00dfe, Eisenbahn und Binnenschifffahrt<br \/>der Bundesrepublik Deutschland]]<\/p>\n<p>. . .<\/p>\n<p><strong>Gef\u00e4hrliche G\u00fcter:<\/strong><\/p>\n<p>Stoffe und Gegenst\u00e4nde, deren Bef\u00f6rderung gem\u00e4\u00df ADR verboten oder nur unter in diesem \u00dcbereinkommen vorgesehen Bedingungen gestattet ist.<\/p>\n<p>[Definition von gef\u00e4hrlichen G\u00fctern im Sinne des ADR<br \/>[\u00dcbereinkommen \u00fcber die internationale Bef\u00f6rderung gef\u00e4hrlicher G\u00fcter auf der Stra\u00dfe]]<\/p>\n<p>. . .<\/p>\n<p><strong>Dangerous goods:<\/strong><br \/>Articles or substances which are capable of posing a hazard to health, safety, property or the environment and which are shown in the list of dangerous goods in these Instructions, or which are classified according to these Instructions.<br \/>[ Definition nach\u00a0Doc. 9284 Technical Instructions for the Safe Transport of Dangerous Goods by Air, 2023\u20132024 Edition, Chapter 3, general information, 3.1 definitions, 3.1.1 list of definitions of commonly used terms ]<\/p>\n<p>. . .<\/p>\n<p><strong>Gef\u00e4hrliche G\u00fcter<\/strong> sind Gegenst\u00e4nde oder Stoffe, welche in der Lage sind, eine Gefahr f\u00fcr die Gesundheit, die Sicherheit, f\u00fcr Eigentum oder die Umwelt darzustellen und welche im Verzeichnis der gef\u00e4hrlichen G\u00fcter dieser Vorschriften zu sehen sind oder entsprechend dieser Vorschriften klassifiziert sind.<br \/>[Definition von Gefahrgut im Sinne der (unverbindlichen deutschen Ausgabe\u00a0 (\u00dcbersetzung) der IATA-DGR, nachfolgend in Kursivschrift der Text der vorrangig geltenden, englischen 65. Originalausgabe der IATA-DGR 2024, Appendix A, g\u00fcltig ab 1. Januar 2024]<br \/><em><strong>Dangerous Goods<br \/><\/strong>Articles or substances which are capable of posing a hazard to health, safety, property or the environment and which are shown in the list of dangerous goods in these regulations or which are classified according to the regulations.<\/em><\/p>\n<p>. . .<\/p>\n<p><strong><em>Dangerous Goods<\/em> <\/strong>\u2014 <em>Articles or substances which are capable of posing a risk to health, safety, property or the environment and which are shown in the list of dangerous goods in the International Air Transport Association (IATA) Dangerous Goods Regulations, the International Civil Aviation Organization (ICAO) Technical Instructions, or the Items Listing (Table A4.1) in this manual. The term Dangerous Goods is synonymous with Hazardous Materials.<\/em><br \/><em>(Definition im Sinne des Air Force Manuals (AFMAN), der milit\u00e4rischen Gefahrgutvorschriften des US-Milit\u00e4rs bzw. der US-Luftwaffe)<\/em><\/p>\n<hr \/>\n<p>\u00a0<\/p>\n<hr \/>\n\n\n<p>Gefahrgut zeichnet sich dadurch aus, dass es mit bestimmten Verkehrsmitteln in der \u00d6ffentlichkeit bef\u00f6rdert wird. Auf den nachfolgenden Seiten finden Sie deshalb Informationen zur Bef\u00f6rderung von Gefahrgut mit den einzelnen Verkehrstr\u00e4gern:<\/p>\n\n\n\n<p><a href=\"https:\/\/www.alpha-gefahrgut-consulting.de\/index.php\/gefahrgut-luft\/\"><strong>Luftverkehr<\/strong><\/a><\/p>\n\n\n\n<p><a href=\"https:\/\/www.alpha-gefahrgut-consulting.de\/index.php\/gefahrgut-see\/\"><strong>Seeverkehr<\/strong><\/a><\/p>\n\n\n\n<p><a href=\"https:\/\/www.alpha-gefahrgut-consulting.de\/index.php\/gefahrgut-strasse\/\"><strong>Stra\u00dfenverkehr<\/strong><\/a><\/p>\n\n\n\n<p><a href=\"https:\/\/www.alpha-gefahrgut-consulting.de\/index.php\/gefahrgut-schiene\/\"><strong>Schienenverkehr<\/strong><\/a><\/p>\n\n\n\n<p><a href=\"https:\/\/www.alpha-gefahrgut-consulting.de\/index.php\/gefahrgut-binnenschiffahrt\/\"><strong>Binnenschiffahr<\/strong><strong>t<\/strong><\/a><\/p>\n\n\n\n<p>sowie per:<\/p>\n\n\n\n<p><a href=\"https:\/\/www.alpha-gefahrgut-consulting.de\/index.php\/gefahrgut-post\/\"><strong>KEP Kurier, Express, Paket<\/strong> (und Brief)<\/a><\/p>\n\n\n\n<p><\/p>\n","protected":false},"excerpt":{"rendered":"<p>Was ist Gefahrgut?Wie ist das definiert?Wer bestimmt eigentlich, was Gefahrgut ist?Und wo steht das alles?Was ist zu tun?Die Antworten auf diese Fragen finden Sie auf dieser Webseite.Und in unserem Alpha Gefahrgut Podcast Nr.1 &#8222;Gefahrgut&#8222;. (Der o.g. Podcast ist auch auf youtube und Spotify zu h\u00f6ren) &#8222;Gef\u00e4hrliche G\u00fcter sind Stoffe und Gegenst\u00e4nde, von denen auf Grund &hellip; <\/p>\n<p class=\"link-more\"><a href=\"https:\/\/www.alpha-gefahrgut-consulting.de\/index.php\/gefahrgut\/\" class=\"more-link\"><span class=\"screen-reader-text\">\u201eGefahrgut\u201c<\/span> weiterlesen<\/a><\/p>\n","protected":false},"author":1,"featured_media":0,"parent":0,"menu_order":0,"comment_status":"closed","ping_status":"closed","template":"","meta":{"episode_type":"","audio_file":"","podmotor_file_id":"","podmotor_episode_id":"","cover_image":"","cover_image_id":"","duration":"","filesize":"","filesize_raw":"","date_recorded":"","explicit":"","block":"","footnotes":""},"class_list":["post-580","page","type-page","status-publish","hentry"],"yoast_head":"<!-- This site is optimized with the Yoast SEO plugin v27.4 - https:\/\/yoast.com\/product\/yoast-seo-wordpress\/ -->\n<title>Wissen, was Gefahrgut ist<\/title>\n<meta name=\"description\" content=\"Erfahren Sie hier, was Gefahrgut ist. Gerne auch \u00fcber unseren Gefahrgut-Podcast. Und lernen Sie dabei ganz nebenbei, wie der Gesetzgeber Gefahrgut definiert.\" \/>\n<meta name=\"robots\" content=\"index, follow, max-snippet:-1, max-image-preview:large, max-video-preview:-1\" \/>\n<link rel=\"canonical\" href=\"https:\/\/www.alpha-gefahrgut-consulting.de\/index.php\/gefahrgut\/\" \/>\n<meta property=\"og:locale\" content=\"de_DE\" \/>\n<meta property=\"og:type\" content=\"article\" \/>\n<meta property=\"og:title\" content=\"Wissen, was Gefahrgut ist\" \/>\n<meta property=\"og:description\" content=\"Erfahren Sie hier, was Gefahrgut ist. Gerne auch \u00fcber unseren Gefahrgut-Podcast. Und lernen Sie dabei ganz nebenbei, wie der Gesetzgeber Gefahrgut definiert.\" \/>\n<meta property=\"og:url\" content=\"https:\/\/www.alpha-gefahrgut-consulting.de\/index.php\/gefahrgut\/\" \/>\n<meta property=\"og:site_name\" content=\"ALPHA GEFAHRGUT CONSULTING\" \/>\n<meta property=\"article:modified_time\" content=\"2025-05-29T02:08:51+00:00\" \/>\n<meta property=\"og:image\" content=\"https:\/\/www.alpha-gefahrgut-consulting.de\/wp-content\/uploads\/2021\/02\/alfa_rt.jpg\" \/>\n\t<meta property=\"og:image:width\" content=\"122\" \/>\n\t<meta property=\"og:image:height\" content=\"121\" \/>\n\t<meta property=\"og:image:type\" content=\"image\/jpeg\" \/>\n<meta name=\"twitter:card\" content=\"summary_large_image\" \/>\n<meta name=\"twitter:site\" content=\"@Alpha_Gefahrgut\" \/>\n<meta name=\"twitter:label1\" content=\"Gesch\u00e4tzte Lesezeit\" \/>\n\t<meta name=\"twitter:data1\" content=\"4\u00a0Minuten\" \/>\n<script type=\"application\/ld+json\" class=\"yoast-schema-graph\">{\"@context\":\"https:\\\/\\\/schema.org\",\"@graph\":[{\"@type\":\"WebPage\",\"@id\":\"https:\\\/\\\/www.alpha-gefahrgut-consulting.de\\\/index.php\\\/gefahrgut\\\/\",\"url\":\"https:\\\/\\\/www.alpha-gefahrgut-consulting.de\\\/index.php\\\/gefahrgut\\\/\",\"name\":\"Wissen, was Gefahrgut ist\",\"isPartOf\":{\"@id\":\"https:\\\/\\\/www.alpha-gefahrgut-consulting.de\\\/#website\"},\"primaryImageOfPage\":{\"@id\":\"https:\\\/\\\/www.alpha-gefahrgut-consulting.de\\\/index.php\\\/gefahrgut\\\/#primaryimage\"},\"image\":{\"@id\":\"https:\\\/\\\/www.alpha-gefahrgut-consulting.de\\\/index.php\\\/gefahrgut\\\/#primaryimage\"},\"thumbnailUrl\":\"https:\\\/\\\/www.alpha-gefahrgut-consulting.de\\\/wp-content\\\/uploads\\\/2021\\\/02\\\/alfa_rt.jpg\",\"datePublished\":\"2021-02-18T16:33:20+00:00\",\"dateModified\":\"2025-05-29T02:08:51+00:00\",\"description\":\"Erfahren Sie hier, was Gefahrgut ist. Gerne auch \u00fcber unseren Gefahrgut-Podcast. Und lernen Sie dabei ganz nebenbei, wie der Gesetzgeber Gefahrgut definiert.\",\"breadcrumb\":{\"@id\":\"https:\\\/\\\/www.alpha-gefahrgut-consulting.de\\\/index.php\\\/gefahrgut\\\/#breadcrumb\"},\"inLanguage\":\"de\",\"potentialAction\":[{\"@type\":\"ReadAction\",\"target\":[\"https:\\\/\\\/www.alpha-gefahrgut-consulting.de\\\/index.php\\\/gefahrgut\\\/\"]}]},{\"@type\":\"ImageObject\",\"inLanguage\":\"de\",\"@id\":\"https:\\\/\\\/www.alpha-gefahrgut-consulting.de\\\/index.php\\\/gefahrgut\\\/#primaryimage\",\"url\":\"https:\\\/\\\/www.alpha-gefahrgut-consulting.de\\\/wp-content\\\/uploads\\\/2021\\\/02\\\/alfa_rt.jpg\",\"contentUrl\":\"https:\\\/\\\/www.alpha-gefahrgut-consulting.de\\\/wp-content\\\/uploads\\\/2021\\\/02\\\/alfa_rt.jpg\",\"width\":122,\"height\":121},{\"@type\":\"BreadcrumbList\",\"@id\":\"https:\\\/\\\/www.alpha-gefahrgut-consulting.de\\\/index.php\\\/gefahrgut\\\/#breadcrumb\",\"itemListElement\":[{\"@type\":\"ListItem\",\"position\":1,\"name\":\"Startseite\",\"item\":\"https:\\\/\\\/www.alpha-gefahrgut-consulting.de\\\/\"},{\"@type\":\"ListItem\",\"position\":2,\"name\":\"Gefahrgut\"}]},{\"@type\":\"WebSite\",\"@id\":\"https:\\\/\\\/www.alpha-gefahrgut-consulting.de\\\/#website\",\"url\":\"https:\\\/\\\/www.alpha-gefahrgut-consulting.de\\\/\",\"name\":\"ALPHA GEFAHRGUT CONSULTING\",\"description\":\"First Class Dangerous Goods Consulting, Management, Training.\",\"publisher\":{\"@id\":\"https:\\\/\\\/www.alpha-gefahrgut-consulting.de\\\/#organization\"},\"potentialAction\":[{\"@type\":\"SearchAction\",\"target\":{\"@type\":\"EntryPoint\",\"urlTemplate\":\"https:\\\/\\\/www.alpha-gefahrgut-consulting.de\\\/?s={search_term_string}\"},\"query-input\":{\"@type\":\"PropertyValueSpecification\",\"valueRequired\":true,\"valueName\":\"search_term_string\"}}],\"inLanguage\":\"de\"},{\"@type\":\"Organization\",\"@id\":\"https:\\\/\\\/www.alpha-gefahrgut-consulting.de\\\/#organization\",\"name\":\"ALPHA GEFAHRGUT CONSULTING\",\"url\":\"https:\\\/\\\/www.alpha-gefahrgut-consulting.de\\\/\",\"logo\":{\"@type\":\"ImageObject\",\"inLanguage\":\"de\",\"@id\":\"https:\\\/\\\/www.alpha-gefahrgut-consulting.de\\\/#\\\/schema\\\/logo\\\/image\\\/\",\"url\":\"https:\\\/\\\/www.alpha-gefahrgut-consulting.de\\\/wp-content\\\/uploads\\\/2020\\\/04\\\/cropped-AGCLogoBlech-c.jpg\",\"contentUrl\":\"https:\\\/\\\/www.alpha-gefahrgut-consulting.de\\\/wp-content\\\/uploads\\\/2020\\\/04\\\/cropped-AGCLogoBlech-c.jpg\",\"width\":250,\"height\":250,\"caption\":\"ALPHA GEFAHRGUT CONSULTING\"},\"image\":{\"@id\":\"https:\\\/\\\/www.alpha-gefahrgut-consulting.de\\\/#\\\/schema\\\/logo\\\/image\\\/\"},\"sameAs\":[\"https:\\\/\\\/x.com\\\/Alpha_Gefahrgut\",\"https:\\\/\\\/www.youtube.com\\\/@AlphaDGConsulting\",\"https:\\\/\\\/buymeacoffee.com\\\/AlphaDGConsulting\",\"https:\\\/\\\/bsky.app\\\/profile\\\/alpha-gefahrgut.bsky.social\",\"https:\\\/\\\/www.reddit.com\\\/user\\\/United_Ad5357\\\/\",\"https:\\\/\\\/semasocial.com\\\/profile\\\/247322\",\"https:\\\/\\\/truthsocial.com\\\/@AlphaDangerousGoodsConsulting\",\"https:\\\/\\\/www.linkedin.com\\\/in\\\/michael-miska-mm\\\/\",\"https:\\\/\\\/www.xing.com\\\/profile\\\/Michael_Miska088516\\\/web_profiles\",\"https:\\\/\\\/rumble.com\\\/user\\\/AlphaDangerousGoodsConsulting\",\"https:\\\/\\\/de.pinterest.com\\\/AlphaGefahrgutConsulting\\\/\"]}]}<\/script>\n<!-- \/ Yoast SEO plugin. -->","yoast_head_json":{"title":"Wissen, was Gefahrgut ist","description":"Erfahren Sie hier, was Gefahrgut ist. Gerne auch \u00fcber unseren Gefahrgut-Podcast. Und lernen Sie dabei ganz nebenbei, wie der Gesetzgeber Gefahrgut definiert.","robots":{"index":"index","follow":"follow","max-snippet":"max-snippet:-1","max-image-preview":"max-image-preview:large","max-video-preview":"max-video-preview:-1"},"canonical":"https:\/\/www.alpha-gefahrgut-consulting.de\/index.php\/gefahrgut\/","og_locale":"de_DE","og_type":"article","og_title":"Wissen, was Gefahrgut ist","og_description":"Erfahren Sie hier, was Gefahrgut ist. Gerne auch \u00fcber unseren Gefahrgut-Podcast. Und lernen Sie dabei ganz nebenbei, wie der Gesetzgeber Gefahrgut definiert.","og_url":"https:\/\/www.alpha-gefahrgut-consulting.de\/index.php\/gefahrgut\/","og_site_name":"ALPHA GEFAHRGUT CONSULTING","article_modified_time":"2025-05-29T02:08:51+00:00","og_image":[{"width":122,"height":121,"url":"https:\/\/www.alpha-gefahrgut-consulting.de\/wp-content\/uploads\/2021\/02\/alfa_rt.jpg","type":"image\/jpeg"}],"twitter_card":"summary_large_image","twitter_site":"@Alpha_Gefahrgut","twitter_misc":{"Gesch\u00e4tzte Lesezeit":"4\u00a0Minuten"},"schema":{"@context":"https:\/\/schema.org","@graph":[{"@type":"WebPage","@id":"https:\/\/www.alpha-gefahrgut-consulting.de\/index.php\/gefahrgut\/","url":"https:\/\/www.alpha-gefahrgut-consulting.de\/index.php\/gefahrgut\/","name":"Wissen, was Gefahrgut ist","isPartOf":{"@id":"https:\/\/www.alpha-gefahrgut-consulting.de\/#website"},"primaryImageOfPage":{"@id":"https:\/\/www.alpha-gefahrgut-consulting.de\/index.php\/gefahrgut\/#primaryimage"},"image":{"@id":"https:\/\/www.alpha-gefahrgut-consulting.de\/index.php\/gefahrgut\/#primaryimage"},"thumbnailUrl":"https:\/\/www.alpha-gefahrgut-consulting.de\/wp-content\/uploads\/2021\/02\/alfa_rt.jpg","datePublished":"2021-02-18T16:33:20+00:00","dateModified":"2025-05-29T02:08:51+00:00","description":"Erfahren Sie hier, was Gefahrgut ist. Gerne auch \u00fcber unseren Gefahrgut-Podcast. Und lernen Sie dabei ganz nebenbei, wie der Gesetzgeber Gefahrgut definiert.","breadcrumb":{"@id":"https:\/\/www.alpha-gefahrgut-consulting.de\/index.php\/gefahrgut\/#breadcrumb"},"inLanguage":"de","potentialAction":[{"@type":"ReadAction","target":["https:\/\/www.alpha-gefahrgut-consulting.de\/index.php\/gefahrgut\/"]}]},{"@type":"ImageObject","inLanguage":"de","@id":"https:\/\/www.alpha-gefahrgut-consulting.de\/index.php\/gefahrgut\/#primaryimage","url":"https:\/\/www.alpha-gefahrgut-consulting.de\/wp-content\/uploads\/2021\/02\/alfa_rt.jpg","contentUrl":"https:\/\/www.alpha-gefahrgut-consulting.de\/wp-content\/uploads\/2021\/02\/alfa_rt.jpg","width":122,"height":121},{"@type":"BreadcrumbList","@id":"https:\/\/www.alpha-gefahrgut-consulting.de\/index.php\/gefahrgut\/#breadcrumb","itemListElement":[{"@type":"ListItem","position":1,"name":"Startseite","item":"https:\/\/www.alpha-gefahrgut-consulting.de\/"},{"@type":"ListItem","position":2,"name":"Gefahrgut"}]},{"@type":"WebSite","@id":"https:\/\/www.alpha-gefahrgut-consulting.de\/#website","url":"https:\/\/www.alpha-gefahrgut-consulting.de\/","name":"ALPHA GEFAHRGUT CONSULTING","description":"First Class Dangerous Goods Consulting, Management, Training.","publisher":{"@id":"https:\/\/www.alpha-gefahrgut-consulting.de\/#organization"},"potentialAction":[{"@type":"SearchAction","target":{"@type":"EntryPoint","urlTemplate":"https:\/\/www.alpha-gefahrgut-consulting.de\/?s={search_term_string}"},"query-input":{"@type":"PropertyValueSpecification","valueRequired":true,"valueName":"search_term_string"}}],"inLanguage":"de"},{"@type":"Organization","@id":"https:\/\/www.alpha-gefahrgut-consulting.de\/#organization","name":"ALPHA GEFAHRGUT CONSULTING","url":"https:\/\/www.alpha-gefahrgut-consulting.de\/","logo":{"@type":"ImageObject","inLanguage":"de","@id":"https:\/\/www.alpha-gefahrgut-consulting.de\/#\/schema\/logo\/image\/","url":"https:\/\/www.alpha-gefahrgut-consulting.de\/wp-content\/uploads\/2020\/04\/cropped-AGCLogoBlech-c.jpg","contentUrl":"https:\/\/www.alpha-gefahrgut-consulting.de\/wp-content\/uploads\/2020\/04\/cropped-AGCLogoBlech-c.jpg","width":250,"height":250,"caption":"ALPHA GEFAHRGUT CONSULTING"},"image":{"@id":"https:\/\/www.alpha-gefahrgut-consulting.de\/#\/schema\/logo\/image\/"},"sameAs":["https:\/\/x.com\/Alpha_Gefahrgut","https:\/\/www.youtube.com\/@AlphaDGConsulting","https:\/\/buymeacoffee.com\/AlphaDGConsulting","https:\/\/bsky.app\/profile\/alpha-gefahrgut.bsky.social","https:\/\/www.reddit.com\/user\/United_Ad5357\/","https:\/\/semasocial.com\/profile\/247322","https:\/\/truthsocial.com\/@AlphaDangerousGoodsConsulting","https:\/\/www.linkedin.com\/in\/michael-miska-mm\/","https:\/\/www.xing.com\/profile\/Michael_Miska088516\/web_profiles","https:\/\/rumble.com\/user\/AlphaDangerousGoodsConsulting","https:\/\/de.pinterest.com\/AlphaGefahrgutConsulting\/"]}]}},"_links":{"self":[{"href":"https:\/\/www.alpha-gefahrgut-consulting.de\/index.php\/wp-json\/wp\/v2\/pages\/580","targetHints":{"allow":["GET"]}}],"collection":[{"href":"https:\/\/www.alpha-gefahrgut-consulting.de\/index.php\/wp-json\/wp\/v2\/pages"}],"about":[{"href":"https:\/\/www.alpha-gefahrgut-consulting.de\/index.php\/wp-json\/wp\/v2\/types\/page"}],"author":[{"embeddable":true,"href":"https:\/\/www.alpha-gefahrgut-consulting.de\/index.php\/wp-json\/wp\/v2\/users\/1"}],"replies":[{"embeddable":true,"href":"https:\/\/www.alpha-gefahrgut-consulting.de\/index.php\/wp-json\/wp\/v2\/comments?post=580"}],"version-history":[{"count":23,"href":"https:\/\/www.alpha-gefahrgut-consulting.de\/index.php\/wp-json\/wp\/v2\/pages\/580\/revisions"}],"predecessor-version":[{"id":9034,"href":"https:\/\/www.alpha-gefahrgut-consulting.de\/index.php\/wp-json\/wp\/v2\/pages\/580\/revisions\/9034"}],"wp:attachment":[{"href":"https:\/\/www.alpha-gefahrgut-consulting.de\/index.php\/wp-json\/wp\/v2\/media?parent=580"}],"curies":[{"name":"wp","href":"https:\/\/api.w.org\/{rel}","templated":true}]}}