{"id":577,"date":"2021-02-18T17:58:12","date_gmt":"2021-02-18T16:58:12","guid":{"rendered":"https:\/\/www.alpha-gefahrgut-consulting.de\/?page_id=577"},"modified":"2025-07-13T08:45:59","modified_gmt":"2025-07-13T06:45:59","slug":"gefahrgut-luft","status":"publish","type":"page","link":"https:\/\/www.alpha-gefahrgut-consulting.de\/index.php\/gefahrgut-luft\/","title":{"rendered":"Gefahrgut-Luftfracht-IATA-DGR"},"content":{"rendered":"<h1><em><span style=\"color: #000080;\">\u201d<\/span><\/em><span style=\"font-family: Arial, sans-serif;\"><b><span style=\"color: #000080;\"><em>Gefahrgut Luftfracht IATA&#8230;\u201d<\/em><\/span><\/b><\/span><\/h1>\n<p><span style=\"font-family: Arial, sans-serif;\"><em>Bem zum Bild oben: <\/em><br \/><em>Die legend\u00e4re 707 Cargo war ein eleganter Klassiker der L\u00fcfte &#8211;<br \/>und flog bis ins Jahr 2004 f\u00fcr die libanesische TMA.<\/em><\/span><\/p>\n<p><strong>Ein Klassiker<\/strong> sind auch unsere vom Luftfahrt-Bundesamt (LBA) anerkannten Gefahrgutschulungen f\u00fcr den Luftverkehr &#8211; inzwischen seit \u00fcber 20 Jahren sicher am Schulungsmarkt etabliert.<\/p>\n<p><img loading=\"lazy\" decoding=\"async\" class=\"alignnone size-full wp-image-947\" src=\"https:\/\/www.alpha-gefahrgut-consulting.de\/wp-content\/uploads\/2021\/02\/20-years-707-Himmel-440-x-259.jpg\" alt=\"\" width=\"440\" height=\"259\" srcset=\"https:\/\/www.alpha-gefahrgut-consulting.de\/wp-content\/uploads\/2021\/02\/20-years-707-Himmel-440-x-259.jpg 440w, https:\/\/www.alpha-gefahrgut-consulting.de\/wp-content\/uploads\/2021\/02\/20-years-707-Himmel-440-x-259-300x177.jpg 300w\" sizes=\"auto, (max-width: 440px) 100vw, 440px\" \/><\/p>\n<h2><span style=\"color: #000000;\"><strong>Brandeilige Gefahrg\u00fcter<\/strong><\/span><\/h2>\n<p><strong>&#8218;Brandeilige&#8216; Gefahrg\u00fcter<\/strong> werden auch per Luftfracht versendet und bef\u00f6rdert. Die G\u00fcter jetten dann nach den einschl\u00e4gigen Regelungen der ICAO-TI \/ IATA-DGR um die Welt. F\u00fcr die Bef\u00f6rderung von Gefahrgut per Luftfracht kommen dabei sowohl spezielle Nur- Frachtflugzeuge, als auch sogenannte Kombi- Frachtflugzeuge, welche neben den Passagieren auch gr\u00f6\u00dfere Mengen an Fracht bef\u00f6rdern k\u00f6nnen, zum Einsatz. Dar\u00fcber hinaus gibt es Flugzeuge, die innerhalb weniger Stunden oder Tage von einer Passagiermaschine in ein Frachtflugzeug umgebaut werden k\u00f6nnen.<br \/>Auch an Bord von Passagierflugzeugen wird Fracht bef\u00f6rdert, meistens als sogenannte \u00bbBelly-Fracht\u00ab in den Frachtr\u00e4umen des Unterdecks, also unterhalb der Passagierkabine.<\/p>\n<h2><span style=\"color: #000000;\"><strong>Airlines<\/strong><\/span><\/h2>\n<p>Die fr\u00fcher oft in Staatsbesitz befindlichen nationalen Fluggesellschaften wie Lufthansa, British Airways, Air France, Alitalia, Iberia u.s.w. verf\u00fcg(t)en \u00fcber einen allgemein hohen Bekanntheitsgrad. Die zu ihrer Zeit (bis 1991) wohl bekannteste Airline der Welt war die US- amerikanische Pan Am.<\/p>\n<hr \/>\n<p><a title=\"AlainDurand (GFDL 1.2 &lt;http:\/\/www.gnu.org\/licenses\/old-licenses\/fdl-1.2.html&gt; or GFDL 1.2 &lt;http:\/\/www.gnu.org\/licenses\/old-licenses\/fdl-1.2.html&gt;), via Wikimedia Commons\" href=\"https:\/\/commons.wikimedia.org\/wiki\/File:Boeing_747-122(SF),_Pan_American_World_Airways_-_Pan_Am_AN1034686.jpg\"><img decoding=\"async\" src=\"https:\/\/upload.wikimedia.org\/wikipedia\/commons\/thumb\/a\/a1\/Boeing_747-122%28SF%29%2C_Pan_American_World_Airways_-_Pan_Am_AN1034686.jpg\/1024px-Boeing_747-122%28SF%29%2C_Pan_American_World_Airways_-_Pan_Am_AN1034686.jpg\" alt=\"Boeing 747-122(SF), Pan American World Airways - Pan Am AN1034686\" width=\"1024\" \/><\/a>AlainDurand (GFDL 1.2 &lt;http:\/\/www.gnu.org\/licenses\/old-licenses\/fdl-1.2.html&gt; or GFDL 1.2 &lt;http:\/\/www.gnu.org\/licenses\/old-licenses\/fdl-1.2.html&gt;), via Wikimedia Commons<\/p>\n<hr \/>\n<p>Die Zeit rast: Auch der noch weit verbreitete 747 ist schon auf dem Weg zum &#8222;Oldtimer&#8220;. Am 7.Dez 2022 hat der letzte, f\u00fcr Atlas Air bestimmte &#8222;Jumbo&#8220; die Boeing Fertigungshallen in Everett (USA) verlassen.\u00a0 In ihren letzten Produktionsjahren war die 747 immer weniger gefragt, weil die Airlines auf andere &#8222;widebody aircraft&#8220; wie z.B. die Boeing 777 (&#8222;triple seven&#8220;) umstiegen.<\/p>\n<hr \/>\n<h2><span style=\"color: #000000;\"><strong>Cargo-Airlines<\/strong><\/span><\/h2>\n<p>Die reinen Fracht- Carrier, die idR keine Passagierfl\u00fcge durchf\u00fchren, sind demgegen\u00fcber oftmals nur den \u00bbInsidern\u00ab bekannt: Polar Air, Atlas Air, Kalitta Air, Cargolux, um nur eine kleine Auswahl der Frachtspezialisten zu nennen. Diese Gesellschaften sind teilweise beachtlich gro\u00df und sie k\u00f6nnen durchaus hohe zweistellige oder sogar eine dreistellige Zahl an Flugzeugen betreiben.<\/p>\n<p><span style=\"font-family: Arial, sans-serif;\">Abh\u00e4ngig von der Airline kommen neben Frachtflugzeug- Neubauten zuweilen auch \u00e4ltere Baumuster, bzw. \u00bbkonvertierte\u00ab Frachtflugzeuge zum Einsatz. Dabei handelt es sich um nach dem Ende ihrer Nutzungszeit als Passagierflugzeug zum Frachter umgebaute Flugzeuge. Bei solchen Umbauten kann u.a. der Boden auf dem Hauptladedeck verst\u00e4rkt und eine gro\u00dfe Frachtraumt\u00fcr eingebaut werden.<\/span><\/p>\n<p>F\u00fcr die Lufthansa Cargo sind in der Hauptsache (Stand: Mrz 2022) ca zehn Boeing 777-F \u00a0(Nutzlast ca 102 to, Reichweite ca 9.000 km) unterwegs.<br \/><em>(Bem: Die fr\u00fcher das R\u00fcckgrat bildende Frachterflotte aus McDonnell Douglas MD-11F (Nutzlast ca 90 to) wurde abgegeben und fliegt jetzt bei anderen Gesellschaften weiter (siehe dazu auch unsere Twitter-timeline)).<\/em><\/p>\n<p>Reine Luftfrachtflugzeuge sind nicht selten \u00bbNachttiere\u00ab. Ein gro\u00dfer Teil der Frachtfl\u00fcge findet in den Abend- und Nachtstunden statt.<\/p>\n<h2><span style=\"color: #000000;\"><strong>Fracht per Passagierflugzeug<\/strong><\/span><\/h2>\n<p><span style=\"font-family: Arial, sans-serif;\">Passagierflugzeuge nehmen demgegen\u00fcber den ganzen Tag \u00fcber ihre eilige Fracht auf und verbringen sie mit einer Vielzahl ihrer schnellen Verbindung von Ort zu Ort. In der letzten Zeit hat sich die Anzahl der Passagierflugverbindungen, die im Zuge der &#8222;Corona-Krise&#8220; eingebrochen war, wieder erholt.<\/span><\/p>\n<p>Eine besondere Variante der Frachtbef\u00f6rderung , die auch w\u00e4hrend der Corona-Krise half, Besch\u00e4ftigung f\u00fcr ansonsten leere Passagierflugzeuge zu finden, ist die Frachtbef\u00f6rderung mit sogenannten CSB (cargo seat bags) auf (freien) Sitzpl\u00e4tzen.<\/p>\n<p><img loading=\"lazy\" decoding=\"async\" class=\"alignnone size-full wp-image-1243\" src=\"https:\/\/www.alpha-gefahrgut-consulting.de\/wp-content\/uploads\/2022\/10\/AGC_MM_ATR_FUE.jpg\" alt=\"\" width=\"995\" height=\"521\" srcset=\"https:\/\/www.alpha-gefahrgut-consulting.de\/wp-content\/uploads\/2022\/10\/AGC_MM_ATR_FUE.jpg 995w, https:\/\/www.alpha-gefahrgut-consulting.de\/wp-content\/uploads\/2022\/10\/AGC_MM_ATR_FUE-300x157.jpg 300w, https:\/\/www.alpha-gefahrgut-consulting.de\/wp-content\/uploads\/2022\/10\/AGC_MM_ATR_FUE-768x402.jpg 768w\" sizes=\"auto, (max-width: 767px) 89vw, (max-width: 1000px) 54vw, (max-width: 1071px) 543px, 580px\" \/><\/p>\n<h2><span style=\"color: #000000;\"><strong>KEP-Fliegerei<\/strong><\/span><\/h2>\n<p>Auch die schnellen Produkte im internationalen <span style=\"color: #0000ff;\"><strong><a href=\"https:\/\/www.alpha-gefahrgut-consulting.de\/index.php\/gefahrgut-post\/\">Paket-, Kurier-, und Expressmarkt (KEP)<\/a><\/strong><\/span> basieren oftmals auf der Luftfracht. Kleinere Mengen werden von den Dienstleistern auf den regelm\u00e4\u00dfig verkehrenden Linienmaschinen der bekannten Airlines verladen. Demgegen\u00fcber kommen f\u00fcr die gro\u00dfen Paket- und Frachtstr\u00f6me bei einigen der sogenannten \u00bbIntegrators\u00ab aber auch eigene Frachtflugzeuge zum Einsatz.<\/p>\n<p>Der Paketdienst Federal Express (FedEx) avancierte nach der fr\u00fcheren \u00dcbernahme der legend\u00e4ren Frachtfluggesellschaft Flying Tigers sogar zur gr\u00f6\u00dften Fracht-Airline der Welt.\u00a0 Neben Gro\u00dfraumtypen (widebody aircrafts) wie die Typen Boeing 777F (und B757F), MD-11F ist auch kleineres Flugger\u00e4t f\u00fcr regionale Eins\u00e4tze, insbesondere in Form von Maschinen des Herstellers ATR und Cessna (&#8222;Cargomaster&#8220;), f\u00fcr FedEx unterwegs.<\/p>\n<p>Der im Jahre 1907 gegr\u00fcndete United Parcel Service (UPS) kaufte 1981 sein erstes Flugzeug. Heute geh\u00f6rt auch UPS zu den gr\u00f6\u00dften Fluglinien der Welt.<\/p>\n<p>Und auch DHL Express operiert mit einer gro\u00dfen Flugzeugflotte, wobei viele der DHL-Maschinen durch Tochtergesellschaften oder Partnerunternehmen betrieben werden.<\/p>\n<h2><span style=\"color: #000000;\"><strong>Regelwerke<\/strong><\/span><\/h2>\n<p>F\u00fcr den besonders sensiblen Bereich der Bef\u00f6rderung gef\u00e4hrlicher G\u00fcter im Luftverkehr gelten neben dem Gefahrgutbef\u00f6rderungsgesetz der Bundesrepublik Deutschland, dem Luftverkehrsgesetz der Bundesrepublik Deutschland und den europ\u00e4ischen EU-OPS die in den Nachrichten f\u00fcr Luftfahrer (NfL) vom Luftfahrt-Bundesamt als der zust\u00e4ndigen \u00dcberwachungsbeh\u00f6rde bekanntgemachten Regelungen insbesondere die:<br \/>International Civil Aviation Organisation-Technical Instructions (ICAO-TI) und die International Air Transport Association-Dangerous Goods Regulations (IATA-DGR).<\/p>\n<p><span style=\"font-family: Arial, sans-serif;\">Die Gefahrgutbestimmungen im Luftverkehr, insbesondere im Bereich \u00bbGefahrgut Luftfracht\u00ab sind aus gutem Grund restriktiv und die Schulungsanforderungen an das Personal anspruchsvoll.<\/span><\/p>\n<h2><strong><span style=\"color: #000000;\">Schulung<\/span><\/strong><\/h2>\n<p>Alpha Gefahrgut Consulting unterh\u00e4lt ein vom Luftfahrt-Bundesamt anerkanntes <strong>CBTA-<\/strong> <b>Schulungsprogramm<\/b> f\u00fcr die Gefahrgutbef\u00f6rderung im Luftverkehr nach den Regeln der ICAO-TI (bzw. IATA-DGR) und des CBTA.<\/p>\n<p>Ein <b>Gefahrgut-Praxisseminar<\/b> \/ Workshop f\u00fcr die Gefahrgutbef\u00f6rderung im Luftverkehr und ein <b>Air Eligibility Workshop<\/b> runden das Schulungsangebot im Luftverkehr ab.<\/p>\n<p><span style=\"font-family: Arial, sans-serif;\"><i><b><img loading=\"lazy\" decoding=\"async\" class=\"alignnone size-full wp-image-1244\" src=\"https:\/\/www.alpha-gefahrgut-consulting.de\/wp-content\/uploads\/2022\/10\/AGC_MM_LH_Cgo_D-ABYU.jpg\" alt=\"\" width=\"936\" height=\"433\" srcset=\"https:\/\/www.alpha-gefahrgut-consulting.de\/wp-content\/uploads\/2022\/10\/AGC_MM_LH_Cgo_D-ABYU.jpg 936w, https:\/\/www.alpha-gefahrgut-consulting.de\/wp-content\/uploads\/2022\/10\/AGC_MM_LH_Cgo_D-ABYU-300x139.jpg 300w, https:\/\/www.alpha-gefahrgut-consulting.de\/wp-content\/uploads\/2022\/10\/AGC_MM_LH_Cgo_D-ABYU-768x355.jpg 768w\" sizes=\"auto, (max-width: 767px) 89vw, (max-width: 1000px) 54vw, (max-width: 1071px) 543px, 580px\" \/><br \/><\/b><\/i><\/span><\/p>\n<p><em>Bem zum Bild oben: <\/em><br \/><em>Die Lufthansa hat noch eine ganze Reihe &#8222;Jumbos&#8220; im Bestand (einige davon inaktiv) .\u00a0 Der &#8222;Jumbo&#8220; hat auch in der Passagierversion viel Platz f\u00fcr Fracht.<\/em><\/p>\n<hr \/>\n<p><b><a href=\"https:\/\/www.alpha-gefahrgut-consulting.de\/index.php\/gefahrgutschulung-lbaicaoiata\/\"><span style=\"color: #000080;\">Schulungsprogramm<\/span><\/a><br \/><\/b><span style=\"color: #000080;\">(\u201cGefahrgut Luft\u201d)<\/span><br \/>Alpha Gefahrgut Consulting ist vom deutschen Luftfahrt-Bundesamt (LBA) anerkannter Schulungsveranstalter f\u00fcr Gefahrgutkurse nach den Regeln von CBTA, ICAO-TI \/ IATA-DGR.<br \/>Solche Schulungen sind eine Spezialit\u00e4t der Alpha Gefahrgut Consulting.<br \/>Unternehmen k\u00f6nnen ihr Personal bei uns schulen und zertifizieren lassen.<br \/>Erfahren Sie mehr dar\u00fcber.<\/p>\n<hr \/>\n<p><a href=\"https:\/\/www.alpha-gefahrgut-consulting.de\/index.php\/cbta-gefahrgutschulung-luft\/\"><strong><span style=\"color: #000080;\">Zu den Gefahrgutschulungen<\/span><\/strong><\/a><\/p>\n<p>Hier geht es direkt zu den Schulungen:<br \/>LBA*-anerkannte Gefahrgutschulungen<br \/>nach den Regeln der ICAO-TI \/ IATA-DGR<br \/>und des CBTA (Competence Based Training and Assessment).<br \/><em>(*Luftfahrt-Bundesamt)<\/em><\/p>\n<hr \/>\n\n\n<figure class=\"wp-block-embed is-type-video is-provider-youtube wp-block-embed-youtube wp-embed-aspect-16-9 wp-has-aspect-ratio\"><div class=\"wp-block-embed__wrapper\">\n<iframe loading=\"lazy\" title=\"Alpha Gefahrgut CBTA VCR Trailer\" width=\"525\" height=\"295\" src=\"https:\/\/www.youtube.com\/embed\/sxgwp440ops?feature=oembed\" frameborder=\"0\" allow=\"accelerometer; autoplay; clipboard-write; encrypted-media; gyroscope; picture-in-picture; web-share\" referrerpolicy=\"strict-origin-when-cross-origin\" allowfullscreen><\/iframe>\n<\/div><\/figure>\n","protected":false},"excerpt":{"rendered":"<p>\u201dGefahrgut Luftfracht IATA&#8230;\u201d Bem zum Bild oben: Die legend\u00e4re 707 Cargo war ein eleganter Klassiker der L\u00fcfte &#8211;und flog bis ins Jahr 2004 f\u00fcr die libanesische TMA. Ein Klassiker sind auch unsere vom Luftfahrt-Bundesamt (LBA) anerkannten Gefahrgutschulungen f\u00fcr den Luftverkehr &#8211; inzwischen seit \u00fcber 20 Jahren sicher am Schulungsmarkt etabliert. Brandeilige Gefahrg\u00fcter &#8218;Brandeilige&#8216; Gefahrg\u00fcter werden &hellip; <\/p>\n<p class=\"link-more\"><a href=\"https:\/\/www.alpha-gefahrgut-consulting.de\/index.php\/gefahrgut-luft\/\" class=\"more-link\"><span class=\"screen-reader-text\">\u201eGefahrgut-Luftfracht-IATA-DGR\u201c<\/span> weiterlesen<\/a><\/p>\n","protected":false},"author":1,"featured_media":655,"parent":0,"menu_order":0,"comment_status":"closed","ping_status":"closed","template":"","meta":{"episode_type":"","audio_file":"","podmotor_file_id":"","podmotor_episode_id":"","cover_image":"","cover_image_id":"","duration":"","filesize":"","filesize_raw":"","date_recorded":"","explicit":"","block":"","footnotes":""},"class_list":["post-577","page","type-page","status-publish","has-post-thumbnail","hentry"],"yoast_head":"<!-- This site is optimized with the Yoast SEO plugin v27.4 - https:\/\/yoast.com\/product\/yoast-seo-wordpress\/ -->\n<title>Gefahrgut per Luftfracht<\/title>\n<meta name=\"description\" content=\"Gefahrgut wird per Luftfracht bef\u00f6rdert. Grundwissen und Hintergrund-Informationen f\u00fcr Beteiligte und Interessierte. Lesen Sie sich ein!\" \/>\n<meta name=\"robots\" content=\"index, follow, max-snippet:-1, max-image-preview:large, max-video-preview:-1\" \/>\n<link rel=\"canonical\" href=\"https:\/\/www.alpha-gefahrgut-consulting.de\/index.php\/gefahrgut-luft\/\" \/>\n<meta property=\"og:locale\" content=\"de_DE\" \/>\n<meta property=\"og:type\" content=\"article\" \/>\n<meta property=\"og:title\" content=\"Gefahrgut per Luftfracht\" \/>\n<meta property=\"og:description\" content=\"Gefahrgut wird per Luftfracht bef\u00f6rdert. Grundwissen und Hintergrund-Informationen f\u00fcr Beteiligte und Interessierte. Lesen Sie sich ein!\" \/>\n<meta property=\"og:url\" content=\"https:\/\/www.alpha-gefahrgut-consulting.de\/index.php\/gefahrgut-luft\/\" \/>\n<meta property=\"og:site_name\" content=\"ALPHA GEFAHRGUT CONSULTING\" \/>\n<meta property=\"article:modified_time\" content=\"2025-07-13T06:45:59+00:00\" \/>\n<meta property=\"og:image\" content=\"https:\/\/www.alpha-gefahrgut-consulting.de\/wp-content\/uploads\/2021\/02\/TMA_707.jpg\" \/>\n\t<meta property=\"og:image:width\" content=\"748\" \/>\n\t<meta property=\"og:image:height\" content=\"372\" \/>\n\t<meta property=\"og:image:type\" content=\"image\/jpeg\" \/>\n<meta name=\"twitter:card\" content=\"summary_large_image\" \/>\n<meta name=\"twitter:site\" content=\"@Alpha_Gefahrgut\" \/>\n<meta name=\"twitter:label1\" content=\"Gesch\u00e4tzte Lesezeit\" \/>\n\t<meta name=\"twitter:data1\" content=\"6\u00a0Minuten\" \/>\n<script type=\"application\/ld+json\" class=\"yoast-schema-graph\">{\"@context\":\"https:\\\/\\\/schema.org\",\"@graph\":[{\"@type\":\"WebPage\",\"@id\":\"https:\\\/\\\/www.alpha-gefahrgut-consulting.de\\\/index.php\\\/gefahrgut-luft\\\/\",\"url\":\"https:\\\/\\\/www.alpha-gefahrgut-consulting.de\\\/index.php\\\/gefahrgut-luft\\\/\",\"name\":\"Gefahrgut per Luftfracht\",\"isPartOf\":{\"@id\":\"https:\\\/\\\/www.alpha-gefahrgut-consulting.de\\\/#website\"},\"primaryImageOfPage\":{\"@id\":\"https:\\\/\\\/www.alpha-gefahrgut-consulting.de\\\/index.php\\\/gefahrgut-luft\\\/#primaryimage\"},\"image\":{\"@id\":\"https:\\\/\\\/www.alpha-gefahrgut-consulting.de\\\/index.php\\\/gefahrgut-luft\\\/#primaryimage\"},\"thumbnailUrl\":\"https:\\\/\\\/www.alpha-gefahrgut-consulting.de\\\/wp-content\\\/uploads\\\/2021\\\/02\\\/TMA_707.jpg\",\"datePublished\":\"2021-02-18T16:58:12+00:00\",\"dateModified\":\"2025-07-13T06:45:59+00:00\",\"description\":\"Gefahrgut wird per Luftfracht bef\u00f6rdert. Grundwissen und Hintergrund-Informationen f\u00fcr Beteiligte und Interessierte. Lesen Sie sich ein!\",\"breadcrumb\":{\"@id\":\"https:\\\/\\\/www.alpha-gefahrgut-consulting.de\\\/index.php\\\/gefahrgut-luft\\\/#breadcrumb\"},\"inLanguage\":\"de\",\"potentialAction\":[{\"@type\":\"ReadAction\",\"target\":[\"https:\\\/\\\/www.alpha-gefahrgut-consulting.de\\\/index.php\\\/gefahrgut-luft\\\/\"]}]},{\"@type\":\"ImageObject\",\"inLanguage\":\"de\",\"@id\":\"https:\\\/\\\/www.alpha-gefahrgut-consulting.de\\\/index.php\\\/gefahrgut-luft\\\/#primaryimage\",\"url\":\"https:\\\/\\\/www.alpha-gefahrgut-consulting.de\\\/wp-content\\\/uploads\\\/2021\\\/02\\\/TMA_707.jpg\",\"contentUrl\":\"https:\\\/\\\/www.alpha-gefahrgut-consulting.de\\\/wp-content\\\/uploads\\\/2021\\\/02\\\/TMA_707.jpg\",\"width\":748,\"height\":372},{\"@type\":\"BreadcrumbList\",\"@id\":\"https:\\\/\\\/www.alpha-gefahrgut-consulting.de\\\/index.php\\\/gefahrgut-luft\\\/#breadcrumb\",\"itemListElement\":[{\"@type\":\"ListItem\",\"position\":1,\"name\":\"Startseite\",\"item\":\"https:\\\/\\\/www.alpha-gefahrgut-consulting.de\\\/\"},{\"@type\":\"ListItem\",\"position\":2,\"name\":\"Gefahrgut-Luftfracht-IATA-DGR\"}]},{\"@type\":\"WebSite\",\"@id\":\"https:\\\/\\\/www.alpha-gefahrgut-consulting.de\\\/#website\",\"url\":\"https:\\\/\\\/www.alpha-gefahrgut-consulting.de\\\/\",\"name\":\"ALPHA GEFAHRGUT CONSULTING\",\"description\":\"First Class Dangerous Goods Consulting, Management, Training.\",\"publisher\":{\"@id\":\"https:\\\/\\\/www.alpha-gefahrgut-consulting.de\\\/#organization\"},\"potentialAction\":[{\"@type\":\"SearchAction\",\"target\":{\"@type\":\"EntryPoint\",\"urlTemplate\":\"https:\\\/\\\/www.alpha-gefahrgut-consulting.de\\\/?s={search_term_string}\"},\"query-input\":{\"@type\":\"PropertyValueSpecification\",\"valueRequired\":true,\"valueName\":\"search_term_string\"}}],\"inLanguage\":\"de\"},{\"@type\":\"Organization\",\"@id\":\"https:\\\/\\\/www.alpha-gefahrgut-consulting.de\\\/#organization\",\"name\":\"ALPHA GEFAHRGUT CONSULTING\",\"url\":\"https:\\\/\\\/www.alpha-gefahrgut-consulting.de\\\/\",\"logo\":{\"@type\":\"ImageObject\",\"inLanguage\":\"de\",\"@id\":\"https:\\\/\\\/www.alpha-gefahrgut-consulting.de\\\/#\\\/schema\\\/logo\\\/image\\\/\",\"url\":\"https:\\\/\\\/www.alpha-gefahrgut-consulting.de\\\/wp-content\\\/uploads\\\/2020\\\/04\\\/cropped-AGCLogoBlech-c.jpg\",\"contentUrl\":\"https:\\\/\\\/www.alpha-gefahrgut-consulting.de\\\/wp-content\\\/uploads\\\/2020\\\/04\\\/cropped-AGCLogoBlech-c.jpg\",\"width\":250,\"height\":250,\"caption\":\"ALPHA GEFAHRGUT CONSULTING\"},\"image\":{\"@id\":\"https:\\\/\\\/www.alpha-gefahrgut-consulting.de\\\/#\\\/schema\\\/logo\\\/image\\\/\"},\"sameAs\":[\"https:\\\/\\\/x.com\\\/Alpha_Gefahrgut\",\"https:\\\/\\\/www.youtube.com\\\/@AlphaDGConsulting\",\"https:\\\/\\\/buymeacoffee.com\\\/AlphaDGConsulting\",\"https:\\\/\\\/bsky.app\\\/profile\\\/alpha-gefahrgut.bsky.social\",\"https:\\\/\\\/www.reddit.com\\\/user\\\/United_Ad5357\\\/\",\"https:\\\/\\\/semasocial.com\\\/profile\\\/247322\",\"https:\\\/\\\/truthsocial.com\\\/@AlphaDangerousGoodsConsulting\",\"https:\\\/\\\/www.linkedin.com\\\/in\\\/michael-miska-mm\\\/\",\"https:\\\/\\\/www.xing.com\\\/profile\\\/Michael_Miska088516\\\/web_profiles\",\"https:\\\/\\\/rumble.com\\\/user\\\/AlphaDangerousGoodsConsulting\",\"https:\\\/\\\/de.pinterest.com\\\/AlphaGefahrgutConsulting\\\/\"]}]}<\/script>\n<!-- \/ Yoast SEO plugin. -->","yoast_head_json":{"title":"Gefahrgut per Luftfracht","description":"Gefahrgut wird per Luftfracht bef\u00f6rdert. Grundwissen und Hintergrund-Informationen f\u00fcr Beteiligte und Interessierte. Lesen Sie sich ein!","robots":{"index":"index","follow":"follow","max-snippet":"max-snippet:-1","max-image-preview":"max-image-preview:large","max-video-preview":"max-video-preview:-1"},"canonical":"https:\/\/www.alpha-gefahrgut-consulting.de\/index.php\/gefahrgut-luft\/","og_locale":"de_DE","og_type":"article","og_title":"Gefahrgut per Luftfracht","og_description":"Gefahrgut wird per Luftfracht bef\u00f6rdert. Grundwissen und Hintergrund-Informationen f\u00fcr Beteiligte und Interessierte. Lesen Sie sich ein!","og_url":"https:\/\/www.alpha-gefahrgut-consulting.de\/index.php\/gefahrgut-luft\/","og_site_name":"ALPHA GEFAHRGUT CONSULTING","article_modified_time":"2025-07-13T06:45:59+00:00","og_image":[{"width":748,"height":372,"url":"https:\/\/www.alpha-gefahrgut-consulting.de\/wp-content\/uploads\/2021\/02\/TMA_707.jpg","type":"image\/jpeg"}],"twitter_card":"summary_large_image","twitter_site":"@Alpha_Gefahrgut","twitter_misc":{"Gesch\u00e4tzte Lesezeit":"6\u00a0Minuten"},"schema":{"@context":"https:\/\/schema.org","@graph":[{"@type":"WebPage","@id":"https:\/\/www.alpha-gefahrgut-consulting.de\/index.php\/gefahrgut-luft\/","url":"https:\/\/www.alpha-gefahrgut-consulting.de\/index.php\/gefahrgut-luft\/","name":"Gefahrgut per Luftfracht","isPartOf":{"@id":"https:\/\/www.alpha-gefahrgut-consulting.de\/#website"},"primaryImageOfPage":{"@id":"https:\/\/www.alpha-gefahrgut-consulting.de\/index.php\/gefahrgut-luft\/#primaryimage"},"image":{"@id":"https:\/\/www.alpha-gefahrgut-consulting.de\/index.php\/gefahrgut-luft\/#primaryimage"},"thumbnailUrl":"https:\/\/www.alpha-gefahrgut-consulting.de\/wp-content\/uploads\/2021\/02\/TMA_707.jpg","datePublished":"2021-02-18T16:58:12+00:00","dateModified":"2025-07-13T06:45:59+00:00","description":"Gefahrgut wird per Luftfracht bef\u00f6rdert. Grundwissen und Hintergrund-Informationen f\u00fcr Beteiligte und Interessierte. Lesen Sie sich ein!","breadcrumb":{"@id":"https:\/\/www.alpha-gefahrgut-consulting.de\/index.php\/gefahrgut-luft\/#breadcrumb"},"inLanguage":"de","potentialAction":[{"@type":"ReadAction","target":["https:\/\/www.alpha-gefahrgut-consulting.de\/index.php\/gefahrgut-luft\/"]}]},{"@type":"ImageObject","inLanguage":"de","@id":"https:\/\/www.alpha-gefahrgut-consulting.de\/index.php\/gefahrgut-luft\/#primaryimage","url":"https:\/\/www.alpha-gefahrgut-consulting.de\/wp-content\/uploads\/2021\/02\/TMA_707.jpg","contentUrl":"https:\/\/www.alpha-gefahrgut-consulting.de\/wp-content\/uploads\/2021\/02\/TMA_707.jpg","width":748,"height":372},{"@type":"BreadcrumbList","@id":"https:\/\/www.alpha-gefahrgut-consulting.de\/index.php\/gefahrgut-luft\/#breadcrumb","itemListElement":[{"@type":"ListItem","position":1,"name":"Startseite","item":"https:\/\/www.alpha-gefahrgut-consulting.de\/"},{"@type":"ListItem","position":2,"name":"Gefahrgut-Luftfracht-IATA-DGR"}]},{"@type":"WebSite","@id":"https:\/\/www.alpha-gefahrgut-consulting.de\/#website","url":"https:\/\/www.alpha-gefahrgut-consulting.de\/","name":"ALPHA GEFAHRGUT CONSULTING","description":"First Class Dangerous Goods Consulting, Management, Training.","publisher":{"@id":"https:\/\/www.alpha-gefahrgut-consulting.de\/#organization"},"potentialAction":[{"@type":"SearchAction","target":{"@type":"EntryPoint","urlTemplate":"https:\/\/www.alpha-gefahrgut-consulting.de\/?s={search_term_string}"},"query-input":{"@type":"PropertyValueSpecification","valueRequired":true,"valueName":"search_term_string"}}],"inLanguage":"de"},{"@type":"Organization","@id":"https:\/\/www.alpha-gefahrgut-consulting.de\/#organization","name":"ALPHA GEFAHRGUT CONSULTING","url":"https:\/\/www.alpha-gefahrgut-consulting.de\/","logo":{"@type":"ImageObject","inLanguage":"de","@id":"https:\/\/www.alpha-gefahrgut-consulting.de\/#\/schema\/logo\/image\/","url":"https:\/\/www.alpha-gefahrgut-consulting.de\/wp-content\/uploads\/2020\/04\/cropped-AGCLogoBlech-c.jpg","contentUrl":"https:\/\/www.alpha-gefahrgut-consulting.de\/wp-content\/uploads\/2020\/04\/cropped-AGCLogoBlech-c.jpg","width":250,"height":250,"caption":"ALPHA GEFAHRGUT CONSULTING"},"image":{"@id":"https:\/\/www.alpha-gefahrgut-consulting.de\/#\/schema\/logo\/image\/"},"sameAs":["https:\/\/x.com\/Alpha_Gefahrgut","https:\/\/www.youtube.com\/@AlphaDGConsulting","https:\/\/buymeacoffee.com\/AlphaDGConsulting","https:\/\/bsky.app\/profile\/alpha-gefahrgut.bsky.social","https:\/\/www.reddit.com\/user\/United_Ad5357\/","https:\/\/semasocial.com\/profile\/247322","https:\/\/truthsocial.com\/@AlphaDangerousGoodsConsulting","https:\/\/www.linkedin.com\/in\/michael-miska-mm\/","https:\/\/www.xing.com\/profile\/Michael_Miska088516\/web_profiles","https:\/\/rumble.com\/user\/AlphaDangerousGoodsConsulting","https:\/\/de.pinterest.com\/AlphaGefahrgutConsulting\/"]}]}},"_links":{"self":[{"href":"https:\/\/www.alpha-gefahrgut-consulting.de\/index.php\/wp-json\/wp\/v2\/pages\/577","targetHints":{"allow":["GET"]}}],"collection":[{"href":"https:\/\/www.alpha-gefahrgut-consulting.de\/index.php\/wp-json\/wp\/v2\/pages"}],"about":[{"href":"https:\/\/www.alpha-gefahrgut-consulting.de\/index.php\/wp-json\/wp\/v2\/types\/page"}],"author":[{"embeddable":true,"href":"https:\/\/www.alpha-gefahrgut-consulting.de\/index.php\/wp-json\/wp\/v2\/users\/1"}],"replies":[{"embeddable":true,"href":"https:\/\/www.alpha-gefahrgut-consulting.de\/index.php\/wp-json\/wp\/v2\/comments?post=577"}],"version-history":[{"count":55,"href":"https:\/\/www.alpha-gefahrgut-consulting.de\/index.php\/wp-json\/wp\/v2\/pages\/577\/revisions"}],"predecessor-version":[{"id":9660,"href":"https:\/\/www.alpha-gefahrgut-consulting.de\/index.php\/wp-json\/wp\/v2\/pages\/577\/revisions\/9660"}],"wp:featuredmedia":[{"embeddable":true,"href":"https:\/\/www.alpha-gefahrgut-consulting.de\/index.php\/wp-json\/wp\/v2\/media\/655"}],"wp:attachment":[{"href":"https:\/\/www.alpha-gefahrgut-consulting.de\/index.php\/wp-json\/wp\/v2\/media?parent=577"}],"curies":[{"name":"wp","href":"https:\/\/api.w.org\/{rel}","templated":true}]}}