{"id":5706,"date":"2024-07-07T13:48:11","date_gmt":"2024-07-07T11:48:11","guid":{"rendered":"https:\/\/www.alpha-gefahrgut-consulting.de\/?page_id=5706"},"modified":"2025-05-30T09:34:42","modified_gmt":"2025-05-30T07:34:42","slug":"beta-modellbau-modellbahn","status":"publish","type":"page","link":"https:\/\/www.alpha-gefahrgut-consulting.de\/index.php\/beta-modellbau-modellbahn\/","title":{"rendered":"Beta Modell"},"content":{"rendered":"<p><i><br \/><\/i>Powered by Alpha Gefahrgut Consulting:<br \/><strong>Beta Modellbau &amp; Modellbahn<\/strong> Kleinkunstwerkstatt<\/p>\n<hr \/>\n<p><strong>&#8222;Richtiges&#8220; vorbildgerechtes Gefahrgut auf Ihrer HO-Modellbahn<\/strong><strong>:<\/strong><\/p>\n<p>&#8211; Gefahrgut-Warntafeln (HO)<br \/>&#8211; Gefahrgut-Placards (HO)<br \/>&#8211; Gefahrgut-Gefahrzettel (HO)<\/p>\n<p>und vieles mehr.<\/p>\n<p><strong>Auf Ihrer Modellbahn wird auch Gefahrgut (im Ma\u00dfstab 1:87) bef\u00f6rdert?<\/strong><br \/>Die G\u00fcterz\u00fcge bef\u00f6rdern Kesselwagen mit entz\u00fcndbaren Fl\u00fcssigkeiten, \u00e4tzenden Fl\u00fcssigkeiten und dergleichen? Oder S\u00e4uretopfwagen? Sie haben gedeckte G\u00fcterwagen auf Ihrer Anlage, die nicht sinnlos kreisen, sondern modellhaft gef\u00e4hrliches Gut transportieren? Als St\u00fcckgut oder als Wagenladung? Vielleicht sogar explosives Gut wie Munition f\u00fcr die Bundeswehr oder die verb\u00fcndeten NATO-Streitkr\u00e4fte?<\/p>\n<p><strong>Wenn wirklich alles vorbildgerecht in 1:87 transportiert werden soll<\/strong>, dann brauchen die Stra\u00dfenfahrzeuge, Schienenfahrzeuge, Binnenschiffe auf Ihrer Anlage die &#8222;richtigen&#8220; und vorbildgerechten Gefahrgut-Markierungen, Kennzeichnungen, Warntafeln und Plakatierungen.<\/p>\n<p>Setzen Sie dabei auf vorbildgerechte Gefahrgut-Markierungen, Kennzeichnungen, Warntafeln und Plakatierungen vom Gefahrgut-Profi:<br \/><strong>Beta Modellbau &amp; Modellbahn powered by Alpha Gefahrgut Consulting.\u00a0<\/strong><\/p>\n<hr \/>\n<p><span style=\"color: #ff0000;\"><strong><span style=\"color: #ab0f0f;\">Bezugsquelle:<\/span><br \/><span style=\"color: #ab0f0f;\"> Lokschuppen Berlinski (Dortmund), im<\/span> <span style=\"color: #0000ff;\"><a style=\"color: #0000ff;\" href=\"https:\/\/www.lokschuppen-berlinski.de\/\">Onlineshop<\/a><\/span> <span style=\"color: #8c0b0b;\">und Ladengesch\u00e4ft. <\/span><\/strong><span style=\"color: #000000;\">Aktuelle Lieferf\u00e4higkeiten, Preise, Lieferbedingungen etc. der einzelnen Produkte bitte dort einsehen.<br \/><em>(Aktuell keine Endkunden-Bestellungen direkt bei Beta Modellbau bzw Alpha Gefahrgut)<\/em><\/span><\/span><\/p>\n<hr \/>\n<p><span style=\"color: #000000;\"><strong>Aktuell produzierte und lieferbare <\/strong><strong>Artikel:<\/strong><\/span><\/p>\n<p><a href=\"https:\/\/www.alpha-gefahrgut-consulting.de\/index.php\/beta-artikelinfo-87-s-g-01\/\"><img loading=\"lazy\" decoding=\"async\" class=\"size-full wp-image-5943\" style=\"font-weight: bold; color: #666666; font-size: 0.8125rem; font-style: italic;\" src=\"https:\/\/www.alpha-gefahrgut-consulting.de\/wp-content\/uploads\/2024\/09\/Beta-Artikel-87-S-G-01-Web.jpg\" alt=\"\" width=\"800\" height=\"553\" srcset=\"https:\/\/www.alpha-gefahrgut-consulting.de\/wp-content\/uploads\/2024\/09\/Beta-Artikel-87-S-G-01-Web.jpg 800w, https:\/\/www.alpha-gefahrgut-consulting.de\/wp-content\/uploads\/2024\/09\/Beta-Artikel-87-S-G-01-Web-300x207.jpg 300w, https:\/\/www.alpha-gefahrgut-consulting.de\/wp-content\/uploads\/2024\/09\/Beta-Artikel-87-S-G-01-Web-768x531.jpg 768w\" sizes=\"auto, (max-width: 767px) 89vw, (max-width: 1000px) 54vw, (max-width: 1071px) 543px, 580px\" \/><\/a><\/p>\n<p><strong><a href=\"https:\/\/www.alpha-gefahrgut-consulting.de\/index.php\/beta-artikelinfo-87-s-g-01\/\">Artikel Nr. 87-S-G-01<\/a><br \/><\/strong>Gefahrgut ADR <strong>Stra\u00dfe<\/strong> HO 1:87\u00a0<br \/>Diverse Markierungen und Kennzeichnungen f\u00fcr die vorbildgerechte Gefahrgutbef\u00f6rderung im Ma\u00dfstab 1:87 (Stra\u00dfenverkehr nach ADR).<br \/>Beispiel-Bild siehe unten.\u00a0<\/p>\n<p><img loading=\"lazy\" decoding=\"async\" class=\"alignnone size-full wp-image-6573\" src=\"https:\/\/www.alpha-gefahrgut-consulting.de\/wp-content\/uploads\/2024\/10\/Beta-Modellbau-Kleinkunst-UN-1203-TFz.jpg\" alt=\"\" width=\"600\" height=\"450\" srcset=\"https:\/\/www.alpha-gefahrgut-consulting.de\/wp-content\/uploads\/2024\/10\/Beta-Modellbau-Kleinkunst-UN-1203-TFz.jpg 600w, https:\/\/www.alpha-gefahrgut-consulting.de\/wp-content\/uploads\/2024\/10\/Beta-Modellbau-Kleinkunst-UN-1203-TFz-300x225.jpg 300w\" sizes=\"auto, (max-width: 600px) 100vw, 600px\" \/><\/p>\n<p>\u00a0<\/p>\n<hr \/>\n<p><a href=\"https:\/\/www.alpha-gefahrgut-consulting.de\/index.php\/beta-artikelinfo-87-s-g-02\/\"><img loading=\"lazy\" decoding=\"async\" class=\"size-full wp-image-5947\" src=\"https:\/\/www.alpha-gefahrgut-consulting.de\/wp-content\/uploads\/2024\/09\/Beta-Artikel-87-S-G-02-Web.jpg\" alt=\"\" width=\"800\" height=\"553\" srcset=\"https:\/\/www.alpha-gefahrgut-consulting.de\/wp-content\/uploads\/2024\/09\/Beta-Artikel-87-S-G-02-Web.jpg 800w, https:\/\/www.alpha-gefahrgut-consulting.de\/wp-content\/uploads\/2024\/09\/Beta-Artikel-87-S-G-02-Web-300x207.jpg 300w, https:\/\/www.alpha-gefahrgut-consulting.de\/wp-content\/uploads\/2024\/09\/Beta-Artikel-87-S-G-02-Web-768x531.jpg 768w\" sizes=\"auto, (max-width: 767px) 89vw, (max-width: 1000px) 54vw, (max-width: 1071px) 543px, 580px\" \/><\/a><\/p>\n<p><strong><a href=\"https:\/\/www.alpha-gefahrgut-consulting.de\/index.php\/beta-artikelinfo-87-s-g-02\/\">Artikel Nr. 87-S-G-02<\/a><br \/><\/strong>Gefahrgut RID <strong>Eisenbahn<\/strong> HO 1:87\u00a0<br \/>Diverse Markierungen und Kennzeichnungen f\u00fcr die vorbildgerechte Gefahrgutbef\u00f6rderung im Ma\u00dfstab 1:87 (Eisenbahn nach RID).\u00a0<br \/>Beispiel-Bild siehe unten.<\/p>\n<hr \/>\n<p><img loading=\"lazy\" decoding=\"async\" class=\"alignnone size-full wp-image-6575\" src=\"https:\/\/www.alpha-gefahrgut-consulting.de\/wp-content\/uploads\/2024\/10\/Beta-Modellbau-Kleinkunst-UN-1203-Kesselwg.jpg\" alt=\"\" width=\"600\" height=\"450\" srcset=\"https:\/\/www.alpha-gefahrgut-consulting.de\/wp-content\/uploads\/2024\/10\/Beta-Modellbau-Kleinkunst-UN-1203-Kesselwg.jpg 600w, https:\/\/www.alpha-gefahrgut-consulting.de\/wp-content\/uploads\/2024\/10\/Beta-Modellbau-Kleinkunst-UN-1203-Kesselwg-300x225.jpg 300w\" sizes=\"auto, (max-width: 600px) 100vw, 600px\" \/><\/p>\n<p>\u00a0<\/p>\n<hr \/>\n<p>Powered by Alpha Gefahrgut Consulting:<strong><br \/>Beta Modellbau &amp; Modellbahn<\/strong> Kleinkunstwerkstatt<\/p>\n<p>AGB f\u00fcr Beta Modellbau &amp; Modellbahn.<br \/>Bitte ber\u00fccksichtigen Sie die separaten <a href=\"https:\/\/www.alpha-gefahrgut-consulting.de\/wp-content\/uploads\/2024\/07\/AGB-Beta-Modellbau-Webshop.pdf\"><strong>AGB<\/strong> f\u00fcr den Beta-Webshop<\/a>.<br \/><strong><em>Hinweis: <\/em><\/strong><br \/><strong><em>Aktuell nur Lieferung \u00fcber den Fachhandel,<br \/>Bezugsquelle siehe oben, <\/em><\/strong><em>keine Direktbestellungen bei Beta.\u00a0<\/em><\/p>\n<hr \/>\n<p><strong>Beta Modellbau &amp; Modellbahn<\/strong> Kleinkunstwerkstatt<br \/>Michael Miska, Zur Schmiede 2, 59379 Selm-Cappenberg<\/p>\n<hr \/>\n<p>Besuchen Sie Beta auch auf &#8222;X&#8220; (ehem. Twitter):<br \/>https:\/\/x.com\/Beta_Modellbau<\/p>\n<hr \/>\n\n\n<p><\/p>\n","protected":false},"excerpt":{"rendered":"<p>Powered by Alpha Gefahrgut Consulting:Beta Modellbau &amp; Modellbahn Kleinkunstwerkstatt &#8222;Richtiges&#8220; vorbildgerechtes Gefahrgut auf Ihrer HO-Modellbahn: &#8211; Gefahrgut-Warntafeln (HO)&#8211; Gefahrgut-Placards (HO)&#8211; Gefahrgut-Gefahrzettel (HO) und vieles mehr. Auf Ihrer Modellbahn wird auch Gefahrgut (im Ma\u00dfstab 1:87) bef\u00f6rdert?Die G\u00fcterz\u00fcge bef\u00f6rdern Kesselwagen mit entz\u00fcndbaren Fl\u00fcssigkeiten, \u00e4tzenden Fl\u00fcssigkeiten und dergleichen? Oder S\u00e4uretopfwagen? Sie haben gedeckte G\u00fcterwagen auf Ihrer Anlage, die &hellip; <\/p>\n<p class=\"link-more\"><a href=\"https:\/\/www.alpha-gefahrgut-consulting.de\/index.php\/beta-modellbau-modellbahn\/\" class=\"more-link\"><span class=\"screen-reader-text\">\u201eBeta Modell\u201c<\/span> weiterlesen<\/a><\/p>\n","protected":false},"author":1,"featured_media":5707,"parent":0,"menu_order":0,"comment_status":"closed","ping_status":"closed","template":"","meta":{"episode_type":"","audio_file":"","podmotor_file_id":"","podmotor_episode_id":"","cover_image":"","cover_image_id":"","duration":"","filesize":"","filesize_raw":"","date_recorded":"","explicit":"","block":"","footnotes":""},"class_list":["post-5706","page","type-page","status-publish","has-post-thumbnail","hentry"],"yoast_head":"<!-- This site is optimized with the Yoast SEO plugin v27.5 - https:\/\/yoast.com\/product\/yoast-seo-wordpress\/ -->\n<title>Beta Modellbau - powered by Alpha Gefahrgut Consulting<\/title>\n<meta name=\"description\" content=\"So ist Gefahrgut auf der Modelleisenbahn vorbildgerecht unterwegs.\" \/>\n<meta name=\"robots\" content=\"index, follow, max-snippet:-1, max-image-preview:large, max-video-preview:-1\" \/>\n<link rel=\"canonical\" href=\"https:\/\/www.alpha-gefahrgut-consulting.de\/index.php\/beta-modellbau-modellbahn\/\" \/>\n<meta property=\"og:locale\" content=\"de_DE\" \/>\n<meta property=\"og:type\" content=\"article\" \/>\n<meta property=\"og:title\" content=\"Beta Modellbau - powered by Alpha Gefahrgut Consulting\" \/>\n<meta property=\"og:description\" content=\"So ist Gefahrgut auf der Modelleisenbahn vorbildgerecht unterwegs.\" \/>\n<meta property=\"og:url\" content=\"https:\/\/www.alpha-gefahrgut-consulting.de\/index.php\/beta-modellbau-modellbahn\/\" \/>\n<meta property=\"og:site_name\" content=\"ALPHA GEFAHRGUT CONSULTING\" \/>\n<meta property=\"article:modified_time\" content=\"2025-05-30T07:34:42+00:00\" \/>\n<meta property=\"og:image\" content=\"https:\/\/www.alpha-gefahrgut-consulting.de\/wp-content\/uploads\/2024\/07\/Beta-Modellbau-Modellbahn-Kleinkunst.jpg\" \/>\n\t<meta property=\"og:image:width\" content=\"800\" \/>\n\t<meta property=\"og:image:height\" content=\"600\" \/>\n\t<meta property=\"og:image:type\" content=\"image\/jpeg\" \/>\n<meta name=\"twitter:card\" content=\"summary_large_image\" \/>\n<meta name=\"twitter:site\" content=\"@Alpha_Gefahrgut\" \/>\n<meta name=\"twitter:label1\" content=\"Gesch\u00e4tzte Lesezeit\" \/>\n\t<meta name=\"twitter:data1\" content=\"3\u00a0Minuten\" \/>\n<script type=\"application\/ld+json\" class=\"yoast-schema-graph\">{\"@context\":\"https:\\\/\\\/schema.org\",\"@graph\":[{\"@type\":\"WebPage\",\"@id\":\"https:\\\/\\\/www.alpha-gefahrgut-consulting.de\\\/index.php\\\/beta-modellbau-modellbahn\\\/\",\"url\":\"https:\\\/\\\/www.alpha-gefahrgut-consulting.de\\\/index.php\\\/beta-modellbau-modellbahn\\\/\",\"name\":\"Beta Modellbau - powered by Alpha Gefahrgut Consulting\",\"isPartOf\":{\"@id\":\"https:\\\/\\\/www.alpha-gefahrgut-consulting.de\\\/#website\"},\"primaryImageOfPage\":{\"@id\":\"https:\\\/\\\/www.alpha-gefahrgut-consulting.de\\\/index.php\\\/beta-modellbau-modellbahn\\\/#primaryimage\"},\"image\":{\"@id\":\"https:\\\/\\\/www.alpha-gefahrgut-consulting.de\\\/index.php\\\/beta-modellbau-modellbahn\\\/#primaryimage\"},\"thumbnailUrl\":\"https:\\\/\\\/www.alpha-gefahrgut-consulting.de\\\/wp-content\\\/uploads\\\/2024\\\/07\\\/Beta-Modellbau-Modellbahn-Kleinkunst.jpg\",\"datePublished\":\"2024-07-07T11:48:11+00:00\",\"dateModified\":\"2025-05-30T07:34:42+00:00\",\"description\":\"So ist Gefahrgut auf der Modelleisenbahn vorbildgerecht unterwegs.\",\"breadcrumb\":{\"@id\":\"https:\\\/\\\/www.alpha-gefahrgut-consulting.de\\\/index.php\\\/beta-modellbau-modellbahn\\\/#breadcrumb\"},\"inLanguage\":\"de\",\"potentialAction\":[{\"@type\":\"ReadAction\",\"target\":[\"https:\\\/\\\/www.alpha-gefahrgut-consulting.de\\\/index.php\\\/beta-modellbau-modellbahn\\\/\"]}]},{\"@type\":\"ImageObject\",\"inLanguage\":\"de\",\"@id\":\"https:\\\/\\\/www.alpha-gefahrgut-consulting.de\\\/index.php\\\/beta-modellbau-modellbahn\\\/#primaryimage\",\"url\":\"https:\\\/\\\/www.alpha-gefahrgut-consulting.de\\\/wp-content\\\/uploads\\\/2024\\\/07\\\/Beta-Modellbau-Modellbahn-Kleinkunst.jpg\",\"contentUrl\":\"https:\\\/\\\/www.alpha-gefahrgut-consulting.de\\\/wp-content\\\/uploads\\\/2024\\\/07\\\/Beta-Modellbau-Modellbahn-Kleinkunst.jpg\",\"width\":800,\"height\":600},{\"@type\":\"BreadcrumbList\",\"@id\":\"https:\\\/\\\/www.alpha-gefahrgut-consulting.de\\\/index.php\\\/beta-modellbau-modellbahn\\\/#breadcrumb\",\"itemListElement\":[{\"@type\":\"ListItem\",\"position\":1,\"name\":\"Startseite\",\"item\":\"https:\\\/\\\/www.alpha-gefahrgut-consulting.de\\\/\"},{\"@type\":\"ListItem\",\"position\":2,\"name\":\"Beta Modell\"}]},{\"@type\":\"WebSite\",\"@id\":\"https:\\\/\\\/www.alpha-gefahrgut-consulting.de\\\/#website\",\"url\":\"https:\\\/\\\/www.alpha-gefahrgut-consulting.de\\\/\",\"name\":\"ALPHA GEFAHRGUT CONSULTING\",\"description\":\"First Class Dangerous Goods Consulting, Management, Training.\",\"publisher\":{\"@id\":\"https:\\\/\\\/www.alpha-gefahrgut-consulting.de\\\/#organization\"},\"potentialAction\":[{\"@type\":\"SearchAction\",\"target\":{\"@type\":\"EntryPoint\",\"urlTemplate\":\"https:\\\/\\\/www.alpha-gefahrgut-consulting.de\\\/?s={search_term_string}\"},\"query-input\":{\"@type\":\"PropertyValueSpecification\",\"valueRequired\":true,\"valueName\":\"search_term_string\"}}],\"inLanguage\":\"de\"},{\"@type\":\"Organization\",\"@id\":\"https:\\\/\\\/www.alpha-gefahrgut-consulting.de\\\/#organization\",\"name\":\"ALPHA GEFAHRGUT CONSULTING\",\"url\":\"https:\\\/\\\/www.alpha-gefahrgut-consulting.de\\\/\",\"logo\":{\"@type\":\"ImageObject\",\"inLanguage\":\"de\",\"@id\":\"https:\\\/\\\/www.alpha-gefahrgut-consulting.de\\\/#\\\/schema\\\/logo\\\/image\\\/\",\"url\":\"https:\\\/\\\/www.alpha-gefahrgut-consulting.de\\\/wp-content\\\/uploads\\\/2020\\\/04\\\/cropped-AGCLogoBlech-c.jpg\",\"contentUrl\":\"https:\\\/\\\/www.alpha-gefahrgut-consulting.de\\\/wp-content\\\/uploads\\\/2020\\\/04\\\/cropped-AGCLogoBlech-c.jpg\",\"width\":250,\"height\":250,\"caption\":\"ALPHA GEFAHRGUT CONSULTING\"},\"image\":{\"@id\":\"https:\\\/\\\/www.alpha-gefahrgut-consulting.de\\\/#\\\/schema\\\/logo\\\/image\\\/\"},\"sameAs\":[\"https:\\\/\\\/x.com\\\/Alpha_Gefahrgut\",\"https:\\\/\\\/www.youtube.com\\\/@AlphaDGConsulting\",\"https:\\\/\\\/buymeacoffee.com\\\/AlphaDGConsulting\",\"https:\\\/\\\/bsky.app\\\/profile\\\/alpha-gefahrgut.bsky.social\",\"https:\\\/\\\/www.reddit.com\\\/user\\\/United_Ad5357\\\/\",\"https:\\\/\\\/semasocial.com\\\/profile\\\/247322\",\"https:\\\/\\\/truthsocial.com\\\/@AlphaDangerousGoodsConsulting\",\"https:\\\/\\\/www.linkedin.com\\\/in\\\/michael-miska-mm\\\/\",\"https:\\\/\\\/www.xing.com\\\/profile\\\/Michael_Miska088516\\\/web_profiles\",\"https:\\\/\\\/rumble.com\\\/user\\\/AlphaDangerousGoodsConsulting\",\"https:\\\/\\\/de.pinterest.com\\\/AlphaGefahrgutConsulting\\\/\"]}]}<\/script>\n<!-- \/ Yoast SEO plugin. -->","yoast_head_json":{"title":"Beta Modellbau - powered by Alpha Gefahrgut Consulting","description":"So ist Gefahrgut auf der Modelleisenbahn vorbildgerecht unterwegs.","robots":{"index":"index","follow":"follow","max-snippet":"max-snippet:-1","max-image-preview":"max-image-preview:large","max-video-preview":"max-video-preview:-1"},"canonical":"https:\/\/www.alpha-gefahrgut-consulting.de\/index.php\/beta-modellbau-modellbahn\/","og_locale":"de_DE","og_type":"article","og_title":"Beta Modellbau - powered by Alpha Gefahrgut Consulting","og_description":"So ist Gefahrgut auf der Modelleisenbahn vorbildgerecht unterwegs.","og_url":"https:\/\/www.alpha-gefahrgut-consulting.de\/index.php\/beta-modellbau-modellbahn\/","og_site_name":"ALPHA GEFAHRGUT CONSULTING","article_modified_time":"2025-05-30T07:34:42+00:00","og_image":[{"width":800,"height":600,"url":"https:\/\/www.alpha-gefahrgut-consulting.de\/wp-content\/uploads\/2024\/07\/Beta-Modellbau-Modellbahn-Kleinkunst.jpg","type":"image\/jpeg"}],"twitter_card":"summary_large_image","twitter_site":"@Alpha_Gefahrgut","twitter_misc":{"Gesch\u00e4tzte Lesezeit":"3\u00a0Minuten"},"schema":{"@context":"https:\/\/schema.org","@graph":[{"@type":"WebPage","@id":"https:\/\/www.alpha-gefahrgut-consulting.de\/index.php\/beta-modellbau-modellbahn\/","url":"https:\/\/www.alpha-gefahrgut-consulting.de\/index.php\/beta-modellbau-modellbahn\/","name":"Beta Modellbau - powered by Alpha Gefahrgut Consulting","isPartOf":{"@id":"https:\/\/www.alpha-gefahrgut-consulting.de\/#website"},"primaryImageOfPage":{"@id":"https:\/\/www.alpha-gefahrgut-consulting.de\/index.php\/beta-modellbau-modellbahn\/#primaryimage"},"image":{"@id":"https:\/\/www.alpha-gefahrgut-consulting.de\/index.php\/beta-modellbau-modellbahn\/#primaryimage"},"thumbnailUrl":"https:\/\/www.alpha-gefahrgut-consulting.de\/wp-content\/uploads\/2024\/07\/Beta-Modellbau-Modellbahn-Kleinkunst.jpg","datePublished":"2024-07-07T11:48:11+00:00","dateModified":"2025-05-30T07:34:42+00:00","description":"So ist Gefahrgut auf der Modelleisenbahn vorbildgerecht unterwegs.","breadcrumb":{"@id":"https:\/\/www.alpha-gefahrgut-consulting.de\/index.php\/beta-modellbau-modellbahn\/#breadcrumb"},"inLanguage":"de","potentialAction":[{"@type":"ReadAction","target":["https:\/\/www.alpha-gefahrgut-consulting.de\/index.php\/beta-modellbau-modellbahn\/"]}]},{"@type":"ImageObject","inLanguage":"de","@id":"https:\/\/www.alpha-gefahrgut-consulting.de\/index.php\/beta-modellbau-modellbahn\/#primaryimage","url":"https:\/\/www.alpha-gefahrgut-consulting.de\/wp-content\/uploads\/2024\/07\/Beta-Modellbau-Modellbahn-Kleinkunst.jpg","contentUrl":"https:\/\/www.alpha-gefahrgut-consulting.de\/wp-content\/uploads\/2024\/07\/Beta-Modellbau-Modellbahn-Kleinkunst.jpg","width":800,"height":600},{"@type":"BreadcrumbList","@id":"https:\/\/www.alpha-gefahrgut-consulting.de\/index.php\/beta-modellbau-modellbahn\/#breadcrumb","itemListElement":[{"@type":"ListItem","position":1,"name":"Startseite","item":"https:\/\/www.alpha-gefahrgut-consulting.de\/"},{"@type":"ListItem","position":2,"name":"Beta Modell"}]},{"@type":"WebSite","@id":"https:\/\/www.alpha-gefahrgut-consulting.de\/#website","url":"https:\/\/www.alpha-gefahrgut-consulting.de\/","name":"ALPHA GEFAHRGUT CONSULTING","description":"First Class Dangerous Goods Consulting, Management, Training.","publisher":{"@id":"https:\/\/www.alpha-gefahrgut-consulting.de\/#organization"},"potentialAction":[{"@type":"SearchAction","target":{"@type":"EntryPoint","urlTemplate":"https:\/\/www.alpha-gefahrgut-consulting.de\/?s={search_term_string}"},"query-input":{"@type":"PropertyValueSpecification","valueRequired":true,"valueName":"search_term_string"}}],"inLanguage":"de"},{"@type":"Organization","@id":"https:\/\/www.alpha-gefahrgut-consulting.de\/#organization","name":"ALPHA GEFAHRGUT CONSULTING","url":"https:\/\/www.alpha-gefahrgut-consulting.de\/","logo":{"@type":"ImageObject","inLanguage":"de","@id":"https:\/\/www.alpha-gefahrgut-consulting.de\/#\/schema\/logo\/image\/","url":"https:\/\/www.alpha-gefahrgut-consulting.de\/wp-content\/uploads\/2020\/04\/cropped-AGCLogoBlech-c.jpg","contentUrl":"https:\/\/www.alpha-gefahrgut-consulting.de\/wp-content\/uploads\/2020\/04\/cropped-AGCLogoBlech-c.jpg","width":250,"height":250,"caption":"ALPHA GEFAHRGUT CONSULTING"},"image":{"@id":"https:\/\/www.alpha-gefahrgut-consulting.de\/#\/schema\/logo\/image\/"},"sameAs":["https:\/\/x.com\/Alpha_Gefahrgut","https:\/\/www.youtube.com\/@AlphaDGConsulting","https:\/\/buymeacoffee.com\/AlphaDGConsulting","https:\/\/bsky.app\/profile\/alpha-gefahrgut.bsky.social","https:\/\/www.reddit.com\/user\/United_Ad5357\/","https:\/\/semasocial.com\/profile\/247322","https:\/\/truthsocial.com\/@AlphaDangerousGoodsConsulting","https:\/\/www.linkedin.com\/in\/michael-miska-mm\/","https:\/\/www.xing.com\/profile\/Michael_Miska088516\/web_profiles","https:\/\/rumble.com\/user\/AlphaDangerousGoodsConsulting","https:\/\/de.pinterest.com\/AlphaGefahrgutConsulting\/"]}]}},"_links":{"self":[{"href":"https:\/\/www.alpha-gefahrgut-consulting.de\/index.php\/wp-json\/wp\/v2\/pages\/5706","targetHints":{"allow":["GET"]}}],"collection":[{"href":"https:\/\/www.alpha-gefahrgut-consulting.de\/index.php\/wp-json\/wp\/v2\/pages"}],"about":[{"href":"https:\/\/www.alpha-gefahrgut-consulting.de\/index.php\/wp-json\/wp\/v2\/types\/page"}],"author":[{"embeddable":true,"href":"https:\/\/www.alpha-gefahrgut-consulting.de\/index.php\/wp-json\/wp\/v2\/users\/1"}],"replies":[{"embeddable":true,"href":"https:\/\/www.alpha-gefahrgut-consulting.de\/index.php\/wp-json\/wp\/v2\/comments?post=5706"}],"version-history":[{"count":51,"href":"https:\/\/www.alpha-gefahrgut-consulting.de\/index.php\/wp-json\/wp\/v2\/pages\/5706\/revisions"}],"predecessor-version":[{"id":6580,"href":"https:\/\/www.alpha-gefahrgut-consulting.de\/index.php\/wp-json\/wp\/v2\/pages\/5706\/revisions\/6580"}],"wp:featuredmedia":[{"embeddable":true,"href":"https:\/\/www.alpha-gefahrgut-consulting.de\/index.php\/wp-json\/wp\/v2\/media\/5707"}],"wp:attachment":[{"href":"https:\/\/www.alpha-gefahrgut-consulting.de\/index.php\/wp-json\/wp\/v2\/media?parent=5706"}],"curies":[{"name":"wp","href":"https:\/\/api.w.org\/{rel}","templated":true}]}}