{"id":5527,"date":"2024-05-17T13:14:14","date_gmt":"2024-05-17T11:14:14","guid":{"rendered":"https:\/\/www.alpha-gefahrgut-consulting.de\/?page_id=5527"},"modified":"2026-02-16T14:06:00","modified_gmt":"2026-02-16T13:06:00","slug":"gefahrgut-betriebsorganisation","status":"publish","type":"page","link":"https:\/\/www.alpha-gefahrgut-consulting.de\/index.php\/gefahrgut-betriebsorganisation\/","title":{"rendered":"Gefahrgut: Betriebsorganisation"},"content":{"rendered":"\n<p><span style=\"font-family: Arial, sans-serif;\"><span style=\"color: #000000;\"><b>F\u00fchrungskr\u00e4fte-Seminar<\/b><\/span><br><\/span><\/p>\n\n\n\n<hr class=\"wp-block-separator has-alpha-channel-opacity is-style-wide\"\/>\n\n\n\n<p><span style=\"font-family: Arial, sans-serif;\"><strong>F\u00fcr Unternehmer, Gesch\u00e4ftsf\u00fchrer, Betriebsleiter,<\/strong><br><strong>Teil-Betriebsleiter (z.B. Abteilungs-, Bereichs-, Gruppen- oder Teamleiter),<\/strong><br><strong>beauftragte Personen nach OWiG,<\/strong><br><strong>Gefahrgutbeauftragte.<\/strong><\/span><\/p>\n\n\n\n<figure class=\"wp-block-image size-full\"><img loading=\"lazy\" decoding=\"async\" width=\"660\" height=\"373\" src=\"https:\/\/www.alpha-gefahrgut-consulting.de\/wp-content\/uploads\/2025\/03\/Alpha-Entrepreneur-Consultants-660px.jpeg\" alt=\"\" class=\"wp-image-8388\" srcset=\"https:\/\/www.alpha-gefahrgut-consulting.de\/wp-content\/uploads\/2025\/03\/Alpha-Entrepreneur-Consultants-660px.jpeg 660w, https:\/\/www.alpha-gefahrgut-consulting.de\/wp-content\/uploads\/2025\/03\/Alpha-Entrepreneur-Consultants-660px-300x170.jpeg 300w\" sizes=\"auto, (max-width: 660px) 100vw, 660px\" \/><\/figure>\n\n\n\n<p>Inhalt (in Kurzform):<br><strong>&#8222;Richtige&#8220; Betriebsorganisation bei der Bef\u00f6rderung gef\u00e4hrlicher G\u00fcter<\/strong><br>Dauer: Ca. 2 Stunden inklusive Diskussion.<\/p>\n\n\n\n<p>Alle Termine im Anmeldeformular genannt.<\/p>\n\n\n\n<p>Teilnehmer haben die M\u00f6glichkeit, eigene betriebliche Themen anzusprechen.<br>Ausf\u00fchrlichere Inhaltsangabe siehe unten.<\/p>\n\n\n\n<hr class=\"wp-block-separator has-alpha-channel-opacity is-style-wide\"\/>\n\n\n\n<p><mark style=\"background-color:rgba(0, 0, 0, 0)\" class=\"has-inline-color has-black-color\"><span style=\"color: #0000ff;\">Anmeldeformular Gefahrgut-Betriebsorganisation<\/span>:<\/mark><\/p>\n\n\n\n<div data-wp-interactive=\"core\/file\" class=\"wp-block-file\"><object data-wp-bind--hidden=\"!state.hasPdfPreview\" hidden class=\"wp-block-file__embed\" data=\"https:\/\/www.alpha-gefahrgut-consulting.de\/wp-content\/uploads\/2026\/02\/ALPHA-Anmeldeformular-DG-Org.pdf\" type=\"application\/pdf\" style=\"width:100%;height:600px\" aria-label=\"Einbettung von ALPHA-Anmeldeformular-DG-Org.\"><\/object><a id=\"wp-block-file--media-1992b28a-5378-40fd-bb2e-537f6623966f\" href=\"https:\/\/www.alpha-gefahrgut-consulting.de\/wp-content\/uploads\/2026\/02\/ALPHA-Anmeldeformular-DG-Org.pdf\">ALPHA-Anmeldeformular-DG-Org<\/a><a href=\"https:\/\/www.alpha-gefahrgut-consulting.de\/wp-content\/uploads\/2026\/02\/ALPHA-Anmeldeformular-DG-Org.pdf\" class=\"wp-block-file__button wp-element-button\" download aria-describedby=\"wp-block-file--media-1992b28a-5378-40fd-bb2e-537f6623966f\">Herunterladen<\/a><\/div>\n\n\n\n<hr class=\"wp-block-separator has-alpha-channel-opacity is-style-wide\"\/>\n\n\n\n<p><span style=\"font-family: Arial, sans-serif;\"><strong>Weitere Details zu den Inhalten:<\/strong><\/span><\/p>\n\n\n\n<p>Was ist die &#8222;richtige&#8220; Betriebsorganisation bei der Bef\u00f6rderung gef\u00e4hrlicher G\u00fcter<br>nach OWiG, GGBefG, GbV, GGVSEB, GGVSee,<br>ADR, RID, ADN, IMDG-Code sowie<br>NfL, ICAO-TI\/IATA-DGR, CBTA u.a.?<\/p>\n\n\n\n<p>Was ist Aufgabe, was sind Pflichten des Unternehmers (Gesch\u00e4ftsf\u00fchrers, Vorstands),<br>und wie kann dieser seine Pflichten wirksam an Mitarbeiter delegieren?<\/p>\n\n\n\n<p>Wer ist an der Gefahrgutbef\u00f6rderung beteiligt?<\/p>\n\n\n\n<p>Was versteht man unter einer beteiligten Person bei der Gefahrgutbef\u00f6rderung und wof\u00fcr ist eine beteiligte Person verantwortlich?<\/p>\n\n\n\n<p>Was versteht man unter einer beauftragten Person bei der Gefahrgutbef\u00f6rderung und wof\u00fcr ist eine beauftragte Person verantwortlich?<\/p>\n\n\n\n<p>Wer muss die an der Gefahrgutbef\u00f6rderung beteiligten Personen beaufsichtigen?<\/p>\n\n\n\n<p>Ist Aufsichtspflichtf\u00fchrung und \u00dcberwachung ein- und dasselbe?<\/p>\n\n\n\n<p>Wie m\u00fcssen die an der Gefahrgutbef\u00f6rderung beteiligten Personen qualifiziert sein?<\/p>\n\n\n\n<p>Ist Schulung und Unterweisung ein- und dasselbe?<\/p>\n\n\n\n<p>Wer muss die an der Gefahrgutbef\u00f6rderung beteiligten Mitarbeiter unterweisen?<br>Wer darf die an der Gefahrgutbef\u00f6rderung beteiligten Mitarbeiter unterweisen?<br>Wer legt die Inhalte f\u00fcr Gefahrgut-Unterweisungen fest?<br>Was sind beh\u00f6rdliche Mindestanforderungen an Unterweisungsnachweise?<br>Welche Inhalte sollten&nbsp; Unterweisungsnachweise sinnvollerweise aufweisen?<\/p>\n\n\n\n<p>Was sind die Aufgaben eines Gefahrgutbeauftragten &#8211; und was nicht?<\/p>\n\n\n\n<p>Welche Besonderheiten bei der Gefahrgutbef\u00f6rderung im Luftverkehr sind zu ber\u00fccksichtigen?<\/p>\n\n\n\n<p><span style=\"font-family: Arial, sans-serif;\">&nbsp;<\/span><\/p>\n","protected":false},"excerpt":{"rendered":"<p>F\u00fchrungskr\u00e4fte-Seminar F\u00fcr Unternehmer, Gesch\u00e4ftsf\u00fchrer, Betriebsleiter,Teil-Betriebsleiter (z.B. Abteilungs-, Bereichs-, Gruppen- oder Teamleiter),beauftragte Personen nach OWiG,Gefahrgutbeauftragte. Inhalt (in Kurzform):&#8222;Richtige&#8220; Betriebsorganisation bei der Bef\u00f6rderung gef\u00e4hrlicher G\u00fcterDauer: Ca. 2 Stunden inklusive Diskussion. Alle Termine im Anmeldeformular genannt. Teilnehmer haben die M\u00f6glichkeit, eigene betriebliche Themen anzusprechen.Ausf\u00fchrlichere Inhaltsangabe siehe unten. Anmeldeformular Gefahrgut-Betriebsorganisation: Weitere Details zu den Inhalten: Was ist die &#8222;richtige&#8220; &hellip; <\/p>\n<p class=\"link-more\"><a href=\"https:\/\/www.alpha-gefahrgut-consulting.de\/index.php\/gefahrgut-betriebsorganisation\/\" class=\"more-link\"><span class=\"screen-reader-text\">\u201eGefahrgut: Betriebsorganisation\u201c<\/span> weiterlesen<\/a><\/p>\n","protected":false},"author":1,"featured_media":0,"parent":0,"menu_order":0,"comment_status":"closed","ping_status":"closed","template":"","meta":{"episode_type":"","audio_file":"","podmotor_file_id":"","podmotor_episode_id":"","cover_image":"","cover_image_id":"","duration":"","filesize":"","filesize_raw":"","date_recorded":"","explicit":"","block":"","footnotes":""},"class_list":["post-5527","page","type-page","status-publish","hentry"],"yoast_head":"<!-- This site is optimized with the Yoast SEO plugin v27.4 - https:\/\/yoast.com\/product\/yoast-seo-wordpress\/ -->\n<title>Gefahrgut-Betriebsorganisation: Die Richtige f\u00fcr Ihren Betrieb!<\/title>\n<meta name=\"description\" content=\"Wer die richtige Betriebsorganisation f\u00fcr seinen Betrieb finden will, muss zun\u00e4chst einmal kennen lernen, welche Kriterien entscheidend sind.\" \/>\n<meta name=\"robots\" content=\"index, follow, max-snippet:-1, max-image-preview:large, max-video-preview:-1\" \/>\n<link rel=\"canonical\" href=\"https:\/\/www.alpha-gefahrgut-consulting.de\/index.php\/gefahrgut-betriebsorganisation\/\" \/>\n<meta property=\"og:locale\" content=\"de_DE\" \/>\n<meta property=\"og:type\" content=\"article\" \/>\n<meta property=\"og:title\" content=\"Gefahrgut-Betriebsorganisation: Die Richtige f\u00fcr Ihren Betrieb!\" \/>\n<meta property=\"og:description\" content=\"Wer die richtige Betriebsorganisation f\u00fcr seinen Betrieb finden will, muss zun\u00e4chst einmal kennen lernen, welche Kriterien entscheidend sind.\" \/>\n<meta property=\"og:url\" content=\"https:\/\/www.alpha-gefahrgut-consulting.de\/index.php\/gefahrgut-betriebsorganisation\/\" \/>\n<meta property=\"og:site_name\" content=\"ALPHA GEFAHRGUT CONSULTING\" \/>\n<meta property=\"article:modified_time\" content=\"2026-02-16T13:06:00+00:00\" \/>\n<meta property=\"og:image\" content=\"https:\/\/www.alpha-gefahrgut-consulting.de\/wp-content\/uploads\/2025\/03\/Alpha-Entrepreneur-Consultants-660px.jpeg\" \/>\n\t<meta property=\"og:image:width\" content=\"660\" \/>\n\t<meta property=\"og:image:height\" content=\"373\" \/>\n\t<meta property=\"og:image:type\" content=\"image\/jpeg\" \/>\n<meta name=\"twitter:card\" content=\"summary_large_image\" \/>\n<meta name=\"twitter:site\" content=\"@Alpha_Gefahrgut\" \/>\n<meta name=\"twitter:label1\" content=\"Gesch\u00e4tzte Lesezeit\" \/>\n\t<meta name=\"twitter:data1\" content=\"2\u00a0Minuten\" \/>\n<script type=\"application\/ld+json\" class=\"yoast-schema-graph\">{\"@context\":\"https:\\\/\\\/schema.org\",\"@graph\":[{\"@type\":\"WebPage\",\"@id\":\"https:\\\/\\\/www.alpha-gefahrgut-consulting.de\\\/index.php\\\/gefahrgut-betriebsorganisation\\\/\",\"url\":\"https:\\\/\\\/www.alpha-gefahrgut-consulting.de\\\/index.php\\\/gefahrgut-betriebsorganisation\\\/\",\"name\":\"Gefahrgut-Betriebsorganisation: Die Richtige f\u00fcr Ihren Betrieb!\",\"isPartOf\":{\"@id\":\"https:\\\/\\\/www.alpha-gefahrgut-consulting.de\\\/#website\"},\"primaryImageOfPage\":{\"@id\":\"https:\\\/\\\/www.alpha-gefahrgut-consulting.de\\\/index.php\\\/gefahrgut-betriebsorganisation\\\/#primaryimage\"},\"image\":{\"@id\":\"https:\\\/\\\/www.alpha-gefahrgut-consulting.de\\\/index.php\\\/gefahrgut-betriebsorganisation\\\/#primaryimage\"},\"thumbnailUrl\":\"https:\\\/\\\/www.alpha-gefahrgut-consulting.de\\\/wp-content\\\/uploads\\\/2025\\\/03\\\/Alpha-Entrepreneur-Consultants-660px.jpeg\",\"datePublished\":\"2024-05-17T11:14:14+00:00\",\"dateModified\":\"2026-02-16T13:06:00+00:00\",\"description\":\"Wer die richtige Betriebsorganisation f\u00fcr seinen Betrieb finden will, muss zun\u00e4chst einmal kennen lernen, welche Kriterien entscheidend sind.\",\"breadcrumb\":{\"@id\":\"https:\\\/\\\/www.alpha-gefahrgut-consulting.de\\\/index.php\\\/gefahrgut-betriebsorganisation\\\/#breadcrumb\"},\"inLanguage\":\"de\",\"potentialAction\":[{\"@type\":\"ReadAction\",\"target\":[\"https:\\\/\\\/www.alpha-gefahrgut-consulting.de\\\/index.php\\\/gefahrgut-betriebsorganisation\\\/\"]}]},{\"@type\":\"ImageObject\",\"inLanguage\":\"de\",\"@id\":\"https:\\\/\\\/www.alpha-gefahrgut-consulting.de\\\/index.php\\\/gefahrgut-betriebsorganisation\\\/#primaryimage\",\"url\":\"https:\\\/\\\/www.alpha-gefahrgut-consulting.de\\\/wp-content\\\/uploads\\\/2025\\\/03\\\/Alpha-Entrepreneur-Consultants-660px.jpeg\",\"contentUrl\":\"https:\\\/\\\/www.alpha-gefahrgut-consulting.de\\\/wp-content\\\/uploads\\\/2025\\\/03\\\/Alpha-Entrepreneur-Consultants-660px.jpeg\",\"width\":660,\"height\":373},{\"@type\":\"BreadcrumbList\",\"@id\":\"https:\\\/\\\/www.alpha-gefahrgut-consulting.de\\\/index.php\\\/gefahrgut-betriebsorganisation\\\/#breadcrumb\",\"itemListElement\":[{\"@type\":\"ListItem\",\"position\":1,\"name\":\"Startseite\",\"item\":\"https:\\\/\\\/www.alpha-gefahrgut-consulting.de\\\/\"},{\"@type\":\"ListItem\",\"position\":2,\"name\":\"Gefahrgut: Betriebsorganisation\"}]},{\"@type\":\"WebSite\",\"@id\":\"https:\\\/\\\/www.alpha-gefahrgut-consulting.de\\\/#website\",\"url\":\"https:\\\/\\\/www.alpha-gefahrgut-consulting.de\\\/\",\"name\":\"ALPHA GEFAHRGUT CONSULTING\",\"description\":\"First Class Dangerous Goods Consulting, Management, Training.\",\"publisher\":{\"@id\":\"https:\\\/\\\/www.alpha-gefahrgut-consulting.de\\\/#organization\"},\"potentialAction\":[{\"@type\":\"SearchAction\",\"target\":{\"@type\":\"EntryPoint\",\"urlTemplate\":\"https:\\\/\\\/www.alpha-gefahrgut-consulting.de\\\/?s={search_term_string}\"},\"query-input\":{\"@type\":\"PropertyValueSpecification\",\"valueRequired\":true,\"valueName\":\"search_term_string\"}}],\"inLanguage\":\"de\"},{\"@type\":\"Organization\",\"@id\":\"https:\\\/\\\/www.alpha-gefahrgut-consulting.de\\\/#organization\",\"name\":\"ALPHA GEFAHRGUT CONSULTING\",\"url\":\"https:\\\/\\\/www.alpha-gefahrgut-consulting.de\\\/\",\"logo\":{\"@type\":\"ImageObject\",\"inLanguage\":\"de\",\"@id\":\"https:\\\/\\\/www.alpha-gefahrgut-consulting.de\\\/#\\\/schema\\\/logo\\\/image\\\/\",\"url\":\"https:\\\/\\\/www.alpha-gefahrgut-consulting.de\\\/wp-content\\\/uploads\\\/2020\\\/04\\\/cropped-AGCLogoBlech-c.jpg\",\"contentUrl\":\"https:\\\/\\\/www.alpha-gefahrgut-consulting.de\\\/wp-content\\\/uploads\\\/2020\\\/04\\\/cropped-AGCLogoBlech-c.jpg\",\"width\":250,\"height\":250,\"caption\":\"ALPHA GEFAHRGUT CONSULTING\"},\"image\":{\"@id\":\"https:\\\/\\\/www.alpha-gefahrgut-consulting.de\\\/#\\\/schema\\\/logo\\\/image\\\/\"},\"sameAs\":[\"https:\\\/\\\/x.com\\\/Alpha_Gefahrgut\",\"https:\\\/\\\/www.youtube.com\\\/@AlphaDGConsulting\",\"https:\\\/\\\/buymeacoffee.com\\\/AlphaDGConsulting\",\"https:\\\/\\\/bsky.app\\\/profile\\\/alpha-gefahrgut.bsky.social\",\"https:\\\/\\\/www.reddit.com\\\/user\\\/United_Ad5357\\\/\",\"https:\\\/\\\/semasocial.com\\\/profile\\\/247322\",\"https:\\\/\\\/truthsocial.com\\\/@AlphaDangerousGoodsConsulting\",\"https:\\\/\\\/www.linkedin.com\\\/in\\\/michael-miska-mm\\\/\",\"https:\\\/\\\/www.xing.com\\\/profile\\\/Michael_Miska088516\\\/web_profiles\",\"https:\\\/\\\/rumble.com\\\/user\\\/AlphaDangerousGoodsConsulting\",\"https:\\\/\\\/de.pinterest.com\\\/AlphaGefahrgutConsulting\\\/\"]}]}<\/script>\n<!-- \/ Yoast SEO plugin. -->","yoast_head_json":{"title":"Gefahrgut-Betriebsorganisation: Die Richtige f\u00fcr Ihren Betrieb!","description":"Wer die richtige Betriebsorganisation f\u00fcr seinen Betrieb finden will, muss zun\u00e4chst einmal kennen lernen, welche Kriterien entscheidend sind.","robots":{"index":"index","follow":"follow","max-snippet":"max-snippet:-1","max-image-preview":"max-image-preview:large","max-video-preview":"max-video-preview:-1"},"canonical":"https:\/\/www.alpha-gefahrgut-consulting.de\/index.php\/gefahrgut-betriebsorganisation\/","og_locale":"de_DE","og_type":"article","og_title":"Gefahrgut-Betriebsorganisation: Die Richtige f\u00fcr Ihren Betrieb!","og_description":"Wer die richtige Betriebsorganisation f\u00fcr seinen Betrieb finden will, muss zun\u00e4chst einmal kennen lernen, welche Kriterien entscheidend sind.","og_url":"https:\/\/www.alpha-gefahrgut-consulting.de\/index.php\/gefahrgut-betriebsorganisation\/","og_site_name":"ALPHA GEFAHRGUT CONSULTING","article_modified_time":"2026-02-16T13:06:00+00:00","og_image":[{"width":660,"height":373,"url":"https:\/\/www.alpha-gefahrgut-consulting.de\/wp-content\/uploads\/2025\/03\/Alpha-Entrepreneur-Consultants-660px.jpeg","type":"image\/jpeg"}],"twitter_card":"summary_large_image","twitter_site":"@Alpha_Gefahrgut","twitter_misc":{"Gesch\u00e4tzte Lesezeit":"2\u00a0Minuten"},"schema":{"@context":"https:\/\/schema.org","@graph":[{"@type":"WebPage","@id":"https:\/\/www.alpha-gefahrgut-consulting.de\/index.php\/gefahrgut-betriebsorganisation\/","url":"https:\/\/www.alpha-gefahrgut-consulting.de\/index.php\/gefahrgut-betriebsorganisation\/","name":"Gefahrgut-Betriebsorganisation: Die Richtige f\u00fcr Ihren Betrieb!","isPartOf":{"@id":"https:\/\/www.alpha-gefahrgut-consulting.de\/#website"},"primaryImageOfPage":{"@id":"https:\/\/www.alpha-gefahrgut-consulting.de\/index.php\/gefahrgut-betriebsorganisation\/#primaryimage"},"image":{"@id":"https:\/\/www.alpha-gefahrgut-consulting.de\/index.php\/gefahrgut-betriebsorganisation\/#primaryimage"},"thumbnailUrl":"https:\/\/www.alpha-gefahrgut-consulting.de\/wp-content\/uploads\/2025\/03\/Alpha-Entrepreneur-Consultants-660px.jpeg","datePublished":"2024-05-17T11:14:14+00:00","dateModified":"2026-02-16T13:06:00+00:00","description":"Wer die richtige Betriebsorganisation f\u00fcr seinen Betrieb finden will, muss zun\u00e4chst einmal kennen lernen, welche Kriterien entscheidend sind.","breadcrumb":{"@id":"https:\/\/www.alpha-gefahrgut-consulting.de\/index.php\/gefahrgut-betriebsorganisation\/#breadcrumb"},"inLanguage":"de","potentialAction":[{"@type":"ReadAction","target":["https:\/\/www.alpha-gefahrgut-consulting.de\/index.php\/gefahrgut-betriebsorganisation\/"]}]},{"@type":"ImageObject","inLanguage":"de","@id":"https:\/\/www.alpha-gefahrgut-consulting.de\/index.php\/gefahrgut-betriebsorganisation\/#primaryimage","url":"https:\/\/www.alpha-gefahrgut-consulting.de\/wp-content\/uploads\/2025\/03\/Alpha-Entrepreneur-Consultants-660px.jpeg","contentUrl":"https:\/\/www.alpha-gefahrgut-consulting.de\/wp-content\/uploads\/2025\/03\/Alpha-Entrepreneur-Consultants-660px.jpeg","width":660,"height":373},{"@type":"BreadcrumbList","@id":"https:\/\/www.alpha-gefahrgut-consulting.de\/index.php\/gefahrgut-betriebsorganisation\/#breadcrumb","itemListElement":[{"@type":"ListItem","position":1,"name":"Startseite","item":"https:\/\/www.alpha-gefahrgut-consulting.de\/"},{"@type":"ListItem","position":2,"name":"Gefahrgut: Betriebsorganisation"}]},{"@type":"WebSite","@id":"https:\/\/www.alpha-gefahrgut-consulting.de\/#website","url":"https:\/\/www.alpha-gefahrgut-consulting.de\/","name":"ALPHA GEFAHRGUT CONSULTING","description":"First Class Dangerous Goods Consulting, Management, Training.","publisher":{"@id":"https:\/\/www.alpha-gefahrgut-consulting.de\/#organization"},"potentialAction":[{"@type":"SearchAction","target":{"@type":"EntryPoint","urlTemplate":"https:\/\/www.alpha-gefahrgut-consulting.de\/?s={search_term_string}"},"query-input":{"@type":"PropertyValueSpecification","valueRequired":true,"valueName":"search_term_string"}}],"inLanguage":"de"},{"@type":"Organization","@id":"https:\/\/www.alpha-gefahrgut-consulting.de\/#organization","name":"ALPHA GEFAHRGUT CONSULTING","url":"https:\/\/www.alpha-gefahrgut-consulting.de\/","logo":{"@type":"ImageObject","inLanguage":"de","@id":"https:\/\/www.alpha-gefahrgut-consulting.de\/#\/schema\/logo\/image\/","url":"https:\/\/www.alpha-gefahrgut-consulting.de\/wp-content\/uploads\/2020\/04\/cropped-AGCLogoBlech-c.jpg","contentUrl":"https:\/\/www.alpha-gefahrgut-consulting.de\/wp-content\/uploads\/2020\/04\/cropped-AGCLogoBlech-c.jpg","width":250,"height":250,"caption":"ALPHA GEFAHRGUT CONSULTING"},"image":{"@id":"https:\/\/www.alpha-gefahrgut-consulting.de\/#\/schema\/logo\/image\/"},"sameAs":["https:\/\/x.com\/Alpha_Gefahrgut","https:\/\/www.youtube.com\/@AlphaDGConsulting","https:\/\/buymeacoffee.com\/AlphaDGConsulting","https:\/\/bsky.app\/profile\/alpha-gefahrgut.bsky.social","https:\/\/www.reddit.com\/user\/United_Ad5357\/","https:\/\/semasocial.com\/profile\/247322","https:\/\/truthsocial.com\/@AlphaDangerousGoodsConsulting","https:\/\/www.linkedin.com\/in\/michael-miska-mm\/","https:\/\/www.xing.com\/profile\/Michael_Miska088516\/web_profiles","https:\/\/rumble.com\/user\/AlphaDangerousGoodsConsulting","https:\/\/de.pinterest.com\/AlphaGefahrgutConsulting\/"]}]}},"_links":{"self":[{"href":"https:\/\/www.alpha-gefahrgut-consulting.de\/index.php\/wp-json\/wp\/v2\/pages\/5527","targetHints":{"allow":["GET"]}}],"collection":[{"href":"https:\/\/www.alpha-gefahrgut-consulting.de\/index.php\/wp-json\/wp\/v2\/pages"}],"about":[{"href":"https:\/\/www.alpha-gefahrgut-consulting.de\/index.php\/wp-json\/wp\/v2\/types\/page"}],"author":[{"embeddable":true,"href":"https:\/\/www.alpha-gefahrgut-consulting.de\/index.php\/wp-json\/wp\/v2\/users\/1"}],"replies":[{"embeddable":true,"href":"https:\/\/www.alpha-gefahrgut-consulting.de\/index.php\/wp-json\/wp\/v2\/comments?post=5527"}],"version-history":[{"count":17,"href":"https:\/\/www.alpha-gefahrgut-consulting.de\/index.php\/wp-json\/wp\/v2\/pages\/5527\/revisions"}],"predecessor-version":[{"id":11364,"href":"https:\/\/www.alpha-gefahrgut-consulting.de\/index.php\/wp-json\/wp\/v2\/pages\/5527\/revisions\/11364"}],"wp:attachment":[{"href":"https:\/\/www.alpha-gefahrgut-consulting.de\/index.php\/wp-json\/wp\/v2\/media?parent=5527"}],"curies":[{"name":"wp","href":"https:\/\/api.w.org\/{rel}","templated":true}]}}