{"id":5308,"date":"2024-02-24T16:28:27","date_gmt":"2024-02-24T15:28:27","guid":{"rendered":"https:\/\/www.alpha-gefahrgut-consulting.de\/?page_id=5308"},"modified":"2025-09-10T17:48:48","modified_gmt":"2025-09-10T15:48:48","slug":"cbta-assessment","status":"publish","type":"page","link":"https:\/\/www.alpha-gefahrgut-consulting.de\/index.php\/cbta-assessment\/","title":{"rendered":"CBTA Assessment"},"content":{"rendered":"\n<p><span style=\"color: #000000;\"><strong>CBTA- Assessment (Zwischenbeurteilung)<\/strong><\/span><\/p>\n\n\n\n<figure class=\"wp-block-image\"><img loading=\"lazy\" decoding=\"async\" width=\"748\" height=\"380\" src=\"https:\/\/www.alpha-gefahrgut-consulting.de\/wp-content\/uploads\/2024\/02\/AGC-CBTA-Assessment-748PX.jpg\" alt=\"\" class=\"wp-image-5309\" srcset=\"https:\/\/www.alpha-gefahrgut-consulting.de\/wp-content\/uploads\/2024\/02\/AGC-CBTA-Assessment-748PX.jpg 748w, https:\/\/www.alpha-gefahrgut-consulting.de\/wp-content\/uploads\/2024\/02\/AGC-CBTA-Assessment-748PX-300x152.jpg 300w\" sizes=\"auto, (max-width: 706px) 89vw, (max-width: 767px) 82vw, 740px\" \/><\/figure>\n\n\n\n<p><\/p>\n\n\n\n<hr class=\"wp-block-separator has-alpha-channel-opacity is-style-wide\"\/>\n\n\n\n<p><span style=\"color: #008080;\"><strong>Grunds\u00e4tzliches:<\/strong><\/span><br>Gem\u00e4\u00df international geltender CBTA-Schulungsbestimmungen der ICAO und erg\u00e4nzenden nationalen deutschen Durchf\u00fchrungsbestimmungen (NfL) des Luftfahrt-Bundesamtes (LBA) muss der Arbeitgeber einer Person, die an der Bef\u00f6rderung gef\u00e4hrlicher G\u00fcter beteiligt ist, nicht nur f\u00fcr eine vorschriftenkonforme <span style=\"color: #000000;\">CBTA-Schulung<\/span> (Schulungsbescheinigung (&#8222;Zertifikat&#8220;)) sorgen, sondern auch f\u00fcr ein (Zwischen-) <strong>Assessment<\/strong> (Beurteilung).<br>Wichtig: Das Assessments muss in einer Refresher-Schulungsbescheinigung ausgewiesen sein. Das hei\u00dft auch: Sofern ein (Zwischen-) Assessment nicht bei Alpha Gefahrgut Consulting absolviert worden ist, m\u00fcssen Sie uns zumindest einige Details dazu (wann, was, wer) schriftlich mitteilen k\u00f6nnen, damit wir die Angaben in der Schulungsbescheinigung auff\u00fchren k\u00f6nnen. Wir fragen diese Daten darum rechtzeitig per Formblatt ab.<\/p>\n\n\n\n<p><a href=\"https:\/\/www.alpha-gefahrgut-consulting.de\/wp-content\/uploads\/2024\/10\/AGC-CBTA-Assessment-Merkblatt-DE.pdf\"><span style=\"color: #0000ff;\"><strong>Merkblatt CBTA Assessment<\/strong><\/span><\/a> zum Download (Erstellt 10\/2024)<\/p>\n\n\n\n<p>F\u00fcr Schulungsteilnehmer, die <strong>erstmalig<\/strong> eine CBTA-Schulung besuchen, ist das hier beschriebene (Zwischen-) Assessment vor der Teilnahme an einer Schulung <strong>nicht<\/strong> erforderlich.<\/p>\n\n\n\n<p>Ein (Zwischen-) Assessment muss <strong>ansonsten<\/strong> <strong>innerhalb des G\u00fcltigkeitszeitraumes<\/strong> der Schulungsbescheinigung des jeweiligen Mitarbeiters liegen. Das Assessment kann zu einem beliebigen Zeitpunkt innerhalb des G\u00fcltigkeitszeitraumes der Schulungsbescheinigung erfolgen.<\/p>\n\n\n\n<figure class=\"wp-block-image\"><img loading=\"lazy\" decoding=\"async\" width=\"600\" height=\"237\" src=\"https:\/\/www.alpha-gefahrgut-consulting.de\/wp-content\/uploads\/2025\/01\/AGC-CBTA-Assessment-Zeitstrahl-600px.jpg\" alt=\"\" class=\"wp-image-7933\" srcset=\"https:\/\/www.alpha-gefahrgut-consulting.de\/wp-content\/uploads\/2025\/01\/AGC-CBTA-Assessment-Zeitstrahl-600px.jpg 600w, https:\/\/www.alpha-gefahrgut-consulting.de\/wp-content\/uploads\/2025\/01\/AGC-CBTA-Assessment-Zeitstrahl-600px-300x119.jpg 300w\" sizes=\"auto, (max-width: 600px) 100vw, 600px\" \/><\/figure>\n\n\n\n<hr class=\"wp-block-separator has-alpha-channel-opacity is-style-wide\"\/>\n\n\n\n<p><span style=\"font-family: Bahnschrift, sans-serif;\">Zitat aus <strong>NfL 2022 &#8211; 713<\/strong>, verk\u00fcndet vom deutschen Luftfahrt-Bundesamt:<br><strong>&#8222;2.8 <\/strong><\/span><strong><span style=\"font-family: Bahnschrift, sans-serif;\">Beurteilung (Assessment)<br><\/span><\/strong><span style=\"font-family: Bahnschrift, sans-serif;\">I<\/span><span style=\"font-family: Bahnschrift, sans-serif;\">m Rahmen des kompetenzbasierten Schulungs- und Beurteilungskonzepts ist der <\/span><span style=\"font-family: Bahnschrift, sans-serif;\">Arbeitgeber verpflichtet regelm\u00e4\u00dfige Beurteilungen (Assessments) durchzuf\u00fchren. <\/span><span style=\"font-family: Bahnschrift, sans-serif;\">Dies dient dazu, die absolvierte Schulung im Hinblick auf die auszu\u00fcbende T\u00e4tigkeit zu&nbsp;<\/span><span style=\"font-family: Bahnschrift, sans-serif;\">beurteilen. Die Beurteilung kann in Form von schriftlichen \/ m\u00fcndlichen Tests, online&nbsp;<\/span><span style=\"font-family: Bahnschrift, sans-serif;\">Test, Arbeitsprobe, etc. bzw. aus einer Kombination dieser stattfinden.&#8220;<\/span><\/p>\n\n\n\n<p>Zitat aus Kommentierung zur NfL 2022-713 (verk\u00fcndet mit Datum 04.09.2024) vom deutschen Luftfahrt-Bundesamt: &#8222;Im Schulungszertifikat muss das Datum der letzten Beurteilung (Assessment) sowie die Information, durch wen diese Beurteilung durchgef\u00fchrt wurde, aufgef\u00fchrt werden.&#8220;<\/p>\n\n\n\n<hr class=\"wp-block-separator has-alpha-channel-opacity is-style-wide\"\/>\n\n\n\n<p>Ein solches Assessment ist keine schriftliche Abschlusspr\u00fcfung einer CBTA-Schulung. Anders als bei einer schriftlichen CBTA-Abschlusspr\u00fcfung sind in einem Assessment ggf. auch Fragen zu beantworten, die nicht mit &#8222;richtig&#8220; oder &#8222;falsch&#8220; zu bewerten sind. Und anders als bei einer schriftlichen CBTA-Abschlusspr\u00fcfung gilt ein Assessment nicht automatisch bei weniger als 80% richtiger Antworten (Punkte) als erfolglos durchlaufen. Die Entscheidung dar\u00fcber, ob ein Assessment als &#8222;bestanden&#8220; gilt, liegt beim Arbeitgeber. Ein vom Arbeitgeber als &#8222;nicht bestanden&#8220; bewertetes Assessment ist auch kein Ausschlusskriterium f\u00fcr eine gebuchte CBTA-Schulung (die ggf. auch direkt im Anschluss an ein Assessment erfolgen kann).<\/p>\n\n\n\n<hr class=\"wp-block-separator has-alpha-channel-opacity is-style-wide\"\/>\n\n\n\n<p><em>H\u00f6ren Sie auch den <strong>Gefahrgut-Podcast Nr. 5<\/strong> zum Thema:<\/em><br><em> &#8222;<strong>Assessments, Assessoren &amp; Anderes<\/strong>&#8222;<\/em><br><em>Podcast auf youtube (Link unten). Oder auf Spotify.<br><a href=\"https:\/\/www.youtube.com\/watch?v=UnK-wP7OknA\"><span style=\"color: #ff0000;\"><span style=\"color: #0000ff;\">https:\/\/www.<\/span>youtube<span style=\"color: #0000ff;\">.com\/watch?v=UnK-wP7OknA<\/span><\/span><\/a><br><\/em><\/p>\n\n\n\n<hr class=\"wp-block-separator has-alpha-channel-opacity is-style-wide\"\/>\n\n\n\n<p><span style=\"color: #008000;\"><strong>AGC-Seminarteilnehmer<\/strong><\/span><br>F\u00fcr diejenigen Teilnehmer, die eine CBTA-Schulung bei Alpha Gefahrgut Consulting (AGC) besucht haben und infolgedessen eine g\u00fcltige, von Alpha Gefahrgut Consulting ausgestellte CBTA-Schulungsbescheinigung halten, finden Sie die Angebote f\u00fcr passgenaue Assessments unter den jeweiligen Schulungsangeboten. Die Angebote f\u00fcr Assessments verstehen sich optional, d.h. es liegt in der Entscheidung des Teilnehmers bzw. des Arbeitgebers, ob das Assessment bei Alpha Gefahrgut Consulting erfolgen soll, oder ob der Arbeitgeber das Assessment ggf. in Eigenregie durchf\u00fchrt bzw. selbst leistet.<br><strong><br>Auch zu einer CBTA-Schulung der Alpha Gefahrgut Consulting angemeldete Personen,<\/strong> die noch kein Zwischen-Assessment durchlaufen haben, obwohl sie eine g\u00fcltige CBTA-Schulungsbescheinigung f\u00fcr die Gefahrgutbef\u00f6rderung im Luftverkehr halten (auch wenn dieses von einem anderen Schulungsunternehmen ausgestellt wurde), k\u00f6nnen bei Alpha Gefahrgut Consulting bis unmittelbar vor Schulungsbeginn ein auf die vorgesehene Schulung passgenaues Assessment absolvieren (s.o.).<br><strong>Zu einer CBTA-Schulung bei<\/strong> <strong>der Alpha Gefahrgut Consulting angemeldete Personen sind also den bereits bei Alpha Gefahrgut Consulting geschulten Personen insofern gleichgestellt (AGC-Schulungsteilnehmer). Sie sind AGC-Seminarteilnehmer.<\/strong><\/p>\n\n\n\n<p><span style=\"color: #0000ff;\"><a style=\"color: #0000ff;\" href=\"https:\/\/www.alpha-gefahrgut-consulting.de\/wp-content\/uploads\/2025\/04\/ALPHA-CBTA-Teilnahmebedingungen-Assessment.pdf\">ALPHA-CBTA-Teilnahmebedingungen-Assessment<\/a><\/span><\/p>\n\n\n\n<p><span style=\"color: #000000;\"><strong><span style=\"color: #0000ff;\">Anmeldeformular-CBTA-Assessment<\/span><\/strong><\/span>:<\/p>\n\n\n\n<div data-wp-interactive=\"core\/file\" class=\"wp-block-file\"><object data-wp-bind--hidden=\"!state.hasPdfPreview\" hidden class=\"wp-block-file__embed\" data=\"https:\/\/www.alpha-gefahrgut-consulting.de\/wp-content\/uploads\/2025\/09\/ALPHA-Anmeldeformular-CBTA_Assessment.pdf\" type=\"application\/pdf\" style=\"width:100%;height:600px\" aria-label=\"Einbettung von ALPHA-Anmeldeformular-CBTA_Assessment.\"><\/object><a id=\"wp-block-file--media-d547c2af-abd1-41f5-9932-2e3d584f869a\" href=\"https:\/\/www.alpha-gefahrgut-consulting.de\/wp-content\/uploads\/2025\/09\/ALPHA-Anmeldeformular-CBTA_Assessment.pdf\">ALPHA-Anmeldeformular-CBTA_Assessment<\/a><a href=\"https:\/\/www.alpha-gefahrgut-consulting.de\/wp-content\/uploads\/2025\/09\/ALPHA-Anmeldeformular-CBTA_Assessment.pdf\" class=\"wp-block-file__button wp-element-button\" download aria-describedby=\"wp-block-file--media-d547c2af-abd1-41f5-9932-2e3d584f869a\">Herunterladen<\/a><\/div>\n\n\n\n<hr class=\"wp-block-separator has-alpha-channel-opacity is-style-wide\"\/>\n\n\n\n<p>Die <strong>Anmeldeformulare f\u00fcr <span style=\"color: #008000;\">AGC-Schulungsteilnehmer<br><\/span> <\/strong>finden Sie <strong>auch bei den jeweiligen Schulungen.<\/strong><\/p>\n\n\n\n<hr class=\"wp-block-separator has-alpha-channel-opacity is-style-wide\"\/>\n\n\n\n<p><span style=\"color: #008000;\"><strong><span style=\"color: #ff0000;\">Nicht<\/span> <span style=\"color: #000000;\">AGC-Seminarteilnehmer:<br><\/span><\/strong><span style=\"color: #000000;\">Das sind solche Personen, die weder eine von Alpha Gefahrgut Consulting ausgestellte, g\u00fcltige CBTA-Schulungsbescheinigung halten, noch zu einer CBTA-Schulung der Alpha Gefahrgut Consulting angemeldet sind.<br>Alpha Gefahrgut kann ein Assessment auch f\u00fcr solche <span style=\"color: #ff0000;\">Nicht<\/span>-AGC-Seminarteilnehmer durchf\u00fchren. Beachten Sie dazu bitte die Hinweise im Anmeldeformular.<\/span><\/span><\/p>\n\n\n\n<hr class=\"wp-block-separator has-alpha-channel-opacity is-style-wide\"\/>\n\n\n\n<p><strong>Innerbetriebliches Assessment<\/strong><br>Selbstverst\u00e4ndlich k\u00f6nnen Sie das auf diesen Webseiten angebotene Assessment um spezielle innerbetriebliche Komponenten erweitern oder erweitern lassen. Gerne besuchen wir Sie oder Ihre Mitarbeiter in Ihren Betrieben und nehmen Assessments in der gew\u00fcnschten Auspr\u00e4gung vor. Das kann eben in Form der vom LBA genannten Arbeitsproben, Stichproben, m\u00fcndichen Interviews oder auch eines kontinuierlichen &#8222;job shadowing&#8220; etc. etc. erfolgen. Viele Wege f\u00fchren zum Ziel. Und selbstverst\u00e4ndlich k\u00f6nnen wir solche Assessments rechtskonform f\u00fcr Ihre betrieblichen Belange dokumentieren.<\/p>\n\n\n\n<hr class=\"wp-block-separator has-alpha-channel-opacity is-style-wide\"\/>\n\n\n\n<p><strong>Zuviel des Guten?<\/strong><br>Sie m\u00f6chten das ganze CBTA-Drumherum (Schulungsplan, Schulungsplanung, Assessor, Assessment etc.) lieber gleich vollst\u00e4ndig outsourcen? Auch mit diesem Wunsch sind Sie erstens nicht alleine und zweitens mit Alpha Gefahrgut Consulting gut und sicher unterwegs. Einen passenden CBTA-Schulungsplan k\u00f6nnen Sie bei uns quasi &#8222;von der Stange&#8220; kaufen. Und diesen bei Bedarf an spezielle Belange anpassen und modellieren lassen. Ebenso gerne sind wir vor Ort an Ihrer Seite und \u00fcbernehmen nach Abschluss eines Dienstleistungsvertrages die betriebliche Funktion eines externen Assessors oder ggf. auch eines externen Gefahrgutbeauftragten f\u00fcr den Luftverkehr (freiwillig bestellt), der die Rolle eines CBTA-Assessors dann gleich mit \u00fcbernehmen kann&#8230;<br>Sie sehen, Sie sind mit Ihren betrieblichen Bed\u00fcrfnissen nicht alleine auf der Welt&#8230; Und es gibt f\u00fcr alles bereits L\u00f6sungen. Sprechen Sie uns an, denn mit Alpha Gefahrgut Consulting wird das CBTA f\u00fcr Sie zur <a href=\"https:\/\/www.alpha-gefahrgut-consulting.de\/index.php\/cbta-dangerousgoods-training\/\">einfachen Kiste<\/a>.<\/p>\n\n\n\n<hr class=\"wp-block-separator has-alpha-channel-opacity is-style-wide\"\/>\n","protected":false},"excerpt":{"rendered":"<p>CBTA- Assessment (Zwischenbeurteilung) Grunds\u00e4tzliches:Gem\u00e4\u00df international geltender CBTA-Schulungsbestimmungen der ICAO und erg\u00e4nzenden nationalen deutschen Durchf\u00fchrungsbestimmungen (NfL) des Luftfahrt-Bundesamtes (LBA) muss der Arbeitgeber einer Person, die an der Bef\u00f6rderung gef\u00e4hrlicher G\u00fcter beteiligt ist, nicht nur f\u00fcr eine vorschriftenkonforme CBTA-Schulung (Schulungsbescheinigung (&#8222;Zertifikat&#8220;)) sorgen, sondern auch f\u00fcr ein (Zwischen-) Assessment (Beurteilung).Wichtig: Das Assessments muss in einer Refresher-Schulungsbescheinigung ausgewiesen sein. &hellip; <\/p>\n<p class=\"link-more\"><a href=\"https:\/\/www.alpha-gefahrgut-consulting.de\/index.php\/cbta-assessment\/\" class=\"more-link\"><span class=\"screen-reader-text\">\u201eCBTA Assessment\u201c<\/span> weiterlesen<\/a><\/p>\n","protected":false},"author":1,"featured_media":0,"parent":0,"menu_order":0,"comment_status":"closed","ping_status":"closed","template":"","meta":{"episode_type":"","audio_file":"","podmotor_file_id":"","podmotor_episode_id":"","cover_image":"","cover_image_id":"","duration":"","filesize":"","filesize_raw":"","date_recorded":"","explicit":"","block":"","footnotes":""},"class_list":["post-5308","page","type-page","status-publish","hentry"],"yoast_head":"<!-- This site is optimized with the Yoast SEO plugin v27.4 - https:\/\/yoast.com\/product\/yoast-seo-wordpress\/ -->\n<title>CBTA Assessment - ALPHA GEFAHRGUT CONSULTING<\/title>\n<meta name=\"description\" content=\"ALPHA GEFAHRGUT CONSULTING\" \/>\n<meta name=\"robots\" content=\"index, follow, max-snippet:-1, max-image-preview:large, max-video-preview:-1\" \/>\n<link rel=\"canonical\" href=\"https:\/\/www.alpha-gefahrgut-consulting.de\/index.php\/cbta-assessment\/\" \/>\n<meta property=\"og:locale\" content=\"de_DE\" \/>\n<meta property=\"og:type\" content=\"article\" \/>\n<meta property=\"og:title\" content=\"CBTA Assessment - ALPHA GEFAHRGUT CONSULTING\" \/>\n<meta property=\"og:description\" content=\"ALPHA GEFAHRGUT CONSULTING\" \/>\n<meta property=\"og:url\" content=\"https:\/\/www.alpha-gefahrgut-consulting.de\/index.php\/cbta-assessment\/\" \/>\n<meta property=\"og:site_name\" content=\"ALPHA GEFAHRGUT CONSULTING\" \/>\n<meta property=\"article:modified_time\" content=\"2025-09-10T15:48:48+00:00\" \/>\n<meta property=\"og:image\" content=\"https:\/\/www.alpha-gefahrgut-consulting.de\/wp-content\/uploads\/2024\/02\/AGC-CBTA-Assessment-748PX.jpg\" \/>\n\t<meta property=\"og:image:width\" content=\"748\" \/>\n\t<meta property=\"og:image:height\" content=\"380\" \/>\n\t<meta property=\"og:image:type\" content=\"image\/jpeg\" \/>\n<meta name=\"twitter:card\" content=\"summary_large_image\" \/>\n<meta name=\"twitter:site\" content=\"@Alpha_Gefahrgut\" \/>\n<meta name=\"twitter:label1\" content=\"Gesch\u00e4tzte Lesezeit\" \/>\n\t<meta name=\"twitter:data1\" content=\"5\u00a0Minuten\" \/>\n<script type=\"application\/ld+json\" class=\"yoast-schema-graph\">{\"@context\":\"https:\\\/\\\/schema.org\",\"@graph\":[{\"@type\":\"WebPage\",\"@id\":\"https:\\\/\\\/www.alpha-gefahrgut-consulting.de\\\/index.php\\\/cbta-assessment\\\/\",\"url\":\"https:\\\/\\\/www.alpha-gefahrgut-consulting.de\\\/index.php\\\/cbta-assessment\\\/\",\"name\":\"CBTA Assessment - ALPHA GEFAHRGUT CONSULTING\",\"isPartOf\":{\"@id\":\"https:\\\/\\\/www.alpha-gefahrgut-consulting.de\\\/#website\"},\"primaryImageOfPage\":{\"@id\":\"https:\\\/\\\/www.alpha-gefahrgut-consulting.de\\\/index.php\\\/cbta-assessment\\\/#primaryimage\"},\"image\":{\"@id\":\"https:\\\/\\\/www.alpha-gefahrgut-consulting.de\\\/index.php\\\/cbta-assessment\\\/#primaryimage\"},\"thumbnailUrl\":\"https:\\\/\\\/www.alpha-gefahrgut-consulting.de\\\/wp-content\\\/uploads\\\/2024\\\/02\\\/AGC-CBTA-Assessment-748PX.jpg\",\"datePublished\":\"2024-02-24T15:28:27+00:00\",\"dateModified\":\"2025-09-10T15:48:48+00:00\",\"description\":\"ALPHA GEFAHRGUT CONSULTING\",\"breadcrumb\":{\"@id\":\"https:\\\/\\\/www.alpha-gefahrgut-consulting.de\\\/index.php\\\/cbta-assessment\\\/#breadcrumb\"},\"inLanguage\":\"de\",\"potentialAction\":[{\"@type\":\"ReadAction\",\"target\":[\"https:\\\/\\\/www.alpha-gefahrgut-consulting.de\\\/index.php\\\/cbta-assessment\\\/\"]}]},{\"@type\":\"ImageObject\",\"inLanguage\":\"de\",\"@id\":\"https:\\\/\\\/www.alpha-gefahrgut-consulting.de\\\/index.php\\\/cbta-assessment\\\/#primaryimage\",\"url\":\"https:\\\/\\\/www.alpha-gefahrgut-consulting.de\\\/wp-content\\\/uploads\\\/2024\\\/02\\\/AGC-CBTA-Assessment-748PX.jpg\",\"contentUrl\":\"https:\\\/\\\/www.alpha-gefahrgut-consulting.de\\\/wp-content\\\/uploads\\\/2024\\\/02\\\/AGC-CBTA-Assessment-748PX.jpg\",\"width\":748,\"height\":380},{\"@type\":\"BreadcrumbList\",\"@id\":\"https:\\\/\\\/www.alpha-gefahrgut-consulting.de\\\/index.php\\\/cbta-assessment\\\/#breadcrumb\",\"itemListElement\":[{\"@type\":\"ListItem\",\"position\":1,\"name\":\"Startseite\",\"item\":\"https:\\\/\\\/www.alpha-gefahrgut-consulting.de\\\/\"},{\"@type\":\"ListItem\",\"position\":2,\"name\":\"CBTA Assessment\"}]},{\"@type\":\"WebSite\",\"@id\":\"https:\\\/\\\/www.alpha-gefahrgut-consulting.de\\\/#website\",\"url\":\"https:\\\/\\\/www.alpha-gefahrgut-consulting.de\\\/\",\"name\":\"ALPHA GEFAHRGUT CONSULTING\",\"description\":\"First Class Dangerous Goods Consulting, Management, Training.\",\"publisher\":{\"@id\":\"https:\\\/\\\/www.alpha-gefahrgut-consulting.de\\\/#organization\"},\"potentialAction\":[{\"@type\":\"SearchAction\",\"target\":{\"@type\":\"EntryPoint\",\"urlTemplate\":\"https:\\\/\\\/www.alpha-gefahrgut-consulting.de\\\/?s={search_term_string}\"},\"query-input\":{\"@type\":\"PropertyValueSpecification\",\"valueRequired\":true,\"valueName\":\"search_term_string\"}}],\"inLanguage\":\"de\"},{\"@type\":\"Organization\",\"@id\":\"https:\\\/\\\/www.alpha-gefahrgut-consulting.de\\\/#organization\",\"name\":\"ALPHA GEFAHRGUT CONSULTING\",\"url\":\"https:\\\/\\\/www.alpha-gefahrgut-consulting.de\\\/\",\"logo\":{\"@type\":\"ImageObject\",\"inLanguage\":\"de\",\"@id\":\"https:\\\/\\\/www.alpha-gefahrgut-consulting.de\\\/#\\\/schema\\\/logo\\\/image\\\/\",\"url\":\"https:\\\/\\\/www.alpha-gefahrgut-consulting.de\\\/wp-content\\\/uploads\\\/2020\\\/04\\\/cropped-AGCLogoBlech-c.jpg\",\"contentUrl\":\"https:\\\/\\\/www.alpha-gefahrgut-consulting.de\\\/wp-content\\\/uploads\\\/2020\\\/04\\\/cropped-AGCLogoBlech-c.jpg\",\"width\":250,\"height\":250,\"caption\":\"ALPHA GEFAHRGUT CONSULTING\"},\"image\":{\"@id\":\"https:\\\/\\\/www.alpha-gefahrgut-consulting.de\\\/#\\\/schema\\\/logo\\\/image\\\/\"},\"sameAs\":[\"https:\\\/\\\/x.com\\\/Alpha_Gefahrgut\",\"https:\\\/\\\/www.youtube.com\\\/@AlphaDGConsulting\",\"https:\\\/\\\/buymeacoffee.com\\\/AlphaDGConsulting\",\"https:\\\/\\\/bsky.app\\\/profile\\\/alpha-gefahrgut.bsky.social\",\"https:\\\/\\\/www.reddit.com\\\/user\\\/United_Ad5357\\\/\",\"https:\\\/\\\/semasocial.com\\\/profile\\\/247322\",\"https:\\\/\\\/truthsocial.com\\\/@AlphaDangerousGoodsConsulting\",\"https:\\\/\\\/www.linkedin.com\\\/in\\\/michael-miska-mm\\\/\",\"https:\\\/\\\/www.xing.com\\\/profile\\\/Michael_Miska088516\\\/web_profiles\",\"https:\\\/\\\/rumble.com\\\/user\\\/AlphaDangerousGoodsConsulting\",\"https:\\\/\\\/de.pinterest.com\\\/AlphaGefahrgutConsulting\\\/\"]}]}<\/script>\n<!-- \/ Yoast SEO plugin. -->","yoast_head_json":{"title":"CBTA Assessment - ALPHA GEFAHRGUT CONSULTING","description":"ALPHA GEFAHRGUT CONSULTING","robots":{"index":"index","follow":"follow","max-snippet":"max-snippet:-1","max-image-preview":"max-image-preview:large","max-video-preview":"max-video-preview:-1"},"canonical":"https:\/\/www.alpha-gefahrgut-consulting.de\/index.php\/cbta-assessment\/","og_locale":"de_DE","og_type":"article","og_title":"CBTA Assessment - ALPHA GEFAHRGUT CONSULTING","og_description":"ALPHA GEFAHRGUT CONSULTING","og_url":"https:\/\/www.alpha-gefahrgut-consulting.de\/index.php\/cbta-assessment\/","og_site_name":"ALPHA GEFAHRGUT CONSULTING","article_modified_time":"2025-09-10T15:48:48+00:00","og_image":[{"width":748,"height":380,"url":"https:\/\/www.alpha-gefahrgut-consulting.de\/wp-content\/uploads\/2024\/02\/AGC-CBTA-Assessment-748PX.jpg","type":"image\/jpeg"}],"twitter_card":"summary_large_image","twitter_site":"@Alpha_Gefahrgut","twitter_misc":{"Gesch\u00e4tzte Lesezeit":"5\u00a0Minuten"},"schema":{"@context":"https:\/\/schema.org","@graph":[{"@type":"WebPage","@id":"https:\/\/www.alpha-gefahrgut-consulting.de\/index.php\/cbta-assessment\/","url":"https:\/\/www.alpha-gefahrgut-consulting.de\/index.php\/cbta-assessment\/","name":"CBTA Assessment - ALPHA GEFAHRGUT CONSULTING","isPartOf":{"@id":"https:\/\/www.alpha-gefahrgut-consulting.de\/#website"},"primaryImageOfPage":{"@id":"https:\/\/www.alpha-gefahrgut-consulting.de\/index.php\/cbta-assessment\/#primaryimage"},"image":{"@id":"https:\/\/www.alpha-gefahrgut-consulting.de\/index.php\/cbta-assessment\/#primaryimage"},"thumbnailUrl":"https:\/\/www.alpha-gefahrgut-consulting.de\/wp-content\/uploads\/2024\/02\/AGC-CBTA-Assessment-748PX.jpg","datePublished":"2024-02-24T15:28:27+00:00","dateModified":"2025-09-10T15:48:48+00:00","description":"ALPHA GEFAHRGUT CONSULTING","breadcrumb":{"@id":"https:\/\/www.alpha-gefahrgut-consulting.de\/index.php\/cbta-assessment\/#breadcrumb"},"inLanguage":"de","potentialAction":[{"@type":"ReadAction","target":["https:\/\/www.alpha-gefahrgut-consulting.de\/index.php\/cbta-assessment\/"]}]},{"@type":"ImageObject","inLanguage":"de","@id":"https:\/\/www.alpha-gefahrgut-consulting.de\/index.php\/cbta-assessment\/#primaryimage","url":"https:\/\/www.alpha-gefahrgut-consulting.de\/wp-content\/uploads\/2024\/02\/AGC-CBTA-Assessment-748PX.jpg","contentUrl":"https:\/\/www.alpha-gefahrgut-consulting.de\/wp-content\/uploads\/2024\/02\/AGC-CBTA-Assessment-748PX.jpg","width":748,"height":380},{"@type":"BreadcrumbList","@id":"https:\/\/www.alpha-gefahrgut-consulting.de\/index.php\/cbta-assessment\/#breadcrumb","itemListElement":[{"@type":"ListItem","position":1,"name":"Startseite","item":"https:\/\/www.alpha-gefahrgut-consulting.de\/"},{"@type":"ListItem","position":2,"name":"CBTA Assessment"}]},{"@type":"WebSite","@id":"https:\/\/www.alpha-gefahrgut-consulting.de\/#website","url":"https:\/\/www.alpha-gefahrgut-consulting.de\/","name":"ALPHA GEFAHRGUT CONSULTING","description":"First Class Dangerous Goods Consulting, Management, Training.","publisher":{"@id":"https:\/\/www.alpha-gefahrgut-consulting.de\/#organization"},"potentialAction":[{"@type":"SearchAction","target":{"@type":"EntryPoint","urlTemplate":"https:\/\/www.alpha-gefahrgut-consulting.de\/?s={search_term_string}"},"query-input":{"@type":"PropertyValueSpecification","valueRequired":true,"valueName":"search_term_string"}}],"inLanguage":"de"},{"@type":"Organization","@id":"https:\/\/www.alpha-gefahrgut-consulting.de\/#organization","name":"ALPHA GEFAHRGUT CONSULTING","url":"https:\/\/www.alpha-gefahrgut-consulting.de\/","logo":{"@type":"ImageObject","inLanguage":"de","@id":"https:\/\/www.alpha-gefahrgut-consulting.de\/#\/schema\/logo\/image\/","url":"https:\/\/www.alpha-gefahrgut-consulting.de\/wp-content\/uploads\/2020\/04\/cropped-AGCLogoBlech-c.jpg","contentUrl":"https:\/\/www.alpha-gefahrgut-consulting.de\/wp-content\/uploads\/2020\/04\/cropped-AGCLogoBlech-c.jpg","width":250,"height":250,"caption":"ALPHA GEFAHRGUT CONSULTING"},"image":{"@id":"https:\/\/www.alpha-gefahrgut-consulting.de\/#\/schema\/logo\/image\/"},"sameAs":["https:\/\/x.com\/Alpha_Gefahrgut","https:\/\/www.youtube.com\/@AlphaDGConsulting","https:\/\/buymeacoffee.com\/AlphaDGConsulting","https:\/\/bsky.app\/profile\/alpha-gefahrgut.bsky.social","https:\/\/www.reddit.com\/user\/United_Ad5357\/","https:\/\/semasocial.com\/profile\/247322","https:\/\/truthsocial.com\/@AlphaDangerousGoodsConsulting","https:\/\/www.linkedin.com\/in\/michael-miska-mm\/","https:\/\/www.xing.com\/profile\/Michael_Miska088516\/web_profiles","https:\/\/rumble.com\/user\/AlphaDangerousGoodsConsulting","https:\/\/de.pinterest.com\/AlphaGefahrgutConsulting\/"]}]}},"_links":{"self":[{"href":"https:\/\/www.alpha-gefahrgut-consulting.de\/index.php\/wp-json\/wp\/v2\/pages\/5308","targetHints":{"allow":["GET"]}}],"collection":[{"href":"https:\/\/www.alpha-gefahrgut-consulting.de\/index.php\/wp-json\/wp\/v2\/pages"}],"about":[{"href":"https:\/\/www.alpha-gefahrgut-consulting.de\/index.php\/wp-json\/wp\/v2\/types\/page"}],"author":[{"embeddable":true,"href":"https:\/\/www.alpha-gefahrgut-consulting.de\/index.php\/wp-json\/wp\/v2\/users\/1"}],"replies":[{"embeddable":true,"href":"https:\/\/www.alpha-gefahrgut-consulting.de\/index.php\/wp-json\/wp\/v2\/comments?post=5308"}],"version-history":[{"count":53,"href":"https:\/\/www.alpha-gefahrgut-consulting.de\/index.php\/wp-json\/wp\/v2\/pages\/5308\/revisions"}],"predecessor-version":[{"id":10500,"href":"https:\/\/www.alpha-gefahrgut-consulting.de\/index.php\/wp-json\/wp\/v2\/pages\/5308\/revisions\/10500"}],"wp:attachment":[{"href":"https:\/\/www.alpha-gefahrgut-consulting.de\/index.php\/wp-json\/wp\/v2\/media?parent=5308"}],"curies":[{"name":"wp","href":"https:\/\/api.w.org\/{rel}","templated":true}]}}