{"id":5196,"date":"2024-02-17T10:11:44","date_gmt":"2024-02-17T09:11:44","guid":{"rendered":"https:\/\/www.alpha-gefahrgut-consulting.de\/?page_id=5196"},"modified":"2025-11-24T17:06:48","modified_gmt":"2025-11-24T16:06:48","slug":"alpha-gefahrgut-podcastpage","status":"publish","type":"page","link":"https:\/\/www.alpha-gefahrgut-consulting.de\/index.php\/alpha-gefahrgut-podcastpage\/","title":{"rendered":"PodCastPage"},"content":{"rendered":"<h1><strong>Gefahrgut Podcast:<br \/>Gefahrgut auf Sendung.<br \/><\/strong>H\u00f6ren Sie doch mal rein!<\/h1>\n<p><span style=\"color: #0000ff;\">Zu den Sendungen<\/span><\/p>\n<hr \/>\n<p><span style=\"color: #000000;\"><strong>Wir empfehlen Ihnen unsere<\/strong>\u00a0<strong>Podcast Kan\u00e4le:<\/strong><br \/><\/span><\/p>\n<p><strong><span style=\"color: #ff0000;\">youtube<\/span><\/strong><span style=\"color: #000000;\"> (Alpha Gefahrgut Kanal).<\/span><br \/><span style=\"color: #0000ff;\"><a style=\"color: #0000ff;\" href=\"https:\/\/www.youtube.com\/playlist?list=PLwvyqIq-NjdhXTr-KAGFR6pE9_xLNQKxy\">Youtube Kanal: Mit einem Klick zur Playlist<\/a><\/span><\/p>\n<hr \/>\n<p><span style=\"color: #008080;\"><strong>Spotify<\/strong><\/span><br \/><span style=\"color: #0000ff;\"><a style=\"color: #0000ff;\" href=\"https:\/\/open.spotify.com\/show\/4YWvNAbWyYf4YImDbf6cty\">Spotify-Show: Mit einem Klick zur Playlist<\/a><\/span><\/p>\n\n\n<hr class=\"wp-block-separator has-alpha-channel-opacity is-style-wide\"\/>\n\n\n\n<h2 class=\"wp-block-heading\"><strong><mark style=\"background-color:rgba(0, 0, 0, 0)\" class=\"has-inline-color has-black-color\">Der Podcast f\u00fcr gef\u00e4hrliche G\u00fcter<\/mark><\/strong><\/h2>\n\n\n\n<p><strong><br>Entdecken und verfolgen Sie unseren Podcast rund um das Thema Gefahrgut!<\/strong><br><br>In diesem Podcast dreht sich <strong>alles<\/strong> um die Bef\u00f6rderung gef\u00e4hrlicher G\u00fcter. <br><br>Wir schweifen nicht ab, sondern fokussieren auf das Thema: Gefahrgut-Transport. <br>Und konzentrieren uns dabei auf die Bef\u00f6rderungen mit allen Verkehrstr\u00e4gern:<br>Stra\u00dfe, Schiene, Binnenwasserstra\u00dfe, See- und Luftverkehr.<br><\/p>\n\n\n\n<hr class=\"wp-block-separator has-alpha-channel-opacity is-style-wide\"\/>\n\n\n\n<h2 class=\"wp-block-heading\"><strong><mark style=\"background-color:rgba(0, 0, 0, 0)\" class=\"has-inline-color has-black-color\">Entdecken und verfolgen!<\/mark><\/strong><\/h2>\n\n\n\n<p><strong><br>Entdecken und verfolgen Sie unseren Podcast rund um das Thema Gefahrgut!<\/strong><br><br>Wir bieten Ihnen praxisnahe Einblicke, wertvolle Tipps und aktuelle Informationen zu Gefahrgut-Transport, -Umschlag, -Lagerung und -Gesetzgebung. <br><br>Aktuell und laufend mitgeteiltes Expertenwissen f\u00fcr Unternehmen, Institutionen und Beh\u00f6rden, f\u00fcr Fach- und F\u00fchrungskr\u00e4fte. F\u00fcr optimale Unterst\u00fctzung. <br><br>H\u00f6ren Sie jetzt rein, bleiben Sie up to date und profitieren Sie vom Know-how f\u00fcr mehr Sicherheit und Compliance beim Umgang mit gef\u00e4hrlichen G\u00fctern!<\/p>\n\n\n\n<hr class=\"wp-block-separator has-alpha-channel-opacity is-style-wide\"\/>\n\n\n\n<h2 class=\"wp-block-heading\"><strong><mark style=\"background-color:rgba(0, 0, 0, 0)\" class=\"has-inline-color has-black-color\">Wo Sie zuh\u00f6ren k\u00f6nnen<\/mark><\/strong><\/h2>\n\n\n\n<p><strong><br>Auf dieser Webseite oder auf unseren Social Media Kan\u00e4len<\/strong><br><br>Zuh\u00f6ren und die Sendungen verfolgen k\u00f6nnen Sie entweder auf unserer Webseite oder auf den Social Media Kan\u00e4len der Alpha Gefahrgut Consulting auf YouTube oder Spotify.<br><br>Die Links zur Spotify-Show und zum YouTube-Kanal haben wir Ihnen oben eingestellt.<br>Wir w\u00fcnschen Ihnen viel Spa\u00df beim Zuh\u00f6ren!<br><br><\/p>\n","protected":false},"excerpt":{"rendered":"<p>Gefahrgut Podcast:Gefahrgut auf Sendung.H\u00f6ren Sie doch mal rein! Zu den Sendungen Wir empfehlen Ihnen unsere\u00a0Podcast Kan\u00e4le: youtube (Alpha Gefahrgut Kanal).Youtube Kanal: Mit einem Klick zur Playlist SpotifySpotify-Show: Mit einem Klick zur Playlist Der Podcast f\u00fcr gef\u00e4hrliche G\u00fcter Entdecken und verfolgen Sie unseren Podcast rund um das Thema Gefahrgut! In diesem Podcast dreht sich alles um &hellip; <\/p>\n<p class=\"link-more\"><a href=\"https:\/\/www.alpha-gefahrgut-consulting.de\/index.php\/alpha-gefahrgut-podcastpage\/\" class=\"more-link\"><span class=\"screen-reader-text\">\u201ePodCastPage\u201c<\/span> weiterlesen<\/a><\/p>\n","protected":false},"author":1,"featured_media":5705,"parent":0,"menu_order":0,"comment_status":"closed","ping_status":"closed","template":"","meta":{"episode_type":"","audio_file":"","podmotor_file_id":"","podmotor_episode_id":"","cover_image":"","cover_image_id":"","duration":"","filesize":"","filesize_raw":"","date_recorded":"","explicit":"","block":"","footnotes":""},"class_list":["post-5196","page","type-page","status-publish","has-post-thumbnail","hentry"],"yoast_head":"<!-- This site is optimized with the Yoast SEO plugin v27.4 - https:\/\/yoast.com\/product\/yoast-seo-wordpress\/ -->\n<title>Der Gefahrgut Podcast<\/title>\n<meta name=\"description\" content=\"Gefahrgut zum Anh\u00f6ren: Der Gefahrgut Podcast der Alpha Gefahrgut Consulting. H\u00f6ren Sie einfach mal rein, was es Wichtiges und Neues gibt...\" \/>\n<meta name=\"robots\" content=\"index, follow, max-snippet:-1, max-image-preview:large, max-video-preview:-1\" \/>\n<link rel=\"canonical\" href=\"https:\/\/www.alpha-gefahrgut-consulting.de\/index.php\/alpha-gefahrgut-podcastpage\/\" \/>\n<meta property=\"og:locale\" content=\"de_DE\" \/>\n<meta property=\"og:type\" content=\"article\" \/>\n<meta property=\"og:title\" content=\"Der Gefahrgut Podcast\" \/>\n<meta property=\"og:description\" content=\"Gefahrgut zum Anh\u00f6ren: Der Gefahrgut Podcast der Alpha Gefahrgut Consulting. H\u00f6ren Sie einfach mal rein, was es Wichtiges und Neues gibt...\" \/>\n<meta property=\"og:url\" content=\"https:\/\/www.alpha-gefahrgut-consulting.de\/index.php\/alpha-gefahrgut-podcastpage\/\" \/>\n<meta property=\"og:site_name\" content=\"ALPHA GEFAHRGUT CONSULTING\" \/>\n<meta property=\"article:modified_time\" content=\"2025-11-24T16:06:48+00:00\" \/>\n<meta property=\"og:image\" content=\"https:\/\/www.alpha-gefahrgut-consulting.de\/wp-content\/uploads\/2024\/07\/Alpha-Gefahrgut-Podcast-WP-BeitragsBild300px.jpg\" \/>\n\t<meta property=\"og:image:width\" content=\"300\" \/>\n\t<meta property=\"og:image:height\" content=\"300\" \/>\n\t<meta property=\"og:image:type\" content=\"image\/jpeg\" \/>\n<meta name=\"twitter:card\" content=\"summary_large_image\" \/>\n<meta name=\"twitter:site\" content=\"@Alpha_Gefahrgut\" \/>\n<meta name=\"twitter:label1\" content=\"Gesch\u00e4tzte Lesezeit\" \/>\n\t<meta name=\"twitter:data1\" content=\"2\u00a0Minuten\" \/>\n<script type=\"application\/ld+json\" class=\"yoast-schema-graph\">{\"@context\":\"https:\\\/\\\/schema.org\",\"@graph\":[{\"@type\":\"WebPage\",\"@id\":\"https:\\\/\\\/www.alpha-gefahrgut-consulting.de\\\/index.php\\\/alpha-gefahrgut-podcastpage\\\/\",\"url\":\"https:\\\/\\\/www.alpha-gefahrgut-consulting.de\\\/index.php\\\/alpha-gefahrgut-podcastpage\\\/\",\"name\":\"Der Gefahrgut Podcast\",\"isPartOf\":{\"@id\":\"https:\\\/\\\/www.alpha-gefahrgut-consulting.de\\\/#website\"},\"primaryImageOfPage\":{\"@id\":\"https:\\\/\\\/www.alpha-gefahrgut-consulting.de\\\/index.php\\\/alpha-gefahrgut-podcastpage\\\/#primaryimage\"},\"image\":{\"@id\":\"https:\\\/\\\/www.alpha-gefahrgut-consulting.de\\\/index.php\\\/alpha-gefahrgut-podcastpage\\\/#primaryimage\"},\"thumbnailUrl\":\"https:\\\/\\\/www.alpha-gefahrgut-consulting.de\\\/wp-content\\\/uploads\\\/2024\\\/07\\\/Alpha-Gefahrgut-Podcast-WP-BeitragsBild300px.jpg\",\"datePublished\":\"2024-02-17T09:11:44+00:00\",\"dateModified\":\"2025-11-24T16:06:48+00:00\",\"description\":\"Gefahrgut zum Anh\u00f6ren: Der Gefahrgut Podcast der Alpha Gefahrgut Consulting. H\u00f6ren Sie einfach mal rein, was es Wichtiges und Neues gibt...\",\"breadcrumb\":{\"@id\":\"https:\\\/\\\/www.alpha-gefahrgut-consulting.de\\\/index.php\\\/alpha-gefahrgut-podcastpage\\\/#breadcrumb\"},\"inLanguage\":\"de\",\"potentialAction\":[{\"@type\":\"ReadAction\",\"target\":[\"https:\\\/\\\/www.alpha-gefahrgut-consulting.de\\\/index.php\\\/alpha-gefahrgut-podcastpage\\\/\"]}]},{\"@type\":\"ImageObject\",\"inLanguage\":\"de\",\"@id\":\"https:\\\/\\\/www.alpha-gefahrgut-consulting.de\\\/index.php\\\/alpha-gefahrgut-podcastpage\\\/#primaryimage\",\"url\":\"https:\\\/\\\/www.alpha-gefahrgut-consulting.de\\\/wp-content\\\/uploads\\\/2024\\\/07\\\/Alpha-Gefahrgut-Podcast-WP-BeitragsBild300px.jpg\",\"contentUrl\":\"https:\\\/\\\/www.alpha-gefahrgut-consulting.de\\\/wp-content\\\/uploads\\\/2024\\\/07\\\/Alpha-Gefahrgut-Podcast-WP-BeitragsBild300px.jpg\",\"width\":300,\"height\":300},{\"@type\":\"BreadcrumbList\",\"@id\":\"https:\\\/\\\/www.alpha-gefahrgut-consulting.de\\\/index.php\\\/alpha-gefahrgut-podcastpage\\\/#breadcrumb\",\"itemListElement\":[{\"@type\":\"ListItem\",\"position\":1,\"name\":\"Startseite\",\"item\":\"https:\\\/\\\/www.alpha-gefahrgut-consulting.de\\\/\"},{\"@type\":\"ListItem\",\"position\":2,\"name\":\"PodCastPage\"}]},{\"@type\":\"WebSite\",\"@id\":\"https:\\\/\\\/www.alpha-gefahrgut-consulting.de\\\/#website\",\"url\":\"https:\\\/\\\/www.alpha-gefahrgut-consulting.de\\\/\",\"name\":\"ALPHA GEFAHRGUT CONSULTING\",\"description\":\"First Class Dangerous Goods Consulting, Management, Training.\",\"publisher\":{\"@id\":\"https:\\\/\\\/www.alpha-gefahrgut-consulting.de\\\/#organization\"},\"potentialAction\":[{\"@type\":\"SearchAction\",\"target\":{\"@type\":\"EntryPoint\",\"urlTemplate\":\"https:\\\/\\\/www.alpha-gefahrgut-consulting.de\\\/?s={search_term_string}\"},\"query-input\":{\"@type\":\"PropertyValueSpecification\",\"valueRequired\":true,\"valueName\":\"search_term_string\"}}],\"inLanguage\":\"de\"},{\"@type\":\"Organization\",\"@id\":\"https:\\\/\\\/www.alpha-gefahrgut-consulting.de\\\/#organization\",\"name\":\"ALPHA GEFAHRGUT CONSULTING\",\"url\":\"https:\\\/\\\/www.alpha-gefahrgut-consulting.de\\\/\",\"logo\":{\"@type\":\"ImageObject\",\"inLanguage\":\"de\",\"@id\":\"https:\\\/\\\/www.alpha-gefahrgut-consulting.de\\\/#\\\/schema\\\/logo\\\/image\\\/\",\"url\":\"https:\\\/\\\/www.alpha-gefahrgut-consulting.de\\\/wp-content\\\/uploads\\\/2020\\\/04\\\/cropped-AGCLogoBlech-c.jpg\",\"contentUrl\":\"https:\\\/\\\/www.alpha-gefahrgut-consulting.de\\\/wp-content\\\/uploads\\\/2020\\\/04\\\/cropped-AGCLogoBlech-c.jpg\",\"width\":250,\"height\":250,\"caption\":\"ALPHA GEFAHRGUT CONSULTING\"},\"image\":{\"@id\":\"https:\\\/\\\/www.alpha-gefahrgut-consulting.de\\\/#\\\/schema\\\/logo\\\/image\\\/\"},\"sameAs\":[\"https:\\\/\\\/x.com\\\/Alpha_Gefahrgut\",\"https:\\\/\\\/www.youtube.com\\\/@AlphaDGConsulting\",\"https:\\\/\\\/buymeacoffee.com\\\/AlphaDGConsulting\",\"https:\\\/\\\/bsky.app\\\/profile\\\/alpha-gefahrgut.bsky.social\",\"https:\\\/\\\/www.reddit.com\\\/user\\\/United_Ad5357\\\/\",\"https:\\\/\\\/semasocial.com\\\/profile\\\/247322\",\"https:\\\/\\\/truthsocial.com\\\/@AlphaDangerousGoodsConsulting\",\"https:\\\/\\\/www.linkedin.com\\\/in\\\/michael-miska-mm\\\/\",\"https:\\\/\\\/www.xing.com\\\/profile\\\/Michael_Miska088516\\\/web_profiles\",\"https:\\\/\\\/rumble.com\\\/user\\\/AlphaDangerousGoodsConsulting\",\"https:\\\/\\\/de.pinterest.com\\\/AlphaGefahrgutConsulting\\\/\"]}]}<\/script>\n<!-- \/ Yoast SEO plugin. -->","yoast_head_json":{"title":"Der Gefahrgut Podcast","description":"Gefahrgut zum Anh\u00f6ren: Der Gefahrgut Podcast der Alpha Gefahrgut Consulting. H\u00f6ren Sie einfach mal rein, was es Wichtiges und Neues gibt...","robots":{"index":"index","follow":"follow","max-snippet":"max-snippet:-1","max-image-preview":"max-image-preview:large","max-video-preview":"max-video-preview:-1"},"canonical":"https:\/\/www.alpha-gefahrgut-consulting.de\/index.php\/alpha-gefahrgut-podcastpage\/","og_locale":"de_DE","og_type":"article","og_title":"Der Gefahrgut Podcast","og_description":"Gefahrgut zum Anh\u00f6ren: Der Gefahrgut Podcast der Alpha Gefahrgut Consulting. H\u00f6ren Sie einfach mal rein, was es Wichtiges und Neues gibt...","og_url":"https:\/\/www.alpha-gefahrgut-consulting.de\/index.php\/alpha-gefahrgut-podcastpage\/","og_site_name":"ALPHA GEFAHRGUT CONSULTING","article_modified_time":"2025-11-24T16:06:48+00:00","og_image":[{"width":300,"height":300,"url":"https:\/\/www.alpha-gefahrgut-consulting.de\/wp-content\/uploads\/2024\/07\/Alpha-Gefahrgut-Podcast-WP-BeitragsBild300px.jpg","type":"image\/jpeg"}],"twitter_card":"summary_large_image","twitter_site":"@Alpha_Gefahrgut","twitter_misc":{"Gesch\u00e4tzte Lesezeit":"2\u00a0Minuten"},"schema":{"@context":"https:\/\/schema.org","@graph":[{"@type":"WebPage","@id":"https:\/\/www.alpha-gefahrgut-consulting.de\/index.php\/alpha-gefahrgut-podcastpage\/","url":"https:\/\/www.alpha-gefahrgut-consulting.de\/index.php\/alpha-gefahrgut-podcastpage\/","name":"Der Gefahrgut Podcast","isPartOf":{"@id":"https:\/\/www.alpha-gefahrgut-consulting.de\/#website"},"primaryImageOfPage":{"@id":"https:\/\/www.alpha-gefahrgut-consulting.de\/index.php\/alpha-gefahrgut-podcastpage\/#primaryimage"},"image":{"@id":"https:\/\/www.alpha-gefahrgut-consulting.de\/index.php\/alpha-gefahrgut-podcastpage\/#primaryimage"},"thumbnailUrl":"https:\/\/www.alpha-gefahrgut-consulting.de\/wp-content\/uploads\/2024\/07\/Alpha-Gefahrgut-Podcast-WP-BeitragsBild300px.jpg","datePublished":"2024-02-17T09:11:44+00:00","dateModified":"2025-11-24T16:06:48+00:00","description":"Gefahrgut zum Anh\u00f6ren: Der Gefahrgut Podcast der Alpha Gefahrgut Consulting. H\u00f6ren Sie einfach mal rein, was es Wichtiges und Neues gibt...","breadcrumb":{"@id":"https:\/\/www.alpha-gefahrgut-consulting.de\/index.php\/alpha-gefahrgut-podcastpage\/#breadcrumb"},"inLanguage":"de","potentialAction":[{"@type":"ReadAction","target":["https:\/\/www.alpha-gefahrgut-consulting.de\/index.php\/alpha-gefahrgut-podcastpage\/"]}]},{"@type":"ImageObject","inLanguage":"de","@id":"https:\/\/www.alpha-gefahrgut-consulting.de\/index.php\/alpha-gefahrgut-podcastpage\/#primaryimage","url":"https:\/\/www.alpha-gefahrgut-consulting.de\/wp-content\/uploads\/2024\/07\/Alpha-Gefahrgut-Podcast-WP-BeitragsBild300px.jpg","contentUrl":"https:\/\/www.alpha-gefahrgut-consulting.de\/wp-content\/uploads\/2024\/07\/Alpha-Gefahrgut-Podcast-WP-BeitragsBild300px.jpg","width":300,"height":300},{"@type":"BreadcrumbList","@id":"https:\/\/www.alpha-gefahrgut-consulting.de\/index.php\/alpha-gefahrgut-podcastpage\/#breadcrumb","itemListElement":[{"@type":"ListItem","position":1,"name":"Startseite","item":"https:\/\/www.alpha-gefahrgut-consulting.de\/"},{"@type":"ListItem","position":2,"name":"PodCastPage"}]},{"@type":"WebSite","@id":"https:\/\/www.alpha-gefahrgut-consulting.de\/#website","url":"https:\/\/www.alpha-gefahrgut-consulting.de\/","name":"ALPHA GEFAHRGUT CONSULTING","description":"First Class Dangerous Goods Consulting, Management, Training.","publisher":{"@id":"https:\/\/www.alpha-gefahrgut-consulting.de\/#organization"},"potentialAction":[{"@type":"SearchAction","target":{"@type":"EntryPoint","urlTemplate":"https:\/\/www.alpha-gefahrgut-consulting.de\/?s={search_term_string}"},"query-input":{"@type":"PropertyValueSpecification","valueRequired":true,"valueName":"search_term_string"}}],"inLanguage":"de"},{"@type":"Organization","@id":"https:\/\/www.alpha-gefahrgut-consulting.de\/#organization","name":"ALPHA GEFAHRGUT CONSULTING","url":"https:\/\/www.alpha-gefahrgut-consulting.de\/","logo":{"@type":"ImageObject","inLanguage":"de","@id":"https:\/\/www.alpha-gefahrgut-consulting.de\/#\/schema\/logo\/image\/","url":"https:\/\/www.alpha-gefahrgut-consulting.de\/wp-content\/uploads\/2020\/04\/cropped-AGCLogoBlech-c.jpg","contentUrl":"https:\/\/www.alpha-gefahrgut-consulting.de\/wp-content\/uploads\/2020\/04\/cropped-AGCLogoBlech-c.jpg","width":250,"height":250,"caption":"ALPHA GEFAHRGUT CONSULTING"},"image":{"@id":"https:\/\/www.alpha-gefahrgut-consulting.de\/#\/schema\/logo\/image\/"},"sameAs":["https:\/\/x.com\/Alpha_Gefahrgut","https:\/\/www.youtube.com\/@AlphaDGConsulting","https:\/\/buymeacoffee.com\/AlphaDGConsulting","https:\/\/bsky.app\/profile\/alpha-gefahrgut.bsky.social","https:\/\/www.reddit.com\/user\/United_Ad5357\/","https:\/\/semasocial.com\/profile\/247322","https:\/\/truthsocial.com\/@AlphaDangerousGoodsConsulting","https:\/\/www.linkedin.com\/in\/michael-miska-mm\/","https:\/\/www.xing.com\/profile\/Michael_Miska088516\/web_profiles","https:\/\/rumble.com\/user\/AlphaDangerousGoodsConsulting","https:\/\/de.pinterest.com\/AlphaGefahrgutConsulting\/"]}]}},"_links":{"self":[{"href":"https:\/\/www.alpha-gefahrgut-consulting.de\/index.php\/wp-json\/wp\/v2\/pages\/5196","targetHints":{"allow":["GET"]}}],"collection":[{"href":"https:\/\/www.alpha-gefahrgut-consulting.de\/index.php\/wp-json\/wp\/v2\/pages"}],"about":[{"href":"https:\/\/www.alpha-gefahrgut-consulting.de\/index.php\/wp-json\/wp\/v2\/types\/page"}],"author":[{"embeddable":true,"href":"https:\/\/www.alpha-gefahrgut-consulting.de\/index.php\/wp-json\/wp\/v2\/users\/1"}],"replies":[{"embeddable":true,"href":"https:\/\/www.alpha-gefahrgut-consulting.de\/index.php\/wp-json\/wp\/v2\/comments?post=5196"}],"version-history":[{"count":44,"href":"https:\/\/www.alpha-gefahrgut-consulting.de\/index.php\/wp-json\/wp\/v2\/pages\/5196\/revisions"}],"predecessor-version":[{"id":10969,"href":"https:\/\/www.alpha-gefahrgut-consulting.de\/index.php\/wp-json\/wp\/v2\/pages\/5196\/revisions\/10969"}],"wp:featuredmedia":[{"embeddable":true,"href":"https:\/\/www.alpha-gefahrgut-consulting.de\/index.php\/wp-json\/wp\/v2\/media\/5705"}],"wp:attachment":[{"href":"https:\/\/www.alpha-gefahrgut-consulting.de\/index.php\/wp-json\/wp\/v2\/media?parent=5196"}],"curies":[{"name":"wp","href":"https:\/\/api.w.org\/{rel}","templated":true}]}}