{"id":4371,"date":"2023-11-15T11:13:04","date_gmt":"2023-11-15T10:13:04","guid":{"rendered":"https:\/\/www.alpha-gefahrgut-consulting.de\/?page_id=4371"},"modified":"2025-09-13T14:55:49","modified_gmt":"2025-09-13T12:55:49","slug":"imo-imdg-dgd-form","status":"publish","type":"page","link":"https:\/\/www.alpha-gefahrgut-consulting.de\/index.php\/imo-imdg-dgd-form\/","title":{"rendered":"DGD f\u00fcr den Seeverkehr"},"content":{"rendered":"<p><img loading=\"lazy\" decoding=\"async\" class=\"alignnone size-medium wp-image-166\" src=\"https:\/\/www.alpha-gefahrgut-consulting.de\/wp-content\/uploads\/2020\/04\/Rotrand-quer-300x13.jpg\" alt=\"Rotrand, quer\" width=\"300\" height=\"13\" srcset=\"https:\/\/www.alpha-gefahrgut-consulting.de\/wp-content\/uploads\/2020\/04\/Rotrand-quer-300x13.jpg 300w, https:\/\/www.alpha-gefahrgut-consulting.de\/wp-content\/uploads\/2020\/04\/Rotrand-quer.jpg 585w\" sizes=\"auto, (max-width: 300px) 100vw, 300px\" \/><br \/>Shipper&#8217;s Declaration f\u00fcr den Seeverkehr:<br \/>Die <strong>IMO\/IMDG-DGD<\/strong> f\u00fcr den Seeverkehr<br \/><strong>als ausf\u00fcllbare PDF-Datei<\/strong>.<br \/><img loading=\"lazy\" decoding=\"async\" class=\"alignnone size-medium wp-image-166\" src=\"https:\/\/www.alpha-gefahrgut-consulting.de\/wp-content\/uploads\/2020\/04\/Rotrand-quer-300x13.jpg\" alt=\"Rotrand, quer\" width=\"300\" height=\"13\" srcset=\"https:\/\/www.alpha-gefahrgut-consulting.de\/wp-content\/uploads\/2020\/04\/Rotrand-quer-300x13.jpg 300w, https:\/\/www.alpha-gefahrgut-consulting.de\/wp-content\/uploads\/2020\/04\/Rotrand-quer.jpg 585w\" sizes=\"auto, (max-width: 300px) 100vw, 300px\" \/><\/p>\n<p><img loading=\"lazy\" decoding=\"async\" class=\"alignnone size-full wp-image-4413\" src=\"https:\/\/www.alpha-gefahrgut-consulting.de\/wp-content\/uploads\/2023\/11\/IMO-DGD-Fillable-PDF-Web.jpg\" alt=\"\" width=\"316\" height=\"437\" srcset=\"https:\/\/www.alpha-gefahrgut-consulting.de\/wp-content\/uploads\/2023\/11\/IMO-DGD-Fillable-PDF-Web.jpg 316w, https:\/\/www.alpha-gefahrgut-consulting.de\/wp-content\/uploads\/2023\/11\/IMO-DGD-Fillable-PDF-Web-217x300.jpg 217w\" sizes=\"auto, (max-width: 316px) 100vw, 316px\" \/><\/p>\n<p><strong><br \/><span style=\"color: #ff0000;\">F\u00fcr unsere registrierten Kunden<\/span><br \/><\/strong>stellen wir ein Formular zur Erstellung der IMO-DGD nach IMDG-Code zur Verf\u00fcgung.<\/p>\n<p>Die Nutzung des (als PDF auszuf\u00fcllenden) Formulars erfolgt jeweils kostenlos sowie unverbindlich und ohne jede Gew\u00e4hrleistung durch Alpha Gefahrgut Consulting.<\/p>\n<p>Die <strong>Registrierung<\/strong> f\u00fcr die Nutzung erfolgt<strong> \u00fcber diese Webseite<\/strong>.<br \/>Laden Sie \u00fcber den untenstehenden Link das Registrierungsformular herunter, f\u00fcllen dieses aus und \u00fcbersenden es an die dort genannte E-Mail-Adresse.<br \/>Die Zahlung der Registrierungsgeb\u00fchr hat per Vorkasse zu erfolgen. Die Bankonformationen zur Bezahlung erhalten Sie nach Einsendung des Registrierungsformulars. Nach Eingang der Zahlung auf unserem Konto erstellen wir eine Rechnung und \u00fcbersenden Ihnen die f\u00fcr Ihr Unternehmen erstellte PDF-Datei bzw. erm\u00f6glichen Ihnen einen Download der Datei von unserer Webseite.<\/p>\n<p>Registrierungsgeb\u00fchr:<br \/>EUR 42,02 zzgl. MwSt f\u00fcr in Deutschland ans\u00e4ssige Besteller.<br \/>Preise f\u00fcr das Ausland siehe unten.<\/p>\n<p><strong><span style=\"color: #000000;\">Hier k\u00f6nnen Sie ein Muster der &#8222;IMO&#8220; downloaden:<\/span><span style=\"color: #0000ff;\"><br \/><\/span><\/strong><span style=\"color: #ff0000;\"><a style=\"color: #ff0000;\" href=\"https:\/\/www.alpha-gefahrgut-consulting.de\/wp-content\/uploads\/2025\/09\/IMDG-DGD-AGC-fillable-PDF.pdf\"><strong>IMDG-DGD-AGC-fillable-PDF-Sample-Web<\/strong><\/a><\/span><\/p>\n<p><strong><span style=\"color: #ff0000;\"><br \/><a style=\"color: #ff0000;\" href=\"https:\/\/www.alpha-gefahrgut-consulting.de\/wp-content\/uploads\/2023\/11\/AGC-Registration-Form-IMO-IMDG-DGD-DE.pdf\"><span style=\"color: #0000ff;\">Registrierungsformular (DE)<\/span><\/a><br \/><\/span><\/strong><span style=\"color: #000000;\">F\u00fcr Besteller aus Deutschland<br \/>(EUR 42,02 zzgl. ges. MwSt)<\/span><strong><span style=\"color: #ff0000;\"><br \/><\/span><\/strong><\/p>\n<p><strong><a href=\"https:\/\/www.alpha-gefahrgut-consulting.de\/wp-content\/uploads\/2024\/05\/AGC-Registration-Form-IMO-IMDG-DGD-EU.pdf\"><span style=\"color: #0000ff;\">Registrierungsformular (EU)<\/span><\/a><br \/><\/strong>F\u00fcr Besteller aus dem EU-Ausland<strong><br \/><\/strong>(EUR 50,&#8211; plus VAT (reverse charge))<\/p>\n<p><strong><span style=\"color: #0000ff;\"><a style=\"color: #0000ff;\" href=\"https:\/\/www.alpha-gefahrgut-consulting.de\/wp-content\/uploads\/2024\/05\/AGC-Registration-Form-IMO-IMDG-DGD-INT.pdf\">Registration-Formular (INT)<\/a><\/span><br \/><\/strong>For international buyer (Non-EU)<br \/>(EUR 50,&#8211; excl. VAT)<strong><br \/><\/strong><\/p>\n<p><img loading=\"lazy\" decoding=\"async\" class=\"alignnone size-full wp-image-4413\" src=\"https:\/\/www.alpha-gefahrgut-consulting.de\/wp-content\/uploads\/2023\/11\/IMO-DGD-Fillable-PDF-Web.jpg\" alt=\"\" width=\"316\" height=\"437\" srcset=\"https:\/\/www.alpha-gefahrgut-consulting.de\/wp-content\/uploads\/2023\/11\/IMO-DGD-Fillable-PDF-Web.jpg 316w, https:\/\/www.alpha-gefahrgut-consulting.de\/wp-content\/uploads\/2023\/11\/IMO-DGD-Fillable-PDF-Web-217x300.jpg 217w\" sizes=\"auto, (max-width: 316px) 100vw, 316px\" \/><\/p>\n\n\n<p><\/p>\n","protected":false},"excerpt":{"rendered":"<p>Shipper&#8217;s Declaration f\u00fcr den Seeverkehr:Die IMO\/IMDG-DGD f\u00fcr den Seeverkehrals ausf\u00fcllbare PDF-Datei. F\u00fcr unsere registrierten Kundenstellen wir ein Formular zur Erstellung der IMO-DGD nach IMDG-Code zur Verf\u00fcgung. Die Nutzung des (als PDF auszuf\u00fcllenden) Formulars erfolgt jeweils kostenlos sowie unverbindlich und ohne jede Gew\u00e4hrleistung durch Alpha Gefahrgut Consulting. Die Registrierung f\u00fcr die Nutzung erfolgt \u00fcber diese Webseite.Laden &hellip; <\/p>\n<p class=\"link-more\"><a href=\"https:\/\/www.alpha-gefahrgut-consulting.de\/index.php\/imo-imdg-dgd-form\/\" class=\"more-link\"><span class=\"screen-reader-text\">\u201eDGD f\u00fcr den Seeverkehr\u201c<\/span> weiterlesen<\/a><\/p>\n","protected":false},"author":1,"featured_media":0,"parent":0,"menu_order":0,"comment_status":"closed","ping_status":"closed","template":"","meta":{"episode_type":"","audio_file":"","podmotor_file_id":"","podmotor_episode_id":"","cover_image":"","cover_image_id":"","duration":"","filesize":"","filesize_raw":"","date_recorded":"","explicit":"","block":"","footnotes":""},"class_list":["post-4371","page","type-page","status-publish","hentry"],"yoast_head":"<!-- This site is optimized with the Yoast SEO plugin v27.4 - https:\/\/yoast.com\/product\/yoast-seo-wordpress\/ -->\n<title>Hier gibt&#039;s die IMO-Erkl\u00e4rung als &quot;fillable PDF&quot;!<\/title>\n<meta name=\"description\" content=\"Sie m\u00f6chten die &quot;IMO&quot;-Erkl\u00e4rung schnell und effizient am PC ausf\u00fcllen und ausdrucken? Dann schauen Sie sich doch gerne mal unseren Vorschlag dazu an...\" \/>\n<meta name=\"robots\" content=\"index, follow, max-snippet:-1, max-image-preview:large, max-video-preview:-1\" \/>\n<link rel=\"canonical\" href=\"https:\/\/www.alpha-gefahrgut-consulting.de\/index.php\/imo-imdg-dgd-form\/\" \/>\n<meta property=\"og:locale\" content=\"de_DE\" \/>\n<meta property=\"og:type\" content=\"article\" \/>\n<meta property=\"og:title\" content=\"Hier gibt&#039;s die IMO-Erkl\u00e4rung als &quot;fillable PDF&quot;!\" \/>\n<meta property=\"og:description\" content=\"Sie m\u00f6chten die &quot;IMO&quot;-Erkl\u00e4rung schnell und effizient am PC ausf\u00fcllen und ausdrucken? Dann schauen Sie sich doch gerne mal unseren Vorschlag dazu an...\" \/>\n<meta property=\"og:url\" content=\"https:\/\/www.alpha-gefahrgut-consulting.de\/index.php\/imo-imdg-dgd-form\/\" \/>\n<meta property=\"og:site_name\" content=\"ALPHA GEFAHRGUT CONSULTING\" \/>\n<meta property=\"article:modified_time\" content=\"2025-09-13T12:55:49+00:00\" \/>\n<meta property=\"og:image\" content=\"https:\/\/www.alpha-gefahrgut-consulting.de\/wp-content\/uploads\/2020\/04\/Rotrand-quer.jpg\" \/>\n\t<meta property=\"og:image:width\" content=\"585\" \/>\n\t<meta property=\"og:image:height\" content=\"25\" \/>\n\t<meta property=\"og:image:type\" content=\"image\/jpeg\" \/>\n<meta name=\"twitter:card\" content=\"summary_large_image\" \/>\n<meta name=\"twitter:site\" content=\"@Alpha_Gefahrgut\" \/>\n<meta name=\"twitter:label1\" content=\"Gesch\u00e4tzte Lesezeit\" \/>\n\t<meta name=\"twitter:data1\" content=\"2\u00a0Minuten\" \/>\n<script type=\"application\/ld+json\" class=\"yoast-schema-graph\">{\"@context\":\"https:\\\/\\\/schema.org\",\"@graph\":[{\"@type\":\"WebPage\",\"@id\":\"https:\\\/\\\/www.alpha-gefahrgut-consulting.de\\\/index.php\\\/imo-imdg-dgd-form\\\/\",\"url\":\"https:\\\/\\\/www.alpha-gefahrgut-consulting.de\\\/index.php\\\/imo-imdg-dgd-form\\\/\",\"name\":\"Hier gibt's die IMO-Erkl\u00e4rung als \\\"fillable PDF\\\"!\",\"isPartOf\":{\"@id\":\"https:\\\/\\\/www.alpha-gefahrgut-consulting.de\\\/#website\"},\"primaryImageOfPage\":{\"@id\":\"https:\\\/\\\/www.alpha-gefahrgut-consulting.de\\\/index.php\\\/imo-imdg-dgd-form\\\/#primaryimage\"},\"image\":{\"@id\":\"https:\\\/\\\/www.alpha-gefahrgut-consulting.de\\\/index.php\\\/imo-imdg-dgd-form\\\/#primaryimage\"},\"thumbnailUrl\":\"https:\\\/\\\/www.alpha-gefahrgut-consulting.de\\\/wp-content\\\/uploads\\\/2020\\\/04\\\/Rotrand-quer-300x13.jpg\",\"datePublished\":\"2023-11-15T10:13:04+00:00\",\"dateModified\":\"2025-09-13T12:55:49+00:00\",\"description\":\"Sie m\u00f6chten die \\\"IMO\\\"-Erkl\u00e4rung schnell und effizient am PC ausf\u00fcllen und ausdrucken? Dann schauen Sie sich doch gerne mal unseren Vorschlag dazu an...\",\"breadcrumb\":{\"@id\":\"https:\\\/\\\/www.alpha-gefahrgut-consulting.de\\\/index.php\\\/imo-imdg-dgd-form\\\/#breadcrumb\"},\"inLanguage\":\"de\",\"potentialAction\":[{\"@type\":\"ReadAction\",\"target\":[\"https:\\\/\\\/www.alpha-gefahrgut-consulting.de\\\/index.php\\\/imo-imdg-dgd-form\\\/\"]}]},{\"@type\":\"ImageObject\",\"inLanguage\":\"de\",\"@id\":\"https:\\\/\\\/www.alpha-gefahrgut-consulting.de\\\/index.php\\\/imo-imdg-dgd-form\\\/#primaryimage\",\"url\":\"https:\\\/\\\/www.alpha-gefahrgut-consulting.de\\\/wp-content\\\/uploads\\\/2020\\\/04\\\/Rotrand-quer.jpg\",\"contentUrl\":\"https:\\\/\\\/www.alpha-gefahrgut-consulting.de\\\/wp-content\\\/uploads\\\/2020\\\/04\\\/Rotrand-quer.jpg\",\"width\":585,\"height\":25},{\"@type\":\"BreadcrumbList\",\"@id\":\"https:\\\/\\\/www.alpha-gefahrgut-consulting.de\\\/index.php\\\/imo-imdg-dgd-form\\\/#breadcrumb\",\"itemListElement\":[{\"@type\":\"ListItem\",\"position\":1,\"name\":\"Startseite\",\"item\":\"https:\\\/\\\/www.alpha-gefahrgut-consulting.de\\\/\"},{\"@type\":\"ListItem\",\"position\":2,\"name\":\"DGD f\u00fcr den Seeverkehr\"}]},{\"@type\":\"WebSite\",\"@id\":\"https:\\\/\\\/www.alpha-gefahrgut-consulting.de\\\/#website\",\"url\":\"https:\\\/\\\/www.alpha-gefahrgut-consulting.de\\\/\",\"name\":\"ALPHA GEFAHRGUT CONSULTING\",\"description\":\"First Class Dangerous Goods Consulting, Management, Training.\",\"publisher\":{\"@id\":\"https:\\\/\\\/www.alpha-gefahrgut-consulting.de\\\/#organization\"},\"potentialAction\":[{\"@type\":\"SearchAction\",\"target\":{\"@type\":\"EntryPoint\",\"urlTemplate\":\"https:\\\/\\\/www.alpha-gefahrgut-consulting.de\\\/?s={search_term_string}\"},\"query-input\":{\"@type\":\"PropertyValueSpecification\",\"valueRequired\":true,\"valueName\":\"search_term_string\"}}],\"inLanguage\":\"de\"},{\"@type\":\"Organization\",\"@id\":\"https:\\\/\\\/www.alpha-gefahrgut-consulting.de\\\/#organization\",\"name\":\"ALPHA GEFAHRGUT CONSULTING\",\"url\":\"https:\\\/\\\/www.alpha-gefahrgut-consulting.de\\\/\",\"logo\":{\"@type\":\"ImageObject\",\"inLanguage\":\"de\",\"@id\":\"https:\\\/\\\/www.alpha-gefahrgut-consulting.de\\\/#\\\/schema\\\/logo\\\/image\\\/\",\"url\":\"https:\\\/\\\/www.alpha-gefahrgut-consulting.de\\\/wp-content\\\/uploads\\\/2020\\\/04\\\/cropped-AGCLogoBlech-c.jpg\",\"contentUrl\":\"https:\\\/\\\/www.alpha-gefahrgut-consulting.de\\\/wp-content\\\/uploads\\\/2020\\\/04\\\/cropped-AGCLogoBlech-c.jpg\",\"width\":250,\"height\":250,\"caption\":\"ALPHA GEFAHRGUT CONSULTING\"},\"image\":{\"@id\":\"https:\\\/\\\/www.alpha-gefahrgut-consulting.de\\\/#\\\/schema\\\/logo\\\/image\\\/\"},\"sameAs\":[\"https:\\\/\\\/x.com\\\/Alpha_Gefahrgut\",\"https:\\\/\\\/www.youtube.com\\\/@AlphaDGConsulting\",\"https:\\\/\\\/buymeacoffee.com\\\/AlphaDGConsulting\",\"https:\\\/\\\/bsky.app\\\/profile\\\/alpha-gefahrgut.bsky.social\",\"https:\\\/\\\/www.reddit.com\\\/user\\\/United_Ad5357\\\/\",\"https:\\\/\\\/semasocial.com\\\/profile\\\/247322\",\"https:\\\/\\\/truthsocial.com\\\/@AlphaDangerousGoodsConsulting\",\"https:\\\/\\\/www.linkedin.com\\\/in\\\/michael-miska-mm\\\/\",\"https:\\\/\\\/www.xing.com\\\/profile\\\/Michael_Miska088516\\\/web_profiles\",\"https:\\\/\\\/rumble.com\\\/user\\\/AlphaDangerousGoodsConsulting\",\"https:\\\/\\\/de.pinterest.com\\\/AlphaGefahrgutConsulting\\\/\"]}]}<\/script>\n<!-- \/ Yoast SEO plugin. -->","yoast_head_json":{"title":"Hier gibt's die IMO-Erkl\u00e4rung als \"fillable PDF\"!","description":"Sie m\u00f6chten die \"IMO\"-Erkl\u00e4rung schnell und effizient am PC ausf\u00fcllen und ausdrucken? Dann schauen Sie sich doch gerne mal unseren Vorschlag dazu an...","robots":{"index":"index","follow":"follow","max-snippet":"max-snippet:-1","max-image-preview":"max-image-preview:large","max-video-preview":"max-video-preview:-1"},"canonical":"https:\/\/www.alpha-gefahrgut-consulting.de\/index.php\/imo-imdg-dgd-form\/","og_locale":"de_DE","og_type":"article","og_title":"Hier gibt's die IMO-Erkl\u00e4rung als \"fillable PDF\"!","og_description":"Sie m\u00f6chten die \"IMO\"-Erkl\u00e4rung schnell und effizient am PC ausf\u00fcllen und ausdrucken? Dann schauen Sie sich doch gerne mal unseren Vorschlag dazu an...","og_url":"https:\/\/www.alpha-gefahrgut-consulting.de\/index.php\/imo-imdg-dgd-form\/","og_site_name":"ALPHA GEFAHRGUT CONSULTING","article_modified_time":"2025-09-13T12:55:49+00:00","og_image":[{"width":585,"height":25,"url":"https:\/\/www.alpha-gefahrgut-consulting.de\/wp-content\/uploads\/2020\/04\/Rotrand-quer.jpg","type":"image\/jpeg"}],"twitter_card":"summary_large_image","twitter_site":"@Alpha_Gefahrgut","twitter_misc":{"Gesch\u00e4tzte Lesezeit":"2\u00a0Minuten"},"schema":{"@context":"https:\/\/schema.org","@graph":[{"@type":"WebPage","@id":"https:\/\/www.alpha-gefahrgut-consulting.de\/index.php\/imo-imdg-dgd-form\/","url":"https:\/\/www.alpha-gefahrgut-consulting.de\/index.php\/imo-imdg-dgd-form\/","name":"Hier gibt's die IMO-Erkl\u00e4rung als \"fillable PDF\"!","isPartOf":{"@id":"https:\/\/www.alpha-gefahrgut-consulting.de\/#website"},"primaryImageOfPage":{"@id":"https:\/\/www.alpha-gefahrgut-consulting.de\/index.php\/imo-imdg-dgd-form\/#primaryimage"},"image":{"@id":"https:\/\/www.alpha-gefahrgut-consulting.de\/index.php\/imo-imdg-dgd-form\/#primaryimage"},"thumbnailUrl":"https:\/\/www.alpha-gefahrgut-consulting.de\/wp-content\/uploads\/2020\/04\/Rotrand-quer-300x13.jpg","datePublished":"2023-11-15T10:13:04+00:00","dateModified":"2025-09-13T12:55:49+00:00","description":"Sie m\u00f6chten die \"IMO\"-Erkl\u00e4rung schnell und effizient am PC ausf\u00fcllen und ausdrucken? Dann schauen Sie sich doch gerne mal unseren Vorschlag dazu an...","breadcrumb":{"@id":"https:\/\/www.alpha-gefahrgut-consulting.de\/index.php\/imo-imdg-dgd-form\/#breadcrumb"},"inLanguage":"de","potentialAction":[{"@type":"ReadAction","target":["https:\/\/www.alpha-gefahrgut-consulting.de\/index.php\/imo-imdg-dgd-form\/"]}]},{"@type":"ImageObject","inLanguage":"de","@id":"https:\/\/www.alpha-gefahrgut-consulting.de\/index.php\/imo-imdg-dgd-form\/#primaryimage","url":"https:\/\/www.alpha-gefahrgut-consulting.de\/wp-content\/uploads\/2020\/04\/Rotrand-quer.jpg","contentUrl":"https:\/\/www.alpha-gefahrgut-consulting.de\/wp-content\/uploads\/2020\/04\/Rotrand-quer.jpg","width":585,"height":25},{"@type":"BreadcrumbList","@id":"https:\/\/www.alpha-gefahrgut-consulting.de\/index.php\/imo-imdg-dgd-form\/#breadcrumb","itemListElement":[{"@type":"ListItem","position":1,"name":"Startseite","item":"https:\/\/www.alpha-gefahrgut-consulting.de\/"},{"@type":"ListItem","position":2,"name":"DGD f\u00fcr den Seeverkehr"}]},{"@type":"WebSite","@id":"https:\/\/www.alpha-gefahrgut-consulting.de\/#website","url":"https:\/\/www.alpha-gefahrgut-consulting.de\/","name":"ALPHA GEFAHRGUT CONSULTING","description":"First Class Dangerous Goods Consulting, Management, Training.","publisher":{"@id":"https:\/\/www.alpha-gefahrgut-consulting.de\/#organization"},"potentialAction":[{"@type":"SearchAction","target":{"@type":"EntryPoint","urlTemplate":"https:\/\/www.alpha-gefahrgut-consulting.de\/?s={search_term_string}"},"query-input":{"@type":"PropertyValueSpecification","valueRequired":true,"valueName":"search_term_string"}}],"inLanguage":"de"},{"@type":"Organization","@id":"https:\/\/www.alpha-gefahrgut-consulting.de\/#organization","name":"ALPHA GEFAHRGUT CONSULTING","url":"https:\/\/www.alpha-gefahrgut-consulting.de\/","logo":{"@type":"ImageObject","inLanguage":"de","@id":"https:\/\/www.alpha-gefahrgut-consulting.de\/#\/schema\/logo\/image\/","url":"https:\/\/www.alpha-gefahrgut-consulting.de\/wp-content\/uploads\/2020\/04\/cropped-AGCLogoBlech-c.jpg","contentUrl":"https:\/\/www.alpha-gefahrgut-consulting.de\/wp-content\/uploads\/2020\/04\/cropped-AGCLogoBlech-c.jpg","width":250,"height":250,"caption":"ALPHA GEFAHRGUT CONSULTING"},"image":{"@id":"https:\/\/www.alpha-gefahrgut-consulting.de\/#\/schema\/logo\/image\/"},"sameAs":["https:\/\/x.com\/Alpha_Gefahrgut","https:\/\/www.youtube.com\/@AlphaDGConsulting","https:\/\/buymeacoffee.com\/AlphaDGConsulting","https:\/\/bsky.app\/profile\/alpha-gefahrgut.bsky.social","https:\/\/www.reddit.com\/user\/United_Ad5357\/","https:\/\/semasocial.com\/profile\/247322","https:\/\/truthsocial.com\/@AlphaDangerousGoodsConsulting","https:\/\/www.linkedin.com\/in\/michael-miska-mm\/","https:\/\/www.xing.com\/profile\/Michael_Miska088516\/web_profiles","https:\/\/rumble.com\/user\/AlphaDangerousGoodsConsulting","https:\/\/de.pinterest.com\/AlphaGefahrgutConsulting\/"]}]}},"_links":{"self":[{"href":"https:\/\/www.alpha-gefahrgut-consulting.de\/index.php\/wp-json\/wp\/v2\/pages\/4371","targetHints":{"allow":["GET"]}}],"collection":[{"href":"https:\/\/www.alpha-gefahrgut-consulting.de\/index.php\/wp-json\/wp\/v2\/pages"}],"about":[{"href":"https:\/\/www.alpha-gefahrgut-consulting.de\/index.php\/wp-json\/wp\/v2\/types\/page"}],"author":[{"embeddable":true,"href":"https:\/\/www.alpha-gefahrgut-consulting.de\/index.php\/wp-json\/wp\/v2\/users\/1"}],"replies":[{"embeddable":true,"href":"https:\/\/www.alpha-gefahrgut-consulting.de\/index.php\/wp-json\/wp\/v2\/comments?post=4371"}],"version-history":[{"count":33,"href":"https:\/\/www.alpha-gefahrgut-consulting.de\/index.php\/wp-json\/wp\/v2\/pages\/4371\/revisions"}],"predecessor-version":[{"id":10621,"href":"https:\/\/www.alpha-gefahrgut-consulting.de\/index.php\/wp-json\/wp\/v2\/pages\/4371\/revisions\/10621"}],"wp:attachment":[{"href":"https:\/\/www.alpha-gefahrgut-consulting.de\/index.php\/wp-json\/wp\/v2\/media?parent=4371"}],"curies":[{"name":"wp","href":"https:\/\/api.w.org\/{rel}","templated":true}]}}