{"id":4212,"date":"2023-10-13T14:32:23","date_gmt":"2023-10-13T12:32:23","guid":{"rendered":"https:\/\/www.alpha-gefahrgut-consulting.de\/?page_id=4212"},"modified":"2026-03-20T12:39:38","modified_gmt":"2026-03-20T11:39:38","slug":"real-mccoy-oder-falscher-fuffziger","status":"publish","type":"page","link":"https:\/\/www.alpha-gefahrgut-consulting.de\/index.php\/real-mccoy-oder-falscher-fuffziger\/","title":{"rendered":"Real McCoy oder falscher Fuffziger"},"content":{"rendered":"<p><strong><span style=\"color: #000000;\"><span style=\"color: #ff6600;\">Das Buch:<\/span><\/span><\/strong><\/p>\n<p><strong>Der Gefahrgutbeauftragte: Real McCoy oder falscher Fuffziger?<\/strong><\/p>\n<p><span style=\"color: #000000;\">Im Spannungsfeld zwischen Loyalit\u00e4t und Rechtslage.<br \/>\nEine kritisch-analytische Auseinandersetzung mit der tats\u00e4chlichen Rolle von Gefahrgutbeauftragten in Unternehmen und Betrieben.<br \/>\nL\u00f6sungsvorschlag inklusiv.<\/span><\/p>\n<p><strong><img loading=\"lazy\" decoding=\"async\" class=\"alignnone size-full wp-image-11477\" src=\"https:\/\/www.alpha-gefahrgut-consulting.de\/wp-content\/uploads\/2026\/03\/Coverbild-Gb-1989-McCoy-501px.jpg\" alt=\"\" width=\"500\" height=\"800\" srcset=\"https:\/\/www.alpha-gefahrgut-consulting.de\/wp-content\/uploads\/2026\/03\/Coverbild-Gb-1989-McCoy-501px.jpg 500w, https:\/\/www.alpha-gefahrgut-consulting.de\/wp-content\/uploads\/2026\/03\/Coverbild-Gb-1989-McCoy-501px-188x300.jpg 188w\" sizes=\"auto, (max-width: 500px) 100vw, 500px\" \/><\/strong><br \/>\n<span style=\"color: #ff0000;\"><span style=\"color: #000000;\"><br \/>\n<strong>e-book.<\/strong><br \/>\nUmfang ca. 120 Seiten.<br \/>\nErstausgabe Oktober 2023.<strong><br \/>\n<\/strong>Erschienen bei Tolino Media.<br \/>\nErh\u00e4ltlich beim Zusammenschluss der f\u00fchrenden deutschen Buchh\u00e4ndler:<br \/>\n<strong>Thalia, Hugendubel, Mayersche Buchhandlung, Osiander, Libri<br \/>\n<\/strong> mit ca. 1.500 Buchhandlungen in ganz Deutschland.<br \/>\nDas Buch ist dort auch online bestellbar unter der:<br \/>\n<strong>ISBN 9783757973315<br \/>\n<\/strong>zum Beispiel hier:<br \/>\n<span style=\"color: #0000ff;\"><strong><a style=\"color: #0000ff;\" href=\"https:\/\/lippebuchhandlung.buchhandlung.de\/shop\/article\/51764878\/michael_miska_der_gefahrgutbeauftragte_real_mccoy_oder_falscher_fuffziger_.html\">Bezugsquelle<\/a><\/strong><\/span> (Lippe Buchhandlung, L\u00fcnen)<br \/>\n<strong>Empfohlen<\/strong>, weil:<br \/>\n&#8222;<strong>Jetzt reinlesen<\/strong>&#8220; <strong>Button<\/strong> \u00fcber dem Buch.<br \/>\nWenn die Technik mitspielt, bekommen Sie eine kostenlose Leseprobe.<\/span><\/span><\/p>\n<p>Weitere<br \/>\n<a href=\"https:\/\/schleichersbuch.buchhandlung.de\/shop\/article\/51764878\/michael_miska_der_gefahrgutbeauftragte_real_mccoy_oder_falscher_fuffziger_.html\"><span style=\"color: #0000ff;\"><strong>Bezugsquelle<\/strong><\/span><\/a> (Schleichers Buchhandlung, Berlin)<br \/>\n<strong>Empfohlen<\/strong>, weil:<br \/>\n&#8222;<strong>Jetzt reinlesen<\/strong>&#8220; <strong>Button<\/strong> \u00fcber dem Buch.<br \/>\nWenn die Technik mitspielt, bekommen Sie eine kostenlose Leseprobe.<br \/>\n. . .<br \/>\n<span style=\"color: #000000; font-size: revert;\">Andere Bezugsquellen (ggf. ohne Leseprobe):<\/span><\/p>\n<p><span style=\"color: #ff0000;\"><span style=\"color: #000000;\"><a href=\"https:\/\/www.thalia.de\/suche?sq=9783757973315\"><span style=\"color: #0000ff;\">Bezugsquelle<\/span><\/a> <strong>\u00a0<\/strong>(Thalia)<\/span><\/span><\/p>\n<p><span style=\"color: #0000ff;\"><a style=\"color: #0000ff;\" href=\"https:\/\/www.ebook.de\/de\/product\/47084954\/michael_miska_der_gefahrgutbeauftragte_real_mccoy_oder_falscher_fuffziger.html\">Bezugsquelle<\/a><\/span>\u00a0 (Libri e-book)<\/p>\n<p><em>Hinweis: <\/em><br \/>\n<em>Weltbild (aktuell in Insolvenz) meldet das Buch auf seiner Webseite als inzwischen ausverkauft (Stand 12.06.2024), darum bitte b.a.w. andere Bezugsquellen nutzen.<strong><br \/>\n<\/strong><\/em><br \/>\n&#8211; &#8211; &#8211;<br \/>\n<strong>e-book am PC lesen? Oder am smartphone?<\/strong><br \/>\nKein Problem, Adobe bietet einen e-book reader kostenlos zum Download an:<br \/>\n<a href=\"https:\/\/www.adobe.com\/de\/solutions\/ebook\/digital-editions\/download.html\">https:\/\/www.adobe.com\/de\/solutions\/ebook\/digital-editions\/download.html<\/a><\/p>\n<p>&#8211; &#8211; &#8211;<\/p>\n<p>Ein inhaltlich gek\u00fcrzter Vor- und Teil- Abdruck des Buches erfolgte im Magazin &#8222;der gefahrgutbeauftragte&#8220; des Ecomed-Storck-Verlag, Hamburg.<br \/>\nTeil 1 im Heft September 2023<br \/>\nTeil 2 im Heft Oktober 2023<br \/>\nTeil 3 im Heft November 2023<br \/>\nTeil 4 im Heft Dezember 2023<br \/>\nDer vollst\u00e4ndige Text findet sich nur im Buch.<\/p>\n<p>Nachtr\u00e4ge zum Buch finden Sie <a href=\"https:\/\/www.alpha-gefahrgut-consulting.de\/index.php\/real-mccoy-nachtraege\/\">hie<\/a>r.<\/p>\n<hr \/>\n<p><span style=\"color: #0000ff;\"><span style=\"color: #000000;\"><br \/>\nLink zu<\/span><\/span> <a href=\"https:\/\/www.alpha-gefahrgut-consulting.de\/index.php\/services_gefahrgutpublikationen_gefahrgut\/\"><strong><span style=\"color: #0000ff;\">Ver\u00f6ffentlichungen<\/span><\/strong><\/a> der Alpha Gefahrgut Consulting<\/p>\n","protected":false},"excerpt":{"rendered":"<p>Das Buch: Der Gefahrgutbeauftragte: Real McCoy oder falscher Fuffziger? Im Spannungsfeld zwischen Loyalit\u00e4t und Rechtslage. Eine kritisch-analytische Auseinandersetzung mit der tats\u00e4chlichen Rolle von Gefahrgutbeauftragten in Unternehmen und Betrieben. L\u00f6sungsvorschlag inklusiv. e-book. Umfang ca. 120 Seiten. Erstausgabe Oktober 2023. Erschienen bei Tolino Media. Erh\u00e4ltlich beim Zusammenschluss der f\u00fchrenden deutschen Buchh\u00e4ndler: Thalia, Hugendubel, Mayersche Buchhandlung, Osiander, Libri &hellip; <\/p>\n<p class=\"link-more\"><a href=\"https:\/\/www.alpha-gefahrgut-consulting.de\/index.php\/real-mccoy-oder-falscher-fuffziger\/\" class=\"more-link\"><span class=\"screen-reader-text\">\u201eReal McCoy oder falscher Fuffziger\u201c<\/span> weiterlesen<\/a><\/p>\n","protected":false},"author":1,"featured_media":0,"parent":0,"menu_order":0,"comment_status":"closed","ping_status":"closed","template":"","meta":{"episode_type":"","audio_file":"","podmotor_file_id":"","podmotor_episode_id":"","cover_image":"","cover_image_id":"","duration":"","filesize":"","filesize_raw":"","date_recorded":"","explicit":"","block":"","footnotes":""},"class_list":["post-4212","page","type-page","status-publish","hentry"],"yoast_head":"<!-- This site is optimized with the Yoast SEO plugin v27.4 - https:\/\/yoast.com\/product\/yoast-seo-wordpress\/ -->\n<title>Real McCoy oder falscher Fuffziger ? - Der Gefahrgutbeauftragte<\/title>\n<meta name=\"description\" content=\"&quot;Der Gefahrgutbeauftragte: Real McCoy oder falscher Fuffziger?&quot; - Ein E-Book von Michael Miska, langj\u00e4hriger Gefahrgutbeauftragter.\" \/>\n<meta name=\"robots\" content=\"index, follow, max-snippet:-1, max-image-preview:large, max-video-preview:-1\" \/>\n<link rel=\"canonical\" href=\"https:\/\/www.alpha-gefahrgut-consulting.de\/index.php\/real-mccoy-oder-falscher-fuffziger\/\" \/>\n<meta property=\"og:locale\" content=\"de_DE\" \/>\n<meta property=\"og:type\" content=\"article\" \/>\n<meta property=\"og:title\" content=\"Real McCoy oder falscher Fuffziger ? - Der Gefahrgutbeauftragte\" \/>\n<meta property=\"og:description\" content=\"&quot;Der Gefahrgutbeauftragte: Real McCoy oder falscher Fuffziger?&quot; - Ein E-Book von Michael Miska, langj\u00e4hriger Gefahrgutbeauftragter.\" \/>\n<meta property=\"og:url\" content=\"https:\/\/www.alpha-gefahrgut-consulting.de\/index.php\/real-mccoy-oder-falscher-fuffziger\/\" \/>\n<meta property=\"og:site_name\" content=\"ALPHA GEFAHRGUT CONSULTING\" \/>\n<meta property=\"article:modified_time\" content=\"2026-03-20T11:39:38+00:00\" \/>\n<meta property=\"og:image\" content=\"https:\/\/www.alpha-gefahrgut-consulting.de\/wp-content\/uploads\/2026\/03\/Coverbild-Gb-1989-McCoy-501px.jpg\" \/>\n\t<meta property=\"og:image:width\" content=\"500\" \/>\n\t<meta property=\"og:image:height\" content=\"800\" \/>\n\t<meta property=\"og:image:type\" content=\"image\/jpeg\" \/>\n<meta name=\"twitter:card\" content=\"summary_large_image\" \/>\n<meta name=\"twitter:site\" content=\"@Alpha_Gefahrgut\" \/>\n<meta name=\"twitter:label1\" content=\"Gesch\u00e4tzte Lesezeit\" \/>\n\t<meta name=\"twitter:data1\" content=\"2\u00a0Minuten\" \/>\n<script type=\"application\/ld+json\" class=\"yoast-schema-graph\">{\"@context\":\"https:\\\/\\\/schema.org\",\"@graph\":[{\"@type\":\"WebPage\",\"@id\":\"https:\\\/\\\/www.alpha-gefahrgut-consulting.de\\\/index.php\\\/real-mccoy-oder-falscher-fuffziger\\\/\",\"url\":\"https:\\\/\\\/www.alpha-gefahrgut-consulting.de\\\/index.php\\\/real-mccoy-oder-falscher-fuffziger\\\/\",\"name\":\"Real McCoy oder falscher Fuffziger ? - Der Gefahrgutbeauftragte\",\"isPartOf\":{\"@id\":\"https:\\\/\\\/www.alpha-gefahrgut-consulting.de\\\/#website\"},\"primaryImageOfPage\":{\"@id\":\"https:\\\/\\\/www.alpha-gefahrgut-consulting.de\\\/index.php\\\/real-mccoy-oder-falscher-fuffziger\\\/#primaryimage\"},\"image\":{\"@id\":\"https:\\\/\\\/www.alpha-gefahrgut-consulting.de\\\/index.php\\\/real-mccoy-oder-falscher-fuffziger\\\/#primaryimage\"},\"thumbnailUrl\":\"https:\\\/\\\/www.alpha-gefahrgut-consulting.de\\\/wp-content\\\/uploads\\\/2026\\\/03\\\/Coverbild-Gb-1989-McCoy-501px.jpg\",\"datePublished\":\"2023-10-13T12:32:23+00:00\",\"dateModified\":\"2026-03-20T11:39:38+00:00\",\"description\":\"\\\"Der Gefahrgutbeauftragte: Real McCoy oder falscher Fuffziger?\\\" - Ein E-Book von Michael Miska, langj\u00e4hriger Gefahrgutbeauftragter.\",\"breadcrumb\":{\"@id\":\"https:\\\/\\\/www.alpha-gefahrgut-consulting.de\\\/index.php\\\/real-mccoy-oder-falscher-fuffziger\\\/#breadcrumb\"},\"inLanguage\":\"de\",\"potentialAction\":[{\"@type\":\"ReadAction\",\"target\":[\"https:\\\/\\\/www.alpha-gefahrgut-consulting.de\\\/index.php\\\/real-mccoy-oder-falscher-fuffziger\\\/\"]}]},{\"@type\":\"ImageObject\",\"inLanguage\":\"de\",\"@id\":\"https:\\\/\\\/www.alpha-gefahrgut-consulting.de\\\/index.php\\\/real-mccoy-oder-falscher-fuffziger\\\/#primaryimage\",\"url\":\"https:\\\/\\\/www.alpha-gefahrgut-consulting.de\\\/wp-content\\\/uploads\\\/2026\\\/03\\\/Coverbild-Gb-1989-McCoy-501px.jpg\",\"contentUrl\":\"https:\\\/\\\/www.alpha-gefahrgut-consulting.de\\\/wp-content\\\/uploads\\\/2026\\\/03\\\/Coverbild-Gb-1989-McCoy-501px.jpg\",\"width\":500,\"height\":800},{\"@type\":\"BreadcrumbList\",\"@id\":\"https:\\\/\\\/www.alpha-gefahrgut-consulting.de\\\/index.php\\\/real-mccoy-oder-falscher-fuffziger\\\/#breadcrumb\",\"itemListElement\":[{\"@type\":\"ListItem\",\"position\":1,\"name\":\"Startseite\",\"item\":\"https:\\\/\\\/www.alpha-gefahrgut-consulting.de\\\/\"},{\"@type\":\"ListItem\",\"position\":2,\"name\":\"Real McCoy oder falscher Fuffziger\"}]},{\"@type\":\"WebSite\",\"@id\":\"https:\\\/\\\/www.alpha-gefahrgut-consulting.de\\\/#website\",\"url\":\"https:\\\/\\\/www.alpha-gefahrgut-consulting.de\\\/\",\"name\":\"ALPHA GEFAHRGUT CONSULTING\",\"description\":\"First Class Dangerous Goods Consulting, Management, Training.\",\"publisher\":{\"@id\":\"https:\\\/\\\/www.alpha-gefahrgut-consulting.de\\\/#organization\"},\"potentialAction\":[{\"@type\":\"SearchAction\",\"target\":{\"@type\":\"EntryPoint\",\"urlTemplate\":\"https:\\\/\\\/www.alpha-gefahrgut-consulting.de\\\/?s={search_term_string}\"},\"query-input\":{\"@type\":\"PropertyValueSpecification\",\"valueRequired\":true,\"valueName\":\"search_term_string\"}}],\"inLanguage\":\"de\"},{\"@type\":\"Organization\",\"@id\":\"https:\\\/\\\/www.alpha-gefahrgut-consulting.de\\\/#organization\",\"name\":\"ALPHA GEFAHRGUT CONSULTING\",\"url\":\"https:\\\/\\\/www.alpha-gefahrgut-consulting.de\\\/\",\"logo\":{\"@type\":\"ImageObject\",\"inLanguage\":\"de\",\"@id\":\"https:\\\/\\\/www.alpha-gefahrgut-consulting.de\\\/#\\\/schema\\\/logo\\\/image\\\/\",\"url\":\"https:\\\/\\\/www.alpha-gefahrgut-consulting.de\\\/wp-content\\\/uploads\\\/2020\\\/04\\\/cropped-AGCLogoBlech-c.jpg\",\"contentUrl\":\"https:\\\/\\\/www.alpha-gefahrgut-consulting.de\\\/wp-content\\\/uploads\\\/2020\\\/04\\\/cropped-AGCLogoBlech-c.jpg\",\"width\":250,\"height\":250,\"caption\":\"ALPHA GEFAHRGUT CONSULTING\"},\"image\":{\"@id\":\"https:\\\/\\\/www.alpha-gefahrgut-consulting.de\\\/#\\\/schema\\\/logo\\\/image\\\/\"},\"sameAs\":[\"https:\\\/\\\/x.com\\\/Alpha_Gefahrgut\",\"https:\\\/\\\/www.youtube.com\\\/@AlphaDGConsulting\",\"https:\\\/\\\/buymeacoffee.com\\\/AlphaDGConsulting\",\"https:\\\/\\\/bsky.app\\\/profile\\\/alpha-gefahrgut.bsky.social\",\"https:\\\/\\\/www.reddit.com\\\/user\\\/United_Ad5357\\\/\",\"https:\\\/\\\/semasocial.com\\\/profile\\\/247322\",\"https:\\\/\\\/truthsocial.com\\\/@AlphaDangerousGoodsConsulting\",\"https:\\\/\\\/www.linkedin.com\\\/in\\\/michael-miska-mm\\\/\",\"https:\\\/\\\/www.xing.com\\\/profile\\\/Michael_Miska088516\\\/web_profiles\",\"https:\\\/\\\/rumble.com\\\/user\\\/AlphaDangerousGoodsConsulting\",\"https:\\\/\\\/de.pinterest.com\\\/AlphaGefahrgutConsulting\\\/\"]}]}<\/script>\n<!-- \/ Yoast SEO plugin. -->","yoast_head_json":{"title":"Real McCoy oder falscher Fuffziger ? - Der Gefahrgutbeauftragte","description":"\"Der Gefahrgutbeauftragte: Real McCoy oder falscher Fuffziger?\" - Ein E-Book von Michael Miska, langj\u00e4hriger Gefahrgutbeauftragter.","robots":{"index":"index","follow":"follow","max-snippet":"max-snippet:-1","max-image-preview":"max-image-preview:large","max-video-preview":"max-video-preview:-1"},"canonical":"https:\/\/www.alpha-gefahrgut-consulting.de\/index.php\/real-mccoy-oder-falscher-fuffziger\/","og_locale":"de_DE","og_type":"article","og_title":"Real McCoy oder falscher Fuffziger ? - Der Gefahrgutbeauftragte","og_description":"\"Der Gefahrgutbeauftragte: Real McCoy oder falscher Fuffziger?\" - Ein E-Book von Michael Miska, langj\u00e4hriger Gefahrgutbeauftragter.","og_url":"https:\/\/www.alpha-gefahrgut-consulting.de\/index.php\/real-mccoy-oder-falscher-fuffziger\/","og_site_name":"ALPHA GEFAHRGUT CONSULTING","article_modified_time":"2026-03-20T11:39:38+00:00","og_image":[{"width":500,"height":800,"url":"https:\/\/www.alpha-gefahrgut-consulting.de\/wp-content\/uploads\/2026\/03\/Coverbild-Gb-1989-McCoy-501px.jpg","type":"image\/jpeg"}],"twitter_card":"summary_large_image","twitter_site":"@Alpha_Gefahrgut","twitter_misc":{"Gesch\u00e4tzte Lesezeit":"2\u00a0Minuten"},"schema":{"@context":"https:\/\/schema.org","@graph":[{"@type":"WebPage","@id":"https:\/\/www.alpha-gefahrgut-consulting.de\/index.php\/real-mccoy-oder-falscher-fuffziger\/","url":"https:\/\/www.alpha-gefahrgut-consulting.de\/index.php\/real-mccoy-oder-falscher-fuffziger\/","name":"Real McCoy oder falscher Fuffziger ? - Der Gefahrgutbeauftragte","isPartOf":{"@id":"https:\/\/www.alpha-gefahrgut-consulting.de\/#website"},"primaryImageOfPage":{"@id":"https:\/\/www.alpha-gefahrgut-consulting.de\/index.php\/real-mccoy-oder-falscher-fuffziger\/#primaryimage"},"image":{"@id":"https:\/\/www.alpha-gefahrgut-consulting.de\/index.php\/real-mccoy-oder-falscher-fuffziger\/#primaryimage"},"thumbnailUrl":"https:\/\/www.alpha-gefahrgut-consulting.de\/wp-content\/uploads\/2026\/03\/Coverbild-Gb-1989-McCoy-501px.jpg","datePublished":"2023-10-13T12:32:23+00:00","dateModified":"2026-03-20T11:39:38+00:00","description":"\"Der Gefahrgutbeauftragte: Real McCoy oder falscher Fuffziger?\" - Ein E-Book von Michael Miska, langj\u00e4hriger Gefahrgutbeauftragter.","breadcrumb":{"@id":"https:\/\/www.alpha-gefahrgut-consulting.de\/index.php\/real-mccoy-oder-falscher-fuffziger\/#breadcrumb"},"inLanguage":"de","potentialAction":[{"@type":"ReadAction","target":["https:\/\/www.alpha-gefahrgut-consulting.de\/index.php\/real-mccoy-oder-falscher-fuffziger\/"]}]},{"@type":"ImageObject","inLanguage":"de","@id":"https:\/\/www.alpha-gefahrgut-consulting.de\/index.php\/real-mccoy-oder-falscher-fuffziger\/#primaryimage","url":"https:\/\/www.alpha-gefahrgut-consulting.de\/wp-content\/uploads\/2026\/03\/Coverbild-Gb-1989-McCoy-501px.jpg","contentUrl":"https:\/\/www.alpha-gefahrgut-consulting.de\/wp-content\/uploads\/2026\/03\/Coverbild-Gb-1989-McCoy-501px.jpg","width":500,"height":800},{"@type":"BreadcrumbList","@id":"https:\/\/www.alpha-gefahrgut-consulting.de\/index.php\/real-mccoy-oder-falscher-fuffziger\/#breadcrumb","itemListElement":[{"@type":"ListItem","position":1,"name":"Startseite","item":"https:\/\/www.alpha-gefahrgut-consulting.de\/"},{"@type":"ListItem","position":2,"name":"Real McCoy oder falscher Fuffziger"}]},{"@type":"WebSite","@id":"https:\/\/www.alpha-gefahrgut-consulting.de\/#website","url":"https:\/\/www.alpha-gefahrgut-consulting.de\/","name":"ALPHA GEFAHRGUT CONSULTING","description":"First Class Dangerous Goods Consulting, Management, Training.","publisher":{"@id":"https:\/\/www.alpha-gefahrgut-consulting.de\/#organization"},"potentialAction":[{"@type":"SearchAction","target":{"@type":"EntryPoint","urlTemplate":"https:\/\/www.alpha-gefahrgut-consulting.de\/?s={search_term_string}"},"query-input":{"@type":"PropertyValueSpecification","valueRequired":true,"valueName":"search_term_string"}}],"inLanguage":"de"},{"@type":"Organization","@id":"https:\/\/www.alpha-gefahrgut-consulting.de\/#organization","name":"ALPHA GEFAHRGUT CONSULTING","url":"https:\/\/www.alpha-gefahrgut-consulting.de\/","logo":{"@type":"ImageObject","inLanguage":"de","@id":"https:\/\/www.alpha-gefahrgut-consulting.de\/#\/schema\/logo\/image\/","url":"https:\/\/www.alpha-gefahrgut-consulting.de\/wp-content\/uploads\/2020\/04\/cropped-AGCLogoBlech-c.jpg","contentUrl":"https:\/\/www.alpha-gefahrgut-consulting.de\/wp-content\/uploads\/2020\/04\/cropped-AGCLogoBlech-c.jpg","width":250,"height":250,"caption":"ALPHA GEFAHRGUT CONSULTING"},"image":{"@id":"https:\/\/www.alpha-gefahrgut-consulting.de\/#\/schema\/logo\/image\/"},"sameAs":["https:\/\/x.com\/Alpha_Gefahrgut","https:\/\/www.youtube.com\/@AlphaDGConsulting","https:\/\/buymeacoffee.com\/AlphaDGConsulting","https:\/\/bsky.app\/profile\/alpha-gefahrgut.bsky.social","https:\/\/www.reddit.com\/user\/United_Ad5357\/","https:\/\/semasocial.com\/profile\/247322","https:\/\/truthsocial.com\/@AlphaDangerousGoodsConsulting","https:\/\/www.linkedin.com\/in\/michael-miska-mm\/","https:\/\/www.xing.com\/profile\/Michael_Miska088516\/web_profiles","https:\/\/rumble.com\/user\/AlphaDangerousGoodsConsulting","https:\/\/de.pinterest.com\/AlphaGefahrgutConsulting\/"]}]}},"_links":{"self":[{"href":"https:\/\/www.alpha-gefahrgut-consulting.de\/index.php\/wp-json\/wp\/v2\/pages\/4212","targetHints":{"allow":["GET"]}}],"collection":[{"href":"https:\/\/www.alpha-gefahrgut-consulting.de\/index.php\/wp-json\/wp\/v2\/pages"}],"about":[{"href":"https:\/\/www.alpha-gefahrgut-consulting.de\/index.php\/wp-json\/wp\/v2\/types\/page"}],"author":[{"embeddable":true,"href":"https:\/\/www.alpha-gefahrgut-consulting.de\/index.php\/wp-json\/wp\/v2\/users\/1"}],"replies":[{"embeddable":true,"href":"https:\/\/www.alpha-gefahrgut-consulting.de\/index.php\/wp-json\/wp\/v2\/comments?post=4212"}],"version-history":[{"count":41,"href":"https:\/\/www.alpha-gefahrgut-consulting.de\/index.php\/wp-json\/wp\/v2\/pages\/4212\/revisions"}],"predecessor-version":[{"id":11479,"href":"https:\/\/www.alpha-gefahrgut-consulting.de\/index.php\/wp-json\/wp\/v2\/pages\/4212\/revisions\/11479"}],"wp:attachment":[{"href":"https:\/\/www.alpha-gefahrgut-consulting.de\/index.php\/wp-json\/wp\/v2\/media?parent=4212"}],"curies":[{"name":"wp","href":"https:\/\/api.w.org\/{rel}","templated":true}]}}