{"id":352,"date":"2020-05-02T13:25:24","date_gmt":"2020-05-02T11:25:24","guid":{"rendered":"https:\/\/www.alpha-gefahrgut-consulting.de\/?page_id=352"},"modified":"2025-06-29T12:39:20","modified_gmt":"2025-06-29T10:39:20","slug":"logistik-projekte","status":"publish","type":"page","link":"https:\/\/www.alpha-gefahrgut-consulting.de\/index.php\/logistik-projekte\/","title":{"rendered":"Logistik-Projekte"},"content":{"rendered":"<p><i><br \/>\n<\/i><strong>Logistik-Projekte<\/strong><\/p>\n<p><strong>Ihre Logistik &#8222;fliegt&#8220; nicht richtig? Ist zu langsam? Zu teuer?<\/strong><br \/>\n<img loading=\"lazy\" decoding=\"async\" class=\"alignnone size-full wp-image-354\" src=\"https:\/\/www.alpha-gefahrgut-consulting.de\/wp-content\/uploads\/2020\/05\/StVO-Schild-Dienstgipfelhoehe-max-380-cm-klein.jpg\" alt=\"StVO-Schild, Dienstgipfelhoehe max 380 cm, klein\" width=\"157\" height=\"157\" srcset=\"https:\/\/www.alpha-gefahrgut-consulting.de\/wp-content\/uploads\/2020\/05\/StVO-Schild-Dienstgipfelhoehe-max-380-cm-klein.jpg 157w, https:\/\/www.alpha-gefahrgut-consulting.de\/wp-content\/uploads\/2020\/05\/StVO-Schild-Dienstgipfelhoehe-max-380-cm-klein-150x150.jpg 150w, https:\/\/www.alpha-gefahrgut-consulting.de\/wp-content\/uploads\/2020\/05\/StVO-Schild-Dienstgipfelhoehe-max-380-cm-klein-100x100.jpg 100w\" sizes=\"auto, (max-width: 157px) 100vw, 157px\" \/><img loading=\"lazy\" decoding=\"async\" class=\"alignnone size-full wp-image-355\" src=\"https:\/\/www.alpha-gefahrgut-consulting.de\/wp-content\/uploads\/2020\/05\/StVO-Schild-10-Kmh-klein.jpg\" alt=\"StVO-Schild, 10 Kmh, klein\" width=\"157\" height=\"157\" srcset=\"https:\/\/www.alpha-gefahrgut-consulting.de\/wp-content\/uploads\/2020\/05\/StVO-Schild-10-Kmh-klein.jpg 157w, https:\/\/www.alpha-gefahrgut-consulting.de\/wp-content\/uploads\/2020\/05\/StVO-Schild-10-Kmh-klein-150x150.jpg 150w, https:\/\/www.alpha-gefahrgut-consulting.de\/wp-content\/uploads\/2020\/05\/StVO-Schild-10-Kmh-klein-100x100.jpg 100w\" sizes=\"auto, (max-width: 157px) 100vw, 157px\" \/><img loading=\"lazy\" decoding=\"async\" class=\"alignnone size-full wp-image-356\" src=\"https:\/\/www.alpha-gefahrgut-consulting.de\/wp-content\/uploads\/2020\/05\/1-mio-EUR-swr-Rahmen.jpg\" alt=\"1 mio EUR, swr Rahmen\" width=\"174\" height=\"165\" \/><\/p>\n<p><strong>Das muss ja nicht so sein, wir helfen Ihnen bei der Optimierung.<\/strong><\/p>\n<p>&#8211; Gefahrgut-Projekte<br \/>\n&#8211; Gefahrgut-Management<br \/>\n&#8211; Gefahrgut-Fracht-Ausschreibungen<br \/>\n&#8211; Gefahrgut-Vorschriften (Kosten-Einsparung)<\/p>\n<p>&#8211; Shipping\/Verschiffungs-Service<\/p>\n<p>Unser Know-How deckt nicht nur Bef\u00f6rderungsvorschriften ab.<br \/>\nWir k\u00fcmmern uns auch um die Wirtschaftlichkeit, Einsparungsprojekte und insbesondere Ausschreibungen (Tender-Management, Frachten-Einkauf, Logistik-Einkauf, Einkauf von Verpackungsdienstleistungen, Einkauf von Verpackungsmitteln, (Re-) Design von Gesch\u00e4ftsprozessen (Change-Management) und alle Themen rund um die betriebliche Transportlogistik (Shipping Management).<\/p>\n<p>Egal, ob es dabei um gef\u00e4hrliche G\u00fcter mit allen Verkehrstr\u00e4gern (Stra\u00dfe, Schiene, Binnen- und Seeschiffahrt sowie Luftverkehr) geht, oder um &#8222;harmlose&#8220; Fracht&#8230;<\/p>\n<hr \/>\n<p><img loading=\"lazy\" decoding=\"async\" class=\"alignnone size-full wp-image-353\" src=\"https:\/\/www.alpha-gefahrgut-consulting.de\/wp-content\/uploads\/2020\/05\/B707-alpha-projects-green.jpg\" alt=\"B707 alpha projects green\" width=\"167\" height=\"133\" \/><br \/>\n<strong>\u00a0 \u00a0 Und alles wird gut.<br \/>\n<\/strong><\/p>\n<hr \/>\n","protected":false},"excerpt":{"rendered":"<p>Logistik-Projekte Ihre Logistik &#8222;fliegt&#8220; nicht richtig? Ist zu langsam? Zu teuer? Das muss ja nicht so sein, wir helfen Ihnen bei der Optimierung. &#8211; Gefahrgut-Projekte &#8211; Gefahrgut-Management &#8211; Gefahrgut-Fracht-Ausschreibungen &#8211; Gefahrgut-Vorschriften (Kosten-Einsparung) &#8211; Shipping\/Verschiffungs-Service Unser Know-How deckt nicht nur Bef\u00f6rderungsvorschriften ab. Wir k\u00fcmmern uns auch um die Wirtschaftlichkeit, Einsparungsprojekte und insbesondere Ausschreibungen (Tender-Management, Frachten-Einkauf, Logistik-Einkauf, &hellip; <\/p>\n<p class=\"link-more\"><a href=\"https:\/\/www.alpha-gefahrgut-consulting.de\/index.php\/logistik-projekte\/\" class=\"more-link\"><span class=\"screen-reader-text\">\u201eLogistik-Projekte\u201c<\/span> weiterlesen<\/a><\/p>\n","protected":false},"author":1,"featured_media":0,"parent":0,"menu_order":0,"comment_status":"closed","ping_status":"closed","template":"","meta":{"episode_type":"","audio_file":"","podmotor_file_id":"","podmotor_episode_id":"","cover_image":"","cover_image_id":"","duration":"","filesize":"","filesize_raw":"","date_recorded":"","explicit":"","block":"","footnotes":""},"class_list":["post-352","page","type-page","status-publish","hentry"],"yoast_head":"<!-- This site is optimized with the Yoast SEO plugin v27.5 - https:\/\/yoast.com\/product\/yoast-seo-wordpress\/ -->\n<title>Logistik Projekte: Nicht nur Gefahrgut<\/title>\n<meta name=\"description\" content=\"Logistik Projekte: Nicht nur Gefahrgut ist wichtig, wir helfen Ihnen gerne auch bei anderen Logistik Themen weiter, schauen Sie mal hier,\" \/>\n<meta name=\"robots\" content=\"index, follow, max-snippet:-1, max-image-preview:large, max-video-preview:-1\" \/>\n<link rel=\"canonical\" href=\"https:\/\/www.alpha-gefahrgut-consulting.de\/index.php\/logistik-projekte\/\" \/>\n<meta property=\"og:locale\" content=\"de_DE\" \/>\n<meta property=\"og:type\" content=\"article\" \/>\n<meta property=\"og:title\" content=\"Logistik Projekte: Nicht nur Gefahrgut\" \/>\n<meta property=\"og:description\" content=\"Logistik Projekte: Nicht nur Gefahrgut ist wichtig, wir helfen Ihnen gerne auch bei anderen Logistik Themen weiter, schauen Sie mal hier,\" \/>\n<meta property=\"og:url\" content=\"https:\/\/www.alpha-gefahrgut-consulting.de\/index.php\/logistik-projekte\/\" \/>\n<meta property=\"og:site_name\" content=\"ALPHA GEFAHRGUT CONSULTING\" \/>\n<meta property=\"article:modified_time\" content=\"2025-06-29T10:39:20+00:00\" \/>\n<meta property=\"og:image\" content=\"https:\/\/www.alpha-gefahrgut-consulting.de\/wp-content\/uploads\/2020\/05\/StVO-Schild-Dienstgipfelhoehe-max-380-cm-klein.jpg\" \/>\n\t<meta property=\"og:image:width\" content=\"157\" \/>\n\t<meta property=\"og:image:height\" content=\"157\" \/>\n\t<meta property=\"og:image:type\" content=\"image\/jpeg\" \/>\n<meta name=\"twitter:card\" content=\"summary_large_image\" \/>\n<meta name=\"twitter:site\" content=\"@Alpha_Gefahrgut\" \/>\n<meta name=\"twitter:label1\" content=\"Gesch\u00e4tzte Lesezeit\" \/>\n\t<meta name=\"twitter:data1\" content=\"2\u00a0Minuten\" \/>\n<script type=\"application\/ld+json\" class=\"yoast-schema-graph\">{\"@context\":\"https:\\\/\\\/schema.org\",\"@graph\":[{\"@type\":\"WebPage\",\"@id\":\"https:\\\/\\\/www.alpha-gefahrgut-consulting.de\\\/index.php\\\/logistik-projekte\\\/\",\"url\":\"https:\\\/\\\/www.alpha-gefahrgut-consulting.de\\\/index.php\\\/logistik-projekte\\\/\",\"name\":\"Logistik Projekte: Nicht nur Gefahrgut\",\"isPartOf\":{\"@id\":\"https:\\\/\\\/www.alpha-gefahrgut-consulting.de\\\/#website\"},\"primaryImageOfPage\":{\"@id\":\"https:\\\/\\\/www.alpha-gefahrgut-consulting.de\\\/index.php\\\/logistik-projekte\\\/#primaryimage\"},\"image\":{\"@id\":\"https:\\\/\\\/www.alpha-gefahrgut-consulting.de\\\/index.php\\\/logistik-projekte\\\/#primaryimage\"},\"thumbnailUrl\":\"https:\\\/\\\/www.alpha-gefahrgut-consulting.de\\\/wp-content\\\/uploads\\\/2020\\\/05\\\/StVO-Schild-Dienstgipfelhoehe-max-380-cm-klein.jpg\",\"datePublished\":\"2020-05-02T11:25:24+00:00\",\"dateModified\":\"2025-06-29T10:39:20+00:00\",\"description\":\"Logistik Projekte: Nicht nur Gefahrgut ist wichtig, wir helfen Ihnen gerne auch bei anderen Logistik Themen weiter, schauen Sie mal hier,\",\"breadcrumb\":{\"@id\":\"https:\\\/\\\/www.alpha-gefahrgut-consulting.de\\\/index.php\\\/logistik-projekte\\\/#breadcrumb\"},\"inLanguage\":\"de\",\"potentialAction\":[{\"@type\":\"ReadAction\",\"target\":[\"https:\\\/\\\/www.alpha-gefahrgut-consulting.de\\\/index.php\\\/logistik-projekte\\\/\"]}]},{\"@type\":\"ImageObject\",\"inLanguage\":\"de\",\"@id\":\"https:\\\/\\\/www.alpha-gefahrgut-consulting.de\\\/index.php\\\/logistik-projekte\\\/#primaryimage\",\"url\":\"https:\\\/\\\/www.alpha-gefahrgut-consulting.de\\\/wp-content\\\/uploads\\\/2020\\\/05\\\/StVO-Schild-Dienstgipfelhoehe-max-380-cm-klein.jpg\",\"contentUrl\":\"https:\\\/\\\/www.alpha-gefahrgut-consulting.de\\\/wp-content\\\/uploads\\\/2020\\\/05\\\/StVO-Schild-Dienstgipfelhoehe-max-380-cm-klein.jpg\",\"width\":157,\"height\":157},{\"@type\":\"BreadcrumbList\",\"@id\":\"https:\\\/\\\/www.alpha-gefahrgut-consulting.de\\\/index.php\\\/logistik-projekte\\\/#breadcrumb\",\"itemListElement\":[{\"@type\":\"ListItem\",\"position\":1,\"name\":\"Startseite\",\"item\":\"https:\\\/\\\/www.alpha-gefahrgut-consulting.de\\\/\"},{\"@type\":\"ListItem\",\"position\":2,\"name\":\"Logistik-Projekte\"}]},{\"@type\":\"WebSite\",\"@id\":\"https:\\\/\\\/www.alpha-gefahrgut-consulting.de\\\/#website\",\"url\":\"https:\\\/\\\/www.alpha-gefahrgut-consulting.de\\\/\",\"name\":\"ALPHA GEFAHRGUT CONSULTING\",\"description\":\"First Class Dangerous Goods Consulting, Management, Training.\",\"publisher\":{\"@id\":\"https:\\\/\\\/www.alpha-gefahrgut-consulting.de\\\/#organization\"},\"potentialAction\":[{\"@type\":\"SearchAction\",\"target\":{\"@type\":\"EntryPoint\",\"urlTemplate\":\"https:\\\/\\\/www.alpha-gefahrgut-consulting.de\\\/?s={search_term_string}\"},\"query-input\":{\"@type\":\"PropertyValueSpecification\",\"valueRequired\":true,\"valueName\":\"search_term_string\"}}],\"inLanguage\":\"de\"},{\"@type\":\"Organization\",\"@id\":\"https:\\\/\\\/www.alpha-gefahrgut-consulting.de\\\/#organization\",\"name\":\"ALPHA GEFAHRGUT CONSULTING\",\"url\":\"https:\\\/\\\/www.alpha-gefahrgut-consulting.de\\\/\",\"logo\":{\"@type\":\"ImageObject\",\"inLanguage\":\"de\",\"@id\":\"https:\\\/\\\/www.alpha-gefahrgut-consulting.de\\\/#\\\/schema\\\/logo\\\/image\\\/\",\"url\":\"https:\\\/\\\/www.alpha-gefahrgut-consulting.de\\\/wp-content\\\/uploads\\\/2020\\\/04\\\/cropped-AGCLogoBlech-c.jpg\",\"contentUrl\":\"https:\\\/\\\/www.alpha-gefahrgut-consulting.de\\\/wp-content\\\/uploads\\\/2020\\\/04\\\/cropped-AGCLogoBlech-c.jpg\",\"width\":250,\"height\":250,\"caption\":\"ALPHA GEFAHRGUT CONSULTING\"},\"image\":{\"@id\":\"https:\\\/\\\/www.alpha-gefahrgut-consulting.de\\\/#\\\/schema\\\/logo\\\/image\\\/\"},\"sameAs\":[\"https:\\\/\\\/x.com\\\/Alpha_Gefahrgut\",\"https:\\\/\\\/www.youtube.com\\\/@AlphaDGConsulting\",\"https:\\\/\\\/buymeacoffee.com\\\/AlphaDGConsulting\",\"https:\\\/\\\/bsky.app\\\/profile\\\/alpha-gefahrgut.bsky.social\",\"https:\\\/\\\/www.reddit.com\\\/user\\\/United_Ad5357\\\/\",\"https:\\\/\\\/semasocial.com\\\/profile\\\/247322\",\"https:\\\/\\\/truthsocial.com\\\/@AlphaDangerousGoodsConsulting\",\"https:\\\/\\\/www.linkedin.com\\\/in\\\/michael-miska-mm\\\/\",\"https:\\\/\\\/www.xing.com\\\/profile\\\/Michael_Miska088516\\\/web_profiles\",\"https:\\\/\\\/rumble.com\\\/user\\\/AlphaDangerousGoodsConsulting\",\"https:\\\/\\\/de.pinterest.com\\\/AlphaGefahrgutConsulting\\\/\"]}]}<\/script>\n<!-- \/ Yoast SEO plugin. -->","yoast_head_json":{"title":"Logistik Projekte: Nicht nur Gefahrgut","description":"Logistik Projekte: Nicht nur Gefahrgut ist wichtig, wir helfen Ihnen gerne auch bei anderen Logistik Themen weiter, schauen Sie mal hier,","robots":{"index":"index","follow":"follow","max-snippet":"max-snippet:-1","max-image-preview":"max-image-preview:large","max-video-preview":"max-video-preview:-1"},"canonical":"https:\/\/www.alpha-gefahrgut-consulting.de\/index.php\/logistik-projekte\/","og_locale":"de_DE","og_type":"article","og_title":"Logistik Projekte: Nicht nur Gefahrgut","og_description":"Logistik Projekte: Nicht nur Gefahrgut ist wichtig, wir helfen Ihnen gerne auch bei anderen Logistik Themen weiter, schauen Sie mal hier,","og_url":"https:\/\/www.alpha-gefahrgut-consulting.de\/index.php\/logistik-projekte\/","og_site_name":"ALPHA GEFAHRGUT CONSULTING","article_modified_time":"2025-06-29T10:39:20+00:00","og_image":[{"width":157,"height":157,"url":"https:\/\/www.alpha-gefahrgut-consulting.de\/wp-content\/uploads\/2020\/05\/StVO-Schild-Dienstgipfelhoehe-max-380-cm-klein.jpg","type":"image\/jpeg"}],"twitter_card":"summary_large_image","twitter_site":"@Alpha_Gefahrgut","twitter_misc":{"Gesch\u00e4tzte Lesezeit":"2\u00a0Minuten"},"schema":{"@context":"https:\/\/schema.org","@graph":[{"@type":"WebPage","@id":"https:\/\/www.alpha-gefahrgut-consulting.de\/index.php\/logistik-projekte\/","url":"https:\/\/www.alpha-gefahrgut-consulting.de\/index.php\/logistik-projekte\/","name":"Logistik Projekte: Nicht nur Gefahrgut","isPartOf":{"@id":"https:\/\/www.alpha-gefahrgut-consulting.de\/#website"},"primaryImageOfPage":{"@id":"https:\/\/www.alpha-gefahrgut-consulting.de\/index.php\/logistik-projekte\/#primaryimage"},"image":{"@id":"https:\/\/www.alpha-gefahrgut-consulting.de\/index.php\/logistik-projekte\/#primaryimage"},"thumbnailUrl":"https:\/\/www.alpha-gefahrgut-consulting.de\/wp-content\/uploads\/2020\/05\/StVO-Schild-Dienstgipfelhoehe-max-380-cm-klein.jpg","datePublished":"2020-05-02T11:25:24+00:00","dateModified":"2025-06-29T10:39:20+00:00","description":"Logistik Projekte: Nicht nur Gefahrgut ist wichtig, wir helfen Ihnen gerne auch bei anderen Logistik Themen weiter, schauen Sie mal hier,","breadcrumb":{"@id":"https:\/\/www.alpha-gefahrgut-consulting.de\/index.php\/logistik-projekte\/#breadcrumb"},"inLanguage":"de","potentialAction":[{"@type":"ReadAction","target":["https:\/\/www.alpha-gefahrgut-consulting.de\/index.php\/logistik-projekte\/"]}]},{"@type":"ImageObject","inLanguage":"de","@id":"https:\/\/www.alpha-gefahrgut-consulting.de\/index.php\/logistik-projekte\/#primaryimage","url":"https:\/\/www.alpha-gefahrgut-consulting.de\/wp-content\/uploads\/2020\/05\/StVO-Schild-Dienstgipfelhoehe-max-380-cm-klein.jpg","contentUrl":"https:\/\/www.alpha-gefahrgut-consulting.de\/wp-content\/uploads\/2020\/05\/StVO-Schild-Dienstgipfelhoehe-max-380-cm-klein.jpg","width":157,"height":157},{"@type":"BreadcrumbList","@id":"https:\/\/www.alpha-gefahrgut-consulting.de\/index.php\/logistik-projekte\/#breadcrumb","itemListElement":[{"@type":"ListItem","position":1,"name":"Startseite","item":"https:\/\/www.alpha-gefahrgut-consulting.de\/"},{"@type":"ListItem","position":2,"name":"Logistik-Projekte"}]},{"@type":"WebSite","@id":"https:\/\/www.alpha-gefahrgut-consulting.de\/#website","url":"https:\/\/www.alpha-gefahrgut-consulting.de\/","name":"ALPHA GEFAHRGUT CONSULTING","description":"First Class Dangerous Goods Consulting, Management, Training.","publisher":{"@id":"https:\/\/www.alpha-gefahrgut-consulting.de\/#organization"},"potentialAction":[{"@type":"SearchAction","target":{"@type":"EntryPoint","urlTemplate":"https:\/\/www.alpha-gefahrgut-consulting.de\/?s={search_term_string}"},"query-input":{"@type":"PropertyValueSpecification","valueRequired":true,"valueName":"search_term_string"}}],"inLanguage":"de"},{"@type":"Organization","@id":"https:\/\/www.alpha-gefahrgut-consulting.de\/#organization","name":"ALPHA GEFAHRGUT CONSULTING","url":"https:\/\/www.alpha-gefahrgut-consulting.de\/","logo":{"@type":"ImageObject","inLanguage":"de","@id":"https:\/\/www.alpha-gefahrgut-consulting.de\/#\/schema\/logo\/image\/","url":"https:\/\/www.alpha-gefahrgut-consulting.de\/wp-content\/uploads\/2020\/04\/cropped-AGCLogoBlech-c.jpg","contentUrl":"https:\/\/www.alpha-gefahrgut-consulting.de\/wp-content\/uploads\/2020\/04\/cropped-AGCLogoBlech-c.jpg","width":250,"height":250,"caption":"ALPHA GEFAHRGUT CONSULTING"},"image":{"@id":"https:\/\/www.alpha-gefahrgut-consulting.de\/#\/schema\/logo\/image\/"},"sameAs":["https:\/\/x.com\/Alpha_Gefahrgut","https:\/\/www.youtube.com\/@AlphaDGConsulting","https:\/\/buymeacoffee.com\/AlphaDGConsulting","https:\/\/bsky.app\/profile\/alpha-gefahrgut.bsky.social","https:\/\/www.reddit.com\/user\/United_Ad5357\/","https:\/\/semasocial.com\/profile\/247322","https:\/\/truthsocial.com\/@AlphaDangerousGoodsConsulting","https:\/\/www.linkedin.com\/in\/michael-miska-mm\/","https:\/\/www.xing.com\/profile\/Michael_Miska088516\/web_profiles","https:\/\/rumble.com\/user\/AlphaDangerousGoodsConsulting","https:\/\/de.pinterest.com\/AlphaGefahrgutConsulting\/"]}]}},"_links":{"self":[{"href":"https:\/\/www.alpha-gefahrgut-consulting.de\/index.php\/wp-json\/wp\/v2\/pages\/352","targetHints":{"allow":["GET"]}}],"collection":[{"href":"https:\/\/www.alpha-gefahrgut-consulting.de\/index.php\/wp-json\/wp\/v2\/pages"}],"about":[{"href":"https:\/\/www.alpha-gefahrgut-consulting.de\/index.php\/wp-json\/wp\/v2\/types\/page"}],"author":[{"embeddable":true,"href":"https:\/\/www.alpha-gefahrgut-consulting.de\/index.php\/wp-json\/wp\/v2\/users\/1"}],"replies":[{"embeddable":true,"href":"https:\/\/www.alpha-gefahrgut-consulting.de\/index.php\/wp-json\/wp\/v2\/comments?post=352"}],"version-history":[{"count":14,"href":"https:\/\/www.alpha-gefahrgut-consulting.de\/index.php\/wp-json\/wp\/v2\/pages\/352\/revisions"}],"predecessor-version":[{"id":9392,"href":"https:\/\/www.alpha-gefahrgut-consulting.de\/index.php\/wp-json\/wp\/v2\/pages\/352\/revisions\/9392"}],"wp:attachment":[{"href":"https:\/\/www.alpha-gefahrgut-consulting.de\/index.php\/wp-json\/wp\/v2\/media?parent=352"}],"curies":[{"name":"wp","href":"https:\/\/api.w.org\/{rel}","templated":true}]}}