{"id":3086,"date":"2023-04-26T16:04:06","date_gmt":"2023-04-26T14:04:06","guid":{"rendered":"https:\/\/www.alpha-gefahrgut-consulting.de\/?page_id=3086"},"modified":"2025-06-18T16:39:01","modified_gmt":"2025-06-18T14:39:01","slug":"teilnahmebedingungen-basicplus","status":"publish","type":"page","link":"https:\/\/www.alpha-gefahrgut-consulting.de\/index.php\/teilnahmebedingungen-basicplus\/","title":{"rendered":"Teilnahmebedingungen BASIC,PLUS"},"content":{"rendered":"<p><strong>Teilnahmebedingungen<\/strong><br \/>\n<strong>CBTA-Schulung &#8222;<span style=\"color: #000000;\">BASIC<\/span>, <span style=\"color: #ff0000;\">PLUS<\/span>&#8222;<\/strong><\/p>\n<p>Die Anzahl der Pl\u00e4tze ist begrenzt und die Ber\u00fccksichtigung der Anmeldungen erfolgt in der Reihenfolge ihres Eingangs. Das Online-Training erfolgt als Videokonferenz im Internet (virtuelles &#8218;Live-Training&#8216; im Internet mit Pr\u00e4senzpflicht (Web-Seminar).<\/p>\n<p>Die Teilnahme bedarf der vorherigen schriftlichen Zustimmung der Alpha Gefahrgut Consulting.<\/p>\n<p>Es gelten die<b> <\/b><a href=\"https:\/\/www.alpha-gefahrgut-consulting.de\/wp-content\/uploads\/2020\/04\/Alpha-AGB-Seminar-Training.pdf\"><span style=\"color: #000080;\"><span style=\"font-family: Bahnschrift, sans-serif;\"><b>AGB f\u00fcr Training<\/b><\/span><\/span><\/a><span style=\"color: #000000;\"><span style=\"font-family: Bahnschrift, sans-serif;\"> der Alpha Gefahrgut Consulting,<\/span><\/span><\/p>\n<p>sowie die erg\u00e4nzenden <a href=\"https:\/\/www.alpha-gefahrgut-consulting.de\/wp-content\/uploads\/2020\/04\/Alpha-AGB-Online-Training.pdf\"><span style=\"color: #000080;\"><span style=\"font-family: Bahnschrift, sans-serif;\"><b>AGB f\u00fcr Online-Training <\/b><\/span><\/span><\/a><span style=\"color: #000000;\"><span style=\"font-family: Bahnschrift, sans-serif;\">der Alpha Gefahrgut Consulting,<br \/>\ndie ich beide auf der Web-Seite der Alpha Gefahrgut Consulting einsehen und downloaden kann.<\/span><\/span><\/p>\n<p>Jeder Teilnehmer muss die\u00a0 <span style=\"color: #000080;\"><a style=\"color: #000080;\" href=\"https:\/\/www.alpha-gefahrgut-consulting.de\/wp-content\/uploads\/2024\/01\/AGC_Info_Techn_Anforderungen_an_LBA_Online_Schulungen.pdf\"><strong>technischen Voraussetzungen<\/strong><\/a><span style=\"font-family: Bahnschrift, sans-serif;\"><b>\u00a0gem\u00e4\u00df LBA-Schulungsauflagen <\/b><\/span><\/span><span style=\"color: #000000;\"><span style=\"font-family: Bahnschrift, sans-serif;\">(die ich auf der Web-Seite der Alpha Gefahrgut Consulting einsehen \/ downloaden kann) erf\u00fcllen bzw einhalten.<\/span><\/span><\/p>\n<p>Auch die <a href=\"https:\/\/www.alpha-gefahrgut-consulting.de\/wp-content\/uploads\/2020\/04\/Alpha_GC_Datenschutzerklaerung.pdf\"><span style=\"color: #000080;\"><span style=\"font-family: Bahnschrift, sans-serif;\"><b>Datenschutzerkl\u00e4rung<\/b><\/span><\/span><\/a><span style=\"color: #000000;\"><span style=\"font-family: Bahnschrift, sans-serif;\"> der Alpha Gefahrgut Consulting kann ich auf der Webseite der Alpha Gefahrgut Consulting einsehen und downloaden.<\/span><\/span><\/p>\n<p><span style=\"color: #000000;\"><span style=\"font-family: Bahnschrift, sans-serif;\"><b>F\u00fcr die Teilnahme<\/b><\/span><\/span><span style=\"color: #000000;\"><span style=\"font-family: Bahnschrift, sans-serif;\"> am Lehrgang m<\/span><\/span><span style=\"font-family: Bahnschrift, sans-serif;\">uss jeder Teilnehmer ein<\/span><span style=\"color: #000000;\"><span style=\"font-family: Bahnschrift, sans-serif;\"> vorhandenes, pers\u00f6nliches Exemplar der <\/span><\/span><span style=\"color: #000080;\"><a style=\"color: #000080;\" href=\"https:\/\/www.alpha-gefahrgut-consulting.de\/index.php\/iata-dgr\/\"><span style=\"font-family: Bahnschrift, sans-serif;\"><b>IATA-DGR<\/b><\/span><\/a><\/span> <span style=\"color: #000000;\"><span style=\"font-family: Bahnschrift, sans-serif;\"><b>(aktuelle deutsche oder englische Ausgabe)<\/b><\/span><\/span><span style=\"color: #000000;\"><span style=\"font-family: Bahnschrift, sans-serif;\"> zum Lehrgang mitbringen und durchg\u00e4ngig benutzen k\u00f6nnen (f\u00fcr \u00dcbung und Pr\u00fcfung). Ohne pers\u00f6nliches aktuelles Exemplar der IATA-DGR ist eine Teilnahme am Lehrgang nicht m\u00f6glich (Teilnahmebedingung). Die o.g. Vorschrift darf <\/span><\/span><span style=\"color: #000000;\"><span style=\"font-family: Bahnschrift, sans-serif;\"><b>entweder in gedruckter oder in elektronischer Form<\/b><\/span><\/span><span style=\"color: #000000;\"><span style=\"font-family: Bahnschrift, sans-serif;\"> benutzt werden. Die elektronische Form darf gem\u00e4\u00df LBA- Schulungsauflagen nur benutzt werden, wenn die Vorschriften an einem zus\u00e4tzlichen Bildschirm angezeigt werden oder ein separater Laptop oder Computer zus\u00e4tzlich benutzt werden kann.<\/span><\/span><\/p>\n<p><span style=\"color: #000000;\"><span style=\"font-family: Bahnschrift, sans-serif;\"><b>F\u00fcr die \u00dcberpr\u00fcfung der Erf\u00fcllung der Teilnahmebedingungen <\/b><\/span><\/span><span style=\"color: #000000;\"><span style=\"font-family: Bahnschrift, sans-serif;\">kann Alpha Gefahrgut Consulting ggf einen zus\u00e4tzlichen, angemessen kurzen Online- Termin bekanntgeben, der dann zeitnah vor der jeweiligen Durchf\u00fchrung liegen kann. Zus\u00e4tzliche Kosten werden seitens Alpha Gefahrgut Consulting daf\u00fcr <\/span><\/span><span style=\"color: #000000;\"><span style=\"font-family: Bahnschrift, sans-serif;\"><u>nicht<\/u><\/span><\/span><span style=\"color: #000000;\"><span style=\"font-family: Bahnschrift, sans-serif;\"> in Rechnung gestellt (ist im Preis inkludiert).<\/span><\/span><\/p>\n<p>Das <span style=\"color: #000000;\"><span style=\"font-family: Bahnschrift, sans-serif;\"><b>Schulungsbed\u00fcrfnis des Teilnehmers<\/b><\/span><\/span><span style=\"color: #000000;\"><span style=\"font-family: Bahnschrift, sans-serif;\"> ergibt sich aus dem betrieblichen <span style=\"color: #000080;\"><strong>Kompetenzmodell (TNA) <\/strong>(siehe unten)<\/span><\/span><\/span><span style=\"color: #000000;\"><span style=\"font-family: Bahnschrift, sans-serif;\">, nach welchem die dort genannten T\u00e4tigkeiten durch die Schulung abgedeckt sein m\u00fcssen.<\/span><\/span><\/p>\n<hr \/>\n<p align=\"LEFT\"><span style=\"color: #0000ff;\"><a style=\"color: #0000ff;\" href=\"https:\/\/www.alpha-gefahrgut-consulting.de\/wp-content\/uploads\/2024\/01\/ALPHA-CBTA-Teilnahmebedingungen-VersenderVerpackerBASICPLUS.pdf\">Teilnahmebedingungen BASIC,PLUS (Download)<\/a><\/span><\/p>\n<p align=\"LEFT\">.<br \/>\n.<\/p>\n<p align=\"LEFT\"><span style=\"color: #0000ff;\"><a style=\"color: #0000ff;\" href=\"https:\/\/www.alpha-gefahrgut-consulting.de\/wp-content\/uploads\/2024\/12\/ALPHA-CBTA-Kompetenzprofil-VersenderVerpackerBASICPLUS.pdf\">CBTA-<strong>TNA<\/strong>-Kompetenzmodell Versender,Verpacker,BASIC,PLUS<\/a> <span style=\"color: #000000;\"> (Download)<\/span><\/span><\/p>\n<p align=\"LEFT\">\n","protected":false},"excerpt":{"rendered":"<p>Teilnahmebedingungen CBTA-Schulung &#8222;BASIC, PLUS&#8222; Die Anzahl der Pl\u00e4tze ist begrenzt und die Ber\u00fccksichtigung der Anmeldungen erfolgt in der Reihenfolge ihres Eingangs. Das Online-Training erfolgt als Videokonferenz im Internet (virtuelles &#8218;Live-Training&#8216; im Internet mit Pr\u00e4senzpflicht (Web-Seminar). Die Teilnahme bedarf der vorherigen schriftlichen Zustimmung der Alpha Gefahrgut Consulting. Es gelten die AGB f\u00fcr Training der Alpha Gefahrgut &hellip; <\/p>\n<p class=\"link-more\"><a href=\"https:\/\/www.alpha-gefahrgut-consulting.de\/index.php\/teilnahmebedingungen-basicplus\/\" class=\"more-link\"><span class=\"screen-reader-text\">\u201eTeilnahmebedingungen BASIC,PLUS\u201c<\/span> weiterlesen<\/a><\/p>\n","protected":false},"author":1,"featured_media":0,"parent":0,"menu_order":0,"comment_status":"closed","ping_status":"closed","template":"","meta":{"episode_type":"","audio_file":"","podmotor_file_id":"","podmotor_episode_id":"","cover_image":"","cover_image_id":"","duration":"","filesize":"","filesize_raw":"","date_recorded":"","explicit":"","block":"","footnotes":""},"class_list":["post-3086","page","type-page","status-publish","hentry"],"yoast_head":"<!-- This site is optimized with the Yoast SEO plugin v27.4 - https:\/\/yoast.com\/product\/yoast-seo-wordpress\/ -->\n<title>Teilnahmebedingungen BASIC,PLUS - ALPHA GEFAHRGUT CONSULTING<\/title>\n<meta name=\"description\" content=\"ALPHA GEFAHRGUT CONSULTING\" \/>\n<meta name=\"robots\" content=\"noindex, nofollow\" \/>\n<meta property=\"og:locale\" content=\"de_DE\" \/>\n<meta property=\"og:type\" content=\"article\" \/>\n<meta property=\"og:title\" content=\"Teilnahmebedingungen BASIC,PLUS - ALPHA GEFAHRGUT CONSULTING\" \/>\n<meta property=\"og:description\" content=\"ALPHA GEFAHRGUT CONSULTING\" \/>\n<meta property=\"og:url\" content=\"https:\/\/www.alpha-gefahrgut-consulting.de\/index.php\/teilnahmebedingungen-basicplus\/\" \/>\n<meta property=\"og:site_name\" content=\"ALPHA GEFAHRGUT CONSULTING\" \/>\n<meta property=\"article:modified_time\" content=\"2025-06-18T14:39:01+00:00\" \/>\n<meta property=\"og:image\" content=\"https:\/\/www.alpha-gefahrgut-consulting.de\/wp-content\/uploads\/2025\/05\/AGC-website-img-seo.jpg\" \/>\n\t<meta property=\"og:image:width\" content=\"1200\" \/>\n\t<meta property=\"og:image:height\" content=\"675\" \/>\n\t<meta property=\"og:image:type\" content=\"image\/jpeg\" \/>\n<meta name=\"twitter:card\" content=\"summary_large_image\" \/>\n<meta name=\"twitter:site\" content=\"@Alpha_Gefahrgut\" \/>\n<meta name=\"twitter:label1\" content=\"Gesch\u00e4tzte Lesezeit\" \/>\n\t<meta name=\"twitter:data1\" content=\"2\u00a0Minuten\" \/>\n<script type=\"application\/ld+json\" class=\"yoast-schema-graph\">{\"@context\":\"https:\\\/\\\/schema.org\",\"@graph\":[{\"@type\":\"WebPage\",\"@id\":\"https:\\\/\\\/www.alpha-gefahrgut-consulting.de\\\/index.php\\\/teilnahmebedingungen-basicplus\\\/\",\"url\":\"https:\\\/\\\/www.alpha-gefahrgut-consulting.de\\\/index.php\\\/teilnahmebedingungen-basicplus\\\/\",\"name\":\"Teilnahmebedingungen BASIC,PLUS - ALPHA GEFAHRGUT CONSULTING\",\"isPartOf\":{\"@id\":\"https:\\\/\\\/www.alpha-gefahrgut-consulting.de\\\/#website\"},\"datePublished\":\"2023-04-26T14:04:06+00:00\",\"dateModified\":\"2025-06-18T14:39:01+00:00\",\"description\":\"ALPHA GEFAHRGUT CONSULTING\",\"breadcrumb\":{\"@id\":\"https:\\\/\\\/www.alpha-gefahrgut-consulting.de\\\/index.php\\\/teilnahmebedingungen-basicplus\\\/#breadcrumb\"},\"inLanguage\":\"de\",\"potentialAction\":[{\"@type\":\"ReadAction\",\"target\":[\"https:\\\/\\\/www.alpha-gefahrgut-consulting.de\\\/index.php\\\/teilnahmebedingungen-basicplus\\\/\"]}]},{\"@type\":\"BreadcrumbList\",\"@id\":\"https:\\\/\\\/www.alpha-gefahrgut-consulting.de\\\/index.php\\\/teilnahmebedingungen-basicplus\\\/#breadcrumb\",\"itemListElement\":[{\"@type\":\"ListItem\",\"position\":1,\"name\":\"Startseite\",\"item\":\"https:\\\/\\\/www.alpha-gefahrgut-consulting.de\\\/\"},{\"@type\":\"ListItem\",\"position\":2,\"name\":\"Teilnahmebedingungen BASIC,PLUS\"}]},{\"@type\":\"WebSite\",\"@id\":\"https:\\\/\\\/www.alpha-gefahrgut-consulting.de\\\/#website\",\"url\":\"https:\\\/\\\/www.alpha-gefahrgut-consulting.de\\\/\",\"name\":\"ALPHA GEFAHRGUT CONSULTING\",\"description\":\"First Class Dangerous Goods Consulting, Management, Training.\",\"publisher\":{\"@id\":\"https:\\\/\\\/www.alpha-gefahrgut-consulting.de\\\/#organization\"},\"potentialAction\":[{\"@type\":\"SearchAction\",\"target\":{\"@type\":\"EntryPoint\",\"urlTemplate\":\"https:\\\/\\\/www.alpha-gefahrgut-consulting.de\\\/?s={search_term_string}\"},\"query-input\":{\"@type\":\"PropertyValueSpecification\",\"valueRequired\":true,\"valueName\":\"search_term_string\"}}],\"inLanguage\":\"de\"},{\"@type\":\"Organization\",\"@id\":\"https:\\\/\\\/www.alpha-gefahrgut-consulting.de\\\/#organization\",\"name\":\"ALPHA GEFAHRGUT CONSULTING\",\"url\":\"https:\\\/\\\/www.alpha-gefahrgut-consulting.de\\\/\",\"logo\":{\"@type\":\"ImageObject\",\"inLanguage\":\"de\",\"@id\":\"https:\\\/\\\/www.alpha-gefahrgut-consulting.de\\\/#\\\/schema\\\/logo\\\/image\\\/\",\"url\":\"https:\\\/\\\/www.alpha-gefahrgut-consulting.de\\\/wp-content\\\/uploads\\\/2020\\\/04\\\/cropped-AGCLogoBlech-c.jpg\",\"contentUrl\":\"https:\\\/\\\/www.alpha-gefahrgut-consulting.de\\\/wp-content\\\/uploads\\\/2020\\\/04\\\/cropped-AGCLogoBlech-c.jpg\",\"width\":250,\"height\":250,\"caption\":\"ALPHA GEFAHRGUT CONSULTING\"},\"image\":{\"@id\":\"https:\\\/\\\/www.alpha-gefahrgut-consulting.de\\\/#\\\/schema\\\/logo\\\/image\\\/\"},\"sameAs\":[\"https:\\\/\\\/x.com\\\/Alpha_Gefahrgut\",\"https:\\\/\\\/www.youtube.com\\\/@AlphaDGConsulting\",\"https:\\\/\\\/buymeacoffee.com\\\/AlphaDGConsulting\",\"https:\\\/\\\/bsky.app\\\/profile\\\/alpha-gefahrgut.bsky.social\",\"https:\\\/\\\/www.reddit.com\\\/user\\\/United_Ad5357\\\/\",\"https:\\\/\\\/semasocial.com\\\/profile\\\/247322\",\"https:\\\/\\\/truthsocial.com\\\/@AlphaDangerousGoodsConsulting\",\"https:\\\/\\\/www.linkedin.com\\\/in\\\/michael-miska-mm\\\/\",\"https:\\\/\\\/www.xing.com\\\/profile\\\/Michael_Miska088516\\\/web_profiles\",\"https:\\\/\\\/rumble.com\\\/user\\\/AlphaDangerousGoodsConsulting\",\"https:\\\/\\\/de.pinterest.com\\\/AlphaGefahrgutConsulting\\\/\"]}]}<\/script>\n<!-- \/ Yoast SEO plugin. -->","yoast_head_json":{"title":"Teilnahmebedingungen BASIC,PLUS - ALPHA GEFAHRGUT CONSULTING","description":"ALPHA GEFAHRGUT CONSULTING","robots":{"index":"noindex","follow":"nofollow"},"og_locale":"de_DE","og_type":"article","og_title":"Teilnahmebedingungen BASIC,PLUS - ALPHA GEFAHRGUT CONSULTING","og_description":"ALPHA GEFAHRGUT CONSULTING","og_url":"https:\/\/www.alpha-gefahrgut-consulting.de\/index.php\/teilnahmebedingungen-basicplus\/","og_site_name":"ALPHA GEFAHRGUT CONSULTING","article_modified_time":"2025-06-18T14:39:01+00:00","og_image":[{"width":1200,"height":675,"url":"https:\/\/www.alpha-gefahrgut-consulting.de\/wp-content\/uploads\/2025\/05\/AGC-website-img-seo.jpg","type":"image\/jpeg"}],"twitter_card":"summary_large_image","twitter_site":"@Alpha_Gefahrgut","twitter_misc":{"Gesch\u00e4tzte Lesezeit":"2\u00a0Minuten"},"schema":{"@context":"https:\/\/schema.org","@graph":[{"@type":"WebPage","@id":"https:\/\/www.alpha-gefahrgut-consulting.de\/index.php\/teilnahmebedingungen-basicplus\/","url":"https:\/\/www.alpha-gefahrgut-consulting.de\/index.php\/teilnahmebedingungen-basicplus\/","name":"Teilnahmebedingungen BASIC,PLUS - ALPHA GEFAHRGUT CONSULTING","isPartOf":{"@id":"https:\/\/www.alpha-gefahrgut-consulting.de\/#website"},"datePublished":"2023-04-26T14:04:06+00:00","dateModified":"2025-06-18T14:39:01+00:00","description":"ALPHA GEFAHRGUT CONSULTING","breadcrumb":{"@id":"https:\/\/www.alpha-gefahrgut-consulting.de\/index.php\/teilnahmebedingungen-basicplus\/#breadcrumb"},"inLanguage":"de","potentialAction":[{"@type":"ReadAction","target":["https:\/\/www.alpha-gefahrgut-consulting.de\/index.php\/teilnahmebedingungen-basicplus\/"]}]},{"@type":"BreadcrumbList","@id":"https:\/\/www.alpha-gefahrgut-consulting.de\/index.php\/teilnahmebedingungen-basicplus\/#breadcrumb","itemListElement":[{"@type":"ListItem","position":1,"name":"Startseite","item":"https:\/\/www.alpha-gefahrgut-consulting.de\/"},{"@type":"ListItem","position":2,"name":"Teilnahmebedingungen BASIC,PLUS"}]},{"@type":"WebSite","@id":"https:\/\/www.alpha-gefahrgut-consulting.de\/#website","url":"https:\/\/www.alpha-gefahrgut-consulting.de\/","name":"ALPHA GEFAHRGUT CONSULTING","description":"First Class Dangerous Goods Consulting, Management, Training.","publisher":{"@id":"https:\/\/www.alpha-gefahrgut-consulting.de\/#organization"},"potentialAction":[{"@type":"SearchAction","target":{"@type":"EntryPoint","urlTemplate":"https:\/\/www.alpha-gefahrgut-consulting.de\/?s={search_term_string}"},"query-input":{"@type":"PropertyValueSpecification","valueRequired":true,"valueName":"search_term_string"}}],"inLanguage":"de"},{"@type":"Organization","@id":"https:\/\/www.alpha-gefahrgut-consulting.de\/#organization","name":"ALPHA GEFAHRGUT CONSULTING","url":"https:\/\/www.alpha-gefahrgut-consulting.de\/","logo":{"@type":"ImageObject","inLanguage":"de","@id":"https:\/\/www.alpha-gefahrgut-consulting.de\/#\/schema\/logo\/image\/","url":"https:\/\/www.alpha-gefahrgut-consulting.de\/wp-content\/uploads\/2020\/04\/cropped-AGCLogoBlech-c.jpg","contentUrl":"https:\/\/www.alpha-gefahrgut-consulting.de\/wp-content\/uploads\/2020\/04\/cropped-AGCLogoBlech-c.jpg","width":250,"height":250,"caption":"ALPHA GEFAHRGUT CONSULTING"},"image":{"@id":"https:\/\/www.alpha-gefahrgut-consulting.de\/#\/schema\/logo\/image\/"},"sameAs":["https:\/\/x.com\/Alpha_Gefahrgut","https:\/\/www.youtube.com\/@AlphaDGConsulting","https:\/\/buymeacoffee.com\/AlphaDGConsulting","https:\/\/bsky.app\/profile\/alpha-gefahrgut.bsky.social","https:\/\/www.reddit.com\/user\/United_Ad5357\/","https:\/\/semasocial.com\/profile\/247322","https:\/\/truthsocial.com\/@AlphaDangerousGoodsConsulting","https:\/\/www.linkedin.com\/in\/michael-miska-mm\/","https:\/\/www.xing.com\/profile\/Michael_Miska088516\/web_profiles","https:\/\/rumble.com\/user\/AlphaDangerousGoodsConsulting","https:\/\/de.pinterest.com\/AlphaGefahrgutConsulting\/"]}]}},"_links":{"self":[{"href":"https:\/\/www.alpha-gefahrgut-consulting.de\/index.php\/wp-json\/wp\/v2\/pages\/3086","targetHints":{"allow":["GET"]}}],"collection":[{"href":"https:\/\/www.alpha-gefahrgut-consulting.de\/index.php\/wp-json\/wp\/v2\/pages"}],"about":[{"href":"https:\/\/www.alpha-gefahrgut-consulting.de\/index.php\/wp-json\/wp\/v2\/types\/page"}],"author":[{"embeddable":true,"href":"https:\/\/www.alpha-gefahrgut-consulting.de\/index.php\/wp-json\/wp\/v2\/users\/1"}],"replies":[{"embeddable":true,"href":"https:\/\/www.alpha-gefahrgut-consulting.de\/index.php\/wp-json\/wp\/v2\/comments?post=3086"}],"version-history":[{"count":19,"href":"https:\/\/www.alpha-gefahrgut-consulting.de\/index.php\/wp-json\/wp\/v2\/pages\/3086\/revisions"}],"predecessor-version":[{"id":9188,"href":"https:\/\/www.alpha-gefahrgut-consulting.de\/index.php\/wp-json\/wp\/v2\/pages\/3086\/revisions\/9188"}],"wp:attachment":[{"href":"https:\/\/www.alpha-gefahrgut-consulting.de\/index.php\/wp-json\/wp\/v2\/media?parent=3086"}],"curies":[{"name":"wp","href":"https:\/\/api.w.org\/{rel}","templated":true}]}}