{"id":293,"date":"2020-04-30T18:14:27","date_gmt":"2020-04-30T16:14:27","guid":{"rendered":"https:\/\/www.alpha-gefahrgut-consulting.de\/?page_id=293"},"modified":"2025-05-30T11:21:19","modified_gmt":"2025-05-30T09:21:19","slug":"gefahrgutspezialschulung","status":"publish","type":"page","link":"https:\/\/www.alpha-gefahrgut-consulting.de\/index.php\/gefahrgutspezialschulung\/","title":{"rendered":"Gefahrgut-Spezial-Schulung"},"content":{"rendered":"<p><strong>Schulung von Spezialthemen Gefahrgut:<br \/>\n<\/strong>Folgende Spezial-Schulungen Gefahrgut bieten wir an:<\/p>\n<hr \/>\n<ul>\n<li><a href=\"https:\/\/www.alpha-gefahrgut-consulting.de\/index.php\/gefahrgut-betriebsorganisation\/\">Rechtssichere <span style=\"color: #0000ff;\"><strong>Gefahrgut-Organisation<\/strong><\/span><\/a> im Unternehmen<\/li>\n<li>Gefahrgut per Versandhandel, KEP, Post<\/li>\n<li><span style=\"color: #0000ff;\"><strong><a style=\"color: #0000ff;\" href=\"https:\/\/www.alpha-gefahrgut-consulting.de\/index.php\/gefahrgutschulung-lithiumbatterie\/\">Lithiumbatterien<\/a><\/strong><\/span><\/li>\n<li>Brennstoffversorgung<\/li>\n<li>Trockeneis (Dry Ice)<\/li>\n<li>Begrenzte Mengen (Limited Quantities)<\/li>\n<li>Freigestellte Mengen (Excepted Quantities)<\/li>\n<li>Infekti\u00f6se Substanzen<\/li>\n<li><strong><a href=\"https:\/\/www.alpha-gefahrgut-consulting.de\/index.php\/cbta-know-how\/\"><span style=\"color: #0000ff;\">How to manage CBTA<\/span><\/a><\/strong> &#8211; Wissen f\u00fcr F\u00fchrungskr\u00e4fte<\/li>\n<li>Workshop: Air Eligible<\/li>\n<li>Workshop: Dokumentenerstellung Stra\u00dfe, Luft, See<\/li>\n<li>Workshop: Richtiges Verpacken gef\u00e4hrlicher G\u00fcter<\/li>\n<li>Workshop: Freistellung von den Gefahrgutvorschriften<\/li>\n<li>Workshop: Sicherung von Hochrisiko-Bef\u00f6rderungen<\/li>\n<li>Workshop: Vorbereitung zur Gefahrgutbeauftragten-Pr\u00fcfung (IHK)<\/li>\n<li>Schulung <span style=\"color: #0000ff;\"><strong><a style=\"color: #0000ff;\" href=\"https:\/\/www.alpha-gefahrgut-consulting.de\/index.php\/ladungssicherung-schulung\/\">Ladungssicherung<\/a><\/strong><\/span> (VDI 2700a)<\/li>\n<\/ul>\n<hr \/>\n<p>Alle Spezial-Schulungen erteilen wir auch als <strong>Online-Trainings<\/strong>.<\/p>\n<p><img loading=\"lazy\" decoding=\"async\" class=\"alignnone size-full wp-image-309\" src=\"https:\/\/www.alpha-gefahrgut-consulting.de\/wp-content\/uploads\/2020\/04\/Gefahrgut-Spezial-Seminare.jpg\" alt=\"Gefahrgut-Spezial-Seminare\" width=\"160\" height=\"152\" \/>\u00a0\u00a0\u00a0\u00a0\u00a0\u00a0\u00a0\u00a0\u00a0\u00a0\u00a0 <img loading=\"lazy\" decoding=\"async\" class=\"alignnone wp-image-294 size-full\" src=\"https:\/\/www.alpha-gefahrgut-consulting.de\/wp-content\/uploads\/2020\/04\/KEP-klein.jpg\" alt=\"KEP, klein\" width=\"156\" height=\"153\" \/><\/p>\n<p>Bei Interesse sprechen Sie uns bitte an<br \/>\noder schreiben Sie uns eine e-mail.<br \/>\nGerne unterbreiten wir Ihnen ein passgenaues Angebot.<\/p>\n<ul>\n<li>Workshop: Dokumentenerstellung Stra\u00dfe, Luft, See<\/li>\n<li>Workshop: Richtiges Verpacken gef\u00e4hrlicher G\u00fcter<\/li>\n<li>Workshop: Freistellung von den Gefahrgutvorschriften<\/li>\n<li>Workshop: Sicherung von Hochrisiko-Bef\u00f6rderungen<\/li>\n<li>Workshop: Vorbereitung zur Gefahrgutbeauftragten-Pr\u00fcfung (IHK)<\/li>\n<li>Schulung <strong><a href=\"https:\/\/www.alpha-gefahrgut-consulting.de\/index.php\/ladungssicherung-schulung\/\">Ladungssicherung<\/a><\/strong> (VDI 2700a)<\/li>\n<\/ul>\n<hr \/>\n<p>Alle Spezial-Schulungen erteilen wir auch als <strong>Online-Trainings<\/strong>.<\/p>\n<p><img loading=\"lazy\" decoding=\"async\" class=\"alignnone size-full wp-image-309\" src=\"https:\/\/www.alpha-gefahrgut-consulting.de\/wp-content\/uploads\/2020\/04\/Gefahrgut-Spezial-Seminare.jpg\" alt=\"Gefahrgut-Spezial-Seminare\" width=\"160\" height=\"152\" \/>\u00a0\u00a0\u00a0\u00a0\u00a0\u00a0\u00a0\u00a0\u00a0\u00a0\u00a0 <img loading=\"lazy\" decoding=\"async\" class=\"alignnone wp-image-294 size-full\" src=\"https:\/\/www.alpha-gefahrgut-consulting.de\/wp-content\/uploads\/2020\/04\/KEP-klein.jpg\" alt=\"KEP, klein\" width=\"156\" height=\"153\" \/><\/p>\n<p>Bei Interesse sprechen Sie uns bitte an<br \/>\noder schreiben Sie uns eine e-mail.<br \/>\nGerne unterbreiten wir Ihnen ein passgenaues Angebot.<\/p>\n<ul>\n<li>Workshop: Dokumentenerstellung Stra\u00dfe, Luft, See<\/li>\n<li>Workshop: Richtiges Verpacken gef\u00e4hrlicher G\u00fcter<\/li>\n<li>Workshop: Freistellung von den Gefahrgutvorschriften<\/li>\n<li>Workshop: Sicherung von Hochrisiko-Bef\u00f6rderungen<\/li>\n<li>Workshop: Vorbereitung zur Gefahrgutbeauftragten-Pr\u00fcfung (IHK)<\/li>\n<li>Schulung <strong><span style=\"color: #0000ff;\"><a style=\"color: #0000ff;\" href=\"https:\/\/www.alpha-gefahrgut-consulting.de\/index.php\/ladungssicherung-schulung\/\">Ladungssicherung<\/a><\/span><\/strong> (VDI 2700a)<\/li>\n<\/ul>\n<hr \/>\n<p>Alle Spezial-Schulungen erteilen wir auch als <strong>Online-Trainings<\/strong>.<\/p>\n<p><img loading=\"lazy\" decoding=\"async\" class=\"alignnone size-full wp-image-309\" src=\"https:\/\/www.alpha-gefahrgut-consulting.de\/wp-content\/uploads\/2020\/04\/Gefahrgut-Spezial-Seminare.jpg\" alt=\"Gefahrgut-Spezial-Seminare\" width=\"160\" height=\"152\" \/>\u00a0\u00a0\u00a0\u00a0\u00a0\u00a0\u00a0\u00a0\u00a0\u00a0\u00a0 <img loading=\"lazy\" decoding=\"async\" class=\"alignnone wp-image-294 size-full\" src=\"https:\/\/www.alpha-gefahrgut-consulting.de\/wp-content\/uploads\/2020\/04\/KEP-klein.jpg\" alt=\"KEP, klein\" width=\"156\" height=\"153\" \/><\/p>\n<p>Bei Interesse sprechen Sie uns bitte an<br \/>\noder schreiben Sie uns eine e-mail.<br \/>\nGerne unterbreiten wir Ihnen ein passgenaues Angebot.<\/p>\n","protected":false},"excerpt":{"rendered":"<p>Schulung von Spezialthemen Gefahrgut: Folgende Spezial-Schulungen Gefahrgut bieten wir an: Rechtssichere Gefahrgut-Organisation im Unternehmen Gefahrgut per Versandhandel, KEP, Post Lithiumbatterien Brennstoffversorgung Trockeneis (Dry Ice) Begrenzte Mengen (Limited Quantities) Freigestellte Mengen (Excepted Quantities) Infekti\u00f6se Substanzen How to manage CBTA &#8211; Wissen f\u00fcr F\u00fchrungskr\u00e4fte Workshop: Air Eligible Workshop: Dokumentenerstellung Stra\u00dfe, Luft, See Workshop: Richtiges Verpacken gef\u00e4hrlicher G\u00fcter &hellip; <\/p>\n<p class=\"link-more\"><a href=\"https:\/\/www.alpha-gefahrgut-consulting.de\/index.php\/gefahrgutspezialschulung\/\" class=\"more-link\"><span class=\"screen-reader-text\">\u201eGefahrgut-Spezial-Schulung\u201c<\/span> weiterlesen<\/a><\/p>\n","protected":false},"author":1,"featured_media":834,"parent":0,"menu_order":0,"comment_status":"closed","ping_status":"closed","template":"","meta":{"episode_type":"","audio_file":"","podmotor_file_id":"","podmotor_episode_id":"","cover_image":"","cover_image_id":"","duration":"","filesize":"","filesize_raw":"","date_recorded":"","explicit":"","block":"","footnotes":""},"class_list":["post-293","page","type-page","status-publish","has-post-thumbnail","hentry"],"yoast_head":"<!-- This site is optimized with the Yoast SEO plugin v27.4 - https:\/\/yoast.com\/product\/yoast-seo-wordpress\/ -->\n<title>Gefahrgut: Spezial-Schulungen<\/title>\n<meta name=\"description\" content=\"Gefahrgut-Bef\u00f6rderung ist facettenreich. F\u00fcr jeden Aspekt bieten wir Ihnen eine geeignete Schulung oder Unterweisung. Viele auch \u00f6ffentlich.\" \/>\n<meta name=\"robots\" content=\"index, follow, max-snippet:-1, max-image-preview:large, max-video-preview:-1\" \/>\n<link rel=\"canonical\" href=\"https:\/\/www.alpha-gefahrgut-consulting.de\/index.php\/gefahrgutspezialschulung\/\" \/>\n<meta property=\"og:locale\" content=\"de_DE\" \/>\n<meta property=\"og:type\" content=\"article\" \/>\n<meta property=\"og:title\" content=\"Gefahrgut: Spezial-Schulungen\" \/>\n<meta property=\"og:description\" content=\"Gefahrgut-Bef\u00f6rderung ist facettenreich. F\u00fcr jeden Aspekt bieten wir Ihnen eine geeignete Schulung oder Unterweisung. Viele auch \u00f6ffentlich.\" \/>\n<meta property=\"og:url\" content=\"https:\/\/www.alpha-gefahrgut-consulting.de\/index.php\/gefahrgutspezialschulung\/\" \/>\n<meta property=\"og:site_name\" content=\"ALPHA GEFAHRGUT CONSULTING\" \/>\n<meta property=\"article:modified_time\" content=\"2025-05-30T09:21:19+00:00\" \/>\n<meta property=\"og:image\" content=\"https:\/\/www.alpha-gefahrgut-consulting.de\/wp-content\/uploads\/2021\/03\/AGC-HeaderGefahrgut-Spezialschulung.jpg\" \/>\n\t<meta property=\"og:image:width\" content=\"891\" \/>\n\t<meta property=\"og:image:height\" content=\"532\" \/>\n\t<meta property=\"og:image:type\" content=\"image\/jpeg\" \/>\n<meta name=\"twitter:card\" content=\"summary_large_image\" \/>\n<meta name=\"twitter:site\" content=\"@Alpha_Gefahrgut\" \/>\n<meta name=\"twitter:label1\" content=\"Gesch\u00e4tzte Lesezeit\" \/>\n\t<meta name=\"twitter:data1\" content=\"3\u00a0Minuten\" \/>\n<script type=\"application\/ld+json\" class=\"yoast-schema-graph\">{\"@context\":\"https:\\\/\\\/schema.org\",\"@graph\":[{\"@type\":\"WebPage\",\"@id\":\"https:\\\/\\\/www.alpha-gefahrgut-consulting.de\\\/index.php\\\/gefahrgutspezialschulung\\\/\",\"url\":\"https:\\\/\\\/www.alpha-gefahrgut-consulting.de\\\/index.php\\\/gefahrgutspezialschulung\\\/\",\"name\":\"Gefahrgut: Spezial-Schulungen\",\"isPartOf\":{\"@id\":\"https:\\\/\\\/www.alpha-gefahrgut-consulting.de\\\/#website\"},\"primaryImageOfPage\":{\"@id\":\"https:\\\/\\\/www.alpha-gefahrgut-consulting.de\\\/index.php\\\/gefahrgutspezialschulung\\\/#primaryimage\"},\"image\":{\"@id\":\"https:\\\/\\\/www.alpha-gefahrgut-consulting.de\\\/index.php\\\/gefahrgutspezialschulung\\\/#primaryimage\"},\"thumbnailUrl\":\"https:\\\/\\\/www.alpha-gefahrgut-consulting.de\\\/wp-content\\\/uploads\\\/2021\\\/03\\\/AGC-HeaderGefahrgut-Spezialschulung.jpg\",\"datePublished\":\"2020-04-30T16:14:27+00:00\",\"dateModified\":\"2025-05-30T09:21:19+00:00\",\"description\":\"Gefahrgut-Bef\u00f6rderung ist facettenreich. F\u00fcr jeden Aspekt bieten wir Ihnen eine geeignete Schulung oder Unterweisung. Viele auch \u00f6ffentlich.\",\"breadcrumb\":{\"@id\":\"https:\\\/\\\/www.alpha-gefahrgut-consulting.de\\\/index.php\\\/gefahrgutspezialschulung\\\/#breadcrumb\"},\"inLanguage\":\"de\",\"potentialAction\":[{\"@type\":\"ReadAction\",\"target\":[\"https:\\\/\\\/www.alpha-gefahrgut-consulting.de\\\/index.php\\\/gefahrgutspezialschulung\\\/\"]}]},{\"@type\":\"ImageObject\",\"inLanguage\":\"de\",\"@id\":\"https:\\\/\\\/www.alpha-gefahrgut-consulting.de\\\/index.php\\\/gefahrgutspezialschulung\\\/#primaryimage\",\"url\":\"https:\\\/\\\/www.alpha-gefahrgut-consulting.de\\\/wp-content\\\/uploads\\\/2021\\\/03\\\/AGC-HeaderGefahrgut-Spezialschulung.jpg\",\"contentUrl\":\"https:\\\/\\\/www.alpha-gefahrgut-consulting.de\\\/wp-content\\\/uploads\\\/2021\\\/03\\\/AGC-HeaderGefahrgut-Spezialschulung.jpg\",\"width\":891,\"height\":532},{\"@type\":\"BreadcrumbList\",\"@id\":\"https:\\\/\\\/www.alpha-gefahrgut-consulting.de\\\/index.php\\\/gefahrgutspezialschulung\\\/#breadcrumb\",\"itemListElement\":[{\"@type\":\"ListItem\",\"position\":1,\"name\":\"Startseite\",\"item\":\"https:\\\/\\\/www.alpha-gefahrgut-consulting.de\\\/\"},{\"@type\":\"ListItem\",\"position\":2,\"name\":\"Gefahrgut-Spezial-Schulung\"}]},{\"@type\":\"WebSite\",\"@id\":\"https:\\\/\\\/www.alpha-gefahrgut-consulting.de\\\/#website\",\"url\":\"https:\\\/\\\/www.alpha-gefahrgut-consulting.de\\\/\",\"name\":\"ALPHA GEFAHRGUT CONSULTING\",\"description\":\"First Class Dangerous Goods Consulting, Management, Training.\",\"publisher\":{\"@id\":\"https:\\\/\\\/www.alpha-gefahrgut-consulting.de\\\/#organization\"},\"potentialAction\":[{\"@type\":\"SearchAction\",\"target\":{\"@type\":\"EntryPoint\",\"urlTemplate\":\"https:\\\/\\\/www.alpha-gefahrgut-consulting.de\\\/?s={search_term_string}\"},\"query-input\":{\"@type\":\"PropertyValueSpecification\",\"valueRequired\":true,\"valueName\":\"search_term_string\"}}],\"inLanguage\":\"de\"},{\"@type\":\"Organization\",\"@id\":\"https:\\\/\\\/www.alpha-gefahrgut-consulting.de\\\/#organization\",\"name\":\"ALPHA GEFAHRGUT CONSULTING\",\"url\":\"https:\\\/\\\/www.alpha-gefahrgut-consulting.de\\\/\",\"logo\":{\"@type\":\"ImageObject\",\"inLanguage\":\"de\",\"@id\":\"https:\\\/\\\/www.alpha-gefahrgut-consulting.de\\\/#\\\/schema\\\/logo\\\/image\\\/\",\"url\":\"https:\\\/\\\/www.alpha-gefahrgut-consulting.de\\\/wp-content\\\/uploads\\\/2020\\\/04\\\/cropped-AGCLogoBlech-c.jpg\",\"contentUrl\":\"https:\\\/\\\/www.alpha-gefahrgut-consulting.de\\\/wp-content\\\/uploads\\\/2020\\\/04\\\/cropped-AGCLogoBlech-c.jpg\",\"width\":250,\"height\":250,\"caption\":\"ALPHA GEFAHRGUT CONSULTING\"},\"image\":{\"@id\":\"https:\\\/\\\/www.alpha-gefahrgut-consulting.de\\\/#\\\/schema\\\/logo\\\/image\\\/\"},\"sameAs\":[\"https:\\\/\\\/x.com\\\/Alpha_Gefahrgut\",\"https:\\\/\\\/www.youtube.com\\\/@AlphaDGConsulting\",\"https:\\\/\\\/buymeacoffee.com\\\/AlphaDGConsulting\",\"https:\\\/\\\/bsky.app\\\/profile\\\/alpha-gefahrgut.bsky.social\",\"https:\\\/\\\/www.reddit.com\\\/user\\\/United_Ad5357\\\/\",\"https:\\\/\\\/semasocial.com\\\/profile\\\/247322\",\"https:\\\/\\\/truthsocial.com\\\/@AlphaDangerousGoodsConsulting\",\"https:\\\/\\\/www.linkedin.com\\\/in\\\/michael-miska-mm\\\/\",\"https:\\\/\\\/www.xing.com\\\/profile\\\/Michael_Miska088516\\\/web_profiles\",\"https:\\\/\\\/rumble.com\\\/user\\\/AlphaDangerousGoodsConsulting\",\"https:\\\/\\\/de.pinterest.com\\\/AlphaGefahrgutConsulting\\\/\"]}]}<\/script>\n<!-- \/ Yoast SEO plugin. -->","yoast_head_json":{"title":"Gefahrgut: Spezial-Schulungen","description":"Gefahrgut-Bef\u00f6rderung ist facettenreich. F\u00fcr jeden Aspekt bieten wir Ihnen eine geeignete Schulung oder Unterweisung. Viele auch \u00f6ffentlich.","robots":{"index":"index","follow":"follow","max-snippet":"max-snippet:-1","max-image-preview":"max-image-preview:large","max-video-preview":"max-video-preview:-1"},"canonical":"https:\/\/www.alpha-gefahrgut-consulting.de\/index.php\/gefahrgutspezialschulung\/","og_locale":"de_DE","og_type":"article","og_title":"Gefahrgut: Spezial-Schulungen","og_description":"Gefahrgut-Bef\u00f6rderung ist facettenreich. F\u00fcr jeden Aspekt bieten wir Ihnen eine geeignete Schulung oder Unterweisung. Viele auch \u00f6ffentlich.","og_url":"https:\/\/www.alpha-gefahrgut-consulting.de\/index.php\/gefahrgutspezialschulung\/","og_site_name":"ALPHA GEFAHRGUT CONSULTING","article_modified_time":"2025-05-30T09:21:19+00:00","og_image":[{"width":891,"height":532,"url":"https:\/\/www.alpha-gefahrgut-consulting.de\/wp-content\/uploads\/2021\/03\/AGC-HeaderGefahrgut-Spezialschulung.jpg","type":"image\/jpeg"}],"twitter_card":"summary_large_image","twitter_site":"@Alpha_Gefahrgut","twitter_misc":{"Gesch\u00e4tzte Lesezeit":"3\u00a0Minuten"},"schema":{"@context":"https:\/\/schema.org","@graph":[{"@type":"WebPage","@id":"https:\/\/www.alpha-gefahrgut-consulting.de\/index.php\/gefahrgutspezialschulung\/","url":"https:\/\/www.alpha-gefahrgut-consulting.de\/index.php\/gefahrgutspezialschulung\/","name":"Gefahrgut: Spezial-Schulungen","isPartOf":{"@id":"https:\/\/www.alpha-gefahrgut-consulting.de\/#website"},"primaryImageOfPage":{"@id":"https:\/\/www.alpha-gefahrgut-consulting.de\/index.php\/gefahrgutspezialschulung\/#primaryimage"},"image":{"@id":"https:\/\/www.alpha-gefahrgut-consulting.de\/index.php\/gefahrgutspezialschulung\/#primaryimage"},"thumbnailUrl":"https:\/\/www.alpha-gefahrgut-consulting.de\/wp-content\/uploads\/2021\/03\/AGC-HeaderGefahrgut-Spezialschulung.jpg","datePublished":"2020-04-30T16:14:27+00:00","dateModified":"2025-05-30T09:21:19+00:00","description":"Gefahrgut-Bef\u00f6rderung ist facettenreich. F\u00fcr jeden Aspekt bieten wir Ihnen eine geeignete Schulung oder Unterweisung. Viele auch \u00f6ffentlich.","breadcrumb":{"@id":"https:\/\/www.alpha-gefahrgut-consulting.de\/index.php\/gefahrgutspezialschulung\/#breadcrumb"},"inLanguage":"de","potentialAction":[{"@type":"ReadAction","target":["https:\/\/www.alpha-gefahrgut-consulting.de\/index.php\/gefahrgutspezialschulung\/"]}]},{"@type":"ImageObject","inLanguage":"de","@id":"https:\/\/www.alpha-gefahrgut-consulting.de\/index.php\/gefahrgutspezialschulung\/#primaryimage","url":"https:\/\/www.alpha-gefahrgut-consulting.de\/wp-content\/uploads\/2021\/03\/AGC-HeaderGefahrgut-Spezialschulung.jpg","contentUrl":"https:\/\/www.alpha-gefahrgut-consulting.de\/wp-content\/uploads\/2021\/03\/AGC-HeaderGefahrgut-Spezialschulung.jpg","width":891,"height":532},{"@type":"BreadcrumbList","@id":"https:\/\/www.alpha-gefahrgut-consulting.de\/index.php\/gefahrgutspezialschulung\/#breadcrumb","itemListElement":[{"@type":"ListItem","position":1,"name":"Startseite","item":"https:\/\/www.alpha-gefahrgut-consulting.de\/"},{"@type":"ListItem","position":2,"name":"Gefahrgut-Spezial-Schulung"}]},{"@type":"WebSite","@id":"https:\/\/www.alpha-gefahrgut-consulting.de\/#website","url":"https:\/\/www.alpha-gefahrgut-consulting.de\/","name":"ALPHA GEFAHRGUT CONSULTING","description":"First Class Dangerous Goods Consulting, Management, Training.","publisher":{"@id":"https:\/\/www.alpha-gefahrgut-consulting.de\/#organization"},"potentialAction":[{"@type":"SearchAction","target":{"@type":"EntryPoint","urlTemplate":"https:\/\/www.alpha-gefahrgut-consulting.de\/?s={search_term_string}"},"query-input":{"@type":"PropertyValueSpecification","valueRequired":true,"valueName":"search_term_string"}}],"inLanguage":"de"},{"@type":"Organization","@id":"https:\/\/www.alpha-gefahrgut-consulting.de\/#organization","name":"ALPHA GEFAHRGUT CONSULTING","url":"https:\/\/www.alpha-gefahrgut-consulting.de\/","logo":{"@type":"ImageObject","inLanguage":"de","@id":"https:\/\/www.alpha-gefahrgut-consulting.de\/#\/schema\/logo\/image\/","url":"https:\/\/www.alpha-gefahrgut-consulting.de\/wp-content\/uploads\/2020\/04\/cropped-AGCLogoBlech-c.jpg","contentUrl":"https:\/\/www.alpha-gefahrgut-consulting.de\/wp-content\/uploads\/2020\/04\/cropped-AGCLogoBlech-c.jpg","width":250,"height":250,"caption":"ALPHA GEFAHRGUT CONSULTING"},"image":{"@id":"https:\/\/www.alpha-gefahrgut-consulting.de\/#\/schema\/logo\/image\/"},"sameAs":["https:\/\/x.com\/Alpha_Gefahrgut","https:\/\/www.youtube.com\/@AlphaDGConsulting","https:\/\/buymeacoffee.com\/AlphaDGConsulting","https:\/\/bsky.app\/profile\/alpha-gefahrgut.bsky.social","https:\/\/www.reddit.com\/user\/United_Ad5357\/","https:\/\/semasocial.com\/profile\/247322","https:\/\/truthsocial.com\/@AlphaDangerousGoodsConsulting","https:\/\/www.linkedin.com\/in\/michael-miska-mm\/","https:\/\/www.xing.com\/profile\/Michael_Miska088516\/web_profiles","https:\/\/rumble.com\/user\/AlphaDangerousGoodsConsulting","https:\/\/de.pinterest.com\/AlphaGefahrgutConsulting\/"]}]}},"_links":{"self":[{"href":"https:\/\/www.alpha-gefahrgut-consulting.de\/index.php\/wp-json\/wp\/v2\/pages\/293","targetHints":{"allow":["GET"]}}],"collection":[{"href":"https:\/\/www.alpha-gefahrgut-consulting.de\/index.php\/wp-json\/wp\/v2\/pages"}],"about":[{"href":"https:\/\/www.alpha-gefahrgut-consulting.de\/index.php\/wp-json\/wp\/v2\/types\/page"}],"author":[{"embeddable":true,"href":"https:\/\/www.alpha-gefahrgut-consulting.de\/index.php\/wp-json\/wp\/v2\/users\/1"}],"replies":[{"embeddable":true,"href":"https:\/\/www.alpha-gefahrgut-consulting.de\/index.php\/wp-json\/wp\/v2\/comments?post=293"}],"version-history":[{"count":22,"href":"https:\/\/www.alpha-gefahrgut-consulting.de\/index.php\/wp-json\/wp\/v2\/pages\/293\/revisions"}],"predecessor-version":[{"id":8500,"href":"https:\/\/www.alpha-gefahrgut-consulting.de\/index.php\/wp-json\/wp\/v2\/pages\/293\/revisions\/8500"}],"wp:featuredmedia":[{"embeddable":true,"href":"https:\/\/www.alpha-gefahrgut-consulting.de\/index.php\/wp-json\/wp\/v2\/media\/834"}],"wp:attachment":[{"href":"https:\/\/www.alpha-gefahrgut-consulting.de\/index.php\/wp-json\/wp\/v2\/media?parent=293"}],"curies":[{"name":"wp","href":"https:\/\/api.w.org\/{rel}","templated":true}]}}