{"id":285,"date":"2020-04-30T17:47:22","date_gmt":"2020-04-30T15:47:22","guid":{"rendered":"https:\/\/www.alpha-gefahrgut-consulting.de\/?page_id=285"},"modified":"2025-10-30T10:19:55","modified_gmt":"2025-10-30T09:19:55","slug":"ladungssicherung-schulung","status":"publish","type":"page","link":"https:\/\/www.alpha-gefahrgut-consulting.de\/index.php\/ladungssicherung-schulung\/","title":{"rendered":"Ladungssicherung-Schulung"},"content":{"rendered":"<p><strong>Ladungssicherung-Schulung:<br \/>\n<\/strong>f\u00fcr den Stra\u00dfenverkehr nach VDI, GGVSEB\/ADR f\u00fcr Gefahrgut<br \/>\nund ebenso f\u00fcr nicht gef\u00e4hrliche G\u00fcter nach VDI.<\/p>\n<p><img loading=\"lazy\" decoding=\"async\" class=\"alignnone size-full wp-image-173\" src=\"https:\/\/www.alpha-gefahrgut-consulting.de\/wp-content\/uploads\/2020\/04\/VDI-small.jpg\" alt=\"VDI, small\" width=\"156\" height=\"162\" \/> \u00a0 \u00a0 <img loading=\"lazy\" decoding=\"async\" class=\"alignnone size-full wp-image-380\" src=\"https:\/\/www.alpha-gefahrgut-consulting.de\/wp-content\/uploads\/2020\/04\/AGC-Lasi-Schulung-VDI.jpg\" alt=\"AGC Lasi Schulung VDI\" width=\"235\" height=\"162\" \/><\/p>\n<p><span style=\"color: #3366ff;\"><strong><br \/>\nLadungssicherung\/Ladungssicherheit:<br \/>\n<\/strong><strong>Nur mit VDI-anerkanntem Ausbilder:<\/strong><\/span><br \/>\nAlpha Gefahrgut Consulting, Michael Miska, finden Sie als Nr. 296 auf der aktuellen Liste des VDI:\u00a0 &#8222;Anerkannte Ausbilder f\u00fcr Ladungssicherung auf Stra\u00dfenfahrzeugen nach VDI 2700 Blatt 1.&#8220; Untenstehend der Auszug aus der VDI-Liste.<\/p>\n<hr \/>\n<figure id=\"attachment_1558\" aria-describedby=\"caption-attachment-1558\" style=\"width: 635px\" class=\"wp-caption alignnone\"><img loading=\"lazy\" decoding=\"async\" class=\"size-full wp-image-1558\" src=\"https:\/\/www.alpha-gefahrgut-consulting.de\/wp-content\/uploads\/2020\/04\/20230102-VDI-Liste-anerkannte-Ausbilder-Ladungssicherung.jpg\" alt=\"\" width=\"635\" height=\"423\" srcset=\"https:\/\/www.alpha-gefahrgut-consulting.de\/wp-content\/uploads\/2020\/04\/20230102-VDI-Liste-anerkannte-Ausbilder-Ladungssicherung.jpg 635w, https:\/\/www.alpha-gefahrgut-consulting.de\/wp-content\/uploads\/2020\/04\/20230102-VDI-Liste-anerkannte-Ausbilder-Ladungssicherung-300x200.jpg 300w\" sizes=\"auto, (max-width: 635px) 100vw, 635px\" \/><figcaption id=\"caption-attachment-1558\" class=\"wp-caption-text\">VDI-Liste Ausbilder Ladungssicherung<\/figcaption><\/figure>\n<hr \/>\n<p><strong><span style=\"color: #0000ff;\">Professional Training:<\/span><\/strong><br \/>\n<strong>Vom Verein Deutscher Ingenieure (VDI) anerkannt<\/strong>.<br \/>\nKursdauer:\u00a0 Mindestens <strong>16 Stunden<br \/>\n(plus Zeit &#8222;X&#8220;<\/strong> f\u00fcr spezielle Ladung).<br \/>\nNach VDI 2700a und VDI-Richtlinienreihe.<br \/>\nPraxisteil (praktische \u00dcbungen) inklusive.<\/p>\n<p><img loading=\"lazy\" decoding=\"async\" class=\"alignnone size-medium wp-image-296\" src=\"https:\/\/www.alpha-gefahrgut-consulting.de\/wp-content\/uploads\/2020\/04\/2700a_und_Zurrgurt-300x207.jpg\" alt=\"2700a_und_Zurrgurt\" width=\"300\" height=\"207\" srcset=\"https:\/\/www.alpha-gefahrgut-consulting.de\/wp-content\/uploads\/2020\/04\/2700a_und_Zurrgurt-300x207.jpg 300w, https:\/\/www.alpha-gefahrgut-consulting.de\/wp-content\/uploads\/2020\/04\/2700a_und_Zurrgurt.jpg 398w\" sizes=\"auto, (max-width: 300px) 100vw, 300px\" \/><\/p>\n<hr \/>\n<p><strong><span style=\"color: #000000;\">Basic Training:<\/span><br \/>\n<\/strong>In Anlehnung an die VDI- Richtlinienreihe 2700.<br \/>\nKursdauer nach Vereinbarung, Standard ca 6-8 Std.<br \/>\nTheorie und Praxis oder nur Theorie (auch Online).<\/p>\n<p><img loading=\"lazy\" decoding=\"async\" class=\"alignnone size-medium wp-image-287\" src=\"https:\/\/www.alpha-gefahrgut-consulting.de\/wp-content\/uploads\/2020\/04\/LaSi-VW-MAN-MM-mod-300x259.jpg\" alt=\"LaSi, VW MAN, MM mod\" width=\"300\" height=\"259\" srcset=\"https:\/\/www.alpha-gefahrgut-consulting.de\/wp-content\/uploads\/2020\/04\/LaSi-VW-MAN-MM-mod-300x259.jpg 300w, https:\/\/www.alpha-gefahrgut-consulting.de\/wp-content\/uploads\/2020\/04\/LaSi-VW-MAN-MM-mod.jpg 339w\" sizes=\"auto, (max-width: 300px) 100vw, 300px\" \/><\/p>\n<hr \/>\n<p><img loading=\"lazy\" decoding=\"async\" class=\"alignnone size-full wp-image-1559\" src=\"https:\/\/www.alpha-gefahrgut-consulting.de\/wp-content\/uploads\/2020\/04\/VDI_DUS_AGC_MM.jpg\" alt=\"\" width=\"635\" height=\"475\" srcset=\"https:\/\/www.alpha-gefahrgut-consulting.de\/wp-content\/uploads\/2020\/04\/VDI_DUS_AGC_MM.jpg 635w, https:\/\/www.alpha-gefahrgut-consulting.de\/wp-content\/uploads\/2020\/04\/VDI_DUS_AGC_MM-300x224.jpg 300w\" sizes=\"auto, (max-width: 635px) 100vw, 635px\" \/><\/p>\n<p>Ausbildung Ladungssicherung im Stra\u00dfenverkehr:<br \/>\nNur mit VDI-anerkanntem Ausbilder!<br \/>\n<em><br \/>\nAchten Sie im eigenen Interesse darauf, dass ihr Ausbilder f\u00fcr Ladungssicherung im Stra\u00dfenverkehr vom VDI anerkannt ist.<\/em><\/p>\n<hr \/>\n<p><img loading=\"lazy\" decoding=\"async\" class=\"alignnone size-full wp-image-1653\" src=\"https:\/\/www.alpha-gefahrgut-consulting.de\/wp-content\/uploads\/2023\/02\/Formel-Lasi-635px.jpg\" alt=\"\" width=\"635\" height=\"209\" srcset=\"https:\/\/www.alpha-gefahrgut-consulting.de\/wp-content\/uploads\/2023\/02\/Formel-Lasi-635px.jpg 635w, https:\/\/www.alpha-gefahrgut-consulting.de\/wp-content\/uploads\/2023\/02\/Formel-Lasi-635px-300x99.jpg 300w\" sizes=\"auto, (max-width: 635px) 100vw, 635px\" \/><br \/>\nAn vielen Ladestellen wird die (zuweilen auch nur vermeintlich) &#8222;richtige&#8220; Ladungssicherung vor der Abfahrt der beladenen Fahrzeuge gerne fotografiert. Doch eine &#8222;richtige&#8220; Ladungssicherung kann man nicht gut und nur selten mit angemessenem Aufwand beweissicher fotografieren. Man kann sie jedoch rechnen und dann auch in geeigneter Weise dokumentieren. Wie man das richtig macht, erf\u00e4hrt man in der Alpha Schulung.<\/p>\n<hr \/>\n<p><span style=\"color: #000080;\"><em><strong>Aus einer Epoche, in der an den meisten Ladestellen die Ladungssicherung noch \u00fcber den dicken Daumen gesch\u00e4tzt wurde (ca um 1995)<\/strong> <strong>stammt untenstehender\u00a0 Screenshot&#8230;<\/strong> <\/em><\/span><\/p>\n<hr \/>\n<p><img loading=\"lazy\" decoding=\"async\" class=\"alignnone size-full wp-image-1654\" src=\"https:\/\/www.alpha-gefahrgut-consulting.de\/wp-content\/uploads\/2023\/02\/Easyzurr-DOS.jpg\" alt=\"\" width=\"577\" height=\"246\" srcset=\"https:\/\/www.alpha-gefahrgut-consulting.de\/wp-content\/uploads\/2023\/02\/Easyzurr-DOS.jpg 577w, https:\/\/www.alpha-gefahrgut-consulting.de\/wp-content\/uploads\/2023\/02\/Easyzurr-DOS-300x128.jpg 300w\" sizes=\"auto, (max-width: 577px) 100vw, 577px\" \/><\/p>\n<p><span style=\"color: #000080;\"><em>&#8230; eines damals hochmodernen Computers mit dem Betriebssystem MS-DOS. Die damals von Michael Miska (Alpha Gefahrgut Consulting) mit dem\u00a0 &#8222;Nantucket Clipper&#8220; Compiler programmierte Ladungssicherungs-Software &#8222;Easyzurr&#8220; war unseres Wissens die erste Applikation f\u00fcr Berechnungen nach VDI 2700 (Niederzurren, Schr\u00e4gzurren, Diagonalzurren) f\u00fcr Personal Computer und kam insbesondere bei der Verladung und Ladungssicherung von Schwergut im industriellen Maschinen- und Anlagenbau erfolgreich zum Einsatz.\u00a0 Easyzurr l\u00e4uft \u00fcbrigens (auf einem geeigneten Betriebssystem oder mit einem DOS-Emulator) bis heute zuverl\u00e4ssig&#8230;<br \/>\n<\/em><\/span><br \/>\nUnd zum Gl\u00fcck muss heute an Ladestellen nicht mehr \u00fcber den dicken Daumen gesch\u00e4tzt werden, sondern es k\u00f6nnen inzwischen mit einer Vielzahl von Hilfsmitteln und Software-Produkten <em>(&#8222;Apps&#8220;, von denen es heute viele gibt (auch f\u00fcr den mobilen Einsatz auf Smartphones))<\/em>\u00a0 die erforderlichen Sicherungskr\u00e4fte ermittelt werden. Wir \u00fcben das darum auch in der Ladungssicherung-Schulung (Professional Training).<\/p>\n<hr \/>\n<p><img loading=\"lazy\" decoding=\"async\" class=\"alignnone size-full wp-image-2514\" src=\"https:\/\/www.alpha-gefahrgut-consulting.de\/wp-content\/uploads\/2023\/03\/AGC-Leo1A2-MLC46-LaSi300px.jpg\" alt=\"\" width=\"300\" height=\"150\" \/><\/p>\n<p>Bei Bedarf auch Inhalte f\u00fcr den <strong>Eisenbahnverkehr<\/strong> nach GGVSEB\/RID.<\/p>\n<p>Ladungssicherung f\u00fcr den <strong>Seeverkehr<\/strong> siehe unter <strong>CTU-Schulung<\/strong>.<\/p>\n<p>Bei Interesse an<strong> Inhouse Trainings<\/strong> sprechen Sie uns bitte an<br \/>\noder schreiben Sie uns eine e-mail.<br \/>\nGerne unterbreiten wir Ihnen ein passgenaues Angebot.<\/p>\n<hr \/>\n<p><img loading=\"lazy\" decoding=\"async\" class=\"alignnone size-full wp-image-2111\" src=\"https:\/\/www.alpha-gefahrgut-consulting.de\/wp-content\/uploads\/2023\/02\/Ladungssicherheit-Zurren-ist-das-halbe-Leben.jpg\" alt=\"\" width=\"452\" height=\"411\" srcset=\"https:\/\/www.alpha-gefahrgut-consulting.de\/wp-content\/uploads\/2023\/02\/Ladungssicherheit-Zurren-ist-das-halbe-Leben.jpg 452w, https:\/\/www.alpha-gefahrgut-consulting.de\/wp-content\/uploads\/2023\/02\/Ladungssicherheit-Zurren-ist-das-halbe-Leben-300x273.jpg 300w\" sizes=\"auto, (max-width: 452px) 100vw, 452px\" \/><\/p>\n<hr \/>\n","protected":false},"excerpt":{"rendered":"<p>Ladungssicherung-Schulung: f\u00fcr den Stra\u00dfenverkehr nach VDI, GGVSEB\/ADR f\u00fcr Gefahrgut und ebenso f\u00fcr nicht gef\u00e4hrliche G\u00fcter nach VDI. \u00a0 \u00a0 Ladungssicherung\/Ladungssicherheit: Nur mit VDI-anerkanntem Ausbilder: Alpha Gefahrgut Consulting, Michael Miska, finden Sie als Nr. 296 auf der aktuellen Liste des VDI:\u00a0 &#8222;Anerkannte Ausbilder f\u00fcr Ladungssicherung auf Stra\u00dfenfahrzeugen nach VDI 2700 Blatt 1.&#8220; Untenstehend der Auszug aus &hellip; <\/p>\n<p class=\"link-more\"><a href=\"https:\/\/www.alpha-gefahrgut-consulting.de\/index.php\/ladungssicherung-schulung\/\" class=\"more-link\"><span class=\"screen-reader-text\">\u201eLadungssicherung-Schulung\u201c<\/span> weiterlesen<\/a><\/p>\n","protected":false},"author":1,"featured_media":772,"parent":0,"menu_order":0,"comment_status":"closed","ping_status":"closed","template":"","meta":{"episode_type":"","audio_file":"","podmotor_file_id":"","podmotor_episode_id":"","cover_image":"","cover_image_id":"","duration":"","filesize":"","filesize_raw":"","date_recorded":"","explicit":"","block":"","footnotes":""},"class_list":["post-285","page","type-page","status-publish","has-post-thumbnail","hentry"],"yoast_head":"<!-- This site is optimized with the Yoast SEO plugin v27.4 - https:\/\/yoast.com\/product\/yoast-seo-wordpress\/ -->\n<title>VDI-anerkannte Ladungssicherung f\u00fcr Ihren Betrieb!<\/title>\n<meta name=\"description\" content=\"Schulen Sie die richtige Ladungssicherung mit dem VDI (Verein Deutscher Ingenieure) anerkannten Ausbilder. Nicht nur f\u00fcr Gefahrgut!\" \/>\n<meta name=\"robots\" content=\"index, follow, max-snippet:-1, max-image-preview:large, max-video-preview:-1\" \/>\n<link rel=\"canonical\" href=\"https:\/\/www.alpha-gefahrgut-consulting.de\/index.php\/ladungssicherung-schulung\/\" \/>\n<meta property=\"og:locale\" content=\"de_DE\" \/>\n<meta property=\"og:type\" content=\"article\" \/>\n<meta property=\"og:title\" content=\"VDI-anerkannte Ladungssicherung f\u00fcr Ihren Betrieb!\" \/>\n<meta property=\"og:description\" content=\"Schulen Sie die richtige Ladungssicherung mit dem VDI (Verein Deutscher Ingenieure) anerkannten Ausbilder. Nicht nur f\u00fcr Gefahrgut!\" \/>\n<meta property=\"og:url\" content=\"https:\/\/www.alpha-gefahrgut-consulting.de\/index.php\/ladungssicherung-schulung\/\" \/>\n<meta property=\"og:site_name\" content=\"ALPHA GEFAHRGUT CONSULTING\" \/>\n<meta property=\"article:modified_time\" content=\"2025-10-30T09:19:55+00:00\" \/>\n<meta property=\"og:image\" content=\"https:\/\/www.alpha-gefahrgut-consulting.de\/wp-content\/uploads\/2021\/02\/AGC_Taut_LaSi.jpg\" \/>\n\t<meta property=\"og:image:width\" content=\"800\" \/>\n\t<meta property=\"og:image:height\" content=\"451\" \/>\n\t<meta property=\"og:image:type\" content=\"image\/jpeg\" \/>\n<meta name=\"twitter:card\" content=\"summary_large_image\" \/>\n<meta name=\"twitter:site\" content=\"@Alpha_Gefahrgut\" \/>\n<meta name=\"twitter:label1\" content=\"Gesch\u00e4tzte Lesezeit\" \/>\n\t<meta name=\"twitter:data1\" content=\"5\u00a0Minuten\" \/>\n<script type=\"application\/ld+json\" class=\"yoast-schema-graph\">{\"@context\":\"https:\\\/\\\/schema.org\",\"@graph\":[{\"@type\":\"WebPage\",\"@id\":\"https:\\\/\\\/www.alpha-gefahrgut-consulting.de\\\/index.php\\\/ladungssicherung-schulung\\\/\",\"url\":\"https:\\\/\\\/www.alpha-gefahrgut-consulting.de\\\/index.php\\\/ladungssicherung-schulung\\\/\",\"name\":\"VDI-anerkannte Ladungssicherung f\u00fcr Ihren Betrieb!\",\"isPartOf\":{\"@id\":\"https:\\\/\\\/www.alpha-gefahrgut-consulting.de\\\/#website\"},\"primaryImageOfPage\":{\"@id\":\"https:\\\/\\\/www.alpha-gefahrgut-consulting.de\\\/index.php\\\/ladungssicherung-schulung\\\/#primaryimage\"},\"image\":{\"@id\":\"https:\\\/\\\/www.alpha-gefahrgut-consulting.de\\\/index.php\\\/ladungssicherung-schulung\\\/#primaryimage\"},\"thumbnailUrl\":\"https:\\\/\\\/www.alpha-gefahrgut-consulting.de\\\/wp-content\\\/uploads\\\/2021\\\/02\\\/AGC_Taut_LaSi.jpg\",\"datePublished\":\"2020-04-30T15:47:22+00:00\",\"dateModified\":\"2025-10-30T09:19:55+00:00\",\"description\":\"Schulen Sie die richtige Ladungssicherung mit dem VDI (Verein Deutscher Ingenieure) anerkannten Ausbilder. Nicht nur f\u00fcr Gefahrgut!\",\"breadcrumb\":{\"@id\":\"https:\\\/\\\/www.alpha-gefahrgut-consulting.de\\\/index.php\\\/ladungssicherung-schulung\\\/#breadcrumb\"},\"inLanguage\":\"de\",\"potentialAction\":[{\"@type\":\"ReadAction\",\"target\":[\"https:\\\/\\\/www.alpha-gefahrgut-consulting.de\\\/index.php\\\/ladungssicherung-schulung\\\/\"]}]},{\"@type\":\"ImageObject\",\"inLanguage\":\"de\",\"@id\":\"https:\\\/\\\/www.alpha-gefahrgut-consulting.de\\\/index.php\\\/ladungssicherung-schulung\\\/#primaryimage\",\"url\":\"https:\\\/\\\/www.alpha-gefahrgut-consulting.de\\\/wp-content\\\/uploads\\\/2021\\\/02\\\/AGC_Taut_LaSi.jpg\",\"contentUrl\":\"https:\\\/\\\/www.alpha-gefahrgut-consulting.de\\\/wp-content\\\/uploads\\\/2021\\\/02\\\/AGC_Taut_LaSi.jpg\",\"width\":800,\"height\":451},{\"@type\":\"BreadcrumbList\",\"@id\":\"https:\\\/\\\/www.alpha-gefahrgut-consulting.de\\\/index.php\\\/ladungssicherung-schulung\\\/#breadcrumb\",\"itemListElement\":[{\"@type\":\"ListItem\",\"position\":1,\"name\":\"Startseite\",\"item\":\"https:\\\/\\\/www.alpha-gefahrgut-consulting.de\\\/\"},{\"@type\":\"ListItem\",\"position\":2,\"name\":\"Ladungssicherung-Schulung\"}]},{\"@type\":\"WebSite\",\"@id\":\"https:\\\/\\\/www.alpha-gefahrgut-consulting.de\\\/#website\",\"url\":\"https:\\\/\\\/www.alpha-gefahrgut-consulting.de\\\/\",\"name\":\"ALPHA GEFAHRGUT CONSULTING\",\"description\":\"First Class Dangerous Goods Consulting, Management, Training.\",\"publisher\":{\"@id\":\"https:\\\/\\\/www.alpha-gefahrgut-consulting.de\\\/#organization\"},\"potentialAction\":[{\"@type\":\"SearchAction\",\"target\":{\"@type\":\"EntryPoint\",\"urlTemplate\":\"https:\\\/\\\/www.alpha-gefahrgut-consulting.de\\\/?s={search_term_string}\"},\"query-input\":{\"@type\":\"PropertyValueSpecification\",\"valueRequired\":true,\"valueName\":\"search_term_string\"}}],\"inLanguage\":\"de\"},{\"@type\":\"Organization\",\"@id\":\"https:\\\/\\\/www.alpha-gefahrgut-consulting.de\\\/#organization\",\"name\":\"ALPHA GEFAHRGUT CONSULTING\",\"url\":\"https:\\\/\\\/www.alpha-gefahrgut-consulting.de\\\/\",\"logo\":{\"@type\":\"ImageObject\",\"inLanguage\":\"de\",\"@id\":\"https:\\\/\\\/www.alpha-gefahrgut-consulting.de\\\/#\\\/schema\\\/logo\\\/image\\\/\",\"url\":\"https:\\\/\\\/www.alpha-gefahrgut-consulting.de\\\/wp-content\\\/uploads\\\/2020\\\/04\\\/cropped-AGCLogoBlech-c.jpg\",\"contentUrl\":\"https:\\\/\\\/www.alpha-gefahrgut-consulting.de\\\/wp-content\\\/uploads\\\/2020\\\/04\\\/cropped-AGCLogoBlech-c.jpg\",\"width\":250,\"height\":250,\"caption\":\"ALPHA GEFAHRGUT CONSULTING\"},\"image\":{\"@id\":\"https:\\\/\\\/www.alpha-gefahrgut-consulting.de\\\/#\\\/schema\\\/logo\\\/image\\\/\"},\"sameAs\":[\"https:\\\/\\\/x.com\\\/Alpha_Gefahrgut\",\"https:\\\/\\\/www.youtube.com\\\/@AlphaDGConsulting\",\"https:\\\/\\\/buymeacoffee.com\\\/AlphaDGConsulting\",\"https:\\\/\\\/bsky.app\\\/profile\\\/alpha-gefahrgut.bsky.social\",\"https:\\\/\\\/www.reddit.com\\\/user\\\/United_Ad5357\\\/\",\"https:\\\/\\\/semasocial.com\\\/profile\\\/247322\",\"https:\\\/\\\/truthsocial.com\\\/@AlphaDangerousGoodsConsulting\",\"https:\\\/\\\/www.linkedin.com\\\/in\\\/michael-miska-mm\\\/\",\"https:\\\/\\\/www.xing.com\\\/profile\\\/Michael_Miska088516\\\/web_profiles\",\"https:\\\/\\\/rumble.com\\\/user\\\/AlphaDangerousGoodsConsulting\",\"https:\\\/\\\/de.pinterest.com\\\/AlphaGefahrgutConsulting\\\/\"]}]}<\/script>\n<!-- \/ Yoast SEO plugin. -->","yoast_head_json":{"title":"VDI-anerkannte Ladungssicherung f\u00fcr Ihren Betrieb!","description":"Schulen Sie die richtige Ladungssicherung mit dem VDI (Verein Deutscher Ingenieure) anerkannten Ausbilder. Nicht nur f\u00fcr Gefahrgut!","robots":{"index":"index","follow":"follow","max-snippet":"max-snippet:-1","max-image-preview":"max-image-preview:large","max-video-preview":"max-video-preview:-1"},"canonical":"https:\/\/www.alpha-gefahrgut-consulting.de\/index.php\/ladungssicherung-schulung\/","og_locale":"de_DE","og_type":"article","og_title":"VDI-anerkannte Ladungssicherung f\u00fcr Ihren Betrieb!","og_description":"Schulen Sie die richtige Ladungssicherung mit dem VDI (Verein Deutscher Ingenieure) anerkannten Ausbilder. Nicht nur f\u00fcr Gefahrgut!","og_url":"https:\/\/www.alpha-gefahrgut-consulting.de\/index.php\/ladungssicherung-schulung\/","og_site_name":"ALPHA GEFAHRGUT CONSULTING","article_modified_time":"2025-10-30T09:19:55+00:00","og_image":[{"width":800,"height":451,"url":"https:\/\/www.alpha-gefahrgut-consulting.de\/wp-content\/uploads\/2021\/02\/AGC_Taut_LaSi.jpg","type":"image\/jpeg"}],"twitter_card":"summary_large_image","twitter_site":"@Alpha_Gefahrgut","twitter_misc":{"Gesch\u00e4tzte Lesezeit":"5\u00a0Minuten"},"schema":{"@context":"https:\/\/schema.org","@graph":[{"@type":"WebPage","@id":"https:\/\/www.alpha-gefahrgut-consulting.de\/index.php\/ladungssicherung-schulung\/","url":"https:\/\/www.alpha-gefahrgut-consulting.de\/index.php\/ladungssicherung-schulung\/","name":"VDI-anerkannte Ladungssicherung f\u00fcr Ihren Betrieb!","isPartOf":{"@id":"https:\/\/www.alpha-gefahrgut-consulting.de\/#website"},"primaryImageOfPage":{"@id":"https:\/\/www.alpha-gefahrgut-consulting.de\/index.php\/ladungssicherung-schulung\/#primaryimage"},"image":{"@id":"https:\/\/www.alpha-gefahrgut-consulting.de\/index.php\/ladungssicherung-schulung\/#primaryimage"},"thumbnailUrl":"https:\/\/www.alpha-gefahrgut-consulting.de\/wp-content\/uploads\/2021\/02\/AGC_Taut_LaSi.jpg","datePublished":"2020-04-30T15:47:22+00:00","dateModified":"2025-10-30T09:19:55+00:00","description":"Schulen Sie die richtige Ladungssicherung mit dem VDI (Verein Deutscher Ingenieure) anerkannten Ausbilder. Nicht nur f\u00fcr Gefahrgut!","breadcrumb":{"@id":"https:\/\/www.alpha-gefahrgut-consulting.de\/index.php\/ladungssicherung-schulung\/#breadcrumb"},"inLanguage":"de","potentialAction":[{"@type":"ReadAction","target":["https:\/\/www.alpha-gefahrgut-consulting.de\/index.php\/ladungssicherung-schulung\/"]}]},{"@type":"ImageObject","inLanguage":"de","@id":"https:\/\/www.alpha-gefahrgut-consulting.de\/index.php\/ladungssicherung-schulung\/#primaryimage","url":"https:\/\/www.alpha-gefahrgut-consulting.de\/wp-content\/uploads\/2021\/02\/AGC_Taut_LaSi.jpg","contentUrl":"https:\/\/www.alpha-gefahrgut-consulting.de\/wp-content\/uploads\/2021\/02\/AGC_Taut_LaSi.jpg","width":800,"height":451},{"@type":"BreadcrumbList","@id":"https:\/\/www.alpha-gefahrgut-consulting.de\/index.php\/ladungssicherung-schulung\/#breadcrumb","itemListElement":[{"@type":"ListItem","position":1,"name":"Startseite","item":"https:\/\/www.alpha-gefahrgut-consulting.de\/"},{"@type":"ListItem","position":2,"name":"Ladungssicherung-Schulung"}]},{"@type":"WebSite","@id":"https:\/\/www.alpha-gefahrgut-consulting.de\/#website","url":"https:\/\/www.alpha-gefahrgut-consulting.de\/","name":"ALPHA GEFAHRGUT CONSULTING","description":"First Class Dangerous Goods Consulting, Management, Training.","publisher":{"@id":"https:\/\/www.alpha-gefahrgut-consulting.de\/#organization"},"potentialAction":[{"@type":"SearchAction","target":{"@type":"EntryPoint","urlTemplate":"https:\/\/www.alpha-gefahrgut-consulting.de\/?s={search_term_string}"},"query-input":{"@type":"PropertyValueSpecification","valueRequired":true,"valueName":"search_term_string"}}],"inLanguage":"de"},{"@type":"Organization","@id":"https:\/\/www.alpha-gefahrgut-consulting.de\/#organization","name":"ALPHA GEFAHRGUT CONSULTING","url":"https:\/\/www.alpha-gefahrgut-consulting.de\/","logo":{"@type":"ImageObject","inLanguage":"de","@id":"https:\/\/www.alpha-gefahrgut-consulting.de\/#\/schema\/logo\/image\/","url":"https:\/\/www.alpha-gefahrgut-consulting.de\/wp-content\/uploads\/2020\/04\/cropped-AGCLogoBlech-c.jpg","contentUrl":"https:\/\/www.alpha-gefahrgut-consulting.de\/wp-content\/uploads\/2020\/04\/cropped-AGCLogoBlech-c.jpg","width":250,"height":250,"caption":"ALPHA GEFAHRGUT CONSULTING"},"image":{"@id":"https:\/\/www.alpha-gefahrgut-consulting.de\/#\/schema\/logo\/image\/"},"sameAs":["https:\/\/x.com\/Alpha_Gefahrgut","https:\/\/www.youtube.com\/@AlphaDGConsulting","https:\/\/buymeacoffee.com\/AlphaDGConsulting","https:\/\/bsky.app\/profile\/alpha-gefahrgut.bsky.social","https:\/\/www.reddit.com\/user\/United_Ad5357\/","https:\/\/semasocial.com\/profile\/247322","https:\/\/truthsocial.com\/@AlphaDangerousGoodsConsulting","https:\/\/www.linkedin.com\/in\/michael-miska-mm\/","https:\/\/www.xing.com\/profile\/Michael_Miska088516\/web_profiles","https:\/\/rumble.com\/user\/AlphaDangerousGoodsConsulting","https:\/\/de.pinterest.com\/AlphaGefahrgutConsulting\/"]}]}},"_links":{"self":[{"href":"https:\/\/www.alpha-gefahrgut-consulting.de\/index.php\/wp-json\/wp\/v2\/pages\/285","targetHints":{"allow":["GET"]}}],"collection":[{"href":"https:\/\/www.alpha-gefahrgut-consulting.de\/index.php\/wp-json\/wp\/v2\/pages"}],"about":[{"href":"https:\/\/www.alpha-gefahrgut-consulting.de\/index.php\/wp-json\/wp\/v2\/types\/page"}],"author":[{"embeddable":true,"href":"https:\/\/www.alpha-gefahrgut-consulting.de\/index.php\/wp-json\/wp\/v2\/users\/1"}],"replies":[{"embeddable":true,"href":"https:\/\/www.alpha-gefahrgut-consulting.de\/index.php\/wp-json\/wp\/v2\/comments?post=285"}],"version-history":[{"count":40,"href":"https:\/\/www.alpha-gefahrgut-consulting.de\/index.php\/wp-json\/wp\/v2\/pages\/285\/revisions"}],"predecessor-version":[{"id":10895,"href":"https:\/\/www.alpha-gefahrgut-consulting.de\/index.php\/wp-json\/wp\/v2\/pages\/285\/revisions\/10895"}],"wp:featuredmedia":[{"embeddable":true,"href":"https:\/\/www.alpha-gefahrgut-consulting.de\/index.php\/wp-json\/wp\/v2\/media\/772"}],"wp:attachment":[{"href":"https:\/\/www.alpha-gefahrgut-consulting.de\/index.php\/wp-json\/wp\/v2\/media?parent=285"}],"curies":[{"name":"wp","href":"https:\/\/api.w.org\/{rel}","templated":true}]}}