{"id":2067,"date":"2023-02-24T11:29:04","date_gmt":"2023-02-24T10:29:04","guid":{"rendered":"https:\/\/www.alpha-gefahrgut-consulting.de\/?page_id=2067"},"modified":"2025-06-28T14:04:22","modified_gmt":"2025-06-28T12:04:22","slug":"gefahrgutbeauftragter-in-nrw","status":"publish","type":"page","link":"https:\/\/www.alpha-gefahrgut-consulting.de\/index.php\/gefahrgutbeauftragter-in-nrw\/","title":{"rendered":"Gefahrgutbeauftragter in NRW"},"content":{"rendered":"<p><span style=\"font-family: Arial, sans-serif;\"><b>ALPHA GEFAHRGUT CONSULTING:<br \/>\nDer Gefahrgutbeauftragte in ihrer N\u00e4he<\/b><\/span><\/p>\n<p><span style=\"font-family: Arial, sans-serif;\">Sie suchen einen <strong><a href=\"https:\/\/www.alpha-gefahrgut-consulting.de\/index.php\/gefahrgutbeauftragter\/\"><span style=\"color: #000080;\">Gefahrgutbeauftragten<\/span><\/a><\/strong> in NRW bzw. in Ihrer N\u00e4he.<br \/>\nAlpha Gefahrgut Consulting hat den Unternehmenssitz &#8222;<i>auf Cappenberg<\/i>&#8220; (wie man hier sagt), also auf dem Cappenberger H\u00f6henzug (bis 112 m) zwischen M\u00fcnster und Dortmund, nahe den Autobahnen A1 und A2 sowie dicht am Flughafen Dortmund (DTM) und nicht allzu weit von M\u00fcnster\/Osnabr\u00fcck (FMO). Auch die Flugh\u00e4fen D\u00fcsseldorf (DUS) und K\u00f6ln (CGN) sind in angemessener Fahrzeit erreichbar.<\/span><\/p>\n<p><img loading=\"lazy\" decoding=\"async\" class=\"alignnone size-full wp-image-2071\" src=\"https:\/\/www.alpha-gefahrgut-consulting.de\/wp-content\/uploads\/2023\/02\/AGC-Karte-2023.jpg\" alt=\"\" width=\"880\" height=\"713\" srcset=\"https:\/\/www.alpha-gefahrgut-consulting.de\/wp-content\/uploads\/2023\/02\/AGC-Karte-2023.jpg 880w, https:\/\/www.alpha-gefahrgut-consulting.de\/wp-content\/uploads\/2023\/02\/AGC-Karte-2023-300x243.jpg 300w, https:\/\/www.alpha-gefahrgut-consulting.de\/wp-content\/uploads\/2023\/02\/AGC-Karte-2023-768x622.jpg 768w\" sizes=\"auto, (max-width: 767px) 89vw, (max-width: 1000px) 54vw, (max-width: 1071px) 543px, 580px\" \/><\/p>\n<p>Sie k\u00f6nnen Alpha Gefahrgut Consulting gerne als externen <a href=\"https:\/\/www.alpha-gefahrgut-consulting.de\/index.php\/gefahrgutbeauftragter\/\"><strong><span style=\"color: #000080;\">Gefahrgutbeauftragten bestellen<\/span><\/strong><\/a>\u00a0 (ein Dienstleistungsvertrag ist erforderlich). Ebenso gerne arbeitet Alpha Gefahrgut Consulting auch als neutraler Dienstleister (Subunternehmer) f\u00fcr solche bereits per Vertrag bestellten Gefahrgutbeauftragten, die eine Gb-Leistung (z.B. \u00dcberwachung, Beratung o.\u00e4.) einmalig oder auch regelm\u00e4\u00dfig fremd vergeben m\u00f6chten. Wir verweisen insofern auf die in den RSEB genannte M\u00f6glichkeit, nach der ein Gefahrgutbeauftragter seine Aufgaben auch an einen anderen, allerdings nur an einen entsprechend ausgebildeten (also g\u00fcltig IHK-anerkannten Gefahrgutbeauftragten) Dritten, delegieren kann. Nutzen Sie unsere anerkannte Expertise zu Ihrem unternehmerischen Vorteil!<\/p>\n<p>Alpha Gefahrgut Consulting deckt routiniert und kompetent alle Verkehrstr\u00e4ger ab: Stra\u00dfe, Schiene, Binnenschiff, Seeschiff, Luftverkehr.<br \/>\nWelche umfangreichen Branchenerfahrungen wir in Beratung, Schulung, Management vorweisen k\u00f6nnen, sehen Sie <span style=\"color: #000080;\"><a href=\"https:\/\/www.alpha-gefahrgut-consulting.de\/index.php\/more-about-agc\/\"><span style=\"color: #000080;\">hier<\/span><\/a>.<\/span><\/p>\n<p><strong>Alpha Gefahrgut Consulting<\/strong>:<br \/>\n<strong>Als lokaler Gefahrgutbeauftragter schnell vor Ort.<\/strong><br \/>\nAlpha Gefahrgut Consulting ist Gefahrgutbeauftragter in NRW<br \/>\nIm Nah- und Bezirksbereich in den Gro\u00dfr\u00e4umen Rhein-Ruhr, Ruhrgebiet, Rheinland, M\u00fcnsterland, Lipperland, Sauerland, Bergisches Land etc. k\u00f6nnen wir insbesondere folgende Orte reaktionsschnell f\u00fcr unsere Kunden abdecken.\u00a0 Von A bis Z:<\/p>\n<p><strong><span style=\"font-family: Arial, sans-serif;\">A<br \/>\n<\/span><\/strong><span style=\"font-family: Arial, sans-serif;\">Ahlen<br \/>\n<\/span><span style=\"font-family: Arial, sans-serif;\">Ascheberg<br \/>\n<\/span><span style=\"font-family: Arial, sans-serif;\">Arnsberg<br \/>\nAnr\u00f6chte<\/span><\/p>\n<p><strong><span style=\"font-family: Arial, sans-serif;\">B<br \/>\n<\/span><\/strong><span style=\"font-family: Arial, sans-serif;\">Bergkamen<br \/>\nBeckum<br \/>\nBochum<br \/>\nBockum-H\u00f6vel<br \/>\nBork<br \/>\nB\u00f6nen<br \/>\nBillerbeck<br \/>\nBorghorst<br \/>\nBurgsteinfurt<br \/>\nBad Sassendorf<br \/>\nBottrop<br \/>\nBeelen<br \/>\nBorken<\/span><\/p>\n<p><strong><span style=\"font-family: Arial, sans-serif;\">C<br \/>\n<\/span><\/strong><span style=\"font-family: Arial, sans-serif;\">Castrop-Rauxel <em>(unser ehemaliger Unternehmenssitz bis 2010)<br \/>\n<\/em>Capelle<br \/>\nCoesfeld<\/span><\/p>\n<p><strong><span style=\"font-family: Arial, sans-serif;\">D<br \/>\n<\/span><\/strong><span style=\"font-family: Arial, sans-serif;\">Dortmund<br \/>\nDatteln<br \/>\n<\/span><span style=\"font-family: Arial, sans-serif;\">Drensteinfurt<br \/>\nD\u00fclmen<br \/>\nDorsten<br \/>\nDinslaken<br \/>\nDuisburg<br \/>\nD\u00fcsseldorf<br \/>\nDormagen<br \/>\n<\/span><\/p>\n<p><strong><span style=\"font-family: Arial, sans-serif;\">E<br \/>\n<\/span><\/strong><span style=\"font-family: Arial, sans-serif;\">Essen<br \/>\nEnnigerloh<br \/>\nEnse<br \/>\nEverswinkel<br \/>\nEnnepetal<br \/>\nErwitte<br \/>\nEmsdetten<br \/>\nErkrath<\/span><\/p>\n<p><strong><span style=\"font-family: Arial, sans-serif;\">F<br \/>\n<\/span><\/strong><span style=\"font-family: Arial, sans-serif;\">Fr\u00f6ndenberg (Ruhr)<br \/>\n<\/span><\/p>\n<p><strong><span style=\"font-family: Arial, sans-serif;\">G<br \/>\n<\/span><\/strong><span style=\"font-family: Arial, sans-serif;\">Gelsenkirchen<br \/>\nGescher<br \/>\n<\/span><span style=\"font-family: Arial, sans-serif;\">Gladbeck<br \/>\nGreven<br \/>\n<\/span>Grevenbroich<br \/>\nGevelsberg<\/p>\n<p><strong><span style=\"font-family: Arial, sans-serif;\">H<br \/>\n<\/span><\/strong><span style=\"font-family: Arial, sans-serif;\">Haltern am See<br \/>\nHamm<br \/>\nHolzwickede<br \/>\nHerne<br \/>\nHiltrup<br \/>\nHerdecke<br \/>\n<\/span><span style=\"font-family: Arial, sans-serif;\">Hagen<br \/>\nHattingen<br \/>\nHavixbeck<br \/>\nHorstmar<br \/>\nHemer<br \/>\nHohenlimburg<br \/>\nHeiligenhaus<br \/>\nHamminkeln<br \/>\nH\u00fcnxe<\/span><\/p>\n<p><strong><span style=\"font-family: Arial, sans-serif;\">I<br \/>\n<\/span><\/strong><span style=\"font-family: Arial, sans-serif;\">Iserlohn<\/span><\/p>\n<p><span style=\"font-family: Arial, sans-serif;\"><strong>J<\/strong><br \/>\nJ\u00fcchen<br \/>\n<\/span><\/p>\n<p><strong><span style=\"font-family: Arial, sans-serif;\">K<br \/>\n<\/span><\/strong><span style=\"font-family: Arial, sans-serif;\">Kamen<br \/>\n<\/span><span style=\"font-family: Arial, sans-serif;\">K\u00f6rbecke<br \/>\n<\/span><span style=\"font-family: Arial, sans-serif;\">Kirchhellen<br \/>\n<\/span><span style=\"font-family: Arial, sans-serif;\">Kamp-Lintfort<br \/>\n<\/span><span style=\"font-family: Arial, sans-serif;\">Krefeld<\/span><\/p>\n<p><strong><span style=\"font-family: Arial, sans-serif;\">L<br \/>\n<\/span><\/strong><span style=\"font-family: Arial, sans-serif;\">L\u00fcnen<br \/>\nL\u00fcdinghausen<br \/>\nLippetal<br \/>\nLembeck<br \/>\nLegden<br \/>\nLangendreer<br \/>\n<\/span><span style=\"font-family: Arial, sans-serif;\">Lippstadt<br \/>\nLadbergen<br \/>\n<\/span><\/p>\n<p><strong><span style=\"font-family: Arial, sans-serif;\">M<br \/>\n<\/span><\/strong><span style=\"font-family: Arial, sans-serif;\">Marl<br \/>\nM\u00fcnster<br \/>\n<\/span><span style=\"font-family: Arial, sans-serif;\">M\u00fclheim an der Ruhr<br \/>\n<\/span><span style=\"font-family: Arial, sans-serif;\">Menden (Sauerland)<br \/>\nMeschede<br \/>\nMettmann<br \/>\n<\/span><span style=\"font-family: Arial, sans-serif;\">Moers<br \/>\nM\u00f6nchengladbach<br \/>\n<\/span><\/p>\n<p><strong><span style=\"font-family: Arial, sans-serif;\">N<br \/>\n<\/span><\/strong><span style=\"font-family: Arial, sans-serif;\">Nordkirchen<br \/>\nNeubeckum<br \/>\nNordwalde<br \/>\nNeheim<br \/>\nNottuln<br \/>\nNeuss<br \/>\nNeukirchen-Vluyn<br \/>\n<\/span><\/p>\n<p><strong><span style=\"font-family: Arial, sans-serif;\">O<br \/>\n<\/span><\/strong><span style=\"font-family: Arial, sans-serif;\">Olfen<br \/>\nOer-Erkenschwick<br \/>\nOelde<br \/>\nOstbevern<br \/>\nOberhausen<\/span><\/p>\n<p><strong><span style=\"font-family: Arial, sans-serif;\">P<br \/>\n<\/span><\/strong><span style=\"font-family: Arial, sans-serif;\">Pelkum (Hamm)<br \/>\n<\/span><\/p>\n<p><strong><span style=\"font-family: Arial, sans-serif;\">Q<br \/>\n<\/span><\/strong><span style=\"font-family: Arial, sans-serif;\">Querenburg (Bochum)<\/span><strong><span style=\"font-family: Arial, sans-serif;\"><br \/>\n<\/span><\/strong><em><span style=\"font-family: Arial, sans-serif;\">Querfeldein:<\/span> <span style=\"font-family: Arial, sans-serif;\">Wenn Sie wollen, kommen wir \u00fcberall hin.<\/span><strong><span style=\"font-family: Arial, sans-serif;\"><br \/>\n<\/span><\/strong><\/em><\/p>\n<p><strong><span style=\"font-family: Arial, sans-serif;\">R<br \/>\n<\/span><\/strong><span style=\"font-family: Arial, sans-serif;\">Recklinghausen<br \/>\nRaesfeld<br \/>\nR\u00fcthen<br \/>\nRheinhausen<br \/>\nReken<br \/>\nRheinberg<br \/>\nRatingen<br \/>\nRosendahl<br \/>\n<\/span><\/p>\n<p><strong><span style=\"font-family: Arial, sans-serif;\">S<br \/>\n<\/span><\/strong><span style=\"font-family: Arial, sans-serif;\">Selm (Unternehmenssitz)<br \/>\nS\u00fcdkirchen<br \/>\nSenden<br \/>\nSendenhorst<br \/>\nSeppenrade<br \/>\nSchwerte<br \/>\nSchwelm<br \/>\nSteinfurt<br \/>\nSoest<br \/>\nStadtlohn<br \/>\nSaerbeck<br \/>\nSchermbeck<br \/>\nSprockh\u00f6vel<br \/>\nSundern<br \/>\n<\/span><\/p>\n<p><span style=\"font-family: Arial, sans-serif;\"><br \/>\n<\/span><strong><span style=\"font-family: Arial, sans-serif;\">T<br \/>\n<\/span><\/strong><span style=\"font-family: Arial, sans-serif;\">Telgte<\/span><\/p>\n<p><strong><span style=\"font-family: Arial, sans-serif;\">U<br \/>\n<\/span><\/strong><span style=\"font-family: Arial, sans-serif;\">Unna<\/span><\/p>\n<p><strong><span style=\"font-family: Arial, sans-serif;\">V<br \/>\n<\/span><\/strong><span style=\"font-family: Arial, sans-serif;\">Vinnum<br \/>\nVelen<br \/>\nVreden<br \/>\nVoerde<br \/>\nVelbert<br \/>\nVirtuell (Videokonferenz, Virtual Office&amp;Classroom: Wir sind auch online unterwegs)<\/span><\/p>\n<p><strong><span style=\"font-family: Arial, sans-serif;\">W<br \/>\n<\/span><\/strong><span style=\"font-family: Arial, sans-serif;\">Waltrop<br \/>\nWerne<br \/>\nWitten<br \/>\nWanne-Eickel<br \/>\nWelver<br \/>\nWerl<br \/>\n<\/span><span style=\"font-family: Arial, sans-serif;\">Wickede (Ruhr)<br \/>\nWadersloh<br \/>\n<\/span><span style=\"font-family: Arial, sans-serif;\">Wulfen<br \/>\nWattenscheid<br \/>\nWarendorf<br \/>\nWelver<br \/>\nWetter (Ruhr)<br \/>\nWettringen<br \/>\nWesel<br \/>\nWarstein<br \/>\nWillich<br \/>\nWuppertal<\/span><\/p>\n<p><strong><span style=\"font-family: Arial, sans-serif;\">Z<br \/>\n<\/span><\/strong><span style=\"font-family: Arial, sans-serif;\">Zons<br \/>\nZoppenbroich<br \/>\nZ\u00fclpich<\/span><\/p>\n<p>Gerne sind wir auch Ihr Gefahrgutbeauftragter in NRW.<br \/>\nUnd wenn Sie wollen, kommen wir \u00fcberall hin!<\/p>\n","protected":false},"excerpt":{"rendered":"<p>ALPHA GEFAHRGUT CONSULTING: Der Gefahrgutbeauftragte in ihrer N\u00e4he Sie suchen einen Gefahrgutbeauftragten in NRW bzw. in Ihrer N\u00e4he. Alpha Gefahrgut Consulting hat den Unternehmenssitz &#8222;auf Cappenberg&#8220; (wie man hier sagt), also auf dem Cappenberger H\u00f6henzug (bis 112 m) zwischen M\u00fcnster und Dortmund, nahe den Autobahnen A1 und A2 sowie dicht am Flughafen Dortmund (DTM) und &hellip; <\/p>\n<p class=\"link-more\"><a href=\"https:\/\/www.alpha-gefahrgut-consulting.de\/index.php\/gefahrgutbeauftragter-in-nrw\/\" class=\"more-link\"><span class=\"screen-reader-text\">\u201eGefahrgutbeauftragter in NRW\u201c<\/span> weiterlesen<\/a><\/p>\n","protected":false},"author":1,"featured_media":0,"parent":0,"menu_order":0,"comment_status":"closed","ping_status":"closed","template":"","meta":{"episode_type":"","audio_file":"","podmotor_file_id":"","podmotor_episode_id":"","cover_image":"","cover_image_id":"","duration":"","filesize":"","filesize_raw":"","date_recorded":"","explicit":"","block":"","footnotes":""},"class_list":["post-2067","page","type-page","status-publish","hentry"],"yoast_head":"<!-- This site is optimized with the Yoast SEO plugin v27.4 - https:\/\/yoast.com\/product\/yoast-seo-wordpress\/ -->\n<title>Gefahrgutbeauftragter in NRW<\/title>\n<meta name=\"description\" content=\"Gefahrgutbeauftragter in NRW gesucht? - Alpha Gefahrgut Consulting hat seinen Sitz &quot;auf Cappenberg&quot;, zwischen Ruhrgebiet und M\u00fcnsterland.\" \/>\n<meta name=\"robots\" content=\"index, follow, max-snippet:-1, max-image-preview:large, max-video-preview:-1\" \/>\n<link rel=\"canonical\" href=\"https:\/\/www.alpha-gefahrgut-consulting.de\/index.php\/gefahrgutbeauftragter-in-nrw\/\" \/>\n<meta property=\"og:locale\" content=\"de_DE\" \/>\n<meta property=\"og:type\" content=\"article\" \/>\n<meta property=\"og:title\" content=\"Gefahrgutbeauftragter in NRW\" \/>\n<meta property=\"og:description\" content=\"Gefahrgutbeauftragter in NRW gesucht? - Alpha Gefahrgut Consulting hat seinen Sitz &quot;auf Cappenberg&quot;, zwischen Ruhrgebiet und M\u00fcnsterland.\" \/>\n<meta property=\"og:url\" content=\"https:\/\/www.alpha-gefahrgut-consulting.de\/index.php\/gefahrgutbeauftragter-in-nrw\/\" \/>\n<meta property=\"og:site_name\" content=\"ALPHA GEFAHRGUT CONSULTING\" \/>\n<meta property=\"article:modified_time\" content=\"2025-06-28T12:04:22+00:00\" \/>\n<meta property=\"og:image\" content=\"https:\/\/www.alpha-gefahrgut-consulting.de\/wp-content\/uploads\/2023\/02\/AGC-Karte-2023.jpg\" \/>\n\t<meta property=\"og:image:width\" content=\"880\" \/>\n\t<meta property=\"og:image:height\" content=\"713\" \/>\n\t<meta property=\"og:image:type\" content=\"image\/jpeg\" \/>\n<meta name=\"twitter:card\" content=\"summary_large_image\" \/>\n<meta name=\"twitter:site\" content=\"@Alpha_Gefahrgut\" \/>\n<meta name=\"twitter:label1\" content=\"Gesch\u00e4tzte Lesezeit\" \/>\n\t<meta name=\"twitter:data1\" content=\"3\u00a0Minuten\" \/>\n<script type=\"application\/ld+json\" class=\"yoast-schema-graph\">{\"@context\":\"https:\\\/\\\/schema.org\",\"@graph\":[{\"@type\":\"WebPage\",\"@id\":\"https:\\\/\\\/www.alpha-gefahrgut-consulting.de\\\/index.php\\\/gefahrgutbeauftragter-in-nrw\\\/\",\"url\":\"https:\\\/\\\/www.alpha-gefahrgut-consulting.de\\\/index.php\\\/gefahrgutbeauftragter-in-nrw\\\/\",\"name\":\"Gefahrgutbeauftragter in NRW\",\"isPartOf\":{\"@id\":\"https:\\\/\\\/www.alpha-gefahrgut-consulting.de\\\/#website\"},\"primaryImageOfPage\":{\"@id\":\"https:\\\/\\\/www.alpha-gefahrgut-consulting.de\\\/index.php\\\/gefahrgutbeauftragter-in-nrw\\\/#primaryimage\"},\"image\":{\"@id\":\"https:\\\/\\\/www.alpha-gefahrgut-consulting.de\\\/index.php\\\/gefahrgutbeauftragter-in-nrw\\\/#primaryimage\"},\"thumbnailUrl\":\"https:\\\/\\\/www.alpha-gefahrgut-consulting.de\\\/wp-content\\\/uploads\\\/2023\\\/02\\\/AGC-Karte-2023.jpg\",\"datePublished\":\"2023-02-24T10:29:04+00:00\",\"dateModified\":\"2025-06-28T12:04:22+00:00\",\"description\":\"Gefahrgutbeauftragter in NRW gesucht? - Alpha Gefahrgut Consulting hat seinen Sitz \\\"auf Cappenberg\\\", zwischen Ruhrgebiet und M\u00fcnsterland.\",\"breadcrumb\":{\"@id\":\"https:\\\/\\\/www.alpha-gefahrgut-consulting.de\\\/index.php\\\/gefahrgutbeauftragter-in-nrw\\\/#breadcrumb\"},\"inLanguage\":\"de\",\"potentialAction\":[{\"@type\":\"ReadAction\",\"target\":[\"https:\\\/\\\/www.alpha-gefahrgut-consulting.de\\\/index.php\\\/gefahrgutbeauftragter-in-nrw\\\/\"]}]},{\"@type\":\"ImageObject\",\"inLanguage\":\"de\",\"@id\":\"https:\\\/\\\/www.alpha-gefahrgut-consulting.de\\\/index.php\\\/gefahrgutbeauftragter-in-nrw\\\/#primaryimage\",\"url\":\"https:\\\/\\\/www.alpha-gefahrgut-consulting.de\\\/wp-content\\\/uploads\\\/2023\\\/02\\\/AGC-Karte-2023.jpg\",\"contentUrl\":\"https:\\\/\\\/www.alpha-gefahrgut-consulting.de\\\/wp-content\\\/uploads\\\/2023\\\/02\\\/AGC-Karte-2023.jpg\",\"width\":880,\"height\":713},{\"@type\":\"BreadcrumbList\",\"@id\":\"https:\\\/\\\/www.alpha-gefahrgut-consulting.de\\\/index.php\\\/gefahrgutbeauftragter-in-nrw\\\/#breadcrumb\",\"itemListElement\":[{\"@type\":\"ListItem\",\"position\":1,\"name\":\"Startseite\",\"item\":\"https:\\\/\\\/www.alpha-gefahrgut-consulting.de\\\/\"},{\"@type\":\"ListItem\",\"position\":2,\"name\":\"Gefahrgutbeauftragter in NRW\"}]},{\"@type\":\"WebSite\",\"@id\":\"https:\\\/\\\/www.alpha-gefahrgut-consulting.de\\\/#website\",\"url\":\"https:\\\/\\\/www.alpha-gefahrgut-consulting.de\\\/\",\"name\":\"ALPHA GEFAHRGUT CONSULTING\",\"description\":\"First Class Dangerous Goods Consulting, Management, Training.\",\"publisher\":{\"@id\":\"https:\\\/\\\/www.alpha-gefahrgut-consulting.de\\\/#organization\"},\"potentialAction\":[{\"@type\":\"SearchAction\",\"target\":{\"@type\":\"EntryPoint\",\"urlTemplate\":\"https:\\\/\\\/www.alpha-gefahrgut-consulting.de\\\/?s={search_term_string}\"},\"query-input\":{\"@type\":\"PropertyValueSpecification\",\"valueRequired\":true,\"valueName\":\"search_term_string\"}}],\"inLanguage\":\"de\"},{\"@type\":\"Organization\",\"@id\":\"https:\\\/\\\/www.alpha-gefahrgut-consulting.de\\\/#organization\",\"name\":\"ALPHA GEFAHRGUT CONSULTING\",\"url\":\"https:\\\/\\\/www.alpha-gefahrgut-consulting.de\\\/\",\"logo\":{\"@type\":\"ImageObject\",\"inLanguage\":\"de\",\"@id\":\"https:\\\/\\\/www.alpha-gefahrgut-consulting.de\\\/#\\\/schema\\\/logo\\\/image\\\/\",\"url\":\"https:\\\/\\\/www.alpha-gefahrgut-consulting.de\\\/wp-content\\\/uploads\\\/2020\\\/04\\\/cropped-AGCLogoBlech-c.jpg\",\"contentUrl\":\"https:\\\/\\\/www.alpha-gefahrgut-consulting.de\\\/wp-content\\\/uploads\\\/2020\\\/04\\\/cropped-AGCLogoBlech-c.jpg\",\"width\":250,\"height\":250,\"caption\":\"ALPHA GEFAHRGUT CONSULTING\"},\"image\":{\"@id\":\"https:\\\/\\\/www.alpha-gefahrgut-consulting.de\\\/#\\\/schema\\\/logo\\\/image\\\/\"},\"sameAs\":[\"https:\\\/\\\/x.com\\\/Alpha_Gefahrgut\",\"https:\\\/\\\/www.youtube.com\\\/@AlphaDGConsulting\",\"https:\\\/\\\/buymeacoffee.com\\\/AlphaDGConsulting\",\"https:\\\/\\\/bsky.app\\\/profile\\\/alpha-gefahrgut.bsky.social\",\"https:\\\/\\\/www.reddit.com\\\/user\\\/United_Ad5357\\\/\",\"https:\\\/\\\/semasocial.com\\\/profile\\\/247322\",\"https:\\\/\\\/truthsocial.com\\\/@AlphaDangerousGoodsConsulting\",\"https:\\\/\\\/www.linkedin.com\\\/in\\\/michael-miska-mm\\\/\",\"https:\\\/\\\/www.xing.com\\\/profile\\\/Michael_Miska088516\\\/web_profiles\",\"https:\\\/\\\/rumble.com\\\/user\\\/AlphaDangerousGoodsConsulting\",\"https:\\\/\\\/de.pinterest.com\\\/AlphaGefahrgutConsulting\\\/\"]}]}<\/script>\n<!-- \/ Yoast SEO plugin. -->","yoast_head_json":{"title":"Gefahrgutbeauftragter in NRW","description":"Gefahrgutbeauftragter in NRW gesucht? - Alpha Gefahrgut Consulting hat seinen Sitz \"auf Cappenberg\", zwischen Ruhrgebiet und M\u00fcnsterland.","robots":{"index":"index","follow":"follow","max-snippet":"max-snippet:-1","max-image-preview":"max-image-preview:large","max-video-preview":"max-video-preview:-1"},"canonical":"https:\/\/www.alpha-gefahrgut-consulting.de\/index.php\/gefahrgutbeauftragter-in-nrw\/","og_locale":"de_DE","og_type":"article","og_title":"Gefahrgutbeauftragter in NRW","og_description":"Gefahrgutbeauftragter in NRW gesucht? - Alpha Gefahrgut Consulting hat seinen Sitz \"auf Cappenberg\", zwischen Ruhrgebiet und M\u00fcnsterland.","og_url":"https:\/\/www.alpha-gefahrgut-consulting.de\/index.php\/gefahrgutbeauftragter-in-nrw\/","og_site_name":"ALPHA GEFAHRGUT CONSULTING","article_modified_time":"2025-06-28T12:04:22+00:00","og_image":[{"width":880,"height":713,"url":"https:\/\/www.alpha-gefahrgut-consulting.de\/wp-content\/uploads\/2023\/02\/AGC-Karte-2023.jpg","type":"image\/jpeg"}],"twitter_card":"summary_large_image","twitter_site":"@Alpha_Gefahrgut","twitter_misc":{"Gesch\u00e4tzte Lesezeit":"3\u00a0Minuten"},"schema":{"@context":"https:\/\/schema.org","@graph":[{"@type":"WebPage","@id":"https:\/\/www.alpha-gefahrgut-consulting.de\/index.php\/gefahrgutbeauftragter-in-nrw\/","url":"https:\/\/www.alpha-gefahrgut-consulting.de\/index.php\/gefahrgutbeauftragter-in-nrw\/","name":"Gefahrgutbeauftragter in NRW","isPartOf":{"@id":"https:\/\/www.alpha-gefahrgut-consulting.de\/#website"},"primaryImageOfPage":{"@id":"https:\/\/www.alpha-gefahrgut-consulting.de\/index.php\/gefahrgutbeauftragter-in-nrw\/#primaryimage"},"image":{"@id":"https:\/\/www.alpha-gefahrgut-consulting.de\/index.php\/gefahrgutbeauftragter-in-nrw\/#primaryimage"},"thumbnailUrl":"https:\/\/www.alpha-gefahrgut-consulting.de\/wp-content\/uploads\/2023\/02\/AGC-Karte-2023.jpg","datePublished":"2023-02-24T10:29:04+00:00","dateModified":"2025-06-28T12:04:22+00:00","description":"Gefahrgutbeauftragter in NRW gesucht? - Alpha Gefahrgut Consulting hat seinen Sitz \"auf Cappenberg\", zwischen Ruhrgebiet und M\u00fcnsterland.","breadcrumb":{"@id":"https:\/\/www.alpha-gefahrgut-consulting.de\/index.php\/gefahrgutbeauftragter-in-nrw\/#breadcrumb"},"inLanguage":"de","potentialAction":[{"@type":"ReadAction","target":["https:\/\/www.alpha-gefahrgut-consulting.de\/index.php\/gefahrgutbeauftragter-in-nrw\/"]}]},{"@type":"ImageObject","inLanguage":"de","@id":"https:\/\/www.alpha-gefahrgut-consulting.de\/index.php\/gefahrgutbeauftragter-in-nrw\/#primaryimage","url":"https:\/\/www.alpha-gefahrgut-consulting.de\/wp-content\/uploads\/2023\/02\/AGC-Karte-2023.jpg","contentUrl":"https:\/\/www.alpha-gefahrgut-consulting.de\/wp-content\/uploads\/2023\/02\/AGC-Karte-2023.jpg","width":880,"height":713},{"@type":"BreadcrumbList","@id":"https:\/\/www.alpha-gefahrgut-consulting.de\/index.php\/gefahrgutbeauftragter-in-nrw\/#breadcrumb","itemListElement":[{"@type":"ListItem","position":1,"name":"Startseite","item":"https:\/\/www.alpha-gefahrgut-consulting.de\/"},{"@type":"ListItem","position":2,"name":"Gefahrgutbeauftragter in NRW"}]},{"@type":"WebSite","@id":"https:\/\/www.alpha-gefahrgut-consulting.de\/#website","url":"https:\/\/www.alpha-gefahrgut-consulting.de\/","name":"ALPHA GEFAHRGUT CONSULTING","description":"First Class Dangerous Goods Consulting, Management, Training.","publisher":{"@id":"https:\/\/www.alpha-gefahrgut-consulting.de\/#organization"},"potentialAction":[{"@type":"SearchAction","target":{"@type":"EntryPoint","urlTemplate":"https:\/\/www.alpha-gefahrgut-consulting.de\/?s={search_term_string}"},"query-input":{"@type":"PropertyValueSpecification","valueRequired":true,"valueName":"search_term_string"}}],"inLanguage":"de"},{"@type":"Organization","@id":"https:\/\/www.alpha-gefahrgut-consulting.de\/#organization","name":"ALPHA GEFAHRGUT CONSULTING","url":"https:\/\/www.alpha-gefahrgut-consulting.de\/","logo":{"@type":"ImageObject","inLanguage":"de","@id":"https:\/\/www.alpha-gefahrgut-consulting.de\/#\/schema\/logo\/image\/","url":"https:\/\/www.alpha-gefahrgut-consulting.de\/wp-content\/uploads\/2020\/04\/cropped-AGCLogoBlech-c.jpg","contentUrl":"https:\/\/www.alpha-gefahrgut-consulting.de\/wp-content\/uploads\/2020\/04\/cropped-AGCLogoBlech-c.jpg","width":250,"height":250,"caption":"ALPHA GEFAHRGUT CONSULTING"},"image":{"@id":"https:\/\/www.alpha-gefahrgut-consulting.de\/#\/schema\/logo\/image\/"},"sameAs":["https:\/\/x.com\/Alpha_Gefahrgut","https:\/\/www.youtube.com\/@AlphaDGConsulting","https:\/\/buymeacoffee.com\/AlphaDGConsulting","https:\/\/bsky.app\/profile\/alpha-gefahrgut.bsky.social","https:\/\/www.reddit.com\/user\/United_Ad5357\/","https:\/\/semasocial.com\/profile\/247322","https:\/\/truthsocial.com\/@AlphaDangerousGoodsConsulting","https:\/\/www.linkedin.com\/in\/michael-miska-mm\/","https:\/\/www.xing.com\/profile\/Michael_Miska088516\/web_profiles","https:\/\/rumble.com\/user\/AlphaDangerousGoodsConsulting","https:\/\/de.pinterest.com\/AlphaGefahrgutConsulting\/"]}]}},"_links":{"self":[{"href":"https:\/\/www.alpha-gefahrgut-consulting.de\/index.php\/wp-json\/wp\/v2\/pages\/2067","targetHints":{"allow":["GET"]}}],"collection":[{"href":"https:\/\/www.alpha-gefahrgut-consulting.de\/index.php\/wp-json\/wp\/v2\/pages"}],"about":[{"href":"https:\/\/www.alpha-gefahrgut-consulting.de\/index.php\/wp-json\/wp\/v2\/types\/page"}],"author":[{"embeddable":true,"href":"https:\/\/www.alpha-gefahrgut-consulting.de\/index.php\/wp-json\/wp\/v2\/users\/1"}],"replies":[{"embeddable":true,"href":"https:\/\/www.alpha-gefahrgut-consulting.de\/index.php\/wp-json\/wp\/v2\/comments?post=2067"}],"version-history":[{"count":36,"href":"https:\/\/www.alpha-gefahrgut-consulting.de\/index.php\/wp-json\/wp\/v2\/pages\/2067\/revisions"}],"predecessor-version":[{"id":9360,"href":"https:\/\/www.alpha-gefahrgut-consulting.de\/index.php\/wp-json\/wp\/v2\/pages\/2067\/revisions\/9360"}],"wp:attachment":[{"href":"https:\/\/www.alpha-gefahrgut-consulting.de\/index.php\/wp-json\/wp\/v2\/media?parent=2067"}],"curies":[{"name":"wp","href":"https:\/\/api.w.org\/{rel}","templated":true}]}}