{"id":1683,"date":"2023-02-05T16:27:57","date_gmt":"2023-02-05T15:27:57","guid":{"rendered":"https:\/\/www.alpha-gefahrgut-consulting.de\/?page_id=1683"},"modified":"2025-05-30T10:26:48","modified_gmt":"2025-05-30T08:26:48","slug":"cbta-schulungsprogramm","status":"publish","type":"page","link":"https:\/\/www.alpha-gefahrgut-consulting.de\/index.php\/cbta-schulungsprogramm\/","title":{"rendered":"CBTA-Schulungsprogramm Luftverkehr"},"content":{"rendered":"<p><strong>CBTA = Competency Based Training &amp; Assessment<\/strong><br \/>\n<span style=\"font-family: Arial, sans-serif;\"><br \/>\nDie an der Bef\u00f6rderung gef\u00e4hrlicher G\u00fcter im Luftverkehr beteiligten Unternehmen (Verpacker, Versender, Logistikdienstleister, Spediteure, Airlines,&#8230;) m\u00fcssen gem\u00e4\u00df CBTA ein betriebliches <strong>Gefahrgut- Schulungsprogramm<\/strong> vorweisen k\u00f6nnen!<\/span><\/p>\n<p><em>(Achtung: Hier geht es *nicht* um eine einzelne Schulungsma\u00dfnahme, die ein Mitarbeiter eines Unternehmens im Einzelfall durchl\u00e4uft (z.B. eine LBA-anerkannte CBTA-Schulung &#8222;A&#8220; f\u00fcr Versender (den &#8222;Kurs&#8220;)), sondern es geht um das Schulungsprogramm eines an der Gefahrgutbef\u00f6rderung beteiligten Unternehmens (hier Versenderbetrieb) in G\u00e4nze!<\/em><\/p>\n<p>Sie k\u00f6nnen das nicht?<br \/>\nSie haben kein betriebliches CBTA-Schulungsprogramm in Kraft?<br \/>\nDann haben Sie ein betriebliches Thema, ihre Beteiligung an der Bef\u00f6rderung gef\u00e4hrlicher G\u00fcter ist nicht vorschriftenkonform.<\/p>\n<p>Wir helfen Ihnen auch da aus der Klemme:<br \/>\nEin betriebliches <strong>Schulungsprogramm<\/strong> <strong>(CBTA)<\/strong> k\u00f6nnen wir f\u00fcr Sie erarbeiten.<\/p>\n<p>Aus unserem Portfolio k\u00f6nnen Unternehmen (Verpacker, Versender, Logistikdienstleister, Spediteure etc) ein f\u00fcr sie passendes CBTA-Schulungsprogramm ausw\u00e4hlen. Es gibt die Programme in den Konfektions- und Komplexit\u00e4tsgr\u00f6\u00dfen &#8222;<strong>S<\/strong>&#8222;, &#8222;<strong>M<\/strong>&#8222;, &#8222;<strong>L<\/strong>&#8220; und auch &#8222;<strong>XL<\/strong>&#8222;, von denen eine f\u00fcr Ihren Betrieb passend sein sollte&#8230;\u00a0 Sie k\u00f6nnen die \u00fcberlassene Vorlage dann selbstverst\u00e4ndlich nach Bedarf noch weiter anpassen bzw fortschreiben.<br \/>\nEntscheiden Sie sich f\u00fcr die Expertise von Alpha Gefahrgut Consulting!<\/p>\n<hr \/>\n<p><em>Sch\u00f6n zu wissen, aber Sie haben etwas anderes gesucht?<\/em><br \/>\n<em>Zu den CBTA-Gefahrgutschulungen (den Kursen) geht es <a href=\"https:\/\/www.alpha-gefahrgut-consulting.de\/index.php\/cbta-gefahrgutschulung-luft\/\"><strong>hier<\/strong><\/a>.<\/em><\/p>\n","protected":false},"excerpt":{"rendered":"<p>CBTA = Competency Based Training &amp; Assessment Die an der Bef\u00f6rderung gef\u00e4hrlicher G\u00fcter im Luftverkehr beteiligten Unternehmen (Verpacker, Versender, Logistikdienstleister, Spediteure, Airlines,&#8230;) m\u00fcssen gem\u00e4\u00df CBTA ein betriebliches Gefahrgut- Schulungsprogramm vorweisen k\u00f6nnen! (Achtung: Hier geht es *nicht* um eine einzelne Schulungsma\u00dfnahme, die ein Mitarbeiter eines Unternehmens im Einzelfall durchl\u00e4uft (z.B. eine LBA-anerkannte CBTA-Schulung &#8222;A&#8220; f\u00fcr Versender &hellip; <\/p>\n<p class=\"link-more\"><a href=\"https:\/\/www.alpha-gefahrgut-consulting.de\/index.php\/cbta-schulungsprogramm\/\" class=\"more-link\"><span class=\"screen-reader-text\">\u201eCBTA-Schulungsprogramm Luftverkehr\u201c<\/span> weiterlesen<\/a><\/p>\n","protected":false},"author":1,"featured_media":0,"parent":0,"menu_order":0,"comment_status":"closed","ping_status":"closed","template":"","meta":{"episode_type":"","audio_file":"","podmotor_file_id":"","podmotor_episode_id":"","cover_image":"","cover_image_id":"","duration":"","filesize":"","filesize_raw":"","date_recorded":"","explicit":"","block":"","footnotes":""},"class_list":["post-1683","page","type-page","status-publish","hentry"],"yoast_head":"<!-- This site is optimized with the Yoast SEO plugin v27.4 - https:\/\/yoast.com\/product\/yoast-seo-wordpress\/ -->\n<title>Das betriebliche CBTA-Schulungsprogramm nach CBTA<\/title>\n<meta name=\"description\" content=\"Wenn ein Unternehmen an der Gefahrgut-Bef\u00f6rderung im Luftverkehr beteiligt ist, braucht es ein CBTA-Schulungsprogramm.\" \/>\n<meta name=\"robots\" content=\"index, follow, max-snippet:-1, max-image-preview:large, max-video-preview:-1\" \/>\n<link rel=\"canonical\" href=\"https:\/\/www.alpha-gefahrgut-consulting.de\/index.php\/cbta-schulungsprogramm\/\" \/>\n<meta property=\"og:locale\" content=\"de_DE\" \/>\n<meta property=\"og:type\" content=\"article\" \/>\n<meta property=\"og:title\" content=\"Das betriebliche CBTA-Schulungsprogramm nach CBTA\" \/>\n<meta property=\"og:description\" content=\"Wenn ein Unternehmen an der Gefahrgut-Bef\u00f6rderung im Luftverkehr beteiligt ist, braucht es ein CBTA-Schulungsprogramm.\" \/>\n<meta property=\"og:url\" content=\"https:\/\/www.alpha-gefahrgut-consulting.de\/index.php\/cbta-schulungsprogramm\/\" \/>\n<meta property=\"og:site_name\" content=\"ALPHA GEFAHRGUT CONSULTING\" \/>\n<meta property=\"article:modified_time\" content=\"2025-05-30T08:26:48+00:00\" \/>\n<meta property=\"og:image\" content=\"https:\/\/www.alpha-gefahrgut-consulting.de\/wp-content\/uploads\/2025\/05\/AGC-website-img-seo.jpg\" \/>\n\t<meta property=\"og:image:width\" content=\"1200\" \/>\n\t<meta property=\"og:image:height\" content=\"675\" \/>\n\t<meta property=\"og:image:type\" content=\"image\/jpeg\" \/>\n<meta name=\"twitter:card\" content=\"summary_large_image\" \/>\n<meta name=\"twitter:site\" content=\"@Alpha_Gefahrgut\" \/>\n<meta name=\"twitter:label1\" content=\"Gesch\u00e4tzte Lesezeit\" \/>\n\t<meta name=\"twitter:data1\" content=\"2\u00a0Minuten\" \/>\n<script type=\"application\/ld+json\" class=\"yoast-schema-graph\">{\"@context\":\"https:\\\/\\\/schema.org\",\"@graph\":[{\"@type\":\"WebPage\",\"@id\":\"https:\\\/\\\/www.alpha-gefahrgut-consulting.de\\\/index.php\\\/cbta-schulungsprogramm\\\/\",\"url\":\"https:\\\/\\\/www.alpha-gefahrgut-consulting.de\\\/index.php\\\/cbta-schulungsprogramm\\\/\",\"name\":\"Das betriebliche CBTA-Schulungsprogramm nach CBTA\",\"isPartOf\":{\"@id\":\"https:\\\/\\\/www.alpha-gefahrgut-consulting.de\\\/#website\"},\"datePublished\":\"2023-02-05T15:27:57+00:00\",\"dateModified\":\"2025-05-30T08:26:48+00:00\",\"description\":\"Wenn ein Unternehmen an der Gefahrgut-Bef\u00f6rderung im Luftverkehr beteiligt ist, braucht es ein CBTA-Schulungsprogramm.\",\"breadcrumb\":{\"@id\":\"https:\\\/\\\/www.alpha-gefahrgut-consulting.de\\\/index.php\\\/cbta-schulungsprogramm\\\/#breadcrumb\"},\"inLanguage\":\"de\",\"potentialAction\":[{\"@type\":\"ReadAction\",\"target\":[\"https:\\\/\\\/www.alpha-gefahrgut-consulting.de\\\/index.php\\\/cbta-schulungsprogramm\\\/\"]}]},{\"@type\":\"BreadcrumbList\",\"@id\":\"https:\\\/\\\/www.alpha-gefahrgut-consulting.de\\\/index.php\\\/cbta-schulungsprogramm\\\/#breadcrumb\",\"itemListElement\":[{\"@type\":\"ListItem\",\"position\":1,\"name\":\"Startseite\",\"item\":\"https:\\\/\\\/www.alpha-gefahrgut-consulting.de\\\/\"},{\"@type\":\"ListItem\",\"position\":2,\"name\":\"CBTA-Schulungsprogramm Luftverkehr\"}]},{\"@type\":\"WebSite\",\"@id\":\"https:\\\/\\\/www.alpha-gefahrgut-consulting.de\\\/#website\",\"url\":\"https:\\\/\\\/www.alpha-gefahrgut-consulting.de\\\/\",\"name\":\"ALPHA GEFAHRGUT CONSULTING\",\"description\":\"First Class Dangerous Goods Consulting, Management, Training.\",\"publisher\":{\"@id\":\"https:\\\/\\\/www.alpha-gefahrgut-consulting.de\\\/#organization\"},\"potentialAction\":[{\"@type\":\"SearchAction\",\"target\":{\"@type\":\"EntryPoint\",\"urlTemplate\":\"https:\\\/\\\/www.alpha-gefahrgut-consulting.de\\\/?s={search_term_string}\"},\"query-input\":{\"@type\":\"PropertyValueSpecification\",\"valueRequired\":true,\"valueName\":\"search_term_string\"}}],\"inLanguage\":\"de\"},{\"@type\":\"Organization\",\"@id\":\"https:\\\/\\\/www.alpha-gefahrgut-consulting.de\\\/#organization\",\"name\":\"ALPHA GEFAHRGUT CONSULTING\",\"url\":\"https:\\\/\\\/www.alpha-gefahrgut-consulting.de\\\/\",\"logo\":{\"@type\":\"ImageObject\",\"inLanguage\":\"de\",\"@id\":\"https:\\\/\\\/www.alpha-gefahrgut-consulting.de\\\/#\\\/schema\\\/logo\\\/image\\\/\",\"url\":\"https:\\\/\\\/www.alpha-gefahrgut-consulting.de\\\/wp-content\\\/uploads\\\/2020\\\/04\\\/cropped-AGCLogoBlech-c.jpg\",\"contentUrl\":\"https:\\\/\\\/www.alpha-gefahrgut-consulting.de\\\/wp-content\\\/uploads\\\/2020\\\/04\\\/cropped-AGCLogoBlech-c.jpg\",\"width\":250,\"height\":250,\"caption\":\"ALPHA GEFAHRGUT CONSULTING\"},\"image\":{\"@id\":\"https:\\\/\\\/www.alpha-gefahrgut-consulting.de\\\/#\\\/schema\\\/logo\\\/image\\\/\"},\"sameAs\":[\"https:\\\/\\\/x.com\\\/Alpha_Gefahrgut\",\"https:\\\/\\\/www.youtube.com\\\/@AlphaDGConsulting\",\"https:\\\/\\\/buymeacoffee.com\\\/AlphaDGConsulting\",\"https:\\\/\\\/bsky.app\\\/profile\\\/alpha-gefahrgut.bsky.social\",\"https:\\\/\\\/www.reddit.com\\\/user\\\/United_Ad5357\\\/\",\"https:\\\/\\\/semasocial.com\\\/profile\\\/247322\",\"https:\\\/\\\/truthsocial.com\\\/@AlphaDangerousGoodsConsulting\",\"https:\\\/\\\/www.linkedin.com\\\/in\\\/michael-miska-mm\\\/\",\"https:\\\/\\\/www.xing.com\\\/profile\\\/Michael_Miska088516\\\/web_profiles\",\"https:\\\/\\\/rumble.com\\\/user\\\/AlphaDangerousGoodsConsulting\",\"https:\\\/\\\/de.pinterest.com\\\/AlphaGefahrgutConsulting\\\/\"]}]}<\/script>\n<!-- \/ Yoast SEO plugin. -->","yoast_head_json":{"title":"Das betriebliche CBTA-Schulungsprogramm nach CBTA","description":"Wenn ein Unternehmen an der Gefahrgut-Bef\u00f6rderung im Luftverkehr beteiligt ist, braucht es ein CBTA-Schulungsprogramm.","robots":{"index":"index","follow":"follow","max-snippet":"max-snippet:-1","max-image-preview":"max-image-preview:large","max-video-preview":"max-video-preview:-1"},"canonical":"https:\/\/www.alpha-gefahrgut-consulting.de\/index.php\/cbta-schulungsprogramm\/","og_locale":"de_DE","og_type":"article","og_title":"Das betriebliche CBTA-Schulungsprogramm nach CBTA","og_description":"Wenn ein Unternehmen an der Gefahrgut-Bef\u00f6rderung im Luftverkehr beteiligt ist, braucht es ein CBTA-Schulungsprogramm.","og_url":"https:\/\/www.alpha-gefahrgut-consulting.de\/index.php\/cbta-schulungsprogramm\/","og_site_name":"ALPHA GEFAHRGUT CONSULTING","article_modified_time":"2025-05-30T08:26:48+00:00","og_image":[{"width":1200,"height":675,"url":"https:\/\/www.alpha-gefahrgut-consulting.de\/wp-content\/uploads\/2025\/05\/AGC-website-img-seo.jpg","type":"image\/jpeg"}],"twitter_card":"summary_large_image","twitter_site":"@Alpha_Gefahrgut","twitter_misc":{"Gesch\u00e4tzte Lesezeit":"2\u00a0Minuten"},"schema":{"@context":"https:\/\/schema.org","@graph":[{"@type":"WebPage","@id":"https:\/\/www.alpha-gefahrgut-consulting.de\/index.php\/cbta-schulungsprogramm\/","url":"https:\/\/www.alpha-gefahrgut-consulting.de\/index.php\/cbta-schulungsprogramm\/","name":"Das betriebliche CBTA-Schulungsprogramm nach CBTA","isPartOf":{"@id":"https:\/\/www.alpha-gefahrgut-consulting.de\/#website"},"datePublished":"2023-02-05T15:27:57+00:00","dateModified":"2025-05-30T08:26:48+00:00","description":"Wenn ein Unternehmen an der Gefahrgut-Bef\u00f6rderung im Luftverkehr beteiligt ist, braucht es ein CBTA-Schulungsprogramm.","breadcrumb":{"@id":"https:\/\/www.alpha-gefahrgut-consulting.de\/index.php\/cbta-schulungsprogramm\/#breadcrumb"},"inLanguage":"de","potentialAction":[{"@type":"ReadAction","target":["https:\/\/www.alpha-gefahrgut-consulting.de\/index.php\/cbta-schulungsprogramm\/"]}]},{"@type":"BreadcrumbList","@id":"https:\/\/www.alpha-gefahrgut-consulting.de\/index.php\/cbta-schulungsprogramm\/#breadcrumb","itemListElement":[{"@type":"ListItem","position":1,"name":"Startseite","item":"https:\/\/www.alpha-gefahrgut-consulting.de\/"},{"@type":"ListItem","position":2,"name":"CBTA-Schulungsprogramm Luftverkehr"}]},{"@type":"WebSite","@id":"https:\/\/www.alpha-gefahrgut-consulting.de\/#website","url":"https:\/\/www.alpha-gefahrgut-consulting.de\/","name":"ALPHA GEFAHRGUT CONSULTING","description":"First Class Dangerous Goods Consulting, Management, Training.","publisher":{"@id":"https:\/\/www.alpha-gefahrgut-consulting.de\/#organization"},"potentialAction":[{"@type":"SearchAction","target":{"@type":"EntryPoint","urlTemplate":"https:\/\/www.alpha-gefahrgut-consulting.de\/?s={search_term_string}"},"query-input":{"@type":"PropertyValueSpecification","valueRequired":true,"valueName":"search_term_string"}}],"inLanguage":"de"},{"@type":"Organization","@id":"https:\/\/www.alpha-gefahrgut-consulting.de\/#organization","name":"ALPHA GEFAHRGUT CONSULTING","url":"https:\/\/www.alpha-gefahrgut-consulting.de\/","logo":{"@type":"ImageObject","inLanguage":"de","@id":"https:\/\/www.alpha-gefahrgut-consulting.de\/#\/schema\/logo\/image\/","url":"https:\/\/www.alpha-gefahrgut-consulting.de\/wp-content\/uploads\/2020\/04\/cropped-AGCLogoBlech-c.jpg","contentUrl":"https:\/\/www.alpha-gefahrgut-consulting.de\/wp-content\/uploads\/2020\/04\/cropped-AGCLogoBlech-c.jpg","width":250,"height":250,"caption":"ALPHA GEFAHRGUT CONSULTING"},"image":{"@id":"https:\/\/www.alpha-gefahrgut-consulting.de\/#\/schema\/logo\/image\/"},"sameAs":["https:\/\/x.com\/Alpha_Gefahrgut","https:\/\/www.youtube.com\/@AlphaDGConsulting","https:\/\/buymeacoffee.com\/AlphaDGConsulting","https:\/\/bsky.app\/profile\/alpha-gefahrgut.bsky.social","https:\/\/www.reddit.com\/user\/United_Ad5357\/","https:\/\/semasocial.com\/profile\/247322","https:\/\/truthsocial.com\/@AlphaDangerousGoodsConsulting","https:\/\/www.linkedin.com\/in\/michael-miska-mm\/","https:\/\/www.xing.com\/profile\/Michael_Miska088516\/web_profiles","https:\/\/rumble.com\/user\/AlphaDangerousGoodsConsulting","https:\/\/de.pinterest.com\/AlphaGefahrgutConsulting\/"]}]}},"_links":{"self":[{"href":"https:\/\/www.alpha-gefahrgut-consulting.de\/index.php\/wp-json\/wp\/v2\/pages\/1683","targetHints":{"allow":["GET"]}}],"collection":[{"href":"https:\/\/www.alpha-gefahrgut-consulting.de\/index.php\/wp-json\/wp\/v2\/pages"}],"about":[{"href":"https:\/\/www.alpha-gefahrgut-consulting.de\/index.php\/wp-json\/wp\/v2\/types\/page"}],"author":[{"embeddable":true,"href":"https:\/\/www.alpha-gefahrgut-consulting.de\/index.php\/wp-json\/wp\/v2\/users\/1"}],"replies":[{"embeddable":true,"href":"https:\/\/www.alpha-gefahrgut-consulting.de\/index.php\/wp-json\/wp\/v2\/comments?post=1683"}],"version-history":[{"count":9,"href":"https:\/\/www.alpha-gefahrgut-consulting.de\/index.php\/wp-json\/wp\/v2\/pages\/1683\/revisions"}],"predecessor-version":[{"id":1761,"href":"https:\/\/www.alpha-gefahrgut-consulting.de\/index.php\/wp-json\/wp\/v2\/pages\/1683\/revisions\/1761"}],"wp:attachment":[{"href":"https:\/\/www.alpha-gefahrgut-consulting.de\/index.php\/wp-json\/wp\/v2\/media?parent=1683"}],"curies":[{"name":"wp","href":"https:\/\/api.w.org\/{rel}","templated":true}]}}