{"id":1605,"date":"2023-02-03T20:11:32","date_gmt":"2023-02-03T19:11:32","guid":{"rendered":"https:\/\/www.alpha-gefahrgut-consulting.de\/?page_id=1605"},"modified":"2025-07-16T10:36:44","modified_gmt":"2025-07-16T08:36:44","slug":"cbta-to-dos","status":"publish","type":"page","link":"https:\/\/www.alpha-gefahrgut-consulting.de\/index.php\/cbta-to-dos\/","title":{"rendered":"CBTA: To Do&#8217;s"},"content":{"rendered":"<h1><span style=\"color: #000000;\"><strong>CBTA: Was ist zu tun?<\/strong><\/span><\/h1>\n<hr \/>\n<p><strong><br \/>\nDas neue CBTA*: <\/strong><\/p>\n<p><em>Schulungsvorschriften Gefahrgut Luftverkehr:<\/em><br \/>\n(*<em>Competency Based Training and Assessment \/ kompetenzbasiertes Schulungs- und Beurteilungsprogramm (deutsche \u00dcbersetzung gem\u00e4\u00df LBA*-Website))<br \/>\n*LBA = <a href=\"https:\/\/www.lba.de\/DE\/Home\/home_node.html\">Luftfahrt-Bundesamt<\/a> (DE)<\/em><\/p>\n<hr \/>\n<h2><strong><span style=\"color: #000000;\">Was ist zu tun? <\/span><br \/>\n<span style=\"color: #000000;\">Wo besteht Handlungsbedarf?<\/span><\/strong><\/h2>\n<p><strong>(Er)kennen Sie Ihren CBTA-Handlungsbedarf?!<\/strong><br \/>\nSchlie\u00dfen Sie Sicherheitsl\u00fccken bei der Umsetzung der neuen CBTA-Schulungsvorschriften.<br \/>\nMinimieren Sie das neue Haftungsrisiko f\u00fcr das Unternehmen und handelnde Personen, insbesondere F\u00fchrungskr\u00e4fte.<\/p>\n<hr \/>\n<h2><span style=\"color: #000000;\"><strong>Stichtag 1.1.2021 (!)<\/strong><\/span><\/h2>\n<p>Das CBTA ist nun schon seit einiger Zeit &#8211; seit dem 1.1.2021 &#8211; in Kraft.<br \/>\nDennoch haben offensichtlich nicht alle Unternehmen ihren Handlungsbedarf erkannt oder die n\u00f6tigen Schritte &#8211; insbesondere <strong>alle<\/strong> n\u00f6tigen Schritte &#8211; getan.<\/p>\n<p>Darum gilt:<br \/>\nWenn Sie unternehmerisch \/ betrieblich in irgendeiner Weise an der Bef\u00f6rderung von gef\u00e4hrlichen G\u00fctern im Luftverkehr nach ICAO-TI \/ IATA-DGR beteiligt sind<br \/>\n<em>(z.B. als Versender, Verpacker, Spediteur, Logistikdienstleister, &#8230;.),<br \/>\n<\/em>dann sollten bzw. m\u00fcssen sie die folgenden 7 Punkte nachweisbar geregelt haben:<\/p>\n<hr \/>\n<h2><span style=\"color: #000000;\"><strong>Der 7\u00a0 Punkte Plan:<\/strong><\/span><\/h2>\n<p><strong><span style=\"color: #000000;\">1.<\/span><\/strong><br \/>\nF\u00fcr Ihr Unternehmen, f\u00fcr Ihren Betrieb haben Sie ein:<br \/>\n<strong><span style=\"color: #000000;\">betriebliches Schulungsprogramm<\/span><\/strong> nach CBTA (LBA-NfL) formuliert.<\/p>\n<p><em><span style=\"color: #008080;\">Das betriebliche\u00a0 <a style=\"color: #008080;\" href=\"https:\/\/www.alpha-gefahrgut-consulting.de\/index.php\/cbta-schulungsprogramm\/\"><strong>CBTA-Schulungsprogramm<\/strong><\/a>\u00a0 k\u00f6nnen wir f\u00fcr Sie erarbeiten und formulieren. Sprechen Sie uns an!<\/span><\/em><\/p>\n<p><span style=\"color: #000000;\"><strong>2.<\/strong><\/span><br \/>\nSie haben betrieblich identifiziert und dokumentiert:<br \/>\nwelche <span style=\"color: #000000;\"><strong>Personen<\/strong><\/span><br \/>\nin welcher Weise an der Bef\u00f6rderung gef\u00e4hrlicher G\u00fcter im Luftverkehr beteiligt sind.<\/p>\n<p><span style=\"color: #008080;\"><em>Wir k\u00f6nnen Ihnen dabei helfen. Sprechen Sie uns an!<\/em><\/span><\/p>\n<p><span style=\"color: #000000;\"><strong>3.<\/strong><\/span><br \/>\nF\u00fcr jede Person, die an der Bef\u00f6rderung gef\u00e4hrlicher G\u00fcter beteiligte ist,<br \/>\nhaben Sie eine g\u00fcltige <span style=\"color: #000000;\"><strong>TNA (training needs analysis)<\/strong> <\/span>vorliegen.<\/p>\n<p><em><span style=\"color: #008080;\">Diese TNA k\u00f6nnen Sie auf unserer Webseite im Dialog erarbeiten.<br \/>\nDar\u00fcber hinaus ist bei allen \u00f6ffentlichen angebotenen Schulungen eine TNA kostenfrei\u00a0 enthalten. Sie k\u00f6nnen diese schnell und schlank in Kraft setzen.<br \/>\nMehr Informationen dazu:\u00a0 <a style=\"color: #008080;\" href=\"https:\/\/www.alpha-gefahrgut-consulting.de\/index.php\/cbta-tna\/\"><strong>Trainings Needs Analysis<\/strong><\/a>,<\/span><\/em><\/p>\n<p><strong>4.<\/strong><br \/>\nDas an der Bef\u00f6rderung gef\u00e4hrlicher G\u00fcter beteiligte Personal ist:<br \/>\n<strong>G\u00fcltig nach CBTA geschult<\/strong><br \/>\noder &#8211; sofern abweichend zul\u00e4ssig &#8211; nach IATA-DGR 1.6 unterwiesen.<\/p>\n<p><em><span style=\"color: #008080;\">Solche<\/span>\u00a0<\/em><span style=\"color: #008080;\"><a style=\"color: #008080;\" href=\"https:\/\/www.alpha-gefahrgut-consulting.de\/index.php\/cbta-gefahrgutschulung-luft\/\"><em><strong>Schulungen<\/strong><\/em><\/a><em> und Unterweisungen finden Sie bei uns.<br \/>\n<\/em><\/span><\/p>\n<p><strong>5.<\/strong><br \/>\nF\u00fcr das an der Bef\u00f6rderung gef\u00e4hrlicher G\u00fcter beteiligte Personal haben Sie CBTA-(Zwischen-) <span style=\"color: #000000;\"><strong>Assessments<\/strong><\/span> durchgef\u00fchrt und dokumentiert.<\/p>\n<p><span style=\"color: #008080;\"><em>Solche\u00a0<a style=\"color: #008080;\" href=\"https:\/\/www.alpha-gefahrgut-consulting.de\/index.php\/cbta-assessment\/\"><strong>Assessments <\/strong><\/a>finden Sie bei uns.<\/em><\/span><\/p>\n<p><strong>6.<\/strong><br \/>\nSie haben einen CBTA-<span style=\"color: #000000;\"><strong>Assessor<\/strong><\/span> benannt, der f\u00fcr seine Aufgabe hinreichend bef\u00e4higt ist und die Aufgabe nachweisbar wahrnimmt.<\/p>\n<p><span style=\"color: #008080;\"><em>Gerne stellen wir f\u00fcr Sie nach Abschluss eines Dienstleistungsvertrages den externen\u00a0 <strong><a style=\"color: #008080;\" href=\"https:\/\/www.alpha-gefahrgut-consulting.de\/index.php\/assessor\/\">Assessor<\/a>\u00a0 nach CBTA<\/strong> f\u00fcr die Gefahrgutbef\u00f6rderung im Luftverkehr.<\/em><\/span><\/p>\n<p><strong><em>7.<\/em><\/strong><br \/>\n<strong><em>Empfehlung:<\/em><\/strong><br \/>\n<em>Sie haben einen nachweisbar daf\u00fcr bef\u00e4higten <strong>Gefahrgutbeauftragten Luftverkehr<\/strong> bestellt <\/em><em>(Freiwillig, weil seit dem Jahr 2011 (Zeitpunkt der damaligen Novellierung der GbV in Deutschland) beh\u00f6rdlich kein Gefahrgutbeauftragter f\u00fcr den Luftverkehr mehr vorgeschrieben ist.<br \/>\nAngesichts der Haftungsrisiken und m\u00f6glichen extremen Schadensummen im Luftverkehr sei Ihnen empfohlen, den Gefahrgutbeauftragten im Luftverkehr freiwillig zu bestellen.<br \/>\n<span style=\"color: #008080;\">Wir sind daf\u00fcr gerne auch an Ihrer Seite! &#8211; Sprechen Sie uns an!<\/span><\/em><\/p>\n<p><span style=\"color: #008080;\"><em>\u00dcbrigens:<\/em><\/span><br \/>\n<em><span style=\"color: #008080;\"> Bei einer bereits vorgenommenen oder parallel erfolgenden Bestellung als\u00a0 <a style=\"color: #008080;\" href=\"https:\/\/www.alpha-gefahrgut-consulting.de\/index.php\/gefahrgutbeauftragter\/\"><strong>Gefahrgutbeauftragter<\/strong><\/a>\u00a0 f\u00fcr den Luftverkehr (freiwillig) ist ggf sogar eine kostenneutrale Inkludierung des Assessors m\u00f6glich. Fragen Sie uns!<\/span><br \/>\n<\/em><\/p>\n<hr \/>\n<p><strong><em><span style=\"color: #008080;\">Das alles erhalten Sie bei uns!<\/span><\/em><\/strong><\/p>\n<p><em><span style=\"color: #008080;\">Ebenso wie <strong><a style=\"color: #008080;\" href=\"https:\/\/www.alpha-gefahrgut-consulting.de\/index.php\/gefahrgutschulung\/\">Schulungen,<\/a><\/strong> Info-Veranstaltungen zu den Themen:<\/span><\/em><br \/>\n<em><span style=\"color: #008080;\">Gefahrgut-Betriebsorganisation,<\/span><\/em><br \/>\n<em><span style=\"color: #008080;\">Gefahrgut-Management,<\/span><\/em><br \/>\n<em><span style=\"color: #008080;\">CBTA-Management.<\/span><\/em><\/p>\n<p><em><span style=\"color: #008080;\">Und was wir dann sonst noch alles als vom Luftfahrt-Bundesamt anerkannter Schulungsveranstalter f\u00fcr Sie tun k\u00f6nnen:<br \/>\n<strong>Das macht das CBTA f\u00fcr Sie zur einfachen Kiste!<\/strong><\/span><\/em><\/p>\n<p><img loading=\"lazy\" decoding=\"async\" class=\"alignnone size-full wp-image-2188\" src=\"https:\/\/www.alpha-gefahrgut-consulting.de\/wp-content\/uploads\/2023\/02\/AGC_CBTA_NfL_2022-2-713_APIO_400px.jpg\" alt=\"\" width=\"460\" height=\"345\" srcset=\"https:\/\/www.alpha-gefahrgut-consulting.de\/wp-content\/uploads\/2023\/02\/AGC_CBTA_NfL_2022-2-713_APIO_400px.jpg 460w, https:\/\/www.alpha-gefahrgut-consulting.de\/wp-content\/uploads\/2023\/02\/AGC_CBTA_NfL_2022-2-713_APIO_400px-300x225.jpg 300w\" sizes=\"auto, (max-width: 460px) 100vw, 460px\" \/><\/p>\n<p><em><span style=\"color: #008080;\">Entscheiden Sie sich darum f\u00fcr die Expertise und Dienstleistung von:<br \/>\n<strong>Alpha Gefahrgut Consulting.<\/strong><\/span><\/em><\/p>\n<hr \/>\n","protected":false},"excerpt":{"rendered":"<p>CBTA: Was ist zu tun? Das neue CBTA*: Schulungsvorschriften Gefahrgut Luftverkehr: (*Competency Based Training and Assessment \/ kompetenzbasiertes Schulungs- und Beurteilungsprogramm (deutsche \u00dcbersetzung gem\u00e4\u00df LBA*-Website)) *LBA = Luftfahrt-Bundesamt (DE) Was ist zu tun? Wo besteht Handlungsbedarf? (Er)kennen Sie Ihren CBTA-Handlungsbedarf?! Schlie\u00dfen Sie Sicherheitsl\u00fccken bei der Umsetzung der neuen CBTA-Schulungsvorschriften. Minimieren Sie das neue Haftungsrisiko f\u00fcr &hellip; <\/p>\n<p class=\"link-more\"><a href=\"https:\/\/www.alpha-gefahrgut-consulting.de\/index.php\/cbta-to-dos\/\" class=\"more-link\"><span class=\"screen-reader-text\">\u201eCBTA: To Do&#8217;s\u201c<\/span> weiterlesen<\/a><\/p>\n","protected":false},"author":1,"featured_media":0,"parent":0,"menu_order":0,"comment_status":"closed","ping_status":"closed","template":"","meta":{"episode_type":"","audio_file":"","podmotor_file_id":"","podmotor_episode_id":"","cover_image":"","cover_image_id":"","duration":"","filesize":"","filesize_raw":"","date_recorded":"","explicit":"","block":"","footnotes":""},"class_list":["post-1605","page","type-page","status-publish","hentry"],"yoast_head":"<!-- This site is optimized with the Yoast SEO plugin v27.4 - https:\/\/yoast.com\/product\/yoast-seo-wordpress\/ -->\n<title>CBTA: Was ist zu tun? - Der 7 Punkte Plan f\u00fcr Sie.<\/title>\n<meta name=\"description\" content=\"CBTA: Was ist zu tun? - Welche 7 Punkte Sie seit dem 1.1.2021 im Griff haben m\u00fcssen, wenn Sie kein gro\u00dfes Haftungsrisiko laufen wollen...\" \/>\n<meta name=\"robots\" content=\"index, follow, max-snippet:-1, max-image-preview:large, max-video-preview:-1\" \/>\n<link rel=\"canonical\" href=\"https:\/\/www.alpha-gefahrgut-consulting.de\/index.php\/cbta-to-dos\/\" \/>\n<meta property=\"og:locale\" content=\"de_DE\" \/>\n<meta property=\"og:type\" content=\"article\" \/>\n<meta property=\"og:title\" content=\"CBTA: Was ist zu tun? - Der 7 Punkte Plan f\u00fcr Sie.\" \/>\n<meta property=\"og:description\" content=\"CBTA: Was ist zu tun? - Welche 7 Punkte Sie seit dem 1.1.2021 im Griff haben m\u00fcssen, wenn Sie kein gro\u00dfes Haftungsrisiko laufen wollen...\" \/>\n<meta property=\"og:url\" content=\"https:\/\/www.alpha-gefahrgut-consulting.de\/index.php\/cbta-to-dos\/\" \/>\n<meta property=\"og:site_name\" content=\"ALPHA GEFAHRGUT CONSULTING\" \/>\n<meta property=\"article:modified_time\" content=\"2025-07-16T08:36:44+00:00\" \/>\n<meta property=\"og:image\" content=\"https:\/\/www.alpha-gefahrgut-consulting.de\/wp-content\/uploads\/2023\/02\/AGC_CBTA_NfL_2022-2-713_APIO_400px.jpg\" \/>\n\t<meta property=\"og:image:width\" content=\"460\" \/>\n\t<meta property=\"og:image:height\" content=\"345\" \/>\n\t<meta property=\"og:image:type\" content=\"image\/jpeg\" \/>\n<meta name=\"twitter:card\" content=\"summary_large_image\" \/>\n<meta name=\"twitter:site\" content=\"@Alpha_Gefahrgut\" \/>\n<meta name=\"twitter:label1\" content=\"Gesch\u00e4tzte Lesezeit\" \/>\n\t<meta name=\"twitter:data1\" content=\"3\u00a0Minuten\" \/>\n<script type=\"application\/ld+json\" class=\"yoast-schema-graph\">{\"@context\":\"https:\\\/\\\/schema.org\",\"@graph\":[{\"@type\":\"WebPage\",\"@id\":\"https:\\\/\\\/www.alpha-gefahrgut-consulting.de\\\/index.php\\\/cbta-to-dos\\\/\",\"url\":\"https:\\\/\\\/www.alpha-gefahrgut-consulting.de\\\/index.php\\\/cbta-to-dos\\\/\",\"name\":\"CBTA: Was ist zu tun? - Der 7 Punkte Plan f\u00fcr Sie.\",\"isPartOf\":{\"@id\":\"https:\\\/\\\/www.alpha-gefahrgut-consulting.de\\\/#website\"},\"primaryImageOfPage\":{\"@id\":\"https:\\\/\\\/www.alpha-gefahrgut-consulting.de\\\/index.php\\\/cbta-to-dos\\\/#primaryimage\"},\"image\":{\"@id\":\"https:\\\/\\\/www.alpha-gefahrgut-consulting.de\\\/index.php\\\/cbta-to-dos\\\/#primaryimage\"},\"thumbnailUrl\":\"https:\\\/\\\/www.alpha-gefahrgut-consulting.de\\\/wp-content\\\/uploads\\\/2023\\\/02\\\/AGC_CBTA_NfL_2022-2-713_APIO_400px.jpg\",\"datePublished\":\"2023-02-03T19:11:32+00:00\",\"dateModified\":\"2025-07-16T08:36:44+00:00\",\"description\":\"CBTA: Was ist zu tun? - Welche 7 Punkte Sie seit dem 1.1.2021 im Griff haben m\u00fcssen, wenn Sie kein gro\u00dfes Haftungsrisiko laufen wollen...\",\"breadcrumb\":{\"@id\":\"https:\\\/\\\/www.alpha-gefahrgut-consulting.de\\\/index.php\\\/cbta-to-dos\\\/#breadcrumb\"},\"inLanguage\":\"de\",\"potentialAction\":[{\"@type\":\"ReadAction\",\"target\":[\"https:\\\/\\\/www.alpha-gefahrgut-consulting.de\\\/index.php\\\/cbta-to-dos\\\/\"]}]},{\"@type\":\"ImageObject\",\"inLanguage\":\"de\",\"@id\":\"https:\\\/\\\/www.alpha-gefahrgut-consulting.de\\\/index.php\\\/cbta-to-dos\\\/#primaryimage\",\"url\":\"https:\\\/\\\/www.alpha-gefahrgut-consulting.de\\\/wp-content\\\/uploads\\\/2023\\\/02\\\/AGC_CBTA_NfL_2022-2-713_APIO_400px.jpg\",\"contentUrl\":\"https:\\\/\\\/www.alpha-gefahrgut-consulting.de\\\/wp-content\\\/uploads\\\/2023\\\/02\\\/AGC_CBTA_NfL_2022-2-713_APIO_400px.jpg\",\"width\":460,\"height\":345},{\"@type\":\"BreadcrumbList\",\"@id\":\"https:\\\/\\\/www.alpha-gefahrgut-consulting.de\\\/index.php\\\/cbta-to-dos\\\/#breadcrumb\",\"itemListElement\":[{\"@type\":\"ListItem\",\"position\":1,\"name\":\"Startseite\",\"item\":\"https:\\\/\\\/www.alpha-gefahrgut-consulting.de\\\/\"},{\"@type\":\"ListItem\",\"position\":2,\"name\":\"CBTA: To Do&#8217;s\"}]},{\"@type\":\"WebSite\",\"@id\":\"https:\\\/\\\/www.alpha-gefahrgut-consulting.de\\\/#website\",\"url\":\"https:\\\/\\\/www.alpha-gefahrgut-consulting.de\\\/\",\"name\":\"ALPHA GEFAHRGUT CONSULTING\",\"description\":\"First Class Dangerous Goods Consulting, Management, Training.\",\"publisher\":{\"@id\":\"https:\\\/\\\/www.alpha-gefahrgut-consulting.de\\\/#organization\"},\"potentialAction\":[{\"@type\":\"SearchAction\",\"target\":{\"@type\":\"EntryPoint\",\"urlTemplate\":\"https:\\\/\\\/www.alpha-gefahrgut-consulting.de\\\/?s={search_term_string}\"},\"query-input\":{\"@type\":\"PropertyValueSpecification\",\"valueRequired\":true,\"valueName\":\"search_term_string\"}}],\"inLanguage\":\"de\"},{\"@type\":\"Organization\",\"@id\":\"https:\\\/\\\/www.alpha-gefahrgut-consulting.de\\\/#organization\",\"name\":\"ALPHA GEFAHRGUT CONSULTING\",\"url\":\"https:\\\/\\\/www.alpha-gefahrgut-consulting.de\\\/\",\"logo\":{\"@type\":\"ImageObject\",\"inLanguage\":\"de\",\"@id\":\"https:\\\/\\\/www.alpha-gefahrgut-consulting.de\\\/#\\\/schema\\\/logo\\\/image\\\/\",\"url\":\"https:\\\/\\\/www.alpha-gefahrgut-consulting.de\\\/wp-content\\\/uploads\\\/2020\\\/04\\\/cropped-AGCLogoBlech-c.jpg\",\"contentUrl\":\"https:\\\/\\\/www.alpha-gefahrgut-consulting.de\\\/wp-content\\\/uploads\\\/2020\\\/04\\\/cropped-AGCLogoBlech-c.jpg\",\"width\":250,\"height\":250,\"caption\":\"ALPHA GEFAHRGUT CONSULTING\"},\"image\":{\"@id\":\"https:\\\/\\\/www.alpha-gefahrgut-consulting.de\\\/#\\\/schema\\\/logo\\\/image\\\/\"},\"sameAs\":[\"https:\\\/\\\/x.com\\\/Alpha_Gefahrgut\",\"https:\\\/\\\/www.youtube.com\\\/@AlphaDGConsulting\",\"https:\\\/\\\/buymeacoffee.com\\\/AlphaDGConsulting\",\"https:\\\/\\\/bsky.app\\\/profile\\\/alpha-gefahrgut.bsky.social\",\"https:\\\/\\\/www.reddit.com\\\/user\\\/United_Ad5357\\\/\",\"https:\\\/\\\/semasocial.com\\\/profile\\\/247322\",\"https:\\\/\\\/truthsocial.com\\\/@AlphaDangerousGoodsConsulting\",\"https:\\\/\\\/www.linkedin.com\\\/in\\\/michael-miska-mm\\\/\",\"https:\\\/\\\/www.xing.com\\\/profile\\\/Michael_Miska088516\\\/web_profiles\",\"https:\\\/\\\/rumble.com\\\/user\\\/AlphaDangerousGoodsConsulting\",\"https:\\\/\\\/de.pinterest.com\\\/AlphaGefahrgutConsulting\\\/\"]}]}<\/script>\n<!-- \/ Yoast SEO plugin. -->","yoast_head_json":{"title":"CBTA: Was ist zu tun? - Der 7 Punkte Plan f\u00fcr Sie.","description":"CBTA: Was ist zu tun? - Welche 7 Punkte Sie seit dem 1.1.2021 im Griff haben m\u00fcssen, wenn Sie kein gro\u00dfes Haftungsrisiko laufen wollen...","robots":{"index":"index","follow":"follow","max-snippet":"max-snippet:-1","max-image-preview":"max-image-preview:large","max-video-preview":"max-video-preview:-1"},"canonical":"https:\/\/www.alpha-gefahrgut-consulting.de\/index.php\/cbta-to-dos\/","og_locale":"de_DE","og_type":"article","og_title":"CBTA: Was ist zu tun? - Der 7 Punkte Plan f\u00fcr Sie.","og_description":"CBTA: Was ist zu tun? - Welche 7 Punkte Sie seit dem 1.1.2021 im Griff haben m\u00fcssen, wenn Sie kein gro\u00dfes Haftungsrisiko laufen wollen...","og_url":"https:\/\/www.alpha-gefahrgut-consulting.de\/index.php\/cbta-to-dos\/","og_site_name":"ALPHA GEFAHRGUT CONSULTING","article_modified_time":"2025-07-16T08:36:44+00:00","og_image":[{"width":460,"height":345,"url":"https:\/\/www.alpha-gefahrgut-consulting.de\/wp-content\/uploads\/2023\/02\/AGC_CBTA_NfL_2022-2-713_APIO_400px.jpg","type":"image\/jpeg"}],"twitter_card":"summary_large_image","twitter_site":"@Alpha_Gefahrgut","twitter_misc":{"Gesch\u00e4tzte Lesezeit":"3\u00a0Minuten"},"schema":{"@context":"https:\/\/schema.org","@graph":[{"@type":"WebPage","@id":"https:\/\/www.alpha-gefahrgut-consulting.de\/index.php\/cbta-to-dos\/","url":"https:\/\/www.alpha-gefahrgut-consulting.de\/index.php\/cbta-to-dos\/","name":"CBTA: Was ist zu tun? - Der 7 Punkte Plan f\u00fcr Sie.","isPartOf":{"@id":"https:\/\/www.alpha-gefahrgut-consulting.de\/#website"},"primaryImageOfPage":{"@id":"https:\/\/www.alpha-gefahrgut-consulting.de\/index.php\/cbta-to-dos\/#primaryimage"},"image":{"@id":"https:\/\/www.alpha-gefahrgut-consulting.de\/index.php\/cbta-to-dos\/#primaryimage"},"thumbnailUrl":"https:\/\/www.alpha-gefahrgut-consulting.de\/wp-content\/uploads\/2023\/02\/AGC_CBTA_NfL_2022-2-713_APIO_400px.jpg","datePublished":"2023-02-03T19:11:32+00:00","dateModified":"2025-07-16T08:36:44+00:00","description":"CBTA: Was ist zu tun? - Welche 7 Punkte Sie seit dem 1.1.2021 im Griff haben m\u00fcssen, wenn Sie kein gro\u00dfes Haftungsrisiko laufen wollen...","breadcrumb":{"@id":"https:\/\/www.alpha-gefahrgut-consulting.de\/index.php\/cbta-to-dos\/#breadcrumb"},"inLanguage":"de","potentialAction":[{"@type":"ReadAction","target":["https:\/\/www.alpha-gefahrgut-consulting.de\/index.php\/cbta-to-dos\/"]}]},{"@type":"ImageObject","inLanguage":"de","@id":"https:\/\/www.alpha-gefahrgut-consulting.de\/index.php\/cbta-to-dos\/#primaryimage","url":"https:\/\/www.alpha-gefahrgut-consulting.de\/wp-content\/uploads\/2023\/02\/AGC_CBTA_NfL_2022-2-713_APIO_400px.jpg","contentUrl":"https:\/\/www.alpha-gefahrgut-consulting.de\/wp-content\/uploads\/2023\/02\/AGC_CBTA_NfL_2022-2-713_APIO_400px.jpg","width":460,"height":345},{"@type":"BreadcrumbList","@id":"https:\/\/www.alpha-gefahrgut-consulting.de\/index.php\/cbta-to-dos\/#breadcrumb","itemListElement":[{"@type":"ListItem","position":1,"name":"Startseite","item":"https:\/\/www.alpha-gefahrgut-consulting.de\/"},{"@type":"ListItem","position":2,"name":"CBTA: To Do&#8217;s"}]},{"@type":"WebSite","@id":"https:\/\/www.alpha-gefahrgut-consulting.de\/#website","url":"https:\/\/www.alpha-gefahrgut-consulting.de\/","name":"ALPHA GEFAHRGUT CONSULTING","description":"First Class Dangerous Goods Consulting, Management, Training.","publisher":{"@id":"https:\/\/www.alpha-gefahrgut-consulting.de\/#organization"},"potentialAction":[{"@type":"SearchAction","target":{"@type":"EntryPoint","urlTemplate":"https:\/\/www.alpha-gefahrgut-consulting.de\/?s={search_term_string}"},"query-input":{"@type":"PropertyValueSpecification","valueRequired":true,"valueName":"search_term_string"}}],"inLanguage":"de"},{"@type":"Organization","@id":"https:\/\/www.alpha-gefahrgut-consulting.de\/#organization","name":"ALPHA GEFAHRGUT CONSULTING","url":"https:\/\/www.alpha-gefahrgut-consulting.de\/","logo":{"@type":"ImageObject","inLanguage":"de","@id":"https:\/\/www.alpha-gefahrgut-consulting.de\/#\/schema\/logo\/image\/","url":"https:\/\/www.alpha-gefahrgut-consulting.de\/wp-content\/uploads\/2020\/04\/cropped-AGCLogoBlech-c.jpg","contentUrl":"https:\/\/www.alpha-gefahrgut-consulting.de\/wp-content\/uploads\/2020\/04\/cropped-AGCLogoBlech-c.jpg","width":250,"height":250,"caption":"ALPHA GEFAHRGUT CONSULTING"},"image":{"@id":"https:\/\/www.alpha-gefahrgut-consulting.de\/#\/schema\/logo\/image\/"},"sameAs":["https:\/\/x.com\/Alpha_Gefahrgut","https:\/\/www.youtube.com\/@AlphaDGConsulting","https:\/\/buymeacoffee.com\/AlphaDGConsulting","https:\/\/bsky.app\/profile\/alpha-gefahrgut.bsky.social","https:\/\/www.reddit.com\/user\/United_Ad5357\/","https:\/\/semasocial.com\/profile\/247322","https:\/\/truthsocial.com\/@AlphaDangerousGoodsConsulting","https:\/\/www.linkedin.com\/in\/michael-miska-mm\/","https:\/\/www.xing.com\/profile\/Michael_Miska088516\/web_profiles","https:\/\/rumble.com\/user\/AlphaDangerousGoodsConsulting","https:\/\/de.pinterest.com\/AlphaGefahrgutConsulting\/"]}]}},"_links":{"self":[{"href":"https:\/\/www.alpha-gefahrgut-consulting.de\/index.php\/wp-json\/wp\/v2\/pages\/1605","targetHints":{"allow":["GET"]}}],"collection":[{"href":"https:\/\/www.alpha-gefahrgut-consulting.de\/index.php\/wp-json\/wp\/v2\/pages"}],"about":[{"href":"https:\/\/www.alpha-gefahrgut-consulting.de\/index.php\/wp-json\/wp\/v2\/types\/page"}],"author":[{"embeddable":true,"href":"https:\/\/www.alpha-gefahrgut-consulting.de\/index.php\/wp-json\/wp\/v2\/users\/1"}],"replies":[{"embeddable":true,"href":"https:\/\/www.alpha-gefahrgut-consulting.de\/index.php\/wp-json\/wp\/v2\/comments?post=1605"}],"version-history":[{"count":47,"href":"https:\/\/www.alpha-gefahrgut-consulting.de\/index.php\/wp-json\/wp\/v2\/pages\/1605\/revisions"}],"predecessor-version":[{"id":9720,"href":"https:\/\/www.alpha-gefahrgut-consulting.de\/index.php\/wp-json\/wp\/v2\/pages\/1605\/revisions\/9720"}],"wp:attachment":[{"href":"https:\/\/www.alpha-gefahrgut-consulting.de\/index.php\/wp-json\/wp\/v2\/media?parent=1605"}],"curies":[{"name":"wp","href":"https:\/\/api.w.org\/{rel}","templated":true}]}}