{"id":1589,"date":"2023-02-03T19:05:33","date_gmt":"2023-02-03T18:05:33","guid":{"rendered":"https:\/\/www.alpha-gefahrgut-consulting.de\/?page_id=1589"},"modified":"2025-07-13T08:15:23","modified_gmt":"2025-07-13T06:15:23","slug":"assessor","status":"publish","type":"page","link":"https:\/\/www.alpha-gefahrgut-consulting.de\/index.php\/assessor\/","title":{"rendered":"Assessor (CBTA)"},"content":{"rendered":"<h1><strong>Assessor, CBTA<\/strong><\/h1>\n<h2><strong><span style=\"color: #000000;\">Das CBTA<\/span>*<\/strong><\/h2>\n<p><em>(*Competency Based Training and Assessment \/ kompetenzbasiertes Schulungs- und Beurteilungsprogramm (deutsche \u00dcbersetzung gem\u00e4\u00df LBA-website))<br \/>\n<\/em>ist seit 1.1.2021 in Kraft.<\/p>\n<p>Unternehmen\/Betriebe, die betrieblich in irgendeiner Weise an der Bef\u00f6rderung von gef\u00e4hrlichen G\u00fctern im Luftverkehr nach ICAO-TI \/ IATA-DGR beteiligt sind <em>(z.B. durch klassifizieren, verpacken, versenden, spedieren, umschlagen, lagern, annehmen, kontrollieren, verladen, entladen, begleiten, sichern, fliegen&#8230;)<\/em> ben\u00f6tigen damit einen Assessor (CBTA).<\/p>\n<hr \/>\n<h2><span style=\"color: #000000;\"><strong>Das betriebliche Schulungsprogramm<\/strong><\/span><\/h2>\n<p><span style=\"font-family: Arial, sans-serif;\">Die an der Bef\u00f6rderung gef\u00e4hrlicher G\u00fcter im Luftverkehr beteiligten Unternehmen m\u00fcssen gem\u00e4\u00df CBTA (und deutschen NfL, verk\u00fcndet vom Luftfahrt-Bundesamt (LBA)) \u00fcber ein betriebliches Gefahrgut- Schulungsprogramm f\u00fcr Ihre Beteiligung am Luftverkehr verf\u00fcgen (erarbeiten, in Kraft setzen und kontinuierlich \u00fcberwachen, insbesondere bewerten und verbessern).<br \/>\n<\/span><\/p>\n<p><span style=\"font-family: Arial, sans-serif;\">Bei der Wahrnehmung dieser Aufgaben darf das Unternehmen auch externe Hilfe in Anspruch nehmen, so z.B. bei der Planung und Durchf\u00fchrung von Schulungen, aber eben auch bei der T\u00e4tigkeit des Assessors.\u00a0<\/span>Der<strong> Assessor<\/strong> (&#8222;Beurteiler&#8220;) fand insofern \u00fcber das CBTA neu ins betriebliche Gefahrgut-Spiel im Luftverkehr.<\/p>\n<hr \/>\n<p><img loading=\"lazy\" decoding=\"async\" class=\"alignnone size-full wp-image-1768\" src=\"https:\/\/www.alpha-gefahrgut-consulting.de\/wp-content\/uploads\/2023\/02\/Assessor-Iconoir-366px.jpg\" alt=\"\" width=\"366\" height=\"143\" srcset=\"https:\/\/www.alpha-gefahrgut-consulting.de\/wp-content\/uploads\/2023\/02\/Assessor-Iconoir-366px.jpg 366w, https:\/\/www.alpha-gefahrgut-consulting.de\/wp-content\/uploads\/2023\/02\/Assessor-Iconoir-366px-300x117.jpg 300w\" sizes=\"auto, (max-width: 366px) 100vw, 366px\" \/><br \/>\n<strong>Der Assessor kam durch das CBTA neu ins Gefahrgutspiel.<\/strong><br \/>\n[ Icons: Iconoir ]<\/p>\n<hr \/>\n<h2><span style=\"color: #000000;\"><strong>Make or buy<\/strong><\/span><\/h2>\n<p>Ein Unternehmen sollte darauf achten, dass bei seinem Schulungsplaner, Designer, Instruktor und Assessor entsprechende Kenntnisse hinsichtlich der Bef\u00f6rderung gef\u00e4hrlicher G\u00fcter und des gegebenen Rechtsrahmens gegeben sind.<br \/>\nOder die Funktionen, Aufgaben<strong> outsourcen<\/strong>.<\/p>\n<p>Und deshalb k\u00f6nnen Sie bei Alpha Gefahrgut Consulting nicht nur nach CBTA schulen lassen und CBTA-Assessments absolvieren lassen, sondern nach Abschluss eines Dienstleistungsvertrages auch die Aufgaben des Assessors nach CBTA bei der Gefahrgutbef\u00f6rderung im Luftverkehr extern vergeben.<\/p>\n<hr \/>\n<h2><span style=\"color: #000000;\"><strong>Service<\/strong><\/span><\/h2>\n<p>Nach Abschluss eines Dienstleistungsvertrages stellen wir f\u00fcr Sie den externen <strong>Assessor nach CBTA<\/strong> f\u00fcr die Gefahrgutbef\u00f6rderung im Luftverkehr.<\/p>\n<p>Bei parallel erfolgter Bestellung als <strong>Gefahrgutbeauftragter<\/strong> f\u00fcr den Luftverkehr (freiwillig) ist prinzipiell auch eine kostenneutrale Inkludierung des Assessors nach CBTA m\u00f6glich).<\/p>\n<p>Entscheiden Sie sich f\u00fcr die Expertise von Alpha Gefahrgut Consulting.<\/p>\n<hr \/>\n<h2><span style=\"color: #000000;\"><strong>Assessments<\/strong><\/span><\/h2>\n<p>sind ein Thema f\u00fcr sich.<br \/>\nSie finden die entsprechenden Inhalte darum auf einer separaten Webseite:<br \/>\n<span style=\"color: #0000ff;\"><a style=\"color: #0000ff;\" href=\"https:\/\/www.alpha-gefahrgut-consulting.de\/index.php\/cbta-assessment\/\">CBTA-Assessments<\/a> <\/span>.<\/p>\n<hr \/>\n<p><em>\u00dcbrigens:<\/em><\/p>\n<p><em>Auch das <strong>betriebliche<\/strong> <a href=\"https:\/\/www.alpha-gefahrgut-consulting.de\/index.php\/cbta-schulungsprogramm\/\"><span style=\"color: #0000ff;\">Schulungsprogramm<\/span> (CBTA)<\/a> k\u00f6nnen wir f\u00fcr Sie erarbeiten.<br \/>\nFragen Sie uns danach!<\/em><\/p>\n","protected":false},"excerpt":{"rendered":"<p>Assessor, CBTA Das CBTA* (*Competency Based Training and Assessment \/ kompetenzbasiertes Schulungs- und Beurteilungsprogramm (deutsche \u00dcbersetzung gem\u00e4\u00df LBA-website)) ist seit 1.1.2021 in Kraft. Unternehmen\/Betriebe, die betrieblich in irgendeiner Weise an der Bef\u00f6rderung von gef\u00e4hrlichen G\u00fctern im Luftverkehr nach ICAO-TI \/ IATA-DGR beteiligt sind (z.B. durch klassifizieren, verpacken, versenden, spedieren, umschlagen, lagern, annehmen, kontrollieren, verladen, entladen, &hellip; <\/p>\n<p class=\"link-more\"><a href=\"https:\/\/www.alpha-gefahrgut-consulting.de\/index.php\/assessor\/\" class=\"more-link\"><span class=\"screen-reader-text\">\u201eAssessor (CBTA)\u201c<\/span> weiterlesen<\/a><\/p>\n","protected":false},"author":1,"featured_media":0,"parent":0,"menu_order":0,"comment_status":"closed","ping_status":"closed","template":"","meta":{"episode_type":"","audio_file":"","podmotor_file_id":"","podmotor_episode_id":"","cover_image":"","cover_image_id":"","duration":"","filesize":"","filesize_raw":"","date_recorded":"","explicit":"","block":"","footnotes":""},"class_list":["post-1589","page","type-page","status-publish","hentry"],"yoast_head":"<!-- This site is optimized with the Yoast SEO plugin v27.4 - https:\/\/yoast.com\/product\/yoast-seo-wordpress\/ -->\n<title>Assessor nach CBTA<\/title>\n<meta name=\"description\" content=\"Assessor nach CBTA (ICAO, IATA) f\u00fcr die Bef\u00f6rderung gef\u00e4hrlicher G\u00fcter im Luftverkehr.\" \/>\n<meta name=\"robots\" content=\"index, follow, max-snippet:-1, max-image-preview:large, max-video-preview:-1\" \/>\n<link rel=\"canonical\" href=\"https:\/\/www.alpha-gefahrgut-consulting.de\/index.php\/assessor\/\" \/>\n<meta property=\"og:locale\" content=\"de_DE\" \/>\n<meta property=\"og:type\" content=\"article\" \/>\n<meta property=\"og:title\" content=\"Assessor nach CBTA\" \/>\n<meta property=\"og:description\" content=\"Assessor nach CBTA (ICAO, IATA) f\u00fcr die Bef\u00f6rderung gef\u00e4hrlicher G\u00fcter im Luftverkehr.\" \/>\n<meta property=\"og:url\" content=\"https:\/\/www.alpha-gefahrgut-consulting.de\/index.php\/assessor\/\" \/>\n<meta property=\"og:site_name\" content=\"ALPHA GEFAHRGUT CONSULTING\" \/>\n<meta property=\"article:modified_time\" content=\"2025-07-13T06:15:23+00:00\" \/>\n<meta property=\"og:image\" content=\"https:\/\/www.alpha-gefahrgut-consulting.de\/wp-content\/uploads\/2023\/02\/Assessor-Iconoir-366px.jpg\" \/>\n\t<meta property=\"og:image:width\" content=\"366\" \/>\n\t<meta property=\"og:image:height\" content=\"143\" \/>\n\t<meta property=\"og:image:type\" content=\"image\/jpeg\" \/>\n<meta name=\"twitter:card\" content=\"summary_large_image\" \/>\n<meta name=\"twitter:site\" content=\"@Alpha_Gefahrgut\" \/>\n<meta name=\"twitter:label1\" content=\"Gesch\u00e4tzte Lesezeit\" \/>\n\t<meta name=\"twitter:data1\" content=\"2\u00a0Minuten\" \/>\n<script type=\"application\/ld+json\" class=\"yoast-schema-graph\">{\"@context\":\"https:\\\/\\\/schema.org\",\"@graph\":[{\"@type\":\"WebPage\",\"@id\":\"https:\\\/\\\/www.alpha-gefahrgut-consulting.de\\\/index.php\\\/assessor\\\/\",\"url\":\"https:\\\/\\\/www.alpha-gefahrgut-consulting.de\\\/index.php\\\/assessor\\\/\",\"name\":\"Assessor nach CBTA\",\"isPartOf\":{\"@id\":\"https:\\\/\\\/www.alpha-gefahrgut-consulting.de\\\/#website\"},\"primaryImageOfPage\":{\"@id\":\"https:\\\/\\\/www.alpha-gefahrgut-consulting.de\\\/index.php\\\/assessor\\\/#primaryimage\"},\"image\":{\"@id\":\"https:\\\/\\\/www.alpha-gefahrgut-consulting.de\\\/index.php\\\/assessor\\\/#primaryimage\"},\"thumbnailUrl\":\"https:\\\/\\\/www.alpha-gefahrgut-consulting.de\\\/wp-content\\\/uploads\\\/2023\\\/02\\\/Assessor-Iconoir-366px.jpg\",\"datePublished\":\"2023-02-03T18:05:33+00:00\",\"dateModified\":\"2025-07-13T06:15:23+00:00\",\"description\":\"Assessor nach CBTA (ICAO, IATA) f\u00fcr die Bef\u00f6rderung gef\u00e4hrlicher G\u00fcter im Luftverkehr.\",\"breadcrumb\":{\"@id\":\"https:\\\/\\\/www.alpha-gefahrgut-consulting.de\\\/index.php\\\/assessor\\\/#breadcrumb\"},\"inLanguage\":\"de\",\"potentialAction\":[{\"@type\":\"ReadAction\",\"target\":[\"https:\\\/\\\/www.alpha-gefahrgut-consulting.de\\\/index.php\\\/assessor\\\/\"]}]},{\"@type\":\"ImageObject\",\"inLanguage\":\"de\",\"@id\":\"https:\\\/\\\/www.alpha-gefahrgut-consulting.de\\\/index.php\\\/assessor\\\/#primaryimage\",\"url\":\"https:\\\/\\\/www.alpha-gefahrgut-consulting.de\\\/wp-content\\\/uploads\\\/2023\\\/02\\\/Assessor-Iconoir-366px.jpg\",\"contentUrl\":\"https:\\\/\\\/www.alpha-gefahrgut-consulting.de\\\/wp-content\\\/uploads\\\/2023\\\/02\\\/Assessor-Iconoir-366px.jpg\",\"width\":366,\"height\":143},{\"@type\":\"BreadcrumbList\",\"@id\":\"https:\\\/\\\/www.alpha-gefahrgut-consulting.de\\\/index.php\\\/assessor\\\/#breadcrumb\",\"itemListElement\":[{\"@type\":\"ListItem\",\"position\":1,\"name\":\"Startseite\",\"item\":\"https:\\\/\\\/www.alpha-gefahrgut-consulting.de\\\/\"},{\"@type\":\"ListItem\",\"position\":2,\"name\":\"Assessor (CBTA)\"}]},{\"@type\":\"WebSite\",\"@id\":\"https:\\\/\\\/www.alpha-gefahrgut-consulting.de\\\/#website\",\"url\":\"https:\\\/\\\/www.alpha-gefahrgut-consulting.de\\\/\",\"name\":\"ALPHA GEFAHRGUT CONSULTING\",\"description\":\"First Class Dangerous Goods Consulting, Management, Training.\",\"publisher\":{\"@id\":\"https:\\\/\\\/www.alpha-gefahrgut-consulting.de\\\/#organization\"},\"potentialAction\":[{\"@type\":\"SearchAction\",\"target\":{\"@type\":\"EntryPoint\",\"urlTemplate\":\"https:\\\/\\\/www.alpha-gefahrgut-consulting.de\\\/?s={search_term_string}\"},\"query-input\":{\"@type\":\"PropertyValueSpecification\",\"valueRequired\":true,\"valueName\":\"search_term_string\"}}],\"inLanguage\":\"de\"},{\"@type\":\"Organization\",\"@id\":\"https:\\\/\\\/www.alpha-gefahrgut-consulting.de\\\/#organization\",\"name\":\"ALPHA GEFAHRGUT CONSULTING\",\"url\":\"https:\\\/\\\/www.alpha-gefahrgut-consulting.de\\\/\",\"logo\":{\"@type\":\"ImageObject\",\"inLanguage\":\"de\",\"@id\":\"https:\\\/\\\/www.alpha-gefahrgut-consulting.de\\\/#\\\/schema\\\/logo\\\/image\\\/\",\"url\":\"https:\\\/\\\/www.alpha-gefahrgut-consulting.de\\\/wp-content\\\/uploads\\\/2020\\\/04\\\/cropped-AGCLogoBlech-c.jpg\",\"contentUrl\":\"https:\\\/\\\/www.alpha-gefahrgut-consulting.de\\\/wp-content\\\/uploads\\\/2020\\\/04\\\/cropped-AGCLogoBlech-c.jpg\",\"width\":250,\"height\":250,\"caption\":\"ALPHA GEFAHRGUT CONSULTING\"},\"image\":{\"@id\":\"https:\\\/\\\/www.alpha-gefahrgut-consulting.de\\\/#\\\/schema\\\/logo\\\/image\\\/\"},\"sameAs\":[\"https:\\\/\\\/x.com\\\/Alpha_Gefahrgut\",\"https:\\\/\\\/www.youtube.com\\\/@AlphaDGConsulting\",\"https:\\\/\\\/buymeacoffee.com\\\/AlphaDGConsulting\",\"https:\\\/\\\/bsky.app\\\/profile\\\/alpha-gefahrgut.bsky.social\",\"https:\\\/\\\/www.reddit.com\\\/user\\\/United_Ad5357\\\/\",\"https:\\\/\\\/semasocial.com\\\/profile\\\/247322\",\"https:\\\/\\\/truthsocial.com\\\/@AlphaDangerousGoodsConsulting\",\"https:\\\/\\\/www.linkedin.com\\\/in\\\/michael-miska-mm\\\/\",\"https:\\\/\\\/www.xing.com\\\/profile\\\/Michael_Miska088516\\\/web_profiles\",\"https:\\\/\\\/rumble.com\\\/user\\\/AlphaDangerousGoodsConsulting\",\"https:\\\/\\\/de.pinterest.com\\\/AlphaGefahrgutConsulting\\\/\"]}]}<\/script>\n<!-- \/ Yoast SEO plugin. -->","yoast_head_json":{"title":"Assessor nach CBTA","description":"Assessor nach CBTA (ICAO, IATA) f\u00fcr die Bef\u00f6rderung gef\u00e4hrlicher G\u00fcter im Luftverkehr.","robots":{"index":"index","follow":"follow","max-snippet":"max-snippet:-1","max-image-preview":"max-image-preview:large","max-video-preview":"max-video-preview:-1"},"canonical":"https:\/\/www.alpha-gefahrgut-consulting.de\/index.php\/assessor\/","og_locale":"de_DE","og_type":"article","og_title":"Assessor nach CBTA","og_description":"Assessor nach CBTA (ICAO, IATA) f\u00fcr die Bef\u00f6rderung gef\u00e4hrlicher G\u00fcter im Luftverkehr.","og_url":"https:\/\/www.alpha-gefahrgut-consulting.de\/index.php\/assessor\/","og_site_name":"ALPHA GEFAHRGUT CONSULTING","article_modified_time":"2025-07-13T06:15:23+00:00","og_image":[{"width":366,"height":143,"url":"https:\/\/www.alpha-gefahrgut-consulting.de\/wp-content\/uploads\/2023\/02\/Assessor-Iconoir-366px.jpg","type":"image\/jpeg"}],"twitter_card":"summary_large_image","twitter_site":"@Alpha_Gefahrgut","twitter_misc":{"Gesch\u00e4tzte Lesezeit":"2\u00a0Minuten"},"schema":{"@context":"https:\/\/schema.org","@graph":[{"@type":"WebPage","@id":"https:\/\/www.alpha-gefahrgut-consulting.de\/index.php\/assessor\/","url":"https:\/\/www.alpha-gefahrgut-consulting.de\/index.php\/assessor\/","name":"Assessor nach CBTA","isPartOf":{"@id":"https:\/\/www.alpha-gefahrgut-consulting.de\/#website"},"primaryImageOfPage":{"@id":"https:\/\/www.alpha-gefahrgut-consulting.de\/index.php\/assessor\/#primaryimage"},"image":{"@id":"https:\/\/www.alpha-gefahrgut-consulting.de\/index.php\/assessor\/#primaryimage"},"thumbnailUrl":"https:\/\/www.alpha-gefahrgut-consulting.de\/wp-content\/uploads\/2023\/02\/Assessor-Iconoir-366px.jpg","datePublished":"2023-02-03T18:05:33+00:00","dateModified":"2025-07-13T06:15:23+00:00","description":"Assessor nach CBTA (ICAO, IATA) f\u00fcr die Bef\u00f6rderung gef\u00e4hrlicher G\u00fcter im Luftverkehr.","breadcrumb":{"@id":"https:\/\/www.alpha-gefahrgut-consulting.de\/index.php\/assessor\/#breadcrumb"},"inLanguage":"de","potentialAction":[{"@type":"ReadAction","target":["https:\/\/www.alpha-gefahrgut-consulting.de\/index.php\/assessor\/"]}]},{"@type":"ImageObject","inLanguage":"de","@id":"https:\/\/www.alpha-gefahrgut-consulting.de\/index.php\/assessor\/#primaryimage","url":"https:\/\/www.alpha-gefahrgut-consulting.de\/wp-content\/uploads\/2023\/02\/Assessor-Iconoir-366px.jpg","contentUrl":"https:\/\/www.alpha-gefahrgut-consulting.de\/wp-content\/uploads\/2023\/02\/Assessor-Iconoir-366px.jpg","width":366,"height":143},{"@type":"BreadcrumbList","@id":"https:\/\/www.alpha-gefahrgut-consulting.de\/index.php\/assessor\/#breadcrumb","itemListElement":[{"@type":"ListItem","position":1,"name":"Startseite","item":"https:\/\/www.alpha-gefahrgut-consulting.de\/"},{"@type":"ListItem","position":2,"name":"Assessor (CBTA)"}]},{"@type":"WebSite","@id":"https:\/\/www.alpha-gefahrgut-consulting.de\/#website","url":"https:\/\/www.alpha-gefahrgut-consulting.de\/","name":"ALPHA GEFAHRGUT CONSULTING","description":"First Class Dangerous Goods Consulting, Management, Training.","publisher":{"@id":"https:\/\/www.alpha-gefahrgut-consulting.de\/#organization"},"potentialAction":[{"@type":"SearchAction","target":{"@type":"EntryPoint","urlTemplate":"https:\/\/www.alpha-gefahrgut-consulting.de\/?s={search_term_string}"},"query-input":{"@type":"PropertyValueSpecification","valueRequired":true,"valueName":"search_term_string"}}],"inLanguage":"de"},{"@type":"Organization","@id":"https:\/\/www.alpha-gefahrgut-consulting.de\/#organization","name":"ALPHA GEFAHRGUT CONSULTING","url":"https:\/\/www.alpha-gefahrgut-consulting.de\/","logo":{"@type":"ImageObject","inLanguage":"de","@id":"https:\/\/www.alpha-gefahrgut-consulting.de\/#\/schema\/logo\/image\/","url":"https:\/\/www.alpha-gefahrgut-consulting.de\/wp-content\/uploads\/2020\/04\/cropped-AGCLogoBlech-c.jpg","contentUrl":"https:\/\/www.alpha-gefahrgut-consulting.de\/wp-content\/uploads\/2020\/04\/cropped-AGCLogoBlech-c.jpg","width":250,"height":250,"caption":"ALPHA GEFAHRGUT CONSULTING"},"image":{"@id":"https:\/\/www.alpha-gefahrgut-consulting.de\/#\/schema\/logo\/image\/"},"sameAs":["https:\/\/x.com\/Alpha_Gefahrgut","https:\/\/www.youtube.com\/@AlphaDGConsulting","https:\/\/buymeacoffee.com\/AlphaDGConsulting","https:\/\/bsky.app\/profile\/alpha-gefahrgut.bsky.social","https:\/\/www.reddit.com\/user\/United_Ad5357\/","https:\/\/semasocial.com\/profile\/247322","https:\/\/truthsocial.com\/@AlphaDangerousGoodsConsulting","https:\/\/www.linkedin.com\/in\/michael-miska-mm\/","https:\/\/www.xing.com\/profile\/Michael_Miska088516\/web_profiles","https:\/\/rumble.com\/user\/AlphaDangerousGoodsConsulting","https:\/\/de.pinterest.com\/AlphaGefahrgutConsulting\/"]}]}},"_links":{"self":[{"href":"https:\/\/www.alpha-gefahrgut-consulting.de\/index.php\/wp-json\/wp\/v2\/pages\/1589","targetHints":{"allow":["GET"]}}],"collection":[{"href":"https:\/\/www.alpha-gefahrgut-consulting.de\/index.php\/wp-json\/wp\/v2\/pages"}],"about":[{"href":"https:\/\/www.alpha-gefahrgut-consulting.de\/index.php\/wp-json\/wp\/v2\/types\/page"}],"author":[{"embeddable":true,"href":"https:\/\/www.alpha-gefahrgut-consulting.de\/index.php\/wp-json\/wp\/v2\/users\/1"}],"replies":[{"embeddable":true,"href":"https:\/\/www.alpha-gefahrgut-consulting.de\/index.php\/wp-json\/wp\/v2\/comments?post=1589"}],"version-history":[{"count":13,"href":"https:\/\/www.alpha-gefahrgut-consulting.de\/index.php\/wp-json\/wp\/v2\/pages\/1589\/revisions"}],"predecessor-version":[{"id":9655,"href":"https:\/\/www.alpha-gefahrgut-consulting.de\/index.php\/wp-json\/wp\/v2\/pages\/1589\/revisions\/9655"}],"wp:attachment":[{"href":"https:\/\/www.alpha-gefahrgut-consulting.de\/index.php\/wp-json\/wp\/v2\/media?parent=1589"}],"curies":[{"name":"wp","href":"https:\/\/api.w.org\/{rel}","templated":true}]}}