{"id":1164,"date":"2022-10-15T16:05:16","date_gmt":"2022-10-15T14:05:16","guid":{"rendered":"https:\/\/www.alpha-gefahrgut-consulting.de\/?page_id=1164"},"modified":"2026-02-18T17:07:37","modified_gmt":"2026-02-18T16:07:37","slug":"cbta-annahmekontrolle","status":"publish","type":"page","link":"https:\/\/www.alpha-gefahrgut-consulting.de\/index.php\/cbta-annahmekontrolle\/","title":{"rendered":"CBTA Gefahrgutschulung Annahmekontrolle"},"content":{"rendered":"\n<p><strong>CBTA- Gefahrgutschulung f\u00fcr Annahmekontrolleure&nbsp;&nbsp;<em>(&#8222;Checker&#8220;)<br><\/em>und bestimmte Luftfrachtspediteure <\/strong>(IATA-Agenten), ehem PK 3,6<\/p>\n\n\n\n<p>CBTA- Gefahrgutschulung in zwei Varianten: Mit oder ohne Radioaktiv.<\/p>\n\n\n\n<figure class=\"wp-block-image\"><img loading=\"lazy\" decoding=\"async\" width=\"748\" height=\"371\" src=\"https:\/\/www.alpha-gefahrgut-consulting.de\/wp-content\/uploads\/2022\/10\/AGC-CBTA-Training-Checkers.jpg\" alt=\"\" class=\"wp-image-1141\" srcset=\"https:\/\/www.alpha-gefahrgut-consulting.de\/wp-content\/uploads\/2022\/10\/AGC-CBTA-Training-Checkers.jpg 748w, https:\/\/www.alpha-gefahrgut-consulting.de\/wp-content\/uploads\/2022\/10\/AGC-CBTA-Training-Checkers-300x149.jpg 300w\" sizes=\"auto, (max-width: 706px) 89vw, (max-width: 767px) 82vw, 740px\" \/><\/figure>\n\n\n\n<p>Sie k\u00f6nnen die der Schulung zugrunde liegende TNA einsehen und downloaden: <a href=\"https:\/\/www.alpha-gefahrgut-consulting.de\/index.php\/teilnahmebedingungen-check\/\"><span style=\"color: #0000ff;\">Teilnahmebedingungen und TNA.&nbsp;<\/span><\/a><br>Sie m\u00f6chten die <span style=\"color: #0000ff;\"><a style=\"color: #0000ff;\" href=\"https:\/\/www.alpha-gefahrgut-consulting.de\/index.php\/cbta-tna-im-dialog\/\">TNA im Dialog<\/a><\/span> erarbeiten? Das geht auch.<br>.<br>.<br><span style=\"color: #000000;\"><strong>Anmeldeformular Refresher:<\/strong> <\/span><\/p>\n\n\n\n<div data-wp-interactive=\"core\/file\" class=\"wp-block-file\"><object data-wp-bind--hidden=\"!state.hasPdfPreview\" hidden class=\"wp-block-file__embed\" data=\"https:\/\/www.alpha-gefahrgut-consulting.de\/wp-content\/uploads\/2026\/02\/ALPHA-CBTA-Anmeldeformular-Gefahrgutschulung-Checker.pdf\" type=\"application\/pdf\" style=\"width:100%;height:600px\" aria-label=\"Einbettung von ALPHA-CBTA-Anmeldeformular-Gefahrgutschulung-Checker.\"><\/object><a id=\"wp-block-file--media-b74bd600-8d0d-4404-8bcf-9a7aee10b424\" href=\"https:\/\/www.alpha-gefahrgut-consulting.de\/wp-content\/uploads\/2026\/02\/ALPHA-CBTA-Anmeldeformular-Gefahrgutschulung-Checker.pdf\">ALPHA-CBTA-Anmeldeformular-Gefahrgutschulung-Checker<\/a><a href=\"https:\/\/www.alpha-gefahrgut-consulting.de\/wp-content\/uploads\/2026\/02\/ALPHA-CBTA-Anmeldeformular-Gefahrgutschulung-Checker.pdf\" class=\"wp-block-file__button wp-element-button\" download aria-describedby=\"wp-block-file--media-b74bd600-8d0d-4404-8bcf-9a7aee10b424\">Herunterladen<\/a><\/div>\n\n\n\n<hr class=\"wp-block-separator has-alpha-channel-opacity is-style-wide\"\/>\n\n\n\n<p><em><strong>Hinweis:<\/strong><br>Gem\u00e4\u00df LBA-Auslegungen muss ein <strong>Vorzertifikat<\/strong> CBTA-F bzw. C.F <strong>keinen<\/strong> (!) Kenntnisstand (Level of Proficiency) (also 1 bis 4 Sterne) ausweisen.<br>Wir weisen nach der Schulung in der neuen Schulungsbescheinigung den Kenntnisstand mit 3 Sternen (***), also Professionell (engl. CBTA.: Intermediate), aus.&nbsp;<\/em><\/p>\n\n\n\n<hr class=\"wp-block-separator has-alpha-channel-opacity is-style-wide\"\/>\n\n\n\n<p><span style=\"color: #0000ff;\"><br><\/span><strong>Sofern Sie im Anmeldeformular noch keine Angaben zum Assessment machen k\u00f6nnen<\/strong>, k\u00f6nnen Sie diese Angaben per Anlage 1 bitte bis zum Beginn der Schulung nachmelden:<br><strong>Anlage 1<\/strong> (Nachmeldung bzw. Details zum letzten Assessment):<br><\/p>\n\n\n\n<div data-wp-interactive=\"core\/file\" class=\"wp-block-file\"><object data-wp-bind--hidden=\"!state.hasPdfPreview\" hidden class=\"wp-block-file__embed\" data=\"https:\/\/www.alpha-gefahrgut-consulting.de\/wp-content\/uploads\/2026\/02\/ALPHA-CBTA-Anlage-zum-Refresher-Anmeldeformular.pdf\" type=\"application\/pdf\" style=\"width:100%;height:600px\" aria-label=\"Einbettung von ALPHA-CBTA-Anlage zum Refresher-Anmeldeformular.\"><\/object><a id=\"wp-block-file--media-2bc68335-583a-4d2e-ba76-1ecbb1e09ef8\" href=\"https:\/\/www.alpha-gefahrgut-consulting.de\/wp-content\/uploads\/2026\/02\/ALPHA-CBTA-Anlage-zum-Refresher-Anmeldeformular.pdf\">ALPHA-CBTA-Anlage zum Refresher-Anmeldeformular<\/a><a href=\"https:\/\/www.alpha-gefahrgut-consulting.de\/wp-content\/uploads\/2026\/02\/ALPHA-CBTA-Anlage-zum-Refresher-Anmeldeformular.pdf\" class=\"wp-block-file__button wp-element-button\" download aria-describedby=\"wp-block-file--media-2bc68335-583a-4d2e-ba76-1ecbb1e09ef8\">Herunterladen<\/a><\/div>\n\n\n\n<p><\/p>\n\n\n\n<hr class=\"wp-block-separator has-alpha-channel-opacity is-style-wide\"\/>\n\n\n\n<p><strong>Optional k\u00f6nnen Sie auch ein f\u00fcr diese Schulung passgenaues CBTA-Assessment absolvieren<\/strong>. Ein Assessment muss innerhalb des G\u00fcltigkeitszeitraumes der Schulungsbescheinigung absolviert werden. <br><strong>Anmeldeformular CBTA-Assessment:<\/strong><\/p>\n\n\n\n<div data-wp-interactive=\"core\/file\" class=\"wp-block-file\"><object data-wp-bind--hidden=\"!state.hasPdfPreview\" hidden class=\"wp-block-file__embed\" data=\"https:\/\/www.alpha-gefahrgut-consulting.de\/wp-content\/uploads\/2026\/02\/ALPHA-Anmeldeformular-CBTA_Assessment.pdf\" type=\"application\/pdf\" style=\"width:100%;height:600px\" aria-label=\"Einbettung von ALPHA-Anmeldeformular-CBTA_Assessment.\"><\/object><a id=\"wp-block-file--media-850dfad0-cace-4cb5-9af5-3f4ed9da08aa\" href=\"https:\/\/www.alpha-gefahrgut-consulting.de\/wp-content\/uploads\/2026\/02\/ALPHA-Anmeldeformular-CBTA_Assessment.pdf\">ALPHA-Anmeldeformular-CBTA_Assessment<\/a><a href=\"https:\/\/www.alpha-gefahrgut-consulting.de\/wp-content\/uploads\/2026\/02\/ALPHA-Anmeldeformular-CBTA_Assessment.pdf\" class=\"wp-block-file__button wp-element-button\" download aria-describedby=\"wp-block-file--media-850dfad0-cace-4cb5-9af5-3f4ed9da08aa\">Herunterladen<\/a><\/div>\n\n\n\n<p>Detaillierte Informationen zum Thema CBTA-Assessment und die Teilnahmebedingungen daf\u00fcr finden Sie <a href=\"https:\/\/www.alpha-gefahrgut-consulting.de\/index.php\/cbta-assessment\/\"><span style=\"color: #0000ff;\">hier<\/span><\/a>.<\/p>\n\n\n\n<hr class=\"wp-block-separator has-alpha-channel-opacity is-style-wide\"\/>\n\n\n\n<p><strong>Wer ben\u00f6tigt die CBTA- &#8222;F&#8220; Schulung<\/strong>? <em>(ehemals &#8222;PK 6&#8220;)<\/em><br>Personen, die in der Annahmekontrolle bei Luftverkehrsgesellschaften oder Handlings-Agenturen bzw Frachtabfertigern arbeiten, und die insbesondere die Annahmekontroll-Listen ausfertigen.<br><strong>Wer ben\u00f6tigt die CBTA- &#8222;C, F&#8220; Schulung<\/strong>?  <em>(ehemals &#8222;PK 3\/6&#8220;)<\/em><br>Bestimmte Luftfracht-Spediteure bei IATA-Agenten.<br>Personen, die ihre bisherige Schulungsbescheinigung CBTA C oder C,F auffrischen m\u00f6chten.  Die Auffrischung kann \u00fcber diese CBTA-F-oder C, F Schulung erfolgen.<br><em>Hinweis: <\/em><br><em>Es gibt nur ein Buchungsformular, bei Vorzertifikat F erfolgt F Refresh, bei Vorzertifikat C,F-Kombi erfolgt kombinierter C, F Refresh.<\/em><\/p>\n\n\n\n<hr class=\"wp-block-separator has-alpha-channel-opacity is-style-wide\"\/>\n\n\n\n<p><a href=\"https:\/\/www.alpha-gefahrgut-consulting.de\/index.php\/gefahrgutschulung-lbaicaoiata\/\"><span style=\"color: #0000ff;\">Mehr Informationen \u00fcber das Schulungsprogramm<\/span><\/a><\/p>\n\n\n\n<hr class=\"wp-block-separator has-alpha-channel-opacity is-style-wide\"\/>\n","protected":false},"excerpt":{"rendered":"<p>CBTA- Gefahrgutschulung f\u00fcr Annahmekontrolleure&nbsp;&nbsp;(&#8222;Checker&#8220;)und bestimmte Luftfrachtspediteure (IATA-Agenten), ehem PK 3,6 CBTA- Gefahrgutschulung in zwei Varianten: Mit oder ohne Radioaktiv. Sie k\u00f6nnen die der Schulung zugrunde liegende TNA einsehen und downloaden: Teilnahmebedingungen und TNA.&nbsp;Sie m\u00f6chten die TNA im Dialog erarbeiten? Das geht auch&#8230;Anmeldeformular Refresher: Hinweis:Gem\u00e4\u00df LBA-Auslegungen muss ein Vorzertifikat CBTA-F bzw. C.F keinen (!) Kenntnisstand (Level &hellip; <\/p>\n<p class=\"link-more\"><a href=\"https:\/\/www.alpha-gefahrgut-consulting.de\/index.php\/cbta-annahmekontrolle\/\" class=\"more-link\"><span class=\"screen-reader-text\">\u201eCBTA Gefahrgutschulung Annahmekontrolle\u201c<\/span> weiterlesen<\/a><\/p>\n","protected":false},"author":1,"featured_media":0,"parent":0,"menu_order":0,"comment_status":"closed","ping_status":"closed","template":"","meta":{"episode_type":"","audio_file":"","podmotor_file_id":"","podmotor_episode_id":"","cover_image":"","cover_image_id":"","duration":"","filesize":"","filesize_raw":"","date_recorded":"","explicit":"","block":"","footnotes":""},"class_list":["post-1164","page","type-page","status-publish","hentry"],"yoast_head":"<!-- This site is optimized with the Yoast SEO plugin v27.4 - https:\/\/yoast.com\/product\/yoast-seo-wordpress\/ -->\n<title>CBTA Gefahrgutschulung Annahmekontrolle - ALPHA GEFAHRGUT CONSULTING<\/title>\n<meta name=\"description\" content=\"ALPHA GEFAHRGUT CONSULTING\" \/>\n<meta name=\"robots\" content=\"index, follow, max-snippet:-1, max-image-preview:large, max-video-preview:-1\" \/>\n<link rel=\"canonical\" href=\"https:\/\/www.alpha-gefahrgut-consulting.de\/index.php\/cbta-annahmekontrolle\/\" \/>\n<meta property=\"og:locale\" content=\"de_DE\" \/>\n<meta property=\"og:type\" content=\"article\" \/>\n<meta property=\"og:title\" content=\"CBTA Gefahrgutschulung Annahmekontrolle - ALPHA GEFAHRGUT CONSULTING\" \/>\n<meta property=\"og:description\" content=\"ALPHA GEFAHRGUT CONSULTING\" \/>\n<meta property=\"og:url\" content=\"https:\/\/www.alpha-gefahrgut-consulting.de\/index.php\/cbta-annahmekontrolle\/\" \/>\n<meta property=\"og:site_name\" content=\"ALPHA GEFAHRGUT CONSULTING\" \/>\n<meta property=\"article:modified_time\" content=\"2026-02-18T16:07:37+00:00\" \/>\n<meta property=\"og:image\" content=\"https:\/\/www.alpha-gefahrgut-consulting.de\/wp-content\/uploads\/2022\/10\/AGC-CBTA-Training-Checkers.jpg\" \/>\n\t<meta property=\"og:image:width\" content=\"748\" \/>\n\t<meta property=\"og:image:height\" content=\"371\" \/>\n\t<meta property=\"og:image:type\" content=\"image\/jpeg\" \/>\n<meta name=\"twitter:card\" content=\"summary_large_image\" \/>\n<meta name=\"twitter:site\" content=\"@Alpha_Gefahrgut\" \/>\n<meta name=\"twitter:label1\" content=\"Gesch\u00e4tzte Lesezeit\" \/>\n\t<meta name=\"twitter:data1\" content=\"2\u00a0Minuten\" \/>\n<script type=\"application\/ld+json\" class=\"yoast-schema-graph\">{\"@context\":\"https:\\\/\\\/schema.org\",\"@graph\":[{\"@type\":\"WebPage\",\"@id\":\"https:\\\/\\\/www.alpha-gefahrgut-consulting.de\\\/index.php\\\/cbta-annahmekontrolle\\\/\",\"url\":\"https:\\\/\\\/www.alpha-gefahrgut-consulting.de\\\/index.php\\\/cbta-annahmekontrolle\\\/\",\"name\":\"CBTA Gefahrgutschulung Annahmekontrolle - ALPHA GEFAHRGUT CONSULTING\",\"isPartOf\":{\"@id\":\"https:\\\/\\\/www.alpha-gefahrgut-consulting.de\\\/#website\"},\"primaryImageOfPage\":{\"@id\":\"https:\\\/\\\/www.alpha-gefahrgut-consulting.de\\\/index.php\\\/cbta-annahmekontrolle\\\/#primaryimage\"},\"image\":{\"@id\":\"https:\\\/\\\/www.alpha-gefahrgut-consulting.de\\\/index.php\\\/cbta-annahmekontrolle\\\/#primaryimage\"},\"thumbnailUrl\":\"https:\\\/\\\/www.alpha-gefahrgut-consulting.de\\\/wp-content\\\/uploads\\\/2022\\\/10\\\/AGC-CBTA-Training-Checkers.jpg\",\"datePublished\":\"2022-10-15T14:05:16+00:00\",\"dateModified\":\"2026-02-18T16:07:37+00:00\",\"description\":\"ALPHA GEFAHRGUT CONSULTING\",\"breadcrumb\":{\"@id\":\"https:\\\/\\\/www.alpha-gefahrgut-consulting.de\\\/index.php\\\/cbta-annahmekontrolle\\\/#breadcrumb\"},\"inLanguage\":\"de\",\"potentialAction\":[{\"@type\":\"ReadAction\",\"target\":[\"https:\\\/\\\/www.alpha-gefahrgut-consulting.de\\\/index.php\\\/cbta-annahmekontrolle\\\/\"]}]},{\"@type\":\"ImageObject\",\"inLanguage\":\"de\",\"@id\":\"https:\\\/\\\/www.alpha-gefahrgut-consulting.de\\\/index.php\\\/cbta-annahmekontrolle\\\/#primaryimage\",\"url\":\"https:\\\/\\\/www.alpha-gefahrgut-consulting.de\\\/wp-content\\\/uploads\\\/2022\\\/10\\\/AGC-CBTA-Training-Checkers.jpg\",\"contentUrl\":\"https:\\\/\\\/www.alpha-gefahrgut-consulting.de\\\/wp-content\\\/uploads\\\/2022\\\/10\\\/AGC-CBTA-Training-Checkers.jpg\",\"width\":748,\"height\":371,\"caption\":\"Gefahrgut-Schulung nach IATA-DGR, ICAO-TI, CBTA, NfL, LBA-anerkannt, f\u00fcr Annahmekontrolleure\"},{\"@type\":\"BreadcrumbList\",\"@id\":\"https:\\\/\\\/www.alpha-gefahrgut-consulting.de\\\/index.php\\\/cbta-annahmekontrolle\\\/#breadcrumb\",\"itemListElement\":[{\"@type\":\"ListItem\",\"position\":1,\"name\":\"Startseite\",\"item\":\"https:\\\/\\\/www.alpha-gefahrgut-consulting.de\\\/\"},{\"@type\":\"ListItem\",\"position\":2,\"name\":\"CBTA Gefahrgutschulung Annahmekontrolle\"}]},{\"@type\":\"WebSite\",\"@id\":\"https:\\\/\\\/www.alpha-gefahrgut-consulting.de\\\/#website\",\"url\":\"https:\\\/\\\/www.alpha-gefahrgut-consulting.de\\\/\",\"name\":\"ALPHA GEFAHRGUT CONSULTING\",\"description\":\"First Class Dangerous Goods Consulting, Management, Training.\",\"publisher\":{\"@id\":\"https:\\\/\\\/www.alpha-gefahrgut-consulting.de\\\/#organization\"},\"potentialAction\":[{\"@type\":\"SearchAction\",\"target\":{\"@type\":\"EntryPoint\",\"urlTemplate\":\"https:\\\/\\\/www.alpha-gefahrgut-consulting.de\\\/?s={search_term_string}\"},\"query-input\":{\"@type\":\"PropertyValueSpecification\",\"valueRequired\":true,\"valueName\":\"search_term_string\"}}],\"inLanguage\":\"de\"},{\"@type\":\"Organization\",\"@id\":\"https:\\\/\\\/www.alpha-gefahrgut-consulting.de\\\/#organization\",\"name\":\"ALPHA GEFAHRGUT CONSULTING\",\"url\":\"https:\\\/\\\/www.alpha-gefahrgut-consulting.de\\\/\",\"logo\":{\"@type\":\"ImageObject\",\"inLanguage\":\"de\",\"@id\":\"https:\\\/\\\/www.alpha-gefahrgut-consulting.de\\\/#\\\/schema\\\/logo\\\/image\\\/\",\"url\":\"https:\\\/\\\/www.alpha-gefahrgut-consulting.de\\\/wp-content\\\/uploads\\\/2020\\\/04\\\/cropped-AGCLogoBlech-c.jpg\",\"contentUrl\":\"https:\\\/\\\/www.alpha-gefahrgut-consulting.de\\\/wp-content\\\/uploads\\\/2020\\\/04\\\/cropped-AGCLogoBlech-c.jpg\",\"width\":250,\"height\":250,\"caption\":\"ALPHA GEFAHRGUT CONSULTING\"},\"image\":{\"@id\":\"https:\\\/\\\/www.alpha-gefahrgut-consulting.de\\\/#\\\/schema\\\/logo\\\/image\\\/\"},\"sameAs\":[\"https:\\\/\\\/x.com\\\/Alpha_Gefahrgut\",\"https:\\\/\\\/www.youtube.com\\\/@AlphaDGConsulting\",\"https:\\\/\\\/buymeacoffee.com\\\/AlphaDGConsulting\",\"https:\\\/\\\/bsky.app\\\/profile\\\/alpha-gefahrgut.bsky.social\",\"https:\\\/\\\/www.reddit.com\\\/user\\\/United_Ad5357\\\/\",\"https:\\\/\\\/semasocial.com\\\/profile\\\/247322\",\"https:\\\/\\\/truthsocial.com\\\/@AlphaDangerousGoodsConsulting\",\"https:\\\/\\\/www.linkedin.com\\\/in\\\/michael-miska-mm\\\/\",\"https:\\\/\\\/www.xing.com\\\/profile\\\/Michael_Miska088516\\\/web_profiles\",\"https:\\\/\\\/rumble.com\\\/user\\\/AlphaDangerousGoodsConsulting\",\"https:\\\/\\\/de.pinterest.com\\\/AlphaGefahrgutConsulting\\\/\"]}]}<\/script>\n<!-- \/ Yoast SEO plugin. -->","yoast_head_json":{"title":"CBTA Gefahrgutschulung Annahmekontrolle - ALPHA GEFAHRGUT CONSULTING","description":"ALPHA GEFAHRGUT CONSULTING","robots":{"index":"index","follow":"follow","max-snippet":"max-snippet:-1","max-image-preview":"max-image-preview:large","max-video-preview":"max-video-preview:-1"},"canonical":"https:\/\/www.alpha-gefahrgut-consulting.de\/index.php\/cbta-annahmekontrolle\/","og_locale":"de_DE","og_type":"article","og_title":"CBTA Gefahrgutschulung Annahmekontrolle - ALPHA GEFAHRGUT CONSULTING","og_description":"ALPHA GEFAHRGUT CONSULTING","og_url":"https:\/\/www.alpha-gefahrgut-consulting.de\/index.php\/cbta-annahmekontrolle\/","og_site_name":"ALPHA GEFAHRGUT CONSULTING","article_modified_time":"2026-02-18T16:07:37+00:00","og_image":[{"width":748,"height":371,"url":"https:\/\/www.alpha-gefahrgut-consulting.de\/wp-content\/uploads\/2022\/10\/AGC-CBTA-Training-Checkers.jpg","type":"image\/jpeg"}],"twitter_card":"summary_large_image","twitter_site":"@Alpha_Gefahrgut","twitter_misc":{"Gesch\u00e4tzte Lesezeit":"2\u00a0Minuten"},"schema":{"@context":"https:\/\/schema.org","@graph":[{"@type":"WebPage","@id":"https:\/\/www.alpha-gefahrgut-consulting.de\/index.php\/cbta-annahmekontrolle\/","url":"https:\/\/www.alpha-gefahrgut-consulting.de\/index.php\/cbta-annahmekontrolle\/","name":"CBTA Gefahrgutschulung Annahmekontrolle - ALPHA GEFAHRGUT CONSULTING","isPartOf":{"@id":"https:\/\/www.alpha-gefahrgut-consulting.de\/#website"},"primaryImageOfPage":{"@id":"https:\/\/www.alpha-gefahrgut-consulting.de\/index.php\/cbta-annahmekontrolle\/#primaryimage"},"image":{"@id":"https:\/\/www.alpha-gefahrgut-consulting.de\/index.php\/cbta-annahmekontrolle\/#primaryimage"},"thumbnailUrl":"https:\/\/www.alpha-gefahrgut-consulting.de\/wp-content\/uploads\/2022\/10\/AGC-CBTA-Training-Checkers.jpg","datePublished":"2022-10-15T14:05:16+00:00","dateModified":"2026-02-18T16:07:37+00:00","description":"ALPHA GEFAHRGUT CONSULTING","breadcrumb":{"@id":"https:\/\/www.alpha-gefahrgut-consulting.de\/index.php\/cbta-annahmekontrolle\/#breadcrumb"},"inLanguage":"de","potentialAction":[{"@type":"ReadAction","target":["https:\/\/www.alpha-gefahrgut-consulting.de\/index.php\/cbta-annahmekontrolle\/"]}]},{"@type":"ImageObject","inLanguage":"de","@id":"https:\/\/www.alpha-gefahrgut-consulting.de\/index.php\/cbta-annahmekontrolle\/#primaryimage","url":"https:\/\/www.alpha-gefahrgut-consulting.de\/wp-content\/uploads\/2022\/10\/AGC-CBTA-Training-Checkers.jpg","contentUrl":"https:\/\/www.alpha-gefahrgut-consulting.de\/wp-content\/uploads\/2022\/10\/AGC-CBTA-Training-Checkers.jpg","width":748,"height":371,"caption":"Gefahrgut-Schulung nach IATA-DGR, ICAO-TI, CBTA, NfL, LBA-anerkannt, f\u00fcr Annahmekontrolleure"},{"@type":"BreadcrumbList","@id":"https:\/\/www.alpha-gefahrgut-consulting.de\/index.php\/cbta-annahmekontrolle\/#breadcrumb","itemListElement":[{"@type":"ListItem","position":1,"name":"Startseite","item":"https:\/\/www.alpha-gefahrgut-consulting.de\/"},{"@type":"ListItem","position":2,"name":"CBTA Gefahrgutschulung Annahmekontrolle"}]},{"@type":"WebSite","@id":"https:\/\/www.alpha-gefahrgut-consulting.de\/#website","url":"https:\/\/www.alpha-gefahrgut-consulting.de\/","name":"ALPHA GEFAHRGUT CONSULTING","description":"First Class Dangerous Goods Consulting, Management, Training.","publisher":{"@id":"https:\/\/www.alpha-gefahrgut-consulting.de\/#organization"},"potentialAction":[{"@type":"SearchAction","target":{"@type":"EntryPoint","urlTemplate":"https:\/\/www.alpha-gefahrgut-consulting.de\/?s={search_term_string}"},"query-input":{"@type":"PropertyValueSpecification","valueRequired":true,"valueName":"search_term_string"}}],"inLanguage":"de"},{"@type":"Organization","@id":"https:\/\/www.alpha-gefahrgut-consulting.de\/#organization","name":"ALPHA GEFAHRGUT CONSULTING","url":"https:\/\/www.alpha-gefahrgut-consulting.de\/","logo":{"@type":"ImageObject","inLanguage":"de","@id":"https:\/\/www.alpha-gefahrgut-consulting.de\/#\/schema\/logo\/image\/","url":"https:\/\/www.alpha-gefahrgut-consulting.de\/wp-content\/uploads\/2020\/04\/cropped-AGCLogoBlech-c.jpg","contentUrl":"https:\/\/www.alpha-gefahrgut-consulting.de\/wp-content\/uploads\/2020\/04\/cropped-AGCLogoBlech-c.jpg","width":250,"height":250,"caption":"ALPHA GEFAHRGUT CONSULTING"},"image":{"@id":"https:\/\/www.alpha-gefahrgut-consulting.de\/#\/schema\/logo\/image\/"},"sameAs":["https:\/\/x.com\/Alpha_Gefahrgut","https:\/\/www.youtube.com\/@AlphaDGConsulting","https:\/\/buymeacoffee.com\/AlphaDGConsulting","https:\/\/bsky.app\/profile\/alpha-gefahrgut.bsky.social","https:\/\/www.reddit.com\/user\/United_Ad5357\/","https:\/\/semasocial.com\/profile\/247322","https:\/\/truthsocial.com\/@AlphaDangerousGoodsConsulting","https:\/\/www.linkedin.com\/in\/michael-miska-mm\/","https:\/\/www.xing.com\/profile\/Michael_Miska088516\/web_profiles","https:\/\/rumble.com\/user\/AlphaDangerousGoodsConsulting","https:\/\/de.pinterest.com\/AlphaGefahrgutConsulting\/"]}]}},"_links":{"self":[{"href":"https:\/\/www.alpha-gefahrgut-consulting.de\/index.php\/wp-json\/wp\/v2\/pages\/1164","targetHints":{"allow":["GET"]}}],"collection":[{"href":"https:\/\/www.alpha-gefahrgut-consulting.de\/index.php\/wp-json\/wp\/v2\/pages"}],"about":[{"href":"https:\/\/www.alpha-gefahrgut-consulting.de\/index.php\/wp-json\/wp\/v2\/types\/page"}],"author":[{"embeddable":true,"href":"https:\/\/www.alpha-gefahrgut-consulting.de\/index.php\/wp-json\/wp\/v2\/users\/1"}],"replies":[{"embeddable":true,"href":"https:\/\/www.alpha-gefahrgut-consulting.de\/index.php\/wp-json\/wp\/v2\/comments?post=1164"}],"version-history":[{"count":55,"href":"https:\/\/www.alpha-gefahrgut-consulting.de\/index.php\/wp-json\/wp\/v2\/pages\/1164\/revisions"}],"predecessor-version":[{"id":11378,"href":"https:\/\/www.alpha-gefahrgut-consulting.de\/index.php\/wp-json\/wp\/v2\/pages\/1164\/revisions\/11378"}],"wp:attachment":[{"href":"https:\/\/www.alpha-gefahrgut-consulting.de\/index.php\/wp-json\/wp\/v2\/media?parent=1164"}],"curies":[{"name":"wp","href":"https:\/\/api.w.org\/{rel}","templated":true}]}}