{"id":1155,"date":"2022-10-15T15:32:23","date_gmt":"2022-10-15T13:32:23","guid":{"rendered":"https:\/\/www.alpha-gefahrgut-consulting.de\/?page_id=1155"},"modified":"2026-02-18T17:05:20","modified_gmt":"2026-02-18T16:05:20","slug":"cbta-gefahrgutschulung-spediteure","status":"publish","type":"page","link":"https:\/\/www.alpha-gefahrgut-consulting.de\/index.php\/cbta-gefahrgutschulung-spediteure\/","title":{"rendered":"CBTA Gefahrgutschulung Spediteure"},"content":{"rendered":"\n<p><strong>CBTA-Gefahrgutschulung Spediteure (Luft)<br><\/strong><\/p>\n\n\n\n<p>CBTA- Gefahrgutschulungen f\u00fcr Luftfracht-Spediteure<br>in zwei Varianten: Mit oder ohne Radioaktiv.<br><em><br><\/em><img loading=\"lazy\" decoding=\"async\" class=\"alignnone size-full wp-image-1142\" src=\"https:\/\/www.alpha-gefahrgut-consulting.de\/wp-content\/uploads\/2022\/10\/AGC-CBTA-Trainings-Forwarders.jpg\" alt=\"\" width=\"748\" height=\"371\" srcset=\"https:\/\/www.alpha-gefahrgut-consulting.de\/wp-content\/uploads\/2022\/10\/AGC-CBTA-Trainings-Forwarders.jpg 748w, https:\/\/www.alpha-gefahrgut-consulting.de\/wp-content\/uploads\/2022\/10\/AGC-CBTA-Trainings-Forwarders-300x149.jpg 300w\" sizes=\"auto, (max-width: 706px) 89vw, (max-width: 767px) 82vw, 740px\" \/><\/p>\n\n\n\n<p>Sie k\u00f6nnen die der Schulung zugrunde liegende TNA einsehen und downloaden: <a href=\"https:\/\/www.alpha-gefahrgut-consulting.de\/index.php\/teilnahmebedingungen-forward\/\"><span style=\"color: #0000ff;\">Teilnahmebedingungen und TNA<\/span><\/a>.<br>Sie m\u00f6chten die <span style=\"color: #0000ff;\"><a style=\"color: #0000ff;\" href=\"https:\/\/www.alpha-gefahrgut-consulting.de\/index.php\/cbta-tna-im-dialog\/\">TNA im Dialog<\/a><\/span> erarbeiten? Das geht auch.<br>.<br>.<br><strong>Anmeldeformular Refresher: <\/strong><\/p>\n\n\n\n<div data-wp-interactive=\"core\/file\" class=\"wp-block-file\"><object data-wp-bind--hidden=\"!state.hasPdfPreview\" hidden class=\"wp-block-file__embed\" data=\"https:\/\/www.alpha-gefahrgut-consulting.de\/wp-content\/uploads\/2026\/02\/ALPHA-CBTA-Anmeldeformular-Gefahrgutschulung-Spediteure.pdf\" type=\"application\/pdf\" style=\"width:100%;height:600px\" aria-label=\"Einbettung von ALPHA-CBTA-Anmeldeformular-Gefahrgutschulung-Spediteure.\"><\/object><a id=\"wp-block-file--media-2de6fe5d-ffa5-4086-b56e-bb2dabb0b1d4\" href=\"https:\/\/www.alpha-gefahrgut-consulting.de\/wp-content\/uploads\/2026\/02\/ALPHA-CBTA-Anmeldeformular-Gefahrgutschulung-Spediteure.pdf\">ALPHA-CBTA-Anmeldeformular-Gefahrgutschulung-Spediteure<\/a><a href=\"https:\/\/www.alpha-gefahrgut-consulting.de\/wp-content\/uploads\/2026\/02\/ALPHA-CBTA-Anmeldeformular-Gefahrgutschulung-Spediteure.pdf\" class=\"wp-block-file__button wp-element-button\" download aria-describedby=\"wp-block-file--media-2de6fe5d-ffa5-4086-b56e-bb2dabb0b1d4\">Herunterladen<\/a><\/div>\n\n\n\n<p><strong><span style=\"color: #0000ff;\"><br><\/span><\/strong><em><strong>Hinweis:<\/strong><br>Gem\u00e4\u00df LBA-Auslegungen muss ein <strong>Vorzertifikat<\/strong> CBTA-C <strong>keinen<\/strong> (!) Kenntnisstand (Level of Proficiency) (also 1 bis 4 Sterne) ausweisen.<br>Wir weisen nach dieser Schulung in der Schulungsbescheinigung den Kenntnisstand mit 3 Sternen (***), also Professionell (engl. CBTA.: Intermediate), aus.<\/em><\/p>\n\n\n\n<hr class=\"wp-block-separator has-alpha-channel-opacity is-style-wide\"\/>\n\n\n\n<p><strong>Sofern Sie im Anmeldeformular noch keine Angaben zum Assessment machen k\u00f6nnen<\/strong>, k\u00f6nnen Sie diese Angaben per Anlage 1 bitte bis zum Beginn der Schulung nachmelden:<br><strong>Anlage 1<\/strong> (Nachmeldung bzw. Details zum letzten Assessment):<br><\/p>\n\n\n\n<div data-wp-interactive=\"core\/file\" class=\"wp-block-file\"><object data-wp-bind--hidden=\"!state.hasPdfPreview\" hidden class=\"wp-block-file__embed\" data=\"https:\/\/www.alpha-gefahrgut-consulting.de\/wp-content\/uploads\/2026\/02\/ALPHA-CBTA-Anlage-zum-Refresher-Anmeldeformular.pdf\" type=\"application\/pdf\" style=\"width:100%;height:600px\" aria-label=\"Einbettung von ALPHA-CBTA-Anlage zum Refresher-Anmeldeformular.\"><\/object><a id=\"wp-block-file--media-2bc68335-583a-4d2e-ba76-1ecbb1e09ef8\" href=\"https:\/\/www.alpha-gefahrgut-consulting.de\/wp-content\/uploads\/2026\/02\/ALPHA-CBTA-Anlage-zum-Refresher-Anmeldeformular.pdf\">ALPHA-CBTA-Anlage zum Refresher-Anmeldeformular<\/a><a href=\"https:\/\/www.alpha-gefahrgut-consulting.de\/wp-content\/uploads\/2026\/02\/ALPHA-CBTA-Anlage-zum-Refresher-Anmeldeformular.pdf\" class=\"wp-block-file__button wp-element-button\" download aria-describedby=\"wp-block-file--media-2bc68335-583a-4d2e-ba76-1ecbb1e09ef8\">Herunterladen<\/a><\/div>\n\n\n\n<hr class=\"wp-block-separator has-alpha-channel-opacity is-style-wide\"\/>\n\n\n\n<p><strong>Optional<\/strong> k\u00f6nnen Sie auch ein f\u00fcr diese Schulung passgenaues CBTA-Assessment absolvieren. Ein Assessment muss innerhalb des G\u00fcltigkeitszeitraumes der Schulungsbescheinigung absolviert werden.<\/p>\n\n\n\n<p> <span style=\"color: #0000ff;\"><mark style=\"background-color:rgba(0, 0, 0, 0)\" class=\"has-inline-color has-black-color\"><strong>Anmeldeformular CBTA-Assessment:<\/strong><\/mark><\/span><\/p>\n\n\n\n<div data-wp-interactive=\"core\/file\" class=\"wp-block-file\"><object data-wp-bind--hidden=\"!state.hasPdfPreview\" hidden class=\"wp-block-file__embed\" data=\"https:\/\/www.alpha-gefahrgut-consulting.de\/wp-content\/uploads\/2026\/02\/ALPHA-Anmeldeformular-CBTA_Assessment.pdf\" type=\"application\/pdf\" style=\"width:100%;height:600px\" aria-label=\"Einbettung von ALPHA-Anmeldeformular-CBTA_Assessment.\"><\/object><a id=\"wp-block-file--media-c57df239-93b4-4c85-87a8-164ccca62078\" href=\"https:\/\/www.alpha-gefahrgut-consulting.de\/wp-content\/uploads\/2026\/02\/ALPHA-Anmeldeformular-CBTA_Assessment.pdf\">ALPHA-Anmeldeformular-CBTA_Assessment<\/a><a href=\"https:\/\/www.alpha-gefahrgut-consulting.de\/wp-content\/uploads\/2026\/02\/ALPHA-Anmeldeformular-CBTA_Assessment.pdf\" class=\"wp-block-file__button wp-element-button\" download aria-describedby=\"wp-block-file--media-c57df239-93b4-4c85-87a8-164ccca62078\">Herunterladen<\/a><\/div>\n\n\n\n<p>Detaillierte Informationen zum Thema CBTA-Assessment und die Teilnahmebedingungen daf\u00fcr finden Sie <a href=\"https:\/\/www.alpha-gefahrgut-consulting.de\/index.php\/cbta-assessment\/\"><span style=\"color: #0000ff;\">hier<\/span><\/a>.<\/p>\n\n\n\n<hr class=\"wp-block-separator has-alpha-channel-opacity is-style-wide\"\/>\n\n\n\n<p><strong>Wer ben\u00f6tigt die CBTA- &#8222;C&#8220; Schulung<\/strong>?<br>Personen, die in einer Luftfrachtspedition arbeiten, insbesondere sogenannte (registrierte) &#8222;IATA-Agenten&#8220;, die an der Bef\u00f6rderung beteiligter G\u00fcter im Luftverkehr beteiligt sind.<br>Personen, die ihre bisherige Schulungsbescheinigung auffrischen m\u00f6chten<br>Der Refresh kann \u00fcber diese CBTA- C- Schulung erfolgen.<\/p>\n\n\n\n<hr class=\"wp-block-separator has-alpha-channel-opacity is-style-wide\"\/>\n\n\n\n<p><em><strong>Achtung:<\/strong><\/em><br><em>Personen, die in einer Spedition bzw bei einem Logistikunternehmen besch\u00e4ftigt sind und dort im Kundenauftrag gef\u00e4hrliche G\u00fcter verpacken bzw zum Versand vorbereiten (insbesondere die Versendererkl\u00e4rung unterzeichnen) bzw solche G\u00fcter einer Luftverkehrsgesellschaft direkt oder indirekt zur Bef\u00f6rderung andienen, ben\u00f6tigen daf\u00fcr eine CBTA-Schulung als Versender, Verpacker (wie im Einzelfall zutreffend). <\/em><br><em>Sie arbeiten als Luftfracht-Spediteur und zugleich als Versender, Verpacker?<\/em><br><em>Das integrierte Schulungsprogramm der Alpha Gefahrgut Consulting erm\u00f6glicht es Ihnen, bei Bedarf alle notwendigen Schulungsinhalte in einer kombinierten CBTA-Schulung zu erwerben.<br>Sprechen oder schreiben Sie uns einfach an!<\/em><\/p>\n\n\n\n<hr class=\"wp-block-separator has-alpha-channel-opacity is-style-wide\"\/>\n\n\n\n<p><a href=\"https:\/\/www.alpha-gefahrgut-consulting.de\/index.php\/gefahrgutschulung-lbaicaoiata\/\"><span style=\"color: #0000ff;\">Mehr Informationen \u00fcber das Schulungsprogramm<\/span><\/a><\/p>\n\n\n\n<hr class=\"wp-block-separator has-alpha-channel-opacity\"\/>\n","protected":false},"excerpt":{"rendered":"<p>CBTA-Gefahrgutschulung Spediteure (Luft) CBTA- Gefahrgutschulungen f\u00fcr Luftfracht-Spediteurein zwei Varianten: Mit oder ohne Radioaktiv. Sie k\u00f6nnen die der Schulung zugrunde liegende TNA einsehen und downloaden: Teilnahmebedingungen und TNA.Sie m\u00f6chten die TNA im Dialog erarbeiten? Das geht auch&#8230;Anmeldeformular Refresher: Hinweis:Gem\u00e4\u00df LBA-Auslegungen muss ein Vorzertifikat CBTA-C keinen (!) Kenntnisstand (Level of Proficiency) (also 1 bis 4 Sterne) ausweisen.Wir &hellip; <\/p>\n<p class=\"link-more\"><a href=\"https:\/\/www.alpha-gefahrgut-consulting.de\/index.php\/cbta-gefahrgutschulung-spediteure\/\" class=\"more-link\"><span class=\"screen-reader-text\">\u201eCBTA Gefahrgutschulung Spediteure\u201c<\/span> weiterlesen<\/a><\/p>\n","protected":false},"author":1,"featured_media":0,"parent":0,"menu_order":0,"comment_status":"closed","ping_status":"closed","template":"","meta":{"episode_type":"","audio_file":"","podmotor_file_id":"","podmotor_episode_id":"","cover_image":"","cover_image_id":"","duration":"","filesize":"","filesize_raw":"","date_recorded":"","explicit":"","block":"","footnotes":""},"class_list":["post-1155","page","type-page","status-publish","hentry"],"yoast_head":"<!-- This site is optimized with the Yoast SEO plugin v27.4 - https:\/\/yoast.com\/product\/yoast-seo-wordpress\/ -->\n<title>Buchen Sie hier die CBTA-Schulung f\u00fcr Spediteure<\/title>\n<meta name=\"description\" content=\"CBTA-Gefahrgut-Schulung f\u00fcr Luftfrachtspediteure. Mit oder ohne Klasse 7 buchbar. Monatliche Starts im Virtual Classroom. 100% Digital. LBA-anerkannt.\" \/>\n<meta name=\"robots\" content=\"index, follow, max-snippet:-1, max-image-preview:large, max-video-preview:-1\" \/>\n<link rel=\"canonical\" href=\"https:\/\/www.alpha-gefahrgut-consulting.de\/index.php\/cbta-gefahrgutschulung-spediteure\/\" \/>\n<meta property=\"og:locale\" content=\"de_DE\" \/>\n<meta property=\"og:type\" content=\"article\" \/>\n<meta property=\"og:title\" content=\"Buchen Sie hier die CBTA-Schulung f\u00fcr Spediteure\" \/>\n<meta property=\"og:description\" content=\"CBTA-Gefahrgut-Schulung f\u00fcr Luftfrachtspediteure. Mit oder ohne Klasse 7 buchbar. Monatliche Starts im Virtual Classroom. 100% Digital. LBA-anerkannt.\" \/>\n<meta property=\"og:url\" content=\"https:\/\/www.alpha-gefahrgut-consulting.de\/index.php\/cbta-gefahrgutschulung-spediteure\/\" \/>\n<meta property=\"og:site_name\" content=\"ALPHA GEFAHRGUT CONSULTING\" \/>\n<meta property=\"article:modified_time\" content=\"2026-02-18T16:05:20+00:00\" \/>\n<meta property=\"og:image\" content=\"https:\/\/www.alpha-gefahrgut-consulting.de\/wp-content\/uploads\/2022\/10\/AGC-CBTA-Trainings-Forwarders.jpg\" \/>\n\t<meta property=\"og:image:width\" content=\"748\" \/>\n\t<meta property=\"og:image:height\" content=\"371\" \/>\n\t<meta property=\"og:image:type\" content=\"image\/jpeg\" \/>\n<meta name=\"twitter:card\" content=\"summary_large_image\" \/>\n<meta name=\"twitter:site\" content=\"@Alpha_Gefahrgut\" \/>\n<meta name=\"twitter:label1\" content=\"Gesch\u00e4tzte Lesezeit\" \/>\n\t<meta name=\"twitter:data1\" content=\"2\u00a0Minuten\" \/>\n<script type=\"application\/ld+json\" class=\"yoast-schema-graph\">{\"@context\":\"https:\\\/\\\/schema.org\",\"@graph\":[{\"@type\":\"WebPage\",\"@id\":\"https:\\\/\\\/www.alpha-gefahrgut-consulting.de\\\/index.php\\\/cbta-gefahrgutschulung-spediteure\\\/\",\"url\":\"https:\\\/\\\/www.alpha-gefahrgut-consulting.de\\\/index.php\\\/cbta-gefahrgutschulung-spediteure\\\/\",\"name\":\"Buchen Sie hier die CBTA-Schulung f\u00fcr Spediteure\",\"isPartOf\":{\"@id\":\"https:\\\/\\\/www.alpha-gefahrgut-consulting.de\\\/#website\"},\"primaryImageOfPage\":{\"@id\":\"https:\\\/\\\/www.alpha-gefahrgut-consulting.de\\\/index.php\\\/cbta-gefahrgutschulung-spediteure\\\/#primaryimage\"},\"image\":{\"@id\":\"https:\\\/\\\/www.alpha-gefahrgut-consulting.de\\\/index.php\\\/cbta-gefahrgutschulung-spediteure\\\/#primaryimage\"},\"thumbnailUrl\":\"https:\\\/\\\/www.alpha-gefahrgut-consulting.de\\\/wp-content\\\/uploads\\\/2022\\\/10\\\/AGC-CBTA-Trainings-Forwarders.jpg\",\"datePublished\":\"2022-10-15T13:32:23+00:00\",\"dateModified\":\"2026-02-18T16:05:20+00:00\",\"description\":\"CBTA-Gefahrgut-Schulung f\u00fcr Luftfrachtspediteure. Mit oder ohne Klasse 7 buchbar. Monatliche Starts im Virtual Classroom. 100% Digital. LBA-anerkannt.\",\"breadcrumb\":{\"@id\":\"https:\\\/\\\/www.alpha-gefahrgut-consulting.de\\\/index.php\\\/cbta-gefahrgutschulung-spediteure\\\/#breadcrumb\"},\"inLanguage\":\"de\",\"potentialAction\":[{\"@type\":\"ReadAction\",\"target\":[\"https:\\\/\\\/www.alpha-gefahrgut-consulting.de\\\/index.php\\\/cbta-gefahrgutschulung-spediteure\\\/\"]}]},{\"@type\":\"ImageObject\",\"inLanguage\":\"de\",\"@id\":\"https:\\\/\\\/www.alpha-gefahrgut-consulting.de\\\/index.php\\\/cbta-gefahrgutschulung-spediteure\\\/#primaryimage\",\"url\":\"https:\\\/\\\/www.alpha-gefahrgut-consulting.de\\\/wp-content\\\/uploads\\\/2022\\\/10\\\/AGC-CBTA-Trainings-Forwarders.jpg\",\"contentUrl\":\"https:\\\/\\\/www.alpha-gefahrgut-consulting.de\\\/wp-content\\\/uploads\\\/2022\\\/10\\\/AGC-CBTA-Trainings-Forwarders.jpg\",\"width\":748,\"height\":371,\"caption\":\"Symbolbild f\u00fcr Gefahrgut-Schulung nach IATA-DGR, ICAO-TI, CBTA, NfL, LBA-anerkannt\"},{\"@type\":\"BreadcrumbList\",\"@id\":\"https:\\\/\\\/www.alpha-gefahrgut-consulting.de\\\/index.php\\\/cbta-gefahrgutschulung-spediteure\\\/#breadcrumb\",\"itemListElement\":[{\"@type\":\"ListItem\",\"position\":1,\"name\":\"Startseite\",\"item\":\"https:\\\/\\\/www.alpha-gefahrgut-consulting.de\\\/\"},{\"@type\":\"ListItem\",\"position\":2,\"name\":\"CBTA Gefahrgutschulung Spediteure\"}]},{\"@type\":\"WebSite\",\"@id\":\"https:\\\/\\\/www.alpha-gefahrgut-consulting.de\\\/#website\",\"url\":\"https:\\\/\\\/www.alpha-gefahrgut-consulting.de\\\/\",\"name\":\"ALPHA GEFAHRGUT CONSULTING\",\"description\":\"First Class Dangerous Goods Consulting, Management, Training.\",\"publisher\":{\"@id\":\"https:\\\/\\\/www.alpha-gefahrgut-consulting.de\\\/#organization\"},\"potentialAction\":[{\"@type\":\"SearchAction\",\"target\":{\"@type\":\"EntryPoint\",\"urlTemplate\":\"https:\\\/\\\/www.alpha-gefahrgut-consulting.de\\\/?s={search_term_string}\"},\"query-input\":{\"@type\":\"PropertyValueSpecification\",\"valueRequired\":true,\"valueName\":\"search_term_string\"}}],\"inLanguage\":\"de\"},{\"@type\":\"Organization\",\"@id\":\"https:\\\/\\\/www.alpha-gefahrgut-consulting.de\\\/#organization\",\"name\":\"ALPHA GEFAHRGUT CONSULTING\",\"url\":\"https:\\\/\\\/www.alpha-gefahrgut-consulting.de\\\/\",\"logo\":{\"@type\":\"ImageObject\",\"inLanguage\":\"de\",\"@id\":\"https:\\\/\\\/www.alpha-gefahrgut-consulting.de\\\/#\\\/schema\\\/logo\\\/image\\\/\",\"url\":\"https:\\\/\\\/www.alpha-gefahrgut-consulting.de\\\/wp-content\\\/uploads\\\/2020\\\/04\\\/cropped-AGCLogoBlech-c.jpg\",\"contentUrl\":\"https:\\\/\\\/www.alpha-gefahrgut-consulting.de\\\/wp-content\\\/uploads\\\/2020\\\/04\\\/cropped-AGCLogoBlech-c.jpg\",\"width\":250,\"height\":250,\"caption\":\"ALPHA GEFAHRGUT CONSULTING\"},\"image\":{\"@id\":\"https:\\\/\\\/www.alpha-gefahrgut-consulting.de\\\/#\\\/schema\\\/logo\\\/image\\\/\"},\"sameAs\":[\"https:\\\/\\\/x.com\\\/Alpha_Gefahrgut\",\"https:\\\/\\\/www.youtube.com\\\/@AlphaDGConsulting\",\"https:\\\/\\\/buymeacoffee.com\\\/AlphaDGConsulting\",\"https:\\\/\\\/bsky.app\\\/profile\\\/alpha-gefahrgut.bsky.social\",\"https:\\\/\\\/www.reddit.com\\\/user\\\/United_Ad5357\\\/\",\"https:\\\/\\\/semasocial.com\\\/profile\\\/247322\",\"https:\\\/\\\/truthsocial.com\\\/@AlphaDangerousGoodsConsulting\",\"https:\\\/\\\/www.linkedin.com\\\/in\\\/michael-miska-mm\\\/\",\"https:\\\/\\\/www.xing.com\\\/profile\\\/Michael_Miska088516\\\/web_profiles\",\"https:\\\/\\\/rumble.com\\\/user\\\/AlphaDangerousGoodsConsulting\",\"https:\\\/\\\/de.pinterest.com\\\/AlphaGefahrgutConsulting\\\/\"]}]}<\/script>\n<!-- \/ Yoast SEO plugin. -->","yoast_head_json":{"title":"Buchen Sie hier die CBTA-Schulung f\u00fcr Spediteure","description":"CBTA-Gefahrgut-Schulung f\u00fcr Luftfrachtspediteure. Mit oder ohne Klasse 7 buchbar. Monatliche Starts im Virtual Classroom. 100% Digital. LBA-anerkannt.","robots":{"index":"index","follow":"follow","max-snippet":"max-snippet:-1","max-image-preview":"max-image-preview:large","max-video-preview":"max-video-preview:-1"},"canonical":"https:\/\/www.alpha-gefahrgut-consulting.de\/index.php\/cbta-gefahrgutschulung-spediteure\/","og_locale":"de_DE","og_type":"article","og_title":"Buchen Sie hier die CBTA-Schulung f\u00fcr Spediteure","og_description":"CBTA-Gefahrgut-Schulung f\u00fcr Luftfrachtspediteure. Mit oder ohne Klasse 7 buchbar. Monatliche Starts im Virtual Classroom. 100% Digital. LBA-anerkannt.","og_url":"https:\/\/www.alpha-gefahrgut-consulting.de\/index.php\/cbta-gefahrgutschulung-spediteure\/","og_site_name":"ALPHA GEFAHRGUT CONSULTING","article_modified_time":"2026-02-18T16:05:20+00:00","og_image":[{"width":748,"height":371,"url":"https:\/\/www.alpha-gefahrgut-consulting.de\/wp-content\/uploads\/2022\/10\/AGC-CBTA-Trainings-Forwarders.jpg","type":"image\/jpeg"}],"twitter_card":"summary_large_image","twitter_site":"@Alpha_Gefahrgut","twitter_misc":{"Gesch\u00e4tzte Lesezeit":"2\u00a0Minuten"},"schema":{"@context":"https:\/\/schema.org","@graph":[{"@type":"WebPage","@id":"https:\/\/www.alpha-gefahrgut-consulting.de\/index.php\/cbta-gefahrgutschulung-spediteure\/","url":"https:\/\/www.alpha-gefahrgut-consulting.de\/index.php\/cbta-gefahrgutschulung-spediteure\/","name":"Buchen Sie hier die CBTA-Schulung f\u00fcr Spediteure","isPartOf":{"@id":"https:\/\/www.alpha-gefahrgut-consulting.de\/#website"},"primaryImageOfPage":{"@id":"https:\/\/www.alpha-gefahrgut-consulting.de\/index.php\/cbta-gefahrgutschulung-spediteure\/#primaryimage"},"image":{"@id":"https:\/\/www.alpha-gefahrgut-consulting.de\/index.php\/cbta-gefahrgutschulung-spediteure\/#primaryimage"},"thumbnailUrl":"https:\/\/www.alpha-gefahrgut-consulting.de\/wp-content\/uploads\/2022\/10\/AGC-CBTA-Trainings-Forwarders.jpg","datePublished":"2022-10-15T13:32:23+00:00","dateModified":"2026-02-18T16:05:20+00:00","description":"CBTA-Gefahrgut-Schulung f\u00fcr Luftfrachtspediteure. Mit oder ohne Klasse 7 buchbar. Monatliche Starts im Virtual Classroom. 100% Digital. LBA-anerkannt.","breadcrumb":{"@id":"https:\/\/www.alpha-gefahrgut-consulting.de\/index.php\/cbta-gefahrgutschulung-spediteure\/#breadcrumb"},"inLanguage":"de","potentialAction":[{"@type":"ReadAction","target":["https:\/\/www.alpha-gefahrgut-consulting.de\/index.php\/cbta-gefahrgutschulung-spediteure\/"]}]},{"@type":"ImageObject","inLanguage":"de","@id":"https:\/\/www.alpha-gefahrgut-consulting.de\/index.php\/cbta-gefahrgutschulung-spediteure\/#primaryimage","url":"https:\/\/www.alpha-gefahrgut-consulting.de\/wp-content\/uploads\/2022\/10\/AGC-CBTA-Trainings-Forwarders.jpg","contentUrl":"https:\/\/www.alpha-gefahrgut-consulting.de\/wp-content\/uploads\/2022\/10\/AGC-CBTA-Trainings-Forwarders.jpg","width":748,"height":371,"caption":"Symbolbild f\u00fcr Gefahrgut-Schulung nach IATA-DGR, ICAO-TI, CBTA, NfL, LBA-anerkannt"},{"@type":"BreadcrumbList","@id":"https:\/\/www.alpha-gefahrgut-consulting.de\/index.php\/cbta-gefahrgutschulung-spediteure\/#breadcrumb","itemListElement":[{"@type":"ListItem","position":1,"name":"Startseite","item":"https:\/\/www.alpha-gefahrgut-consulting.de\/"},{"@type":"ListItem","position":2,"name":"CBTA Gefahrgutschulung Spediteure"}]},{"@type":"WebSite","@id":"https:\/\/www.alpha-gefahrgut-consulting.de\/#website","url":"https:\/\/www.alpha-gefahrgut-consulting.de\/","name":"ALPHA GEFAHRGUT CONSULTING","description":"First Class Dangerous Goods Consulting, Management, Training.","publisher":{"@id":"https:\/\/www.alpha-gefahrgut-consulting.de\/#organization"},"potentialAction":[{"@type":"SearchAction","target":{"@type":"EntryPoint","urlTemplate":"https:\/\/www.alpha-gefahrgut-consulting.de\/?s={search_term_string}"},"query-input":{"@type":"PropertyValueSpecification","valueRequired":true,"valueName":"search_term_string"}}],"inLanguage":"de"},{"@type":"Organization","@id":"https:\/\/www.alpha-gefahrgut-consulting.de\/#organization","name":"ALPHA GEFAHRGUT CONSULTING","url":"https:\/\/www.alpha-gefahrgut-consulting.de\/","logo":{"@type":"ImageObject","inLanguage":"de","@id":"https:\/\/www.alpha-gefahrgut-consulting.de\/#\/schema\/logo\/image\/","url":"https:\/\/www.alpha-gefahrgut-consulting.de\/wp-content\/uploads\/2020\/04\/cropped-AGCLogoBlech-c.jpg","contentUrl":"https:\/\/www.alpha-gefahrgut-consulting.de\/wp-content\/uploads\/2020\/04\/cropped-AGCLogoBlech-c.jpg","width":250,"height":250,"caption":"ALPHA GEFAHRGUT CONSULTING"},"image":{"@id":"https:\/\/www.alpha-gefahrgut-consulting.de\/#\/schema\/logo\/image\/"},"sameAs":["https:\/\/x.com\/Alpha_Gefahrgut","https:\/\/www.youtube.com\/@AlphaDGConsulting","https:\/\/buymeacoffee.com\/AlphaDGConsulting","https:\/\/bsky.app\/profile\/alpha-gefahrgut.bsky.social","https:\/\/www.reddit.com\/user\/United_Ad5357\/","https:\/\/semasocial.com\/profile\/247322","https:\/\/truthsocial.com\/@AlphaDangerousGoodsConsulting","https:\/\/www.linkedin.com\/in\/michael-miska-mm\/","https:\/\/www.xing.com\/profile\/Michael_Miska088516\/web_profiles","https:\/\/rumble.com\/user\/AlphaDangerousGoodsConsulting","https:\/\/de.pinterest.com\/AlphaGefahrgutConsulting\/"]}]}},"_links":{"self":[{"href":"https:\/\/www.alpha-gefahrgut-consulting.de\/index.php\/wp-json\/wp\/v2\/pages\/1155","targetHints":{"allow":["GET"]}}],"collection":[{"href":"https:\/\/www.alpha-gefahrgut-consulting.de\/index.php\/wp-json\/wp\/v2\/pages"}],"about":[{"href":"https:\/\/www.alpha-gefahrgut-consulting.de\/index.php\/wp-json\/wp\/v2\/types\/page"}],"author":[{"embeddable":true,"href":"https:\/\/www.alpha-gefahrgut-consulting.de\/index.php\/wp-json\/wp\/v2\/users\/1"}],"replies":[{"embeddable":true,"href":"https:\/\/www.alpha-gefahrgut-consulting.de\/index.php\/wp-json\/wp\/v2\/comments?post=1155"}],"version-history":[{"count":69,"href":"https:\/\/www.alpha-gefahrgut-consulting.de\/index.php\/wp-json\/wp\/v2\/pages\/1155\/revisions"}],"predecessor-version":[{"id":11374,"href":"https:\/\/www.alpha-gefahrgut-consulting.de\/index.php\/wp-json\/wp\/v2\/pages\/1155\/revisions\/11374"}],"wp:attachment":[{"href":"https:\/\/www.alpha-gefahrgut-consulting.de\/index.php\/wp-json\/wp\/v2\/media?parent=1155"}],"curies":[{"name":"wp","href":"https:\/\/api.w.org\/{rel}","templated":true}]}}