{"id":1146,"date":"2022-10-15T15:04:16","date_gmt":"2022-10-15T13:04:16","guid":{"rendered":"https:\/\/www.alpha-gefahrgut-consulting.de\/?page_id=1146"},"modified":"2025-09-09T14:31:08","modified_gmt":"2025-09-09T12:31:08","slug":"gefahrgutschulung-lithiumbatterie","status":"publish","type":"page","link":"https:\/\/www.alpha-gefahrgut-consulting.de\/index.php\/gefahrgutschulung-lithiumbatterie\/","title":{"rendered":"Gefahrgutschulung Lithiumbatterien (Luftverkehr)"},"content":{"rendered":"<p><span style=\"font-family: Arial, sans-serif;\"><span style=\"color: #000000;\"><b>GEFAHRGUT LITHIUMBATTERIE ALS LUFTFRACHT<\/b><\/span><br \/>\nGefahrgutschulung f\u00fcr den Luftverkehr nach Regeln der ICAO-TI und IATA-DGR. Vom deutschen Luftfahrt-Bundesamt (LBA) anerkannte CBTA- Gefahrgut- Schulungen.<br \/>\n<strong>Speziell, d.h. &#8222;<em>nur<\/em>&#8220; f\u00fcr Lithiumbatterien und Natrium-Ionen<\/strong> (engl. Sodium-Ion) <strong>Batterien, <\/strong>auch &#8222;<strong>Li\/Na<\/strong>&#8220; genannt.<\/span><\/p>\n<hr \/>\n<p><img loading=\"lazy\" decoding=\"async\" class=\"alignnone size-full wp-image-5755\" src=\"https:\/\/www.alpha-gefahrgut-consulting.de\/wp-content\/uploads\/2024\/07\/AGC_Lithium_Battery_Training_Air-2024-1.jpg\" alt=\"\" width=\"749\" height=\"430\" srcset=\"https:\/\/www.alpha-gefahrgut-consulting.de\/wp-content\/uploads\/2024\/07\/AGC_Lithium_Battery_Training_Air-2024-1.jpg 749w, https:\/\/www.alpha-gefahrgut-consulting.de\/wp-content\/uploads\/2024\/07\/AGC_Lithium_Battery_Training_Air-2024-1-300x172.jpg 300w\" sizes=\"auto, (max-width: 706px) 89vw, (max-width: 767px) 82vw, 740px\" \/><\/p>\n<hr \/>\n<p><span style=\"font-family: Arial, sans-serif;\"><b>CBTA-A,B f\u00fcr Lithiumbatterien<\/b><br \/>\n<strong>inkl.<\/strong><strong> Natrium-Ionen<\/strong><strong> (&#8218;Sodium-Ion&#8216;)<\/strong><strong> Batterien<\/strong><br \/>\n<b><\/b><\/span><\/p>\n<p><b>Lithiumbatterien im Luftverkehr<br \/>\n<\/b><span style=\"font-family: Arial, sans-serif;\">Lithiumbatterien und Natrium-Ionen-Batterien sind grunds\u00e4tzlich <\/span>gef\u00e4hrliche G\u00fcter nach den Transportvorschriften <strong>(&#8222;Li\/Na-Batterien&#8220;).<\/strong><br \/>\nManche Batterien k\u00f6nnen bei Erf\u00fcllung bestimmter Pr\u00e4missen jedoch von den Vorschriften zumindest teilweise freigestellt werden.<br \/>\nViele Vorschriften\u00e4nderungen betreffend Lithium-Ionen (inkl Lithium-Polymer) und Lithium-Metall-Batterien sowie ab 1.1.2025 inklusive Natrium-Ionen (engl. Sodium-Ion) Batterien haben die Bef\u00f6rderung dieser Gegenst\u00e4nde in den letzten Jahren sicherer, aber nicht einfacher gemacht.<\/p>\n<p><span style=\"color: #000000;\"><strong>Versender <\/strong>und<strong> Verpacker<\/strong> von Lithiumbatterien im <strong>Luftverkehr<\/strong> besuchen bei uns:<\/span><br \/>\n<span style=\"color: #ff0000;\"><strong><span style=\"color: #ff6600;\">Den CBTA-Spezialkurs:<\/span><\/strong> \u00bb<strong><a href=\"https:\/\/www.alpha-gefahrgut-consulting.de\/index.php\/cbta-versender\/#JumpLi\">Li-Batt<\/a><\/strong>\u00ab<br \/>\n<span style=\"color: #000000;\">(nur f\u00fcr Lithiumbatterien, Natrium-Ionen-Batterien sowie Ausr\u00fcstung und Ger\u00e4t mit solchen Batterien, Fahrzeuge inklusive).<\/span><\/span><\/p>\n<p>Oder <strong>alternativ<\/strong> die CBTA-Modulausbildung \u00bb<a href=\"https:\/\/www.alpha-gefahrgut-consulting.de\/index.php\/cbta-versender\/#JumpPlus\"><strong><span style=\"color: #000000;\">BASIC,<\/span> <span style=\"color: #ff0000;\">PLUS<\/span><\/strong><\/a>\u00ab, bei der Lithiumbatterien ebenfalls enthalten sind.<\/p>\n<hr \/>\n<p>Wenn nur<span style=\"color: #008080;\"><strong> kleine Lithiumbatterien<\/strong>\u00a0 <strong>und kleine Natrium-Ionen-Batterien <\/strong><\/span>das betriebliche Thema sind, muss es nicht unbedingt die LBA-anerkannte CBTA-Schulung (&#8222;Zertifikatskurs&#8220;) mit Pr\u00fcfung sein.<br \/>\nDann kann die Anweisung\/<strong>Unterweisung der Mitarbeiter\u00a0 nach 1.6 IATA-DGR<\/strong> das Mittel der Wahl sein. Selbstverst\u00e4ndlich finden Sie auch diesen Kurs im Schulungs-Portfolio, er hei\u00dft: &#8222;<span style=\"color: #ff0000;\"><a style=\"color: #ff0000;\" href=\"https:\/\/www.alpha-gefahrgut-consulting.de\/index.php\/cbta-versender\/#JumpMyLili\"><em><strong>My little Li<\/strong><\/em><\/a><\/span>&#8222;.<br \/>\n(&#8222;Ausreichende Anweisungen f\u00fcr den Versand von Teil II Batterien&#8220;)<\/p>\n<hr \/>\n<p><span style=\"color: #ff0000;\"><strong><br \/>\nNEU:\u00a0 <span style=\"color: #000080;\">WBT 365 \/ 24 \/ 7 RTC<\/span><\/strong><\/span><br \/>\n<strong>Unterweisen Sie, wann Sie wollen!<\/strong><br \/>\n<strong>Unterweisen Sie, so oft Sie wollen!<\/strong><br \/>\nUnser Unterweisungsvideo, ca 60 min, f\u00fcr 1 Monat im Zugriff!<br \/>\nF\u00fcr freigestellte Lithiumbatterien (Teil II der VA 966, 967, 969, 970)<\/p>\n<p>Das Unterweisungs-Video (WBT, Web Based Training) <span style=\"color: #ff0000;\"><strong>MyLittleLi<\/strong><\/span>\u00a0 ist in zwei Versionen buchbar und absolvierbar: Die temporeiche \u00bb<strong>JET-FAN\u00ab Version<\/strong> mit ca. 60 min Unterweisungsdauer und die inhaltlich aufgeladene, aber im Lerntempo etwas reduzierte<br \/>\n<strong>\u00bbTURBO-PROP\u00ab Version <\/strong>von ca. 90 min. Entscheiden Sie sich einfach f\u00fcr die bei Ihnen betrieblich am besten geeignete Version!<\/p>\n<hr \/>\n<p><strong>\u00bbJET-FAN\u00ab Version, ca. 60 min<br \/>\n<\/strong><\/p>\n<p><span style=\"color: #0000ff;\"><strong><a style=\"color: #0000ff;\" href=\"https:\/\/www.alpha-gefahrgut-consulting.de\/wp-content\/uploads\/2024\/12\/ALPHA-Anmeldeformular-MyLiliWBT-Jet-Fan.pdf\">Anmeldung_MyLili_WBT_60min_Jet-Fan<\/a><\/strong><\/span><\/p>\n<hr \/>\n<p><strong>\u00bbTURBO-PROP\u00ab Version, ca. 90 min<br \/>\n<\/strong><\/p>\n<p><strong><span style=\"color: #0000ff;\"><a style=\"color: #0000ff;\" href=\"https:\/\/www.alpha-gefahrgut-consulting.de\/wp-content\/uploads\/2024\/12\/ALPHA-Anmeldeformular-MyLiliWBT-TurboProp.pdf\">Anmeldung_MyLili_WBT_90min_TurboProp<\/a><\/span><\/strong><\/p>\n<hr \/>\n<p><span style=\"color: #000000;\"><strong>Aussage eines Kunden: \u00bb<em>Genau das, was wir gesucht haben!<\/em>\u00ab<\/strong><br \/>\n<\/span><\/p>\n<hr \/>\n<p><span style=\"color: #000000;\"><br \/>\nSehen Sie dazu auch das &#8222;My Little Li&#8220;,\u00a0 <em>Promo-Video:<\/em><\/span><\/p>\n<p><iframe loading=\"lazy\" title=\"MyLittleLi Promo Video 2024\" width=\"525\" height=\"295\" src=\"https:\/\/www.youtube.com\/embed\/-1yhAiIDWQI?feature=oembed\" frameborder=\"0\" allow=\"accelerometer; autoplay; clipboard-write; encrypted-media; gyroscope; picture-in-picture; web-share\" referrerpolicy=\"strict-origin-when-cross-origin\" allowfullscreen><\/iframe><\/p>\n<hr \/>\n<p><span style=\"font-family: Arial, sans-serif;\">\u00a0<\/span><\/p>\n","protected":false},"excerpt":{"rendered":"<p>GEFAHRGUT LITHIUMBATTERIE ALS LUFTFRACHT Gefahrgutschulung f\u00fcr den Luftverkehr nach Regeln der ICAO-TI und IATA-DGR. Vom deutschen Luftfahrt-Bundesamt (LBA) anerkannte CBTA- Gefahrgut- Schulungen. Speziell, d.h. &#8222;nur&#8220; f\u00fcr Lithiumbatterien und Natrium-Ionen (engl. Sodium-Ion) Batterien, auch &#8222;Li\/Na&#8220; genannt. CBTA-A,B f\u00fcr Lithiumbatterien inkl. Natrium-Ionen (&#8218;Sodium-Ion&#8216;) Batterien Lithiumbatterien im Luftverkehr Lithiumbatterien und Natrium-Ionen-Batterien sind grunds\u00e4tzlich gef\u00e4hrliche G\u00fcter nach den Transportvorschriften &hellip; <\/p>\n<p class=\"link-more\"><a href=\"https:\/\/www.alpha-gefahrgut-consulting.de\/index.php\/gefahrgutschulung-lithiumbatterie\/\" class=\"more-link\"><span class=\"screen-reader-text\">\u201eGefahrgutschulung Lithiumbatterien (Luftverkehr)\u201c<\/span> weiterlesen<\/a><\/p>\n","protected":false},"author":1,"featured_media":0,"parent":0,"menu_order":0,"comment_status":"closed","ping_status":"closed","template":"","meta":{"episode_type":"","audio_file":"","podmotor_file_id":"","podmotor_episode_id":"","cover_image":"","cover_image_id":"","duration":"","filesize":"","filesize_raw":"","date_recorded":"","explicit":"","block":"","footnotes":""},"class_list":["post-1146","page","type-page","status-publish","hentry"],"yoast_head":"<!-- This site is optimized with the Yoast SEO plugin v27.4 - https:\/\/yoast.com\/product\/yoast-seo-wordpress\/ -->\n<title>Lithiumbatterien Gefahrgutschulung<\/title>\n<meta name=\"description\" content=\"Gefahrgutschulung Luftverkehr f\u00fcr Lithium- und Natrium-Ionen-Batterien (&#039;LiNa&#039;).\" \/>\n<meta name=\"robots\" content=\"index, follow, max-snippet:-1, max-image-preview:large, max-video-preview:-1\" \/>\n<link rel=\"canonical\" href=\"https:\/\/www.alpha-gefahrgut-consulting.de\/index.php\/gefahrgutschulung-lithiumbatterie\/\" \/>\n<meta property=\"og:locale\" content=\"de_DE\" \/>\n<meta property=\"og:type\" content=\"article\" \/>\n<meta property=\"og:title\" content=\"Lithiumbatterien Gefahrgutschulung\" \/>\n<meta property=\"og:description\" content=\"Gefahrgutschulung Luftverkehr f\u00fcr Lithium- und Natrium-Ionen-Batterien (&#039;LiNa&#039;).\" \/>\n<meta property=\"og:url\" content=\"https:\/\/www.alpha-gefahrgut-consulting.de\/index.php\/gefahrgutschulung-lithiumbatterie\/\" \/>\n<meta property=\"og:site_name\" content=\"ALPHA GEFAHRGUT CONSULTING\" \/>\n<meta property=\"article:modified_time\" content=\"2025-09-09T12:31:08+00:00\" \/>\n<meta property=\"og:image\" content=\"https:\/\/www.alpha-gefahrgut-consulting.de\/wp-content\/uploads\/2024\/07\/AGC_Lithium_Battery_Training_Air-2024-1.jpg\" \/>\n\t<meta property=\"og:image:width\" content=\"749\" \/>\n\t<meta property=\"og:image:height\" content=\"430\" \/>\n\t<meta property=\"og:image:type\" content=\"image\/jpeg\" \/>\n<meta name=\"twitter:card\" content=\"summary_large_image\" \/>\n<meta name=\"twitter:site\" content=\"@Alpha_Gefahrgut\" \/>\n<meta name=\"twitter:label1\" content=\"Gesch\u00e4tzte Lesezeit\" \/>\n\t<meta name=\"twitter:data1\" content=\"2\u00a0Minuten\" \/>\n<script type=\"application\/ld+json\" class=\"yoast-schema-graph\">{\"@context\":\"https:\\\/\\\/schema.org\",\"@graph\":[{\"@type\":\"WebPage\",\"@id\":\"https:\\\/\\\/www.alpha-gefahrgut-consulting.de\\\/index.php\\\/gefahrgutschulung-lithiumbatterie\\\/\",\"url\":\"https:\\\/\\\/www.alpha-gefahrgut-consulting.de\\\/index.php\\\/gefahrgutschulung-lithiumbatterie\\\/\",\"name\":\"Lithiumbatterien Gefahrgutschulung\",\"isPartOf\":{\"@id\":\"https:\\\/\\\/www.alpha-gefahrgut-consulting.de\\\/#website\"},\"primaryImageOfPage\":{\"@id\":\"https:\\\/\\\/www.alpha-gefahrgut-consulting.de\\\/index.php\\\/gefahrgutschulung-lithiumbatterie\\\/#primaryimage\"},\"image\":{\"@id\":\"https:\\\/\\\/www.alpha-gefahrgut-consulting.de\\\/index.php\\\/gefahrgutschulung-lithiumbatterie\\\/#primaryimage\"},\"thumbnailUrl\":\"https:\\\/\\\/www.alpha-gefahrgut-consulting.de\\\/wp-content\\\/uploads\\\/2024\\\/07\\\/AGC_Lithium_Battery_Training_Air-2024-1.jpg\",\"datePublished\":\"2022-10-15T13:04:16+00:00\",\"dateModified\":\"2025-09-09T12:31:08+00:00\",\"description\":\"Gefahrgutschulung Luftverkehr f\u00fcr Lithium- und Natrium-Ionen-Batterien ('LiNa').\",\"breadcrumb\":{\"@id\":\"https:\\\/\\\/www.alpha-gefahrgut-consulting.de\\\/index.php\\\/gefahrgutschulung-lithiumbatterie\\\/#breadcrumb\"},\"inLanguage\":\"de\",\"potentialAction\":[{\"@type\":\"ReadAction\",\"target\":[\"https:\\\/\\\/www.alpha-gefahrgut-consulting.de\\\/index.php\\\/gefahrgutschulung-lithiumbatterie\\\/\"]}]},{\"@type\":\"ImageObject\",\"inLanguage\":\"de\",\"@id\":\"https:\\\/\\\/www.alpha-gefahrgut-consulting.de\\\/index.php\\\/gefahrgutschulung-lithiumbatterie\\\/#primaryimage\",\"url\":\"https:\\\/\\\/www.alpha-gefahrgut-consulting.de\\\/wp-content\\\/uploads\\\/2024\\\/07\\\/AGC_Lithium_Battery_Training_Air-2024-1.jpg\",\"contentUrl\":\"https:\\\/\\\/www.alpha-gefahrgut-consulting.de\\\/wp-content\\\/uploads\\\/2024\\\/07\\\/AGC_Lithium_Battery_Training_Air-2024-1.jpg\",\"width\":749,\"height\":430},{\"@type\":\"BreadcrumbList\",\"@id\":\"https:\\\/\\\/www.alpha-gefahrgut-consulting.de\\\/index.php\\\/gefahrgutschulung-lithiumbatterie\\\/#breadcrumb\",\"itemListElement\":[{\"@type\":\"ListItem\",\"position\":1,\"name\":\"Startseite\",\"item\":\"https:\\\/\\\/www.alpha-gefahrgut-consulting.de\\\/\"},{\"@type\":\"ListItem\",\"position\":2,\"name\":\"Gefahrgutschulung Lithiumbatterien (Luftverkehr)\"}]},{\"@type\":\"WebSite\",\"@id\":\"https:\\\/\\\/www.alpha-gefahrgut-consulting.de\\\/#website\",\"url\":\"https:\\\/\\\/www.alpha-gefahrgut-consulting.de\\\/\",\"name\":\"ALPHA GEFAHRGUT CONSULTING\",\"description\":\"First Class Dangerous Goods Consulting, Management, Training.\",\"publisher\":{\"@id\":\"https:\\\/\\\/www.alpha-gefahrgut-consulting.de\\\/#organization\"},\"potentialAction\":[{\"@type\":\"SearchAction\",\"target\":{\"@type\":\"EntryPoint\",\"urlTemplate\":\"https:\\\/\\\/www.alpha-gefahrgut-consulting.de\\\/?s={search_term_string}\"},\"query-input\":{\"@type\":\"PropertyValueSpecification\",\"valueRequired\":true,\"valueName\":\"search_term_string\"}}],\"inLanguage\":\"de\"},{\"@type\":\"Organization\",\"@id\":\"https:\\\/\\\/www.alpha-gefahrgut-consulting.de\\\/#organization\",\"name\":\"ALPHA GEFAHRGUT CONSULTING\",\"url\":\"https:\\\/\\\/www.alpha-gefahrgut-consulting.de\\\/\",\"logo\":{\"@type\":\"ImageObject\",\"inLanguage\":\"de\",\"@id\":\"https:\\\/\\\/www.alpha-gefahrgut-consulting.de\\\/#\\\/schema\\\/logo\\\/image\\\/\",\"url\":\"https:\\\/\\\/www.alpha-gefahrgut-consulting.de\\\/wp-content\\\/uploads\\\/2020\\\/04\\\/cropped-AGCLogoBlech-c.jpg\",\"contentUrl\":\"https:\\\/\\\/www.alpha-gefahrgut-consulting.de\\\/wp-content\\\/uploads\\\/2020\\\/04\\\/cropped-AGCLogoBlech-c.jpg\",\"width\":250,\"height\":250,\"caption\":\"ALPHA GEFAHRGUT CONSULTING\"},\"image\":{\"@id\":\"https:\\\/\\\/www.alpha-gefahrgut-consulting.de\\\/#\\\/schema\\\/logo\\\/image\\\/\"},\"sameAs\":[\"https:\\\/\\\/x.com\\\/Alpha_Gefahrgut\",\"https:\\\/\\\/www.youtube.com\\\/@AlphaDGConsulting\",\"https:\\\/\\\/buymeacoffee.com\\\/AlphaDGConsulting\",\"https:\\\/\\\/bsky.app\\\/profile\\\/alpha-gefahrgut.bsky.social\",\"https:\\\/\\\/www.reddit.com\\\/user\\\/United_Ad5357\\\/\",\"https:\\\/\\\/semasocial.com\\\/profile\\\/247322\",\"https:\\\/\\\/truthsocial.com\\\/@AlphaDangerousGoodsConsulting\",\"https:\\\/\\\/www.linkedin.com\\\/in\\\/michael-miska-mm\\\/\",\"https:\\\/\\\/www.xing.com\\\/profile\\\/Michael_Miska088516\\\/web_profiles\",\"https:\\\/\\\/rumble.com\\\/user\\\/AlphaDangerousGoodsConsulting\",\"https:\\\/\\\/de.pinterest.com\\\/AlphaGefahrgutConsulting\\\/\"]}]}<\/script>\n<!-- \/ Yoast SEO plugin. -->","yoast_head_json":{"title":"Lithiumbatterien Gefahrgutschulung","description":"Gefahrgutschulung Luftverkehr f\u00fcr Lithium- und Natrium-Ionen-Batterien ('LiNa').","robots":{"index":"index","follow":"follow","max-snippet":"max-snippet:-1","max-image-preview":"max-image-preview:large","max-video-preview":"max-video-preview:-1"},"canonical":"https:\/\/www.alpha-gefahrgut-consulting.de\/index.php\/gefahrgutschulung-lithiumbatterie\/","og_locale":"de_DE","og_type":"article","og_title":"Lithiumbatterien Gefahrgutschulung","og_description":"Gefahrgutschulung Luftverkehr f\u00fcr Lithium- und Natrium-Ionen-Batterien ('LiNa').","og_url":"https:\/\/www.alpha-gefahrgut-consulting.de\/index.php\/gefahrgutschulung-lithiumbatterie\/","og_site_name":"ALPHA GEFAHRGUT CONSULTING","article_modified_time":"2025-09-09T12:31:08+00:00","og_image":[{"width":749,"height":430,"url":"https:\/\/www.alpha-gefahrgut-consulting.de\/wp-content\/uploads\/2024\/07\/AGC_Lithium_Battery_Training_Air-2024-1.jpg","type":"image\/jpeg"}],"twitter_card":"summary_large_image","twitter_site":"@Alpha_Gefahrgut","twitter_misc":{"Gesch\u00e4tzte Lesezeit":"2\u00a0Minuten"},"schema":{"@context":"https:\/\/schema.org","@graph":[{"@type":"WebPage","@id":"https:\/\/www.alpha-gefahrgut-consulting.de\/index.php\/gefahrgutschulung-lithiumbatterie\/","url":"https:\/\/www.alpha-gefahrgut-consulting.de\/index.php\/gefahrgutschulung-lithiumbatterie\/","name":"Lithiumbatterien Gefahrgutschulung","isPartOf":{"@id":"https:\/\/www.alpha-gefahrgut-consulting.de\/#website"},"primaryImageOfPage":{"@id":"https:\/\/www.alpha-gefahrgut-consulting.de\/index.php\/gefahrgutschulung-lithiumbatterie\/#primaryimage"},"image":{"@id":"https:\/\/www.alpha-gefahrgut-consulting.de\/index.php\/gefahrgutschulung-lithiumbatterie\/#primaryimage"},"thumbnailUrl":"https:\/\/www.alpha-gefahrgut-consulting.de\/wp-content\/uploads\/2024\/07\/AGC_Lithium_Battery_Training_Air-2024-1.jpg","datePublished":"2022-10-15T13:04:16+00:00","dateModified":"2025-09-09T12:31:08+00:00","description":"Gefahrgutschulung Luftverkehr f\u00fcr Lithium- und Natrium-Ionen-Batterien ('LiNa').","breadcrumb":{"@id":"https:\/\/www.alpha-gefahrgut-consulting.de\/index.php\/gefahrgutschulung-lithiumbatterie\/#breadcrumb"},"inLanguage":"de","potentialAction":[{"@type":"ReadAction","target":["https:\/\/www.alpha-gefahrgut-consulting.de\/index.php\/gefahrgutschulung-lithiumbatterie\/"]}]},{"@type":"ImageObject","inLanguage":"de","@id":"https:\/\/www.alpha-gefahrgut-consulting.de\/index.php\/gefahrgutschulung-lithiumbatterie\/#primaryimage","url":"https:\/\/www.alpha-gefahrgut-consulting.de\/wp-content\/uploads\/2024\/07\/AGC_Lithium_Battery_Training_Air-2024-1.jpg","contentUrl":"https:\/\/www.alpha-gefahrgut-consulting.de\/wp-content\/uploads\/2024\/07\/AGC_Lithium_Battery_Training_Air-2024-1.jpg","width":749,"height":430},{"@type":"BreadcrumbList","@id":"https:\/\/www.alpha-gefahrgut-consulting.de\/index.php\/gefahrgutschulung-lithiumbatterie\/#breadcrumb","itemListElement":[{"@type":"ListItem","position":1,"name":"Startseite","item":"https:\/\/www.alpha-gefahrgut-consulting.de\/"},{"@type":"ListItem","position":2,"name":"Gefahrgutschulung Lithiumbatterien (Luftverkehr)"}]},{"@type":"WebSite","@id":"https:\/\/www.alpha-gefahrgut-consulting.de\/#website","url":"https:\/\/www.alpha-gefahrgut-consulting.de\/","name":"ALPHA GEFAHRGUT CONSULTING","description":"First Class Dangerous Goods Consulting, Management, Training.","publisher":{"@id":"https:\/\/www.alpha-gefahrgut-consulting.de\/#organization"},"potentialAction":[{"@type":"SearchAction","target":{"@type":"EntryPoint","urlTemplate":"https:\/\/www.alpha-gefahrgut-consulting.de\/?s={search_term_string}"},"query-input":{"@type":"PropertyValueSpecification","valueRequired":true,"valueName":"search_term_string"}}],"inLanguage":"de"},{"@type":"Organization","@id":"https:\/\/www.alpha-gefahrgut-consulting.de\/#organization","name":"ALPHA GEFAHRGUT CONSULTING","url":"https:\/\/www.alpha-gefahrgut-consulting.de\/","logo":{"@type":"ImageObject","inLanguage":"de","@id":"https:\/\/www.alpha-gefahrgut-consulting.de\/#\/schema\/logo\/image\/","url":"https:\/\/www.alpha-gefahrgut-consulting.de\/wp-content\/uploads\/2020\/04\/cropped-AGCLogoBlech-c.jpg","contentUrl":"https:\/\/www.alpha-gefahrgut-consulting.de\/wp-content\/uploads\/2020\/04\/cropped-AGCLogoBlech-c.jpg","width":250,"height":250,"caption":"ALPHA GEFAHRGUT CONSULTING"},"image":{"@id":"https:\/\/www.alpha-gefahrgut-consulting.de\/#\/schema\/logo\/image\/"},"sameAs":["https:\/\/x.com\/Alpha_Gefahrgut","https:\/\/www.youtube.com\/@AlphaDGConsulting","https:\/\/buymeacoffee.com\/AlphaDGConsulting","https:\/\/bsky.app\/profile\/alpha-gefahrgut.bsky.social","https:\/\/www.reddit.com\/user\/United_Ad5357\/","https:\/\/semasocial.com\/profile\/247322","https:\/\/truthsocial.com\/@AlphaDangerousGoodsConsulting","https:\/\/www.linkedin.com\/in\/michael-miska-mm\/","https:\/\/www.xing.com\/profile\/Michael_Miska088516\/web_profiles","https:\/\/rumble.com\/user\/AlphaDangerousGoodsConsulting","https:\/\/de.pinterest.com\/AlphaGefahrgutConsulting\/"]}]}},"_links":{"self":[{"href":"https:\/\/www.alpha-gefahrgut-consulting.de\/index.php\/wp-json\/wp\/v2\/pages\/1146","targetHints":{"allow":["GET"]}}],"collection":[{"href":"https:\/\/www.alpha-gefahrgut-consulting.de\/index.php\/wp-json\/wp\/v2\/pages"}],"about":[{"href":"https:\/\/www.alpha-gefahrgut-consulting.de\/index.php\/wp-json\/wp\/v2\/types\/page"}],"author":[{"embeddable":true,"href":"https:\/\/www.alpha-gefahrgut-consulting.de\/index.php\/wp-json\/wp\/v2\/users\/1"}],"replies":[{"embeddable":true,"href":"https:\/\/www.alpha-gefahrgut-consulting.de\/index.php\/wp-json\/wp\/v2\/comments?post=1146"}],"version-history":[{"count":56,"href":"https:\/\/www.alpha-gefahrgut-consulting.de\/index.php\/wp-json\/wp\/v2\/pages\/1146\/revisions"}],"predecessor-version":[{"id":10496,"href":"https:\/\/www.alpha-gefahrgut-consulting.de\/index.php\/wp-json\/wp\/v2\/pages\/1146\/revisions\/10496"}],"wp:attachment":[{"href":"https:\/\/www.alpha-gefahrgut-consulting.de\/index.php\/wp-json\/wp\/v2\/media?parent=1146"}],"curies":[{"name":"wp","href":"https:\/\/api.w.org\/{rel}","templated":true}]}}