{"id":1070,"date":"2022-10-14T17:51:03","date_gmt":"2022-10-14T15:51:03","guid":{"rendered":"https:\/\/www.alpha-gefahrgut-consulting.de\/?page_id=1070"},"modified":"2025-05-30T11:35:58","modified_gmt":"2025-05-30T09:35:58","slug":"gefahrgutbeauftragter-adr-rid-adn","status":"publish","type":"page","link":"https:\/\/www.alpha-gefahrgut-consulting.de\/index.php\/gefahrgutbeauftragter-adr-rid-adn\/","title":{"rendered":"Gefahrgutbeauftragter ADR, RID, ADN"},"content":{"rendered":"<p><strong>Aufgaben des Gefahrgutbeauftragten nach ADR, RID, ADN<\/strong><\/p>\n<p>Der Gefahrgutbeauftragte hat unter der Verantwortung des Unternehmensleiters im Wesentlichen die Aufgabe, im Rahmen der betroffenen T\u00e4tigkeiten des Unternehmens nach Mitteln und Wegen zu suchen und Ma\u00dfnahmen zu veranlassen, die die Durchf\u00fchrung dieser T\u00e4tigkeiten unter Einhaltung der geltenden Bestimmungen und unter optimalen Sicherheitsbedingungen erleichtern.<\/p>\n<p>Seine den T\u00e4tigkeiten des Unternehmens entsprechenden Aufgaben sind insbesondere:<\/p>\n<p>\u2013 \u00dcberwachung der Einhaltung der Vorschriften f\u00fcr die Bef\u00f6rderung gef\u00e4hrlicher G\u00fcter;<br \/>\n\u2013 Beratung des Unternehmens bei den T\u00e4tigkeiten im Zusammenhang mit der Bef\u00f6rderung gef\u00e4hrlicher G\u00fcter;<br \/>\n\u2013 Erstellung eines Jahresberichts f\u00fcr die Unternehmensleitung oder gegebenenfalls f\u00fcr eine \u00f6rtliche Beh\u00f6rde \u00fcber die T\u00e4tigkeiten des Unternehmens in Bezug auf die Bef\u00f6rderung gef\u00e4hrlicher G\u00fcter. Die Berichte sind f\u00fcnf Jahre lang aufzubewahren und den einzelstaatlichen Beh\u00f6rden auf Verlangen vorzulegen.<\/p>\n<p>Dar\u00fcber hinaus umfassen die Aufgaben des Gefahrgutbeauftragten insbesondere die \u00dcberpr\u00fcfung des nachstehenden Vorgehens bzw. der nachstehenden Verfahren hinsichtlich der betroffenen T\u00e4tigkeiten:<\/p>\n<p>\u2013 Verfahren, mit denen die Einhaltung der Vorschriften zur Identifizierung des bef\u00f6rderten gef\u00e4hrlichen Guts sichergestellt werden soll;<br \/>\n\u2013 Vorgehen des Unternehmens, um beim Kauf von Bef\u00f6rderungsmitteln den besonderen Erfordernissen in Bezug auf das bef\u00f6rderte gef\u00e4hrliche Gut Rechnung zu tragen;<br \/>\n\u2013 Verfahren, mit denen das f\u00fcr die Bef\u00f6rderung gef\u00e4hrlicher G\u00fcter oder f\u00fcr das Verpacken, Bef\u00fcllen, Be- oder Entladen verwendete Material \u00fcberpr\u00fcft wird;<br \/>\n\u2013 ausreichende Schulung der betreffenden Arbeitnehmer des Unternehmens, einschlie\u00dflich zu \u00c4nderungen der Vorschriften, und Vermerk \u00fcber diese Schulung in der Personalakte;<br \/>\n\u2013 Durchf\u00fchrung geeigneter Sofortma\u00dfnahmen bei etwaigen Unf\u00e4llen oder Zwischenf\u00e4llen, die unter Umst\u00e4nden die Sicherheit w\u00e4hrend der Bef\u00f6rderung gef\u00e4hrlicher G\u00fcter oder w\u00e4hrend des Verpackens, Bef\u00fcllens, Be- oder Entladens gef\u00e4hrden;<br \/>\n\u2013 Durchf\u00fchrung von Untersuchungen und, sofern erforderlich, Erstellung von Berichten \u00fcber Unf\u00e4lle, Zwischenf\u00e4lle oder schwere Verst\u00f6\u00dfe, die w\u00e4hrend der Bef\u00f6rderung gef\u00e4hrlicher G\u00fcter oder w\u00e4hrend des Verpackens, Bef\u00fcllens, Be- oder Entladens festgestellt wurden;<br \/>\n\u2013 Einf\u00fchrung geeigneter Ma\u00dfnahmen, mit denen das erneute Auftreten von Unf\u00e4llen, Zwischenf\u00e4llen oder schweren Verst\u00f6\u00dfen verhindert werden soll;<br \/>\n\u2013 Ber\u00fccksichtigung der Rechtsvorschriften und der besonderen Anforderungen der Bef\u00f6rderung gef\u00e4hrlicher G\u00fcter bei der Auswahl und dem Einsatz von Subunternehmern oder sonstigen Dritten;<br \/>\n\u2013 \u00dcberpr\u00fcfung, ob das mit dem Versenden, der Bef\u00f6rderung, dem Verpacken, Bef\u00fcllen, Verladen oder Entladen der gef\u00e4hrlichen G\u00fcter betraute Personal \u00fcber ausf\u00fchrliche Arbeitsanleitungen und Anweisungen verf\u00fcgt;<br \/>\n\u2013 Einf\u00fchrung von Ma\u00dfnahmen zur Aufkl\u00e4rung \u00fcber die Risiken bei der Bef\u00f6rderung gef\u00e4hrlicher G\u00fcter oder beim Verpacken, Bef\u00fcllen, Verladen oder Entladen der gef\u00e4hrlichen G\u00fcter;<br \/>\n\u2013 Einf\u00fchrung von Ma\u00dfnahmen zur \u00dcberpr\u00fcfung des Vorhandenseins der im Bef\u00f6rderungsmittel mitzuf\u00fchrenden Papiere und Sicherheitsausr\u00fcstungen sowie der Vorschriftsm\u00e4\u00dfigkeit dieser Papiere und Ausr\u00fcstungen;<br \/>\n\u2013 Einf\u00fchrung von Verfahren zur \u00dcberpr\u00fcfung der Einhaltung der Vorschriften f\u00fcr das Verpacken, Bef\u00fcllen, Be- und Entladen;<br \/>\n\u2013 Vorhandensein des Sicherungsplanes gem\u00e4\u00df Unterabschnitt 1.10.3.2.<\/p>\n<p>Der Gefahrgutbeauftragte tr\u00e4gt daf\u00fcr Sorge, dass nach einem Unfall, der sich w\u00e4hrend einer von dem jeweiligen Unternehmen durchgef\u00fchrten Bef\u00f6rderung oder w\u00e4hrend des von dem Unternehmen vorgenommenen Verpackens, Bef\u00fcllens, Be- oder Entladens ereignet und bei dem Personen, Sachen oder die Umwelt zu Schaden gekommen sind, nach Einholung aller sachdienlichen Ausk\u00fcnfte ein Unfallbericht f\u00fcr die Unternehmensleitung oder gegebenenfalls f\u00fcr eine \u00f6rtliche Beh\u00f6rde erstellt wird. Dieser Unfallbericht ersetzt nicht die Berichte der Unternehmensleitung, die entsprechend sonstiger internationaler oder innerstaatlicher Rechtsvorschriften zu erstellen sind.<\/p>\n<p><em>Bem: <\/em><br \/>\n<em>Aufgaben des Gefahrgutbeauftragten, hier zitiert nach ADR, RID, ADN.<\/em><br \/>\n<em>Die zitierte Fassung ist unverbindlich und ersetzt nicht die geltende(n) Originalvorschrift(en).<br \/>\n<\/em><\/p>\n","protected":false},"excerpt":{"rendered":"<p>Aufgaben des Gefahrgutbeauftragten nach ADR, RID, ADN Der Gefahrgutbeauftragte hat unter der Verantwortung des Unternehmensleiters im Wesentlichen die Aufgabe, im Rahmen der betroffenen T\u00e4tigkeiten des Unternehmens nach Mitteln und Wegen zu suchen und Ma\u00dfnahmen zu veranlassen, die die Durchf\u00fchrung dieser T\u00e4tigkeiten unter Einhaltung der geltenden Bestimmungen und unter optimalen Sicherheitsbedingungen erleichtern. Seine den T\u00e4tigkeiten des &hellip; <\/p>\n<p class=\"link-more\"><a href=\"https:\/\/www.alpha-gefahrgut-consulting.de\/index.php\/gefahrgutbeauftragter-adr-rid-adn\/\" class=\"more-link\"><span class=\"screen-reader-text\">\u201eGefahrgutbeauftragter ADR, RID, ADN\u201c<\/span> weiterlesen<\/a><\/p>\n","protected":false},"author":1,"featured_media":0,"parent":0,"menu_order":0,"comment_status":"closed","ping_status":"closed","template":"","meta":{"episode_type":"","audio_file":"","podmotor_file_id":"","podmotor_episode_id":"","cover_image":"","cover_image_id":"","duration":"","filesize":"","filesize_raw":"","date_recorded":"","explicit":"","block":"","footnotes":""},"class_list":["post-1070","page","type-page","status-publish","hentry"],"yoast_head":"<!-- This site is optimized with the Yoast SEO plugin v27.4 - https:\/\/yoast.com\/product\/yoast-seo-wordpress\/ -->\n<title>Gefahrgutbeauftragter: Aufgaben nach ADR\/RID\/ADN<\/title>\n<meta name=\"description\" content=\"Die Aufgaben des Gefahrgutbeauftragten sind in den GbV sowie in ADR\/RID\/ADN festgeschrieben. Sehen Sie hier,\" \/>\n<meta name=\"robots\" content=\"index, follow, max-snippet:-1, max-image-preview:large, max-video-preview:-1\" \/>\n<link rel=\"canonical\" href=\"https:\/\/www.alpha-gefahrgut-consulting.de\/index.php\/gefahrgutbeauftragter-adr-rid-adn\/\" \/>\n<meta property=\"og:locale\" content=\"de_DE\" \/>\n<meta property=\"og:type\" content=\"article\" \/>\n<meta property=\"og:title\" content=\"Gefahrgutbeauftragter: Aufgaben nach ADR\/RID\/ADN\" \/>\n<meta property=\"og:description\" content=\"Die Aufgaben des Gefahrgutbeauftragten sind in den GbV sowie in ADR\/RID\/ADN festgeschrieben. Sehen Sie hier,\" \/>\n<meta property=\"og:url\" content=\"https:\/\/www.alpha-gefahrgut-consulting.de\/index.php\/gefahrgutbeauftragter-adr-rid-adn\/\" \/>\n<meta property=\"og:site_name\" content=\"ALPHA GEFAHRGUT CONSULTING\" \/>\n<meta property=\"article:modified_time\" content=\"2025-05-30T09:35:58+00:00\" \/>\n<meta property=\"og:image\" content=\"https:\/\/www.alpha-gefahrgut-consulting.de\/wp-content\/uploads\/2025\/05\/AGC-website-img-seo.jpg\" \/>\n\t<meta property=\"og:image:width\" content=\"1200\" \/>\n\t<meta property=\"og:image:height\" content=\"675\" \/>\n\t<meta property=\"og:image:type\" content=\"image\/jpeg\" \/>\n<meta name=\"twitter:card\" content=\"summary_large_image\" \/>\n<meta name=\"twitter:site\" content=\"@Alpha_Gefahrgut\" \/>\n<meta name=\"twitter:label1\" content=\"Gesch\u00e4tzte Lesezeit\" \/>\n\t<meta name=\"twitter:data1\" content=\"3\u00a0Minuten\" \/>\n<script type=\"application\/ld+json\" class=\"yoast-schema-graph\">{\"@context\":\"https:\\\/\\\/schema.org\",\"@graph\":[{\"@type\":\"WebPage\",\"@id\":\"https:\\\/\\\/www.alpha-gefahrgut-consulting.de\\\/index.php\\\/gefahrgutbeauftragter-adr-rid-adn\\\/\",\"url\":\"https:\\\/\\\/www.alpha-gefahrgut-consulting.de\\\/index.php\\\/gefahrgutbeauftragter-adr-rid-adn\\\/\",\"name\":\"Gefahrgutbeauftragter: Aufgaben nach ADR\\\/RID\\\/ADN\",\"isPartOf\":{\"@id\":\"https:\\\/\\\/www.alpha-gefahrgut-consulting.de\\\/#website\"},\"datePublished\":\"2022-10-14T15:51:03+00:00\",\"dateModified\":\"2025-05-30T09:35:58+00:00\",\"description\":\"Die Aufgaben des Gefahrgutbeauftragten sind in den GbV sowie in ADR\\\/RID\\\/ADN festgeschrieben. Sehen Sie hier,\",\"breadcrumb\":{\"@id\":\"https:\\\/\\\/www.alpha-gefahrgut-consulting.de\\\/index.php\\\/gefahrgutbeauftragter-adr-rid-adn\\\/#breadcrumb\"},\"inLanguage\":\"de\",\"potentialAction\":[{\"@type\":\"ReadAction\",\"target\":[\"https:\\\/\\\/www.alpha-gefahrgut-consulting.de\\\/index.php\\\/gefahrgutbeauftragter-adr-rid-adn\\\/\"]}]},{\"@type\":\"BreadcrumbList\",\"@id\":\"https:\\\/\\\/www.alpha-gefahrgut-consulting.de\\\/index.php\\\/gefahrgutbeauftragter-adr-rid-adn\\\/#breadcrumb\",\"itemListElement\":[{\"@type\":\"ListItem\",\"position\":1,\"name\":\"Startseite\",\"item\":\"https:\\\/\\\/www.alpha-gefahrgut-consulting.de\\\/\"},{\"@type\":\"ListItem\",\"position\":2,\"name\":\"Gefahrgutbeauftragter ADR, RID, ADN\"}]},{\"@type\":\"WebSite\",\"@id\":\"https:\\\/\\\/www.alpha-gefahrgut-consulting.de\\\/#website\",\"url\":\"https:\\\/\\\/www.alpha-gefahrgut-consulting.de\\\/\",\"name\":\"ALPHA GEFAHRGUT CONSULTING\",\"description\":\"First Class Dangerous Goods Consulting, Management, Training.\",\"publisher\":{\"@id\":\"https:\\\/\\\/www.alpha-gefahrgut-consulting.de\\\/#organization\"},\"potentialAction\":[{\"@type\":\"SearchAction\",\"target\":{\"@type\":\"EntryPoint\",\"urlTemplate\":\"https:\\\/\\\/www.alpha-gefahrgut-consulting.de\\\/?s={search_term_string}\"},\"query-input\":{\"@type\":\"PropertyValueSpecification\",\"valueRequired\":true,\"valueName\":\"search_term_string\"}}],\"inLanguage\":\"de\"},{\"@type\":\"Organization\",\"@id\":\"https:\\\/\\\/www.alpha-gefahrgut-consulting.de\\\/#organization\",\"name\":\"ALPHA GEFAHRGUT CONSULTING\",\"url\":\"https:\\\/\\\/www.alpha-gefahrgut-consulting.de\\\/\",\"logo\":{\"@type\":\"ImageObject\",\"inLanguage\":\"de\",\"@id\":\"https:\\\/\\\/www.alpha-gefahrgut-consulting.de\\\/#\\\/schema\\\/logo\\\/image\\\/\",\"url\":\"https:\\\/\\\/www.alpha-gefahrgut-consulting.de\\\/wp-content\\\/uploads\\\/2020\\\/04\\\/cropped-AGCLogoBlech-c.jpg\",\"contentUrl\":\"https:\\\/\\\/www.alpha-gefahrgut-consulting.de\\\/wp-content\\\/uploads\\\/2020\\\/04\\\/cropped-AGCLogoBlech-c.jpg\",\"width\":250,\"height\":250,\"caption\":\"ALPHA GEFAHRGUT CONSULTING\"},\"image\":{\"@id\":\"https:\\\/\\\/www.alpha-gefahrgut-consulting.de\\\/#\\\/schema\\\/logo\\\/image\\\/\"},\"sameAs\":[\"https:\\\/\\\/x.com\\\/Alpha_Gefahrgut\",\"https:\\\/\\\/www.youtube.com\\\/@AlphaDGConsulting\",\"https:\\\/\\\/buymeacoffee.com\\\/AlphaDGConsulting\",\"https:\\\/\\\/bsky.app\\\/profile\\\/alpha-gefahrgut.bsky.social\",\"https:\\\/\\\/www.reddit.com\\\/user\\\/United_Ad5357\\\/\",\"https:\\\/\\\/semasocial.com\\\/profile\\\/247322\",\"https:\\\/\\\/truthsocial.com\\\/@AlphaDangerousGoodsConsulting\",\"https:\\\/\\\/www.linkedin.com\\\/in\\\/michael-miska-mm\\\/\",\"https:\\\/\\\/www.xing.com\\\/profile\\\/Michael_Miska088516\\\/web_profiles\",\"https:\\\/\\\/rumble.com\\\/user\\\/AlphaDangerousGoodsConsulting\",\"https:\\\/\\\/de.pinterest.com\\\/AlphaGefahrgutConsulting\\\/\"]}]}<\/script>\n<!-- \/ Yoast SEO plugin. -->","yoast_head_json":{"title":"Gefahrgutbeauftragter: Aufgaben nach ADR\/RID\/ADN","description":"Die Aufgaben des Gefahrgutbeauftragten sind in den GbV sowie in ADR\/RID\/ADN festgeschrieben. Sehen Sie hier,","robots":{"index":"index","follow":"follow","max-snippet":"max-snippet:-1","max-image-preview":"max-image-preview:large","max-video-preview":"max-video-preview:-1"},"canonical":"https:\/\/www.alpha-gefahrgut-consulting.de\/index.php\/gefahrgutbeauftragter-adr-rid-adn\/","og_locale":"de_DE","og_type":"article","og_title":"Gefahrgutbeauftragter: Aufgaben nach ADR\/RID\/ADN","og_description":"Die Aufgaben des Gefahrgutbeauftragten sind in den GbV sowie in ADR\/RID\/ADN festgeschrieben. Sehen Sie hier,","og_url":"https:\/\/www.alpha-gefahrgut-consulting.de\/index.php\/gefahrgutbeauftragter-adr-rid-adn\/","og_site_name":"ALPHA GEFAHRGUT CONSULTING","article_modified_time":"2025-05-30T09:35:58+00:00","og_image":[{"width":1200,"height":675,"url":"https:\/\/www.alpha-gefahrgut-consulting.de\/wp-content\/uploads\/2025\/05\/AGC-website-img-seo.jpg","type":"image\/jpeg"}],"twitter_card":"summary_large_image","twitter_site":"@Alpha_Gefahrgut","twitter_misc":{"Gesch\u00e4tzte Lesezeit":"3\u00a0Minuten"},"schema":{"@context":"https:\/\/schema.org","@graph":[{"@type":"WebPage","@id":"https:\/\/www.alpha-gefahrgut-consulting.de\/index.php\/gefahrgutbeauftragter-adr-rid-adn\/","url":"https:\/\/www.alpha-gefahrgut-consulting.de\/index.php\/gefahrgutbeauftragter-adr-rid-adn\/","name":"Gefahrgutbeauftragter: Aufgaben nach ADR\/RID\/ADN","isPartOf":{"@id":"https:\/\/www.alpha-gefahrgut-consulting.de\/#website"},"datePublished":"2022-10-14T15:51:03+00:00","dateModified":"2025-05-30T09:35:58+00:00","description":"Die Aufgaben des Gefahrgutbeauftragten sind in den GbV sowie in ADR\/RID\/ADN festgeschrieben. Sehen Sie hier,","breadcrumb":{"@id":"https:\/\/www.alpha-gefahrgut-consulting.de\/index.php\/gefahrgutbeauftragter-adr-rid-adn\/#breadcrumb"},"inLanguage":"de","potentialAction":[{"@type":"ReadAction","target":["https:\/\/www.alpha-gefahrgut-consulting.de\/index.php\/gefahrgutbeauftragter-adr-rid-adn\/"]}]},{"@type":"BreadcrumbList","@id":"https:\/\/www.alpha-gefahrgut-consulting.de\/index.php\/gefahrgutbeauftragter-adr-rid-adn\/#breadcrumb","itemListElement":[{"@type":"ListItem","position":1,"name":"Startseite","item":"https:\/\/www.alpha-gefahrgut-consulting.de\/"},{"@type":"ListItem","position":2,"name":"Gefahrgutbeauftragter ADR, RID, ADN"}]},{"@type":"WebSite","@id":"https:\/\/www.alpha-gefahrgut-consulting.de\/#website","url":"https:\/\/www.alpha-gefahrgut-consulting.de\/","name":"ALPHA GEFAHRGUT CONSULTING","description":"First Class Dangerous Goods Consulting, Management, Training.","publisher":{"@id":"https:\/\/www.alpha-gefahrgut-consulting.de\/#organization"},"potentialAction":[{"@type":"SearchAction","target":{"@type":"EntryPoint","urlTemplate":"https:\/\/www.alpha-gefahrgut-consulting.de\/?s={search_term_string}"},"query-input":{"@type":"PropertyValueSpecification","valueRequired":true,"valueName":"search_term_string"}}],"inLanguage":"de"},{"@type":"Organization","@id":"https:\/\/www.alpha-gefahrgut-consulting.de\/#organization","name":"ALPHA GEFAHRGUT CONSULTING","url":"https:\/\/www.alpha-gefahrgut-consulting.de\/","logo":{"@type":"ImageObject","inLanguage":"de","@id":"https:\/\/www.alpha-gefahrgut-consulting.de\/#\/schema\/logo\/image\/","url":"https:\/\/www.alpha-gefahrgut-consulting.de\/wp-content\/uploads\/2020\/04\/cropped-AGCLogoBlech-c.jpg","contentUrl":"https:\/\/www.alpha-gefahrgut-consulting.de\/wp-content\/uploads\/2020\/04\/cropped-AGCLogoBlech-c.jpg","width":250,"height":250,"caption":"ALPHA GEFAHRGUT CONSULTING"},"image":{"@id":"https:\/\/www.alpha-gefahrgut-consulting.de\/#\/schema\/logo\/image\/"},"sameAs":["https:\/\/x.com\/Alpha_Gefahrgut","https:\/\/www.youtube.com\/@AlphaDGConsulting","https:\/\/buymeacoffee.com\/AlphaDGConsulting","https:\/\/bsky.app\/profile\/alpha-gefahrgut.bsky.social","https:\/\/www.reddit.com\/user\/United_Ad5357\/","https:\/\/semasocial.com\/profile\/247322","https:\/\/truthsocial.com\/@AlphaDangerousGoodsConsulting","https:\/\/www.linkedin.com\/in\/michael-miska-mm\/","https:\/\/www.xing.com\/profile\/Michael_Miska088516\/web_profiles","https:\/\/rumble.com\/user\/AlphaDangerousGoodsConsulting","https:\/\/de.pinterest.com\/AlphaGefahrgutConsulting\/"]}]}},"_links":{"self":[{"href":"https:\/\/www.alpha-gefahrgut-consulting.de\/index.php\/wp-json\/wp\/v2\/pages\/1070","targetHints":{"allow":["GET"]}}],"collection":[{"href":"https:\/\/www.alpha-gefahrgut-consulting.de\/index.php\/wp-json\/wp\/v2\/pages"}],"about":[{"href":"https:\/\/www.alpha-gefahrgut-consulting.de\/index.php\/wp-json\/wp\/v2\/types\/page"}],"author":[{"embeddable":true,"href":"https:\/\/www.alpha-gefahrgut-consulting.de\/index.php\/wp-json\/wp\/v2\/users\/1"}],"replies":[{"embeddable":true,"href":"https:\/\/www.alpha-gefahrgut-consulting.de\/index.php\/wp-json\/wp\/v2\/comments?post=1070"}],"version-history":[{"count":2,"href":"https:\/\/www.alpha-gefahrgut-consulting.de\/index.php\/wp-json\/wp\/v2\/pages\/1070\/revisions"}],"predecessor-version":[{"id":1497,"href":"https:\/\/www.alpha-gefahrgut-consulting.de\/index.php\/wp-json\/wp\/v2\/pages\/1070\/revisions\/1497"}],"wp:attachment":[{"href":"https:\/\/www.alpha-gefahrgut-consulting.de\/index.php\/wp-json\/wp\/v2\/media?parent=1070"}],"curies":[{"name":"wp","href":"https:\/\/api.w.org\/{rel}","templated":true}]}}